{"id":2267,"date":"2022-08-11T19:26:18","date_gmt":"2022-08-11T16:26:18","guid":{"rendered":"https:\/\/rocketplay-new.com\/promo-code\/"},"modified":"2022-10-25T21:31:39","modified_gmt":"2022-10-25T18:31:39","slug":"promo-code","status":"publish","type":"page","link":"https:\/\/rocketplay-new.com\/pl\/promo-code\/","title":{"rendered":"Kod promocyjny RocketPlay 2023"},"content":{"rendered":"<p><img loading=\"lazy\" decoding=\"async\" class=\" wp-image-279 aligncenter\" src=\"https:\/\/rocketplay-new.com\/wp-content\/uploads\/2022\/08\/welcome_1300x640-1-300x148.png\" alt=\"rocket play casino\" width=\"574\" height=\"283\" srcset=\"https:\/\/rocketplay-new.com\/wp-content\/uploads\/2022\/08\/welcome_1300x640-1-300x148.png 300w, https:\/\/rocketplay-new.com\/wp-content\/uploads\/2022\/08\/welcome_1300x640-1-1024x504.png 1024w, https:\/\/rocketplay-new.com\/wp-content\/uploads\/2022\/08\/welcome_1300x640-1-768x378.png 768w, https:\/\/rocketplay-new.com\/wp-content\/uploads\/2022\/08\/welcome_1300x640-1.png 1300w\" sizes=\"auto, (max-width: 574px) 100vw, 574px\" \/><\/p>\n<p>Aby uzyska\u0107 kod promocyjny <a href=\"https:\/\/rocketplay-new.com\/pl\">RocketPlay<\/a> 2023, musisz znale\u017a\u0107 g\u0142\u00f3wne zalety tej opcji promocji klienta. Po pierwsze, kombinacje <a href=\"https:\/\/rocketplay-new.com\/pl\/bonus\/\">bonusowe<\/a> mog\u0105 by\u0107 u\u017cywane do darmowej gry. Ten prezent od instytucji pozwala nie wydawa\u0107 pieni\u0119dzy. W przypadku wygranej gracz mo\u017ce wyp\u0142aci\u0107 pieni\u0105dze lub wykorzysta\u0107 je do dalszej gry.<\/p>\n<p>Po drugie, ka\u017cdy mo\u017ce \u0142atwo otrzyma\u0107 i wykorzysta\u0107 wszystkie aktywne kody promocyjne. Aby to zrobi\u0107, wystarczy zapozna\u0107 si\u0119 z list\u0105 nowych kod\u00f3w promocyjnych kasyn na stronie. Jedyn\u0105 zasad\u0105 do zapami\u0119tania jest to, \u017ce jeden kod bonusowy RocketPlay mo\u017ce by\u0107 u\u017cyty tylko raz.<\/p>\n<p>Po trzecie, aby skorzysta\u0107 z bonus\u00f3w za kody promocyjne, absolutnie nie jest konieczne dokonywanie wp\u0142aty. Kod bonusowy RocketPlay bez depozytu jest dost\u0119pny dla graczy. Ten prezent od klubu gier pozwala wygrywa\u0107 bez wp\u0142acania pieni\u0119dzy. Aby z niego skorzysta\u0107, nale\u017cy dok\u0142adnie zapozna\u0107 si\u0119 z warunkami oferty bonusowej. Mog\u0105 odnosi\u0107 si\u0119 do maksymalnego zak\u0142adu i kwoty wygranej, a tak\u017ce ogranicze\u0144 gry i kraju. Ponadto musisz wzi\u0105\u0107 pod uwag\u0119 warto\u015b\u0107 zak\u0142adu.<\/p>\n<p>Kody promocyjne kasyn w 2023 roku to nie tylko narz\u0119dzie marketingowe. Jest to okazja do rozpocz\u0119cia udanej gry w kasynie online przy zerowej lub minimalnej inwestycji. W takim przypadku konieczna jest rejestracja na oficjalnej stronie serwisu hazardowego. Mo\u017ce by\u0107 r\u00f3wnie\u017c wymagana weryfikacja u\u017cytkownika. Opiera si\u0119 na potwierdzeniu to\u017csamo\u015bci gracza i danych jego portfela elektronicznego lub karty bankowej.<\/p>\n<h2>JAK WYKORZYSTA\u0106 KOD PROMOCYJNY &#8211; KROK PO KROKU<\/h2>\n<p>Jak zdoby\u0107 i wykorzysta\u0107 kod promocyjny kasyna RocketPlay? S\u0105 one dost\u0119pne na stronach partner\u00f3w lub mo\u017cna je wys\u0142a\u0107 poczt\u0105. Po otrzymaniu tajnych symboli gracz musi aktywowa\u0107 kod promocyjny. Zasady aktywacji zale\u017c\u0105 od warunk\u00f3w konkretnej promocji. Jednak w wi\u0119kszo\u015bci przypadk\u00f3w kod promocyjny kasyna online mo\u017cna aktywowa\u0107 w nast\u0119puj\u0105cy spos\u00f3b:<\/p>\n<ul>\n<li>przejd\u017a do oficjalnej strony internetowej instytucji gier online, kt\u00f3ra zapewnia bonus;<\/li>\n<li>zarejestrowa\u0107 si\u0119, potwierdzi\u0107 osi\u0105gni\u0119cie pe\u0142noletno\u015bci i wyrazi\u0107 zgod\u0119 na regulamin kasyna;<\/li>\n<li>zaloguj si\u0119 i przejd\u017a do swojego konta osobistego;<\/li>\n<li>przejd\u017a do sekcji witryny z ofertami bonusowymi (zwykle nazywa si\u0119 to \u201ePrezenty\u201d, \u201eBonusy\u201d lub \u201ePromocje\u201d);<\/li>\n<li>wybierz interesuj\u0105c\u0105 ofert\u0119 bonusow\u0105;<\/li>\n<li>wprowad\u017a kod promocyjny na stronie promocyjnej i poczekaj na jego aktywacj\u0119.<\/li>\n<\/ul>\n<p>W takim przypadku nale\u017cy wzi\u0105\u0107 pod uwag\u0119 warunki uzyskania kodu promocyjnego. Czasami obecno\u015b\u0107 tajnych znak\u00f3w nie wystarczy. Na przyk\u0142ad, mo\u017cesz dodatkowo dokona\u0107 wp\u0142aty na okre\u015blon\u0105 kwot\u0119, postawi\u0107 zak\u0142ad itp. Powiniene\u015b r\u00f3wnie\u017c wzi\u0105\u0107 pod uwag\u0119 dat\u0119 wyga\u015bni\u0119cia promocji. Po wyga\u015bni\u0119ciu kod promocyjny stanie si\u0119 nieaktywny. Dlatego gracz nie b\u0119dzie m\u00f3g\u0142 otrzyma\u0107 nagrody.<\/p>\n<p>Kolejn\u0105 wa\u017cn\u0105 zasad\u0105 jest to, \u017ce kody promocyjne kasyna online mog\u0105 by\u0107 u\u017cyte tylko raz. Ponowne wprowadzenie tajnych symboli nie spowoduje przyznania bonus\u00f3w. Z ich pomoc\u0105 b\u0119dziesz mia\u0142 okazj\u0119 pozna\u0107 wszystkie zalety ka\u017cdego programu, korzystaj\u0105c z r\u00f3\u017cnych kombinacji w kasynie, kt\u00f3re sprawi\u0105, \u017ce proces gry b\u0119dzie jak najbardziej op\u0142acalny.<\/p>\n<p>Nale\u017cy r\u00f3wnie\u017c podkre\u015bli\u0107, \u017ce bardzo \u0142atwo jest odzyska\u0107 promocj\u0119. Z \u0142atwo\u015bci\u0105 wyp\u0142acisz pieni\u0105dze na kart\u0119 lub wirtualny portfel. Aby to zrobi\u0107, b\u0119dziesz musia\u0142 spe\u0142ni\u0107 szereg warunk\u00f3w obrotu, a zrobienie tego b\u0119dzie do\u015b\u0107 proste.<\/p>\n<p><img loading=\"lazy\" decoding=\"async\" class=\" wp-image-278 aligncenter\" src=\"https:\/\/rocketplay-new.com\/wp-content\/uploads\/2022\/08\/online-casino-promo-codes-1-300x195.jpg\" alt=\"promo codes\" width=\"551\" height=\"358\" srcset=\"https:\/\/rocketplay-new.com\/wp-content\/uploads\/2022\/08\/online-casino-promo-codes-1-300x195.jpg 300w, https:\/\/rocketplay-new.com\/wp-content\/uploads\/2022\/08\/online-casino-promo-codes-1-768x499.jpg 768w, https:\/\/rocketplay-new.com\/wp-content\/uploads\/2022\/08\/online-casino-promo-codes-1.jpg 1000w\" sizes=\"auto, (max-width: 551px) 100vw, 551px\" \/><\/p>\n<h2>WNIOSEK<\/h2>\n<p>Przed skorzystaniem z bonusu zaleca si\u0119 uwa\u017cne zapoznanie si\u0119 z jego zasadami. Niekt\u00f3re kasyna ograniczaj\u0105 list\u0119 metod p\u0142atno\u015bci, kt\u00f3re mo\u017cna wykorzysta\u0107 w ramach promocji. Ograniczenia mog\u0105 r\u00f3wnie\u017c dotyczy\u0107 maksymalnych wygranych w zak\u0142adach na \u015brodki bonusowe. W takim przypadku, je\u015bli limit zostanie przekroczony, gracz b\u0119dzie m\u00f3g\u0142 wyp\u0142aci\u0107 tylko maksymaln\u0105 dopuszczaln\u0105 kwot\u0119 wygranych. Pozosta\u0142a kwota zostanie anulowana.<\/p>\n<p>Je\u015bli gracz spe\u0142ni\u0142 warunki promocji i pomy\u015blnie wykorzysta\u0142 kody promocyjne do kasyna online, mo\u017ce otrzyma\u0107 swoje wygrane w dowolny mo\u017cliwy spos\u00f3b. Do tego potrzebujesz:<\/p>\n<ul>\n<li>przejd\u017a do sekcji Kasjer na stronie kasyna;<\/li>\n<li>wybra\u0107 zak\u0142adk\u0119 \u201eWp\u0142a\u0107 \u015brodki\u201d;<\/li>\n<li>wybra\u0107 dost\u0119pn\u0105 metod\u0119 p\u0142atno\u015bci;<\/li>\n<li>wskaza\u0107 kwot\u0119 p\u0142atno\u015bci;<\/li>\n<li>potwierd\u017a swoje dzia\u0142ania.<\/li>\n<\/ul>\n<p>Nale\u017cy zauwa\u017cy\u0107, \u017ce wyp\u0142ata wygranych odbywa si\u0119 w ten sam spos\u00f3b, w jaki dokonano wp\u0142aty. W kasynie mo\u017cesz uzupe\u0142ni\u0107 swoje konto i wyp\u0142aci\u0107 wygrane za pomoc\u0105 karty bankowej lub portfela elektronicznego.<\/p>\n<h2>FAQ<\/h2>\n<h3>JAK OTRZYMA\u0106 KODY PROMOCYJNE?<\/h3>\n<p>Aby otrzyma\u0107 kod promocyjny, potrzebujesz:<\/p>\n<ul>\n<li>Wybierz kod bonusowy (pokazany w tabeli).<\/li>\n<li>Kliknij przycisk \u201eGraj\u201d.<\/li>\n<li>Przejd\u017a do swojego ulubionego kasyna online.<\/li>\n<li>Zarejestruj si\u0119.<\/li>\n<li>Spe\u0142nij warunki uzyskania wybranego kodu promocyjnego.<\/li>\n<\/ul>\n<h3>JAKIE S\u0104 KORZY\u015aCI Z KORZYSTANIA Z KOD\u00d3W BONUSOWYCH?<\/h3>\n<p>G\u0142\u00f3wn\u0105 zalet\u0105 grania z kodami promocyjnymi jest to, \u017ce nie mo\u017cesz wp\u0142aca\u0107 w\u0142asnych pieni\u0119dzy, ale gra\u0107 z funduszami zak\u0142adu hazardowego. Mo\u017cesz tak\u017ce zwi\u0119kszy\u0107 szans\u0119 na wygran\u0105 w kasynie online.<\/p>\n<h3>DLACZEGO KOD PROMOCYJNY NIE DZIA\u0141A?<\/h3>\n<p>Musisz si\u0119 zarejestrowa\u0107 lub zalogowa\u0107 na stronie, na kt\u00f3rej chcesz skorzysta\u0107 z bonusu. Powiniene\u015b r\u00f3wnie\u017c sprawdzi\u0107, czy wskazany bonus odpowiada kasynu? Je\u015bli wszystko si\u0119 zgadza i aktywacja nie dzia\u0142a, skontaktuj si\u0119 z pomoc\u0105 techniczn\u0105.<\/p>\n<h3>CZY MO\u017bNA PRZEK\u0141ADA\u0106 PROMOCJ\u0118 NA PIENI\u0104DZE?<\/h3>\n<p>Je\u015bli ten kod przyniesie Ci pieni\u0105dze, najprawdopodobniej s\u0105 wirtualne. Aby otrzyma\u0107 prawdziwe pieni\u0105dze, musisz spe\u0142ni\u0107 warunki korzystania z bonusu.<\/p>\n<h3>DLACZEGO POTRZEBUJESZ KODY PROMOCYJNE W KASYNIE?<\/h3>\n<p>S\u0105 to specjalne symbole, kt\u00f3re zapewniaj\u0105 graczowi okre\u015blone bonusy. W ka\u017cdym kasynie te bonusy mog\u0105 by\u0107 inne, a tak\u017ce warunki ich wykorzystania.<\/p>\n<h3>CZY MUSZ\u0118 WP\u0141ACI\u0106 PIENI\u0104DZE, ABY AKTYWOWA\u0106 KOD PROMOCYJNY?<\/h3>\n<p>Niekoniecznie. Wiele witryn udost\u0119pnia kody bonusowe bez dokonywania pierwszej wp\u0142aty. Takie kody promocyjne nazywane s\u0105 bez depozytu.<\/p>\n","protected":false},"excerpt":{"rendered":"<p>Aby uzyska\u0107 kod promocyjny RocketPlay 2023, musisz znale\u017a\u0107 g\u0142\u00f3wne zalety tej opcji promocji klienta. Po pierwsze, kombinacje bonusowe mog\u0105 by\u0107 u\u017cywane do darmowej gry. Ten prezent od instytucji pozwala nie wydawa\u0107 pieni\u0119dzy. W przypadku wygranej gracz mo\u017ce wyp\u0142aci\u0107 pieni\u0105dze lub wykorzysta\u0107 je do dalszej gry. Po drugie, ka\u017cdy mo\u017ce \u0142atwo otrzyma\u0107 i wykorzysta\u0107 wszystkie aktywne&#8230;<\/p>\n","protected":false},"author":1,"featured_media":0,"parent":0,"menu_order":0,"comment_status":"closed","ping_status":"closed","template":"","meta":{"_acf_changed":false,"_kad_post_transparent":"default","_kad_post_title":"default","_kad_post_layout":"default","_kad_post_sidebar_id":"","_kad_post_content_style":"default","_kad_post_vertical_padding":"default","_kad_post_feature":"","_kad_post_feature_position":"","_kad_post_header":false,"_kad_post_footer":false,"footnotes":""},"class_list":["post-2267","page","type-page","status-publish","hentry"],"acf":[],"rttpg_featured_image_url":null,"rttpg_author":{"display_name":"John","author_link":"https:\/\/rocketplay-new.com\/pl\/author\/pemvas95n89x\/"},"rttpg_comment":0,"rttpg_category":null,"rttpg_excerpt":"Aby uzyska\u0107 kod promocyjny RocketPlay 2023, musisz znale\u017a\u0107 g\u0142\u00f3wne zalety tej opcji promocji klienta. Po pierwsze, kombinacje bonusowe mog\u0105 by\u0107 u\u017cywane do darmowej gry. Ten prezent od instytucji pozwala nie wydawa\u0107 pieni\u0119dzy. W przypadku wygranej gracz mo\u017ce wyp\u0142aci\u0107 pieni\u0105dze lub wykorzysta\u0107 je do dalszej gry. Po drugie, ka\u017cdy mo\u017ce \u0142atwo otrzyma\u0107 i wykorzysta\u0107 wszystkie aktywne...","_links":{"self":[{"href":"https:\/\/rocketplay-new.com\/pl\/wp-json\/wp\/v2\/pages\/2267","targetHints":{"allow":["GET"]}}],"collection":[{"href":"https:\/\/rocketplay-new.com\/pl\/wp-json\/wp\/v2\/pages"}],"about":[{"href":"https:\/\/rocketplay-new.com\/pl\/wp-json\/wp\/v2\/types\/page"}],"author":[{"embeddable":true,"href":"https:\/\/rocketplay-new.com\/pl\/wp-json\/wp\/v2\/users\/1"}],"replies":[{"embeddable":true,"href":"https:\/\/rocketplay-new.com\/pl\/wp-json\/wp\/v2\/comments?post=2267"}],"version-history":[{"count":2,"href":"https:\/\/rocketplay-new.com\/pl\/wp-json\/wp\/v2\/pages\/2267\/revisions"}],"predecessor-version":[{"id":2269,"href":"https:\/\/rocketplay-new.com\/pl\/wp-json\/wp\/v2\/pages\/2267\/revisions\/2269"}],"wp:attachment":[{"href":"https:\/\/rocketplay-new.com\/pl\/wp-json\/wp\/v2\/media?parent=2267"}],"curies":[{"name":"wp","href":"https:\/\/api.w.org\/{rel}","templated":true}]}}