{"id":2242,"date":"2022-08-11T19:50:04","date_gmt":"2022-08-11T16:50:04","guid":{"rendered":"https:\/\/rocketplay-new.com\/no-deposit-bonus\/"},"modified":"2022-10-25T20:33:02","modified_gmt":"2022-10-25T17:33:02","slug":"no-deposit-bonus","status":"publish","type":"page","link":"https:\/\/rocketplay-new.com\/pl\/no-deposit-bonus\/","title":{"rendered":"RocketPlay bez depozytu kody bonusowe"},"content":{"rendered":"<p><img loading=\"lazy\" decoding=\"async\" class=\" wp-image-288 aligncenter\" src=\"https:\/\/rocketplay-new.com\/wp-content\/uploads\/2022\/08\/no-deposit-bonuses-feature-img-300x150.png\" alt=\"no deposit bonuses\" width=\"646\" height=\"323\" srcset=\"https:\/\/rocketplay-new.com\/wp-content\/uploads\/2022\/08\/no-deposit-bonuses-feature-img-300x150.png 300w, https:\/\/rocketplay-new.com\/wp-content\/uploads\/2022\/08\/no-deposit-bonuses-feature-img-1024x512.png 1024w, https:\/\/rocketplay-new.com\/wp-content\/uploads\/2022\/08\/no-deposit-bonuses-feature-img-768x384.png 768w, https:\/\/rocketplay-new.com\/wp-content\/uploads\/2022\/08\/no-deposit-bonuses-feature-img.png 1200w\" sizes=\"auto, (max-width: 646px) 100vw, 646px\" \/><\/p>\n<p>W zak\u0142adach internetowych przy tworzeniu nowego konta bonus jest warunkowo podzielony na dwa typy:<\/p>\n<p>Przy depozycie &#8211; wymaga uzupe\u0142nienia got\u00f3wki. Mo\u017ce to by\u0107 okre\u015blony procent pieni\u0119dzy lub rund bonusowych. Warunki uzyskania i korzystania z zak\u0142adu hazardowego s\u0105 ustalane prywatnie.<\/p>\n<p><a href=\"https:\/\/rocketplay-new.com\/pl\">RocketPlay<\/a> bonus bez depozytu &#8211; u\u017cytkownik otrzymuje go bez wp\u0142acania w\u0142asnych pieni\u0119dzy. S\u0105 to zazwyczaj dodatkowe rundy. Jednocze\u015bnie warunki u\u017cytkowania i obstawiania s\u0105 zauwa\u017calnie bardziej z\u0142o\u017cone ni\u017c w wersji p\u0142atnej.<\/p>\n<p>Cech\u0105 kasyna RocketPlay bez depozytu 2023 jest mo\u017cliwo\u015b\u0107 wygrania bez wp\u0142acania \u015brodk\u00f3w. Jest to wygodne i op\u0142acalne, poniewa\u017c nie trzeba wydawa\u0107 pieni\u0119dzy. Ale aby go otrzyma\u0107, musisz spe\u0142ni\u0107 kilka obowi\u0105zkowych warunk\u00f3w instytucji.<\/p>\n<p>Darmowy bonus kasynowy bez depozytu RocketPlay jest oferowany podczas rejestracji nowego konta. Bonus dzia\u0142a jako nagroda dla nowego klienta. Tym samym portal internetowy chce pozyska\u0107 jak najwi\u0119cej klient\u00f3w. Ale nie tylko biuro pozostaje zwyci\u0119zc\u0105. Gracz mo\u017ce gra\u0107 w wiele rund za darmo bez wp\u0142acania w\u0142asnych \u015brodk\u00f3w. Prezenty s\u0105 nast\u0119puj\u0105cych rodzaj\u00f3w:<\/p>\n<p><a href=\"https:\/\/rocketplay-new.com\/pl\/free-spins\/\">Darmowe spiny<\/a> to dodatkowe rundy. Wydawane s\u0105 na automaty do gier specjalnie przeznaczone na promocje. Konieczne jest u\u017cycie rotacji w okre\u015blonym czasie. Ka\u017cdy spin ma warto\u015b\u0107 nominaln\u0105. Gracz otrzymuje wszystkie bonusy w tym samym czasie lub na okre\u015blony czas. Zostanie to wymienione w regulaminie.<\/p>\n<p>Bonusowa kwota pieni\u0119dzy &#8211; w przeciwie\u0144stwie do darmowych rund, mo\u017cesz zdecydowa\u0107 si\u0119 na jedn\u0105. jaka b\u0119dzie stawka. S\u0105 do tego specjalne maszyny.<\/p>\n<p>Wygrane s\u0105 przesy\u0142ane na konto bonusowe. Zak\u0142ad jest nak\u0142adany na ka\u017cdy wygrany zak\u0142ad. Bonus rejestracyjny b\u0119dzie mo\u017cna wyp\u0142aci\u0107 z kasyna dopiero po pe\u0142nym obstawieniu.<\/p>\n<h2>JAK UZYSKA\u0106 \u200b\u200bBONUS BEZ DEPOZYTU?<\/h2>\n<p>Co to jest bonus rejestracyjny gracza? W plac\u00f3wkach internetowych premia mo\u017ce by\u0107 przyznana na r\u00f3\u017cnych warunkach. Witryna ustala zasady odbioru i korzystania bez depozytu prywatnie. Ale najpierw musisz si\u0119 zarejestrowa\u0107 i przej\u015b\u0107 weryfikacj\u0119. Instrukcja krok po kroku:<\/p>\n<ul>\n<li>B\u0119dziesz musia\u0142 poda\u0107 adres pocztowy, aby potwierdzi\u0107 rejestracj\u0119. Ponadto b\u0119dzie to wymagane p\u00f3\u017aniej, wi\u0119c adres musi dzia\u0142a\u0107.<\/li>\n<li>Dodaj numer telefonu &#8211; b\u0119dziesz go r\u00f3wnie\u017c potrzebowa\u0107 p\u00f3\u017aniej. Podczas weryfikacji to\u017csamo\u015bci dzia\u0142 bezpiecze\u0144stwa witryny mo\u017ce wykona\u0107 po\u0142\u0105czenie testowe.<\/li>\n<li>Utw\u00f3rz has\u0142o sk\u0142adaj\u0105ce si\u0119 z co najmniej sze\u015bciu znak\u00f3w. Niekt\u00f3re witryny wymagaj\u0105 utworzenia has\u0142a z literami i znakami specjalnymi.<\/li>\n<li>Wybierz walut\u0119 \u2014 obliczenia s\u0105 dokonywane wed\u0142ug warto\u015bci nominalnej. Nie ma mo\u017cliwo\u015bci p\u00f3\u017aniejszej zmiany wyboru.<\/li>\n<li>W razie potrzeby wprowad\u017a sw\u00f3j kraj, miasto, adres domowy i kod pocztowy.<\/li>\n<\/ul>\n<p>Przeprowad\u017a kontrol\u0119 to\u017csamo\u015bci &#8211; zr\u00f3b zdj\u0119cie paszportu lub prawa jazdy. Zdj\u0119cie musi by\u0107 wysokiej jako\u015bci. Je\u015bli potrzebujesz zdj\u0119cia plastikowej karty, niekt\u00f3re cyfry powinny by\u0107 ukryte. Weryfikacja trwa od 24 godzin do 3 dni zgodnie z warunkami polityki administracji.<\/p>\n<p>Wybierz bonus bez depozytu, je\u015bli nie zostanie przyznany natychmiast po rejestracji. Mo\u017ce by\u0107 r\u00f3wnie\u017c konieczne u\u017cycie kod\u00f3w bonusowych w kasynie RocketPlay bez depozytu. U\u017cytkownik musi dok\u0142adnie przestudiowa\u0107 warunki gry.<\/p>\n<p>Wszystkie dane musz\u0105 by\u0107 wype\u0142nione dok\u0142adnie, w przeciwnym razie proces zostanie odrzucony, a wszystko, co wygrasz, na pewno nie b\u0119dzie mog\u0142o zosta\u0107 wycofane. Ponowna weryfikacja twarzy mo\u017ce potrwa\u0107 d\u0142u\u017cej, a niekt\u00f3re plac\u00f3wki pobieraj\u0105 kary za ponown\u0105 weryfikacj\u0119 z winy klienta. Nast\u0119pnie gracz otrzymuje specjalne bonusy za rejestracj\u0119.<\/p>\n<p><img loading=\"lazy\" decoding=\"async\" class=\" wp-image-269 aligncenter\" src=\"https:\/\/rocketplay-new.com\/wp-content\/uploads\/2022\/08\/rocketplay.png.81fad21a548a0bf925c5d798697b8947-1-300x97.png\" alt=\"rocket play\" width=\"600\" height=\"194\" srcset=\"https:\/\/rocketplay-new.com\/wp-content\/uploads\/2022\/08\/rocketplay.png.81fad21a548a0bf925c5d798697b8947-1-300x97.png 300w, https:\/\/rocketplay-new.com\/wp-content\/uploads\/2022\/08\/rocketplay.png.81fad21a548a0bf925c5d798697b8947-1.png 496w\" sizes=\"auto, (max-width: 600px) 100vw, 600px\" \/><\/p>\n<h2>INNE PREMIE DO ZAGRANIA RAKIET\u0104<\/h2>\n<p>Jakie s\u0105 inne oferty specjalne? Opr\u00f3cz bonusu RocketPlay bez depozytu Polska, istniej\u0105 takie oferty dla graczy:<\/p>\n<ul>\n<li>Bonus bez depozytu. Dostarczany jako zestaw dodatkowych rund. Wszystkie zasady maj\u0105ce zastosowanie do tej oferty s\u0105 opisane w warunkach aktywacji.<\/li>\n<li>Zwrot got\u00f3wki. Cashback to cz\u0119\u015bciowy zwrot \u015brodk\u00f3w, kt\u00f3re stracili gracze. Mo\u017cesz otrzyma\u0107 zwrot pieni\u0119dzy pod warunkiem, \u017ce gracz przegra\u0142 w okresie rozliczeniowym, czyli dokona\u0142 wp\u0142at na \u0142\u0105czn\u0105 kwot\u0119 wi\u0119ksz\u0105 ni\u017c wyp\u0142aci\u0142 pieni\u0105dze (bior\u0105c pod uwag\u0119 aktualne saldo). Bonus jest dost\u0119pny co tydzie\u0144\/miesi\u0105c.<\/li>\n<li>Procent kwoty. Najcz\u0119\u015bciej jest to od 100% do 200%.<\/li>\n<li>Bonus za rejestracj\u0119. Wszyscy u\u017cytkownicy mog\u0105 otrzyma\u0107 prezent powitalny za pomy\u015blne zako\u0144czenie procesu. Mo\u017ce to by\u0107 procent pieni\u0119dzy lub darmowe rundy.<\/li>\n<li>Istnieje wiele ofert specjalnych z wykorzystaniem kod\u00f3w promocyjnych, r\u00f3\u017cnych promocji i nie tylko.<\/li>\n<\/ul>\n<h2>FAQ<\/h2>\n<h3>KTO MO\u017bE OTRZYMA\u0106 SPECJALNE ZACH\u0118TY?<\/h3>\n<p>Ka\u017cdy nowo zarejestrowany u\u017cytkownik otrzymuje prezent. Ka\u017cda instytucja daje taki prezent pocz\u0105tkuj\u0105cym, aby mieli motywacj\u0119 i zainteresowanie.<\/p>\n<h3>JAK MOG\u0118 WYP\u0141ACI\u0106 BONUS BEZ DEPOZYTU?<\/h3>\n<p>Na pocz\u0105tek t\u0119 promocj\u0119 trzeba odzyska\u0107. Bez tego w \u017caden spos\u00f3b nie wyp\u0142acisz \u015brodk\u00f3w. Dlatego zawsze nale\u017cy uwa\u017cnie czyta\u0107 warunki instytucji, aby nie by\u0142o nieprzyjemnych niespodzianek.<\/p>\n<h3>CO MOG\u0118 ZROBI\u0106 Z BEZP\u0141ATNYM BONUSEM?<\/h3>\n<p>Zazwyczaj po\u015bwi\u0119ca si\u0119 je na testowanie r\u00f3\u017cnych automat\u00f3w do gry, a tak\u017ce ruletki, pokera i innych gier, kt\u00f3re znajdziesz na stronie. To \u015bwietny spos\u00f3b na zdobycie nowych gier i wybor\u00f3w, aby znale\u017a\u0107 najlepsz\u0105 dla siebie opcj\u0119.<\/p>\n<h3>ILE RAZY MOG\u0118 OTRZYMA\u0106 BONUS ZA REJESTRACJ\u0118?<\/h3>\n<p>Tylko raz. Je\u015bli spr\u00f3bujesz zarejestrowa\u0107 inne konto na tej samej stronie, z du\u017cym prawdopodobie\u0144stwem, system to zrozumie i zablokuje Twoje konto.<\/p>\n","protected":false},"excerpt":{"rendered":"<p>W zak\u0142adach internetowych przy tworzeniu nowego konta bonus jest warunkowo podzielony na dwa typy: Przy depozycie &#8211; wymaga uzupe\u0142nienia got\u00f3wki. Mo\u017ce to by\u0107 okre\u015blony procent pieni\u0119dzy lub rund bonusowych. Warunki uzyskania i korzystania z zak\u0142adu hazardowego s\u0105 ustalane prywatnie. RocketPlay bonus bez depozytu &#8211; u\u017cytkownik otrzymuje go bez wp\u0142acania w\u0142asnych pieni\u0119dzy. S\u0105 to zazwyczaj dodatkowe&#8230;<\/p>\n","protected":false},"author":1,"featured_media":0,"parent":0,"menu_order":0,"comment_status":"closed","ping_status":"closed","template":"single-no-sidebar.php","meta":{"_acf_changed":false,"_kad_post_transparent":"default","_kad_post_title":"default","_kad_post_layout":"default","_kad_post_sidebar_id":"","_kad_post_content_style":"default","_kad_post_vertical_padding":"default","_kad_post_feature":"","_kad_post_feature_position":"","_kad_post_header":false,"_kad_post_footer":false,"footnotes":""},"class_list":["post-2242","page","type-page","status-publish","hentry"],"acf":[],"rttpg_featured_image_url":null,"rttpg_author":{"display_name":"John","author_link":"https:\/\/rocketplay-new.com\/pl\/author\/pemvas95n89x\/"},"rttpg_comment":0,"rttpg_category":null,"rttpg_excerpt":"W zak\u0142adach internetowych przy tworzeniu nowego konta bonus jest warunkowo podzielony na dwa typy: Przy depozycie &#8211; wymaga uzupe\u0142nienia got\u00f3wki. Mo\u017ce to by\u0107 okre\u015blony procent pieni\u0119dzy lub rund bonusowych. Warunki uzyskania i korzystania z zak\u0142adu hazardowego s\u0105 ustalane prywatnie. RocketPlay bonus bez depozytu &#8211; u\u017cytkownik otrzymuje go bez wp\u0142acania w\u0142asnych pieni\u0119dzy. S\u0105 to zazwyczaj dodatkowe...","_links":{"self":[{"href":"https:\/\/rocketplay-new.com\/pl\/wp-json\/wp\/v2\/pages\/2242","targetHints":{"allow":["GET"]}}],"collection":[{"href":"https:\/\/rocketplay-new.com\/pl\/wp-json\/wp\/v2\/pages"}],"about":[{"href":"https:\/\/rocketplay-new.com\/pl\/wp-json\/wp\/v2\/types\/page"}],"author":[{"embeddable":true,"href":"https:\/\/rocketplay-new.com\/pl\/wp-json\/wp\/v2\/users\/1"}],"replies":[{"embeddable":true,"href":"https:\/\/rocketplay-new.com\/pl\/wp-json\/wp\/v2\/comments?post=2242"}],"version-history":[{"count":2,"href":"https:\/\/rocketplay-new.com\/pl\/wp-json\/wp\/v2\/pages\/2242\/revisions"}],"predecessor-version":[{"id":2249,"href":"https:\/\/rocketplay-new.com\/pl\/wp-json\/wp\/v2\/pages\/2242\/revisions\/2249"}],"wp:attachment":[{"href":"https:\/\/rocketplay-new.com\/pl\/wp-json\/wp\/v2\/media?parent=2242"}],"curies":[{"name":"wp","href":"https:\/\/api.w.org\/{rel}","templated":true}]}}