{"id":2221,"date":"2022-08-11T19:38:48","date_gmt":"2022-08-11T16:38:48","guid":{"rendered":"https:\/\/rocketplay-new.com\/sign-up\/"},"modified":"2022-10-25T20:04:44","modified_gmt":"2022-10-25T17:04:44","slug":"sign-up","status":"publish","type":"page","link":"https:\/\/rocketplay-new.com\/pl\/sign-up\/","title":{"rendered":"Zarejestruj si\u0119 w Rocket Play Casino"},"content":{"rendered":"<p><img loading=\"lazy\" decoding=\"async\" class=\" wp-image-283 aligncenter\" src=\"https:\/\/rocketplay-new.com\/wp-content\/uploads\/2022\/08\/1-1-300x113.jpeg\" alt=\"rocket play casino Sign Up\" width=\"672\" height=\"253\" srcset=\"https:\/\/rocketplay-new.com\/wp-content\/uploads\/2022\/08\/1-1-300x113.jpeg 300w, https:\/\/rocketplay-new.com\/wp-content\/uploads\/2022\/08\/1-1-1024x384.jpeg 1024w, https:\/\/rocketplay-new.com\/wp-content\/uploads\/2022\/08\/1-1-768x288.jpeg 768w, https:\/\/rocketplay-new.com\/wp-content\/uploads\/2022\/08\/1-1.jpeg 1140w\" sizes=\"auto, (max-width: 672px) 100vw, 672px\" \/><\/p>\n<p>Na ca\u0142ym \u015bwiecie gwa\u0142townie ro\u015bnie zainteresowanie grami online. Wiele stron internetowych zapewnia doskona\u0142\u0105 obs\u0142ug\u0119 w zakresie hazardu internetowego, wzbudza zainteresowanie potencjalnych graczy ogromnym wyborem gier, motywowaniem jackpot\u00f3w, dobrym odwr\u00f3ceniem zak\u0142ad\u00f3w. Pozytywne aspekty hazardu online:<\/p>\n<ul>\n<li>zwi\u0119kszona ochrona potencjalnych graczy przed oszustami internetowymi;<\/li>\n<li>r\u00f3\u017cnorodno\u015b\u0107 gier wed\u0142ug preferencji;<\/li>\n<li>wiele promocji i nagr\u00f3d;<\/li>\n<li>mo\u017cna gra\u0107 na dowolnym posiadanym gad\u017cecie;<\/li>\n<li>nie musisz nigdzie i\u015b\u0107, id\u017a;<\/li>\n<li>mo\u017cesz wybra\u0107 darmow\u0105 gr\u0119;<\/li>\n<li>oszcz\u0119dzanie czasu;<\/li>\n<li>wsparcie na wszystkich poziomach gry.<\/li>\n<\/ul>\n<p>Wszystko, czego potrzebujesz, aby uzyska\u0107 dost\u0119p do wszystkich tych korzy\u015bci, to zarejestrowa\u0107 si\u0119 w kasynie <a href=\"https:\/\/rocketplay-new.com\/pl\">RocketPlay<\/a>.<\/p>\n<p>Po co rejestrowa\u0107 si\u0119 w kasynie? W ko\u0144cu wiele zak\u0142ad\u00f3w online oferuje pocz\u0105tkuj\u0105cym mo\u017cliwo\u015b\u0107 wypr\u00f3bowania swoich si\u0142 w dowolnej z gier hazardowych za darmo. Ale je\u015bli chcesz gra\u0107 na pieni\u0105dze, zdecydowanie musisz si\u0119 do tego zarejestrowa\u0107. Otrzymasz r\u00f3wnie\u017c bonus za rejestracj\u0119 w kasynie RocketPlay. Je\u015bli nie masz wa\u017cnego konta, stracisz mo\u017cliwo\u015b\u0107:<\/p>\n<ul>\n<li>stawia\u0107 zak\u0142ady w kasynie;<\/li>\n<li>zdobywa\u0107 nagrody;<\/li>\n<li>mie\u0107 mo\u017cliwo\u015b\u0107 zostania zwyci\u0119zc\u0105;<\/li>\n<li>rywalizowa\u0107 o du\u017ce wygrane;<\/li>\n<li>liczy\u0107 na wsparcie.<\/li>\n<\/ul>\n<p>Dlatego gracz bez rejestracji w kasynie mo\u017ce jedynie zapozna\u0107 si\u0119 z us\u0142ugami i przetestowa\u0107 gr\u0119 w wersji demo. Wszelkie inne uczestnictwo w grach jest dla niego zamkni\u0119te. Aby zarejestrowa\u0107 si\u0119 w kasynie, musisz przestudiowa\u0107 oficjaln\u0105 stron\u0119 internetow\u0105. Ka\u017cdy potencjalny gracz musi upewni\u0107 si\u0119, \u017ce istnieje licencja zak\u0142adu hazardowego, w kt\u00f3rym zamierza rozpocz\u0105\u0107 gr\u0119. Je\u015bli nie masz pewno\u015bci co do jego autentyczno\u015bci, wejd\u017a na stron\u0119 regulatora, gdzie mo\u017cesz dowiedzie\u0107 si\u0119 wszystkiego.<\/p>\n<p>Powiniene\u015b tak\u017ce zapozna\u0107 si\u0119 z zestawem zasad i r\u00f3\u017cnymi warunkami, kt\u00f3re wyst\u0119puj\u0105 w grach. Zadawaj pytania przedstawicielom pomocy technicznej, powinni by\u0107 wobec Ciebie lojalni. Upewnij si\u0119, \u017ce to konkretne kasyno wzbudza w Tobie zaufanie i spe\u0142nia wszystkie Twoje wymagania. Mo\u017cesz r\u00f3wnie\u017c zarejestrowa\u0107 si\u0119 z <a href=\"https:\/\/rocketplay-new.com\/pl\/mobile-version\/\">telefonu<\/a> kom\u00f3rkowego. W tym celu przyznawany jest bonus RocketPlay za rejestracj\u0119 w kasynie mobilnym.<\/p>\n<p>Aby zarejestrowa\u0107 si\u0119 w kasynie online, pocz\u0105tkuj\u0105cy musi wype\u0142ni\u0107 formularz rejestracyjny.<\/p>\n<p>Przeczytaj uwa\u017cnie wszystkie punkty i popro\u015b kogo\u015b, kto m\u00f3wi po angielsku, aby pom\u00f3g\u0142 Ci wype\u0142ni\u0107 kwestionariusz. Dane osobowe, kt\u00f3re obejmuj\u0105 imi\u0119 i nazwisko, p\u0142e\u0107, dat\u0119 urodzenia, adres, musz\u0105 by\u0107 wprowadzone zgodnie z oficjalnymi dokumentami. Kasyno mo\u017ce za\u017c\u0105da\u0107 kopii Twoich dokument\u00f3w. Wszystkie dane nie powinny si\u0119 r\u00f3\u017cni\u0107.<\/p>\n<p><img loading=\"lazy\" decoding=\"async\" class=\" wp-image-284 alignright\" src=\"https:\/\/rocketplay-new.com\/wp-content\/uploads\/2022\/08\/rocketplay-registration-1-246x300.png\" alt=\"Sign Up\" width=\"336\" height=\"410\" srcset=\"https:\/\/rocketplay-new.com\/wp-content\/uploads\/2022\/08\/rocketplay-registration-1-246x300.png 246w, https:\/\/rocketplay-new.com\/wp-content\/uploads\/2022\/08\/rocketplay-registration-1.png 360w\" sizes=\"auto, (max-width: 336px) 100vw, 336px\" \/><\/p>\n<h2>JAKIE RODZAJE OFERTY BONUSOWEJ ZAREJESTRUJ SI\u0118 S\u0104 DOST\u0118PNE?<\/h2>\n<p>Istniej\u0105 dwa g\u0142\u00f3wne rodzaje bonus\u00f3w:<\/p>\n<ul>\n<li>Bonusy depozytowe. Te bonusy obejmuj\u0105 bonusy depozytowe, bonusy cashback reload. Aby otrzyma\u0107 taki bonus, potrzebujesz obowi\u0105zkowej rejestracji w kasynie i depozytu. Wysoko\u015b\u0107 tego depozytu jest inna w ka\u017cdym kasynie. Bonus z tej wp\u0142aty mo\u017ce bezpo\u015brednio zale\u017ce\u0107 od formy i systemu p\u0142atno\u015bci. Czasami, aby otrzyma\u0107 bonusy za depozyt, musisz wprowadzi\u0107 kod promocyjny.<\/li>\n<li>Bonusy kasynowe bez depozytu. Istnieje kasyno bez depozytu, w kt\u00f3rym rejestrujesz si\u0119 i natychmiast otrzymujesz bonusy bez konieczno\u015bci dokonywania jakichkolwiek wp\u0142at. Dlatego ten rodzaj kasyna jest bardziej preferowany przez graczy. Ka\u017cdy gracz mo\u017ce otrzyma\u0107 darmowe pieni\u0105dze na gr\u0119 pr\u00f3bn\u0105.<\/li>\n<li>Nale\u017cy wzi\u0105\u0107 pod uwag\u0119 fakt, \u017ce kusz\u0105ca oferta nie zawsze jest op\u0142acalna, jak mog\u0142oby si\u0119 wydawa\u0107 na pierwszy rzut oka. Nie powinna Ci\u0119 kusi\u0107 ilo\u015b\u0107 ogromnych bonus\u00f3w. Zawsze czytaj zasady aplikacji, cz\u0119sto bardzo trudno jest znale\u017a\u0107 do nich dost\u0119p online.<\/li>\n<li>Zdecydowanie radzimy pocz\u0105tkuj\u0105cym, aby nie robili zak\u0142ad\u00f3w na \u017cywo od razu. Uwa\u017cnie przeczytaj gry w darmowych wersjach demo, wypr\u00f3buj je, rozmy\u015blaj, aby unikn\u0105\u0107 powa\u017cnych awarii. Musisz znale\u017a\u0107 wygodny spos\u00f3b wp\u0142aty pieni\u0119dzy na swoje konto. Mog\u0105 to by\u0107 zar\u00f3wno karty debetowe, jak i p\u0142atnicze, r\u00f3\u017cne portfele elektroniczne i vouchery i tak dalej. Pomy\u015bl o wszystkim, od termin\u00f3w po r\u00f3\u017cne limity.<\/li>\n<\/ul>\n<h2>FAQ<\/h2>\n<h3>CZY DLA GRACZY W KASYNIE WYMAGANA JEST REJESTRACJA?<\/h3>\n<p>Aby za\u0142o\u017cy\u0107 konto, mo\u017cliwo\u015b\u0107 gry na prawdziwe pieni\u0105dze i uzyska\u0107 dost\u0119p do us\u0142ugi przez Internet, wymagana jest rejestracja.<\/p>\n<h3>JAK D\u0141UGO TRWA REJESTRACJA W KASYNIE INTERNETOWYM?<\/h3>\n<p>Ca\u0142y proces trwa kilka minut. Nast\u0119pnie natychmiast otrzymasz darmowe kasyno bonusowe RocketPlay za rejestracj\u0119.<\/p>\n<h3>DLACZEGO POTRZEBNA JEST WERYFIKACJA POTENCJALNEGO GRACZA?<\/h3>\n<p>Aby zapewni\u0107 bezpiecze\u0144stwo depozyt\u00f3w i kont klient\u00f3w, zesp\u00f3\u0142 operatora gier hazardowych potrzebuje tych informacji. Zapobiega r\u00f3wnie\u017c praniu pieni\u0119dzy i zapobiega dzia\u0142aniu \u0142owc\u00f3w bonus\u00f3w.<\/p>\n","protected":false},"excerpt":{"rendered":"<p>Na ca\u0142ym \u015bwiecie gwa\u0142townie ro\u015bnie zainteresowanie grami online. Wiele stron internetowych zapewnia doskona\u0142\u0105 obs\u0142ug\u0119 w zakresie hazardu internetowego, wzbudza zainteresowanie potencjalnych graczy ogromnym wyborem gier, motywowaniem jackpot\u00f3w, dobrym odwr\u00f3ceniem zak\u0142ad\u00f3w. Pozytywne aspekty hazardu online: zwi\u0119kszona ochrona potencjalnych graczy przed oszustami internetowymi; r\u00f3\u017cnorodno\u015b\u0107 gier wed\u0142ug preferencji; wiele promocji i nagr\u00f3d; mo\u017cna gra\u0107 na dowolnym posiadanym gad\u017cecie;&#8230;<\/p>\n","protected":false},"author":1,"featured_media":0,"parent":0,"menu_order":0,"comment_status":"closed","ping_status":"closed","template":"","meta":{"_acf_changed":false,"_kad_post_transparent":"default","_kad_post_title":"default","_kad_post_layout":"default","_kad_post_sidebar_id":"","_kad_post_content_style":"default","_kad_post_vertical_padding":"default","_kad_post_feature":"","_kad_post_feature_position":"","_kad_post_header":false,"_kad_post_footer":false,"footnotes":""},"class_list":["post-2221","page","type-page","status-publish","hentry"],"acf":[],"rttpg_featured_image_url":null,"rttpg_author":{"display_name":"John","author_link":"https:\/\/rocketplay-new.com\/pl\/author\/pemvas95n89x\/"},"rttpg_comment":0,"rttpg_category":null,"rttpg_excerpt":"Na ca\u0142ym \u015bwiecie gwa\u0142townie ro\u015bnie zainteresowanie grami online. Wiele stron internetowych zapewnia doskona\u0142\u0105 obs\u0142ug\u0119 w zakresie hazardu internetowego, wzbudza zainteresowanie potencjalnych graczy ogromnym wyborem gier, motywowaniem jackpot\u00f3w, dobrym odwr\u00f3ceniem zak\u0142ad\u00f3w. Pozytywne aspekty hazardu online: zwi\u0119kszona ochrona potencjalnych graczy przed oszustami internetowymi; r\u00f3\u017cnorodno\u015b\u0107 gier wed\u0142ug preferencji; wiele promocji i nagr\u00f3d; mo\u017cna gra\u0107 na dowolnym posiadanym gad\u017cecie;...","_links":{"self":[{"href":"https:\/\/rocketplay-new.com\/pl\/wp-json\/wp\/v2\/pages\/2221","targetHints":{"allow":["GET"]}}],"collection":[{"href":"https:\/\/rocketplay-new.com\/pl\/wp-json\/wp\/v2\/pages"}],"about":[{"href":"https:\/\/rocketplay-new.com\/pl\/wp-json\/wp\/v2\/types\/page"}],"author":[{"embeddable":true,"href":"https:\/\/rocketplay-new.com\/pl\/wp-json\/wp\/v2\/users\/1"}],"replies":[{"embeddable":true,"href":"https:\/\/rocketplay-new.com\/pl\/wp-json\/wp\/v2\/comments?post=2221"}],"version-history":[{"count":2,"href":"https:\/\/rocketplay-new.com\/pl\/wp-json\/wp\/v2\/pages\/2221\/revisions"}],"predecessor-version":[{"id":2223,"href":"https:\/\/rocketplay-new.com\/pl\/wp-json\/wp\/v2\/pages\/2221\/revisions\/2223"}],"wp:attachment":[{"href":"https:\/\/rocketplay-new.com\/pl\/wp-json\/wp\/v2\/media?parent=2221"}],"curies":[{"name":"wp","href":"https:\/\/api.w.org\/{rel}","templated":true}]}}