{"id":2194,"date":"2022-06-13T19:10:03","date_gmt":"2022-06-13T16:10:03","guid":{"rendered":"https:\/\/rocketplay-new.com\/baccarat\/"},"modified":"2025-04-03T21:10:35","modified_gmt":"2025-04-03T18:10:35","slug":"baccarat","status":"publish","type":"page","link":"https:\/\/rocketplay-new.com\/pl\/baccarat\/","title":{"rendered":"Gra w bakarata na prawdziwe pieni\u0105dze"},"content":{"rendered":"<p>Baccarat <a href=\"https:\/\/rocketplay-new.com\/pl\/bonus\/\">online RocketPlay<\/a> na prawdziwe pieni\u0105dze jest uwa\u017cany za szczeg\u00f3lnie presti\u017cowy w\u015br\u00f3d gier kasynowych, chocia\u017c jego reputacja jako gry elitarnej opiera si\u0119 bardziej na ekskluzywno\u015bci ni\u017c na trudno\u015bci. W rzeczywisto\u015bci wi\u0119kszo\u015b\u0107 wersji bakarata, w kt\u00f3re b\u0119dziesz gra\u0107 w <a href=\"https:\/\/rocketplay-new.com\/pl\/live-casino\/\">kasynie na \u017cywo<\/a>, nie wymaga \u017cadnych umiej\u0119tno\u015bci. Baccarat online RocketPlay oferuje dobr\u0105 przewag\u0119 kasyna w przypadku gry, kt\u00f3ra prawie nie wymaga zapami\u0119tywania strategicznych sekret\u00f3w, wi\u0119c tradycyjna gra jest cz\u0119sto rozgrywana w oddzielnej cz\u0119\u015bci kasyna na wysokie stawki. Tradycyjnie bakarat by\u0142 oferowany graczom na wysokie stawki, podobnie jak automaty z zak\u0142adami po 100 z\u0142 na obr\u00f3t cz\u0119sto oferuj\u0105 wy\u017csze szanse na wygran\u0105 ni\u017c ich odpowiedniki 1z\u0142 na obr\u00f3t. Dodaj smokingi i suknie wieczorowe i tak gra zyska\u0142a mistyczn\u0105 s\u0142aw\u0119, kt\u00f3ra przetrwa\u0142a do XXI wieku.<\/p>\n<p><img loading=\"lazy\" decoding=\"async\" class=\"aligncenter wp-image-4933\" src=\"https:\/\/rocketplay-new.com\/wp-content\/uploads\/2024\/02\/999.png\" alt=\"RocketPlay Baccarat \" width=\"800\" height=\"311\" srcset=\"https:\/\/rocketplay-new.com\/wp-content\/uploads\/2024\/02\/999.png 1301w, https:\/\/rocketplay-new.com\/wp-content\/uploads\/2024\/02\/999-300x116.png 300w, https:\/\/rocketplay-new.com\/wp-content\/uploads\/2024\/02\/999-1024x397.png 1024w, https:\/\/rocketplay-new.com\/wp-content\/uploads\/2024\/02\/999-768x298.png 768w\" sizes=\"auto, (max-width: 800px) 100vw, 800px\" \/><\/p>\n<h2>BACCARAT ONLINE ZA PRAWDZIWE PIENI\u0104DZE<\/h2>\n<p>Kasyna online zawsze oferuj\u0105 jedn\u0105 lub wi\u0119cej form darmowego bakarata online RocketPlay w swoim pakiecie oprogramowania. W wersji online gra si\u0119 podobnie do automatycznych wersji gry, kt\u00f3re znajdziesz w tradycyjnych kasynach. Przewaga kasyna jest wci\u0105\u017c niska w przypadku gry, kt\u00f3ra prawie nie wykorzystuje \u017cadnej strategii. Uwa\u017caj na wszelkie automatyczne lub szybkie funkcje gry, kt\u00f3re mog\u0105 by\u0107 Ci oferowane. Zwi\u0119ksz\u0105 one tylko liczb\u0119 razy na godzin\u0119, kiedy napotkasz przewag\u0119 kasyna i wyci\u0105gn\u0105 wi\u0119cej pieni\u0119dzy z Twojej kieszeni (\u015brednio).<\/p>\n<p><span style=\"font-weight: 400;\">\u00a0<div class=\"go-btn-container\"><div class=\"tosh-btn\"><a href=\"\/go-casino\/\" target=\"_blank\" rel=\"noopener\">GRAJ TERAZ<\/a><\/div><\/div><\/span><\/p>\n<h2>BACCARAT NA \u017bYWO ONLINE<\/h2>\n<p>Najlepszym sposobem gry w bakarata online RocketPlay online na prawdziwe pieni\u0105dze jest granie w jedn\u0105 z gier bakarata na \u017cywo. Nie jest to oprogramowanie oparte na generatorze liczb losowych, ale prawdziwi ludzie s\u0105 przyzwyczajeni do uzyskiwania wynik\u00f3w gry. Osoby te s\u0105 pracownikami kasyna online lub dostawcy oprogramowania i s\u0105 dost\u0119pni na \u017cywo dzi\u0119ki transmisji ze studia gier na ca\u0142ym \u015bwiecie.<\/p>\n<p>Krupierzy na \u017cywo to wyszkoleni profesjonali\u015bci, podobnie jak personel tradycyjnego kasyna. Rozmawiasz z nimi za pomoc\u0105 technologii podobnej do Skype, a oni mog\u0105 odpowiedzie\u0107. Kamera jest zawsze skierowana na krupiera, wi\u0119c nigdy nie tracisz z oczu kart. Bakarat na \u017cywo online za prawdziwe pieni\u0105dze to najlepszy spos\u00f3b na cieszenie si\u0119 jedn\u0105 z najstarszych gier kasynowych na komputerze w zaciszu w\u0142asnego domu.<\/p>\n<h2>HISTORIA<\/h2>\n<p>W latach 80. szum wok\u00f3\u0142 bakarata ur\u00f3s\u0142 do punktu, w kt\u00f3rym kasyna w Las Vegas zacz\u0119\u0142y oferowa\u0107 wersj\u0119 tego bakarata r\u00f3wnie\u017c dla zwyk\u0142ego cz\u0142owieka. Ta gra zosta\u0142a nazwana mini-bakaratem. By\u0142a to uproszczona wersja gry z krupierem zamiast bankierem, poniewa\u017c kasyno posiada\u0142o bank gry. Oznacza\u0142o to, \u017ce zak\u0142ady by\u0142y stawiane szybciej i rozgrywano wi\u0119cej rund na godzin\u0119, dzi\u0119ki czemu kasyno uzyskiwa\u0142o wy\u017cszy procent puli ni\u017c w zwyk\u0142ej grze. Podobna wersja o nazwie midi-punto zosta\u0142a opracowana przez europejskich operator\u00f3w.<\/p>\n<p>Tymczasem francuska wersja gry, zwana Chemin de Fer (&#8222;kolej&#8221;), nadal istnieje we Francji. Ta gra wymaga powa\u017cnych decyzji, kt\u00f3re maj\u0105 wp\u0142yw na wynik rozgrywki, dlatego wymagane by\u0142oby przestudiowanie aspektu strategicznego. Powsta\u0142o wtedy wiele innych odmian, w tym Baccarat EZ, Super 6 Baccarat (lub \u201ePunto 2000\u201d) i Baccarat banque. W tym artykule om\u00f3wi\u0119 ka\u017cd\u0105 z tych gier i om\u00f3wi\u0119 to, co musisz wiedzie\u0107, aby gra\u0107 w nie na prawdziwe pieni\u0105dze.<\/p>\n<p><img loading=\"lazy\" decoding=\"async\" class=\"aligncenter wp-image-4943\" src=\"https:\/\/rocketplay-new.com\/wp-content\/uploads\/2024\/02\/9999999.png\" alt=\"RocketPlay Baccarat 2\" width=\"800\" height=\"294\" srcset=\"https:\/\/rocketplay-new.com\/wp-content\/uploads\/2024\/02\/9999999.png 1188w, https:\/\/rocketplay-new.com\/wp-content\/uploads\/2024\/02\/9999999-300x110.png 300w, https:\/\/rocketplay-new.com\/wp-content\/uploads\/2024\/02\/9999999-1024x377.png 1024w, https:\/\/rocketplay-new.com\/wp-content\/uploads\/2024\/02\/9999999-768x283.png 768w\" sizes=\"auto, (max-width: 800px) 100vw, 800px\" \/><\/p>\n<h2>PODSTAWOWE ZASADY<\/h2>\n<p>RocketPlay online Baccarat Polska na prawdziwe pieni\u0105dze polega na zestawieniu kombinacji kart tak blisko 9, jak to mo\u017cliwe. Kombinacje kart r\u00f3\u017cni\u0105 si\u0119 od wi\u0119kszo\u015bci gier karcianych, ale s\u0105 intuicyjne, wi\u0119c poznasz je po kilku rundach. Warto\u015b\u0107 kart od dw\u00f3jki do dziewi\u0105tki jest r\u00f3wna ich warto\u015bci nominalnej. As daje ci jeden punkt. Dziesi\u0105tki, walety, damy i kr\u00f3le maj\u0105 warto\u015b\u0107 nominaln\u0105 0, wi\u0119c nie dodaj\u0105 nic do twojej kombinacji. Je\u015bli gracz ma na r\u0119ce 10 lub wi\u0119cej punkt\u00f3w, odejmuje si\u0119 od nich dziesi\u0119\u0107, a nast\u0119pnie liczy si\u0119 0-1-2-3-4-5-5-6-7-8-9-0-1-2 -3 i tak dalej. Na przyk\u0142ad 9 i 5 b\u0119d\u0105 liczone jako 4, a nie 14.<\/p>\n<p>Zasady gry s\u0105 \u0142atwe do zapami\u0119tania. Zasady te okre\u015blaj\u0105, kiedy gracz i bankier bior\u0105 wi\u0119cej kart, a kiedy nie mog\u0105 tego zrobi\u0107. Mo\u017ce min\u0105\u0107 troch\u0119 czasu, aby pami\u0119ta\u0107, kiedy wykona\u0107 okre\u015blone ruchy, ale zasady s\u0105 surowe, wi\u0119c nie pope\u0142nisz b\u0142\u0119d\u00f3w podczas nauki.<\/p>\n<p><span style=\"font-weight: 400;\">\u00a0<div class=\"go-btn-container\"><div class=\"tosh-btn\"><a href=\"\/go-casino\/\" target=\"_blank\" rel=\"noopener\">GRAJ TERAZ<\/a><\/div><\/div><\/span><\/p>\n<h2>ZAGRAJ W BACCARATA NA PRAWDZIWE PIENI\u0104DZE<\/h2>\n<p>Aby zagra\u0107 w t\u0119 gr\u0119 w Las Vegas lub Makau, prawdopodobnie b\u0119dziesz musia\u0142 postawi\u0107 wy\u017csze stawki. Je\u015bli chcesz gra\u0107 w Baccarat na prawdziwe pieni\u0105dze RocketPlay, ale nie chcesz gra\u0107 na wi\u0119ksze kwoty, wypr\u00f3buj mini Baccarat.<\/p>\n<h2>STRATEGIA GRY W BAKARATA<\/h2>\n<p>Wskaz\u00f3wka dotycz\u0105ca strategii bakarata online w RocketPlay dla tej gry jest do\u015b\u0107 prosta: zawsze stawiaj na wygran\u0105 bankiera. Nigdy, pod \u017cadnym pozorem, nie stawiaj na remis. Chocia\u017c wyp\u0142ata jest du\u017ca, to zak\u0142ad przegrany.<\/p>\n<p>BACCARAT: FAQ<br \/>\nJAKIE\u015a WSKAZ\u00d3WKI DOTYCZ\u0104CE GRY W BAKARATA?<\/p>\n<p>Dwie najlepsze wskaz\u00f3wki dla tych, kt\u00f3rzy graj\u0105 w bakarata, to zawsze obstawia\u0107 bankiera i mie\u0107 oko na sw\u00f3j bankroll. Je\u015bli chodzi o to drugie, dop\u00f3ki nie zapoznasz si\u0119 w pe\u0142ni z gr\u0105, najlepiej unika\u0107 system\u00f3w obstawiania i koncentrowa\u0107 si\u0119 na obstawianiu, na kt\u00f3re Ci\u0119 sta\u0107.<\/p>\n<p>CZY BACCARAT ONLINE JEST LEGALNY?<\/p>\n<p>RocketPlay Baccarat online, \u017cadne pobieranie nie jest legalne. Mo\u017cesz \u0142atwo gra\u0107 w bakarata na prawdziwe pieni\u0105dze na swoim komputerze, smartfonie lub tablecie.<\/p>\n<p>CZY MOG\u0118 GRA\u0106 W BACCARATA Z BITCOINEM?<\/p>\n<p>Obecnie wi\u0119kszo\u015b\u0107 kasyn online akceptuje bitcoiny, wi\u0119c nie b\u0119dziesz mia\u0142 problemu z graniem w bakarata online z t\u0105 kryptowalut\u0105. W rzeczywisto\u015bci wielu graczy wybiera bitcoin, poniewa\u017c wyp\u0142aty wygranych s\u0105 natychmiastowe i nie musisz czeka\u0107 na przybycie przelew\u00f3w i uiszcza\u0107 op\u0142at.<\/p>\n<p>CZY MOG\u0118 OTRZYMA\u0106 BONUS BACCARAT?<\/p>\n<p>Niekt\u00f3re kasyna online nie uwzgl\u0119dniaj\u0105 bakarata na li\u015bcie gier, w kt\u00f3rych zapewniany jest bonus powitalny, ze wzgl\u0119du na nisk\u0105 przewag\u0119 kasyna. Inne kasyna oferuj\u0105 bonusy, wi\u0119c zapoznaj si\u0119 z warunkami bonusu \u201egry sto\u0142owe\u201d, aby sprawdzi\u0107, czy Twoje kasyno oferuje bonus w bakaracie.<\/p>\n<p>Je\u015bli znajdziesz <a href=\"https:\/\/rocketplay-new.com\/pl\/bonus\/\">bonusy<\/a> Baccarat, pami\u0119taj, \u017ce maj\u0105 one bardziej rygorystyczne wymagania dotycz\u0105ce zak\u0142ad\u00f3w ni\u017c bonusy na automatach do gry, ze wzgl\u0119du na nisk\u0105 przewag\u0119 kasyna.<\/p>\n<p><img loading=\"lazy\" decoding=\"async\" class=\"aligncenter wp-image-4952\" src=\"https:\/\/rocketplay-new.com\/wp-content\/uploads\/2024\/02\/99.png\" alt=\"RocketPlay Baccarat 3\" width=\"800\" height=\"416\" srcset=\"https:\/\/rocketplay-new.com\/wp-content\/uploads\/2024\/02\/99.png 1167w, https:\/\/rocketplay-new.com\/wp-content\/uploads\/2024\/02\/99-300x156.png 300w, https:\/\/rocketplay-new.com\/wp-content\/uploads\/2024\/02\/99-1024x533.png 1024w, https:\/\/rocketplay-new.com\/wp-content\/uploads\/2024\/02\/99-768x399.png 768w\" sizes=\"auto, (max-width: 800px) 100vw, 800px\" \/><\/p>\n<p>CZY SYSTEMY BACCARAT DZIA\u0141AJ\u0104?<\/p>\n<p>Bior\u0105c pod uwag\u0119 niski wsp\u00f3\u0142czynnik strategii podczas gry w bakarata, niekt\u00f3rzy gracze u\u017cywaj\u0105 system\u00f3w obstawiania, aby omin\u0105\u0107 przewag\u0119 kasyna. Niekt\u00f3re z najpopularniejszych system\u00f3w gry w bakarata to systemy D&#8217;Alamber, Laboucher i Martingale.<\/p>\n<p>Systemy mog\u0105 pom\u00f3c Ci uzyska\u0107 du\u017c\u0105 wygran\u0105 w pojedynczej sesji, ale \u017caden z nich nie mo\u017ce omin\u0105\u0107 d\u0142ugoterminowej przewagi kasyna.<\/p>\n","protected":false},"excerpt":{"rendered":"<p>Baccarat online RocketPlay na prawdziwe pieni\u0105dze jest uwa\u017cany za szczeg\u00f3lnie presti\u017cowy w\u015br\u00f3d gier kasynowych, chocia\u017c jego reputacja jako gry elitarnej opiera si\u0119 bardziej na ekskluzywno\u015bci ni\u017c na trudno\u015bci. W rzeczywisto\u015bci wi\u0119kszo\u015b\u0107 wersji bakarata, w kt\u00f3re b\u0119dziesz gra\u0107 w kasynie na \u017cywo, nie wymaga \u017cadnych umiej\u0119tno\u015bci. Baccarat online RocketPlay oferuje dobr\u0105 przewag\u0119 kasyna w przypadku gry,&#8230;<\/p>\n","protected":false},"author":1,"featured_media":0,"parent":0,"menu_order":0,"comment_status":"closed","ping_status":"closed","template":"","meta":{"_acf_changed":false,"_kad_post_transparent":"default","_kad_post_title":"default","_kad_post_layout":"default","_kad_post_sidebar_id":"","_kad_post_content_style":"default","_kad_post_vertical_padding":"default","_kad_post_feature":"","_kad_post_feature_position":"","_kad_post_header":false,"_kad_post_footer":false,"footnotes":""},"class_list":["post-2194","page","type-page","status-publish","hentry"],"acf":[],"rttpg_featured_image_url":null,"rttpg_author":{"display_name":"John","author_link":"https:\/\/rocketplay-new.com\/pl\/author\/pemvas95n89x\/"},"rttpg_comment":0,"rttpg_category":null,"rttpg_excerpt":"Baccarat online RocketPlay na prawdziwe pieni\u0105dze jest uwa\u017cany za szczeg\u00f3lnie presti\u017cowy w\u015br\u00f3d gier kasynowych, chocia\u017c jego reputacja jako gry elitarnej opiera si\u0119 bardziej na ekskluzywno\u015bci ni\u017c na trudno\u015bci. W rzeczywisto\u015bci wi\u0119kszo\u015b\u0107 wersji bakarata, w kt\u00f3re b\u0119dziesz gra\u0107 w kasynie na \u017cywo, nie wymaga \u017cadnych umiej\u0119tno\u015bci. Baccarat online RocketPlay oferuje dobr\u0105 przewag\u0119 kasyna w przypadku gry,...","_links":{"self":[{"href":"https:\/\/rocketplay-new.com\/pl\/wp-json\/wp\/v2\/pages\/2194","targetHints":{"allow":["GET"]}}],"collection":[{"href":"https:\/\/rocketplay-new.com\/pl\/wp-json\/wp\/v2\/pages"}],"about":[{"href":"https:\/\/rocketplay-new.com\/pl\/wp-json\/wp\/v2\/types\/page"}],"author":[{"embeddable":true,"href":"https:\/\/rocketplay-new.com\/pl\/wp-json\/wp\/v2\/users\/1"}],"replies":[{"embeddable":true,"href":"https:\/\/rocketplay-new.com\/pl\/wp-json\/wp\/v2\/comments?post=2194"}],"version-history":[{"count":4,"href":"https:\/\/rocketplay-new.com\/pl\/wp-json\/wp\/v2\/pages\/2194\/revisions"}],"predecessor-version":[{"id":5858,"href":"https:\/\/rocketplay-new.com\/pl\/wp-json\/wp\/v2\/pages\/2194\/revisions\/5858"}],"wp:attachment":[{"href":"https:\/\/rocketplay-new.com\/pl\/wp-json\/wp\/v2\/media?parent=2194"}],"curies":[{"name":"wp","href":"https:\/\/api.w.org\/{rel}","templated":true}]}}