{"id":2169,"date":"2022-06-13T18:39:57","date_gmt":"2022-06-13T15:39:57","guid":{"rendered":"https:\/\/rocketplay-new.com\/roulette\/"},"modified":"2025-04-08T11:41:33","modified_gmt":"2025-04-08T08:41:33","slug":"roulette","status":"publish","type":"page","link":"https:\/\/rocketplay-new.com\/pl\/roulette\/","title":{"rendered":"Zagraj w ruletk\u0119 w RocketPlay Casino"},"content":{"rendered":"<p>O tym, \u017ce ruletka RocketPlay online &#8211; ekscytuj\u0105ca i interesuj\u0105ca gra, ka\u017cdy wie. Dlatego wielu u\u017cytkownik\u00f3w ch\u0119tnie pr\u00f3buje swoich si\u0142, wybieraj\u0105c podobne automaty do gry. Nie bez powodu w staro\u017cytno\u015bci ruletka by\u0142a nazywana kr\u00f3low\u0105 hazardu. Z t\u0105 wspania\u0142\u0105 rozrywk\u0105 wi\u0105za\u0142o si\u0119 wiele wierze\u0144 &#8211; w tym mistycznych. G\u0142\u00f3wn\u0105 atrakcj\u0105 gry jest nieprzewidywalny wynik ka\u017cdej sesji. Nie da si\u0119 przewidzie\u0107, gdzie zatrzyma si\u0119 kulka biegn\u0105ca po czarno-czerwonym kole. Ruletka online RocketPlay na prawdziwe pieni\u0105dze, dzia\u0142aj\u0105ca na generatorze liczb losowych, barwnie odtwarza atmosfer\u0119 prawdziwych gier, kt\u00f3rymi rz\u0105dzi jedynie Jej Wysoko\u015b\u0107 Pani Szcz\u0119\u015bcia. Podobno ryzykowna rozrywka ma francuskie korzenie. Jednak popularno\u015b\u0107 gry jest tak du\u017ca, \u017ce \u200b\u200bmieszka\u0144cy r\u00f3\u017cnych kraj\u00f3w wybieraj\u0105 ruletk\u0119 na automatach, dzi\u0119ki temu, \u017ce s\u0105 to wysokiej jako\u015bci emulatory popularnej rozrywki. Kasyno online <a href=\"https:\/\/rocketplay-new.com\/pl\/casino\/\">RocketPlay<\/a> oferuje wiele rodzaj\u00f3w ruletki, wypr\u00f3buj je wszystkie i wybierz najlepsz\u0105 dla siebie.<\/p>\n<p><img loading=\"lazy\" decoding=\"async\" class=\"aligncenter wp-image-4807\" src=\"https:\/\/rocketplay-new.com\/wp-content\/uploads\/2024\/02\/453545.png\" alt=\"Roulette RocketPlay Casino\" width=\"800\" height=\"457\" srcset=\"https:\/\/rocketplay-new.com\/wp-content\/uploads\/2024\/02\/453545.png 1413w, https:\/\/rocketplay-new.com\/wp-content\/uploads\/2024\/02\/453545-300x171.png 300w, https:\/\/rocketplay-new.com\/wp-content\/uploads\/2024\/02\/453545-1024x585.png 1024w, https:\/\/rocketplay-new.com\/wp-content\/uploads\/2024\/02\/453545-768x439.png 768w\" sizes=\"auto, (max-width: 800px) 100vw, 800px\" \/><\/p>\n<h2>Jak zacz\u0105\u0107 gra\u0107 przy wirtualnym stole do ruletki?<\/h2>\n<p>U\u017cytkownik powinien wiedzie\u0107, \u017ce istniej\u0105 wersje demonstracyjne popularnej rozrywki \u2013 dzi\u0119ki temu mo\u017cna aktywowa\u0107 maszyn\u0119 za darmo. Zalet\u0105 korzystania z <a href=\"https:\/\/rocketplay-new.com\/pl\/slot-machines\/\">automat\u00f3w<\/a> do gry za darmo jest to, \u017ce ich wyb\u00f3r pozwala nauczy\u0107 si\u0119 w\u0142a\u015bciwego podej\u015bcia do ryzykownej rozrywki, jednocze\u015bnie opanowuj\u0105c klasyczne algorytmy gry. Aby skutecznie gra\u0107 w ruletk\u0119 online RocketPlay Polska, nale\u017cy mie\u0107 trze\u017awe krytyczne my\u015blenie i pewn\u0105 doz\u0119 spokoju. Wa\u017cne jest r\u00f3wnie\u017c zrozumienie zasad konkretnego automatu do gry, poniewa\u017c r\u00f3\u017cne modyfikacje ruletki maj\u0105 swoje w\u0142asne niuanse. Zn\u00f3w, podobnie jak w przypadku wideo pokera, nie znajdziecie tu europejskiej ruletki czy np. ameryka\u0144skiego sto\u0142u do ruletki z <a href=\"https:\/\/rocketplay-new.com\/pl\/live-casino\/\">\u017cywym krupierem<\/a> firmy Novomatic (automaty do gry Gaminator), a tak\u017ce produkcji symulator\u00f3w do gier sto\u0142owych i Nie zaanga\u017cowany i kochany przez wszystkich graczy w by\u0142ym Zwi\u0105zku Radzieckim producent automat\u00f3w do gier Igrosoft.<\/p>\n<p><span style=\"font-weight: 400;\">\u00a0\u00a0\u00a0<div class=\"go-btn-container\"><div class=\"tosh-btn\"><a href=\"\/go-casino\/\" target=\"_blank\" rel=\"noopener\">GRAJ TERAZ<\/a><\/div><\/div><\/span><\/p>\n<h2>RODZAJE RULETKI I JEJ CECHY<\/h2>\n<p>Wiadomo, \u017ce ta gra ma wiele odmian: ameryka\u0144sk\u0105, francusk\u0105, nowoorlea\u0144sk\u0105, europejsk\u0105 itp. Do\u015bwiadczeni u\u017cytkownicy radz\u0105 gra\u0107 w ruletk\u0119 online RocketPlay &#8211; maj\u0105 wysok\u0105 stop\u0119 zwrotu. Szanse u\u017cytkownika na wygran\u0105 wzrastaj\u0105 dzi\u0119ki ciekawemu niuansowi \u2013 na kole nie ma symbolu podw\u00f3jnego zera, co jest typowe dla wersji ameryka\u0144skiej.<\/p>\n<p>Warto zauwa\u017cy\u0107, \u017ce niekt\u00f3re ruletki maj\u0105 tylko standardowe zak\u0142ady, podczas gdy inne maj\u0105 r\u00f3wnie\u017c zak\u0142ady ustne. Druga opcja jest bardziej odpowiednia dla zaawansowanych u\u017cytkownik\u00f3w, kt\u00f3rzy chc\u0105 maksymalnie urozmaici\u0107 rozgrywk\u0119. Sprawd\u017a wskaz\u00f3wki dotycz\u0105ce ruletki online RocketPlay.<\/p>\n<p><img loading=\"lazy\" decoding=\"async\" class=\"aligncenter wp-image-4816\" src=\"https:\/\/rocketplay-new.com\/wp-content\/uploads\/2024\/02\/2223232.png\" alt=\"Roulette RocketPlay Casino 2\" width=\"800\" height=\"448\" srcset=\"https:\/\/rocketplay-new.com\/wp-content\/uploads\/2024\/02\/2223232.png 1183w, https:\/\/rocketplay-new.com\/wp-content\/uploads\/2024\/02\/2223232-300x168.png 300w, https:\/\/rocketplay-new.com\/wp-content\/uploads\/2024\/02\/2223232-1024x573.png 1024w, https:\/\/rocketplay-new.com\/wp-content\/uploads\/2024\/02\/2223232-768x430.png 768w\" sizes=\"auto, (max-width: 800px) 100vw, 800px\" \/><\/p>\n<h2>ZAPROJEKTUJ EMULATOR RULETKI ONLINE<\/h2>\n<p>Pojawienie si\u0119 automat\u00f3w w prawdziwych cechach tej gry. U\u017cytkownik zobaczy znajome ko\u0142o, podzielone na sektory, kul\u0119, pole do obstawiania oraz \u017cetony. Pocz\u0105tkuj\u0105cy u\u017cytkownik powinien zdecydowanie nauczy\u0107 si\u0119 zasad gry w ruletk\u0119 online RocketPlay. Znajdziesz tam szczeg\u00f3\u0142owy opis opcji i funkcji ka\u017cdego zak\u0142adu, a tak\u017ce wyp\u0142aty w przypadku wygranej. Nowoczesna technologia komputerowa sprawia, \u017ce \u200b\u200bproces grania na tych maszynach mo\u017ce by\u0107 wyra\u017cany przez wirtualnego krupiera napiwk\u00f3w. Cech\u0105 automat\u00f3w do gry w ruletk\u0119 jest szeroka gama mo\u017cliwych zak\u0142ad\u00f3w. Istniej\u0105 zak\u0142ady na parzyste\/nieparzyste, czarne\/czerwone, wiersze i kolumny, okre\u015blon\u0105 liczb\u0119. Najwi\u0119kszy zysk przynosz\u0105 zak\u0142ady na numer lub zero, tylko takie szcz\u0119\u015bcie rzadko wypada. Maksymalna wygrana na automatach to x36. Poprzedzony jest prawid\u0142owym wyborem konkretnej liczby, kt\u00f3ra zatrzyma\u0142a pi\u0142k\u0119.<\/p>\n<p>Gra w ruletk\u0119 online jest cz\u0119sto obecna w w\u0105tkach popularnych film\u00f3w. Wsp\u00f3\u0142cze\u015bni dostawcy urozmaicili gr\u0119, tworz\u0105c czasem unikalne maszyny o nieco innych zasadach. To tylko kwestia wyboru odpowiedniej opcji i przygotowania do sukcesu!<\/p>\n<p><span style=\"font-weight: 400;\">\u00a0\u00a0\u00a0<div class=\"go-btn-container\"><div class=\"tosh-btn\"><a href=\"\/go-casino\/\" target=\"_blank\" rel=\"noopener\">GRAJ TERAZ<\/a><\/div><\/div><\/span><\/p>\n<h2>RULETKA: FAQ<\/h2>\n<h3>JAKI RODZAJ RULETKI OFERUJE ROCKETPLAY?<\/h3>\n<p>Kasyno online RocketPlay oferuje nast\u0119puj\u0105ce rodzaje ruletki: ameryka\u0144sk\u0105, europejsk\u0105, wci\u0105gaj\u0105c\u0105, ameryka\u0144sk\u0105 i europejsk\u0105 z krupierami na \u017cywo (od Ezugi i Evolution Gaming), a tak\u017ce tak zwan\u0105 rosyjsk\u0105 ruletk\u0119 \u2013 ruletk\u0119 z jednym zerem i rosyjskoj\u0119zyczn\u0105 sprzedawca dziewczyna.<\/p>\n<h3>CZY MOG\u0118 GRA\u0106 PRZY STOLIKU DO RULETKI ZA DARMO?<\/h3>\n<p>Tak, ruletka Tom Horn ma darmow\u0105 ruletk\u0119 RocketPlay. Ruletka (podobnie jak wszystkie gry z krupierem na \u017cywo) wymaga rejestracji i prawdziwych lub bonusowych \u015brodk\u00f3w na koncie.<\/p>\n<h3>CO TO JEST RULETKA?<\/h3>\n<p>Ruletka t\u0142umaczy si\u0119 z francuskiego jako \u201ema\u0142e ko\u0142o\u201d. Ten ko\u0142owrotek zawiera 36 cyfr i 0 (zero, a nawet podw\u00f3jne zero w zamerykanizowanej wersji gry). St\u00f3\u0142 do ruletki jest podzielony na nast\u0119puj\u0105ce sekcje: numeryczne 1-12, 2-12, 3-12, 1-18, 19-36, wszystkie bloki s\u0105 parzyste, wszystkie nieparzyste, wszystkie czarne, wszystkie czerwone.<\/p>\n<h3>JAK OBSTAWIA\u0106 ZAK\u0141ADY PRZY STOLU DO RULETKI?<\/h3>\n<p>Wymienimy zak\u0142ady wed\u0142ug ich rodzaju. Zak\u0142ady wewn\u0119trzne (na wewn\u0119trznym, cyfrowym znaczniku sto\u0142u do ruletki): na 1 numer &#8211; mno\u017cnik 35, na 2 numery &#8211; 17, na 3 numery &#8211; 11, na 4 numery &#8211; 8, na 5 numer\u00f3w &#8211; 5, w wersji ameryka\u0144skiej dodatkowo istniej\u0105 zak\u0142ady na dwa zera (0, 00) &#8211; mno\u017cnik 17 oraz zak\u0142ad na 5 numer\u00f3w (0, 00, 1, 2, 3) z mno\u017cnikiem 6. Zak\u0142ady zewn\u0119trzne (zgodnie z okr\u0119giem cyfrowego oznaczenia ruletki st\u00f3\u0142: czerwony lub czarny \u2013 mno\u017cnik 1, parzysty lub nieparzysty \u2013 1, zak\u0142ad na s\u0142upek (a tak\u017ce tuzin, 12 numer\u00f3w) \u2013 2.<\/p>\n<p><img loading=\"lazy\" decoding=\"async\" class=\"aligncenter wp-image-4826\" src=\"https:\/\/rocketplay-new.com\/wp-content\/uploads\/2024\/02\/23132131.png\" alt=\"Roulette RocketPlay Casino 3\" width=\"800\" height=\"419\" srcset=\"https:\/\/rocketplay-new.com\/wp-content\/uploads\/2024\/02\/23132131.png 1175w, https:\/\/rocketplay-new.com\/wp-content\/uploads\/2024\/02\/23132131-300x157.png 300w, https:\/\/rocketplay-new.com\/wp-content\/uploads\/2024\/02\/23132131-1024x537.png 1024w, https:\/\/rocketplay-new.com\/wp-content\/uploads\/2024\/02\/23132131-768x403.png 768w\" sizes=\"auto, (max-width: 800px) 100vw, 800px\" \/><\/p>\n<h3>CZYM JEST LEPSZA RULETKA &#8211; AMERYKA\u0143SKA CZY EUROPEJSKA?<\/h3>\n<p>Wyb\u00f3r ruletki zale\u017cy wy\u0142\u0105cznie od Twoich preferencji i do\u015bwiadczenia. Jednak matematyka m\u00f3wi, \u017ce ruletka ameryka\u0144ska, dzi\u0119ki podw\u00f3jnemu zerowi, daje kasynu przewag\u0119 nad ruletk\u0105 europejsk\u0105 \u2013 5,6% pocz\u0105tkowego prawdopodobie\u0144stwa wygrania kasyna przy stole z dwoma zerami wobec 2,7% dla ruletki europejskiej.<\/p>\n<h3>CZY MOG\u0118 KORZYSTA\u0106 Z STRATEGII MARTINGALE (I INNYCH) PODCZAS GRY W RULETK\u0118 W ROCKETPLAYU?<\/h3>\n<p>Nie daj si\u0119 zwie\u015b\u0107. W grze przy ruletce nie ma strategii \u2013 ca\u0142a gra to tylko seria dobrych i nienajlepszych remis\u00f3w. Systemy matematyczne, kt\u00f3re polegaj\u0105 na ci\u0105g\u0142ym podnoszeniu stawek, nie daj\u0105 \u017cadnej przewagi nad kasynem, a strategia gry w ruletk\u0119 RocketPlay z obliczaniem kolejnej liczby jest w swej istocie absurdalna. Jedyne, czego potrzebujesz przy stole do ruletki, to szcz\u0119\u015bcie!<\/p>\n","protected":false},"excerpt":{"rendered":"<p>O tym, \u017ce ruletka RocketPlay online &#8211; ekscytuj\u0105ca i interesuj\u0105ca gra, ka\u017cdy wie. Dlatego wielu u\u017cytkownik\u00f3w ch\u0119tnie pr\u00f3buje swoich si\u0142, wybieraj\u0105c podobne automaty do gry. Nie bez powodu w staro\u017cytno\u015bci ruletka by\u0142a nazywana kr\u00f3low\u0105 hazardu. Z t\u0105 wspania\u0142\u0105 rozrywk\u0105 wi\u0105za\u0142o si\u0119 wiele wierze\u0144 &#8211; w tym mistycznych. G\u0142\u00f3wn\u0105 atrakcj\u0105 gry jest nieprzewidywalny wynik ka\u017cdej sesji&#8230;.<\/p>\n","protected":false},"author":1,"featured_media":0,"parent":0,"menu_order":0,"comment_status":"closed","ping_status":"closed","template":"","meta":{"_acf_changed":false,"_kad_post_transparent":"default","_kad_post_title":"default","_kad_post_layout":"default","_kad_post_sidebar_id":"","_kad_post_content_style":"default","_kad_post_vertical_padding":"default","_kad_post_feature":"","_kad_post_feature_position":"","_kad_post_header":false,"_kad_post_footer":false,"footnotes":""},"class_list":["post-2169","page","type-page","status-publish","hentry"],"acf":[],"rttpg_featured_image_url":null,"rttpg_author":{"display_name":"John","author_link":"https:\/\/rocketplay-new.com\/pl\/author\/pemvas95n89x\/"},"rttpg_comment":0,"rttpg_category":null,"rttpg_excerpt":"O tym, \u017ce ruletka RocketPlay online &#8211; ekscytuj\u0105ca i interesuj\u0105ca gra, ka\u017cdy wie. Dlatego wielu u\u017cytkownik\u00f3w ch\u0119tnie pr\u00f3buje swoich si\u0142, wybieraj\u0105c podobne automaty do gry. Nie bez powodu w staro\u017cytno\u015bci ruletka by\u0142a nazywana kr\u00f3low\u0105 hazardu. Z t\u0105 wspania\u0142\u0105 rozrywk\u0105 wi\u0105za\u0142o si\u0119 wiele wierze\u0144 &#8211; w tym mistycznych. G\u0142\u00f3wn\u0105 atrakcj\u0105 gry jest nieprzewidywalny wynik ka\u017cdej sesji....","_links":{"self":[{"href":"https:\/\/rocketplay-new.com\/pl\/wp-json\/wp\/v2\/pages\/2169","targetHints":{"allow":["GET"]}}],"collection":[{"href":"https:\/\/rocketplay-new.com\/pl\/wp-json\/wp\/v2\/pages"}],"about":[{"href":"https:\/\/rocketplay-new.com\/pl\/wp-json\/wp\/v2\/types\/page"}],"author":[{"embeddable":true,"href":"https:\/\/rocketplay-new.com\/pl\/wp-json\/wp\/v2\/users\/1"}],"replies":[{"embeddable":true,"href":"https:\/\/rocketplay-new.com\/pl\/wp-json\/wp\/v2\/comments?post=2169"}],"version-history":[{"count":6,"href":"https:\/\/rocketplay-new.com\/pl\/wp-json\/wp\/v2\/pages\/2169\/revisions"}],"predecessor-version":[{"id":6036,"href":"https:\/\/rocketplay-new.com\/pl\/wp-json\/wp\/v2\/pages\/2169\/revisions\/6036"}],"wp:attachment":[{"href":"https:\/\/rocketplay-new.com\/pl\/wp-json\/wp\/v2\/media?parent=2169"}],"curies":[{"name":"wp","href":"https:\/\/api.w.org\/{rel}","templated":true}]}}