{"id":2138,"date":"2022-06-13T17:39:32","date_gmt":"2022-06-13T14:39:32","guid":{"rendered":"https:\/\/rocketplay-new.com\/blackjack\/"},"modified":"2025-11-26T20:10:36","modified_gmt":"2025-11-26T17:10:36","slug":"blackjack","status":"publish","type":"page","link":"https:\/\/rocketplay-new.com\/pl\/blackjack\/","title":{"rendered":"Graj w blackjacka na prawdziwe pieni\u0105dze w RocketPlay Casino"},"content":{"rendered":"<p>Blackjack oferuje najlepsz\u0105 przewag\u0119 zak\u0142ad\u00f3w hazardowych w\u015br\u00f3d wszystkich gier sto\u0142owych w kasynie. Twenty-One ma dziesi\u0105tki popularnych odmian. Wi\u0119kszo\u015b\u0107 z tych wersji oferuje nieco wy\u017csze lub ni\u017csze oczekiwane zwroty, ale tak\u017ce zapewnia jedne z najwy\u017cszych kurs\u00f3w, jakie mo\u017cna znale\u017a\u0107 w kasynie. Dlatego gracze odwiedzaj\u0105cy kasyna znajduj\u0105 tak wiele r\u00f3\u017cnych sto\u0142\u00f3w, cz\u0119sto z zupe\u0142nie innymi zasadami.<\/p>\n<p>Je\u015bli zamierzasz gra\u0107 w blackjacka na prawdziwe pieni\u0105dze, warto pozna\u0107 r\u00f3\u017cne odmiany zasad. Znalezienie najlepszego sto\u0142u do blackjacka w kasynie pozwoli Ci zaoszcz\u0119dzi\u0107 sporo pieni\u0119dzy pod koniec sesji gry. Ka\u017cda zasada dodana do klasycznej gry w blackjacka zmienia nie tylko przewag\u0119 kasyna, ale tak\u017ce strategi\u0119 gracza na optymalizacj\u0119 swoich pieni\u0119dzy do gry \u2013 bankroll.<\/p>\n<p><img loading=\"lazy\" decoding=\"async\" class=\"aligncenter wp-image-4962\" src=\"https:\/\/rocketplay-new.com\/wp-content\/uploads\/2024\/02\/10.png\" alt=\"Blackjack RocketPlay Casino\" width=\"800\" height=\"466\" srcset=\"https:\/\/rocketplay-new.com\/wp-content\/uploads\/2024\/02\/10.png 1416w, https:\/\/rocketplay-new.com\/wp-content\/uploads\/2024\/02\/10-300x175.png 300w, https:\/\/rocketplay-new.com\/wp-content\/uploads\/2024\/02\/10-1024x597.png 1024w, https:\/\/rocketplay-new.com\/wp-content\/uploads\/2024\/02\/10-768x447.png 768w\" sizes=\"auto, (max-width: 800px) 100vw, 800px\" \/><\/p>\n<h2>Gry w blackjacka na prawdziwe pieni\u0105dze<\/h2>\n<p>Graj\u0105c w blackjacka na prawdziwe pieni\u0105dze, musisz zna\u0107 podstawowe gry strategiczne w blackjacka RocketPlay. Gry takie jak keno, ruletka i automaty nie maj\u0105 aspektu strategicznego. Ka\u017cdy gracz jest tak samo dobry jak nast\u0119pny, niezale\u017cnie od tego, czy grasz przez 30 minut, czy 30 lat. W blackjacku gracze podejmuj\u0105 prawdziwe strategiczne decyzje, kt\u00f3re wp\u0142ywaj\u0105 na szanse wygranej i przegranej. Dlatego RocketPlay Casino oferuje gr\u0119 z tak nisk\u0105 przewag\u0105 kasyna. Jej zarz\u0105d wie, \u017ce wi\u0119kszo\u015b\u0107 graczy w blackjacka nie b\u0119dzie w stanie gra\u0107 optymalnie. Gdy kto\u015b nie wykonuje w\u0142a\u015bciwych ruch\u00f3w, przewaga kasyna wzrasta do poziomu innych niestrategicznych gier sto\u0142owych.<\/p>\n<p>Aby poprawi\u0107, gracze musz\u0105 nauczy\u0107 si\u0119 podstawowej strategii. Istniej\u0105 ksi\u0105\u017cki, kt\u00f3re wyja\u015bniaj\u0105 podstawy podstawowej strategii, takie jak \u201eBeat the Dealer\u201d Edwarda Thorpe&#8217;a. Istniej\u0105 r\u00f3wnie\u017c wykresy i tabele, kt\u00f3re mo\u017cesz zapami\u0119ta\u0107. Kiedy spr\u00f3bujesz zapami\u0119ta\u0107 podstawowy wykres strategii, nauczysz si\u0119 najlepszych krok\u00f3w dla ka\u017cdego mo\u017cliwego scenariusza. Tabele te s\u0105 cz\u0119sto oznaczone kolorami dla ka\u017cdej mo\u017cliwej gry. U\u017cywaj\u0105 r\u00f3wnie\u017c inicja\u0142\u00f3w dla wygody (i ze wzgl\u0119du na ograniczenia rozmiaru). Powiedz\u0105 ci, kiedy poprosi\u0107 o kart\u0119 (H), odrzuci\u0107 kart\u0119 (S), podzieli\u0107 par\u0119 (SP) i podwoi\u0107 (D).<\/p>\n<p><span style=\"font-weight: 400;\">\u00a0<div class=\"go-btn-container\"><div class=\"tosh-btn\"><a href=\"\/go-casino\/\" target=\"_blank\" rel=\"noopener\">GRAJ TERAZ<\/a><\/div><\/div> <\/span><\/p>\n<h2>21: OPCJE GRY<\/h2>\n<p>Blackjack <a href=\"https:\/\/rocketplay-new.com\/pl\">online RocketPlay<\/a> ma dziesi\u0105tki odmian. Dla ka\u017cdej odmiany gry musisz znale\u017a\u0107 odpowiedni\u0105 podstawow\u0105 tabel\u0119 strategii. Klasyczne wykresy blackjacka istniej\u0105 dla tradycyjnej gry. Istniej\u0105 wykresy dla Pontoon Blackjack i wykresy dla hiszpa\u0144skiego 21 i tak dalej dla wszystkich innych odmian i zasad. Dwadzie\u015bcia jeden ma wiele wersji, wi\u0119c je\u015bli zdecydujesz si\u0119 zagra\u0107 w ka\u017cd\u0105 gr\u0119, b\u0119dziesz potrzebowa\u0107 oddzielnych wykres\u00f3w dla idealnych par, prze\u0142\u0105cznika, progresywnego blackjacka, eliminacji blackjacka, super fan 21, podw\u00f3jnych otwar\u0107 i wszystkich innych typ\u00f3w opanowa\u0107. Mo\u017cesz znale\u017a\u0107 te tabele podstawowych strategii online i wydrukowa\u0107 je za darmo, wi\u0119c nie my\u015bl, \u017ce musisz kupowa\u0107 ksi\u0105\u017ck\u0119, aby nauczy\u0107 si\u0119 wszystkich tych przydatnych przewodnik\u00f3w.<\/p>\n<p>Kiedy grasz w blackjacka online za darmo RocketPlay, powiniene\u015b zna\u0107 strategie na pami\u0119\u0107. Powinny zosta\u0107 wypalone w Twojej pami\u0119ci, ale je\u015bli nadal nie czujesz si\u0119 pewnie, rozwa\u017c zabranie ze sob\u0105 do sto\u0142u podstawowej tabeli strategii. Poleganie na takich wykresach jest uzasadnione, podobnie jak proszenie dealera o rad\u0119. Jedyne, co nie jest dozwolone, to tworzenie pauz i op\u00f3\u017anianie gry za pomoc\u0105 pyta\u0144 taktycznych. Jest to szkodliwe dla dzia\u0142ania kasyna i przeszkadza innym graczom w czerpaniu przyjemno\u015bci z gry, wi\u0119c takie zachowanie jest mile widziane.<\/p>\n<p>Pami\u0119taj, \u017ce podstawowa strategia nie zapewni Ci przewagi nad kasynem. Ale mo\u017ce to zminimalizowa\u0107 przewag\u0119 kasyna nad tob\u0105. Podstawowa strategia w blackjacku na prawdziwe pieni\u0105dze jest odpowiednikiem zakup\u00f3w ze zni\u017ck\u0105: pozwala ona maksymalnie naci\u0105gn\u0105\u0107 Twojego kasynowego dolara. Kiedy grasz o pieni\u0105dze, korzystaj z ka\u017cdej mo\u017cliwej przewagi prawnej. Polegaj na w\u0142a\u015bciwej strategii, korzystaj z wszelkich ofert kasyna i m\u0105drze zarz\u0105dzaj swoim kapita\u0142em, aby ograniczy\u0107 szkody w przypadku przegranej.Podstawy liczenia kart<\/p>\n<p>Gracze, kt\u00f3rzy chc\u0105 zyska\u0107 przewag\u0119 nad RocketPlay Casino, musz\u0105 nauczy\u0107 si\u0119 liczy\u0107 karty. Ci, kt\u00f3rzy czytali ksi\u0105\u017cki, ogl\u0105dali filmy i hollywoodzkie filmy, mogli pomy\u015ble\u0107, \u017ce liczenie kart to tajemniczy, skomplikowany system matematyczny. W rzeczywisto\u015bci matematyka jest podstawowa i ka\u017cdy umiej\u0105cy czyta\u0107 w czwartej klasie mo\u017ce to zrobi\u0107. Sztuczka z liczeniem kart polega na tym, aby zrobi\u0107 to dyskretnie przed obs\u0142ug\u0105 kasyna.<\/p>\n<p>Jest to trudne, poniewa\u017c je\u015bli usi\u0105dziesz i skoncentrujesz si\u0119, licz\u0105c, kt\u00f3re karty wyjd\u0105 z r\u0119ki krupiera, prawdopodobnie zostanie to zauwa\u017cone. Krupier licz\u0105cy karty musi zmienia\u0107 swoje zak\u0142ady o du\u017ce kwoty, aby wykorzysta\u0107 momenty, w kt\u00f3rych uk\u0142ad kart jest na jego korzy\u015b\u0107. Je\u015bli po cichu my\u015blisz o czym\u015b i zmieniasz zak\u0142ady z 5 $ na 100 $ w r\u00f3\u017cnych momentach, natychmiast zostaniesz zauwa\u017cony. Chocia\u017c liczenie kart nie jest nielegalne, je\u015bli zostaniesz zauwa\u017cony, mo\u017cesz zosta\u0107 poproszony o opuszczenie kasyna lub personel kasyna zacznie ci\u0119 rozprasza\u0107 podczas gry. Musisz wi\u0119c by\u0107 rozmownym, towarzyskim typem, kt\u00f3ry nie waha si\u0119 od czasu do czasu zmienia\u0107 zak\u0142ad\u00f3w, poniewa\u017c jeste\u015b niew\u0105tpliwie znudzonym du\u017cym graczem. Teraz rozumiesz, dlaczego uwa\u017ca si\u0119 to za trudn\u0105 sprzeda\u017c.<\/p>\n<h2>Blackjack online na prawdziwe pieni\u0105dze<\/h2>\n<p>Jedn\u0105 z g\u0142\u00f3wnych r\u00f3\u017cnic mi\u0119dzy tradycyjnym blackjackiem online RocketPlay Australia a internetowym dwudziestym jeden jest w\u0142\u0105czenie generatora liczb losowych, kt\u00f3ry zapewnia wyniki. RNG jest u\u017cywany w tradycyjnych automatach do gry i do wynik\u00f3w wideo pokera od 30 lat, wi\u0119c jest to bezpieczny i sprawdzony spos\u00f3b okre\u015blania wynik\u00f3w. Jednak u\u017cycie chipa komputerowego w produkcji gry daje operatorowi gry online pewne korzy\u015bci, a mianowicie mo\u017cliwo\u015b\u0107 tasowania talii po ka\u017cdym rozdaniu. Z tego powodu liczenie kart w blackjacku online jest ca\u0142kowicie bezu\u017cyteczne. Po prostu zaakceptuj, \u017ce nigdy nie mo\u017cesz liczy\u0107 kart online i spr\u00f3buj znale\u017a\u0107 inne sposoby na zdobycie przewagi.<\/p>\n<p>Jedn\u0105 z zalet RocketPlay online blackjack online 21 jest program nagr\u00f3d dla graczy. Wi\u0119kszo\u015b\u0107 z nich nazywa si\u0119 \u201ebonusami VIP\u201d, ale cz\u0119sto dotycz\u0105 one gier w blackjacka. Zapewne wiesz, \u017ce w tradycyjnych kasynach przy sto\u0142ach dwudziestu jeden nie ma dobrego programu motywacyjnego, takiego jak w przypadku automat\u00f3w do gry. W bran\u017cy kasyn online sprawy s\u0105 nieco bardziej wyr\u00f3wnane. Podczas gdy wi\u0119kszo\u015b\u0107 <a href=\"https:\/\/rocketplay-new.com\/pl\/bonus\/\">bonus\u00f3w<\/a> powitalnych trafia do tych, kt\u00f3rzy graj\u0105 w automaty, a nie w blackjacka i wideo pokera, wi\u0119kszo\u015b\u0107 witryn oferuje graczom 21 punkt\u00f3w bonusowych za rejestracj\u0119. Jednak w ci\u0105g\u0142ych programach z nagrodami premie cz\u0119sto zale\u017c\u0105 od kwoty, w kt\u00f3r\u0105 grasz, i nie s\u0105 zale\u017cne od rodzaju gry. Nie zawsze tak jest, dlatego przed zbyt du\u017c\u0105 gr\u0105 w blackjacka RocketPlay radzimy zapozna\u0107 si\u0119 z bonusami VIP na stronie internetowej.<\/p>\n<p><img loading=\"lazy\" decoding=\"async\" class=\"aligncenter wp-image-4972\" src=\"https:\/\/rocketplay-new.com\/wp-content\/uploads\/2024\/02\/1000.png\" alt=\"Blackjack RocketPlay Casino 2\" width=\"800\" height=\"451\" srcset=\"https:\/\/rocketplay-new.com\/wp-content\/uploads\/2024\/02\/1000.png 1192w, https:\/\/rocketplay-new.com\/wp-content\/uploads\/2024\/02\/1000-300x169.png 300w, https:\/\/rocketplay-new.com\/wp-content\/uploads\/2024\/02\/1000-1024x577.png 1024w, https:\/\/rocketplay-new.com\/wp-content\/uploads\/2024\/02\/1000-768x433.png 768w\" sizes=\"auto, (max-width: 800px) 100vw, 800px\" \/><\/p>\n<h2>Blackjack online z krupierem na \u017cywo<\/h2>\n<p>Dzi\u015b blackjack pozostaje g\u0142\u00f3wn\u0105 rozrywk\u0105 milion\u00f3w ludzi na ca\u0142ym \u015bwiecie. Pod\u0105\u017caj\u0105c za najnowsz\u0105 technologi\u0105, coraz wi\u0119cej platform hazardowych online oferuje swoim odwiedzaj\u0105cym nowy poziom interaktywnego do\u015bwiadczenia, doskonale po\u0142\u0105czonego z autentyczn\u0105 atmosfer\u0105 tradycyjnego kasyna.<\/p>\n<p>Gracze s\u0105 witani przez profesjonalnych krupier\u00f3w na \u017cywo przeszkolonych do zajmowania swoich go\u015bci 24 godziny na dob\u0119, 7 dni w tygodniu, podczas gdy gracze doceni\u0105 niezwykle szczeg\u00f3\u0142owe transmisje na \u017cywo. Dzi\u0119ki najnowocze\u015bniejszym kamerom st\u00f3\u0142 (zazwyczaj wyposa\u017cony w r\u0119czne tasowanie kart) i krupierzy s\u0105 w zasi\u0119gu wzroku, dzi\u0119ki czemu \u017caden ruch nie umknie obiektywowi.<\/p>\n<h2>PROGRAMY BONUSOWE VIP I KART KREDYTOWYCH<\/h2>\n<p>W blackjacku online takie rzeczy jak konkursy (punkty startowe dla odwiedzaj\u0105cych), cashback i bonusy mog\u0105 pom\u00f3c zmniejszy\u0107 przewag\u0119 kasyna. Pami\u0119taj r\u00f3wnie\u017c, \u017ce mo\u017cesz zasila\u0107 swoje konto hazardowe kartami kredytowymi, wi\u0119c graj\u0105c online nie zapomnij zmaksymalizowa\u0107 premii na karcie VISA i MasterCard.<\/p>\n<p><span style=\"font-weight: 400;\">\u00a0<div class=\"go-btn-container\"><div class=\"tosh-btn\"><a href=\"\/go-casino\/\" target=\"_blank\" rel=\"noopener\">GRAJ TERAZ<\/a><\/div><\/div> <\/span><\/p>\n<h2>Wskaz\u00f3wki dotycz\u0105ce blackjacka online za prawdziwe pieni\u0105dze<\/h2>\n<p>Ide\u0105 dwudziestu jeden gier hazardowych jest znalezienie gry kasynowej z minimaln\u0105 przewag\u0105 domu. Dojdziesz do logicznego wniosku, kiedy wybierzesz blackjacka jako swoj\u0105 gr\u0119. Znajd\u017a najlepsz\u0105 wersj\u0119 dwudziestu jeden gry w dowolnym kasynie, w kt\u00f3rym grasz. Czasami nie jest to \u0142atwe, poniewa\u017c zasady gry nie zawsze s\u0105 pocz\u0105tkowo oczywiste i powinny by\u0107 rozumiane, gdy idziesz do sto\u0142u do gry. Po klikni\u0119ciu gry przejrzyj r\u00f3\u017cne wyp\u0142aty i dodatkowe zasady blackjacka RocketPlay, zanim postawisz nawet najmniejszy zak\u0142ad.<\/p>\n<p>Poniewa\u017c grasz online, mo\u017cesz por\u00f3wna\u0107 te warunki z tabel\u0105 i zobaczy\u0107, jak bardzo ka\u017cda regu\u0142a wp\u0142ywa na przewag\u0119 kasyna. W rzeczywisto\u015bci niekt\u00f3re witryny oferuj\u0105 zas\u00f3b, z kt\u00f3rego mo\u017cna<a href=\"https:\/\/rocketplay-new.com\/pl\/download\/\"> pobra\u0107<\/a> pe\u0142ne zasady gry w blackjacka RocketPlay i zobaczy\u0107 przewag\u0119 kasyna. Rozpocz\u0119cie gry w nowym kasynie mo\u017ce zaj\u0105\u0107 troch\u0119 czasu, ale jest to wysi\u0142ek, kt\u00f3ry musisz podj\u0105\u0107 tylko raz. Po znalezieniu najlepszej gry w kasynie online zanotuj na swoim komputerze za pomoc\u0105 prostego pliku Notatnika. Kiedy nadejdzie czas, aby zagra\u0107 ponownie, wystarczy odnie\u015b\u0107 si\u0119 do tych wpis\u00f3w. Prowad\u017a list\u0119 najlepszych gier w blackjacka dla ka\u017cdej spo\u0142eczno\u015bci graczy online, do kt\u00f3rej nale\u017cysz. Granie tylko w jedn\u0105 wersj\u0119 gry mo\u017ce wydawa\u0107 si\u0119 nudne, ale je\u015bli chcesz gra\u0107 we wszystkie typy, interesuje Ci\u0119 co\u015b innego, a nie najlepsze szanse na wygran\u0105. Twoja opinia na temat wersji blackjacka jest tak samo aktualna jak moja, wi\u0119c pozwol\u0119 ci podj\u0105\u0107 t\u0119 decyzj\u0119 samemu.<\/p>\n<p><img loading=\"lazy\" decoding=\"async\" class=\"aligncenter wp-image-4981\" src=\"https:\/\/rocketplay-new.com\/wp-content\/uploads\/2024\/02\/1000000000000.png\" alt=\"Blackjack RocketPlay Casino 3\" width=\"800\" height=\"576\" srcset=\"https:\/\/rocketplay-new.com\/wp-content\/uploads\/2024\/02\/1000000000000.png 1171w, https:\/\/rocketplay-new.com\/wp-content\/uploads\/2024\/02\/1000000000000-300x216.png 300w, https:\/\/rocketplay-new.com\/wp-content\/uploads\/2024\/02\/1000000000000-1024x737.png 1024w, https:\/\/rocketplay-new.com\/wp-content\/uploads\/2024\/02\/1000000000000-768x553.png 768w\" sizes=\"auto, (max-width: 800px) 100vw, 800px\" \/><\/p>\n<h2>Blackjack:FAQ<\/h2>\n<h3>CZY ONLINE BLACKJACK JEST LEGALNY?<\/h3>\n<p>Tak, blackjack online jest ca\u0142kowicie legalny i jest prowadzony przez generator liczb losowych (RNG). RNG zapewnia, \u017ce ka\u017cde rozdanie jest ca\u0142kowicie losowe.<\/p>\n<p>Powiniene\u015b r\u00f3wnie\u017c mie\u0107 pewno\u015b\u0107, \u017ce dzia\u0142alno\u015b\u0107 kasyna online jest licencjonowana i musi by\u0107 zgodna z zasadami fair play obowi\u0105zuj\u0105cymi w danej jurysdykcji.<\/p>\n<h3>JAK MOG\u0118 OTRZYMA\u0106 BONUS DO BLACKJACKA ONLINE?<\/h3>\n<p>Wi\u0119kszo\u015b\u0107 kasyn online oferuje bonusy do blackjacka podobne do bonus\u00f3w w grach sto\u0142owych. Jest to premia za kwot\u0119 Twojego depozytu i musisz przestrzega\u0107 wymaga\u0144 dotycz\u0105cych obstawiania, aby m\u00f3c wyp\u0142aci\u0107 premi\u0119.<\/p>\n<p>Ponadto za gr\u0119 w blackjacka zazwyczaj otrzymujesz punkty comps, kt\u00f3re pozwol\u0105 Ci zdoby\u0107 dodatkowe nagrody.<\/p>\n<h3>JAK GRA\u0106 W BLACKJACKA ONLINE DLA ZABAWY?<\/h3>\n<p>Ka\u017cde kasyno online pozwala gra\u0107 w blackjacka online dla zabawy, bez dokonywania wp\u0142aty. W niekt\u00f3rych przypadkach nie musisz si\u0119 nawet rejestrowa\u0107. Zamiast tego mo\u017cesz po prostu klikn\u0105\u0107 interesuj\u0105c\u0105 Ci\u0119 gr\u0119 w blackjacka, a otworzy si\u0119 ona w wyskakuj\u0105cym okienku.<\/p>\n","protected":false},"excerpt":{"rendered":"<p>Blackjack oferuje najlepsz\u0105 przewag\u0119 zak\u0142ad\u00f3w hazardowych w\u015br\u00f3d wszystkich gier sto\u0142owych w kasynie. Twenty-One ma dziesi\u0105tki popularnych odmian. Wi\u0119kszo\u015b\u0107 z tych wersji oferuje nieco wy\u017csze lub ni\u017csze oczekiwane zwroty, ale tak\u017ce zapewnia jedne z najwy\u017cszych kurs\u00f3w, jakie mo\u017cna znale\u017a\u0107 w kasynie. Dlatego gracze odwiedzaj\u0105cy kasyna znajduj\u0105 tak wiele r\u00f3\u017cnych sto\u0142\u00f3w, cz\u0119sto z zupe\u0142nie innymi zasadami. Je\u015bli&#8230;<\/p>\n","protected":false},"author":1,"featured_media":0,"parent":0,"menu_order":0,"comment_status":"closed","ping_status":"closed","template":"","meta":{"_acf_changed":false,"_kad_post_transparent":"default","_kad_post_title":"default","_kad_post_layout":"default","_kad_post_sidebar_id":"","_kad_post_content_style":"default","_kad_post_vertical_padding":"default","_kad_post_feature":"","_kad_post_feature_position":"","_kad_post_header":false,"_kad_post_footer":false,"footnotes":""},"class_list":["post-2138","page","type-page","status-publish","hentry"],"acf":[],"rttpg_featured_image_url":null,"rttpg_author":{"display_name":"John","author_link":"https:\/\/rocketplay-new.com\/pl\/author\/pemvas95n89x\/"},"rttpg_comment":0,"rttpg_category":null,"rttpg_excerpt":"Blackjack oferuje najlepsz\u0105 przewag\u0119 zak\u0142ad\u00f3w hazardowych w\u015br\u00f3d wszystkich gier sto\u0142owych w kasynie. Twenty-One ma dziesi\u0105tki popularnych odmian. Wi\u0119kszo\u015b\u0107 z tych wersji oferuje nieco wy\u017csze lub ni\u017csze oczekiwane zwroty, ale tak\u017ce zapewnia jedne z najwy\u017cszych kurs\u00f3w, jakie mo\u017cna znale\u017a\u0107 w kasynie. Dlatego gracze odwiedzaj\u0105cy kasyna znajduj\u0105 tak wiele r\u00f3\u017cnych sto\u0142\u00f3w, cz\u0119sto z zupe\u0142nie innymi zasadami. Je\u015bli...","_links":{"self":[{"href":"https:\/\/rocketplay-new.com\/pl\/wp-json\/wp\/v2\/pages\/2138","targetHints":{"allow":["GET"]}}],"collection":[{"href":"https:\/\/rocketplay-new.com\/pl\/wp-json\/wp\/v2\/pages"}],"about":[{"href":"https:\/\/rocketplay-new.com\/pl\/wp-json\/wp\/v2\/types\/page"}],"author":[{"embeddable":true,"href":"https:\/\/rocketplay-new.com\/pl\/wp-json\/wp\/v2\/users\/1"}],"replies":[{"embeddable":true,"href":"https:\/\/rocketplay-new.com\/pl\/wp-json\/wp\/v2\/comments?post=2138"}],"version-history":[{"count":4,"href":"https:\/\/rocketplay-new.com\/pl\/wp-json\/wp\/v2\/pages\/2138\/revisions"}],"predecessor-version":[{"id":5839,"href":"https:\/\/rocketplay-new.com\/pl\/wp-json\/wp\/v2\/pages\/2138\/revisions\/5839"}],"wp:attachment":[{"href":"https:\/\/rocketplay-new.com\/pl\/wp-json\/wp\/v2\/media?parent=2138"}],"curies":[{"name":"wp","href":"https:\/\/api.w.org\/{rel}","templated":true}]}}