{"id":2110,"date":"2022-09-20T14:31:33","date_gmt":"2022-09-20T11:31:33","guid":{"rendered":"https:\/\/rocketplay-new.com\/monkey-king\/"},"modified":"2025-04-03T20:39:44","modified_gmt":"2025-04-03T17:39:44","slug":"monkey-king","status":"publish","type":"page","link":"https:\/\/rocketplay-new.com\/pl\/monkey-king\/","title":{"rendered":"Recenzja automatu Monkey King"},"content":{"rendered":"<p><img loading=\"lazy\" decoding=\"async\" class=\" wp-image-477 aligncenter\" src=\"https:\/\/rocketplay-new.com\/wp-content\/uploads\/2022\/09\/monkey-king-igtech-916x450-1-300x147.png\" alt=\"Monkey King Slot review\" width=\"710\" height=\"348\" srcset=\"https:\/\/rocketplay-new.com\/wp-content\/uploads\/2022\/09\/monkey-king-igtech-916x450-1-300x147.png 300w, https:\/\/rocketplay-new.com\/wp-content\/uploads\/2022\/09\/monkey-king-igtech-916x450-1-768x377.png 768w, https:\/\/rocketplay-new.com\/wp-content\/uploads\/2022\/09\/monkey-king-igtech-916x450-1.png 916w\" sizes=\"auto, (max-width: 710px) 100vw, 710px\" \/><\/p>\n<h2>Monkey King Slot Recenzja<\/h2>\n<p>Motyw staro\u017cytnych Chin i ich legend zawsze przyci\u0105ga\u0142 tw\u00f3rc\u00f3w automat\u00f3w do gry w kasynie. I ka\u017cdy z nich stara si\u0119 jak najbardziej zaskoczy\u0107 swojego konsumenta. Podobnie IGTech. To oni wydali gr\u0119, kt\u00f3ra jest obecnie prezentowana w wielu australijskich kasynach. Znajdziesz w grze slotowej Rocket Play Monkey King i b\u0119dziesz m\u00f3g\u0142 zapozna\u0107 si\u0119 z legend\u0105 ma\u0142piego kr\u00f3la, a tak\u017ce otrzyma\u0107 od niego dobre skarby w prezencie.<\/p>\n<p><span style=\"font-weight: 400;\"><div class=\"tosh-btn\"><a href=\"\/go-casino\/\" target=\"_blank\" rel=\"noopener\">ODBIERZ BONUS<\/a><\/div><\/span><\/p>\n<p>Ten producent okaza\u0142 si\u0119 dobrym slotem pod wzgl\u0119dem wzornictwa. Wygl\u0105da stylowo, symbole tutaj s\u0105 przemy\u015blane w najmniejszym szczeg\u00f3le. Akompaniament muzyczny pozwala r\u00f3wnie\u017c jak najmocniej zanurzy\u0107 si\u0119 w atmosferze. Muzyka zmienia si\u0119, je\u015bli zwyk\u0142a runda zostanie zast\u0105piona rund\u0105 bonusow\u0105, kt\u00f3ra doskonale os\u0142abia rozgrywk\u0119.<\/p>\n<p>Niekt\u00f3re kasyna przyci\u0105gaj\u0105 go\u015bci do tego automatu za pomoc\u0105 spin\u00f3w bonusowych. Tak dzieje si\u0119 w <a href=\"https:\/\/rocketplay-new.com\/pl\">Rocket Play<\/a>. Gdy go\u015bcie tej instytucji przechodz\u0105 na nowy poziom w programie VIP, otrzymuj\u0105 prawo do kr\u0119cenia b\u0119bnami za darmo, ale nie we wszystkich automatach. Bonus wrzutowy Just Rocket Play Monkey King jest jednym z dost\u0119pnych.<\/p>\n<h2>Symbole Monkey King i tabela wyp\u0142at<\/h2>\n<p>Porozmawiajmy o tym, co jest sercem tego automatu, czyli o jego symbolach. Te obrazy nie tylko wyr\u00f3\u017cniaj\u0105 go, ale tak\u017ce przynosz\u0105 nagrody. Slot ma 25 linii, na kt\u00f3rych mog\u0105 wyl\u0105dowa\u0107 symbole. Je\u015bli jeden z nich ma 3 (w niekt\u00f3rych przypadkach wystarczy 2) lub wi\u0119cej identycznych symboli, mo\u017cesz wygra\u0107. A kt\u00f3ry \u2014 zobacz tabel\u0119.<\/p>\n<table>\n<tbody>\n<tr>\n<td><span style=\"font-weight: 400;\">Symbol<\/span><\/td>\n<td>Wyp\u0142ata odpowiednio za 2, 3, 4 lub 5 sztuk<\/p>\n<p>(prawdziwa wygrana w monetach)<\/td>\n<\/tr>\n<tr>\n<td>Chi\u0144skie znaki<\/td>\n<td><span style=\"font-weight: 400;\">3, 10, 15<\/span><\/td>\n<\/tr>\n<tr>\n<td>Brodaty bohater<\/td>\n<td><span style=\"font-weight: 400;\">1, 5, 15, 25<\/span><\/td>\n<\/tr>\n<tr>\n<td>\u015awinia<\/td>\n<td><span style=\"font-weight: 400;\">2, 7, 20, 30<\/span><\/td>\n<\/tr>\n<tr>\n<td>Cesarz<\/td>\n<td><span style=\"font-weight: 400;\">2, 8, 25, 50<\/span><\/td>\n<\/tr>\n<tr>\n<td>Kr\u00f3l Ma\u0142p<\/td>\n<td><span style=\"font-weight: 400;\">3, 10, 40, 100<\/span><\/td>\n<\/tr>\n<\/tbody>\n<\/table>\n<p>Te znaki mo\u017cna nazwa\u0107 standardowymi. Do\u015b\u0107 cz\u0119sto sumuj\u0105 si\u0119 one w zwyci\u0119skie kombinacje. Nie wp\u0142ywaj\u0105 w \u017caden spos\u00f3b na inne tryby i nie mog\u0105 ich aktywowa\u0107. Aby to zrobi\u0107, musisz z\u0142apa\u0107 kilka innych postaci:<\/p>\n<ul>\n<li>Wild \u2014 zast\u0119puje brakuj\u0105ce znaki w kombinacjach. Sam przynosi wygrane od 10 do 400 monet.<\/li>\n<li>Scatter \u2014 symbol z napisem. Uruchamia darmowe spiny i jest to wskazane na samym obrazku. Oznacza to, \u017ce bez wzgl\u0119du na to, gdzie si\u0119 znajduje (na linii, czy nie), zadzia\u0142a.<\/li>\n<\/ul>\n<p>Jest to ostatni symbol potrzebny do uruchomienia rundy bonusowej (w ilo\u015bci 3 sztuk) w internetowym automacie Rocket Play Monkey King. Sk\u0142ada si\u0119 z obrot\u00f3w b\u0119bn\u00f3w, za kt\u00f3re nie zostaniesz obci\u0105\u017cony op\u0142at\u0105. Pocz\u0105tkowo b\u0119dzie ich 5, ale je\u015bli z\u0142apiesz jeszcze trzy scattery, dodasz kolejne 3 i mo\u017ce to by\u0107 kontynuowane bez ogranicze\u0144.<\/p>\n<p>Nawiasem m\u00f3wi\u0105c, kolejnym ciekawym momentem jest pocz\u0105tek gry bonusowej. Nie uruchamia si\u0119 sam, mo\u017cesz wybra\u0107 zasady, wed\u0142ug kt\u00f3rych b\u0119dzie dzia\u0142a\u0107. To jest bardzo fajne i nie jest dost\u0119pne we wszystkich automatach.<\/p>\n<p>Zasady dotycz\u0105 mno\u017cnika, kt\u00f3ry zostanie zastosowany do wygranych oraz warto\u015bci ka\u017cdego obrazu. Ta opcja obejmuje wszystkie p\u0142atne symbole, z wyj\u0105tkiem hieroglif\u00f3w. Oznacza to, \u017ce b\u0119dziesz mie\u0107 do wyboru 5 opcji. Za ka\u017cdym razem, gdy ponownie otworzysz rund\u0119 bonusow\u0105, mo\u017cesz wybra\u0107 inne funkcje. Oto jedna z porad dotycz\u0105cych automat\u00f3w Rocket Play Monkey King \u2014 zawsze wybieraj r\u00f3\u017cne opcje, aby gra by\u0142a bardziej zr\u00f3\u017cnicowana.<\/p>\n<p><span style=\"font-weight: 400;\"><div class=\"tosh-btn\"><a href=\"\/go-casino\/\" target=\"_blank\" rel=\"noopener\">ODBIERZ BONUS<\/a><\/div><\/span><\/p>\n<p>Podsumowuj\u0105c, mo\u017cemy \u015bmia\u0142o powiedzie\u0107, \u017ce ta gra to \u015bwietny wyb\u00f3r na ciekawy wypoczynek. To bardzo fajnie, \u017ce Rocket Play oferuje zagraj w ni\u0105 w og\u00f3le za darmo i nadal masz szans\u0119 na wygran\u0105. Automat Rocket Play Monkey King jest polecany wszystkim mi\u0142o\u015bnikom staro\u017cytnych Chin.<\/p>\n<p><img loading=\"lazy\" decoding=\"async\" class=\" wp-image-476 aligncenter\" src=\"https:\/\/rocketplay-new.com\/wp-content\/uploads\/2022\/09\/monkeykingigtech3-300x225.jpg\" alt=\"Monkey King slot\" width=\"625\" height=\"469\" srcset=\"https:\/\/rocketplay-new.com\/wp-content\/uploads\/2022\/09\/monkeykingigtech3-300x225.jpg 300w, https:\/\/rocketplay-new.com\/wp-content\/uploads\/2022\/09\/monkeykingigtech3-600x450.jpg 600w, https:\/\/rocketplay-new.com\/wp-content\/uploads\/2022\/09\/monkeykingigtech3.jpg 680w\" sizes=\"auto, (max-width: 625px) 100vw, 625px\" \/><\/p>\n<h2>Monkey King Slot Cz\u0119sto zadawane pytania<\/h2>\n<h3>JAKI PROCENT ZWROTU MOG\u0118 OCZEKIWA\u0106 GDY GRA\u0106 NA TYM AUTOMACIE?<\/h3>\n<p>Nawiasem m\u00f3wi\u0105c, ca\u0142kiem nie\u017ale. Jest 96,47.<\/p>\n<h3>CZY W TYM AUTOMACIE MO\u017bNA GRA\u0106 CA\u0141KOWICIE BEZP\u0141ATNIE?<\/h3>\n<p>Oczywi\u015bcie. Jest dost\u0119pny w dw\u00f3ch wersjach. Mo\u017cesz uruchomi\u0107 demo. Jest to idealne rozwi\u0105zanie do poznania automatu i zrozumienia, czy ci si\u0119 to podoba, czy nie. Mo\u017cesz te\u017c skorzysta\u0107 z ofert, w kt\u00f3rych kasyno oferuje Ci gr\u0119 na automacie za darmo.<\/p>\n<p>Przeczytaj tak\u017ce o: <a href=\"https:\/\/rocketplay-new.com\/pl\/lion-gems-hold-and-win\/\">Lion Gems: Hold and Win slot<\/a><\/p>\n","protected":false},"excerpt":{"rendered":"<p>Monkey King Slot Recenzja Motyw staro\u017cytnych Chin i ich legend zawsze przyci\u0105ga\u0142 tw\u00f3rc\u00f3w automat\u00f3w do gry w kasynie. I ka\u017cdy z nich stara si\u0119 jak najbardziej zaskoczy\u0107 swojego konsumenta. Podobnie IGTech. To oni wydali gr\u0119, kt\u00f3ra jest obecnie prezentowana w wielu australijskich kasynach. Znajdziesz w grze slotowej Rocket Play Monkey King i b\u0119dziesz m\u00f3g\u0142 zapozna\u0107&#8230;<\/p>\n","protected":false},"author":1,"featured_media":0,"parent":0,"menu_order":0,"comment_status":"closed","ping_status":"closed","template":"","meta":{"_acf_changed":false,"_kad_post_transparent":"default","_kad_post_title":"default","_kad_post_layout":"default","_kad_post_sidebar_id":"","_kad_post_content_style":"default","_kad_post_vertical_padding":"default","_kad_post_feature":"","_kad_post_feature_position":"","_kad_post_header":false,"_kad_post_footer":false,"footnotes":""},"class_list":["post-2110","page","type-page","status-publish","hentry"],"acf":[],"rttpg_featured_image_url":null,"rttpg_author":{"display_name":"John","author_link":"https:\/\/rocketplay-new.com\/pl\/author\/pemvas95n89x\/"},"rttpg_comment":0,"rttpg_category":null,"rttpg_excerpt":"Monkey King Slot Recenzja Motyw staro\u017cytnych Chin i ich legend zawsze przyci\u0105ga\u0142 tw\u00f3rc\u00f3w automat\u00f3w do gry w kasynie. I ka\u017cdy z nich stara si\u0119 jak najbardziej zaskoczy\u0107 swojego konsumenta. Podobnie IGTech. To oni wydali gr\u0119, kt\u00f3ra jest obecnie prezentowana w wielu australijskich kasynach. Znajdziesz w grze slotowej Rocket Play Monkey King i b\u0119dziesz m\u00f3g\u0142 zapozna\u0107...","_links":{"self":[{"href":"https:\/\/rocketplay-new.com\/pl\/wp-json\/wp\/v2\/pages\/2110","targetHints":{"allow":["GET"]}}],"collection":[{"href":"https:\/\/rocketplay-new.com\/pl\/wp-json\/wp\/v2\/pages"}],"about":[{"href":"https:\/\/rocketplay-new.com\/pl\/wp-json\/wp\/v2\/types\/page"}],"author":[{"embeddable":true,"href":"https:\/\/rocketplay-new.com\/pl\/wp-json\/wp\/v2\/users\/1"}],"replies":[{"embeddable":true,"href":"https:\/\/rocketplay-new.com\/pl\/wp-json\/wp\/v2\/comments?post=2110"}],"version-history":[{"count":4,"href":"https:\/\/rocketplay-new.com\/pl\/wp-json\/wp\/v2\/pages\/2110\/revisions"}],"predecessor-version":[{"id":5830,"href":"https:\/\/rocketplay-new.com\/pl\/wp-json\/wp\/v2\/pages\/2110\/revisions\/5830"}],"wp:attachment":[{"href":"https:\/\/rocketplay-new.com\/pl\/wp-json\/wp\/v2\/media?parent=2110"}],"curies":[{"name":"wp","href":"https:\/\/api.w.org\/{rel}","templated":true}]}}