{"id":2054,"date":"2022-09-20T14:38:13","date_gmt":"2022-09-20T11:38:13","guid":{"rendered":"https:\/\/rocketplay-new.com\/lion-gems-hold-and-win\/"},"modified":"2025-04-02T18:43:32","modified_gmt":"2025-04-02T15:43:32","slug":"lion-gems-hold-and-win","status":"publish","type":"page","link":"https:\/\/rocketplay-new.com\/pl\/lion-gems-hold-and-win\/","title":{"rendered":"Recenzja Lion Gems: Hold and Win"},"content":{"rendered":"<iframe src=\"https:\/\/ss.rocketplay.com\/games\/infin\/LionGemsHoldandWin\/138664\" allowfullscreen=\"true\" frameborder=\"0\" webkitallowfullscreen=\"true\" class=\"game-frame__iframe allowFullScreen\"><\/iframe>\n<h2>Lion Gems: Hold &amp; Win \u2014 przegl\u0105d automat\u00f3w<\/h2>\n<p>Czy by\u0142e\u015b kiedy\u015b na safari? Je\u015bli nie, nie spiesz si\u0119, aby si\u0119 zdenerwowa\u0107! W ko\u0144cu zawsze mo\u017cesz wej\u015b\u0107 na stron\u0119 kasyna i znale\u017a\u0107 slot online Lion Gems: Hold and Win w Rocket Play. \u0141\u0105czy w sobie fajne funkcje dla graczy i \u0142adny design dla mi\u0142o\u015bnik\u00f3w dzikiej przyrody.<\/p>\n<p>Ten produkt jest do\u015b\u0107 nowy, poniewa\u017c zosta\u0142 wydany w marcu 2023 roku. Jego tw\u00f3rc\u0105 by\u0142 Playson. Automat jest dost\u0119pny dla graczy z Polski zar\u00f3wno w wersji p\u0142atnej, jak i darmowej. Spr\u00f3buj uruchomi\u0107 go w wersji demonstracyjnej, zanim zdecydujesz, czy Ci odpowiada, czy nie!<\/p>\n<p>Porozmawiajmy o tym, jakie funkcje ma ten slot, za co nale\u017cy go chwali\u0107, a co nale\u017cy poprawi\u0107.<\/p>\n<p><span style=\"font-weight: 400;\"><div class=\"tosh-btn\"><a href=\"\/go-casino\/\" target=\"_blank\" rel=\"noopener\">ODBIERZ BONUS<\/a><\/div><\/span><\/p>\n<p><a href=\"http:\/\/&lt;iframe src=&quot;https:\/\/ss.rocketplay.com\/games\/igtech\/WolfTreasure\/45516&quot; allowfullscreen=&quot;true&quot; frameborder=&quot;0&quot; webkitallowfullscreen=&quot;true&quot; class=&quot;game-frame__iframe allowFullScreen&quot;&gt;&lt;\/iframe&gt;\" target=\"_blank\"><img loading=\"lazy\" decoding=\"async\" class=\" wp-image-481 aligncenter\" src=\"https:\/\/rocketplay-new.com\/wp-content\/uploads\/2022\/09\/lion-gems-hold-and-win-slot-playson-300x196.jpg\" alt=\"Lion Gems: Hold and Win slot\" width=\"594\" height=\"388\" srcset=\"https:\/\/rocketplay-new.com\/wp-content\/uploads\/2022\/09\/lion-gems-hold-and-win-slot-playson-300x196.jpg 300w, https:\/\/rocketplay-new.com\/wp-content\/uploads\/2022\/09\/lion-gems-hold-and-win-slot-playson.jpg 720w\" sizes=\"auto, (max-width: 594px) 100vw, 594px\" \/><\/a><\/p>\n<h2>LION GEMS: FUNKCJE PRZYTRZYMAJ I WYGRYWAJ<\/h2>\n<p>Wchodzisz wi\u0119c do gry na automatach Rocket Play Lion Gems: Hold and Win. Zanim otworzysz pi\u0119kn\u0105 Savannah z pi\u0119knymi krajobrazami i mieszka\u0144cami. Boisko sk\u0142ada si\u0119 z g\u0142\u00f3wnych symboli tego miejsca i zwierz\u0105t. Jego rozmiar to 5 na 4, a jest tu a\u017c 30 linii wyp\u0142at.<\/p>\n<p>Automat ma podstawow\u0105 funkcj\u0119 \u2014 wygran\u0105 za tworzenie kombinacji na linii. Je\u015bli otrzymasz te same symbole na wygrywaj\u0105cej linii, otrzymasz wyp\u0142at\u0119 w got\u00f3wce. Ta\u0144sze symbole to nomina\u0142y kart. Dro\u017csze zwierz\u0119ta:<\/p>\n<ul>\n<li>flamingi;<\/li>\n<li>dziki;<\/li>\n<li>zebry;<\/li>\n<li>lamparty;<\/li>\n<li>nosoro\u017cce;<\/li>\n<li>Lew.<\/li>\n<\/ul>\n<p>Symbol Wild jest tak samo dziki jak zwierz\u0119, kt\u00f3re symbolizuje. To jest lew. Nie tylko zajmuje miejsce innych, je\u015bli pomaga to w stworzeniu wygranej, ale tak\u017ce uczestniczy w rundzie bonusowej z mno\u017cnikiem x2.<\/p>\n<p>Symbol rozproszenia jest ukryty za wizerunkiem drzewa. Uruchamia funkcj\u0119 w Rocket Play Lion Gems: Hold and Win free spins. Ale do tego b\u0119dziesz musia\u0142 zebra\u0107 3 takie obrazy w dowolnym miejscu na polu. Najwa\u017cniejsze informacje dotycz\u0105ce tej rundy:<\/p>\n<ul>\n<li>Podano 8 darmowych klikni\u0119\u0107;<\/li>\n<li>zastosowano mno\u017cnik 2x z symbolem lwa;<\/li>\n<li>ponowne spiny s\u0105 mo\u017cliwe, je\u015bli uda ci si\u0119 ponownie zebra\u0107 scattery.<\/li>\n<\/ul>\n<p>Kolejnym symbolem zwi\u0105zanym z rund\u0105 bonusow\u0105 jest Diament. Jest to konieczne dla funkcji, kt\u00f3rej nazwa jest wskazana w samej nazwie gniazda. To jest Hold and Win. Oto jej warunki:<\/p>\n<ul>\n<li>rozpoczyna si\u0119 po wypadni\u0119ciu 6 karo na boisko;<\/li>\n<li>otwiera nowe pole tylko z bonusowymi Diamentami;<\/li>\n<li>daje 3 respiny, kt\u00f3re mo\u017cna zaktualizowa\u0107, je\u015bli zostan\u0105 naprawione nowe Diamenty;<\/li>\n<li>przynosi mno\u017cnik od x1 do x16.<\/li>\n<\/ul>\n<p>To najciekawszy bonus wrzutowy Rocket Play Lion Gems: Hold and Win. W grze s\u0105 r\u00f3wnie\u017c 4 jackpoty. Mo\u017cesz je z\u0142apa\u0107 tylko w rundzie bonusowej. Istniej\u0105 cztery ich rodzaje: od Mini do Grand. Ten ostatni otrzymasz, je\u015bli podczas rundy bonusowej wszystkie puste kom\u00f3rki zostan\u0105 wype\u0142nione.<\/p>\n<p>Dodatkowo w trakcie gry mo\u017cna spotka\u0107 Mystery Diamond, kt\u00f3ry mo\u017ce zamieni\u0107 si\u0119 w jeden z Jackpot\u00f3w.<\/p>\n<p><img loading=\"lazy\" decoding=\"async\" class=\" wp-image-482 aligncenter\" src=\"https:\/\/rocketplay-new.com\/wp-content\/uploads\/2022\/09\/lion-gems-hold-and-win-slot-300x169.png\" alt=\"Lion Gems: Hold and Win review\" width=\"637\" height=\"359\" srcset=\"https:\/\/rocketplay-new.com\/wp-content\/uploads\/2022\/09\/lion-gems-hold-and-win-slot-300x169.png 300w, https:\/\/rocketplay-new.com\/wp-content\/uploads\/2022\/09\/lion-gems-hold-and-win-slot-1024x576.png 1024w, https:\/\/rocketplay-new.com\/wp-content\/uploads\/2022\/09\/lion-gems-hold-and-win-slot-768x432.png 768w, https:\/\/rocketplay-new.com\/wp-content\/uploads\/2022\/09\/lion-gems-hold-and-win-slot.png 1028w\" sizes=\"auto, (max-width: 637px) 100vw, 637px\" \/><\/p>\n<h2>Plusy i minusy Lion Gems: Hold &amp; Win<\/h2>\n<p>Poniewa\u017c jest to nowy slot, kt\u00f3ry zosta\u0142 stworzony przy u\u017cyciu nowoczesnych technologii, warto przyjrze\u0107 mu si\u0119 bli\u017cej. Jednym z plus\u00f3w jest to, \u017ce Rocket Play Lion Gems: Hold and Win slot Polska jest dost\u0119pny bez blokowania. Ale s\u0105 te\u017c inne korzy\u015bci:<\/p>\n<ul>\n<li>animacje, d\u017awi\u0119ki i przej\u015bcia s\u0105 wykonane na wysokim poziomie;<\/li>\n<li>wiele dodatkowych funkcji;<\/li>\n<li>nie najbardziej banalny temat;<\/li>\n<li>istniej\u0105 opcje wygodnej gry (na przyk\u0142ad autorun).<\/li>\n<\/ul>\n<p>Ale s\u0105 te\u017c wady do rozwa\u017cenia:<\/p>\n<ul>\n<li>pomimo tego, \u017ce slot jest dobry, nie wni\u00f3s\u0142 nic nowego;<\/li>\n<li>procent zwrotu nie osi\u0105ga po\u017c\u0105danego poziomu i wynosi 95,55%.<\/li>\n<\/ul>\n<p>Ale kieruj si\u0119 tylko swoimi uczuciami. Mo\u017cesz je zrozumie\u0107, korzystaj\u0105c z wersji demonstracyjnej.<\/p>\n<p><span style=\"font-weight: 400;\"><div class=\"tosh-btn\"><a href=\"\/go-casino\/\" target=\"_blank\" rel=\"noopener\">ODBIERZ BONUS<\/a><\/div><\/span><\/p>\n<h2>FAQ<\/h2>\n<h3>JAKA NAGRODA PRZYNOSI NAJWI\u0118KSZY JACKPOT?<\/h3>\n<p>Nagrod\u0105 za zebranie maksymalnej liczby symboli bonusowych b\u0119dzie mno\u017cnik x3000.<\/p>\n<h3>JAKI JEST ZAKRES ZAK\u0141AD\u00d3W W TEJ GRZE?<\/h3>\n<p>Minimum to 0,20, a maksimum 100. Kwota ta jest wyp\u0142acana za 1 zakr\u0119cenie b\u0119bnem.<\/p>\n<h3>JAK CZ\u0118STO WYGRYWA TA GRA?<\/h3>\n<p>Cz\u0119stotliwo\u015b\u0107 tutaj jest \u015brednia. \u015aredni procent wygrywaj\u0105cych kombinacji to 16%<\/p>\n<p><span style=\"font-family: var(--global-body-font-family); font-size: 16px; font-weight: normal;\">Przeczytaj tak\u017ce o: <\/span><a href=\"https:\/\/rocketplay-new.com\/pl\/wolf-treasure\/\">Wolf Treasure slot<\/a><\/p>\n","protected":false},"excerpt":{"rendered":"<p>Lion Gems: Hold &amp; Win \u2014 przegl\u0105d automat\u00f3w Czy by\u0142e\u015b kiedy\u015b na safari? Je\u015bli nie, nie spiesz si\u0119, aby si\u0119 zdenerwowa\u0107! W ko\u0144cu zawsze mo\u017cesz wej\u015b\u0107 na stron\u0119 kasyna i znale\u017a\u0107 slot online Lion Gems: Hold and Win w Rocket Play. \u0141\u0105czy w sobie fajne funkcje dla graczy i \u0142adny design dla mi\u0142o\u015bnik\u00f3w dzikiej przyrody&#8230;.<\/p>\n","protected":false},"author":1,"featured_media":0,"parent":0,"menu_order":0,"comment_status":"closed","ping_status":"closed","template":"","meta":{"_acf_changed":false,"_kad_post_transparent":"default","_kad_post_title":"default","_kad_post_layout":"default","_kad_post_sidebar_id":"","_kad_post_content_style":"default","_kad_post_vertical_padding":"default","_kad_post_feature":"","_kad_post_feature_position":"","_kad_post_header":false,"_kad_post_footer":false,"footnotes":""},"class_list":["post-2054","page","type-page","status-publish","hentry"],"acf":[],"rttpg_featured_image_url":null,"rttpg_author":{"display_name":"John","author_link":"https:\/\/rocketplay-new.com\/pl\/author\/pemvas95n89x\/"},"rttpg_comment":0,"rttpg_category":null,"rttpg_excerpt":"Lion Gems: Hold &amp; Win \u2014 przegl\u0105d automat\u00f3w Czy by\u0142e\u015b kiedy\u015b na safari? Je\u015bli nie, nie spiesz si\u0119, aby si\u0119 zdenerwowa\u0107! W ko\u0144cu zawsze mo\u017cesz wej\u015b\u0107 na stron\u0119 kasyna i znale\u017a\u0107 slot online Lion Gems: Hold and Win w Rocket Play. \u0141\u0105czy w sobie fajne funkcje dla graczy i \u0142adny design dla mi\u0142o\u015bnik\u00f3w dzikiej przyrody....","_links":{"self":[{"href":"https:\/\/rocketplay-new.com\/pl\/wp-json\/wp\/v2\/pages\/2054","targetHints":{"allow":["GET"]}}],"collection":[{"href":"https:\/\/rocketplay-new.com\/pl\/wp-json\/wp\/v2\/pages"}],"about":[{"href":"https:\/\/rocketplay-new.com\/pl\/wp-json\/wp\/v2\/types\/page"}],"author":[{"embeddable":true,"href":"https:\/\/rocketplay-new.com\/pl\/wp-json\/wp\/v2\/users\/1"}],"replies":[{"embeddable":true,"href":"https:\/\/rocketplay-new.com\/pl\/wp-json\/wp\/v2\/comments?post=2054"}],"version-history":[{"count":6,"href":"https:\/\/rocketplay-new.com\/pl\/wp-json\/wp\/v2\/pages\/2054\/revisions"}],"predecessor-version":[{"id":5742,"href":"https:\/\/rocketplay-new.com\/pl\/wp-json\/wp\/v2\/pages\/2054\/revisions\/5742"}],"wp:attachment":[{"href":"https:\/\/rocketplay-new.com\/pl\/wp-json\/wp\/v2\/media?parent=2054"}],"curies":[{"name":"wp","href":"https:\/\/api.w.org\/{rel}","templated":true}]}}