{"id":2017,"date":"2022-09-20T13:28:34","date_gmt":"2022-09-20T10:28:34","guid":{"rendered":"https:\/\/rocketplay-new.com\/vip\/"},"modified":"2025-04-02T18:35:11","modified_gmt":"2025-04-02T15:35:11","slug":"vip","status":"publish","type":"page","link":"https:\/\/rocketplay-new.com\/pl\/vip\/","title":{"rendered":"Jak zosta\u0107 cz\u0142onkiem programu VIP?"},"content":{"rendered":"<p><img loading=\"lazy\" decoding=\"async\" class=\" wp-image-456 aligncenter\" src=\"https:\/\/rocketplay-new.com\/wp-content\/uploads\/2022\/09\/rocketplay-vip-1-300x74.png\" alt=\"Rocket play VIP\" width=\"722\" height=\"178\" srcset=\"https:\/\/rocketplay-new.com\/wp-content\/uploads\/2022\/09\/rocketplay-vip-1-300x74.png 300w, https:\/\/rocketplay-new.com\/wp-content\/uploads\/2022\/09\/rocketplay-vip-1-768x190.png 768w, https:\/\/rocketplay-new.com\/wp-content\/uploads\/2022\/09\/rocketplay-vip-1.png 930w\" sizes=\"auto, (max-width: 722px) 100vw, 722px\" \/><\/p>\n<p>Tylko trzy litery VIP zawsze wydawa\u0142y si\u0119 czym\u015b presti\u017cowym. A bycie klientem VIP wydaje si\u0119 by\u0107 nieosi\u0105galnym zadaniem. Z jakiego\u015b powodu w spo\u0142ecze\u0144stwie panuje opinia, \u017ce stanie si\u0119 wyj\u0105tkowym, uprzywilejowanym klientem jest trudne i zajmuje du\u017co czasu. Ale w rzeczywisto\u015bci tak nie jest! A dowodem jest program VIP kasyna Rocket Play.<\/p>\n<p>System ten jest przemy\u015blany i uwzgl\u0119dnia interesy wszystkich klient\u00f3w. I tych, kt\u00f3rzy chc\u0105 zdoby\u0107 specjalne nagrody i wspi\u0105\u0107 si\u0119 na wy\u017csze poziomy. I tych, kt\u00f3rych po prostu interesuj\u0105 gry.<\/p>\n<p>Klient programu w tej instytucji staje si\u0119 natychmiast po rejestracji. Wystarczy za\u0142o\u017cy\u0107 konto i ju\u017c jeste\u015b na pierwszym kroku! Przeniesiesz si\u0119 dalej dzi\u0119ki stawkom w r\u00f3\u017cnych grach hazardowych.<\/p>\n<p><span style=\"font-weight: 400;\"><div class=\"tosh-btn\"><a href=\"\/go-casino\/\" target=\"_blank\" rel=\"noopener\">ODBIERZ BONUS<\/a><\/div><\/span><\/p>\n<h2>JAK UZYSKA\u0106 \u200b\u200bZWROT PIENI\u0118DZY?<\/h2>\n<p>Kiedy tracisz pieni\u0105dze w jakiej\u015b grze (i zdarza si\u0119 to od czasu do czasu), to demotywuje. Ale kasyno stara si\u0119 zrobi\u0107 wszystko, aby\u015b czu\u0142 si\u0119 komfortowo. Dlatego raz w tygodniu dokonuje zwrotu utraconych \u015brodk\u00f3w. W tej plac\u00f3wce wydawany jest w poniedzia\u0142ki, aby\u015b zacz\u0105\u0142 sw\u00f3j tydzie\u0144 przyjemnym!<\/p>\n<p>Wszyscy gracze, kt\u00f3rzy uczestnicz\u0105 w programie VIP Rocket Play w kasynie online, mog\u0105 go zdoby\u0107. Oto minimalne warunki do tego:<\/p>\n<ul>\n<li>osi\u0105gn\u0105\u0107 w programie poziom Silver;<\/li>\n<li>gra\u0107 w automaty;<\/li>\n<li>straci\u0107 co najmniej 5 AUD;<\/li>\n<li>mie\u0107 aktywne konto.<\/li>\n<\/ul>\n<p>Poziom srebrny to trzeci poziom. Na nim otrzymasz minimaln\u0105 kwot\u0119 cashbacku wydawan\u0105 co tydzie\u0144 \u2014 3%. Je\u015bli jeste\u015b aktywnym u\u017cytkownikiem, kt\u00f3ry cz\u0119sto gra, nie b\u0119dziesz musia\u0142 d\u0142ugo czeka\u0107. W sumie program ma 9 krok\u00f3w, nie licz\u0105c pierwszego, kt\u00f3ry jest wydawany od razu. W przypadku tych ostatnich otrzymasz ju\u017c 15% cashbacku.<\/p>\n<p>Opr\u00f3cz cashbacku mo\u017cesz r\u00f3wnie\u017c otrzyma\u0107 inne nagrody. Tabela pokazuje bardziej szczeg\u00f3\u0142owo, kt\u00f3re iw jakiej ilo\u015bci.<\/p>\n<table>\n<tbody>\n<tr>\n<td>Rodzaj nagrody<\/td>\n<td>Rozmiar<\/td>\n<td>Na jakim poziomie<\/td>\n<\/tr>\n<tr>\n<td>Darmowe spiny<\/td>\n<td>Od 10 do 300<\/td>\n<td>Br\u0105z \u2014 Srebrna Legenda<\/td>\n<\/tr>\n<tr>\n<td>Bonus bez depozytu<\/td>\n<td>Od 2300z\u0142 do 22500z\u0142<\/td>\n<td>Z\u0142ota Legenda \u2014 Diamentowa Legenda<\/td>\n<\/tr>\n<\/tbody>\n<\/table>\n<p>Te nagrody, kt\u00f3re s\u0105 zawarte w najlepszym programie VIP w kasynie Rocket Play, s\u0105 naprawd\u0119 hojne. Wydawane s\u0105 tylko raz, w momencie, gdy gracz zdobywa nowy poziom. Ale zwrot got\u00f3wki jest wydawany co tydzie\u0144.<\/p>\n<p>Jako cz\u0142onek programu mo\u017cesz korzysta\u0107 z wszelkich innych promocji na stronie. Na przyk\u0142ad regularne oferty co tydzie\u0144. W ten spos\u00f3b w tym kasynie tworzone s\u0105 dla Ciebie najbardziej komfortowe warunki do rozrywki.<\/p>\n<p><img loading=\"lazy\" decoding=\"async\" class=\" wp-image-457 aligncenter\" src=\"https:\/\/rocketplay-new.com\/wp-content\/uploads\/2022\/09\/xrocketplay-vip-program.jpg.pagespeed.ic_.fug6cjifwk-300x171.jpg\" alt=\"Rocket Play VIP program\" width=\"705\" height=\"402\" srcset=\"https:\/\/rocketplay-new.com\/wp-content\/uploads\/2022\/09\/xrocketplay-vip-program.jpg.pagespeed.ic_.fug6cjifwk-300x171.jpg 300w, https:\/\/rocketplay-new.com\/wp-content\/uploads\/2022\/09\/xrocketplay-vip-program.jpg.pagespeed.ic_.fug6cjifwk-1024x583.jpg 1024w, https:\/\/rocketplay-new.com\/wp-content\/uploads\/2022\/09\/xrocketplay-vip-program.jpg.pagespeed.ic_.fug6cjifwk-768x437.jpg 768w, https:\/\/rocketplay-new.com\/wp-content\/uploads\/2022\/09\/xrocketplay-vip-program.jpg.pagespeed.ic_.fug6cjifwk.jpg 1435w\" sizes=\"auto, (max-width: 705px) 100vw, 705px\" \/><\/p>\n<h3>FAQ<\/h3>\n<h3>CZY MOG\u0118 ZOSTA\u0106 ZWOLNIONY Z PROGRAMU VIP, JE\u015aLI GRAM MNIEJ?<\/h3>\n<p>Oczywi\u015bcie nie! Je\u015bli uczciwie zarobi\u0142e\u015b swoje miejsce w programie VIP Rocket Play Casino Australia, otrzymasz wszystkie przewidziane przywileje i pozostaniesz tam, dop\u00f3ki nie zdob\u0119dziesz jeszcze wi\u0119cej punkt\u00f3w. Nie ma znaczenia, jak mocno je podnosisz.<\/p>\n<p><span style=\"font-weight: 400;\"><div class=\"tosh-btn\"><a href=\"\/go-casino\/\" target=\"_blank\" rel=\"noopener\">ODBIERZ BONUS<\/a><\/div><\/span><\/p>\n<h3>CZY MUSZ\u0118 OBSTAWI\u0106 ZWROT \u015aRODK\u00d3W ZA POMOC\u0104 CASHBACK?<\/h3>\n<p>TAk. Nie b\u0119dziesz m\u00f3g\u0142 od razu wy\u015bwietli\u0107 ich na mapie. Warunki zak\u0142ad\u00f3w s\u0105 niewielkie. Zwr\u00f3cona kwota musi zosta\u0107 pomno\u017cona przez 5. To poka\u017ce, ile musisz postawi\u0107, aby aktywowa\u0107 wyp\u0142at\u0119.<\/p>\n<h3>GDZIE MOG\u0118 \u015aLEDZI\u0106 SWOJE POST\u0118PY W PROGRAMIE?<\/h3>\n<p>Wszystkie istotne informacje na ten temat znajduj\u0105 si\u0119 na Twoim koncie osobistym. Sp\u00f3jrz tam.<\/p>\n<p>Przeczytaj tak\u017ce o: <a href=\"https:\/\/rocketplay-new.com\/pl\/welcome-offer\/\">Oferty powitalne<\/a><\/p>\n","protected":false},"excerpt":{"rendered":"<p>Tylko trzy litery VIP zawsze wydawa\u0142y si\u0119 czym\u015b presti\u017cowym. A bycie klientem VIP wydaje si\u0119 by\u0107 nieosi\u0105galnym zadaniem. Z jakiego\u015b powodu w spo\u0142ecze\u0144stwie panuje opinia, \u017ce stanie si\u0119 wyj\u0105tkowym, uprzywilejowanym klientem jest trudne i zajmuje du\u017co czasu. Ale w rzeczywisto\u015bci tak nie jest! A dowodem jest program VIP kasyna Rocket Play. System ten jest przemy\u015blany&#8230;<\/p>\n","protected":false},"author":1,"featured_media":0,"parent":0,"menu_order":0,"comment_status":"closed","ping_status":"closed","template":"","meta":{"_acf_changed":false,"_kad_post_transparent":"default","_kad_post_title":"default","_kad_post_layout":"default","_kad_post_sidebar_id":"","_kad_post_content_style":"default","_kad_post_vertical_padding":"default","_kad_post_feature":"","_kad_post_feature_position":"","_kad_post_header":false,"_kad_post_footer":false,"footnotes":""},"class_list":["post-2017","page","type-page","status-publish","hentry"],"acf":[],"rttpg_featured_image_url":null,"rttpg_author":{"display_name":"John","author_link":"https:\/\/rocketplay-new.com\/pl\/author\/pemvas95n89x\/"},"rttpg_comment":0,"rttpg_category":null,"rttpg_excerpt":"Tylko trzy litery VIP zawsze wydawa\u0142y si\u0119 czym\u015b presti\u017cowym. A bycie klientem VIP wydaje si\u0119 by\u0107 nieosi\u0105galnym zadaniem. Z jakiego\u015b powodu w spo\u0142ecze\u0144stwie panuje opinia, \u017ce stanie si\u0119 wyj\u0105tkowym, uprzywilejowanym klientem jest trudne i zajmuje du\u017co czasu. Ale w rzeczywisto\u015bci tak nie jest! A dowodem jest program VIP kasyna Rocket Play. System ten jest przemy\u015blany...","_links":{"self":[{"href":"https:\/\/rocketplay-new.com\/pl\/wp-json\/wp\/v2\/pages\/2017","targetHints":{"allow":["GET"]}}],"collection":[{"href":"https:\/\/rocketplay-new.com\/pl\/wp-json\/wp\/v2\/pages"}],"about":[{"href":"https:\/\/rocketplay-new.com\/pl\/wp-json\/wp\/v2\/types\/page"}],"author":[{"embeddable":true,"href":"https:\/\/rocketplay-new.com\/pl\/wp-json\/wp\/v2\/users\/1"}],"replies":[{"embeddable":true,"href":"https:\/\/rocketplay-new.com\/pl\/wp-json\/wp\/v2\/comments?post=2017"}],"version-history":[{"count":3,"href":"https:\/\/rocketplay-new.com\/pl\/wp-json\/wp\/v2\/pages\/2017\/revisions"}],"predecessor-version":[{"id":5733,"href":"https:\/\/rocketplay-new.com\/pl\/wp-json\/wp\/v2\/pages\/2017\/revisions\/5733"}],"wp:attachment":[{"href":"https:\/\/rocketplay-new.com\/pl\/wp-json\/wp\/v2\/media?parent=2017"}],"curies":[{"name":"wp","href":"https:\/\/api.w.org\/{rel}","templated":true}]}}