{"id":2009,"date":"2022-09-20T14:15:51","date_gmt":"2022-09-20T11:15:51","guid":{"rendered":"https:\/\/rocketplay-new.com\/gold-express\/"},"modified":"2025-04-02T15:03:40","modified_gmt":"2025-04-02T12:03:40","slug":"gold-express","status":"publish","type":"page","link":"https:\/\/rocketplay-new.com\/pl\/gold-express\/","title":{"rendered":"Recenzja automatu Gold Express"},"content":{"rendered":"<p><img loading=\"lazy\" decoding=\"async\" class=\" wp-image-470 aligncenter\" src=\"https:\/\/rocketplay-new.com\/wp-content\/uploads\/2022\/09\/gold-express-slot-booongo-300x196.jpg\" alt=\"Gold Express slot review\" width=\"686\" height=\"448\" srcset=\"https:\/\/rocketplay-new.com\/wp-content\/uploads\/2022\/09\/gold-express-slot-booongo-300x196.jpg 300w, https:\/\/rocketplay-new.com\/wp-content\/uploads\/2022\/09\/gold-express-slot-booongo.jpg 612w\" sizes=\"auto, (max-width: 686px) 100vw, 686px\" \/><\/p>\n<h2>JAK GRA\u0106<\/h2>\n<p>Je\u015bli znajdziesz i uruchomisz automat online <a href=\"https:\/\/rocketplay-new.com\/pl\">Rocket Play<\/a> Gold Express, nie b\u0119dzie problem\u00f3w z jego uruchomieniem. Gra jest bardzo \u0142atwa i prosta. Mechanika tutaj ca\u0142kowicie powtarza wszystkie klasyczne automaty online.<\/p>\n<p>Przed tob\u0105 otworzy si\u0119 pole gry z 5 b\u0119bnami. Jest tu a\u017c 20 linii wyp\u0142at. Aby uruchomi\u0107 b\u0119bny, musisz nacisn\u0105\u0107 specjalny przycisk. Wcze\u015bniej w panelu informacyjnym mo\u017cesz zapozna\u0107 si\u0119 z wielko\u015bciami zak\u0142ad\u00f3w lub ustawi\u0107 automatyczne spiny.<\/p>\n<p>Wszystko, co musisz zrobi\u0107, to aktywowa\u0107 ruch b\u0119bn\u00f3w i spr\u00f3bowa\u0107 zebra\u0107 zwyci\u0119skie symbole. Je\u015bli ci si\u0119 uda, albo otrzymasz wyp\u0142at\u0119 za kombinacj\u0119 na linii, albo zostanie otwarta runda bonusowa. O tym, co jeszcze zawiera bonus Rocket Play Gold Express, porozmawiamy dalej.<\/p>\n<p style=\"text-align: center;\"><div class=\"tosh-btn\"><a href=\"\/go-casino\/\" target=\"_blank\" rel=\"noopener\">ODBIERZ BONUS<\/a><\/div><\/p>\n<h2>SYMBOLE I WYP\u0141ATY<\/h2>\n<p>Zobaczmy, jakie symbole kryj\u0105 si\u0119 na b\u0119bnach. Najpierw porozmawiajmy o najprostszym z nich &#8211; nomina\u0142ach kart. Przynosz\u0105 niewielki zysk: od 0,30 do 6,00. Aby uzyska\u0107 co najmniej minimaln\u0105 wygran\u0105, musisz zebra\u0107 co najmniej 3 symbole na linii wyp\u0142at.<\/p>\n<p>Teraz kilka s\u0142\u00f3w o dro\u017cszych symbolach. Tematem tego automatu jest opowie\u015b\u0107 Agathy Christie o Orient Expressie. Tutaj mamy symbol poci\u0105gu i pasa\u017cer\u00f3w w nim oraz konduktora.<\/p>\n<p>Je\u015bli masz zamiar wygra\u0107 na automacie Rocket Play Gold Express na prawdziwe pieni\u0105dze, sprawd\u017a tabel\u0119 wyp\u0142at.<\/p>\n<table>\n<tbody>\n<tr>\n<td><span style=\"font-weight: 400;\">Symbol<\/span><\/td>\n<td>Wyp\u0142aty<\/td>\n<\/tr>\n<tr>\n<td>Dyrygent (zielony)<\/td>\n<td><span style=\"font-weight: 400;\">0.75\u201312.00<\/span><\/td>\n<\/tr>\n<tr>\n<td>Blond Pasa\u017cer<\/td>\n<td><span style=\"font-weight: 400;\">0.75\u201312.00<\/span><\/td>\n<\/tr>\n<tr>\n<td>Pan z monoklem<\/td>\n<td><span style=\"font-weight: 400;\">1.5\u201315.00<\/span><\/td>\n<\/tr>\n<tr>\n<td>Pasa\u017cer brunetka<\/td>\n<td><span style=\"font-weight: 400;\">1.5\u201315.00<\/span><\/td>\n<\/tr>\n<tr>\n<td>W\u0105saty D\u017centelmen<\/td>\n<td><span style=\"font-weight: 400;\">3.00\u201330.00<\/span><\/td>\n<\/tr>\n<tr>\n<td>Wagon<\/td>\n<td><span style=\"font-weight: 400;\">3.00\u2013150.00<\/span><\/td>\n<\/tr>\n<\/tbody>\n<\/table>\n<p>Nawiasem m\u00f3wi\u0105c, poci\u0105g jest r\u00f3wnie\u017c symbolem Scatter. Slot posiada r\u00f3wnie\u017c symbol Wild w postaci torby podr\u00f3\u017cnej. Zast\u0119puje inne symbole, je\u015bli brakuje jednego z nich w kombinacji. W grze znajduje si\u0119 r\u00f3wnie\u017c symbol Bonusu. To uruchamia jedn\u0105 z rund bonusowych, o kt\u00f3rej porozmawiamy dalej.<\/p>\n<h2>NAJLEPSZA FUNKCJA BONUSOWA Z\u0141OTA EKSPRESOWA<\/h2>\n<p>Automat jest znany tylko z r\u00f3\u017cnorodno\u015bci swoich funkcji bonusowych. Pozwala wygra\u0107 du\u017ce kwoty, nawet je\u015bli pocz\u0105tkowo mia\u0142e\u015b ma\u0142y bankroll.<\/p>\n<p>Funkcja do\u0142adowania jest aktywowana, gdy na ekranie pojawi si\u0119 symbol skarbonki. Mo\u017ce wyst\u0105pi\u0107 w dowolnym trybie gry. Dzi\u0119ki niemu sumowane s\u0105 wygrane za wszystkie symbole bonusowe, czemu towarzyszy jasna animacja.<\/p>\n<p>Darmowe spiny w Rocket Play Gold Express. W tej rundzie b\u0119dziesz musia\u0142 zbiera\u0107 rozproszone. Musisz wy\u015bwietli\u0107 co najmniej 3 z nich na ekranie. Otrzymasz wtedy 8 spin\u00f3w b\u0119bn\u00f3w, za kt\u00f3re nie zostaniesz obci\u0105\u017cony. Ta runda mo\u017ce zosta\u0107 zwi\u0119kszona, je\u015bli rozrzuty ponownie wyl\u0105duj\u0105. R\u00f3wnie\u017c w tym trybie znikaj\u0105 losowe mno\u017cniki.<\/p>\n<p>Je\u015bli uda ci si\u0119 zebra\u0107 6 monet, rozpocznie si\u0119 gra bonusowa. W tym czasie na ekranie pojawi\u0105 si\u0119 zwyk\u0142e monety, zwi\u0119kszaj\u0105ce wygrane, a tak\u017ce monety z jackpotami. Tutaj nie b\u0119dzie wi\u0119cej obraz\u00f3w. Otrzymasz 3 spiny. Podczas nich wszystkie monety zostan\u0105 ustalone w losowych miejscach (lub nie). Je\u015bli tak si\u0119 stanie, otrzymasz wi\u0119cej spin\u00f3w. Tutaj mo\u017cesz zebra\u0107 wszystkie 20 bonusowych monet. Wygrane b\u0119d\u0105 si\u0119 kumulowa\u0107.<\/p>\n<p style=\"text-align: center;\"><div class=\"tosh-btn\"><a href=\"\/go-casino\/\" target=\"_blank\" rel=\"noopener\">ODBIERZ BONUS<\/a><\/div><\/p>\n<p>R\u00f3wnie\u017c automat Rocket Play Gold Express Australia zawiera jackpoty:<\/p>\n<ul>\n<li>Mini \u2014 60,00;<\/li>\n<li>Ma\u0142a \u2014 150,00;<\/li>\n<li>Major \u2014 450,00.<\/li>\n<\/ul>\n<p>Je\u015bli podczas rundy bonusowej ca\u0142e pole jest pokryte symbolami, otrzymasz Grand Jackpot.<\/p>\n<p><img loading=\"lazy\" decoding=\"async\" class=\" wp-image-469 aligncenter\" src=\"https:\/\/rocketplay-new.com\/wp-content\/uploads\/2022\/09\/gold-express-slot-base-game-300x170.webp\" alt=\"Gold Express slot\" width=\"688\" height=\"390\" srcset=\"https:\/\/rocketplay-new.com\/wp-content\/uploads\/2022\/09\/gold-express-slot-base-game-300x170.webp 300w, https:\/\/rocketplay-new.com\/wp-content\/uploads\/2022\/09\/gold-express-slot-base-game.webp 600w\" sizes=\"auto, (max-width: 688px) 100vw, 688px\" \/><\/p>\n<p>Wi\u0119c nie tra\u0107 czasu! Koniecznie wypr\u00f3buj ten automat, poniewa\u017c jest \u015bwietny do zarabiania pieni\u0119dzy i po prostu dobrej zabawy.<\/p>\n<h2>FAQ<\/h2>\n<h3>JAKI JEST NAJWY\u017bSZY MNO\u017bNIK W TEJ GRZE?<\/h3>\n<p>Zdobycie go nie jest takie proste. Pojawia si\u0119, je\u015bli wype\u0142nisz wszystkie kom\u00f3rki podczas rundy bonusowej. Oznacza to, \u017ce aby uzyska\u0107 mno\u017cnik, musisz aktywowa\u0107 Grand Jackpot. Jego rozmiar to a\u017c x2000! Wi\u0119c im wi\u0119cej postawisz, tym wi\u0119cej pieni\u0119dzy dostaniesz.<\/p>\n<h3>JAKI JEST PROCENT RTP W TEJ GRZE INTERNETOWEJ?<\/h3>\n<p>Producent tej pe\u0142nej rund bonusowych gry wskazuje na taki procent &#8211; 96%.<\/p>\n<p>Przeczytaj tak\u017ce o: <a href=\"https:\/\/rocketplay-new.com\/pl\/monkey-king\/\">Monkey King Slot<\/a><\/p>\n","protected":false},"excerpt":{"rendered":"<p>JAK GRA\u0106 Je\u015bli znajdziesz i uruchomisz automat online Rocket Play Gold Express, nie b\u0119dzie problem\u00f3w z jego uruchomieniem. Gra jest bardzo \u0142atwa i prosta. Mechanika tutaj ca\u0142kowicie powtarza wszystkie klasyczne automaty online. Przed tob\u0105 otworzy si\u0119 pole gry z 5 b\u0119bnami. Jest tu a\u017c 20 linii wyp\u0142at. Aby uruchomi\u0107 b\u0119bny, musisz nacisn\u0105\u0107 specjalny przycisk. Wcze\u015bniej&#8230;<\/p>\n","protected":false},"author":1,"featured_media":0,"parent":0,"menu_order":0,"comment_status":"closed","ping_status":"closed","template":"","meta":{"_acf_changed":false,"_kad_post_transparent":"default","_kad_post_title":"default","_kad_post_layout":"default","_kad_post_sidebar_id":"","_kad_post_content_style":"default","_kad_post_vertical_padding":"default","_kad_post_feature":"","_kad_post_feature_position":"","_kad_post_header":false,"_kad_post_footer":false,"footnotes":""},"class_list":["post-2009","page","type-page","status-publish","hentry"],"acf":[],"rttpg_featured_image_url":null,"rttpg_author":{"display_name":"John","author_link":"https:\/\/rocketplay-new.com\/pl\/author\/pemvas95n89x\/"},"rttpg_comment":0,"rttpg_category":null,"rttpg_excerpt":"JAK GRA\u0106 Je\u015bli znajdziesz i uruchomisz automat online Rocket Play Gold Express, nie b\u0119dzie problem\u00f3w z jego uruchomieniem. Gra jest bardzo \u0142atwa i prosta. Mechanika tutaj ca\u0142kowicie powtarza wszystkie klasyczne automaty online. Przed tob\u0105 otworzy si\u0119 pole gry z 5 b\u0119bnami. Jest tu a\u017c 20 linii wyp\u0142at. Aby uruchomi\u0107 b\u0119bny, musisz nacisn\u0105\u0107 specjalny przycisk. Wcze\u015bniej...","_links":{"self":[{"href":"https:\/\/rocketplay-new.com\/pl\/wp-json\/wp\/v2\/pages\/2009","targetHints":{"allow":["GET"]}}],"collection":[{"href":"https:\/\/rocketplay-new.com\/pl\/wp-json\/wp\/v2\/pages"}],"about":[{"href":"https:\/\/rocketplay-new.com\/pl\/wp-json\/wp\/v2\/types\/page"}],"author":[{"embeddable":true,"href":"https:\/\/rocketplay-new.com\/pl\/wp-json\/wp\/v2\/users\/1"}],"replies":[{"embeddable":true,"href":"https:\/\/rocketplay-new.com\/pl\/wp-json\/wp\/v2\/comments?post=2009"}],"version-history":[{"count":5,"href":"https:\/\/rocketplay-new.com\/pl\/wp-json\/wp\/v2\/pages\/2009\/revisions"}],"predecessor-version":[{"id":5642,"href":"https:\/\/rocketplay-new.com\/pl\/wp-json\/wp\/v2\/pages\/2009\/revisions\/5642"}],"wp:attachment":[{"href":"https:\/\/rocketplay-new.com\/pl\/wp-json\/wp\/v2\/media?parent=2009"}],"curies":[{"name":"wp","href":"https:\/\/api.w.org\/{rel}","templated":true}]}}