{"id":1999,"date":"2022-08-11T19:18:05","date_gmt":"2022-08-11T16:18:05","guid":{"rendered":"https:\/\/rocketplay-new.com\/free-spins\/"},"modified":"2026-02-25T22:51:33","modified_gmt":"2026-02-25T19:51:33","slug":"free-spins","status":"publish","type":"page","link":"https:\/\/rocketplay-new.com\/pl\/free-spins\/","title":{"rendered":"Darmowe spiny w Rocket Play"},"content":{"rendered":"<p><img loading=\"lazy\" decoding=\"async\" class=\" wp-image-273 aligncenter\" src=\"https:\/\/rocketplay-new.com\/wp-content\/uploads\/2022\/08\/1-300x113.jpeg\" alt=\"rocket play\" width=\"621\" height=\"234\" srcset=\"https:\/\/rocketplay-new.com\/wp-content\/uploads\/2022\/08\/1-300x113.jpeg 300w, https:\/\/rocketplay-new.com\/wp-content\/uploads\/2022\/08\/1-1024x384.jpeg 1024w, https:\/\/rocketplay-new.com\/wp-content\/uploads\/2022\/08\/1-768x288.jpeg 768w, https:\/\/rocketplay-new.com\/wp-content\/uploads\/2022\/08\/1.jpeg 1140w\" sizes=\"auto, (max-width: 621px) 100vw, 621px\" \/><\/p>\n<p>Darmowe spiny <a href=\"https:\/\/rocketplay-new.com\/pl\">RocketPlay<\/a> to jeden z najcz\u0119stszych rodzaj\u00f3w spin\u00f3w bonusowych w automatach online. <a href=\"https:\/\/rocketplay-new.com\/pl\/slot-machines\/\">Automaty<\/a> do gry zwykle oznaczaj\u0105 obecno\u015b\u0107 konta bonusowego lub depozytu, na kt\u00f3rym otrzymuje si\u0119 wygrane z darmowych spin\u00f3w i innych \u015brodk\u00f3w bonusowych. Aby je wyp\u0142aci\u0107, musisz spe\u0142ni\u0107 warunki zak\u0142adu.<\/p>\n<p>Na przyk\u0142ad pewna strona oferuje 20 darmowych spin\u00f3w na slocie podczas rejestracji. Je\u015bli \u201ewarunkowa\u201d cena zakr\u0119cenia wynosi 5 cent\u00f3w, gracz b\u0119dzie m\u00f3g\u0142 wykona\u0107 20 darmowych zakr\u0119ce\u0144 po kursie 5 cent\u00f3w. W takim przypadku wa\u017cne jest, jak\u0105 cen\u0119 spinu zapewniaj\u0105 darmowe spiny kasyna RocketPlay.<\/p>\n<p>Poniewa\u017c wszystkie wygrane wi\u0105\u017c\u0105 si\u0119 z pomno\u017ceniem stawki. W zwi\u0105zku z tym wa\u017cne jest, aby gra\u0107 za 1 centa lub 40 dolar\u00f3w. Ta sama kombinacja, kt\u00f3ra p\u0142aci 200x zak\u0142adu, da wygran\u0105 w wysoko\u015bci 2 USD lub 8000 USD \u2013 znacz\u0105ca r\u00f3\u017cnica? Zazwyczaj cena spinu wynosi od 10 do 50 cent\u00f3w.<\/p>\n<p>Zak\u0142ad: co gracz wygrywa na darmowych spinach? Po pierwsze, konieczne jest wyja\u015bnienie terminu zak\u0142ad. Warunki obrotu zak\u0142adaj\u0105, \u017ce wszystkie \u015brodki wygrane podczas darmowych spin\u00f3w nie trafiaj\u0105 na konto g\u0142\u00f3wne, ale na konto bonusowe. Co przewiduje specjalne warunki wyp\u0142aty tych \u015brodk\u00f3w.<\/p>\n<p>Zak\u0142ad oznacza minimaln\u0105 kwot\u0119 bankrolla wydan\u0105 na gr\u0119. Nie ma znaczenia, czy gracz wygra, czy nie, istotne jest, \u017ce kwota zosta\u0142a wydana. Gdy tylko ten warunek zostanie spe\u0142niony, wszystkie wygrane w darmowych spinach trafiaj\u0105 do kategorii prawdziwych pieni\u0119dzy.<\/p>\n<p>Tak wi\u0119c w rzeczywisto\u015bci zak\u0142ad jest mechanizmem ochrony interes\u00f3w samego kasyna. Jednocze\u015bnie serie darmowych spin\u00f3w z regu\u0142y oznaczaj\u0105 r\u00f3wnie\u017c zwi\u0119kszone prawdopodobie\u0144stwo wypadni\u0119cia du\u017cych mno\u017cnik\u00f3w, wi\u0119c darmowe spiny niemal gwarantuj\u0105 znaczny wzrost depozytu.<\/p>\n<p><span style=\"font-weight: 400;\"><div class=\"tosh-btn\"><a href=\"\/go-casino\/\" target=\"_blank\" rel=\"noopener\">ODBIERZ BONUS<\/a><\/div><\/span><\/p>\n<h2>JAK ODBIERA\u0106 DARMOWE SPINY?<\/h2>\n<p>W jaki spos\u00f3b darmowe spiny w kasynie RocketPlay bez depozytu, jak je zdoby\u0107? Istnieje kilka sposob\u00f3w na zdobycie tego bonusu:<\/p>\n<ul>\n<li>Nagroda rejestracyjna.<\/li>\n<li>Premie gratulacyjne s\u0105 powszechn\u0105 praktyk\u0105. Takie \u015brodki s\u0105 zwykle dopisywane do konta, co oznacza warunki obstawiania w celu wyp\u0142aty bonus\u00f3w lub wygrania prawdziwych pieni\u0119dzy.<\/li>\n<li>Zwyci\u0119skie kombinacje. Ka\u017cdy automat do gry zapewnia w\u0142asne zestawy kombinacji, kt\u00f3re zapewniaj\u0105 graczowi r\u00f3\u017cnego rodzaju bonusy, w tym darmowe spiny. R\u00f3\u017cne kasyna online oferuj\u0105 r\u00f3\u017cne warunki wyp\u0142aty \u015brodk\u00f3w wygranych dzi\u0119ki darmowym spinom: \u015brodki mog\u0105 natychmiast trafi\u0107 na g\u0142\u00f3wne konto gracza lub konto bonusowe z zak\u0142adem.<\/li>\n<\/ul>\n<p>Magazyn. Od czasu do czasu we wszystkich du\u017cych obiektach odbywaj\u0105 si\u0119 r\u00f3\u017cne promocje, kt\u00f3re mo\u017cna powi\u0105za\u0107 ze \u015bwi\u0119tami i innymi okazjami. W\u0142a\u015bciwie promocje polegaj\u0105 na dystrybucji niekt\u00f3rych gad\u017cet\u00f3w, mi\u0119dzy innymi cz\u0119sto rozdawane s\u0105 darmowe spiny.<\/p>\n<p>Praktyczne \u017carty. R\u00f3\u017cne loterie, ruletka, loterie i inne losowania bonusowe to standardowa praktyka, kt\u00f3ra jest regularnie wspierana przez zdecydowan\u0105 wi\u0119kszo\u015b\u0107 du\u017cych witryn. Wygrane w takich dzia\u0142aniach mog\u0105 wynie\u015b\u0107 tysi\u0105ce darmowych spin\u00f3w, jednak warunki obstawiania wygranej mog\u0105 r\u00f3\u017cni\u0107 si\u0119 od standardowych.<\/p>\n<p>Warunki wyp\u0142aty \u015brodk\u00f3w z konta bonusowego mo\u017cna zawsze znale\u017a\u0107 w regulaminie strony, je\u015bli m\u00f3wimy o licencjonowanym kasynie online.<\/p>\n<p>Uzupe\u0142nienie kaucji, zakup status\u00f3w VIP. Do\u0142adowanie salda i zakup statusu VIP z pewno\u015bci\u0105 nie pozostan\u0105 niezauwa\u017cone przez administracj\u0119 kasyna online. Naliczanie premii w takiej sytuacji jest powszechn\u0105 praktyk\u0105.<\/p>\n<p>Eksperci od faktu posiadania depozytu rozr\u00f3\u017cniaj\u0105 dwa g\u0142\u00f3wne rodzaje darmowych spin\u00f3w.<\/p>\n<p>Darmowe spiny bez depozytu. Darmowe spiny s\u0105 w rzeczywisto\u015bci odpowiednikiem darmowego bonusu got\u00f3wkowego w grach. Gracz otrzymuje prawo do darmowych spin\u00f3w na dowolnym lub niekt\u00f3rych wirtualnych automatach do gry. Wygrane w ten spos\u00f3b pieni\u0105dze zawsze trafiaj\u0105 na konto z zak\u0142adem.<\/p>\n<p>Darmowe spiny z depozytem. Wiele automat\u00f3w do gry oferuje bonusy przy uzupe\u0142nianiu konta na okre\u015blon\u0105 kwot\u0119, a te bonusy mog\u0105 mie\u0107 system wielopoziomowy. Tych. w zale\u017cno\u015bci od kwoty do\u0142adowania gracz mo\u017ce otrzyma\u0107 inn\u0105 ilo\u015b\u0107 \u015brodk\u00f3w bonusowych, w tym darmowe spiny.<\/p>\n<p>Korzy\u015bci z darmowych spin\u00f3w w kasynie RocketPlay:<\/p>\n<ul>\n<li>Bonus nie wymaga realnych inwestycji;<\/li>\n<li>Korzystaj\u0105c z funduszy bonusowych, mo\u017cesz wygra\u0107 prawdziwe pieni\u0105dze;<\/li>\n<li>Darmowe spiny s\u0105 przyznawane cz\u0119sto i \u0142atwo, je\u015bli spe\u0142nione s\u0105 okre\u015blone warunki.<\/li>\n<\/ul>\n<p>Wady kasyna z darmowymi spinami RocketPlay w Australii:<\/p>\n<ul>\n<li>Aby wyp\u0142aci\u0107 wygrane, musisz postawi\u0107;<\/li>\n<li>(ewentualnie) ograniczona lista automat\u00f3w do gry;<\/li>\n<li>(mo\u017cliwe) ograniczona wielko\u015b\u0107 zak\u0142adu;<\/li>\n<li>Cz\u0119sto i ch\u0119tnie rozdaj\u0105, ale za ma\u0142o.<\/li>\n<\/ul>\n<p>Spiny bonusowe to przyjemne zjawisko, kt\u00f3re urozmaica rozgrywk\u0119 i obiecuje dodatkowe korzy\u015bci. Ich zastosowanie ma zar\u00f3wno zalety, jak i wady.<\/p>\n<p><img loading=\"lazy\" decoding=\"async\" class=\" wp-image-274 aligncenter\" src=\"https:\/\/rocketplay-new.com\/wp-content\/uploads\/2022\/08\/casino-free-spins-slot-sign-machine-vector-illustration-194647586-300x192.jpg\" alt=\"free spins rocketplay\" width=\"580\" height=\"371\" srcset=\"https:\/\/rocketplay-new.com\/wp-content\/uploads\/2022\/08\/casino-free-spins-slot-sign-machine-vector-illustration-194647586-300x192.jpg 300w, https:\/\/rocketplay-new.com\/wp-content\/uploads\/2022\/08\/casino-free-spins-slot-sign-machine-vector-illustration-194647586-768x492.jpg 768w, https:\/\/rocketplay-new.com\/wp-content\/uploads\/2022\/08\/casino-free-spins-slot-sign-machine-vector-illustration-194647586.jpg 800w\" sizes=\"auto, (max-width: 580px) 100vw, 580px\" \/><\/p>\n<h2>INNE BONUSY KASYNOWE<\/h2>\n<p>G\u0142\u00f3wnym zadaniem kasyna online jest przyci\u0105ganie nowych graczy. W tym celu portale gier wykorzystuj\u0105 wiele r\u00f3\u017cnych metod. A najcz\u0119stsz\u0105 jest promocja wszelkiego rodzaju bonus\u00f3w:<\/p>\n<ul>\n<li>Bonus bez depozytu;<\/li>\n<li>Pakiet powitalny;<\/li>\n<li>Zwrot got\u00f3wki;<\/li>\n<li>Prze\u0142adowa\u0107;<\/li>\n<li>Bonus z okazji \u015bwi\u0119ta;<\/li>\n<li>Bonus za uzupe\u0142nienie.<\/li>\n<\/ul>\n<p>Ka\u017cdy bonus jest dobry dla gracza. Nale\u017cy jednak pami\u0119ta\u0107, \u017ce wszystkie bonusy s\u0105 starannie przemy\u015blanym posuni\u0119ciem przez kasyna online.<\/p>\n<p><span style=\"font-weight: 400;\"><div class=\"tosh-btn\"><a href=\"\/go-casino\/\" target=\"_blank\" rel=\"noopener\">ODBIERZ BONUS<\/a><\/div><\/span><\/p>\n<h2>FAQ<\/h2>\n<h3>JAK OTRZYMA\u0106 BONUS?<\/h3>\n<p>Aby otrzyma\u0107 bonus, wymagana jest rejestracja i weryfikacja.<\/p>\n<h3>CZY KONIECZNE JEST OBSTAWIENIE PREMII?<\/h3>\n<p>Tak, jest to obowi\u0105zkowe wymaganie.<\/p>\n<h3>JAK WYP\u0141ACI\u0106 \u015aRODKI Z KONTA BONUSOWEGO?<\/h3>\n<p>Darmowe bonusy kasynowe przyci\u0105gaj\u0105 wiele uwagi. Jednocze\u015bnie nale\u017cy rozumie\u0107, \u017ce po prostu nie mo\u017cna ich natychmiast wycofa\u0107. Gracz mo\u017ce u\u017cy\u0107 konta bonusowego, aby kontynuowa\u0107 gr\u0119. Aby wyp\u0142aci\u0107 z niego \u015brodki, musisz odzyska\u0107 otrzymane pieni\u0105dze.<\/p>\n","protected":false},"excerpt":{"rendered":"<p>Darmowe spiny RocketPlay to jeden z najcz\u0119stszych rodzaj\u00f3w spin\u00f3w bonusowych w automatach online. Automaty do gry zwykle oznaczaj\u0105 obecno\u015b\u0107 konta bonusowego lub depozytu, na kt\u00f3rym otrzymuje si\u0119 wygrane z darmowych spin\u00f3w i innych \u015brodk\u00f3w bonusowych. Aby je wyp\u0142aci\u0107, musisz spe\u0142ni\u0107 warunki zak\u0142adu. Na przyk\u0142ad pewna strona oferuje 20 darmowych spin\u00f3w na slocie podczas rejestracji. Je\u015bli&#8230;<\/p>\n","protected":false},"author":1,"featured_media":0,"parent":0,"menu_order":0,"comment_status":"closed","ping_status":"closed","template":"single-no-sidebar.php","meta":{"_acf_changed":false,"_kad_post_transparent":"default","_kad_post_title":"default","_kad_post_layout":"default","_kad_post_sidebar_id":"","_kad_post_content_style":"default","_kad_post_vertical_padding":"default","_kad_post_feature":"","_kad_post_feature_position":"","_kad_post_header":false,"_kad_post_footer":false,"footnotes":""},"class_list":["post-1999","page","type-page","status-publish","hentry"],"acf":[],"rttpg_featured_image_url":null,"rttpg_author":{"display_name":"John","author_link":"https:\/\/rocketplay-new.com\/pl\/author\/pemvas95n89x\/"},"rttpg_comment":0,"rttpg_category":null,"rttpg_excerpt":"Darmowe spiny RocketPlay to jeden z najcz\u0119stszych rodzaj\u00f3w spin\u00f3w bonusowych w automatach online. Automaty do gry zwykle oznaczaj\u0105 obecno\u015b\u0107 konta bonusowego lub depozytu, na kt\u00f3rym otrzymuje si\u0119 wygrane z darmowych spin\u00f3w i innych \u015brodk\u00f3w bonusowych. Aby je wyp\u0142aci\u0107, musisz spe\u0142ni\u0107 warunki zak\u0142adu. Na przyk\u0142ad pewna strona oferuje 20 darmowych spin\u00f3w na slocie podczas rejestracji. Je\u015bli...","_links":{"self":[{"href":"https:\/\/rocketplay-new.com\/pl\/wp-json\/wp\/v2\/pages\/1999","targetHints":{"allow":["GET"]}}],"collection":[{"href":"https:\/\/rocketplay-new.com\/pl\/wp-json\/wp\/v2\/pages"}],"about":[{"href":"https:\/\/rocketplay-new.com\/pl\/wp-json\/wp\/v2\/types\/page"}],"author":[{"embeddable":true,"href":"https:\/\/rocketplay-new.com\/pl\/wp-json\/wp\/v2\/users\/1"}],"replies":[{"embeddable":true,"href":"https:\/\/rocketplay-new.com\/pl\/wp-json\/wp\/v2\/comments?post=1999"}],"version-history":[{"count":5,"href":"https:\/\/rocketplay-new.com\/pl\/wp-json\/wp\/v2\/pages\/1999\/revisions"}],"predecessor-version":[{"id":11708,"href":"https:\/\/rocketplay-new.com\/pl\/wp-json\/wp\/v2\/pages\/1999\/revisions\/11708"}],"wp:attachment":[{"href":"https:\/\/rocketplay-new.com\/pl\/wp-json\/wp\/v2\/media?parent=1999"}],"curies":[{"name":"wp","href":"https:\/\/api.w.org\/{rel}","templated":true}]}}