{"id":1933,"date":"2022-09-20T12:17:34","date_gmt":"2022-09-20T09:17:34","guid":{"rendered":"https:\/\/rocketplay-new.com\/regular-bonuses\/"},"modified":"2026-02-25T22:52:39","modified_gmt":"2026-02-25T19:52:39","slug":"regular-bonuses","status":"publish","type":"page","link":"https:\/\/rocketplay-new.com\/pl\/regular-bonuses\/","title":{"rendered":"Wszystko o regularnym bonusie w kasynie Rocket Play"},"content":{"rendered":"<p><img loading=\"lazy\" decoding=\"async\" class=\" wp-image-444 aligncenter\" src=\"https:\/\/rocketplay-new.com\/wp-content\/uploads\/2022\/09\/rocketplay-high-roller-bonus-1-300x93.webp\" alt=\"rocketplay high roller bonus\" width=\"655\" height=\"203\" srcset=\"https:\/\/rocketplay-new.com\/wp-content\/uploads\/2022\/09\/rocketplay-high-roller-bonus-1-300x93.webp 300w, https:\/\/rocketplay-new.com\/wp-content\/uploads\/2022\/09\/rocketplay-high-roller-bonus-1-768x238.webp 768w, https:\/\/rocketplay-new.com\/wp-content\/uploads\/2022\/09\/rocketplay-high-roller-bonus-1.webp 968w\" sizes=\"auto, (max-width: 655px) 100vw, 655px\" \/><\/p>\n<p>Wszyscy u\u017cytkownicy musz\u0105 korzysta\u0107 ze sta\u0142ych promocji na stronie kasyna. Pozwalaj\u0105 na urozmaicenie czasu wolnego w plac\u00f3wce, bardziej op\u0142acalny i lekkomy\u015blny. Ponadto im bardziej regularne bonusy ma kasyno, tym bardziej jest ono uwa\u017cane za wiarygodne. Wi\u0119c nie przegap swojej szansy na zarobienie dodatkowych pieni\u0119dzy, koniecznie sprawd\u017a, kt\u00f3ry bonus kasynowy <a href=\"https:\/\/rocketplay-new.com\/pl\">Rocket Play<\/a> jest dla Ciebie aktualny i wykorzystaj go!<\/p>\n<p>Takie oferty nazywane s\u0105 regularnymi, poniewa\u017c s\u0105 zawsze dost\u0119pne. Mo\u017cesz ich u\u017cywa\u0107 w odst\u0119pie okre\u015blonej liczby dni. W tym przypadku tydzie\u0144. Stali klienci, wszyscy, kt\u00f3rzy skorzystali ju\u017c z ofert powitalnych i do\u0142aduj\u0105 depozyt wi\u0119cej ni\u017c dwa razy, mog\u0105 poprosi\u0107 o bonus.<\/p>\n<p><span style=\"font-weight: 400;\"><div class=\"tosh-btn\"><a href=\"\/go-casino\/\" target=\"_blank\" rel=\"noopener\">ODBIERZ BONUS<\/a><\/div><\/span><\/p>\n<p>W tym kasynie mo\u017cesz zdoby\u0107 r\u00f3\u017cne rodzaje nagr\u00f3d. Na przyk\u0142ad klienci bardzo lubi\u0105 darmowe spiny Rocket Play. I nie na pr\u00f3\u017cno, bo to \u015bwietna okazja do wygrania bez wydawania nawet minimalnej kwoty osobistych \u015brodk\u00f3w. Ale mo\u017cesz te\u017c zdoby\u0107 pieni\u0105dze. Poni\u017csza tabela przedstawia wszystkie rodzaje regularnych promocji.<\/p>\n<table>\n<tbody>\n<tr>\n<td>Nazwa<\/td>\n<td>Rodzaj<\/td>\n<td>Po wydaniu<\/td>\n<td>Maksymalna nagroda<\/td>\n<\/tr>\n<tr>\n<td>Prze\u0142adowa\u0107<\/td>\n<td>Darmowe spiny<\/td>\n<td>Pi\u0105tek<\/td>\n<td><span style=\"font-weight: 400;\">100 pcs<\/span><\/td>\n<\/tr>\n<tr>\n<td>Bonus meczowy<\/td>\n<td>Prawdziwe pieni\u0105dze (50% depozytu)<\/td>\n<td>Niedziela<\/td>\n<td><span style=\"font-weight: 400;\">300z\u0142<\/span><\/td>\n<\/tr>\n<tr>\n<td>Bonus za High Roller<\/td>\n<td>Prawdziwe pieni\u0105dze (50% depozytu)<\/td>\n<td>Ka\u017cdego dnia<\/td>\n<td><span style=\"font-weight: 400;\">2500 z\u0142<\/span><\/td>\n<\/tr>\n<\/tbody>\n<\/table>\n<p>Jak wida\u0107, co tydzie\u0144 mo\u017cesz zdoby\u0107 dodatkowe nagrody. Mo\u017cesz u\u017cy\u0107 tylko jednego z nich lub wszystkich trzech naraz w r\u00f3\u017cne dni tygodnia. Wszystko zale\u017cy od tego, jaki masz bankroll. Kasyno nie wymaga du\u017cych inwestycji, aby da\u0107 Ci prezent.<\/p>\n<h2>JAK ODBIERA\u0106 I WYKORZYSTA\u0106 TEN BONUS?<\/h2>\n<p>Porozmawiajmy o ka\u017cdym z bonus\u00f3w osobno, aby\u015b m\u00f3g\u0142 zrobi\u0107 wszystko dobrze i zdoby\u0107 nagrody. Tak wi\u0119c pi\u0105tkowy bonus mo\u017cna uzyska\u0107 w ten spos\u00f3b:<\/p>\n<ol>\n<li>Zaloguj si\u0119 do swojego osobistego profilu w pi\u0105tek.<\/li>\n<li>Uzupe\u0142nij w kasie (od 30z\u0142).<\/li>\n<li>Odbierz darmowe spiny.<\/li>\n<\/ol>\n<p>Za 30 z\u0142otych dostaniesz 20 spin\u00f3w, za 75 \u2014 50, a za 150 \u2014 100. Wybierz wi\u0119c to, co jest dla Ciebie wygodniejsze i bardziej op\u0142acalne. Du\u017cym plusem jest to, \u017ce nie musisz do tego szuka\u0107 osobnych kod\u00f3w promocyjnych Rocket Play. Aktywacja nast\u0119puje automatycznie.<\/p>\n<p>W niedziele, aby otrzyma\u0107 prezent, nale\u017cy wykona\u0107 nast\u0119puj\u0105ce czynno\u015bci:<\/p>\n<ol>\n<li>Wejd\u017a do swojego biura.<\/li>\n<li>Do\u0142aduj konto w zwyk\u0142y spos\u00f3b (od 30z\u0142).<\/li>\n<li>Poczekaj, a\u017c na konto zostanie dodane kolejne 50% wp\u0142aconej kwoty.<\/li>\n<\/ol>\n<p><span style=\"font-weight: 400;\"><div class=\"tosh-btn\"><a href=\"\/go-casino\/\" target=\"_blank\" rel=\"noopener\">ODBIERZ BONUS<\/a><\/div><\/span><\/p>\n<p>Ale bonus dla tych, kt\u00f3rzy graj\u0105 du\u017co, jest dost\u0119pny w ka\u017cdy dzie\u0144 tygodnia. Aby go aktywowa\u0107, potrzebujesz nie tylko uzupe\u0142nienia konta, jak w poprzednich przypadkach. Tutaj b\u0119dziesz potrzebowa\u0107 kod\u00f3w bonusowych Rocket Play. Oto on: HIGHROLLER. Dzi\u0119ki prostej nawigacji mo\u017cesz \u0142atwo znale\u017a\u0107 na stronie pole, w kt\u00f3re musisz je wpisa\u0107. Aby wszystko zadzia\u0142a\u0142o, kwota uzupe\u0142nienia musi wynosi\u0107 od 300z\u0142 .<\/p>\n<p><img loading=\"lazy\" decoding=\"async\" class=\" wp-image-445 aligncenter\" src=\"https:\/\/rocketplay-new.com\/wp-content\/uploads\/2022\/09\/rocketplaycasino-300x113.webp\" alt=\"Rocket play regular bonus\" width=\"704\" height=\"265\" srcset=\"https:\/\/rocketplay-new.com\/wp-content\/uploads\/2022\/09\/rocketplaycasino-300x113.webp 300w, https:\/\/rocketplay-new.com\/wp-content\/uploads\/2022\/09\/rocketplaycasino-1024x384.webp 1024w, https:\/\/rocketplay-new.com\/wp-content\/uploads\/2022\/09\/rocketplaycasino-768x288.webp 768w, https:\/\/rocketplay-new.com\/wp-content\/uploads\/2022\/09\/rocketplaycasino.webp 1140w\" sizes=\"auto, (max-width: 704px) 100vw, 704px\" \/><\/p>\n<p>Wielu graczy kasyna po prostu nie mo\u017ce gra\u0107 bez bonus\u00f3w. W ko\u0144cu te pozornie drobne upominki od instytucji mog\u0105 znacznie u\u0142atwi\u0107 rozgrywk\u0119. Zwi\u0119kszaj\u0105 bankroll i poprawiaj\u0105 rozrywk\u0119. Dlatego tak wa\u017cne jest, aby na stronie znajdowa\u0142y si\u0119 oferty dost\u0119pne na bie\u017c\u0105co.<\/p>\n<p>Na tej stronie regularne bonusy maj\u0105 wiele zalet:<\/p>\n<ul>\n<li>dost\u0119pne dla os\u00f3b z dowolnym bankrollem;<\/li>\n<li>\u0142atwo \u017c\u0105dane;<\/li>\n<li>nie maj\u0105 trudnych warunk\u00f3w;<\/li>\n<li>mo\u017cna stosowa\u0107 co tydzie\u0144, co jest do\u015b\u0107 cz\u0119ste.<\/li>\n<\/ul>\n<p>Dlatego mo\u017cemy powiedzie\u0107, \u017ce ka\u017cdy bonus Rocket Play Casino Polska jest naprawd\u0119 op\u0142acalnym prezentem. Staj\u0105 si\u0119 one dost\u0119pne natychmiast po dokonaniu drugiej wp\u0142aty i otrzymaniu upominku, do kt\u00f3rego masz prawo.<\/p>\n<p>Wiele kasyn nie jest zbyt hojnych prezent\u00f3w. Nie oferuj\u0105 regularnych bonus\u00f3w, a je\u015bli to robi\u0105, maj\u0105 surowe wymagania dotycz\u0105ce zak\u0142ad\u00f3w lub zak\u0142ady, kt\u00f3re s\u0105 zbyt wysokie. W Rocket Play wszystko jest znacznie prostsze i przyjemniejsze. Nie wymagaj\u0105 od ciebie wiele. Dlatego pami\u0119taj, aby korzysta\u0107 z ich ofert i sprawi\u0107, by rozrywka hazardowa by\u0142a jeszcze bardziej intensywna.<\/p>\n<p>Przeczytaj tak\u017ce o: <a href=\"https:\/\/rocketplay-new.com\/pl\/loyalty-program\/\">Program lojalno\u015bciowy<\/a><\/p>\n","protected":false},"excerpt":{"rendered":"<p>Wszyscy u\u017cytkownicy musz\u0105 korzysta\u0107 ze sta\u0142ych promocji na stronie kasyna. Pozwalaj\u0105 na urozmaicenie czasu wolnego w plac\u00f3wce, bardziej op\u0142acalny i lekkomy\u015blny. Ponadto im bardziej regularne bonusy ma kasyno, tym bardziej jest ono uwa\u017cane za wiarygodne. Wi\u0119c nie przegap swojej szansy na zarobienie dodatkowych pieni\u0119dzy, koniecznie sprawd\u017a, kt\u00f3ry bonus kasynowy Rocket Play jest dla Ciebie aktualny&#8230;<\/p>\n","protected":false},"author":1,"featured_media":0,"parent":0,"menu_order":0,"comment_status":"closed","ping_status":"closed","template":"","meta":{"_acf_changed":false,"_kad_post_transparent":"default","_kad_post_title":"default","_kad_post_layout":"default","_kad_post_sidebar_id":"","_kad_post_content_style":"default","_kad_post_vertical_padding":"default","_kad_post_feature":"","_kad_post_feature_position":"","_kad_post_header":false,"_kad_post_footer":false,"footnotes":""},"class_list":["post-1933","page","type-page","status-publish","hentry"],"acf":[],"rttpg_featured_image_url":null,"rttpg_author":{"display_name":"John","author_link":"https:\/\/rocketplay-new.com\/pl\/author\/pemvas95n89x\/"},"rttpg_comment":0,"rttpg_category":null,"rttpg_excerpt":"Wszyscy u\u017cytkownicy musz\u0105 korzysta\u0107 ze sta\u0142ych promocji na stronie kasyna. Pozwalaj\u0105 na urozmaicenie czasu wolnego w plac\u00f3wce, bardziej op\u0142acalny i lekkomy\u015blny. Ponadto im bardziej regularne bonusy ma kasyno, tym bardziej jest ono uwa\u017cane za wiarygodne. Wi\u0119c nie przegap swojej szansy na zarobienie dodatkowych pieni\u0119dzy, koniecznie sprawd\u017a, kt\u00f3ry bonus kasynowy Rocket Play jest dla Ciebie aktualny...","_links":{"self":[{"href":"https:\/\/rocketplay-new.com\/pl\/wp-json\/wp\/v2\/pages\/1933","targetHints":{"allow":["GET"]}}],"collection":[{"href":"https:\/\/rocketplay-new.com\/pl\/wp-json\/wp\/v2\/pages"}],"about":[{"href":"https:\/\/rocketplay-new.com\/pl\/wp-json\/wp\/v2\/types\/page"}],"author":[{"embeddable":true,"href":"https:\/\/rocketplay-new.com\/pl\/wp-json\/wp\/v2\/users\/1"}],"replies":[{"embeddable":true,"href":"https:\/\/rocketplay-new.com\/pl\/wp-json\/wp\/v2\/comments?post=1933"}],"version-history":[{"count":4,"href":"https:\/\/rocketplay-new.com\/pl\/wp-json\/wp\/v2\/pages\/1933\/revisions"}],"predecessor-version":[{"id":11709,"href":"https:\/\/rocketplay-new.com\/pl\/wp-json\/wp\/v2\/pages\/1933\/revisions\/11709"}],"wp:attachment":[{"href":"https:\/\/rocketplay-new.com\/pl\/wp-json\/wp\/v2\/media?parent=1933"}],"curies":[{"name":"wp","href":"https:\/\/api.w.org\/{rel}","templated":true}]}}