{"id":1921,"date":"2022-09-20T12:29:07","date_gmt":"2022-09-20T09:29:07","guid":{"rendered":"https:\/\/rocketplay-new.com\/loyalty-program\/"},"modified":"2026-02-25T22:52:44","modified_gmt":"2026-02-25T19:52:44","slug":"loyalty-program","status":"publish","type":"page","link":"https:\/\/rocketplay-new.com\/pl\/loyalty-program\/","title":{"rendered":"O programie lojalno\u015bciowym"},"content":{"rendered":"<p><img loading=\"lazy\" decoding=\"async\" class=\" wp-image-451 aligncenter\" src=\"https:\/\/rocketplay-new.com\/wp-content\/uploads\/2022\/09\/rocket-play-casino-300x103.webp\" alt=\"Rocket play Loyalty program\" width=\"711\" height=\"244\" srcset=\"https:\/\/rocketplay-new.com\/wp-content\/uploads\/2022\/09\/rocket-play-casino-300x103.webp 300w, https:\/\/rocketplay-new.com\/wp-content\/uploads\/2022\/09\/rocket-play-casino.webp 728w\" sizes=\"auto, (max-width: 711px) 100vw, 711px\" \/><\/p>\n<p>Lojalno\u015b\u0107 klienta jest bardzo wa\u017cnym wska\u017anikiem dla kasyna. Lojalny gracz ponownie wr\u00f3ci do instytucji, nie b\u0119dzie si\u0119 ba\u0142 korzysta\u0107 z promocji i wykorzystywa\u0107 na rozrywk\u0119 prawdziwych pieni\u0119dzy. Dlatego istniej\u0105 specjalne systemy maj\u0105ce na celu zwi\u0119kszenie tego wska\u017anika w instytucji. Tak powsta\u0142 program lojalno\u015bciowy <a href=\"https:\/\/rocketplay-new.com\/pl\">Rocket Play<\/a>, kt\u00f3ry mo\u017cna uzna\u0107 za do\u015b\u0107 prosty, ale jednocze\u015bnie bardzo op\u0142acalny dla klient\u00f3w.<\/p>\n<p>Dowiedz si\u0119 wi\u0119cej o tym, jak to dzia\u0142a. Uwierz, aby otrzyma\u0107 bonusy przewidziane w tym programie, nie musisz robi\u0107 nic specjalnego. Chocia\u017c na pierwszy rzut oka, je\u015bli nie znasz szczeg\u00f3\u0142\u00f3w, mo\u017ce to wydawa\u0107 si\u0119 nieco myl\u0105ce.<\/p>\n<p style=\"text-align: center;\"><span style=\"font-weight: 400;\"><div class=\"tosh-btn\"><a href=\"\/go-casino\/\" target=\"_blank\" rel=\"noopener\">ODBIERZ BONUS<\/a><\/div><\/span><\/p>\n<p>Je\u015bli dana osoba wi\u0119cej ni\u017c raz poka\u017ce swoje zaanga\u017cowanie w ten lub inny klub hazardowy, zostanie nagrodzona. Nagrod\u0105 przyznawan\u0105 w podzi\u0119kowaniu za wytrwa\u0142o\u015b\u0107 jest bonus lojalno\u015bciowy. Mog\u0105 to by\u0107 pieni\u0105dze, darmowe spiny b\u0119bn\u00f3w w automatach, rabaty i inne oferty.<\/p>\n<p>Program lojalno\u015bciowy kasyna online Rocket Play wykorzystuje prawdziwe pieni\u0105dze jako nagrod\u0119. Tylko \u017ce s\u0105 wydawane nie tylko w ten spos\u00f3b, ale w formie cashbacku.<\/p>\n<p>Jakie s\u0105 zalety tego formatu:<\/p>\n<ul>\n<li>w rzeczywisto\u015bci tracisz mniej pieni\u0119dzy ni\u017c tracisz;<\/li>\n<li>psychologicznie \u0142atwiej jest gra\u0107, poniewa\u017c powr\u00f3ci cz\u0119\u015b\u0107 przegranej;<\/li>\n<li>istnieje sta\u0142y niewielki doch\u00f3d w postaci zwrotu, kt\u00f3ry mo\u017cna ponownie wykorzysta\u0107 w grze.<\/li>\n<\/ul>\n<p>Cashback to naprawd\u0119 fajna funkcja. Hazard stanie si\u0119 jeszcze przyjemniejszy. Taka rozrywka nie zawsze si\u0119 op\u0142aca. Gdy szcz\u0119\u015bcie nie towarzyszy graczowi, pojawiaj\u0105 si\u0119 czarne paski, co jest frustruj\u0105ce. A gdy cz\u0119\u015b\u0107 pieni\u0119dzy zostanie zwr\u00f3cona, hazardzista uspokaja si\u0119 i zyskuje zastrzyk motywacji do dalszej rozrywki.<\/p>\n<h2>JAK DZIA\u0141AJ\u0104 PREMIE LOJALNO\u015aCIOWE?<\/h2>\n<p>Wyobra\u017amy sobie, \u017ce jeste\u015b klientem kasyna. Masz w\u0142asne konto i zasili\u0142e\u015b je, aby m\u00f3c gra\u0107. Wchodzisz do gry na przyk\u0142ad w automaty i tam stawiasz zak\u0142ad. Kwota tego zak\u0142adu jest zapisywana, a kiedy stawiasz nast\u0119pny zak\u0142ad, s\u0105 one sumowane. Trwa to a\u017c do zebrania 30 z\u0142. To w\u0142a\u015bnie ta kwota jest przeliczana na jeden CompPoints (CP).<\/p>\n<p>Te punkty s\u0105 wska\u017anikami Twojej lojalno\u015bci. Im ich wi\u0119cej, tym wy\u017cszy poziom w systemie. W zwi\u0105zku z tym kasyno rozumie, \u017ce grasz od d\u0142u\u017cszego czasu, wydajesz pieni\u0105dze na swojej stronie internetowej i pr\u00f3bujesz r\u00f3\u017cnych rozrywek.<\/p>\n<p><span style=\"font-weight: 400;\"><div class=\"tosh-btn\"><a href=\"\/go-casino\/\" target=\"_blank\" rel=\"noopener\">ODBIERZ BONUS<\/a><\/div><\/span><\/p>\n<p>Im wi\u0119cej masz punkt\u00f3w, tym wy\u017cszy b\u0119dzie procent cashbacku. Maksymalny rozmiar to 15%.<\/p>\n<p>Nawiasem m\u00f3wi\u0105c, w kasynie programu lojalno\u015bciowego Rocket Play Polska cashback dzieli si\u0119 na dwa rodzaje:<\/p>\n<ul>\n<li>za straty w slotach;<\/li>\n<li>za przegran\u0105 w grach na \u017cywo.<\/li>\n<\/ul>\n<p>Pierwsza przychodzi w poniedzia\u0142ki, druga w czwartki. Okazuje si\u0119 wi\u0119c, \u017ce w ci\u0105gu tygodnia \u015brodki wracaj\u0105 do Ciebie dwukrotnie. Oczywi\u015bcie, je\u015bli grasz zar\u00f3wno w automaty, jak i w kasynie na \u017cywo.<\/p>\n<p><img loading=\"lazy\" decoding=\"async\" class=\" wp-image-452 aligncenter\" src=\"https:\/\/rocketplay-new.com\/wp-content\/uploads\/2022\/09\/how-to-claim-a-loyalty-bonus-htc-300x162.webp\" alt=\"Loyalty bonus\" width=\"644\" height=\"348\" srcset=\"https:\/\/rocketplay-new.com\/wp-content\/uploads\/2022\/09\/how-to-claim-a-loyalty-bonus-htc-300x162.webp 300w, https:\/\/rocketplay-new.com\/wp-content\/uploads\/2022\/09\/how-to-claim-a-loyalty-bonus-htc-1024x554.webp 1024w, https:\/\/rocketplay-new.com\/wp-content\/uploads\/2022\/09\/how-to-claim-a-loyalty-bonus-htc-768x415.webp 768w, https:\/\/rocketplay-new.com\/wp-content\/uploads\/2022\/09\/how-to-claim-a-loyalty-bonus-htc.webp 1480w\" sizes=\"auto, (max-width: 644px) 100vw, 644px\" \/><\/p>\n<p>Prezenty lojalno\u015bciowe otrzymuj\u0105 wszyscy u\u017cytkownicy. Nie musisz d\u0142ugo czeka\u0107, a\u017c wszystkie korzy\u015bci b\u0119d\u0105 dla Ciebie dost\u0119pne. Mo\u017cesz \u015bledzi\u0107 liczb\u0119 punkt\u00f3w i kwot\u0119 cashbacku na swoim koncie osobistym.<\/p>\n<p>Je\u015bli jeste\u015b lojalnym klientem domu hazardowego, b\u0119dziesz m\u00f3g\u0142 odczu\u0107 wszystkie korzy\u015bci najlepszego programu lojalno\u015bciowego kasyna Rocket Play. Jest to nie tylko korzystne finansowo, ale tak\u017ce czyni Ci\u0119 wyj\u0105tkowym cz\u0142onkiem spo\u0142eczno\u015bci kasyn.<\/p>\n<p>Przeczytaj tak\u017ce o: <a href=\"https:\/\/rocketplay-new.com\/pl\/vip\/\">VIP Program<\/a><\/p>\n","protected":false},"excerpt":{"rendered":"<p>Lojalno\u015b\u0107 klienta jest bardzo wa\u017cnym wska\u017anikiem dla kasyna. Lojalny gracz ponownie wr\u00f3ci do instytucji, nie b\u0119dzie si\u0119 ba\u0142 korzysta\u0107 z promocji i wykorzystywa\u0107 na rozrywk\u0119 prawdziwych pieni\u0119dzy. Dlatego istniej\u0105 specjalne systemy maj\u0105ce na celu zwi\u0119kszenie tego wska\u017anika w instytucji. Tak powsta\u0142 program lojalno\u015bciowy Rocket Play, kt\u00f3ry mo\u017cna uzna\u0107 za do\u015b\u0107 prosty, ale jednocze\u015bnie bardzo op\u0142acalny&#8230;<\/p>\n","protected":false},"author":1,"featured_media":0,"parent":0,"menu_order":0,"comment_status":"closed","ping_status":"closed","template":"","meta":{"_acf_changed":false,"_kad_post_transparent":"default","_kad_post_title":"default","_kad_post_layout":"default","_kad_post_sidebar_id":"","_kad_post_content_style":"default","_kad_post_vertical_padding":"default","_kad_post_feature":"","_kad_post_feature_position":"","_kad_post_header":false,"_kad_post_footer":false,"footnotes":""},"class_list":["post-1921","page","type-page","status-publish","hentry"],"acf":[],"rttpg_featured_image_url":null,"rttpg_author":{"display_name":"John","author_link":"https:\/\/rocketplay-new.com\/pl\/author\/pemvas95n89x\/"},"rttpg_comment":0,"rttpg_category":null,"rttpg_excerpt":"Lojalno\u015b\u0107 klienta jest bardzo wa\u017cnym wska\u017anikiem dla kasyna. Lojalny gracz ponownie wr\u00f3ci do instytucji, nie b\u0119dzie si\u0119 ba\u0142 korzysta\u0107 z promocji i wykorzystywa\u0107 na rozrywk\u0119 prawdziwych pieni\u0119dzy. Dlatego istniej\u0105 specjalne systemy maj\u0105ce na celu zwi\u0119kszenie tego wska\u017anika w instytucji. Tak powsta\u0142 program lojalno\u015bciowy Rocket Play, kt\u00f3ry mo\u017cna uzna\u0107 za do\u015b\u0107 prosty, ale jednocze\u015bnie bardzo op\u0142acalny...","_links":{"self":[{"href":"https:\/\/rocketplay-new.com\/pl\/wp-json\/wp\/v2\/pages\/1921","targetHints":{"allow":["GET"]}}],"collection":[{"href":"https:\/\/rocketplay-new.com\/pl\/wp-json\/wp\/v2\/pages"}],"about":[{"href":"https:\/\/rocketplay-new.com\/pl\/wp-json\/wp\/v2\/types\/page"}],"author":[{"embeddable":true,"href":"https:\/\/rocketplay-new.com\/pl\/wp-json\/wp\/v2\/users\/1"}],"replies":[{"embeddable":true,"href":"https:\/\/rocketplay-new.com\/pl\/wp-json\/wp\/v2\/comments?post=1921"}],"version-history":[{"count":4,"href":"https:\/\/rocketplay-new.com\/pl\/wp-json\/wp\/v2\/pages\/1921\/revisions"}],"predecessor-version":[{"id":11710,"href":"https:\/\/rocketplay-new.com\/pl\/wp-json\/wp\/v2\/pages\/1921\/revisions\/11710"}],"wp:attachment":[{"href":"https:\/\/rocketplay-new.com\/pl\/wp-json\/wp\/v2\/media?parent=1921"}],"curies":[{"name":"wp","href":"https:\/\/api.w.org\/{rel}","templated":true}]}}