{"id":1900,"date":"2022-09-20T14:02:14","date_gmt":"2022-09-20T11:02:14","guid":{"rendered":"https:\/\/rocketplay-new.com\/9-coins\/"},"modified":"2025-04-02T14:39:47","modified_gmt":"2025-04-02T11:39:47","slug":"9-coins","status":"publish","type":"page","link":"https:\/\/rocketplay-new.com\/pl\/9-coins\/","title":{"rendered":"9 Monet"},"content":{"rendered":"<p><img loading=\"lazy\" decoding=\"async\" class=\"aligncenter wp-image-5037\" src=\"https:\/\/rocketplay-new.com\/wp-content\/uploads\/2024\/02\/9999.png\" alt=\"9 Coins \" width=\"800\" height=\"363\" srcset=\"https:\/\/rocketplay-new.com\/wp-content\/uploads\/2024\/02\/9999.png 1281w, https:\/\/rocketplay-new.com\/wp-content\/uploads\/2024\/02\/9999-300x136.png 300w, https:\/\/rocketplay-new.com\/wp-content\/uploads\/2024\/02\/9999-1024x465.png 1024w, https:\/\/rocketplay-new.com\/wp-content\/uploads\/2024\/02\/9999-768x349.png 768w\" sizes=\"auto, (max-width: 800px) 100vw, 800px\" \/><\/p>\n<h2>Podstawowe informacje<\/h2>\n<p>Nowoczesna gama automat\u00f3w jest naprawd\u0119 ogromna. I trudno znale\u017a\u0107 w\u015br\u00f3d nich co\u015b niezwyk\u0142ego. Wszystkie s\u0105 podobne pod wzgl\u0119dem mechaniki, liczby b\u0119bn\u00f3w i linii, animacji, gier ryzykownych i innych funkcji. Ale je\u015bli znajdziesz w kasynie slot Rocket Play 9 Coins online, zrozumiesz, \u017ce istniej\u0105 opcje z oryginalnymi kontrolkami i opcjami.<\/p>\n<p>Na pierwszy rzut oka znaczenie tego automatu nie wydaje si\u0119 tak interesuj\u0105ce i ekscytuj\u0105ce. Ale ma swoich fan\u00f3w i to nie na darmo. Nie musisz od razu stawia\u0107 prawdziwych pieni\u0119dzy, aby zrozumie\u0107 gr\u0119. W ko\u0144cu zawsze mo\u017cesz uruchomi\u0107 wersj\u0119 demo, dzi\u0119ki kt\u00f3rej znajomo\u015bci s\u0105 bezp\u0142atne.<\/p>\n<p style=\"text-align: center;\"><div class=\"tosh-btn\"><a href=\"\/go-casino\/\" target=\"_blank\" rel=\"noopener\">ODBIERZ BONUS<\/a><\/div><\/p>\n<p>Tw\u00f3rc\u0105 automatu jest Wazdan. Znana jest z wymy\u015blania nowych i ciekawych funkcji. Zesp\u00f3\u0142 programist\u00f3w cz\u0119sto wpada na \u015bwie\u017ce pomys\u0142y, kt\u00f3re s\u0105 nast\u0119pnie wdra\u017cane w sloty. Dok\u0142adnie tak si\u0119 tutaj sta\u0142o. Poznajmy go lepiej w naszej recenzji slotu Rocket Play 9 Coins i zdecydujmy, czy go lubisz.<\/p>\n<h2>9 symboli monet i tabela wyp\u0142at<\/h2>\n<p>Na pierwszy rzut oka ta gra nie ma nic wsp\u00f3lnego z kosmosem. Ale zaraz po uruchomieniu automatu us\u0142yszysz muzyk\u0119 tematyczn\u0105, kt\u00f3ra wydaje si\u0119 zabiera\u0107 Ci\u0119 w nieznane g\u0142\u0119biny Wszech\u015bwiata. Ponadto wszystkie animacje w grze wykonane s\u0105 w tym stylu.<\/p>\n<p>Ale najwa\u017cniejsze, oczywi\u015bcie, nie jest projekt, ale funkcje gry.<\/p>\n<p>Otwierasz gr\u0119 i widzisz przed sob\u0105 pole o wymiarach 3 na 3 kom\u00f3rki. Niezwyk\u0142a opcja na automat, ale to dopiero pocz\u0105tek. Kiedy zaczynasz gr\u0119, nie zape\u0142nia si\u0119 ona ca\u0142kowicie symbolami. Zatrzymuj\u0105 si\u0119 tylko w niekt\u00f3rych celach. Czy w grze Rocket Play 9 Coins mo\u017cna w og\u00f3le zarabia\u0107 prawdziwe pieni\u0105dze?<\/p>\n<p>Nie ma tu linii wyp\u0142at, wi\u0119c \u017cadna kombinacja symboli nie przyniesie korzy\u015bci. Z wyj\u0105tkiem jednego.<\/p>\n<p>Twoim celem jest zatrzymanie trzech symboli na \u015brodkowym pasie kwadratu. To uruchomi rund\u0119 bonusow\u0105. Tutaj czekaj\u0105 na Ciebie wszystkie p\u0142atno\u015bci. Poni\u017csza tabela przedstawia je wszystkie.<\/p>\n<table>\n<tbody>\n<tr>\n<td><span style=\"font-weight: 400;\">Symbol<\/span><\/td>\n<td>Jego funkcja<\/td>\n<\/tr>\n<tr>\n<td><span style=\"font-weight: 400;\">Cash (plain coins)<\/span><\/td>\n<td>Got\u00f3wka (zwyk\u0142e monety)<\/td>\n<\/tr>\n<tr>\n<td>Skrzynka<\/td>\n<td>Zbiera wszystkie wygrane na boisku i przynosi losowy mno\u017cnik do x9<\/td>\n<\/tr>\n<tr>\n<td>Tajemnicze symbole<\/td>\n<td>Przekszta\u0142ca si\u0119 w dowoln\u0105 posta\u0107<\/td>\n<\/tr>\n<tr>\n<td>Tajemniczy Jackpot<\/td>\n<td>Konwertuje na dowolny Jackpot<\/td>\n<\/tr>\n<tr>\n<td>Powa\u017cny<\/td>\n<td>Mo\u017ce pomno\u017cy\u0107 zak\u0142ad do x50<\/td>\n<\/tr>\n<tr>\n<td>Drobny<\/td>\n<td>Mo\u017ce pomno\u017cy\u0107 zak\u0142ad do x20<\/td>\n<\/tr>\n<tr>\n<td><span style=\"font-weight: 400;\">Mini<\/span><\/td>\n<td>Mo\u017ce pomno\u017cy\u0107 zak\u0142ad do x10<\/td>\n<\/tr>\n<\/tbody>\n<\/table>\n<p>W rundzie bonusowej zarobisz 3 darmowe spiny Rocket Play 9 Coins. A je\u015bli przynajmniej jeden symbol pozostanie na boisku, liczba spin\u00f3w ponownie wzrasta. Mo\u017ce to trwa\u0107 do samego ko\u0144ca. To, co mo\u017cesz uzyska\u0107 w trybie dochodowym, pokryje wykonane wcze\u015bniej bezu\u017cyteczne spiny.<\/p>\n<p>Innym wa\u017cnym czynnikiem, kt\u00f3ry decyduje o tym, czy slot nadaje si\u0119 do gry, czy nie, jest RTP. Pokazuje, ile procent pieni\u0119dzy wydanych na slot zwr\u00f3cisz przy d\u0142ugiej grze. Im wy\u017csza ta liczba, tym lepiej. \u015arednia w dziedzinie hazardu to 95,5%. Ten slot ma 96,06%, czyli nieco lepiej ni\u017c \u015brednia.<\/p>\n<p style=\"text-align: center;\"><div class=\"tosh-btn\"><a href=\"\/go-casino\/\" target=\"_blank\" rel=\"noopener\">ODBIERZ BONUS<\/a><\/div><\/p>\n<p>Pomimo faktu, \u017ce obecnie na rynku jest wiele automat\u00f3w o wy\u017cszym procencie, ta gra nadal mo\u017ce by\u0107 uwa\u017cana za ca\u0142kiem op\u0142acaln\u0105. Najlepszy bonus wrzutowy Rocket Play 9 monet czeka na Ciebie, gdy wszystkie dziewi\u0119\u0107 kom\u00f3rek zostanie wype\u0142nionych symbolami podczas rundy bonusowej.<\/p>\n<p><img loading=\"lazy\" decoding=\"async\" class=\"aligncenter wp-image-5047\" src=\"https:\/\/rocketplay-new.com\/wp-content\/uploads\/2024\/02\/999-1.png\" alt=\"9 Coins 2\" width=\"800\" height=\"444\" srcset=\"https:\/\/rocketplay-new.com\/wp-content\/uploads\/2024\/02\/999-1.png 955w, https:\/\/rocketplay-new.com\/wp-content\/uploads\/2024\/02\/999-1-300x166.png 300w, https:\/\/rocketplay-new.com\/wp-content\/uploads\/2024\/02\/999-1-768x426.png 768w\" sizes=\"auto, (max-width: 800px) 100vw, 800px\" \/><\/p>\n<h2>Najcz\u0119\u015bciej zadawane pytania na temat 9 monet<\/h2>\n<h3>Jak zarobi\u0107 maksymaln\u0105 kwot\u0119 w tym slocie?<\/h3>\n<p>Aby to zrobi\u0107, musisz wype\u0142ni\u0107 wszystkie kom\u00f3rki na polu symbolami. W takim przypadku otrzymasz Grand Jackpot.<\/p>\n<h3>ILE MO\u017bESZ ZARABI\u0106 W TEJ GRZE?<\/h3>\n<p>Dok\u0142adna kwota zale\u017cy od Twojego zak\u0142adu. Maksymalny mno\u017cnik, jaki mo\u017cesz uzyska\u0107, to x500. Jest dost\u0119pny tylko w rundzie bonusowej. Je\u015bli go trafisz, poprzednie wygrane zostan\u0105 zresetowane do zera. Poniewa\u017c nie mo\u017cesz dosta\u0107 wi\u0119cej.<\/p>\n<h3>JAK URUCHOMI\u0106 AUTOMAT Z TELEFONU KOM\u00d3RKOWEGO?<\/h3>\n<p>Robi si\u0119 to bardzo \u0142atwo. Po prostu zaloguj si\u0119 na swoje konto na stronie kasyna przez przegl\u0105dark\u0119, znajd\u017a ten slot i uruchom go. Dopasuje si\u0119 do Twojego ekranu.<\/p>\n<p>Przeczytaj tak\u017ce o: <a href=\"https:\/\/rocketplay-new.com\/pl\/gold-express\/\">Gold Express Slot<\/a><\/p>\n","protected":false},"excerpt":{"rendered":"<p>Podstawowe informacje Nowoczesna gama automat\u00f3w jest naprawd\u0119 ogromna. I trudno znale\u017a\u0107 w\u015br\u00f3d nich co\u015b niezwyk\u0142ego. Wszystkie s\u0105 podobne pod wzgl\u0119dem mechaniki, liczby b\u0119bn\u00f3w i linii, animacji, gier ryzykownych i innych funkcji. Ale je\u015bli znajdziesz w kasynie slot Rocket Play 9 Coins online, zrozumiesz, \u017ce istniej\u0105 opcje z oryginalnymi kontrolkami i opcjami. Na pierwszy rzut oka&#8230;<\/p>\n","protected":false},"author":1,"featured_media":0,"parent":0,"menu_order":0,"comment_status":"closed","ping_status":"closed","template":"","meta":{"_acf_changed":false,"_kad_post_transparent":"default","_kad_post_title":"default","_kad_post_layout":"default","_kad_post_sidebar_id":"","_kad_post_content_style":"default","_kad_post_vertical_padding":"default","_kad_post_feature":"","_kad_post_feature_position":"","_kad_post_header":false,"_kad_post_footer":false,"footnotes":""},"class_list":["post-1900","page","type-page","status-publish","hentry"],"acf":[],"rttpg_featured_image_url":null,"rttpg_author":{"display_name":"John","author_link":"https:\/\/rocketplay-new.com\/pl\/author\/pemvas95n89x\/"},"rttpg_comment":0,"rttpg_category":null,"rttpg_excerpt":"Podstawowe informacje Nowoczesna gama automat\u00f3w jest naprawd\u0119 ogromna. I trudno znale\u017a\u0107 w\u015br\u00f3d nich co\u015b niezwyk\u0142ego. Wszystkie s\u0105 podobne pod wzgl\u0119dem mechaniki, liczby b\u0119bn\u00f3w i linii, animacji, gier ryzykownych i innych funkcji. Ale je\u015bli znajdziesz w kasynie slot Rocket Play 9 Coins online, zrozumiesz, \u017ce istniej\u0105 opcje z oryginalnymi kontrolkami i opcjami. Na pierwszy rzut oka...","_links":{"self":[{"href":"https:\/\/rocketplay-new.com\/pl\/wp-json\/wp\/v2\/pages\/1900","targetHints":{"allow":["GET"]}}],"collection":[{"href":"https:\/\/rocketplay-new.com\/pl\/wp-json\/wp\/v2\/pages"}],"about":[{"href":"https:\/\/rocketplay-new.com\/pl\/wp-json\/wp\/v2\/types\/page"}],"author":[{"embeddable":true,"href":"https:\/\/rocketplay-new.com\/pl\/wp-json\/wp\/v2\/users\/1"}],"replies":[{"embeddable":true,"href":"https:\/\/rocketplay-new.com\/pl\/wp-json\/wp\/v2\/comments?post=1900"}],"version-history":[{"count":6,"href":"https:\/\/rocketplay-new.com\/pl\/wp-json\/wp\/v2\/pages\/1900\/revisions"}],"predecessor-version":[{"id":5631,"href":"https:\/\/rocketplay-new.com\/pl\/wp-json\/wp\/v2\/pages\/1900\/revisions\/5631"}],"wp:attachment":[{"href":"https:\/\/rocketplay-new.com\/pl\/wp-json\/wp\/v2\/media?parent=1900"}],"curies":[{"name":"wp","href":"https:\/\/api.w.org\/{rel}","templated":true}]}}