{"id":8980,"date":"2025-05-29T12:10:37","date_gmt":"2025-05-29T09:10:37","guid":{"rendered":"https:\/\/rocketplay-new.com\/slot-machines\/golden-goddess\/"},"modified":"2025-07-16T21:54:08","modified_gmt":"2025-07-16T18:54:08","slug":"golden-goddess","status":"publish","type":"page","link":"https:\/\/rocketplay-new.com\/ga\/slot-machines\/golden-goddess\/","title":{"rendered":"Sliot\u00e1n Golden Goddess &#8211; Imir Sliot\u00e1n Saor in Aisce"},"content":{"rendered":"<p>Is cluiche sliot\u00e1n ar l\u00edne coitianta \u00e9 an sliot\u00e1n Golden Goddess a thugann deis d\u2019imreoir\u00ed dul ar eachtra corraitheach ag cuardach seoda agus saibhris i bhfolach. Leis na grafaic\u00ed iontacha, an gameplay tumtha, agus na gn\u00e9ithe b\u00f3nais spreag\u00fala, is cinnte go gcoinneoidh an cluiche sliot\u00e1n seo imreoir\u00ed siamsaithe ar feadh uaireanta an chloig. Cib\u00e9 an imreoir sliot\u00e1n s\u00e9as\u00farach th\u00fa n\u00f3 duine nua at\u00e1 ag iarraidh do \u00e1dh a thriail, is rogha iontach \u00e9 an sliot\u00e1n Golden Goddess d\u2019aon duine at\u00e1 ag lorg eisp\u00e9ireas cearrbhachais spra\u00ed\u00fail agus luach saothair. Agus an chuid is fearr? Is f\u00e9idir leat an sliot\u00e1n seo a imirt saor in aisce, rud a thugann an deis duit do \u00e1dh a th\u00e1st\u00e1il agus a fheice\u00e1il an bhfuil an m\u00e9id at\u00e1 de dh\u00edth ort chun na seoda \u00f3rga at\u00e1 ag fanacht le f\u00e1il a nochtadh. Mar sin, c\u00e9n f\u00e1th fanacht? Tum isteach i saol an tsliot\u00e1in Golden Goddess agus f\u00e9ach an bhfuil an m\u00e9id at\u00e1 de dh\u00edth ort chun saibhreas a bhaint amach!<\/p>\n<div class=\"go-btn-container\"><div class=\"tosh-btn\"><a href=\"\/go-casino\/\" target=\"_blank\" rel=\"noopener\">IMIR ANOIS<\/a><\/div><\/div>\n<h2>FORBHREATHN\u00da SLOT\u00c1N GOLDEN DDESS<\/h2>\n<p>Is cluiche sliot\u00e1n ar l\u00edne coitianta \u00e9 an sliot\u00e1n Golden Goddess arna fhorbairt ag IGT a bhfuil imreoir\u00ed gafa aige lena th\u00e9ama dra\u00edocht\u00fail agus a gameplay spreag\u00fail. Suite i gcoinne ch\u00falra gaird\u00edn mist\u00e9ireach, t\u00e1 siombail\u00ed sa chluiche ar n\u00f3s an Bhandia \u00d3rga f\u00e9in, prionsa dath\u00fail, capall b\u00e1n, agus colm. Le 5 r\u00edl agus 40 l\u00edne p\u00e1, t\u00e1 neart deiseanna ag imreoir\u00ed buachan go m\u00f3r agus iad ag sn\u00edomh na r\u00edleanna ag cuardach na Bandia \u00d3rga at\u00e1 deacair a fh\u00e1il. T\u00e1 gn\u00e9 Super Stacks sa chluiche freisin, \u00e1it ar f\u00e9idir le siombail a roghna\u00edtear go randamach r\u00edleanna ioml\u00e1na a l\u00edonadh le haghaidh \u00edoca\u00edochta\u00ed ollmh\u00f3ra. Ina theannta sin, cuireann an sliot\u00e1n Golden Goddess babhta b\u00f3nais Spins Saor in Aisce ar f\u00e1il inar f\u00e9idir le himreoir\u00ed suas le 7 spins saor in aisce a thuilleamh leis an deis ath-spreagadh a dh\u00e9anamh le haghaidh n\u00edos m\u00f3 lua\u00edochta\u00ed f\u00f3s. Leis na grafaic\u00ed \u00e1ille, an gameplay tarraingteach, agus an poit\u00e9inseal le haghaidh buaite m\u00f3ra, n\u00ed haon ionadh go bhfuil an sliot\u00e1n Golden Goddess f\u00f3s ina rogha is fearr le himreoir\u00ed ceasa\u00edneonna ar l\u00edne.<\/p>\n<p><img loading=\"lazy\" decoding=\"async\" class=\"aligncenter size-full wp-image-8917\" src=\"https:\/\/rocketplay-new.com\/wp-content\/uploads\/2025\/07\/golden-goddess-slot-2.webp\" alt=\"Golden Goddess slot - Play Slot for Free 2\" width=\"800\" height=\"366\" srcset=\"https:\/\/rocketplay-new.com\/wp-content\/uploads\/2025\/07\/golden-goddess-slot-2.webp 800w, https:\/\/rocketplay-new.com\/wp-content\/uploads\/2025\/07\/golden-goddess-slot-2-300x137.webp 300w, https:\/\/rocketplay-new.com\/wp-content\/uploads\/2025\/07\/golden-goddess-slot-2-768x351.webp 768w\" sizes=\"auto, (max-width: 800px) 100vw, 800px\" \/><\/p>\n<h2>Sliot\u00e1n GOLDEN DDESS: T\u00c9AMA, AMHAIRC, AGUS CEOL<\/h2>\n<p>Is cluiche ceasa\u00edneo ar l\u00edne coitianta \u00e9 an cluiche sliot\u00e1n Golden Goddess a bhfuil t\u00e9ama tarraingteach, amharcanna iontacha, agus ceol dra\u00edocht\u00fail ann. T\u00e1 t\u00e9ama an chluiche d\u00edrithe ar mhiotaseola\u00edocht na Gr\u00e9ige \u00e1rsa, agus an Golden Goddess f\u00e9in mar phr\u00edomhcharachtar. T\u00e1 amharcanna an chluiche thar a bheith mionsonraithe agus deartha go h\u00e1lainn, le siombail\u00ed lena n-\u00e1ir\u00edtear cr\u00e9at\u00fair mhist\u00e9ireacha, r\u00f3sa\u00ed \u00f3rga, agus an Golden Goddess \u00edoc\u00f3nach. Is gaird\u00edn lush \u00e9 c\u00falra an chluiche at\u00e1 l\u00e1n de bhl\u00e1thanna beoga agus seodra lonracha, rud a chrutha\u00edonn atmaisf\u00e9ar dra\u00edocht\u00fail agus tumtha do na himreoir\u00ed. T\u00e1 ceol an chluiche eitreach agus suaimhneach, ag cur leis an atmaisf\u00e9ar forioml\u00e1n agus ag feabhs\u00fa taith\u00ed an imreora. Leis an t\u00e9ama tarraingteach, amharcanna iontacha, agus ceol dra\u00edocht\u00fail, cuireann cluiche sliot\u00e1n Golden Goddess taith\u00ed cearrbhachais f\u00edor-tharraingteach agus taitneamhach ar f\u00e1il do na himreoir\u00ed.<\/p>\n<h2>CONAS Sliot\u00e1n GOLDEN DDESS A IMIRT<\/h2>\n<p>Is cluiche sliot\u00e1n coitianta \u00e9 Golden Goddess at\u00e1 le f\u00e1il i go leor ceasa\u00edneonna ar l\u00edne agus as l\u00edne. Chun an sliot\u00e1n Golden Goddess a imirt, n\u00ed m\u00f3r duit m\u00e9id do gheall a roghn\u00fa ar dt\u00fas tr\u00ed luach na mona agus l\u00edon na l\u00ednte p\u00e1 a choigeart\u00fa. Nuair a bheidh do gheall socraithe agat, n\u00edl le d\u00e9anamh ach clice\u00e1il ar an gcnaipe sn\u00edomh chun an cluiche a thos\u00fa. T\u00e1 siombail\u00ed sa chluiche ar n\u00f3s an Bhandia \u00d3rga f\u00e9in, prionsa dath\u00fail, capall b\u00e1n, agus colm. Is \u00e9 aidhm an chluiche na siombail\u00ed seo a mheaitse\u00e1il i dteaglaim bhuaiteacha chun \u00edoca\u00edochta\u00ed a fh\u00e1il. Is \u00ed siombail an Bhandia \u00d3rga an tsiombail is airde \u00edoca\u00edochta agus is f\u00e9idir l\u00e9i pota \u00f3ir a bhronnadh ort m\u00e1 thuirling\u00edonn t\u00fa c\u00faig cinn acu ar l\u00edne \u00edoca\u00edochta. Ina theannta sin, t\u00e1 siombail b\u00f3nais ann ar f\u00e9idir l\u00e9i babhta sn\u00edomh saor in aisce a spreagadh inar f\u00e9idir leat n\u00edos m\u00f3 duaiseanna a bhuachan. Tr\u00edd is tr\u00edd, t\u00e1 s\u00e9 \u00e9asca agus taitneamhach an sliot\u00e1n Bhandia \u00d3rga a imirt, rud a fh\u00e1gann gur rogha iontach \u00e9 do thosaitheoir\u00ed agus d\u2019imreoir\u00ed a bhfuil taith\u00ed acu araon.<\/p>\n<div class=\"go-btn-container\"><div class=\"tosh-btn\"><a href=\"\/go-casino\/\" target=\"_blank\" rel=\"noopener\">IMIR ANOIS<\/a><\/div><\/div>\n<h2>SLOT AN BHANDIA \u00d3RGA: ROGHANNA GEALLT\u00d3IREACHTA AGUS POITEANNACHT BUAITE<\/h2>\n<p>Is rogha coitianta \u00e9 an cluiche sliot\u00e1n Bhandia \u00d3rga d\u2019imreoir\u00ed \u00f3c\u00e1ideacha agus do roll\u00f3ir\u00ed arda araon mar gheall ar a raon leathan roghanna geallt\u00f3ireachta agus a phoit\u00e9inseal buaite suntasach. Is f\u00e9idir le himreoir\u00ed geall a chur ar aon l\u00edne \u00edoctha \u00f3 1 go 50, agus an rogha ann an geall in aghaidh na l\u00edne a choigeart\u00fa \u00f3 chomh beag le $0.01 go dt\u00ed chomh m\u00f3r le $10. Ligeann an tsol\u00fabthacht seo d\u2019imreoir\u00ed a ngeallta a chur in oiri\u00faint d\u00e1 roghanna agus d\u00e1 mbuis\u00e9ad aonair, rud a fh\u00e1gann go bhfuil an cluiche inrochtana do gach cine\u00e1l imreora. Cuireann an cluiche r\u00e9imse gn\u00e9ithe b\u00f3nais ar f\u00e1il freisin, lena n-\u00e1ir\u00edtear siombail\u00ed cruachta, siombail\u00ed fi\u00e1ine, agus spins saor in aisce, ar f\u00e9idir leo seans an imreora buachan go m\u00f3r a mh\u00e9ad\u00fa go suntasach. Le pota \u00f3ir uasta de 1000 bonn, cuireann an sliot\u00e1n Golden Goddess neart acmhainneachta ar f\u00e1il le haghaidh \u00edoca\u00edochta\u00ed brab\u00fasacha, rud a fh\u00e1gann gur rogha spreag\u00fail \u00e9 d\u2019imreoir\u00ed at\u00e1 ag iarraidh saibhreas a bhaint amach. Tr\u00edd is tr\u00edd, d\u00e9anann an measc\u00e1n de roghanna geallt\u00f3ireachta saincheaptha agus acmhainneacht bhuaiteach flaithi\u00fail an sliot\u00e1n Golden Goddess ina rogha den scoth d\u2019imreoir\u00ed at\u00e1 ag lorg siamsa\u00edochta agus an deis buachan go m\u00f3r araon.<\/p>\n<p><img loading=\"lazy\" decoding=\"async\" class=\"aligncenter size-full wp-image-8908\" src=\"https:\/\/rocketplay-new.com\/wp-content\/uploads\/2025\/07\/golden-goddess-slot-1.webp\" alt=\"Golden Goddess slot - Play Slot for Free\" width=\"800\" height=\"389\" srcset=\"https:\/\/rocketplay-new.com\/wp-content\/uploads\/2025\/07\/golden-goddess-slot-1.webp 800w, https:\/\/rocketplay-new.com\/wp-content\/uploads\/2025\/07\/golden-goddess-slot-1-300x146.webp 300w, https:\/\/rocketplay-new.com\/wp-content\/uploads\/2025\/07\/golden-goddess-slot-1-768x373.webp 768w\" sizes=\"auto, (max-width: 800px) 100vw, 800px\" \/><\/p>\n<h2>CEISTEANNA AGUS FREAGRA\u00cd COITIANTA &#8211; SLOT GOLDEN DDESS<\/h2>\n<p>Is cluiche sliot\u00e1n coitianta \u00e9 Golden Goddess a bhfuil aird mh\u00f3r faighte aige \u00f3 imreoir\u00ed ar fud an domhain. Mar is amhlaidh le haon chluiche, t\u00e1 roinnt ceisteanna coitianta ag imreoir\u00ed faoin sliot\u00e1n Golden Goddess. Ceann de na ceisteanna is minice a chuirtear n\u00e1 conas na gn\u00e9ithe b\u00f3nais sa chluiche a spreagadh. Chun an babhta b\u00f3nais spins saor in aisce a spreagadh, n\u00ed m\u00f3r d\u2019imreoir\u00ed tr\u00ed shiombail scaipthe r\u00f3s a thabhairt i dt\u00edr ar r\u00edleanna 2, 3, agus 4. Ceist choitianta eile is ea RTP (filleadh ar an imreoir) an chluiche. T\u00e1 RTP Golden Goddess thart ar 94%, at\u00e1 s\u00e1ch caighde\u00e1nach do chluiche sliot\u00e1n. Is minic a chuireann imreoir\u00ed ceist faoi luaineacht an chluiche freisin, a mheastar a bheith me\u00e1nach. Tr\u00edd is tr\u00edd, is cluiche sliot\u00e1n an-t\u00f3ir \u00e9 Golden Goddess a thairgeann eisp\u00e9ireas imeartha spreag\u00fail agus taitneamhach do gach cine\u00e1l imreoir\u00ed.<\/p>\n","protected":false},"excerpt":{"rendered":"<p>Is cluiche sliot\u00e1n ar l\u00edne coitianta \u00e9 an sliot\u00e1n Golden Goddess a thugann deis d\u2019imreoir\u00ed dul ar eachtra corraitheach ag cuardach seoda agus saibhris i bhfolach. Leis na grafaic\u00ed iontacha, an gameplay tumtha, agus na gn\u00e9ithe b\u00f3nais spreag\u00fala, is cinnte go gcoinneoidh an cluiche sliot\u00e1n seo imreoir\u00ed siamsaithe ar feadh uaireanta an chloig. Cib\u00e9 an&#8230;<\/p>\n","protected":false},"author":1,"featured_media":6774,"parent":2271,"menu_order":0,"comment_status":"closed","ping_status":"closed","template":"","meta":{"_acf_changed":false,"_kad_post_transparent":"default","_kad_post_title":"default","_kad_post_layout":"default","_kad_post_sidebar_id":"","_kad_post_content_style":"default","_kad_post_vertical_padding":"default","_kad_post_feature":"","_kad_post_feature_position":"","_kad_post_header":false,"_kad_post_footer":false,"footnotes":""},"class_list":["post-8980","page","type-page","status-publish","has-post-thumbnail","hentry"],"acf":[],"rttpg_featured_image_url":{"full":["https:\/\/rocketplay-new.com\/wp-content\/uploads\/2025\/05\/golden-goddess-slot-play-slot-for-free.png",1149,698,false],"landscape":["https:\/\/rocketplay-new.com\/wp-content\/uploads\/2025\/05\/golden-goddess-slot-play-slot-for-free.png",1149,698,false],"portraits":["https:\/\/rocketplay-new.com\/wp-content\/uploads\/2025\/05\/golden-goddess-slot-play-slot-for-free.png",1149,698,false],"thumbnail":["https:\/\/rocketplay-new.com\/wp-content\/uploads\/2025\/05\/golden-goddess-slot-play-slot-for-free-150x150.png",150,150,true],"medium":["https:\/\/rocketplay-new.com\/wp-content\/uploads\/2025\/05\/golden-goddess-slot-play-slot-for-free-300x182.png",300,182,true],"large":["https:\/\/rocketplay-new.com\/wp-content\/uploads\/2025\/05\/golden-goddess-slot-play-slot-for-free-1024x622.png",1024,622,true],"1536x1536":["https:\/\/rocketplay-new.com\/wp-content\/uploads\/2025\/05\/golden-goddess-slot-play-slot-for-free.png",1149,698,false],"2048x2048":["https:\/\/rocketplay-new.com\/wp-content\/uploads\/2025\/05\/golden-goddess-slot-play-slot-for-free.png",1149,698,false],"wppb-medium":["https:\/\/rocketplay-new.com\/wp-content\/uploads\/2025\/05\/golden-goddess-slot-play-slot-for-free-600x450.png",600,450,true]},"rttpg_author":{"display_name":"John","author_link":"https:\/\/rocketplay-new.com\/ga\/author\/pemvas95n89x\/"},"rttpg_comment":0,"rttpg_category":null,"rttpg_excerpt":"Is cluiche sliot\u00e1n ar l\u00edne coitianta \u00e9 an sliot\u00e1n Golden Goddess a thugann deis d\u2019imreoir\u00ed dul ar eachtra corraitheach ag cuardach seoda agus saibhris i bhfolach. Leis na grafaic\u00ed iontacha, an gameplay tumtha, agus na gn\u00e9ithe b\u00f3nais spreag\u00fala, is cinnte go gcoinneoidh an cluiche sliot\u00e1n seo imreoir\u00ed siamsaithe ar feadh uaireanta an chloig. Cib\u00e9 an...","_links":{"self":[{"href":"https:\/\/rocketplay-new.com\/ga\/wp-json\/wp\/v2\/pages\/8980","targetHints":{"allow":["GET"]}}],"collection":[{"href":"https:\/\/rocketplay-new.com\/ga\/wp-json\/wp\/v2\/pages"}],"about":[{"href":"https:\/\/rocketplay-new.com\/ga\/wp-json\/wp\/v2\/types\/page"}],"author":[{"embeddable":true,"href":"https:\/\/rocketplay-new.com\/ga\/wp-json\/wp\/v2\/users\/1"}],"replies":[{"embeddable":true,"href":"https:\/\/rocketplay-new.com\/ga\/wp-json\/wp\/v2\/comments?post=8980"}],"version-history":[{"count":2,"href":"https:\/\/rocketplay-new.com\/ga\/wp-json\/wp\/v2\/pages\/8980\/revisions"}],"predecessor-version":[{"id":8986,"href":"https:\/\/rocketplay-new.com\/ga\/wp-json\/wp\/v2\/pages\/8980\/revisions\/8986"}],"up":[{"embeddable":true,"href":"https:\/\/rocketplay-new.com\/ga\/wp-json\/wp\/v2\/pages\/2271"}],"wp:featuredmedia":[{"embeddable":true,"href":"https:\/\/rocketplay-new.com\/ga\/wp-json\/wp\/v2\/media\/6774"}],"wp:attachment":[{"href":"https:\/\/rocketplay-new.com\/ga\/wp-json\/wp\/v2\/media?parent=8980"}],"curies":[{"name":"wp","href":"https:\/\/api.w.org\/{rel}","templated":true}]}}