{"id":8979,"date":"2025-05-29T12:04:29","date_gmt":"2025-05-29T09:04:29","guid":{"rendered":"https:\/\/rocketplay-new.com\/slot-machines\/crazy-monkey\/"},"modified":"2025-07-16T21:52:38","modified_gmt":"2025-07-16T18:52:38","slug":"crazy-monkey","status":"publish","type":"page","link":"https:\/\/rocketplay-new.com\/ga\/slot-machines\/crazy-monkey\/","title":{"rendered":"Sliot\u00e1n Crazy Monkey &#8211; Imir Sliot\u00e1n Saor in Aisce"},"content":{"rendered":"<p>Is meais\u00edn sliot\u00e1n ar l\u00edne coitianta \u00e9 an cluiche sliot\u00e1n Crazy Monkey a thugann deis d\u2019imreoir\u00ed duaiseanna m\u00f3ra a bhuachan agus iad ag baint taitnimh as eisp\u00e9ireas cearrbhachais spra\u00ed\u00fail agus spreag\u00fail. Leis na grafaic\u00ed ildaite agus an t\u00e9ama siams\u00fail at\u00e1 aige, is cinnte go gcoinneoidh an cluiche sliot\u00e1n seo imreoir\u00ed siamsaithe ar feadh uaireanta an chloig. T\u00e1 r\u00e9imse siombail\u00ed sa chluiche, lena n-\u00e1ir\u00edtear banana\u00ed, cn\u00f3nna c\u00f3c\u00f3, agus ar nd\u00f3igh, an monca\u00ed craice\u00e1ilte f\u00e9in. Is f\u00e9idir le himreoir\u00ed taitneamh a bhaint as babhta\u00ed b\u00f3nais agus spins saor in aisce freisin, rud a thugann n\u00edos m\u00f3 seansanna d\u00f3ibh buachan. Cib\u00e9 an imreoir sliot\u00e1n s\u00e9as\u00farach th\u00fa n\u00f3 d\u00edreach ag iarraidh roinnt spraoi a bheith agat, is rogha iontach \u00e9 an cluiche sliot\u00e1n Crazy Monkey d\u2019aon duine at\u00e1 ag iarraidh sliot\u00e1in a imirt saor in aisce.<\/p>\n<div class=\"go-btn-container\"><div class=\"tosh-btn\"><a href=\"\/go-casino\/\" target=\"_blank\" rel=\"noopener\">IMIR ANOIS<\/a><\/div><\/div>\n<h2>FORBHREATHN\u00da SL\u00d3T\u00c1N CRAZY MONKEY<\/h2>\n<p>Is cluiche sliot\u00e1n ar l\u00edne coitianta \u00e9 sliot\u00e1n Crazy Monkey a bhfuil lucht lean\u00fana m\u00f3r faighte aige i measc imreoir\u00ed. Forbartha ag Igrosoft, t\u00e1 t\u00e9ama spra\u00ed\u00fail agus tarraingteach sa chluiche seo at\u00e1 d\u00edrithe ar mhonca\u00ed d\u00e1na ar bre\u00e1 leis c\u00edr\u00e9ib a chruth\u00fa sa dufair. T\u00e1 an cluiche suite i dtimpeallacht dufaire ildaite agus br\u00edomhar, le siombail\u00ed cos\u00fail le banana\u00ed, cn\u00f3nna c\u00f3c\u00f3, agus monca\u00ed ag maisi\u00fa na r\u00edleanna. T\u00e1 s\u00e9 de ch\u00faram ar imreoir\u00ed na r\u00edleanna a sn\u00edomh agus iarracht a dh\u00e9anamh siombail\u00ed a mheaitse\u00e1il chun duaiseanna a bhuachan. T\u00e1 babhta\u00ed b\u00f3nais agus gn\u00e9ithe speisialta sa chluiche freisin a chuireann sraith bhreise sceitim\u00edn\u00ed leis an imirt. Leis an t\u00e9ama aisteach, an imirt siams\u00fail, agus an deis duaiseanna m\u00f3ra a bhuachan, t\u00e1 an sliot\u00e1n Crazy Monkey ina rogha iontach i measc imreoir\u00ed ceasa\u00edneo ar l\u00edne. Cib\u00e9 acu imreoir sliot\u00e1n s\u00e9as\u00farach th\u00fa n\u00f3 duine nua at\u00e1 ag lorg spraoi, is cinnte go gcuirfidh sliot\u00e1n Crazy Monkey uaireanta an chloig siamsa\u00edochta ar f\u00e1il.<\/p>\n<p><img loading=\"lazy\" decoding=\"async\" class=\"aligncenter size-full wp-image-8896\" src=\"https:\/\/rocketplay-new.com\/wp-content\/uploads\/2025\/07\/crazy-monkey-slot-2.webp\" alt=\"Crazy Monkey slot - Play Slot for Free 2\" width=\"800\" height=\"421\" srcset=\"https:\/\/rocketplay-new.com\/wp-content\/uploads\/2025\/07\/crazy-monkey-slot-2.webp 800w, https:\/\/rocketplay-new.com\/wp-content\/uploads\/2025\/07\/crazy-monkey-slot-2-300x158.webp 300w, https:\/\/rocketplay-new.com\/wp-content\/uploads\/2025\/07\/crazy-monkey-slot-2-768x404.webp 768w\" sizes=\"auto, (max-width: 800px) 100vw, 800px\" \/><\/p>\n<h2>Sliot\u00e1n Crazy Monkey: T\u00e9ama, Amharcl\u00e9iri\u00fa, agus Ceol<\/h2>\n<p>Is cluiche sliot\u00e1n ar l\u00edne coitianta \u00e9 sliot\u00e1n Crazy Monkey a thugann imreoir\u00ed ar eachtra fhi\u00e1in tr\u00edd an dufair le monca\u00ed d\u00e1na mar threoir. T\u00e1 t\u00e9ama an chluiche d\u00edrithe ar chleasa\u00edocht an phr\u00edomhaide craice\u00e1ilte seo, at\u00e1 i gc\u00f3na\u00ed ag d\u00e9anamh rud ar bith. T\u00e1 amharcl\u00e9iri\u00fa an chluiche geal agus ildaite, le grafaic\u00ed beoga a thugann an su\u00edomh dufaire chun beatha. Casfaidh imreoir\u00ed le hainmhithe dufaire \u00e9ags\u00fala, mar shampla nathracha, \u00e9in thr\u00f3paiceacha, agus banana\u00ed, agus iad ag sn\u00edomh na r\u00edleanna ag s\u00fail le teaglaim bhuaiteach a fh\u00e1il. T\u00e1 an ceol i sliot\u00e1n Crazy Monkey br\u00edomhar agus fuinni\u00fail, rud a chuireann le sceitim\u00edn\u00ed an chluiche. T\u00e1 druma\u00ed treibhe agus fuaimeanna dufaire sa fhuaimrian a chrutha\u00edonn moth\u00fa tumoideachais i dt\u00e9ama an chluiche. Tr\u00edd is tr\u00edd, cuireann sliot\u00e1n Crazy Monkey eisp\u00e9ireas cearrbhachais spra\u00ed\u00fail agus siams\u00fail ar f\u00e1il d&#8217;imreoir\u00ed a bhfuil taitneamh acu as cluiche sliot\u00e1n beoga agus \u00e9adrom.<\/p>\n<h2>Conas Sliot\u00e1n Crazy Monkey a Imirt<\/h2>\n<p>Is cluiche sliot\u00e1n ar l\u00edne coitianta \u00e9 sliot\u00e1n Crazy Monkey ar f\u00e9idir le himreoir\u00ed de gach leibh\u00e9al scile taitneamh a bhaint as. Chun t\u00fas a chur le himirt, n\u00ed m\u00f3r duit m\u00e9id do gheall a roghn\u00fa ar dt\u00fas tr\u00ed mh\u00e9id na mona agus l\u00edon na l\u00ednte p\u00e1 is mian leat a imirt a choigeart\u00fa. Nuair a bheidh do gheall socraithe agat, br\u00faigh an cnaipe sn\u00edomh chun an cluiche a thos\u00fa. Is \u00e9 cusp\u00f3ir an chluiche siombail\u00ed a mheaitse\u00e1il ar na l\u00ednte p\u00e1 chun duaiseanna a bhuachan. B\u00ed ag faire amach do na siombail\u00ed speisialta sa chluiche, amhail an tsiombail Fi\u00e1in agus an tsiombail Scaipthe, mar is f\u00e9idir leo seo cabhr\u00fa leat duaiseanna n\u00edos m\u00f3 f\u00f3s a bhuachan. T\u00e1 babhta b\u00f3nais sa chluiche freisin inar f\u00e9idir leat spins saor in aisce agus iolraitheoir\u00ed a bhuachan. Chun an babhta b\u00f3nais a spreagadh, de ghn\u00e1th n\u00ed m\u00f3r duit tr\u00ed shiombail Scaipthe n\u00f3 n\u00edos m\u00f3 a thabhairt i dt\u00edr ar na r\u00edleanna. Tr\u00edd is tr\u00edd, is eisp\u00e9ireas spra\u00ed\u00fail agus spreag\u00fail \u00e9 sliot\u00e1n Crazy Monkey a imirt a thugann an deis duaiseanna m\u00f3ra a bhuachan. Mar sin, bain triail as agus f\u00e9ach an f\u00e9idir leat an pota \u00f3ir a bhualadh!<\/p>\n<div class=\"go-btn-container\"><div class=\"tosh-btn\"><a href=\"\/go-casino\/\" target=\"_blank\" rel=\"noopener\">IMIR ANOIS<\/a><\/div><\/div>\n<h2>SLOT CRAZY MONKEY: ROGHANNA GEALLT\u00d3IREACHTA AGUS POIT\u00c9INSEAL BUAITE<\/h2>\n<p>Is cluiche sliot\u00e1n ar l\u00edne coitianta \u00e9 sliot\u00e1n Crazy Monkey a thairgeann r\u00e9imse roghanna geallt\u00f3ireachta agus acmhainneacht ard buaite d&#8217;imreoir\u00ed. Le t\u00e9ama jungle spra\u00ed\u00fail agus spreag\u00fail, is f\u00e9idir le himreoir\u00ed taitneamh a bhaint as na r\u00edleanna a sn\u00edomh agus a n-\u00e1dh a thriail chun duaiseanna m\u00f3ra a bhuachan. T\u00e1 r\u00e9imse roghanna geallt\u00f3ireachta sa chluiche, rud a ligeann d\u2019imreoir\u00ed a ngeallta a choigeart\u00fa chun freastal ar a mbuis\u00e9ad agus a st\u00edl imeartha. Is f\u00e9idir le himreoir\u00ed geall a chur ar chomh beag le c\u00fapla cent n\u00f3 chomh m\u00f3r le roinnt dollar in aghaidh an casadh, rud a thugann an tsol\u00fabthacht d\u00f3ibh imirt ag leibh\u00e9al at\u00e1 compordach d\u00f3ibh. Chomh maith leis na roghanna geallt\u00f3ireachta, cuireann sliot\u00e1n Crazy Monkey ardacmhainneacht bhuaiteach ar f\u00e1il freisin, leis an deis \u00edoca\u00edochta\u00ed flaithi\u00fala a bhuachan tr\u00ed mheasc\u00e1n siombail\u00ed agus gn\u00e9ithe b\u00f3nais. Le r\u00e1ta ard tuairisce\u00e1in don imreoir (RTP), t\u00e1 seans maith ag imreoir\u00ed si\u00fal amach le roinnt buaiteanna suntasacha. Tr\u00edd is tr\u00edd, cuireann sliot\u00e1n Crazy Monkey eisp\u00e9ireas cearrbhachais siams\u00fail agus luach saothair ar f\u00e1il d\u2019imreoir\u00ed at\u00e1 ag iarraidh roinnt spraoi a bheith acu agus b\u2019fh\u00e9idir buachan go m\u00f3r.<\/p>\n<p><img loading=\"lazy\" decoding=\"async\" class=\"aligncenter size-full wp-image-8887\" src=\"https:\/\/rocketplay-new.com\/wp-content\/uploads\/2025\/07\/crazy-monkey-slot-1.webp\" alt=\"Crazy Monkey slot - Play Slot for Free\" width=\"800\" height=\"323\" srcset=\"https:\/\/rocketplay-new.com\/wp-content\/uploads\/2025\/07\/crazy-monkey-slot-1.webp 800w, https:\/\/rocketplay-new.com\/wp-content\/uploads\/2025\/07\/crazy-monkey-slot-1-300x121.webp 300w, https:\/\/rocketplay-new.com\/wp-content\/uploads\/2025\/07\/crazy-monkey-slot-1-768x310.webp 768w\" sizes=\"auto, (max-width: 800px) 100vw, 800px\" \/><\/p>\n<h2>CEISTEANNA AGUS FREAGRA\u00cd COITIANTA &#8211; SLOT CRAZY MONKEY<\/h2>\n<p>Is cluiche sliot\u00e1n ar l\u00edne coitianta \u00e9 sliot\u00e1n Crazy Monkey a bhfuil lucht lean\u00fana m\u00f3r bainte amach aige i measc imreoir\u00ed. Mar is amhlaidh le haon chluiche, b\u00edonn ceisteanna coitianta ag imreoir\u00ed faoin gcluiche go minic. Ceann de na ceisteanna is minice a chuirtear n\u00e1 c\u00e9atad\u00e1n RTP (Filleadh ar an Imreoir) an chluiche. T\u00e1 an RTP do shliot\u00e1n Crazy Monkey thart ar 95%, rud a mheastar a bheith s\u00e1ch maith do chluiche sliot\u00e1n ar l\u00edne. Ceist choitianta eile is ea gn\u00e9ithe b\u00f3nais an chluiche. Cuireann sliot\u00e1n Crazy Monkey r\u00e9imse gn\u00e9ithe b\u00f3nais ar f\u00e1il, lena n-\u00e1ir\u00edtear spins saor in aisce, iolraitheoir\u00ed, agus cluiche b\u00f3nais a d&#8217;fh\u00e9adfadh buanna m\u00f3ra a bheith mar thoradh air. Is minic a chuireann imreoir\u00ed ceist faoi luaineacht an chluiche freisin, at\u00e1 ar an taobh n\u00edos airde, rud a chialla\u00edonn go bhf\u00e9adfadh tr\u00e9imhs\u00ed n\u00edos faide a bheith idir buanna, ach is f\u00e9idir leis na buanna f\u00e9in a bheith s\u00e1ch suntasach. Tr\u00edd is tr\u00edd, is cluiche spra\u00ed\u00fail agus spreag\u00fail \u00e9 sliot\u00e1n Crazy Monkey a thairgeann neart deiseanna chun buachan m\u00f3r.<\/p>\n","protected":false},"excerpt":{"rendered":"<p>Is meais\u00edn sliot\u00e1n ar l\u00edne coitianta \u00e9 an cluiche sliot\u00e1n Crazy Monkey a thugann deis d\u2019imreoir\u00ed duaiseanna m\u00f3ra a bhuachan agus iad ag baint taitnimh as eisp\u00e9ireas cearrbhachais spra\u00ed\u00fail agus spreag\u00fail. Leis na grafaic\u00ed ildaite agus an t\u00e9ama siams\u00fail at\u00e1 aige, is cinnte go gcoinneoidh an cluiche sliot\u00e1n seo imreoir\u00ed siamsaithe ar feadh uaireanta an&#8230;<\/p>\n","protected":false},"author":1,"featured_media":6745,"parent":2271,"menu_order":0,"comment_status":"closed","ping_status":"closed","template":"single-no-sidebar.php","meta":{"_acf_changed":false,"_kad_post_transparent":"default","_kad_post_title":"default","_kad_post_layout":"default","_kad_post_sidebar_id":"","_kad_post_content_style":"default","_kad_post_vertical_padding":"default","_kad_post_feature":"","_kad_post_feature_position":"","_kad_post_header":false,"_kad_post_footer":false,"footnotes":""},"class_list":["post-8979","page","type-page","status-publish","has-post-thumbnail","hentry"],"acf":[],"rttpg_featured_image_url":{"full":["https:\/\/rocketplay-new.com\/wp-content\/uploads\/2025\/05\/crazy-monkey-slot-play-slot-for-free.png",1401,668,false],"landscape":["https:\/\/rocketplay-new.com\/wp-content\/uploads\/2025\/05\/crazy-monkey-slot-play-slot-for-free.png",1401,668,false],"portraits":["https:\/\/rocketplay-new.com\/wp-content\/uploads\/2025\/05\/crazy-monkey-slot-play-slot-for-free.png",1401,668,false],"thumbnail":["https:\/\/rocketplay-new.com\/wp-content\/uploads\/2025\/05\/crazy-monkey-slot-play-slot-for-free-150x150.png",150,150,true],"medium":["https:\/\/rocketplay-new.com\/wp-content\/uploads\/2025\/05\/crazy-monkey-slot-play-slot-for-free-300x143.png",300,143,true],"large":["https:\/\/rocketplay-new.com\/wp-content\/uploads\/2025\/05\/crazy-monkey-slot-play-slot-for-free-1024x488.png",1024,488,true],"1536x1536":["https:\/\/rocketplay-new.com\/wp-content\/uploads\/2025\/05\/crazy-monkey-slot-play-slot-for-free.png",1401,668,false],"2048x2048":["https:\/\/rocketplay-new.com\/wp-content\/uploads\/2025\/05\/crazy-monkey-slot-play-slot-for-free.png",1401,668,false],"wppb-medium":["https:\/\/rocketplay-new.com\/wp-content\/uploads\/2025\/05\/crazy-monkey-slot-play-slot-for-free-600x450.png",600,450,true]},"rttpg_author":{"display_name":"John","author_link":"https:\/\/rocketplay-new.com\/ga\/author\/pemvas95n89x\/"},"rttpg_comment":0,"rttpg_category":null,"rttpg_excerpt":"Is meais\u00edn sliot\u00e1n ar l\u00edne coitianta \u00e9 an cluiche sliot\u00e1n Crazy Monkey a thugann deis d\u2019imreoir\u00ed duaiseanna m\u00f3ra a bhuachan agus iad ag baint taitnimh as eisp\u00e9ireas cearrbhachais spra\u00ed\u00fail agus spreag\u00fail. Leis na grafaic\u00ed ildaite agus an t\u00e9ama siams\u00fail at\u00e1 aige, is cinnte go gcoinneoidh an cluiche sliot\u00e1n seo imreoir\u00ed siamsaithe ar feadh uaireanta an...","_links":{"self":[{"href":"https:\/\/rocketplay-new.com\/ga\/wp-json\/wp\/v2\/pages\/8979","targetHints":{"allow":["GET"]}}],"collection":[{"href":"https:\/\/rocketplay-new.com\/ga\/wp-json\/wp\/v2\/pages"}],"about":[{"href":"https:\/\/rocketplay-new.com\/ga\/wp-json\/wp\/v2\/types\/page"}],"author":[{"embeddable":true,"href":"https:\/\/rocketplay-new.com\/ga\/wp-json\/wp\/v2\/users\/1"}],"replies":[{"embeddable":true,"href":"https:\/\/rocketplay-new.com\/ga\/wp-json\/wp\/v2\/comments?post=8979"}],"version-history":[{"count":2,"href":"https:\/\/rocketplay-new.com\/ga\/wp-json\/wp\/v2\/pages\/8979\/revisions"}],"predecessor-version":[{"id":8985,"href":"https:\/\/rocketplay-new.com\/ga\/wp-json\/wp\/v2\/pages\/8979\/revisions\/8985"}],"up":[{"embeddable":true,"href":"https:\/\/rocketplay-new.com\/ga\/wp-json\/wp\/v2\/pages\/2271"}],"wp:featuredmedia":[{"embeddable":true,"href":"https:\/\/rocketplay-new.com\/ga\/wp-json\/wp\/v2\/media\/6745"}],"wp:attachment":[{"href":"https:\/\/rocketplay-new.com\/ga\/wp-json\/wp\/v2\/media?parent=8979"}],"curies":[{"name":"wp","href":"https:\/\/api.w.org\/{rel}","templated":true}]}}