{"id":8978,"date":"2025-05-29T11:54:40","date_gmt":"2025-05-29T08:54:40","guid":{"rendered":"https:\/\/rocketplay-new.com\/slot-machines\/black-diamond\/"},"modified":"2025-07-16T21:51:26","modified_gmt":"2025-07-16T18:51:26","slug":"black-diamond","status":"publish","type":"page","link":"https:\/\/rocketplay-new.com\/ga\/slot-machines\/black-diamond\/","title":{"rendered":"Meais\u00edn sliot\u00e1n Black Diamond &#8211; Imir Sliot\u00e1n Saor in Aisce"},"content":{"rendered":"<p>Is cluiche ar l\u00edne coitianta \u00e9 an meais\u00edn sliot\u00e1n Black Diamond a thugann deis d\u2019imreoir\u00ed duaiseanna m\u00f3ra a bhuachan. Leis an dearadh gal\u00e1nta agus an gameplay spreag\u00fail at\u00e1 aige, is cinnte go gcoinneoidh an meais\u00edn sliot\u00e1n seo imreoir\u00ed siamsaithe ar feadh uaireanta an chloig. T\u00e1 r\u00e9imse siombail\u00ed sa chluiche, lena n-\u00e1ir\u00edtear diamaint, barra\u00ed, agus seacht n-\u00e1dh, agus is f\u00e9idir leo seo go l\u00e9ir \u00edoca\u00edochta\u00ed brab\u00fasacha a thabhairt. Is f\u00e9idir le himreoir\u00ed leas a bhaint as gn\u00e9ithe speisialta cos\u00fail le spins saor in aisce agus babhta\u00ed b\u00f3nais chun a mbuaite a mh\u00e9ad\u00fa n\u00edos m\u00f3 f\u00f3s. Leis an rogha imirt saor in aisce, is f\u00e9idir le himreoir\u00ed taitneamh a bhaint as gach sceitim\u00edn\u00ed a bhaineann leis an meais\u00edn sliot\u00e1n Black Diamond gan aon chuid d\u00e1 gcuid airgid f\u00e9in a chur i mbaol.<\/p>\n<div class=\"go-btn-container\"><div class=\"tosh-btn\"><a href=\"\/go-casino\/\" target=\"_blank\" rel=\"noopener\">IMIR ANOIS<\/a><\/div><\/div>\n<h2>FORBHREATHN\u00da MEAIS\u00cdN SLOT BLACK DIAMOND<\/h2>\n<p>Is cluiche meais\u00edn sliot\u00e1n coitianta \u00e9 Black Diamond a thugann deis d\u2019imreoir\u00ed buachan go m\u00f3r lena th\u00e9ama s\u00f3masach agus glam\u00farach. T\u00e1 c\u00faig r\u00edl agus tr\u00ed shraith sa chluiche, le 25 l\u00edne p\u00e1 san ioml\u00e1n le geall a chur orthu. I measc na siombail\u00ed sa chluiche t\u00e1 diamaint, barra\u00ed \u00f3ir, agus seoda luachmhara eile, rud a chuireann leis an moth\u00fa ard-aicme at\u00e1 sa chluiche. Cuireann an cluiche r\u00e9imse gn\u00e9ithe b\u00f3nais ar f\u00e1il freisin, lena n-\u00e1ir\u00edtear siombail\u00ed fi\u00e1ine, siombail\u00ed scaipthe, agus spins saor in aisce. Is f\u00e9idir le himreoir\u00ed a gcuid buaiteanna a mh\u00e9ad\u00fa freisin le gn\u00e9 geallt\u00f3ireachta an chluiche, \u00e1it ar f\u00e9idir leo a gcuid buaiteanna a dh\u00fabailt n\u00f3 a cheathairsh\u00fabailt tr\u00ed bhuille faoi thuairim a thabhairt ar dhath n\u00f3 ar chulaith c\u00e1rta. Leis an dearadh gal\u00e1nta agus an gameplay spreag\u00fail at\u00e1 aige, is rud riachtanach \u00e9 Black Diamond d\u2019aon d\u00edograiseoir meais\u00edn sliot\u00e1n at\u00e1 ag lorg eisp\u00e9ireas cearrbhachais s\u00f3masach.<\/p>\n<p><img loading=\"lazy\" decoding=\"async\" class=\"aligncenter size-full wp-image-8864\" src=\"https:\/\/rocketplay-new.com\/wp-content\/uploads\/2025\/07\/black-diamond-slot-1.webp\" alt=\"Black Diamond slot machine - Play Slot for Free\" width=\"800\" height=\"436\" srcset=\"https:\/\/rocketplay-new.com\/wp-content\/uploads\/2025\/07\/black-diamond-slot-1.webp 800w, https:\/\/rocketplay-new.com\/wp-content\/uploads\/2025\/07\/black-diamond-slot-1-300x164.webp 300w, https:\/\/rocketplay-new.com\/wp-content\/uploads\/2025\/07\/black-diamond-slot-1-768x419.webp 768w\" sizes=\"auto, (max-width: 800px) 100vw, 800px\" \/><\/p>\n<h2>MEAIS\u00cdN SLOT BLACK DIAMOND: T\u00c9AMA, AMHAIRC, AGUS CEOL<\/h2>\n<p>Is cluiche coitianta \u00e9 an meais\u00edn sliot\u00e1n Black Diamond at\u00e1 aitheanta as a th\u00e9ama s\u00f3masach agus gal\u00e1nta. T\u00e1 amharcl\u00e9iri\u00fa an chluiche buailte, le sc\u00e9im dathanna dubh agus \u00f3r a l\u00e9ir\u00edonn sofaistici\u00falacht agus glamour. T\u00e1 baint ag na siombail\u00ed ar na r\u00edleanna le saibhreas agus s\u00f3, amhail diamaint, barra\u00ed \u00f3ir, agus seodra costasach. T\u00e1 c\u00falra diamant lonrach sa chluiche, rud a chuireann le moth\u00fa s\u00f3masach forioml\u00e1n an chluiche. T\u00e1 an ceol sa mheais\u00edn sliot\u00e1n Black Diamond oiri\u00fanach don t\u00e9ama freisin, le fuaimrian snagcheoil agus br\u00edomhar a chuireann le sceitim\u00edn\u00ed na r\u00edleanna sn\u00edomhacha. D\u00e9anann an measc\u00e1n de na hamharcl\u00e9iri\u00fa s\u00f3mhara agus an ceol tarraingteach an meais\u00edn sliot\u00e1n Black Diamond a imirt ina eisp\u00e9ireas f\u00edor-thumadach agus spreag\u00fail do na himreoir\u00ed at\u00e1 ag iarraidh beag\u00e1n s\u00f3 agus sceitim\u00edn\u00ed a fh\u00e1il.<\/p>\n<h2>CONAS MEAIS\u00cdN SLOT BLACK DIAMOND A IMIRT<\/h2>\n<p>Is cluiche meais\u00edn sliot\u00e1n coitianta \u00e9 Black Diamond at\u00e1 le f\u00e1il i go leor ceasa\u00edneonna. Chun Black Diamond a imirt, n\u00ed m\u00f3r duit do mh\u00e9id geall a roghn\u00fa ar dt\u00fas tr\u00ed chlice\u00e1il ar na saigheada in aice leis an gcnaipe &#8220;Geall&#8221;. Nuair a bheidh do gheall roghnaithe agat, br\u00faigh an cnaipe sn\u00edomh chun an cluiche a thos\u00fa. Tos\u00f3idh na r\u00edleanna ag sn\u00edomh ansin, agus beidh ort na siombail\u00ed a mheaitse\u00e1il chun buachan. T\u00e1 siombail\u00ed \u00e9ags\u00fala sa chluiche, lena n-\u00e1ir\u00edtear diamaint, barra\u00ed, agus seachtanna, agus gach siombail ag tairiscint \u00edoca\u00edocht dhifri\u00fail. Ina theannta sin, t\u00e1 gn\u00e9ithe b\u00f3nais ann mar shiombail\u00ed fi\u00e1ine agus sn\u00edomha\u00ed saor in aisce a chabhr\u00f3idh le do bhuaiteanna a mh\u00e9ad\u00fa. Tr\u00edd is tr\u00edd, t\u00e1 s\u00e9 simpl\u00ed agus soil\u00e9ir Black Diamond a imirt, rud a fh\u00e1gann gur rogha iontach \u00e9 do imreoir\u00ed a bhfuil taith\u00ed acu agus do dhaoine nua araon. Mar sin, an ch\u00e9ad uair eile a bheidh t\u00fa ag an gceasa\u00edneo, tabhair triail do Black Diamond agus f\u00e9ach an f\u00e9idir leat an pota \u00f3ir a bhualadh!<\/p>\n<div class=\"go-btn-container\"><div class=\"tosh-btn\"><a href=\"\/go-casino\/\" target=\"_blank\" rel=\"noopener\">IMIR ANOIS<\/a><\/div><\/div>\n<h2>MEAS\u00c1N SLOT BLACK DIAMOND: ROGHANNA GEALLT\u00d3IREACHTA AGUS POITEANNACHT BUAITE<\/h2>\n<p>Tugann an meais\u00edn sliot\u00e1n Black Diamond r\u00e9imse roghanna geallt\u00f3ireachta agus an poit\u00e9inseal chun buachan m\u00f3r a chur ar f\u00e1il d&#8217;imreoir\u00ed. Le raon m\u00e9ideanna mona le roghn\u00fa astu, is f\u00e9idir le himreoir\u00ed a ngeallta a oiri\u00fan\u00fa d\u00e1 leibh\u00e9al riosca is fearr leo. T\u00e1 ill\u00ednte p\u00e1 sa chluiche, rud a thugann n\u00edos m\u00f3 deiseanna chun buachan le gach sn\u00edomh. Ina theannta sin, cuireann meais\u00edn sliot\u00e1n Black Diamond gn\u00e9ithe b\u00f3nais spreag\u00fala ar f\u00e1il ar n\u00f3s siombail\u00ed fi\u00e1ine, spins saor in aisce, agus iolraitheoir\u00ed, rud a fh\u00e9adann seans an imreora bua m\u00f3r a bhaint amach a mh\u00e9ad\u00fa go suntasach. Le c\u00e9atad\u00e1n ard tuairisce\u00e1in don imreoir, t\u00e1 seans maith ag imreoir\u00ed roinnt \u00edoca\u00edochta\u00ed suntasacha a fh\u00e1il. Tr\u00edd is tr\u00edd, cuireann meais\u00edn sliot\u00e1n Black Diamond eisp\u00e9ireas cearrbhachais corraitheach ar f\u00e1il le neart roghanna geallt\u00f3ireachta agus acmhainneacht bhuaite do na himreoir\u00ed.<\/p>\n<p><img loading=\"lazy\" decoding=\"async\" class=\"aligncenter size-full wp-image-8873\" src=\"https:\/\/rocketplay-new.com\/wp-content\/uploads\/2025\/07\/black-diamond-slot-2.webp\" alt=\"Black Diamond slot machine - Play Slot for Free 2\" width=\"800\" height=\"504\" srcset=\"https:\/\/rocketplay-new.com\/wp-content\/uploads\/2025\/07\/black-diamond-slot-2.webp 800w, https:\/\/rocketplay-new.com\/wp-content\/uploads\/2025\/07\/black-diamond-slot-2-300x189.webp 300w, https:\/\/rocketplay-new.com\/wp-content\/uploads\/2025\/07\/black-diamond-slot-2-768x484.webp 768w\" sizes=\"auto, (max-width: 800px) 100vw, 800px\" \/><\/p>\n<h2>CEISTEANNA AGUS FREAGRA\u00cd COITIANTA &#8211; MEAIS\u00cdN SLOT BLACK DIAMOND<\/h2>\n<p>Is rogha coitianta \u00e9 an meais\u00edn sliot\u00e1n Black Diamond i measc lucht ceasa\u00edneo, ach b\u00edonn ceisteanna ag go leor imreoir\u00ed faoi conas imirt agus a gcuid buaite a uasmh\u00e9ad\u00fa. Ceist choitianta amh\u00e1in is ea conas na babhta\u00ed b\u00f3nais sa chluiche a spreagadh. Chun seo a dh\u00e9anamh, n\u00ed m\u00f3r d\u2019imreoir\u00ed tr\u00ed shiombail Black Diamond n\u00f3 n\u00edos m\u00f3 a thabhairt i dt\u00edr ar na r\u00edleanna, rud a dh\u00edghlas\u00e1lfaidh spins saor in aisce n\u00f3 cluich\u00ed b\u00f3nais. Ceist eile a chuireann imreoir\u00ed go minic n\u00e1 an bhfuil aon strait\u00e9is\u00ed ann chun a seans buaite a mh\u00e9ad\u00fa. C\u00e9 go bhfuil meais\u00edn\u00ed sliot\u00e1n bunaithe go pr\u00edomha ar an \u00e1dh, creideann roinnt imreoir\u00ed gur f\u00e9idir le geall a chur ar an m\u00e9id uasta agus imirt ar feadh tr\u00e9imhs\u00ed n\u00edos faide a seansanna a fheabhs\u00fa. Mar sin f\u00e9in, t\u00e1 s\u00e9 t\u00e1bhachtach a mheabhr\u00fa nach bhfuil iontu seo ach teoiric\u00ed agus nach bhfuil aon bhealach r\u00e1thaithe ann chun buachan ag sliot\u00e1in. Tr\u00edd is tr\u00edd, cuireann an meais\u00edn sliot\u00e1n Black Diamond gameplay spreag\u00fail agus an deis buachan go m\u00f3r ar f\u00e1il, rud a fh\u00e1gann gur rogha coitianta \u00e9 i measc d\u00edograiseoir\u00ed ceasa\u00edneo.<\/p>\n","protected":false},"excerpt":{"rendered":"<p>Is cluiche ar l\u00edne coitianta \u00e9 an meais\u00edn sliot\u00e1n Black Diamond a thugann deis d\u2019imreoir\u00ed duaiseanna m\u00f3ra a bhuachan. Leis an dearadh gal\u00e1nta agus an gameplay spreag\u00fail at\u00e1 aige, is cinnte go gcoinneoidh an meais\u00edn sliot\u00e1n seo imreoir\u00ed siamsaithe ar feadh uaireanta an chloig. T\u00e1 r\u00e9imse siombail\u00ed sa chluiche, lena n-\u00e1ir\u00edtear diamaint, barra\u00ed, agus seacht&#8230;<\/p>\n","protected":false},"author":1,"featured_media":6716,"parent":2271,"menu_order":0,"comment_status":"closed","ping_status":"closed","template":"single-no-sidebar.php","meta":{"_acf_changed":false,"_kad_post_transparent":"default","_kad_post_title":"default","_kad_post_layout":"default","_kad_post_sidebar_id":"","_kad_post_content_style":"default","_kad_post_vertical_padding":"default","_kad_post_feature":"","_kad_post_feature_position":"","_kad_post_header":false,"_kad_post_footer":false,"footnotes":""},"class_list":["post-8978","page","type-page","status-publish","has-post-thumbnail","hentry"],"acf":[],"rttpg_featured_image_url":{"full":["https:\/\/rocketplay-new.com\/wp-content\/uploads\/2025\/05\/black-diamond-slot-machine-play-slot-for-free.png",1243,495,false],"landscape":["https:\/\/rocketplay-new.com\/wp-content\/uploads\/2025\/05\/black-diamond-slot-machine-play-slot-for-free.png",1243,495,false],"portraits":["https:\/\/rocketplay-new.com\/wp-content\/uploads\/2025\/05\/black-diamond-slot-machine-play-slot-for-free.png",1243,495,false],"thumbnail":["https:\/\/rocketplay-new.com\/wp-content\/uploads\/2025\/05\/black-diamond-slot-machine-play-slot-for-free-150x150.png",150,150,true],"medium":["https:\/\/rocketplay-new.com\/wp-content\/uploads\/2025\/05\/black-diamond-slot-machine-play-slot-for-free-300x119.png",300,119,true],"large":["https:\/\/rocketplay-new.com\/wp-content\/uploads\/2025\/05\/black-diamond-slot-machine-play-slot-for-free-1024x408.png",1024,408,true],"1536x1536":["https:\/\/rocketplay-new.com\/wp-content\/uploads\/2025\/05\/black-diamond-slot-machine-play-slot-for-free.png",1243,495,false],"2048x2048":["https:\/\/rocketplay-new.com\/wp-content\/uploads\/2025\/05\/black-diamond-slot-machine-play-slot-for-free.png",1243,495,false],"wppb-medium":["https:\/\/rocketplay-new.com\/wp-content\/uploads\/2025\/05\/black-diamond-slot-machine-play-slot-for-free-600x450.png",600,450,true]},"rttpg_author":{"display_name":"John","author_link":"https:\/\/rocketplay-new.com\/ga\/author\/pemvas95n89x\/"},"rttpg_comment":0,"rttpg_category":null,"rttpg_excerpt":"Is cluiche ar l\u00edne coitianta \u00e9 an meais\u00edn sliot\u00e1n Black Diamond a thugann deis d\u2019imreoir\u00ed duaiseanna m\u00f3ra a bhuachan. Leis an dearadh gal\u00e1nta agus an gameplay spreag\u00fail at\u00e1 aige, is cinnte go gcoinneoidh an meais\u00edn sliot\u00e1n seo imreoir\u00ed siamsaithe ar feadh uaireanta an chloig. T\u00e1 r\u00e9imse siombail\u00ed sa chluiche, lena n-\u00e1ir\u00edtear diamaint, barra\u00ed, agus seacht...","_links":{"self":[{"href":"https:\/\/rocketplay-new.com\/ga\/wp-json\/wp\/v2\/pages\/8978","targetHints":{"allow":["GET"]}}],"collection":[{"href":"https:\/\/rocketplay-new.com\/ga\/wp-json\/wp\/v2\/pages"}],"about":[{"href":"https:\/\/rocketplay-new.com\/ga\/wp-json\/wp\/v2\/types\/page"}],"author":[{"embeddable":true,"href":"https:\/\/rocketplay-new.com\/ga\/wp-json\/wp\/v2\/users\/1"}],"replies":[{"embeddable":true,"href":"https:\/\/rocketplay-new.com\/ga\/wp-json\/wp\/v2\/comments?post=8978"}],"version-history":[{"count":2,"href":"https:\/\/rocketplay-new.com\/ga\/wp-json\/wp\/v2\/pages\/8978\/revisions"}],"predecessor-version":[{"id":8984,"href":"https:\/\/rocketplay-new.com\/ga\/wp-json\/wp\/v2\/pages\/8978\/revisions\/8984"}],"up":[{"embeddable":true,"href":"https:\/\/rocketplay-new.com\/ga\/wp-json\/wp\/v2\/pages\/2271"}],"wp:featuredmedia":[{"embeddable":true,"href":"https:\/\/rocketplay-new.com\/ga\/wp-json\/wp\/v2\/media\/6716"}],"wp:attachment":[{"href":"https:\/\/rocketplay-new.com\/ga\/wp-json\/wp\/v2\/media?parent=8978"}],"curies":[{"name":"wp","href":"https:\/\/api.w.org\/{rel}","templated":true}]}}