{"id":8846,"date":"2025-05-29T11:46:17","date_gmt":"2025-05-29T08:46:17","guid":{"rendered":"https:\/\/rocketplay-new.com\/slot-machines\/crazy-money\/"},"modified":"2025-07-16T20:23:59","modified_gmt":"2025-07-16T17:23:59","slug":"crazy-money","status":"publish","type":"page","link":"https:\/\/rocketplay-new.com\/ga\/slot-machines\/crazy-money\/","title":{"rendered":"Meais\u00edn sliot\u00e1n Crazy Money &#8211; Imir Sliot\u00e1n Saor in Aisce"},"content":{"rendered":"<p>Is cluiche spra\u00ed\u00fail agus spreag\u00fail \u00e9 an meais\u00edn sliot\u00e1n Crazy Money a thugann deis d\u2019imreoir\u00ed duaiseanna m\u00f3ra a bhuachan. Leis na grafaic\u00ed beoga agus an gameplay mealltach at\u00e1 aige, is cinnte go gcoinneoidh an meais\u00edn sliot\u00e1n seo siamsa\u00edocht ar f\u00e1il d\u2019imreoir\u00ed ar feadh uaireanta an chloig. Is \u00e9 an chuid is fearr n\u00e1 gur f\u00e9idir leat an sliot\u00e1n seo a imirt saor in aisce! Cib\u00e9 acu is gairm\u00ed s\u00e9as\u00farach th\u00fa n\u00f3 duine nua i saol na sliot\u00e1n, t\u00e1 an meais\u00edn sliot\u00e1n Crazy Money \u00e9asca le piocadh suas agus le himirt. Mar sin, c\u00e9n f\u00e1th nach dtabharf\u00e1 triail d\u00f3 agus f\u00e9ach an f\u00e9idir leat an t-\u00e1dh a bhaint amach agus roinnt airgid craice\u00e1ilte a bhuachan duit f\u00e9in!<\/p>\n<div class=\"go-btn-container\"><div class=\"tosh-btn\"><a href=\"\/go-casino\/\" target=\"_blank\" rel=\"noopener\">IMIR ANOIS<\/a><\/div><\/div>\n<h2>FORBHREATHN\u00da MEAIS\u00cdN SLOT CRAZY MONEY<\/h2>\n<p>Is cluiche ceasa\u00edneo coitianta \u00e9 an meais\u00edn sliot\u00e1n Crazy Money a thugann eisp\u00e9ireas cearrbhachais spra\u00ed\u00fail agus spreag\u00fail d\u2019imreoir\u00ed. T\u00e1 dearadh ildaite agus beoga ar an gcluiche, le siombail\u00ed lena n-\u00e1ir\u00edtear carn airgid, boinn \u00f3ir, agus comhartha\u00ed dollar. Is f\u00e9idir le himreoir\u00ed taitneamh a bhaint as gn\u00e9ithe b\u00f3nais \u00e9ags\u00fala, mar shampla spins saor in aisce, iolraitheoir\u00ed, agus seans pota \u00f3ir for\u00e1sach a bhuachan. T\u00e1 an cluiche \u00e9asca le himirt, le rialacha agus rialuithe simpl\u00ed a fh\u00e1gann go bhfuil s\u00e9 inrochtana ag imreoir\u00ed nua agus taith\u00ed araon. Leis an bhfuaimrian ard-fhuinnimh agus na h\u00edomh\u00e1nna geala, crutha\u00edonn an meais\u00edn sliot\u00e1n Crazy Money atmaisf\u00e9ar beoga a choinn\u00edonn imreoir\u00ed siamsaithe agus gafa. Cib\u00e9 an bhfuil t\u00fa ag iarraidh buachan go m\u00f3r n\u00f3 d\u00edreach spraoi a bheith agat, is cinnte go gcuirfidh an meais\u00edn sliot\u00e1n seo eisp\u00e9ireas cearrbhachais taitneamhach ar f\u00e1il.<\/p>\n<p><img loading=\"lazy\" decoding=\"async\" class=\"aligncenter size-full wp-image-8830\" src=\"https:\/\/rocketplay-new.com\/wp-content\/uploads\/2025\/07\/crazy-money-slot-2.webp\" alt=\"Crazy Money slot machine - Play Slot for Free\" width=\"800\" height=\"444\" srcset=\"https:\/\/rocketplay-new.com\/wp-content\/uploads\/2025\/07\/crazy-money-slot-2.webp 800w, https:\/\/rocketplay-new.com\/wp-content\/uploads\/2025\/07\/crazy-money-slot-2-300x167.webp 300w, https:\/\/rocketplay-new.com\/wp-content\/uploads\/2025\/07\/crazy-money-slot-2-768x426.webp 768w\" sizes=\"auto, (max-width: 800px) 100vw, 800px\" \/><\/p>\n<h2>MEAIS\u00cdN SLOT AIRGID CRAZY: T\u00c9AMA, AMH\u00c1IN, AGUS CEOL<\/h2>\n<p>Is cluiche coitianta \u00e9 an meais\u00edn sliot\u00e1n Crazy Money at\u00e1 aitheanta as a th\u00e9ama spra\u00ed\u00fail agus beoga, a \u00edomh\u00e1nna tarraingteacha, agus a cheol tarraingteach. T\u00e1 t\u00e9ama an chluiche d\u00edrithe ar airgead agus ar shaibhreas, le siombail\u00ed cos\u00fail le comhartha\u00ed dollar, barra\u00ed \u00f3ir, agus carn airgid le feice\u00e1il ar na r\u00edleanna. T\u00e1 \u00edomh\u00e1nna an chluiche geal agus ildaite, le beochan agus grafaic\u00ed geala a mheallann imreoir\u00ed isteach agus a choinn\u00edonn siamsa\u00edocht orthu. T\u00e1 ceol an mheais\u00edn sliot\u00e1n Crazy Money br\u00edomhar agus fuinni\u00fail, ag cur le sceitim\u00edn\u00ed an chluiche agus ag cruth\u00fa atmaisf\u00e9ar beoga do na himreoir\u00ed. Tr\u00edd is tr\u00edd, is cluiche corraitheach agus tarraingteach \u00e9 an meais\u00edn sliot\u00e1n Crazy Money a thugann deis d\u2019imreoir\u00ed buachan go m\u00f3r agus taitneamh a bhaint as taith\u00ed spra\u00ed\u00fail agus siams\u00fail.<\/p>\n<h2>CONAS MEAIS\u00cdN SLOT AIRGID CRAZY A IMIRT<\/h2>\n<p>Is cluiche ceasa\u00edneo coitianta \u00e9 an meais\u00edn sliot\u00e1n Crazy Money a thugann taith\u00ed spra\u00ed\u00fail agus spreag\u00fail do na himreoir\u00ed. Chun an cluiche a imirt, n\u00ed m\u00f3r duit d\u2019airgead n\u00f3 do dhearbh\u00e1n a chur isteach sa mheais\u00edn ar dt\u00fas agus m\u00e9id do gheall a roghn\u00fa. Nuair a bheidh do gheall roghnaithe agat, is f\u00e9idir leat tos\u00fa ag sn\u00edomh na r\u00edleanna tr\u00edd an gcnaipe sn\u00edomh a bhr\u00fa. Is \u00e9 cusp\u00f3ir an chluiche siombail\u00ed a mheaitse\u00e1il ar na r\u00edleanna chun duaiseanna a bhuachan. F\u00e9adfaidh roinnt siombail\u00ed babhta\u00ed b\u00f3nais n\u00f3 sn\u00edomhanna saor in aisce a spreagadh, rud a thugann n\u00edos m\u00f3 seansanna duit buachan m\u00f3r a dh\u00e9anamh. Coinnigh s\u00fail amach don tsiombail Crazy Money, mar is \u00ed seo an tsiombail is airde p\u00e1 sa chluiche. Leis na grafaic\u00ed geala agus ildaite, na h\u00e9ifeachta\u00ed fuaime tarraingteacha, agus an poit\u00e9inseal le haghaidh buaiteanna m\u00f3ra, is cinnte go gcuirfidh meais\u00edn sliot\u00e1n Crazy Money uaireanta siamsa\u00edochta ar f\u00e1il do na himreoir\u00ed nua agus a bhfuil taith\u00ed acu araon. Mar sin, glac su\u00edoch\u00e1n ag an meais\u00edn, cuir do gheall, agus b\u00ed r\u00e9idh chun an sceitim\u00edn\u00ed a bhaineann le meais\u00edn sliot\u00e1n Crazy Money a imirt a fh\u00e1il.<\/p>\n<div class=\"go-btn-container\"><div class=\"tosh-btn\"><a href=\"\/go-casino\/\" target=\"_blank\" rel=\"noopener\">IMIR ANOIS<\/a><\/div><\/div>\n<h2>MEAIS\u00cdN SLOT CRAZY MONEY: ROGHANNA GEALLT\u00d3IREACHTA AGUS POTENTIALI\u00daCH\u00c1N BUAITE<\/h2>\n<p>Is rogha coitianta \u00e9 an meais\u00edn sliot\u00e1n Crazy Money do go leor imreoir\u00ed mar gheall ar a roghanna geallt\u00f3ireachta spreag\u00fala agus a phoit\u00e9inseal ard buaite. Is f\u00e9idir le himreoir\u00ed geall a chur in \u00e1it ar bith \u00f3 chreidmheas amh\u00e1in go c\u00faig chreidmheas in aghaidh an sn\u00edomh, leis an rogha ainmn\u00edocht na mona a choigeart\u00fa chun freastal ar a mbuis\u00e9ad. Leis an tsol\u00fabthacht seo, is f\u00e9idir le himreoir\u00ed a ngeallta a chur in oiri\u00faint d\u00e1 roghanna aonair, cib\u00e9 acu is fearr leo imirt go coime\u00e1dach n\u00f3 cur chuige n\u00edos ionsaith\u00ed a ghlacadh. T\u00e1 an cumas buaite ar an meais\u00edn sliot\u00e1n Crazy Money suntasach freisin, leis an seans \u00edoca\u00edochta\u00ed m\u00f3ra a bhuachan tr\u00ed r\u00e9imse gn\u00e9ithe b\u00f3nais agus siombail\u00ed speisialta. F\u00e1gann leagan amach agus dearadh uath\u00fail an chluiche go seasann s\u00e9 amach \u00f3 mheais\u00edn\u00ed sliot\u00e1n eile, rud a chuireann leis an sceitim\u00edn\u00ed agus leis an luach siamsa\u00edochta forioml\u00e1n. Leis an strait\u00e9is cheart agus beag\u00e1n \u00e1dh, t\u00e1 an deis ag imreoir\u00ed si\u00fal amach le roinnt airgid craice\u00e1ilte d\u00e1 gcuid f\u00e9in.<\/p>\n<p><img loading=\"lazy\" decoding=\"async\" class=\"aligncenter size-full wp-image-8821\" src=\"https:\/\/rocketplay-new.com\/wp-content\/uploads\/2025\/07\/crazy-money-slot-1.webp\" alt=\"Crazy Money slot machine - Play Slot for Free 2\" width=\"800\" height=\"330\" srcset=\"https:\/\/rocketplay-new.com\/wp-content\/uploads\/2025\/07\/crazy-money-slot-1.webp 800w, https:\/\/rocketplay-new.com\/wp-content\/uploads\/2025\/07\/crazy-money-slot-1-300x124.webp 300w, https:\/\/rocketplay-new.com\/wp-content\/uploads\/2025\/07\/crazy-money-slot-1-768x317.webp 768w\" sizes=\"auto, (max-width: 800px) 100vw, 800px\" \/><\/p>\n<h2>CEISTEANNA AGUS FREAGRA\u00cd COITIANTA &#8211; MEAIS\u00cdN SLOT CRAZY MONEY<\/h2>\n<p>Is cluiche coitianta \u00e9 an meais\u00edn sliot\u00e1n Crazy Money i gceasa\u00edneonna agus ar ard\u00e1in cearrbhachais ar l\u00edne, agus is minic a bh\u00edonn ceisteanna ag imreoir\u00ed faoi conas a oibr\u00edonn s\u00e9. Ceist choitianta amh\u00e1in is ea conas buachan go m\u00f3r ar an meais\u00edn sliot\u00e1n Crazy Money. Is \u00e9 an freagra ar seo n\u00e1 gurb \u00e9 an eochair chun buachan go m\u00f3r ar an meais\u00edn sliot\u00e1n seo n\u00e1 an m\u00e9id uasta creidmheasanna a gheall\u00faint agus imirt go strait\u00e9iseach. Ceist choitianta eile is ea an bhfuil aon ghn\u00e9ithe speisialta n\u00f3 b\u00f3nais ar an meais\u00edn sliot\u00e1n Crazy Money. Is \u00e9 an freagra ar seo n\u00e1 t\u00e1, t\u00e1 roinnt gn\u00e9ithe speisialta agus b\u00f3nais ann, amhail spins saor in aisce agus iolraitheoir\u00ed, a chabhr\u00f3idh le himreoir\u00ed a gcuid buaite a mh\u00e9ad\u00fa. Tr\u00edd is tr\u00edd, is cluiche spra\u00ed\u00fail agus spreag\u00fail \u00e9 an meais\u00edn sliot\u00e1n Crazy Money a thugann deis d\u2019imreoir\u00ed buachan go m\u00f3r m\u00e1 imr\u00edonn siad go cliste agus go strait\u00e9iseach.<\/p>\n","protected":false},"excerpt":{"rendered":"<p>Is cluiche spra\u00ed\u00fail agus spreag\u00fail \u00e9 an meais\u00edn sliot\u00e1n Crazy Money a thugann deis d\u2019imreoir\u00ed duaiseanna m\u00f3ra a bhuachan. Leis na grafaic\u00ed beoga agus an gameplay mealltach at\u00e1 aige, is cinnte go gcoinneoidh an meais\u00edn sliot\u00e1n seo siamsa\u00edocht ar f\u00e1il d\u2019imreoir\u00ed ar feadh uaireanta an chloig. Is \u00e9 an chuid is fearr n\u00e1 gur f\u00e9idir&#8230;<\/p>\n","protected":false},"author":1,"featured_media":6687,"parent":2271,"menu_order":0,"comment_status":"closed","ping_status":"closed","template":"","meta":{"_acf_changed":false,"_kad_post_transparent":"default","_kad_post_title":"default","_kad_post_layout":"default","_kad_post_sidebar_id":"","_kad_post_content_style":"default","_kad_post_vertical_padding":"default","_kad_post_feature":"","_kad_post_feature_position":"","_kad_post_header":false,"_kad_post_footer":false,"footnotes":""},"class_list":["post-8846","page","type-page","status-publish","has-post-thumbnail","hentry"],"acf":[],"rttpg_featured_image_url":{"full":["https:\/\/rocketplay-new.com\/wp-content\/uploads\/2025\/05\/crazy-money-slot-machine-play-slot-for-free.png",1093,576,false],"landscape":["https:\/\/rocketplay-new.com\/wp-content\/uploads\/2025\/05\/crazy-money-slot-machine-play-slot-for-free.png",1093,576,false],"portraits":["https:\/\/rocketplay-new.com\/wp-content\/uploads\/2025\/05\/crazy-money-slot-machine-play-slot-for-free.png",1093,576,false],"thumbnail":["https:\/\/rocketplay-new.com\/wp-content\/uploads\/2025\/05\/crazy-money-slot-machine-play-slot-for-free-150x150.png",150,150,true],"medium":["https:\/\/rocketplay-new.com\/wp-content\/uploads\/2025\/05\/crazy-money-slot-machine-play-slot-for-free-300x158.png",300,158,true],"large":["https:\/\/rocketplay-new.com\/wp-content\/uploads\/2025\/05\/crazy-money-slot-machine-play-slot-for-free-1024x540.png",1024,540,true],"1536x1536":["https:\/\/rocketplay-new.com\/wp-content\/uploads\/2025\/05\/crazy-money-slot-machine-play-slot-for-free.png",1093,576,false],"2048x2048":["https:\/\/rocketplay-new.com\/wp-content\/uploads\/2025\/05\/crazy-money-slot-machine-play-slot-for-free.png",1093,576,false],"wppb-medium":["https:\/\/rocketplay-new.com\/wp-content\/uploads\/2025\/05\/crazy-money-slot-machine-play-slot-for-free-600x450.png",600,450,true]},"rttpg_author":{"display_name":"John","author_link":"https:\/\/rocketplay-new.com\/ga\/author\/pemvas95n89x\/"},"rttpg_comment":0,"rttpg_category":null,"rttpg_excerpt":"Is cluiche spra\u00ed\u00fail agus spreag\u00fail \u00e9 an meais\u00edn sliot\u00e1n Crazy Money a thugann deis d\u2019imreoir\u00ed duaiseanna m\u00f3ra a bhuachan. Leis na grafaic\u00ed beoga agus an gameplay mealltach at\u00e1 aige, is cinnte go gcoinneoidh an meais\u00edn sliot\u00e1n seo siamsa\u00edocht ar f\u00e1il d\u2019imreoir\u00ed ar feadh uaireanta an chloig. Is \u00e9 an chuid is fearr n\u00e1 gur f\u00e9idir...","_links":{"self":[{"href":"https:\/\/rocketplay-new.com\/ga\/wp-json\/wp\/v2\/pages\/8846","targetHints":{"allow":["GET"]}}],"collection":[{"href":"https:\/\/rocketplay-new.com\/ga\/wp-json\/wp\/v2\/pages"}],"about":[{"href":"https:\/\/rocketplay-new.com\/ga\/wp-json\/wp\/v2\/types\/page"}],"author":[{"embeddable":true,"href":"https:\/\/rocketplay-new.com\/ga\/wp-json\/wp\/v2\/users\/1"}],"replies":[{"embeddable":true,"href":"https:\/\/rocketplay-new.com\/ga\/wp-json\/wp\/v2\/comments?post=8846"}],"version-history":[{"count":2,"href":"https:\/\/rocketplay-new.com\/ga\/wp-json\/wp\/v2\/pages\/8846\/revisions"}],"predecessor-version":[{"id":8848,"href":"https:\/\/rocketplay-new.com\/ga\/wp-json\/wp\/v2\/pages\/8846\/revisions\/8848"}],"up":[{"embeddable":true,"href":"https:\/\/rocketplay-new.com\/ga\/wp-json\/wp\/v2\/pages\/2271"}],"wp:featuredmedia":[{"embeddable":true,"href":"https:\/\/rocketplay-new.com\/ga\/wp-json\/wp\/v2\/media\/6687"}],"wp:attachment":[{"href":"https:\/\/rocketplay-new.com\/ga\/wp-json\/wp\/v2\/media?parent=8846"}],"curies":[{"name":"wp","href":"https:\/\/api.w.org\/{rel}","templated":true}]}}