{"id":8814,"date":"2025-05-29T11:39:54","date_gmt":"2025-05-29T08:39:54","guid":{"rendered":"https:\/\/rocketplay-new.com\/slot-machines\/white-orchid\/"},"modified":"2025-07-16T19:51:20","modified_gmt":"2025-07-16T16:51:20","slug":"white-orchid","status":"publish","type":"page","link":"https:\/\/rocketplay-new.com\/ga\/slot-machines\/white-orchid\/","title":{"rendered":"Meais\u00edn sliot\u00e1n White Orchid &#8211; Imir Sliot\u00e1n Saor in Aisce"},"content":{"rendered":"<p>Is cluiche sliot\u00e1n ar l\u00edne coitianta \u00e9 an meais\u00edn sliot\u00e1n White Orchid a thugann deis d\u2019imreoir\u00ed duaiseanna m\u00f3ra a bhuachan agus iad ag baint taitnimh as grafaic\u00ed \u00e1ille agus gameplay mealltach. Is f\u00e9idir le himreoir\u00ed a n-\u00e1dh a thriail saor in aisce tr\u00edd an leagan taispe\u00e1na den chluiche a imirt, rud a ligeann d\u00f3ibh taith\u00ed a fh\u00e1il ar an sceitim\u00edn\u00ed go l\u00e9ir a bhaineann leis an sliot\u00e1n gan aon airgead f\u00edor a gheall\u00faint. Leis an t\u00e9ama coimhth\u00edoch agus na h\u00edoca\u00edochta\u00ed flaithi\u00fala at\u00e1 aige, is cinnte go gcoinneoidh an meais\u00edn sliot\u00e1n White Orchid imreoir\u00ed siamsaithe ar feadh uaireanta an chloig. Mar sin, c\u00e9n f\u00e1th fanacht? Tabhair casadh d\u00f3 inniu agus f\u00e9ach an f\u00e9idir leat bua m\u00f3r a fh\u00e1il!<\/p>\n<div class=\"go-btn-container\"><div class=\"tosh-btn\"><a href=\"\/go-casino\/\" target=\"_blank\" rel=\"noopener\">IMIR ANOIS<\/a><\/div><\/div>\n<h2>FORBHREATHN\u00da MEAIS\u00cdN SLOT WHITE ORCHID<\/h2>\n<p>Is cluiche meais\u00edn sliot\u00e1n coitianta \u00e9 White Orchid arna fhorbairt ag IGT, ar a dtugtar a ghrafaic\u00ed iontacha agus a gameplay mealltach. Suite i nd\u00faiche tr\u00f3paiceach \u00e1lainn at\u00e1 l\u00e1n de bhl\u00e1thanna agus fiadh\u00falra coimhth\u00edocha, t\u00e1 c\u00faig r\u00edl agus 40 l\u00edne p\u00e1 sa chluiche, rud a thugann neart deiseanna d\u2019imreoir\u00ed buachan m\u00f3r. I measc na siombail\u00ed ar na r\u00edleanna t\u00e1 magairl\u00edn\u00ed ildaite, \u00e9in thr\u00f3paiceacha, agus fl\u00f3ra agus f\u00e1na eile at\u00e1 d\u00fachasach don su\u00edomh d\u00fachais. Ceann de na gn\u00e9ithe is suntasa\u00ed de White Orchid n\u00e1 an ghn\u00e9 MultiWay Xtra, a ligeann d\u2019imreoir\u00ed buachan ar 1,024 bealach difri\u00fail. Is f\u00e9idir leis an ngn\u00e9 uath\u00fail seo, in \u00e9ineacht le babhta b\u00f3nais spins saor in aisce an chluiche, roinnt \u00edoca\u00edochta\u00ed suntasacha a bheith mar thoradh air. Tr\u00edd is tr\u00edd, is meais\u00edn sliot\u00e1n tarraingteach agus siams\u00fail \u00e9 White Orchid a mheallfaidh imreoir\u00ed \u00f3c\u00e1ideacha agus cearrbhaigh d\u00e1ir\u00edre araon.<\/p>\n<p><img loading=\"lazy\" decoding=\"async\" class=\"aligncenter size-full wp-image-8785\" src=\"https:\/\/rocketplay-new.com\/wp-content\/uploads\/2025\/07\/white-orchid-slot-2.webp\" alt=\"White Orchid slot machine - Play Slot for Free 2\" width=\"800\" height=\"410\" srcset=\"https:\/\/rocketplay-new.com\/wp-content\/uploads\/2025\/07\/white-orchid-slot-2.webp 800w, https:\/\/rocketplay-new.com\/wp-content\/uploads\/2025\/07\/white-orchid-slot-2-300x154.webp 300w, https:\/\/rocketplay-new.com\/wp-content\/uploads\/2025\/07\/white-orchid-slot-2-768x394.webp 768w\" sizes=\"auto, (max-width: 800px) 100vw, 800px\" \/><\/p>\n<h2>MEAIS\u00cdN SLOT AN MAGAIR\u00cdN BH\u00c1N: T\u00c9AMA, AMHAIRC, AGUS CEOL<\/h2>\n<p>Is cluiche coitianta \u00e9 an meais\u00edn sliot\u00e1n an Mhagair\u00edd Bh\u00e1n a bhfuil t\u00e9ama aige at\u00e1 d\u00edrithe ar an mbl\u00e1th magair\u00edd bh\u00e1n gal\u00e1nta agus coimhth\u00edoch. T\u00e1 amharc an chluiche iontach, le dathanna beoga agus sonra\u00ed casta a thugann \u00e1illeacht an bhl\u00e1tha chun beatha ar an sc\u00e1ile\u00e1n. T\u00e1 na r\u00edleanna maisithe le siombail\u00ed ar n\u00f3s an mhagair\u00edd bh\u00e1n, f\u00e9ileac\u00e1in ildaite, agus \u00e9in thr\u00f3paiceacha, rud a chrutha\u00edonn eisp\u00e9ireas cearrbhachais tarraingteach agus tumtha \u00f3 thaobh amhairc de. T\u00e1 ceol c\u00falra an chluiche suaimhneach agus socair, le fonn milis a fheabhsa\u00edonn atmaisf\u00e9ar forioml\u00e1n an chluiche. D\u00e9anann an measc\u00e1n de na hamharcanna iontacha agus an ceol suaimhneach eisp\u00e9ireas f\u00edor-thaitneamhach agus mealltach an meais\u00edn sliot\u00e1n an Mhagair\u00edd Bh\u00e1n a imirt do na himreoir\u00ed at\u00e1 ag lorg eisp\u00e9ireas cearrbhachais suaimhneach agus taitneamhach \u00f3 thaobh amhairc de.<\/p>\n<h2>CONAS MEAIS\u00cdN SLOT AN MAGAIR\u00cdD BH\u00c1N A IMIRT<\/h2>\n<p>Is cluiche meais\u00edn sliot\u00e1n coitianta \u00e9 an Mhagair\u00edd Bh\u00e1n at\u00e1 le f\u00e1il i go leor ceasa\u00edneonna ar l\u00edne agus as l\u00edne. T\u00e1 s\u00e9 s\u00e1ch simpl\u00ed agus soil\u00e9ir an meais\u00edn sliot\u00e1n an Mhagair\u00edd Bh\u00e1n a imirt. T\u00e1 5 r\u00edl agus 40 l\u00edne p\u00e1 sa chluiche, rud a thugann neart deiseanna d&#8217;imreoir\u00ed buachan m\u00f3r. Chun t\u00fas a chur le himirt, ar dt\u00fas, n\u00ed m\u00f3r duit m\u00e9id do gheall a shocr\u00fa tr\u00ed luach na mona agus l\u00edon na mona in aghaidh an l\u00edne a choigeart\u00fa. Nuair a bheidh do gheall socraithe agat, is f\u00e9idir leat na r\u00edleanna a sn\u00edomh agus fanacht leis an toradh. Is \u00e9 an sprioc siombail\u00ed a mheaitse\u00e1il ar na l\u00ednte p\u00e1 chun duaiseanna a bhuachan. T\u00e1 r\u00e9imse siombail\u00ed sa chluiche, lena n-\u00e1ir\u00edtear siombail an Orchid Bh\u00e1in a fheidhm\u00edonn mar an fi\u00e1in agus is f\u00e9idir a chur in ionad siombail\u00ed eile chun teaglama\u00ed buaiteacha a chruth\u00fa. Ina theannta sin, t\u00e1 babhta b\u00f3nais spins saor in aisce ann ar f\u00e9idir \u00e9 a spreagadh tr\u00edd an tsiombail b\u00f3nais a thabhairt i dt\u00edr ar r\u00edleanna 3, 4, agus 5. Tr\u00edd is tr\u00edd, is eisp\u00e9ireas spra\u00ed\u00fail agus spreag\u00fail \u00e9 meais\u00edn sliot\u00e1n an Orchid Bh\u00e1in a imirt ar f\u00e9idir leis buanna m\u00f3ra a bheith mar thoradh air m\u00e1 t\u00e1 an t-\u00e1dh leat.<\/p>\n<div class=\"go-btn-container\"><div class=\"tosh-btn\"><a href=\"\/go-casino\/\" target=\"_blank\" rel=\"noopener\">IMIR ANOIS<\/a><\/div><\/div>\n<h2>MEAIS\u00cdN SLOT AN ORCHID BH\u00c1IN: ROGHANNA GEALLT\u00d3IREACHTA AGUS POITEANNACHT BUAITE<\/h2>\n<p>Is cluiche coitianta \u00e9 meais\u00edn sliot\u00e1n an Orchid Bh\u00e1in at\u00e1 aitheanta as a ghrafaic\u00ed \u00e1ille agus a gameplay spreag\u00fail. Ceann de na pr\u00edomhghn\u00e9ithe den mheais\u00edn sliot\u00e1n seo n\u00e1 a raon leathan roghanna geallt\u00f3ireachta, rud a ligeann d&#8217;imreoir\u00ed a ngeallta a shaincheapadh chun freastal ar a roghanna. Is f\u00e9idir le himreoir\u00ed geall a chur ar chomh beag le c\u00fapla cent n\u00f3 chomh m\u00f3r le roinnt c\u00e9ad dollar in aghaidh an casadh, rud a fh\u00e1gann go bhfuil s\u00e9 inrochtana d\u2019imreoir\u00ed \u00f3c\u00e1ideacha agus do lucht geallt\u00f3ireachta arda araon. Cuireann an cluiche gn\u00e9ithe b\u00f3nais \u00e9ags\u00fala agus casadh saor in aisce ar f\u00e1il freisin, rud a mh\u00e9ada\u00edonn an cumas buaite d\u2019imreoir\u00ed. Le c\u00e9atad\u00e1n ard tuairisce\u00e1in chuig an imreoir (RTP) agus an fh\u00e9idearthacht buanna m\u00f3ra a bhaint amach, cuireann meais\u00edn sliot\u00e1n White Orchid eisp\u00e9ireas cearrbhachais spreag\u00fail agus luach saothair ar f\u00e1il d\u00f3ibh si\u00fad at\u00e1 ag iarraidh a n-\u00e1dh a th\u00e1st\u00e1il. Cib\u00e9 acu imreoir nua n\u00f3 cearrbhach s\u00e9as\u00farach th\u00fa, cuireann an meais\u00edn sliot\u00e1n seo neart deiseanna ar f\u00e1il chun buachan go m\u00f3r agus taitneamh a bhaint as uaireanta an chloig siamsa\u00edochta.<\/p>\n<p><img loading=\"lazy\" decoding=\"async\" class=\"aligncenter size-full wp-image-8776\" src=\"https:\/\/rocketplay-new.com\/wp-content\/uploads\/2025\/07\/white-orchid-slot-1.webp\" alt=\"White Orchid slot machine - Play Slot for Free\" width=\"800\" height=\"479\" srcset=\"https:\/\/rocketplay-new.com\/wp-content\/uploads\/2025\/07\/white-orchid-slot-1.webp 800w, https:\/\/rocketplay-new.com\/wp-content\/uploads\/2025\/07\/white-orchid-slot-1-300x180.webp 300w, https:\/\/rocketplay-new.com\/wp-content\/uploads\/2025\/07\/white-orchid-slot-1-768x460.webp 768w\" sizes=\"auto, (max-width: 800px) 100vw, 800px\" \/><\/p>\n<h2>CEISTEANNA AGUS FREAGRA\u00cd COITIANTA &#8211; MEAIS\u00cdN SLOT WHITE ORCHID<\/h2>\n<p>Is cluiche coitianta \u00e9 an meais\u00edn sliot\u00e1n White Orchid i gceasa\u00edneonna agus ar ard\u00e1in cearrbhachais ar l\u00edne, agus is minic a bh\u00edonn ceisteanna ag imreoir\u00ed faoi conas imirt agus buachan. Ceist choitianta amh\u00e1in is ea conas gn\u00e9ithe b\u00f3nais an chluiche a spreagadh, amhail spins saor in aisce n\u00f3 iolraitheoir\u00ed. Chun na b\u00f3nais seo a ghn\u00edomhacht\u00fa, is gn\u00e1ch go gcaithfidh imreoir\u00ed teaglaim \u00e1irithe siombail\u00ed a thabhairt i dt\u00edr ar na r\u00edleanna, a d&#8217;fh\u00e9adfadh a bheith \u00e9ags\u00fail ag brath ar rialacha an chluiche. Ceist choitianta eile is ea an f\u00e9idir na seansanna buachan ar mheais\u00edn sliot\u00e1n White Orchid a mh\u00e9ad\u00fa. C\u00e9 nach bhfuil aon bhealach r\u00e1thaithe ann chun buachan ag sliot\u00e1in, is f\u00e9idir le himreoir\u00ed a gcuid seansanna a fheabhs\u00fa tr\u00ed gheall a chur ar gach l\u00edne p\u00e1 agus a gcuid bainc a bhainisti\u00fa go ciallmhar. Ina theannta sin, is minic a fhiafra\u00edonn imreoir\u00ed an bhfuil aon cheats n\u00f3 hacks ann chun toradh an chluiche a ionramh\u00e1il. T\u00e1 s\u00e9 t\u00e1bhachtach a mheabhr\u00fa go bhfuil s\u00e9 m\u00eddhleathach agus neamheitici\u00fail cheats n\u00f3 hacks a \u00fas\u00e1id, agus gur f\u00e9idir pion\u00f3is n\u00f3 toirmisc \u00f3n gceasa\u00edneo a bheith mar thoradh air. Tr\u00edd is tr\u00edd, cuireann an meais\u00edn sliot\u00e1n White Orchid eisp\u00e9ireas cearrbhachais spreag\u00fail agus luach saothair ar f\u00e1il d&#8217;imreoir\u00ed, le neart deiseanna chun duaiseanna m\u00f3ra a bhuachan.<\/p>\n","protected":false},"excerpt":{"rendered":"<p>Is cluiche sliot\u00e1n ar l\u00edne coitianta \u00e9 an meais\u00edn sliot\u00e1n White Orchid a thugann deis d\u2019imreoir\u00ed duaiseanna m\u00f3ra a bhuachan agus iad ag baint taitnimh as grafaic\u00ed \u00e1ille agus gameplay mealltach. Is f\u00e9idir le himreoir\u00ed a n-\u00e1dh a thriail saor in aisce tr\u00edd an leagan taispe\u00e1na den chluiche a imirt, rud a ligeann d\u00f3ibh taith\u00ed&#8230;<\/p>\n","protected":false},"author":1,"featured_media":6658,"parent":2271,"menu_order":0,"comment_status":"closed","ping_status":"closed","template":"single-no-sidebar.php","meta":{"_acf_changed":false,"_kad_post_transparent":"default","_kad_post_title":"default","_kad_post_layout":"default","_kad_post_sidebar_id":"","_kad_post_content_style":"default","_kad_post_vertical_padding":"default","_kad_post_feature":"","_kad_post_feature_position":"","_kad_post_header":false,"_kad_post_footer":false,"footnotes":""},"class_list":["post-8814","page","type-page","status-publish","has-post-thumbnail","hentry"],"acf":[],"rttpg_featured_image_url":{"full":["https:\/\/rocketplay-new.com\/wp-content\/uploads\/2025\/05\/white-orchid-slot-machine-play-slot-for-free.png",1491,765,false],"landscape":["https:\/\/rocketplay-new.com\/wp-content\/uploads\/2025\/05\/white-orchid-slot-machine-play-slot-for-free.png",1491,765,false],"portraits":["https:\/\/rocketplay-new.com\/wp-content\/uploads\/2025\/05\/white-orchid-slot-machine-play-slot-for-free.png",1491,765,false],"thumbnail":["https:\/\/rocketplay-new.com\/wp-content\/uploads\/2025\/05\/white-orchid-slot-machine-play-slot-for-free-150x150.png",150,150,true],"medium":["https:\/\/rocketplay-new.com\/wp-content\/uploads\/2025\/05\/white-orchid-slot-machine-play-slot-for-free-300x154.png",300,154,true],"large":["https:\/\/rocketplay-new.com\/wp-content\/uploads\/2025\/05\/white-orchid-slot-machine-play-slot-for-free-1024x525.png",1024,525,true],"1536x1536":["https:\/\/rocketplay-new.com\/wp-content\/uploads\/2025\/05\/white-orchid-slot-machine-play-slot-for-free.png",1491,765,false],"2048x2048":["https:\/\/rocketplay-new.com\/wp-content\/uploads\/2025\/05\/white-orchid-slot-machine-play-slot-for-free.png",1491,765,false],"wppb-medium":["https:\/\/rocketplay-new.com\/wp-content\/uploads\/2025\/05\/white-orchid-slot-machine-play-slot-for-free-600x450.png",600,450,true]},"rttpg_author":{"display_name":"John","author_link":"https:\/\/rocketplay-new.com\/ga\/author\/pemvas95n89x\/"},"rttpg_comment":0,"rttpg_category":null,"rttpg_excerpt":"Is cluiche sliot\u00e1n ar l\u00edne coitianta \u00e9 an meais\u00edn sliot\u00e1n White Orchid a thugann deis d\u2019imreoir\u00ed duaiseanna m\u00f3ra a bhuachan agus iad ag baint taitnimh as grafaic\u00ed \u00e1ille agus gameplay mealltach. Is f\u00e9idir le himreoir\u00ed a n-\u00e1dh a thriail saor in aisce tr\u00edd an leagan taispe\u00e1na den chluiche a imirt, rud a ligeann d\u00f3ibh taith\u00ed...","_links":{"self":[{"href":"https:\/\/rocketplay-new.com\/ga\/wp-json\/wp\/v2\/pages\/8814","targetHints":{"allow":["GET"]}}],"collection":[{"href":"https:\/\/rocketplay-new.com\/ga\/wp-json\/wp\/v2\/pages"}],"about":[{"href":"https:\/\/rocketplay-new.com\/ga\/wp-json\/wp\/v2\/types\/page"}],"author":[{"embeddable":true,"href":"https:\/\/rocketplay-new.com\/ga\/wp-json\/wp\/v2\/users\/1"}],"replies":[{"embeddable":true,"href":"https:\/\/rocketplay-new.com\/ga\/wp-json\/wp\/v2\/comments?post=8814"}],"version-history":[{"count":2,"href":"https:\/\/rocketplay-new.com\/ga\/wp-json\/wp\/v2\/pages\/8814\/revisions"}],"predecessor-version":[{"id":8816,"href":"https:\/\/rocketplay-new.com\/ga\/wp-json\/wp\/v2\/pages\/8814\/revisions\/8816"}],"up":[{"embeddable":true,"href":"https:\/\/rocketplay-new.com\/ga\/wp-json\/wp\/v2\/pages\/2271"}],"wp:featuredmedia":[{"embeddable":true,"href":"https:\/\/rocketplay-new.com\/ga\/wp-json\/wp\/v2\/media\/6658"}],"wp:attachment":[{"href":"https:\/\/rocketplay-new.com\/ga\/wp-json\/wp\/v2\/media?parent=8814"}],"curies":[{"name":"wp","href":"https:\/\/api.w.org\/{rel}","templated":true}]}}