{"id":8758,"date":"2025-05-29T11:34:47","date_gmt":"2025-05-29T08:34:47","guid":{"rendered":"https:\/\/rocketplay-new.com\/slot-machines\/big-bad-wolf\/"},"modified":"2025-07-16T18:36:58","modified_gmt":"2025-07-16T15:36:58","slug":"big-bad-wolf","status":"publish","type":"page","link":"https:\/\/rocketplay-new.com\/ga\/slot-machines\/big-bad-wolf\/","title":{"rendered":"Meais\u00edn sliot\u00e1n Big Bad Wolf &#8211; Imir Sliot\u00e1n Saor in Aisce"},"content":{"rendered":"<p>Is cluiche sliot\u00e1n ar l\u00edne coitianta \u00e9 an meais\u00edn sliot\u00e1n Big Bad Wolf a thugann an sc\u00e9al clasaiceach chun beatha ar bhealach spreag\u00fail agus tarraingteach. Is f\u00e9idir le himreoir\u00ed na r\u00edleanna a chasadh agus a n-\u00e1dh a thriail ag buachan go m\u00f3r agus iad ag baint taitnimh as na grafaic\u00ed agus na beochan spra\u00ed\u00fala. Le r\u00e9imse gn\u00e9ithe b\u00f3nais agus spins saor in aisce, cuireann an meais\u00edn sliot\u00e1n seo neart deiseanna ar f\u00e1il d&#8217;imreoir\u00ed a mbuaite a mh\u00e9ad\u00fa. Agus an chuid is fearr? Is f\u00e9idir le himreoir\u00ed an sliot\u00e1n seo a thriail saor in aisce sula nd\u00e9anann siad cinneadh imirt ar airgead f\u00edor, rud a fh\u00e1gann gur rogha iontach \u00e9 d&#8217;imreoir\u00ed \u00f3c\u00e1ideacha agus do chearrbhaigh s\u00e9as\u00faracha at\u00e1 ag lorg siamsa\u00edochta.<\/p>\n<div class=\"go-btn-container\"><div class=\"tosh-btn\"><a href=\"\/go-casino\/\" target=\"_blank\" rel=\"noopener\">IMIR ANOIS<\/a><\/div><\/div>\n<h2>FORBHREATHN\u00da MEAIS\u00cdN SLOT BIG BAD WOLF<\/h2>\n<p>Is cluiche sliot\u00e1n f\u00edse\u00e1in coitianta \u00e9 an meais\u00edn sliot\u00e1n Big Bad Wolf a chruthaigh Quickspin, ina bhfuil t\u00e9ama clasaiceach sc\u00e9alta bunaithe ar sc\u00e9al na dTr\u00ed Mhuc Bheaga. T\u00e1 dearadh an chluiche tarraingteach \u00f3 thaobh amhairc de, le grafaic\u00ed agus beochan ardchaighde\u00e1in a thugann na carachtair sc\u00e9ala\u00edochta chun beatha ar na r\u00edleanna. T\u00e1 an gameplay gasta agus tarraingteach, le c\u00faig r\u00edl agus 25 l\u00edne p\u00e1 ag tairiscint neart deiseanna chun buachan go m\u00f3r. Ceann de na gn\u00e9ithe uath\u00fala den mheais\u00edn sliot\u00e1n Big Bad Wolf n\u00e1 na Swooping Reels, \u00e1it a n-im\u00edonn teaglama\u00ed buaiteacha agus a thiteann siombail\u00ed nua anuas chun n\u00edos m\u00f3 bua a chruth\u00fa in aon casadh amh\u00e1in. Cuims\u00edonn an cluiche babhta b\u00f3nais Spins Saor in Aisce freisin, \u00e1it ar f\u00e9idir le himreoir\u00ed suas le 20 spins saor in aisce a thuilleamh agus gn\u00e9ithe breise cos\u00fail leis an ngn\u00e9 Blowing Down the House a spreagadh, rud a d\u2019fh\u00e9adfadh a bheith ina ch\u00fais le h\u00edoca\u00edochta\u00ed n\u00edos brab\u00fasa\u00ed f\u00f3s. Tr\u00edd is tr\u00edd, is cluiche spra\u00ed\u00fail agus siams\u00fail \u00e9 an meais\u00edn sliot\u00e1n Big Bad Wolf a mheallann imreoir\u00ed \u00f3c\u00e1ideacha agus d\u00edograiseoir\u00ed sliot\u00e1n a bhfuil taith\u00ed acu araon.<\/p>\n<p><img loading=\"lazy\" decoding=\"async\" class=\"aligncenter size-full wp-image-8741\" src=\"https:\/\/rocketplay-new.com\/wp-content\/uploads\/2025\/07\/big-bad-wolf-2.webp\" alt=\"Big Bad Wolf slot machine - Play Slot for Free 2\" width=\"800\" height=\"335\" srcset=\"https:\/\/rocketplay-new.com\/wp-content\/uploads\/2025\/07\/big-bad-wolf-2.webp 800w, https:\/\/rocketplay-new.com\/wp-content\/uploads\/2025\/07\/big-bad-wolf-2-300x126.webp 300w, https:\/\/rocketplay-new.com\/wp-content\/uploads\/2025\/07\/big-bad-wolf-2-768x322.webp 768w\" sizes=\"auto, (max-width: 800px) 100vw, 800px\" \/><\/p>\n<h2>MEAIS\u00cdN SLOT AN MHAC T\u00cdRE MH\u00d3R DROCH: T\u00c9AMA, AMH\u00c1IN, AGUS CEOL<\/h2>\n<p>Is cluiche ar l\u00edne coitianta \u00e9 an meais\u00edn sliot\u00e1n Mac T\u00edre M\u00f3r Droch a spreagann an sc\u00e9al clasaiceach faoi na Tr\u00ed Mhuc Bheaga. D\u00edr\u00edonn t\u00e9ama an chluiche ar an villain ch\u00e1ili\u00fail, an Mac T\u00edre M\u00f3r Droch, at\u00e1 ar mhisean tithe na dtr\u00ed mhuc bheaga a sh\u00e9ideadh anuas. T\u00e1 amharc an chluiche beoga agus tarraingteach, le grafaic\u00ed cos\u00fail le cart\u00fan a thugann an sc\u00e9al chun beatha. T\u00e1 na r\u00edleanna suite i gcoinne ch\u00falra thithe na muc, agus an mac t\u00edre i bhfolach sa ch\u00falra. I measc na siombail\u00ed ar na r\u00edleanna t\u00e1 na tr\u00ed mhuc, an mac t\u00edre, agus m\u00edreanna \u00e9ags\u00fala a bhaineann leis an sc\u00e9al, mar shampla tu\u00ed, bata\u00ed, agus br\u00edc\u00ed. T\u00e1 fuaimrian an chluiche br\u00edomhar agus greannmhar, rud a chuireann leis an atmaisf\u00e9ar spra\u00ed\u00fail agus \u00e9adrom forioml\u00e1n sa chluiche. Tr\u00edd is tr\u00edd, is cluiche tarraingteach agus siams\u00fail \u00e9 an meais\u00edn sliot\u00e1n Mac T\u00edre M\u00f3r Droch a thairgeann eisp\u00e9ireas cearrbhachais uath\u00fail agus tarraingteach d&#8217;imreoir\u00ed.<\/p>\n<h2>CONAS MEAIS\u00cdN SLOIT AN MHAC T\u00cdRE MH\u00d3R DROCH A IMIRT<\/h2>\n<p>Is cluiche meais\u00edn sliot\u00e1n coitianta \u00e9 an Mac T\u00edre M\u00f3r Droch at\u00e1 bunaithe ar an sc\u00e9al clasaiceach faoi na Tr\u00ed Mhuc Bheaga. Chun an cluiche seo a imirt, n\u00ed m\u00f3r duit m\u00e9id do gheall a roghn\u00fa ar dt\u00fas tr\u00ed chlice\u00e1il ar an gcnaipe &#8220;Geall&#8221;. Nuair a bheidh m\u00e9id do gheall roghnaithe agat, is f\u00e9idir leat na r\u00edleanna a sn\u00edomh tr\u00ed chlice\u00e1il ar an gcnaipe &#8220;Sn\u00edomh&#8221;. Is \u00e9 cusp\u00f3ir an chluiche siombail\u00ed a mheaitse\u00e1il chun duaiseanna a bhuachan. I measc na siombail\u00ed sa chluiche seo t\u00e1 na Tr\u00ed Mhuc Bheaga, an Mac T\u00edre M\u00f3r Droch, agus deilbh\u00edn\u00ed \u00e9ags\u00fala eile a bhaineann le feirmeacha. Ceann de na gn\u00e9ithe uath\u00fala den chluiche seo n\u00e1 an babhta b\u00f3nais &#8220;Ag S\u00e9ideadh an T\u00ed&#8221;, a spreagtar nuair a thuirling\u00edonn t\u00fa tr\u00ed shiombail Mac T\u00edre n\u00f3 n\u00edos m\u00f3 ar na r\u00edleanna. Le linn an bhabhta b\u00f3nais seo, s\u00e9idfidh an Mac T\u00edre M\u00f3r Droch na tithe, ag nochtadh duaiseanna airgid. Tr\u00edd is tr\u00edd, is eisp\u00e9ireas spra\u00ed\u00fail agus spreag\u00fail \u00e9 an meais\u00edn sliot\u00e1n Mac T\u00edre M\u00f3r Droch a imirt a d&#8217;fh\u00e9adfadh buanna m\u00f3ra a bheith mar thoradh air d&#8217;imreoir\u00ed \u00e1dh\u00fala.<\/p>\n<div class=\"go-btn-container\"><div class=\"tosh-btn\"><a href=\"\/go-casino\/\" target=\"_blank\" rel=\"noopener\">IMIR ANOIS<\/a><\/div><\/div>\n<h2>MEAS\u00c1N SLOT BIG BAD WOLF: ROGHANNA GEALLT\u00d3IREACHTA AGUS POITEANNACHT BUAITE<\/h2>\n<p>Is cluiche coitianta \u00e9 meais\u00edn sliot\u00e1n Big Bad Wolf a thairgeann r\u00e9imse roghanna geallt\u00f3ireachta d\u2019imreoir\u00ed agus an poit\u00e9inseal le haghaidh buaiteanna m\u00f3ra. Is f\u00e9idir le himreoir\u00ed geall a chur in \u00e1it ar bith \u00f3 ch\u00fapla cent go roinnt dollar in aghaidh an casadh, rud a ligeann sol\u00fabthacht maidir leis an m\u00e9id is mian leo a gheall\u00faint. T\u00e1 leagan amach caighde\u00e1nach ag an gcluiche le c\u00faig r\u00edl agus tr\u00ed shraith, mar aon le 25 l\u00edne p\u00e1 a thugann neart deiseanna d\u2019imreoir\u00ed buachan. Cuims\u00edonn an cluiche roinnt gn\u00e9ithe b\u00f3nais freisin, lena n-\u00e1ir\u00edtear spins saor in aisce agus iolraitheoir\u00ed, ar f\u00e9idir leo cabhr\u00fa le himreoir\u00ed a gcuid buaiteanna a mh\u00e9ad\u00fa. Le RTP de thart ar 97%, t\u00e1 an poit\u00e9inseal ag meais\u00edn sliot\u00e1n Big Bad Wolf roinnt \u00edoca\u00edochta\u00ed suntasacha a thairiscint d\u2019imreoir\u00ed. Tr\u00edd is tr\u00edd, d\u00e9anann roghanna geallt\u00f3ireachta agus poit\u00e9inseal buaite an chluiche rogha coitianta de d\u2019imreoir\u00ed \u00f3c\u00e1ideacha agus d\u2019ardroll\u00f3ir\u00ed araon at\u00e1 ag lorg roinnt sceitim\u00edn\u00ed agus an deis buachan go m\u00f3r.<\/p>\n<p><img loading=\"lazy\" decoding=\"async\" class=\"aligncenter size-full wp-image-8732\" src=\"https:\/\/rocketplay-new.com\/wp-content\/uploads\/2025\/07\/big-bad-wolf-1.webp\" alt=\"Big Bad Wolf slot machine - Play Slot for Free\" width=\"800\" height=\"437\" srcset=\"https:\/\/rocketplay-new.com\/wp-content\/uploads\/2025\/07\/big-bad-wolf-1.webp 800w, https:\/\/rocketplay-new.com\/wp-content\/uploads\/2025\/07\/big-bad-wolf-1-300x164.webp 300w, https:\/\/rocketplay-new.com\/wp-content\/uploads\/2025\/07\/big-bad-wolf-1-768x420.webp 768w\" sizes=\"auto, (max-width: 800px) 100vw, 800px\" \/><\/p>\n<h2>CEISTEANNA AGUS FREAGRA\u00cd COITIANTA &#8211; MEAIS\u00cdN SLOIT AN MHAC T\u00cdRE MH\u00d3R<\/h2>\n<p>Is cluiche coitianta \u00e9 an meais\u00edn sliot\u00e1n Big Bad Wolf a bhfuil an-t\u00f3ir air i gceasa\u00edneonna talamhbhunaithe agus ar l\u00edne araon. Ceist choitianta amh\u00e1in a bh\u00edonn ag imreoir\u00ed faoin gcluiche seo n\u00e1 conas buachan go m\u00f3r. Is \u00e9 an eochair chun buachan go m\u00f3r ar an meais\u00edn sliot\u00e1n Big Bad Wolf n\u00e1 na babhta\u00ed b\u00f3nais a spreagadh, rud a d\u2019fh\u00e9adfadh roinnt \u00edoca\u00edochta\u00ed m\u00f3ra a bheith mar thoradh air. Ceist choitianta eile is ea c\u00e9atad\u00e1n RTP (Filleadh ar an Imreoir) an chluiche. T\u00e1 an RTP don mheais\u00edn sliot\u00e1n Big Bad Wolf thart ar 97.35%, rud a mheastar a bheith s\u00e1ch ard i gcompar\u00e1id le cluich\u00ed sliot\u00e1n eile. Is minic a chuireann imreoir\u00ed ceist faoi luaineacht an chluiche freisin, at\u00e1 ar an taobh n\u00edos \u00edsle, rud a chialla\u00edonn gur f\u00e9idir le himreoir\u00ed a bheith ag s\u00fail le buanna n\u00edos minice ach n\u00edos l\u00fa. Tr\u00edd is tr\u00edd, is cluiche spra\u00ed\u00fail agus luach saothair \u00e9 an meais\u00edn sliot\u00e1n Big Bad Wolf a thairgeann neart deiseanna d\u2019imreoir\u00ed buachan go m\u00f3r.<\/p>\n","protected":false},"excerpt":{"rendered":"<p>Is cluiche sliot\u00e1n ar l\u00edne coitianta \u00e9 an meais\u00edn sliot\u00e1n Big Bad Wolf a thugann an sc\u00e9al clasaiceach chun beatha ar bhealach spreag\u00fail agus tarraingteach. Is f\u00e9idir le himreoir\u00ed na r\u00edleanna a chasadh agus a n-\u00e1dh a thriail ag buachan go m\u00f3r agus iad ag baint taitnimh as na grafaic\u00ed agus na beochan spra\u00ed\u00fala. Le&#8230;<\/p>\n","protected":false},"author":1,"featured_media":6629,"parent":2271,"menu_order":0,"comment_status":"closed","ping_status":"closed","template":"single-no-sidebar.php","meta":{"_acf_changed":false,"_kad_post_transparent":"default","_kad_post_title":"default","_kad_post_layout":"default","_kad_post_sidebar_id":"","_kad_post_content_style":"default","_kad_post_vertical_padding":"default","_kad_post_feature":"","_kad_post_feature_position":"","_kad_post_header":false,"_kad_post_footer":false,"footnotes":""},"class_list":["post-8758","page","type-page","status-publish","has-post-thumbnail","hentry"],"acf":[],"rttpg_featured_image_url":{"full":["https:\/\/rocketplay-new.com\/wp-content\/uploads\/2025\/05\/big-bad-wolf-slot-machine-play-slot-for-free.png",975,697,false],"landscape":["https:\/\/rocketplay-new.com\/wp-content\/uploads\/2025\/05\/big-bad-wolf-slot-machine-play-slot-for-free.png",975,697,false],"portraits":["https:\/\/rocketplay-new.com\/wp-content\/uploads\/2025\/05\/big-bad-wolf-slot-machine-play-slot-for-free.png",975,697,false],"thumbnail":["https:\/\/rocketplay-new.com\/wp-content\/uploads\/2025\/05\/big-bad-wolf-slot-machine-play-slot-for-free-150x150.png",150,150,true],"medium":["https:\/\/rocketplay-new.com\/wp-content\/uploads\/2025\/05\/big-bad-wolf-slot-machine-play-slot-for-free-300x214.png",300,214,true],"large":["https:\/\/rocketplay-new.com\/wp-content\/uploads\/2025\/05\/big-bad-wolf-slot-machine-play-slot-for-free.png",975,697,false],"1536x1536":["https:\/\/rocketplay-new.com\/wp-content\/uploads\/2025\/05\/big-bad-wolf-slot-machine-play-slot-for-free.png",975,697,false],"2048x2048":["https:\/\/rocketplay-new.com\/wp-content\/uploads\/2025\/05\/big-bad-wolf-slot-machine-play-slot-for-free.png",975,697,false],"wppb-medium":["https:\/\/rocketplay-new.com\/wp-content\/uploads\/2025\/05\/big-bad-wolf-slot-machine-play-slot-for-free-600x450.png",600,450,true]},"rttpg_author":{"display_name":"John","author_link":"https:\/\/rocketplay-new.com\/ga\/author\/pemvas95n89x\/"},"rttpg_comment":0,"rttpg_category":null,"rttpg_excerpt":"Is cluiche sliot\u00e1n ar l\u00edne coitianta \u00e9 an meais\u00edn sliot\u00e1n Big Bad Wolf a thugann an sc\u00e9al clasaiceach chun beatha ar bhealach spreag\u00fail agus tarraingteach. Is f\u00e9idir le himreoir\u00ed na r\u00edleanna a chasadh agus a n-\u00e1dh a thriail ag buachan go m\u00f3r agus iad ag baint taitnimh as na grafaic\u00ed agus na beochan spra\u00ed\u00fala. Le...","_links":{"self":[{"href":"https:\/\/rocketplay-new.com\/ga\/wp-json\/wp\/v2\/pages\/8758","targetHints":{"allow":["GET"]}}],"collection":[{"href":"https:\/\/rocketplay-new.com\/ga\/wp-json\/wp\/v2\/pages"}],"about":[{"href":"https:\/\/rocketplay-new.com\/ga\/wp-json\/wp\/v2\/types\/page"}],"author":[{"embeddable":true,"href":"https:\/\/rocketplay-new.com\/ga\/wp-json\/wp\/v2\/users\/1"}],"replies":[{"embeddable":true,"href":"https:\/\/rocketplay-new.com\/ga\/wp-json\/wp\/v2\/comments?post=8758"}],"version-history":[{"count":2,"href":"https:\/\/rocketplay-new.com\/ga\/wp-json\/wp\/v2\/pages\/8758\/revisions"}],"predecessor-version":[{"id":8760,"href":"https:\/\/rocketplay-new.com\/ga\/wp-json\/wp\/v2\/pages\/8758\/revisions\/8760"}],"up":[{"embeddable":true,"href":"https:\/\/rocketplay-new.com\/ga\/wp-json\/wp\/v2\/pages\/2271"}],"wp:featuredmedia":[{"embeddable":true,"href":"https:\/\/rocketplay-new.com\/ga\/wp-json\/wp\/v2\/media\/6629"}],"wp:attachment":[{"href":"https:\/\/rocketplay-new.com\/ga\/wp-json\/wp\/v2\/media?parent=8758"}],"curies":[{"name":"wp","href":"https:\/\/api.w.org\/{rel}","templated":true}]}}