{"id":8726,"date":"2025-05-29T11:27:28","date_gmt":"2025-05-29T08:27:28","guid":{"rendered":"https:\/\/rocketplay-new.com\/slot-machines\/kitty-glitter\/"},"modified":"2025-07-16T18:08:01","modified_gmt":"2025-07-16T15:08:01","slug":"kitty-glitter","status":"publish","type":"page","link":"https:\/\/rocketplay-new.com\/ga\/slot-machines\/kitty-glitter\/","title":{"rendered":"Meais\u00edn sliot\u00e1n Kitty Glitter &#8211; Imir Sliot\u00e1n Saor in Aisce"},"content":{"rendered":"<p>Is cluiche meais\u00edn sliot\u00e1n coitianta \u00e9 Kitty Glitter ina bhfuil carachtair feline gleoite agus cluthar. T\u00e1 an cluiche seo foirfe do lucht lean\u00fana cait agus cuireann s\u00e9 gameplay spreag\u00fail ar f\u00e1il leis an seans duaiseanna m\u00f3ra a bhuachan. Is f\u00e9idir le himreoir\u00ed taitneamh a bhaint as an gcluiche saor in aisce, rud a ligeann d\u00f3ibh an spraoi agus an sceitim\u00edn\u00ed a fh\u00e1il gan aon riosca. Leis na grafaic\u00ed beoga agus na gn\u00e9ithe mealltacha at\u00e1 aige, is cinnte go gcuirfidh Kitty Glitter uaireanta siamsa\u00edochta ar f\u00e1il do na himreoir\u00ed sliot\u00e1n \u00f3c\u00e1ideacha agus taith\u00ed acu araon. Mar sin c\u00e9n f\u00e1th nach dtabharf\u00e1 triail d\u00f3 agus f\u00e9ach an f\u00e9idir leat roinnt buanna foirfe a bhaint amach!<\/p>\n<div class=\"go-btn-container\"><div class=\"tosh-btn\"><a href=\"\/go-casino\/\" target=\"_blank\" rel=\"noopener\">IMIR ANOIS<\/a><\/div><\/div>\n<h2>FORBHREATHN\u00da MEAIS\u00cdN SLOT KITTY GLITTER<\/h2>\n<p>Is cluiche meais\u00edn sliot\u00e1n coitianta \u00e9 Kitty Glitter a bhfuil lucht lean\u00fana m\u00f3r faighte aige i measc imreoir\u00ed i gceasa\u00edneonna talamhbhunaithe agus ar l\u00edne araon. Forbartha ag IGT, t\u00e1 t\u00e9ama feline sa chluiche seo le cait gleoite agus cluthar mar phr\u00edomhcharachtair. T\u00e1 an cluiche suite i gcoinne ch\u00falra teach m\u00f3r s\u00f3masach, \u00e1it a bhfuil tasc ag imreoir\u00ed siombail\u00ed \u00e9ags\u00fala t\u00e9amacha cat a bhaili\u00fa mar shampla cait Siamese, Persians, agus tabby. T\u00e1 c\u00faig r\u00edl agus 30 l\u00edne p\u00e1 sa chluiche, rud a thugann neart deiseanna d\u2019imreoir\u00ed buachan m\u00f3r. Ceann de na gn\u00e9ithe is suntasa\u00ed de Kitty Glitter n\u00e1 an babhta b\u00f3nais spins saor in aisce, \u00e1it ar f\u00e9idir le himreoir\u00ed suas le 225 spins saor in aisce a bhuachan tr\u00ed na siombail\u00ed scaipthe diamant a thabhairt i dt\u00edr. Leis na grafaic\u00ed deasa, an gameplay tarraingteach, agus na h\u00edoca\u00edochta\u00ed flaithi\u00fala, is rud riachtanach \u00e9 Kitty Glitter d\u2019aon d\u00edograiseoir meais\u00edn sliot\u00e1n at\u00e1 ag lorg eisp\u00e9ireas cearrbhachais spra\u00ed\u00fail agus luach saothair.<\/p>\n<p><img loading=\"lazy\" decoding=\"async\" class=\"aligncenter size-full wp-image-8689\" src=\"https:\/\/rocketplay-new.com\/wp-content\/uploads\/2025\/07\/kitty-1.webp\" alt=\"Kitty Glitter slot machine - Play Slot for Free\" width=\"800\" height=\"378\" srcset=\"https:\/\/rocketplay-new.com\/wp-content\/uploads\/2025\/07\/kitty-1.webp 800w, https:\/\/rocketplay-new.com\/wp-content\/uploads\/2025\/07\/kitty-1-300x142.webp 300w, https:\/\/rocketplay-new.com\/wp-content\/uploads\/2025\/07\/kitty-1-768x363.webp 768w\" sizes=\"auto, (max-width: 800px) 100vw, 800px\" \/><\/p>\n<h2>MEAIS\u00cdN SLOT KITTY GLITTER: T\u00c9AMA, AMH\u00c1IN, AGUS CEOL<\/h2>\n<p>Is cluiche meais\u00edn sliot\u00e1n coitianta \u00e9 Kitty Glitter a bhfuil gr\u00e1 ag imreoir\u00ed d\u00f3 mar gheall ar a th\u00e9ama feline gleoite, amharcanna beoga, agus ceol tarraingteach. T\u00e1 an cluiche suite i gcoinne ch\u00falra seodra lonracha agus pisc\u00edn gleoite, rud a chrutha\u00edonn atmaisf\u00e9ar mealltach agus spra\u00ed\u00fail do na himreoir\u00ed taitneamh a bhaint as. T\u00e1 na r\u00edleanna l\u00e1n de shiombail\u00ed de ph\u00f3rtha \u00e9ags\u00fala cait, lena n-\u00e1ir\u00edtear Siamese, Persians, agus tabbies, chomh maith le litreacha agus uimhreacha at\u00e1 greanta le diamaint. T\u00e1 na grafaic\u00ed geal agus ildaite, ag tabhairt an t\u00e9ama chun beatha agus ag tumadh imreoir\u00ed i ndomhan s\u00f3 agus glamour. T\u00e1 an ceol i Kitty Glitter br\u00edomhar agus fuinni\u00fail, ag cur le sceitim\u00edn\u00ed an chluiche agus ag coinne\u00e1il imreoir\u00ed siamsaithe agus iad ag sn\u00edomh na r\u00edleanna. Tr\u00edd is tr\u00edd, is meais\u00edn sliot\u00e1n iontach amhairc agus tarraingteach \u00e9 Kitty Glitter a mheallann lucht lean\u00fana cait agus imreoir\u00ed \u00f3c\u00e1ideacha araon.<\/p>\n<h2>CONAS MEAIS\u00cdN SLOT KITTY GLITTER A IMIRT<\/h2>\n<p>Is cluiche meais\u00edn sliot\u00e1n coitianta \u00e9 Kitty Glitter at\u00e1 le f\u00e1il i go leor ceasa\u00edneonna. Chun an cluiche a imirt, n\u00ed m\u00f3r d\u2019imreoir\u00ed a m\u00e9id geall agus l\u00edon na l\u00ednte p\u00e1 is mian leo a ghn\u00edomhacht\u00fa a roghn\u00fa ar dt\u00fas. Nuair a bheidh na roghanna seo d\u00e9anta, is f\u00e9idir le himreoir\u00ed na r\u00edleanna a chasadh agus f\u00e9achaint ar shiombail\u00ed \u00e9ags\u00fala le t\u00e9ama cat le feice\u00e1il ar an sc\u00e1ile\u00e1n. Is \u00e9 cusp\u00f3ir an chluiche tr\u00ed cinn n\u00f3 n\u00edos m\u00f3 den tsiombail ch\u00e9anna a mheaitse\u00e1il ar l\u00edne p\u00e1 chun \u00edoca\u00edocht a bhuachan. T\u00e1 siombail fhi\u00e1in sa chluiche freisin, arna l\u00e9iri\u00fa ag l\u00f3g\u00f3 an chluiche, ar f\u00e9idir l\u00e9i aon siombail eile a chur in ionad aon siombail eile chun cabhr\u00fa le teaglaim bhuaiteacha a chruth\u00fa. Ina theannta sin, t\u00e1 babhta b\u00f3nais spins saor in aisce sa chluiche, a spreagtar nuair a thuirling\u00edonn imreoir\u00ed tr\u00ed shiombail scaipthe n\u00f3 n\u00edos m\u00f3 ar na r\u00edleanna. Le linn an bhabhta spins saor in aisce, t\u00e1 an deis ag imreoir\u00ed n\u00edos m\u00f3 duaiseanna a bhuachan gan geallta breise a chur. Tr\u00edd is tr\u00edd, is cluiche meais\u00edn sliot\u00e1n spra\u00ed\u00fail agus tarraingteach \u00e9 Kitty Glitter a mheallann lucht lean\u00fana cat agus cluich\u00ed ceasa\u00edneo araon.<\/p>\n<div class=\"go-btn-container\"><div class=\"tosh-btn\"><a href=\"\/go-casino\/\" target=\"_blank\" rel=\"noopener\">IMIR ANOIS<\/a><\/div><\/div>\n<h2>MEAS\u00c1N SLOT KITTY GLITTER: ROGHANNA GEALLT\u00d3IREACHTA AGUS POITEANNACHT BUAITE<\/h2>\n<p>Is rogha coitianta \u00e9 meais\u00edn sliot\u00e1n Kitty Glitter d\u2019imreoir\u00ed at\u00e1 ag lorg eisp\u00e9ireas cearrbhachais spra\u00ed\u00fail agus spreag\u00fail. Ceann de na pr\u00edomhghn\u00e9ithe den chluiche seo n\u00e1 a raon leathan roghanna geallt\u00f3ireachta, rud a ligeann d\u2019imreoir\u00ed a ngeallta a oiri\u00fan\u00fa d\u00e1 roghanna agus d\u00e1 mbuis\u00e9id aonair. Le geall \u00edosta de 1 chreidmheas amh\u00e1in agus geall uasta de 300 creidmheas, t\u00e1 rud \u00e9igin ann do gach cine\u00e1l imreora. Cuireann an cluiche r\u00e9imse acmhainneachta buaite ar f\u00e1il freisin, leis an seans suas le 1,000 uair do gheall a bhuachan ar aon casadh amh\u00e1in. Ina theannta sin, \u00e1ir\u00edtear babhta b\u00f3nais spins saor in aisce brab\u00fasach sa chluiche ar f\u00e9idir leis buanna n\u00edos m\u00f3 f\u00f3s a bheith mar thoradh air. Tr\u00edd is tr\u00edd, cuireann meais\u00edn sliot\u00e1n Kitty Glitter cothroma\u00edocht iontach de roghanna geallt\u00f3ireachta agus acmhainneacht buaite ar f\u00e1il, rud a fh\u00e1gann gur rogha coitianta \u00e9 i measc imreoir\u00ed \u00f3c\u00e1ideacha agus tromch\u00faiseacha araon.<\/p>\n<p><img loading=\"lazy\" decoding=\"async\" class=\"aligncenter size-full wp-image-8698\" src=\"https:\/\/rocketplay-new.com\/wp-content\/uploads\/2025\/07\/kitty-2.webp\" alt=\"Kitty Glitter slot machine - Play Slot for Free 2\" width=\"800\" height=\"469\" srcset=\"https:\/\/rocketplay-new.com\/wp-content\/uploads\/2025\/07\/kitty-2.webp 800w, https:\/\/rocketplay-new.com\/wp-content\/uploads\/2025\/07\/kitty-2-300x176.webp 300w, https:\/\/rocketplay-new.com\/wp-content\/uploads\/2025\/07\/kitty-2-768x450.webp 768w\" sizes=\"auto, (max-width: 800px) 100vw, 800px\" \/><\/p>\n<h2>CEISTEANNA AGUS FREAGRA\u00cd COITIANTA &#8211; MEAIS\u00cdN SLOIT KITTY GLITTER<\/h2>\n<p>Is cluiche coitianta \u00e9 an meais\u00edn sliot\u00e1n Kitty Glitter i measc lucht ceasa\u00edneo, ach b\u00edonn ceisteanna ag go leor daoine faoi conas imirt agus buachan go m\u00f3r. Ceist choitianta amh\u00e1in is ea conas an ghn\u00e9 spins saor in aisce sa chluiche a spreagadh. Chun seo a dh\u00e9anamh, n\u00ed m\u00f3r d\u2019imreoir\u00ed tr\u00ed shiombail scaipthe n\u00f3 n\u00edos m\u00f3 a thabhairt i dt\u00edr ar na r\u00edleanna. Ceist choitianta eile is ea conas a seansanna buachan a mh\u00e9ad\u00fa. Leid amh\u00e1in is ea geall a chur ar gach l\u00edne p\u00e1 chun deiseanna buachan a uasmh\u00e9ad\u00fa. Is minic a bh\u00edonn imreoir\u00ed ag smaoineamh an bhfuil aon siombail\u00ed speisialta ann a chabhr\u00f3idh leo buachan go m\u00f3r. T\u00e1 siombail fhi\u00e1in sa chluiche ar f\u00e9idir l\u00e9i ionad siombail\u00ed eile a chur in ionad teaglama\u00ed buachana. Tr\u00edd is tr\u00edd, cuireann an meais\u00edn sliot\u00e1n Kitty Glitter neart sceitim\u00edn\u00ed agus seansanna buachan ar f\u00e1il, rud a fh\u00e1gann gur rogha coitianta \u00e9 d\u2019imreoir\u00ed nua agus taith\u00ed araon.<\/p>\n","protected":false},"excerpt":{"rendered":"<p>Is cluiche meais\u00edn sliot\u00e1n coitianta \u00e9 Kitty Glitter ina bhfuil carachtair feline gleoite agus cluthar. T\u00e1 an cluiche seo foirfe do lucht lean\u00fana cait agus cuireann s\u00e9 gameplay spreag\u00fail ar f\u00e1il leis an seans duaiseanna m\u00f3ra a bhuachan. Is f\u00e9idir le himreoir\u00ed taitneamh a bhaint as an gcluiche saor in aisce, rud a ligeann d\u00f3ibh&#8230;<\/p>\n","protected":false},"author":1,"featured_media":6600,"parent":2271,"menu_order":0,"comment_status":"closed","ping_status":"closed","template":"","meta":{"_acf_changed":false,"_kad_post_transparent":"default","_kad_post_title":"default","_kad_post_layout":"default","_kad_post_sidebar_id":"","_kad_post_content_style":"default","_kad_post_vertical_padding":"default","_kad_post_feature":"","_kad_post_feature_position":"","_kad_post_header":false,"_kad_post_footer":false,"footnotes":""},"class_list":["post-8726","page","type-page","status-publish","has-post-thumbnail","hentry"],"acf":[],"rttpg_featured_image_url":{"full":["https:\/\/rocketplay-new.com\/wp-content\/uploads\/2025\/05\/kitty-glitter-slot-machine-play-slot-for-free.png",1813,786,false],"landscape":["https:\/\/rocketplay-new.com\/wp-content\/uploads\/2025\/05\/kitty-glitter-slot-machine-play-slot-for-free.png",1813,786,false],"portraits":["https:\/\/rocketplay-new.com\/wp-content\/uploads\/2025\/05\/kitty-glitter-slot-machine-play-slot-for-free.png",1813,786,false],"thumbnail":["https:\/\/rocketplay-new.com\/wp-content\/uploads\/2025\/05\/kitty-glitter-slot-machine-play-slot-for-free-150x150.png",150,150,true],"medium":["https:\/\/rocketplay-new.com\/wp-content\/uploads\/2025\/05\/kitty-glitter-slot-machine-play-slot-for-free-300x130.png",300,130,true],"large":["https:\/\/rocketplay-new.com\/wp-content\/uploads\/2025\/05\/kitty-glitter-slot-machine-play-slot-for-free-1024x444.png",1024,444,true],"1536x1536":["https:\/\/rocketplay-new.com\/wp-content\/uploads\/2025\/05\/kitty-glitter-slot-machine-play-slot-for-free-1536x666.png",1536,666,true],"2048x2048":["https:\/\/rocketplay-new.com\/wp-content\/uploads\/2025\/05\/kitty-glitter-slot-machine-play-slot-for-free.png",1813,786,false],"wppb-medium":["https:\/\/rocketplay-new.com\/wp-content\/uploads\/2025\/05\/kitty-glitter-slot-machine-play-slot-for-free-600x450.png",600,450,true]},"rttpg_author":{"display_name":"John","author_link":"https:\/\/rocketplay-new.com\/ga\/author\/pemvas95n89x\/"},"rttpg_comment":0,"rttpg_category":null,"rttpg_excerpt":"Is cluiche meais\u00edn sliot\u00e1n coitianta \u00e9 Kitty Glitter ina bhfuil carachtair feline gleoite agus cluthar. T\u00e1 an cluiche seo foirfe do lucht lean\u00fana cait agus cuireann s\u00e9 gameplay spreag\u00fail ar f\u00e1il leis an seans duaiseanna m\u00f3ra a bhuachan. Is f\u00e9idir le himreoir\u00ed taitneamh a bhaint as an gcluiche saor in aisce, rud a ligeann d\u00f3ibh...","_links":{"self":[{"href":"https:\/\/rocketplay-new.com\/ga\/wp-json\/wp\/v2\/pages\/8726","targetHints":{"allow":["GET"]}}],"collection":[{"href":"https:\/\/rocketplay-new.com\/ga\/wp-json\/wp\/v2\/pages"}],"about":[{"href":"https:\/\/rocketplay-new.com\/ga\/wp-json\/wp\/v2\/types\/page"}],"author":[{"embeddable":true,"href":"https:\/\/rocketplay-new.com\/ga\/wp-json\/wp\/v2\/users\/1"}],"replies":[{"embeddable":true,"href":"https:\/\/rocketplay-new.com\/ga\/wp-json\/wp\/v2\/comments?post=8726"}],"version-history":[{"count":2,"href":"https:\/\/rocketplay-new.com\/ga\/wp-json\/wp\/v2\/pages\/8726\/revisions"}],"predecessor-version":[{"id":8728,"href":"https:\/\/rocketplay-new.com\/ga\/wp-json\/wp\/v2\/pages\/8726\/revisions\/8728"}],"up":[{"embeddable":true,"href":"https:\/\/rocketplay-new.com\/ga\/wp-json\/wp\/v2\/pages\/2271"}],"wp:featuredmedia":[{"embeddable":true,"href":"https:\/\/rocketplay-new.com\/ga\/wp-json\/wp\/v2\/media\/6600"}],"wp:attachment":[{"href":"https:\/\/rocketplay-new.com\/ga\/wp-json\/wp\/v2\/media?parent=8726"}],"curies":[{"name":"wp","href":"https:\/\/api.w.org\/{rel}","templated":true}]}}