{"id":8670,"date":"2025-05-29T00:15:54","date_gmt":"2025-05-28T21:15:54","guid":{"rendered":"https:\/\/rocketplay-new.com\/slot-machines\/pig\/"},"modified":"2025-07-16T17:02:15","modified_gmt":"2025-07-16T14:02:15","slug":"pig","status":"publish","type":"page","link":"https:\/\/rocketplay-new.com\/ga\/slot-machines\/pig\/","title":{"rendered":"Meais\u00edn sliot\u00e1n Pig &#8211; Imir Sliot\u00e1n Saor in Aisce"},"content":{"rendered":"<p>Is cluiche spra\u00ed\u00fail agus corraitheach \u00e9 an meais\u00edn sliot\u00e1n muc inar f\u00e9idir le himreoir\u00ed a n-\u00e1dh a thriail chun duaiseanna m\u00f3ra a bhuachan. Leis na grafaic\u00ed beoga agus na h\u00e9ifeachta\u00ed fuaime siams\u00fala at\u00e1 aige, cuireann an meais\u00edn sliot\u00e1n muc eisp\u00e9ireas cearrbhachais corraitheach ar f\u00e1il a choinn\u00edonn imreoir\u00ed ag teacht ar ais le haghaidh n\u00edos m\u00f3. Is \u00e9 an chuid is fearr n\u00e1 gur f\u00e9idir le himreoir\u00ed sliot\u00e1in a imirt saor in aisce, rud a ligeann d\u00f3ibh taitneamh a bhaint as an gcluiche gan aon airgead a chaitheamh. Cib\u00e9 acu imreoir sliot\u00e1n s\u00e9as\u00farach th\u00fa n\u00f3 tosaitheoir at\u00e1 ag iarraidh triail a bhaint as sliot\u00e1in, is cinnte go gcuirfidh an meais\u00edn sliot\u00e1n muc uaireanta siamsa\u00edochta ar f\u00e1il agus an deis duaiseanna m\u00f3ra a bhuachan.<\/p>\n<div class=\"go-btn-container\"><div class=\"tosh-btn\"><a href=\"\/go-casino\/\" target=\"_blank\" rel=\"noopener\">IMIR ANOIS<\/a><\/div><\/div>\n<h2>FORBHREATHN\u00da MEAIS\u00cdN SL\u00d3T\u00c1N Pig<\/h2>\n<p>Is cluiche coitianta \u00e9 an meais\u00edn sliot\u00e1n Pig a bhfuil t\u00e9ama whimsical muc ann. T\u00e1 s\u00e9 de ch\u00faram ar imreoir\u00ed na r\u00edleanna a sn\u00edomh chun siombail\u00ed \u00e9ags\u00fala a bhaineann le muc a mheaitse\u00e1il chun duaiseanna a bhuachan. T\u00e1 an cluiche aitheanta as a ghrafaic\u00ed geala agus ildaite, chomh maith lena \u00e9ifeachta\u00ed fuaime spra\u00ed\u00fala agus siams\u00fala. Chomh maith leis an ngn\u00e1th-gameplay meais\u00edn sliot\u00e1n, t\u00e1 babhta\u00ed b\u00f3nais agus gn\u00e9ithe speisialta ag an meais\u00edn sliot\u00e1n Muc freisin ar f\u00e9idir leo seans an imreora buachan go m\u00f3r a mh\u00e9ad\u00fa. Leis na carachtair mhucacha gleoite agus an gameplay spreag\u00fail at\u00e1 aige, is m\u00f3r an bua \u00e9 an meais\u00edn sliot\u00e1n Pig i measc d\u00edograiseoir\u00ed ceasa\u00edneo de gach aois. Cib\u00e9 acu imreoir sliot\u00e1n seanbhunaithe th\u00fa n\u00f3 duine nua i saol an chearrbhachais, is cinnte go gcuirfidh an meais\u00edn sliot\u00e1n Pig uaireanta an chloig siamsa\u00edochta agus sceitim\u00edn\u00ed ar f\u00e1il.<\/p>\n<p><img loading=\"lazy\" decoding=\"async\" class=\"aligncenter size-full wp-image-8639\" src=\"https:\/\/rocketplay-new.com\/wp-content\/uploads\/2025\/07\/pig-slot-2.webp\" alt=\"Pig slot machine - Play Slot for Free 2\" width=\"800\" height=\"265\" srcset=\"https:\/\/rocketplay-new.com\/wp-content\/uploads\/2025\/07\/pig-slot-2.webp 800w, https:\/\/rocketplay-new.com\/wp-content\/uploads\/2025\/07\/pig-slot-2-300x99.webp 300w, https:\/\/rocketplay-new.com\/wp-content\/uploads\/2025\/07\/pig-slot-2-768x254.webp 768w\" sizes=\"auto, (max-width: 800px) 100vw, 800px\" \/><\/p>\n<h2>MEAIS\u00cdN SLOT\u00c1N pig: T\u00c9AMA, AMH\u00c1IN, AGUS CEOL<\/h2>\n<p>Is cluiche ceasa\u00edneo coitianta agus greannmhar \u00e9 an meais\u00edn sliot\u00e1n muca a bhfuil t\u00e9ama spra\u00ed\u00fail agus s\u00fagach ann at\u00e1 d\u00edrithe ar mhuca cart\u00fain gleoite. T\u00e1 amharcanna an chluiche geal agus ildaite, le siombail\u00ed muca gleoite ag sn\u00edomh ar na r\u00edleanna agus beochana geala a thugann na muca chun beatha. T\u00e1 dearadh forioml\u00e1n an mheais\u00edn sliot\u00e1n \u00e9adrom agus tarraingteach, ag cruth\u00fa atmaisf\u00e9ar f\u00e1ilteach agus siams\u00fail do na himreoir\u00ed. T\u00e1 an ceol a ghabhann leis an gcluiche br\u00edomhar agus tarraingteach, ag cur le sceitim\u00edn\u00ed agus fuinneamh na taith\u00ed. Feabhsa\u00edonn \u00e9ifeachta\u00ed fuaime na r\u00edleanna sn\u00edomhacha agus na teaglama\u00ed buaiteacha an tumoideachas forioml\u00e1n sa chluiche, rud a fh\u00e1gann gur taith\u00ed cearrbhachais f\u00edor-thaitneamhach agus chuimhneach\u00e1in \u00e9 d&#8217;imreoir\u00ed de gach aois. Tr\u00edd is tr\u00edd, is cluiche taitneamhach agus siams\u00fail \u00e9 an meais\u00edn sliot\u00e1n muca a chomhcheangla\u00edonn t\u00e9ama mealltach, amharcanna tarraingteacha, agus ceol beoga chun taith\u00ed ceasa\u00edneo spra\u00ed\u00fail agus tarraingteach a chruth\u00fa.<\/p>\n<h2>CONAS MEAIS\u00cdN SLOT\u00c1N pig A IMIRT<\/h2>\n<p>Is taith\u00ed spra\u00ed\u00fail agus spreag\u00fail \u00e9 an meais\u00edn sliot\u00e1n Muc a imirt a d&#8217;fh\u00e9adfadh buanna m\u00f3ra a bheith mar thoradh air. Chun t\u00fas a chur le himirt, beidh ort do chuid airgid n\u00f3 dearbh\u00e1n a chur isteach sa mheais\u00edn agus an m\u00e9id geall at\u00e1 uait a roghn\u00fa. Nuair a bheidh do gheall curtha agat, br\u00faigh an cnaipe sn\u00edomh agus f\u00e9ach agus na r\u00edleanna ag tos\u00fa ag sn\u00edomh. Is \u00e9 cusp\u00f3ir an chluiche na siombail\u00ed ar na r\u00edleanna a mheaitse\u00e1il chun \u00edoca\u00edocht a bhuachan. B\u00ed ag faire amach do shiombail\u00ed b\u00f3nais speisialta, amhail an Piggy Bank n\u00f3 an Pig Wild, ar f\u00e9idir leo cabhr\u00fa le do sheans buachan m\u00f3r a mh\u00e9ad\u00fa. Ina theannta sin, d&#8217;fh\u00e9adfadh babhta\u00ed b\u00f3nais n\u00f3 mionchluich\u00ed a bheith ag roinnt meais\u00edn\u00ed ar f\u00e9idir leo do bhuaiteanna a fheabhs\u00fa tuilleadh. Cuimhnigh imirt go freagrach i gc\u00f3na\u00ed agus buis\u00e9ad a shocr\u00fa sula dtosa\u00edonn t\u00fa ag imirt chun a chinnti\u00fa go mbeidh eisp\u00e9ireas cearrbhachais spra\u00ed\u00fail agus taitneamhach agat.<\/p>\n<div class=\"go-btn-container\"><div class=\"tosh-btn\"><a href=\"\/go-casino\/\" target=\"_blank\" rel=\"noopener\">IMIR ANOIS<\/a><\/div><\/div>\n<h2>MEAIS\u00cdN SLOT pig: ROGHANNA GEALLT\u00d3IREACHTA AGUS POITEANNACHT BUAITE<\/h2>\n<p>Is cluiche coitianta \u00e9 an meais\u00edn sliot\u00e1n muice i gceasa\u00edneonna agus ar ard\u00e1in chearrbhachais ar l\u00edne mar gheall ar a th\u00e9ama spra\u00ed\u00fail agus a gameplay spreag\u00fail. T\u00e1 r\u00e9imse roghanna geallt\u00f3ireachta ag imreoir\u00ed agus iad ag imirt an mheais\u00edn sliot\u00e1n muice, rud a ligeann d\u00f3ibh a ngeall a shaincheapadh bunaithe ar a mbuis\u00e9ad agus a lamh\u00e1ltas riosca. De ghn\u00e1th b\u00edonn na roghanna geallt\u00f3ireachta idir c\u00fapla cent agus roinnt dollar in aghaidh an casadh, rud a thugann sol\u00fabthacht do na himreoir\u00ed geall a chur go coime\u00e1dach n\u00f3 dul i dtreo bua m\u00f3r. T\u00e1 acmhainneacht bhuaiteach an mheais\u00edn sliot\u00e1n muc an-suntasach freisin, agus an deis ag imreoir\u00ed pota\u00ed \u00f3ir a bhuachan idir c\u00fapla c\u00e9ad dollar agus roinnt m\u00edlte dollar. Chomh maith leis na pota\u00ed \u00f3ir, is f\u00e9idir le himreoir\u00ed duaiseanna n\u00edos l\u00fa a bhuachan tr\u00ed bhabhta\u00ed b\u00f3nais, spins saor in aisce, agus gn\u00e9ithe eile sa chluiche. Tr\u00edd is tr\u00edd, cuireann an meais\u00edn sliot\u00e1n muc eisp\u00e9ireas cearrbhachais spreag\u00fail agus brab\u00fasach ar f\u00e1il do na himreoir\u00ed de gach leibh\u00e9al scile.<\/p>\n<p><img loading=\"lazy\" decoding=\"async\" class=\"aligncenter size-full wp-image-8630\" src=\"https:\/\/rocketplay-new.com\/wp-content\/uploads\/2025\/07\/pig-slot-1.webp\" alt=\"Pig slot machine - Play Slot for Free\" width=\"800\" height=\"339\" srcset=\"https:\/\/rocketplay-new.com\/wp-content\/uploads\/2025\/07\/pig-slot-1.webp 800w, https:\/\/rocketplay-new.com\/wp-content\/uploads\/2025\/07\/pig-slot-1-300x127.webp 300w, https:\/\/rocketplay-new.com\/wp-content\/uploads\/2025\/07\/pig-slot-1-768x325.webp 768w\" sizes=\"auto, (max-width: 800px) 100vw, 800px\" \/><\/p>\n<h2>CEISTEANNA AGUS FREAGRA\u00cd COITIANTA &#8211; MEAIS\u00cdN SLOT\u00c1N pig<\/h2>\n<p>Is cluiche coitianta \u00e9 an meais\u00edn sliot\u00e1n muice at\u00e1 le f\u00e1il i go leor ceasa\u00edneonna agus su\u00edomhanna cearrbhachais ar l\u00edne. Ceist choitianta amh\u00e1in a bh\u00edonn ag imreoir\u00ed n\u00e1 conas buachan go m\u00f3r ar an meais\u00edn sliot\u00e1n muice. Is \u00e9 an freagra ar an gceist seo n\u00e1 go bhfuil toradh gach casadh go hioml\u00e1n randamach, mar sin n\u00edl aon bhealach cinnte ann chun bua m\u00f3r a r\u00e1th\u00fa. Ceist choitianta eile is ea an bhfuil aon strait\u00e9is\u00ed ann a fh\u00e9adfaidh do sheansanna buachan ar an meais\u00edn sliot\u00e1n muice a mh\u00e9ad\u00fa. C\u00e9 go gcreideann roinnt imreoir\u00ed i strait\u00e9is\u00ed \u00e1irithe, amhail geall a chur ar mh\u00e9id \u00e1irithe n\u00f3 imirt ag amanna \u00e1irithe den l\u00e1, is \u00e9 f\u00edrinne an sc\u00e9il nach bhfuil aon tionchar ag na strait\u00e9is\u00ed seo ar thoradh an chluiche. Sa deireadh thiar, is \u00e9 an bealach is fearr chun taitneamh a bhaint as an meais\u00edn sliot\u00e1n muice n\u00e1 imirt go freagrach agus spraoi a bheith agat agus t\u00fa ag iarraidh do \u00e1dh a bhuachan go m\u00f3r.<\/p>\n","protected":false},"excerpt":{"rendered":"<p>Is cluiche spra\u00ed\u00fail agus corraitheach \u00e9 an meais\u00edn sliot\u00e1n muc inar f\u00e9idir le himreoir\u00ed a n-\u00e1dh a thriail chun duaiseanna m\u00f3ra a bhuachan. Leis na grafaic\u00ed beoga agus na h\u00e9ifeachta\u00ed fuaime siams\u00fala at\u00e1 aige, cuireann an meais\u00edn sliot\u00e1n muc eisp\u00e9ireas cearrbhachais corraitheach ar f\u00e1il a choinn\u00edonn imreoir\u00ed ag teacht ar ais le haghaidh n\u00edos m\u00f3&#8230;.<\/p>\n","protected":false},"author":1,"featured_media":6571,"parent":2271,"menu_order":0,"comment_status":"closed","ping_status":"closed","template":"","meta":{"_acf_changed":false,"_kad_post_transparent":"default","_kad_post_title":"default","_kad_post_layout":"default","_kad_post_sidebar_id":"","_kad_post_content_style":"default","_kad_post_vertical_padding":"default","_kad_post_feature":"","_kad_post_feature_position":"","_kad_post_header":false,"_kad_post_footer":false,"footnotes":""},"class_list":["post-8670","page","type-page","status-publish","has-post-thumbnail","hentry"],"acf":[],"rttpg_featured_image_url":{"full":["https:\/\/rocketplay-new.com\/wp-content\/uploads\/2025\/05\/pig-slot-machine-play-slot-for-free.png",1052,582,false],"landscape":["https:\/\/rocketplay-new.com\/wp-content\/uploads\/2025\/05\/pig-slot-machine-play-slot-for-free.png",1052,582,false],"portraits":["https:\/\/rocketplay-new.com\/wp-content\/uploads\/2025\/05\/pig-slot-machine-play-slot-for-free.png",1052,582,false],"thumbnail":["https:\/\/rocketplay-new.com\/wp-content\/uploads\/2025\/05\/pig-slot-machine-play-slot-for-free-150x150.png",150,150,true],"medium":["https:\/\/rocketplay-new.com\/wp-content\/uploads\/2025\/05\/pig-slot-machine-play-slot-for-free-300x166.png",300,166,true],"large":["https:\/\/rocketplay-new.com\/wp-content\/uploads\/2025\/05\/pig-slot-machine-play-slot-for-free-1024x567.png",1024,567,true],"1536x1536":["https:\/\/rocketplay-new.com\/wp-content\/uploads\/2025\/05\/pig-slot-machine-play-slot-for-free.png",1052,582,false],"2048x2048":["https:\/\/rocketplay-new.com\/wp-content\/uploads\/2025\/05\/pig-slot-machine-play-slot-for-free.png",1052,582,false],"wppb-medium":["https:\/\/rocketplay-new.com\/wp-content\/uploads\/2025\/05\/pig-slot-machine-play-slot-for-free-600x450.png",600,450,true]},"rttpg_author":{"display_name":"John","author_link":"https:\/\/rocketplay-new.com\/ga\/author\/pemvas95n89x\/"},"rttpg_comment":0,"rttpg_category":null,"rttpg_excerpt":"Is cluiche spra\u00ed\u00fail agus corraitheach \u00e9 an meais\u00edn sliot\u00e1n muc inar f\u00e9idir le himreoir\u00ed a n-\u00e1dh a thriail chun duaiseanna m\u00f3ra a bhuachan. Leis na grafaic\u00ed beoga agus na h\u00e9ifeachta\u00ed fuaime siams\u00fala at\u00e1 aige, cuireann an meais\u00edn sliot\u00e1n muc eisp\u00e9ireas cearrbhachais corraitheach ar f\u00e1il a choinn\u00edonn imreoir\u00ed ag teacht ar ais le haghaidh n\u00edos m\u00f3....","_links":{"self":[{"href":"https:\/\/rocketplay-new.com\/ga\/wp-json\/wp\/v2\/pages\/8670","targetHints":{"allow":["GET"]}}],"collection":[{"href":"https:\/\/rocketplay-new.com\/ga\/wp-json\/wp\/v2\/pages"}],"about":[{"href":"https:\/\/rocketplay-new.com\/ga\/wp-json\/wp\/v2\/types\/page"}],"author":[{"embeddable":true,"href":"https:\/\/rocketplay-new.com\/ga\/wp-json\/wp\/v2\/users\/1"}],"replies":[{"embeddable":true,"href":"https:\/\/rocketplay-new.com\/ga\/wp-json\/wp\/v2\/comments?post=8670"}],"version-history":[{"count":2,"href":"https:\/\/rocketplay-new.com\/ga\/wp-json\/wp\/v2\/pages\/8670\/revisions"}],"predecessor-version":[{"id":8672,"href":"https:\/\/rocketplay-new.com\/ga\/wp-json\/wp\/v2\/pages\/8670\/revisions\/8672"}],"up":[{"embeddable":true,"href":"https:\/\/rocketplay-new.com\/ga\/wp-json\/wp\/v2\/pages\/2271"}],"wp:featuredmedia":[{"embeddable":true,"href":"https:\/\/rocketplay-new.com\/ga\/wp-json\/wp\/v2\/media\/6571"}],"wp:attachment":[{"href":"https:\/\/rocketplay-new.com\/ga\/wp-json\/wp\/v2\/media?parent=8670"}],"curies":[{"name":"wp","href":"https:\/\/api.w.org\/{rel}","templated":true}]}}