{"id":8617,"date":"2025-05-29T00:04:26","date_gmt":"2025-05-28T21:04:26","guid":{"rendered":"https:\/\/rocketplay-new.com\/slot-machines\/buffalo-gold\/"},"modified":"2025-07-14T16:37:35","modified_gmt":"2025-07-14T13:37:35","slug":"buffalo-gold","status":"publish","type":"page","link":"https:\/\/rocketplay-new.com\/ga\/slot-machines\/buffalo-gold\/","title":{"rendered":"Meais\u00edn sliot\u00e1n Buffalo Gold &#8211; Imir Sliot\u00e1n Saor in Aisce"},"content":{"rendered":"<p>Is cluiche coitianta \u00e9 meais\u00edn sliot\u00e1n Buffalo Gold a thugann deis d\u2019imreoir\u00ed buachan go m\u00f3r lena ghn\u00e9ithe agus b\u00f3nais spreag\u00fala. Leis an t\u00e9ama \u00edoc\u00f3nach buabhaill agus a ghrafaic\u00ed iontacha, iompra\u00edtear imreoir\u00ed chuig an iarthar fi\u00e1in agus iad ag sn\u00edomh na r\u00edleanna ag cuardach saibhris. Cuireann an cluiche spins saor in aisce, iolraitheoir\u00ed, agus seans chun pota \u00f3ir for\u00e1sach a bhuachan ar f\u00e1il. Is f\u00e9idir le himreoir\u00ed a n-\u00e1dh a thriail ar an meais\u00edn sliot\u00e1n corraitheach seo saor in aisce, rud a ligeann d\u00f3ibh an sceitim\u00edn\u00ed go l\u00e9ir a fh\u00e1il gan aon airgead a chur i mbaol. Cib\u00e9 acu imreoir s\u00e9as\u00farach th\u00fa n\u00f3 duine nua do shliot\u00e1in, cuireann Buffalo Gold eisp\u00e9ireas cearrbhachais spra\u00ed\u00fail agus fi\u00fantach ar f\u00e1il do ch\u00e1ch.<\/p>\n<div class=\"go-btn-container\"><div class=\"tosh-btn\"><a href=\"\/go-casino\/\" target=\"_blank\" rel=\"noopener\">IMIR ANOIS<\/a><\/div><\/div>\n<h2>FORBHREATHN\u00da MEAIS\u00cdN SLOT\u00c1N BUFFALO GOLD<\/h2>\n<p>Is cluiche meais\u00edn sliot\u00e1n coitianta \u00e9 Buffalo Gold a bhfuil lucht lean\u00fana ollmh\u00f3r faighte aige i gceasa\u00edneonna ar fud an domhain. Forbartha ag Aristocrat Gaming, is athr\u00fa \u00e9 an cluiche seo ar an meais\u00edn sliot\u00e1n bunaidh Buffalo, ach le gn\u00e9ithe agus b\u00f3nais breise a fh\u00e1gann go bhfuil s\u00e9 n\u00edos spreag\u00fala f\u00f3s a imirt. T\u00e1 t\u00e9ama fiadh\u00falra sa chluiche, le siombail\u00ed cos\u00fail le buabhaill, iolair, mac t\u00edre, agus leoin sl\u00e9ibhe le feice\u00e1il ar na r\u00edleanna. Is \u00e9 pr\u00edomhtharraingt Buffalo Gold n\u00e1 an babhta b\u00f3nais spins saor in aisce, \u00e1it ar f\u00e9idir le himreoir\u00ed buachan go m\u00f3r tr\u00ed shiombail\u00ed buabhaill \u00f3rga a thabhairt i dt\u00edr ar na r\u00edleanna. Ina theannta sin, cuireann an cluiche gn\u00e9 pota \u00f3ir ar f\u00e1il ar f\u00e9idir l\u00e9i duaiseanna ollmh\u00f3ra a bhronnadh ar imreoir\u00ed. Leis na grafaic\u00ed iontacha, na h\u00e9ifeachta\u00ed fuaime tumtha, agus an gameplay spreag\u00fail, t\u00e1 Buffalo Gold anois ina rogha iontach i measc d\u00edograiseoir\u00ed meais\u00edn sliot\u00e1n at\u00e1 ag lorg eisp\u00e9ireas cearrbhachais corraitheach.<\/p>\n<p><img loading=\"lazy\" decoding=\"async\" class=\"aligncenter size-full wp-image-8570\" src=\"https:\/\/rocketplay-new.com\/wp-content\/uploads\/2025\/07\/buffalo-gold-1.webp\" alt=\"Buffalo Gold slot machine - Play Slot for Free\" width=\"800\" height=\"525\" srcset=\"https:\/\/rocketplay-new.com\/wp-content\/uploads\/2025\/07\/buffalo-gold-1.webp 800w, https:\/\/rocketplay-new.com\/wp-content\/uploads\/2025\/07\/buffalo-gold-1-300x197.webp 300w, https:\/\/rocketplay-new.com\/wp-content\/uploads\/2025\/07\/buffalo-gold-1-768x504.webp 768w\" sizes=\"auto, (max-width: 800px) 100vw, 800px\" \/><\/p>\n<h2>MEAIS\u00cdN SLOIT BUFFALO GOLD: T\u00c9AMA, AMH\u00c1IN, AGUS CEOL<\/h2>\n<p>Is cluiche coitianta \u00e9 meais\u00edn sliot\u00e1n Buffalo Gold i gceasa\u00edneonna ar fud an domhain, ar a dtugtar a th\u00e9ama spreag\u00fail, amharcanna iontacha, agus ceol mealltach. D\u00edr\u00edonn t\u00e9ama an chluiche ar an mb\u00fafala maorga, siombail neart agus athl\u00e9imneachta i gcult\u00far D\u00fachasach Mheirice\u00e1. \u00c1ir\u00edtear leis na siombail\u00ed ar na r\u00edleanna n\u00ed hamh\u00e1in an b\u00fafala ach siombail\u00ed \u00edoc\u00f3nacha eile d&#8217;Iarthar Mheirice\u00e1, amhail iolair, mac t\u00edre, agus leoin sl\u00e9ibhe. T\u00e1 amharcanna an chluiche f\u00edor-suntasach, le grafaic\u00ed ardchaighde\u00e1in a thugann an t\u00e9ama chun beatha go mion. T\u00e1 lu\u00ed na gr\u00e9ine \u00e1lainn thar na machair\u00ed i gc\u00falra an chluiche, rud a fheabhsa\u00edonn an taith\u00ed tumtha do na himreoir\u00ed tuilleadh. Is cuid l\u00e1rnach d&#8217;achomharc an chluiche \u00e9 an ceol i Buffalo Gold freisin, le fuaimrian corraitheach a chuireann le sceitim\u00edn\u00ed agus teannas gach casadh. Crutha\u00edonn an measc\u00e1n de th\u00e9ama, amharcanna agus ceol an chluiche taith\u00ed cearrbhachais f\u00edor-tumtha a choinn\u00edonn imreoir\u00ed ag teacht ar ais le haghaidh n\u00edos m\u00f3.<\/p>\n<h2>CONAS MEAIS\u00cdN SLOIT BUFFALO GOLD A IMIRT<\/h2>\n<p>Is cluiche meais\u00edn sliot\u00e1n coitianta \u00e9 Buffalo Gold at\u00e1 le f\u00e1il i m\u00f3r\u00e1n ceasa\u00edneonna. Chun an cluiche a imirt, n\u00ed m\u00f3r d\u2019imreoir\u00ed a gcuid airgid n\u00f3 creidmheasanna ceasa\u00edneo a chur isteach sa mheais\u00edn ar dt\u00fas. Nuair a bheidh na creidmheasanna luchtaithe, is f\u00e9idir le himreoir\u00ed a m\u00e9id geall a roghn\u00fa agus an cnaipe sn\u00edomh a bhr\u00fa chun an cluiche a thos\u00fa. Is \u00e9 cusp\u00f3ir Buffalo Gold siombail\u00ed a mheaitse\u00e1il ar na r\u00edleanna chun duaiseanna a bhuachan. T\u00e1 r\u00e9imse siombail\u00ed sa chluiche, lena n-\u00e1ir\u00edtear an buabhall \u00edoc\u00f3nach, a fheidhm\u00edonn mar shiombail fhi\u00e1in an chluiche. M\u00e1 thuirling\u00edonn t\u00fa tr\u00ed shiombail scaipthe n\u00f3 n\u00edos m\u00f3, spreagann s\u00e9 an babhta b\u00f3nais sn\u00edomh saor in aisce, \u00e1it a bhfuil deis ag imreoir\u00ed duaiseanna m\u00f3ra a bhuachan. Ina theannta sin, cuireann an cluiche pota \u00f3ir for\u00e1sach ar f\u00e1il ar f\u00e9idir a bhuachan go randamach le linn an chluiche. Tr\u00edd is tr\u00edd, is cluiche meais\u00edn sliot\u00e1n spra\u00ed\u00fail agus spreag\u00fail \u00e9 Buffalo Gold a thairgeann an deis duaiseanna m\u00f3ra a bhuachan le gach sn\u00edomh.<\/p>\n<div class=\"go-btn-container\"><div class=\"tosh-btn\"><a href=\"\/go-casino\/\" target=\"_blank\" rel=\"noopener\">IMIR ANOIS<\/a><\/div><\/div>\n<h2>MEAS\u00c1N SLOT BUFFALO GOLD: ROGHANNA GEALLT\u00d3IREACHTA AGUS POITEANNACHT BUAITE<\/h2>\n<p>Is rogha coitianta \u00e9 meais\u00edn sliot\u00e1n Buffalo Gold i measc imreoir\u00ed ceasa\u00edneo mar gheall ar a imirt spreag\u00fail agus an poit\u00e9inseal at\u00e1 aige le haghaidh buaiteanna m\u00f3ra. Ceann de na pr\u00edomhghn\u00e9ithe den chluiche seo n\u00e1 a roghanna geallt\u00f3ireachta, a fhreastala\u00edonn ar raon leathan imreoir\u00ed. Le geall \u00edosta de $0.40 amh\u00e1in agus geall uasta de $3.20, is f\u00e9idir le himreoir\u00ed a ngeall a roghn\u00fa bunaithe ar a mbuis\u00e9ad agus a lamh\u00e1ltas riosca. Ligeann an tsol\u00fabthacht seo d\u2019imreoir\u00ed \u00f3c\u00e1ideacha agus d\u2019imreoir\u00ed arda taitneamh a bhaint as an gcluiche agus seans a bheith acu bua m\u00f3r a fh\u00e1il.<\/p>\n<p>Maidir le poit\u00e9inseal buaite, cuireann meais\u00edn sliot\u00e1n Buffalo Gold deis ar f\u00e1il d\u2019imreoir\u00ed suas le 1,000 uair a ngeall a bhuachan ar aon casadh amh\u00e1in. Is \u00e9 an poit\u00e9inseal ard \u00edoca\u00edochta seo ceann de na c\u00faiseanna a mhealltar imreoir\u00ed chuig an gcluiche seo. Ina theannta sin, t\u00e1 babhta b\u00f3nais sa chluiche inar f\u00e9idir le himreoir\u00ed spins saor in aisce agus iolraitheoir\u00ed a bhuachan, rud a mh\u00e9ada\u00edonn a seans bua m\u00f3r a fh\u00e1il. Le r\u00e1ta ard RTP (fillte ar an imreoir) de thart ar 94%, t\u00e1 seans maith ag imreoir\u00ed roinnt bua a fh\u00e1il tar \u00e9is d\u00f3ibh meais\u00edn sliot\u00e1n Buffalo Gold a imirt.<\/p>\n<p>Tr\u00edd is tr\u00edd, cuireann meais\u00edn sliot\u00e1n Buffalo Gold eisp\u00e9ireas cearrbhachais spreag\u00fail agus luach saothair ar f\u00e1il d\u2019imreoir\u00ed de gach leibh\u00e9al. Leis an raon roghanna geallt\u00f3ireachta agus an poit\u00e9inseal ard buaite at\u00e1 aige, is rogha coitianta \u00e9 an cluiche seo i measc d\u00edograiseoir\u00ed ceasa\u00edneonna at\u00e1 ag iarraidh a n-\u00e1dh a th\u00e1st\u00e1il agus b\u2019fh\u00e9idir \u00edoca\u00edocht mh\u00f3r a bhaint amach. Cib\u00e9 an imreoir \u00f3c\u00e1ideach th\u00fa at\u00e1 ag lorg siamsa\u00edochta n\u00f3 ard-roll\u00f3ir at\u00e1 ag lorg bua m\u00f3ra, t\u00e1 rud \u00e9igin le tairiscint ag meais\u00edn sliot\u00e1n Buffalo Gold do gach duine.<\/p>\n<p><img loading=\"lazy\" decoding=\"async\" class=\"aligncenter size-full wp-image-8579\" src=\"https:\/\/rocketplay-new.com\/wp-content\/uploads\/2025\/07\/buffalo-gold-2.webp\" alt=\"Buffalo Gold slot machine - Play Slot for Free 2\" width=\"800\" height=\"347\" srcset=\"https:\/\/rocketplay-new.com\/wp-content\/uploads\/2025\/07\/buffalo-gold-2.webp 800w, https:\/\/rocketplay-new.com\/wp-content\/uploads\/2025\/07\/buffalo-gold-2-300x130.webp 300w, https:\/\/rocketplay-new.com\/wp-content\/uploads\/2025\/07\/buffalo-gold-2-768x333.webp 768w\" sizes=\"auto, (max-width: 800px) 100vw, 800px\" \/><\/p>\n<h2>CEISTEANNA AGUS FREAGRA\u00cd COITIANTA &#8211; MEAIS\u00cdN SLOIT BUFFALO GOLD<\/h2>\n<p>Is cluiche coitianta \u00e9 meais\u00edn sliot\u00e1n Buffalo Gold i gceasa\u00edneonna ar fud na t\u00edre, ar a dtugtar a imirt spreag\u00fail agus a \u00edoca\u00edochta\u00ed m\u00f3ra. Ceist choitianta amh\u00e1in a bh\u00edonn ag imreoir\u00ed n\u00e1 conas an babhta b\u00f3nais a spreagadh sa chluiche seo. Chun an babhta b\u00f3nais a spreagadh i Buffalo Gold, n\u00ed m\u00f3r d\u2019imreoir\u00ed tr\u00ed shiombail scaipthe n\u00f3 n\u00edos m\u00f3 a thabhairt i dt\u00edr ar na r\u00edleanna. Nuair a ghn\u00edomha\u00edtear an babhta b\u00f3nais, is f\u00e9idir le himreoir\u00ed spins saor in aisce agus iolraitheoir\u00ed a bhuachan, rud a mh\u00e9ada\u00edonn a seansanna pota \u00f3ir m\u00f3r a bhualadh. Ceist choitianta eile n\u00e1 an bhfuil an cluiche cothrom agus randamach. Cos\u00fail le gach meais\u00edn sliot\u00e1n, \u00fas\u00e1ideann Buffalo Gold ginead\u00f3ir uimhreacha randamacha chun toradh gach casadh a chinneadh, rud a chinnt\u00edonn go bhfuil an cluiche cothrom agus neamhchlaonta. Is f\u00e9idir le himreoir\u00ed a bheith cinnte go bhfuil seans cothrom acu buachan agus iad ag imirt an mheais\u00edn sliot\u00e1n coitianta seo.<\/p>\n","protected":false},"excerpt":{"rendered":"<p>Is cluiche coitianta \u00e9 meais\u00edn sliot\u00e1n Buffalo Gold a thugann deis d\u2019imreoir\u00ed buachan go m\u00f3r lena ghn\u00e9ithe agus b\u00f3nais spreag\u00fala. Leis an t\u00e9ama \u00edoc\u00f3nach buabhaill agus a ghrafaic\u00ed iontacha, iompra\u00edtear imreoir\u00ed chuig an iarthar fi\u00e1in agus iad ag sn\u00edomh na r\u00edleanna ag cuardach saibhris. Cuireann an cluiche spins saor in aisce, iolraitheoir\u00ed, agus seans chun&#8230;<\/p>\n","protected":false},"author":1,"featured_media":6542,"parent":2271,"menu_order":0,"comment_status":"closed","ping_status":"closed","template":"single-no-sidebar.php","meta":{"_acf_changed":false,"_kad_post_transparent":"default","_kad_post_title":"default","_kad_post_layout":"default","_kad_post_sidebar_id":"","_kad_post_content_style":"default","_kad_post_vertical_padding":"default","_kad_post_feature":"","_kad_post_feature_position":"","_kad_post_header":false,"_kad_post_footer":false,"footnotes":""},"class_list":["post-8617","page","type-page","status-publish","has-post-thumbnail","hentry"],"acf":[],"rttpg_featured_image_url":{"full":["https:\/\/rocketplay-new.com\/wp-content\/uploads\/2025\/05\/buffalo-gold-slot-machine-play-slot-for-free.png",1028,636,false],"landscape":["https:\/\/rocketplay-new.com\/wp-content\/uploads\/2025\/05\/buffalo-gold-slot-machine-play-slot-for-free.png",1028,636,false],"portraits":["https:\/\/rocketplay-new.com\/wp-content\/uploads\/2025\/05\/buffalo-gold-slot-machine-play-slot-for-free.png",1028,636,false],"thumbnail":["https:\/\/rocketplay-new.com\/wp-content\/uploads\/2025\/05\/buffalo-gold-slot-machine-play-slot-for-free-150x150.png",150,150,true],"medium":["https:\/\/rocketplay-new.com\/wp-content\/uploads\/2025\/05\/buffalo-gold-slot-machine-play-slot-for-free-300x186.png",300,186,true],"large":["https:\/\/rocketplay-new.com\/wp-content\/uploads\/2025\/05\/buffalo-gold-slot-machine-play-slot-for-free-1024x634.png",1024,634,true],"1536x1536":["https:\/\/rocketplay-new.com\/wp-content\/uploads\/2025\/05\/buffalo-gold-slot-machine-play-slot-for-free.png",1028,636,false],"2048x2048":["https:\/\/rocketplay-new.com\/wp-content\/uploads\/2025\/05\/buffalo-gold-slot-machine-play-slot-for-free.png",1028,636,false],"wppb-medium":["https:\/\/rocketplay-new.com\/wp-content\/uploads\/2025\/05\/buffalo-gold-slot-machine-play-slot-for-free-600x450.png",600,450,true]},"rttpg_author":{"display_name":"John","author_link":"https:\/\/rocketplay-new.com\/ga\/author\/pemvas95n89x\/"},"rttpg_comment":0,"rttpg_category":null,"rttpg_excerpt":"Is cluiche coitianta \u00e9 meais\u00edn sliot\u00e1n Buffalo Gold a thugann deis d\u2019imreoir\u00ed buachan go m\u00f3r lena ghn\u00e9ithe agus b\u00f3nais spreag\u00fala. Leis an t\u00e9ama \u00edoc\u00f3nach buabhaill agus a ghrafaic\u00ed iontacha, iompra\u00edtear imreoir\u00ed chuig an iarthar fi\u00e1in agus iad ag sn\u00edomh na r\u00edleanna ag cuardach saibhris. Cuireann an cluiche spins saor in aisce, iolraitheoir\u00ed, agus seans chun...","_links":{"self":[{"href":"https:\/\/rocketplay-new.com\/ga\/wp-json\/wp\/v2\/pages\/8617","targetHints":{"allow":["GET"]}}],"collection":[{"href":"https:\/\/rocketplay-new.com\/ga\/wp-json\/wp\/v2\/pages"}],"about":[{"href":"https:\/\/rocketplay-new.com\/ga\/wp-json\/wp\/v2\/types\/page"}],"author":[{"embeddable":true,"href":"https:\/\/rocketplay-new.com\/ga\/wp-json\/wp\/v2\/users\/1"}],"replies":[{"embeddable":true,"href":"https:\/\/rocketplay-new.com\/ga\/wp-json\/wp\/v2\/comments?post=8617"}],"version-history":[{"count":2,"href":"https:\/\/rocketplay-new.com\/ga\/wp-json\/wp\/v2\/pages\/8617\/revisions"}],"predecessor-version":[{"id":8619,"href":"https:\/\/rocketplay-new.com\/ga\/wp-json\/wp\/v2\/pages\/8617\/revisions\/8619"}],"up":[{"embeddable":true,"href":"https:\/\/rocketplay-new.com\/ga\/wp-json\/wp\/v2\/pages\/2271"}],"wp:featuredmedia":[{"embeddable":true,"href":"https:\/\/rocketplay-new.com\/ga\/wp-json\/wp\/v2\/media\/6542"}],"wp:attachment":[{"href":"https:\/\/rocketplay-new.com\/ga\/wp-json\/wp\/v2\/media?parent=8617"}],"curies":[{"name":"wp","href":"https:\/\/api.w.org\/{rel}","templated":true}]}}