{"id":8539,"date":"2025-05-28T23:59:09","date_gmt":"2025-05-28T20:59:09","guid":{"rendered":"https:\/\/rocketplay-new.com\/slot-machines\/dragon\/"},"modified":"2025-07-14T11:26:16","modified_gmt":"2025-07-14T08:26:16","slug":"dragon","status":"publish","type":"page","link":"https:\/\/rocketplay-new.com\/ga\/slot-machines\/dragon\/","title":{"rendered":"Meais\u00edn sliot\u00e1n Dragon &#8211; Imir Sliot\u00e1n Saor in Aisce"},"content":{"rendered":"<p>Is cluiche sliot\u00e1n ar l\u00edne coitianta \u00e9 an meais\u00edn sliot\u00e1n Dragon a thugann deis d\u2019imreoir\u00ed buachan go m\u00f3r lena gameplay spreag\u00fail agus a ghrafaic\u00ed ildaite. Leis na siombail\u00ed agus na gn\u00e9ithe b\u00f3nais at\u00e1 bunaithe ar dhragan, is f\u00e9idir le himreoir\u00ed iad f\u00e9in a thumadh i ndomhan mist\u00e9ireach at\u00e1 l\u00e1n le sceitim\u00edn\u00ed agus eachtra\u00edochta. Is \u00e9 an chuid is fearr n\u00e1 gur f\u00e9idir le himreoir\u00ed an sliot\u00e1n seo a imirt saor in aisce, rud a ligeann d\u00f3ibh na sceitim\u00edn\u00ed go l\u00e9ir a fh\u00e1il gan aon airgead f\u00edor a chur i mbaol. Cib\u00e9 acu imreoir sliot\u00e1n s\u00e9as\u00farach th\u00fa n\u00f3 duine nua at\u00e1 ag iarraidh do \u00e1dh a thriail, is cinnte go gcuirfidh an meais\u00edn sliot\u00e1n Dragon uaireanta siamsa\u00edochta ar f\u00e1il agus an deis duaiseanna iontacha a bhuachan.<\/p>\n<div class=\"go-btn-container\"><div class=\"tosh-btn\"><a href=\"\/go-casino\/\" target=\"_blank\" rel=\"noopener\">IMIR ANOIS<\/a><\/div><\/div>\n<h2>FORBHREATHN\u00da MEAIS\u00cdN SLOT DRAGON<\/h2>\n<p>Is cluiche coitianta agus spreag\u00fail \u00e9 meais\u00edn sliot\u00e1n Dragon at\u00e1 le f\u00e1il i go leor ceasa\u00edneonna agus ard\u00e1in cearrbhachais ar l\u00edne. T\u00e1 grafaic\u00ed agus beochana beoga dragain sa mheais\u00edn sliot\u00e1n t\u00e9amach seo, chomh maith le siombail\u00ed cos\u00fail le c\u00f3fra\u00ed taisce, seodra, agus dragain a an\u00e1lann tine. De ghn\u00e1th b\u00edonn c\u00faig r\u00edl agus ill\u00ednte p\u00e1 sa chluiche, rud a thugann r\u00e9imse beala\u00ed d\u2019imreoir\u00ed chun buachan. Cuireann gn\u00e9ithe b\u00f3nais cos\u00fail le spins saor in aisce, siombail\u00ed fi\u00e1ine, agus mionchluich\u00ed leis an sceitim\u00edn\u00ed agus coinn\u00edonn siad imreoir\u00ed siamsaithe ar feadh uaireanta an chloig. T\u00e1 c\u00e1il ar mheais\u00edn sliot\u00e1n Dragon as a imirt ardchaighde\u00e1in agus a thaith\u00ed tumtha, rud a fh\u00e1gann gur rogha iontach \u00e9 i measc d\u00edograiseoir\u00ed sliot\u00e1n. Cib\u00e9 acu imreoir s\u00e9as\u00farach th\u00fa n\u00f3 duine nua i saol na meais\u00edn\u00ed sliot\u00e1n, cuireann meais\u00edn sliot\u00e1n Dragon taith\u00ed cearrbhachais spreag\u00fail agus luach saothair ar f\u00e1il a mheallfaidh imreoir\u00ed de gach leibh\u00e9al scile.<\/p>\n<p><img loading=\"lazy\" decoding=\"async\" class=\"aligncenter size-full wp-image-8517\" src=\"https:\/\/rocketplay-new.com\/wp-content\/uploads\/2025\/07\/dragon-slot-1.webp\" alt=\"Dragon slot machine - Play Slot for Free\" width=\"800\" height=\"447\" srcset=\"https:\/\/rocketplay-new.com\/wp-content\/uploads\/2025\/07\/dragon-slot-1.webp 800w, https:\/\/rocketplay-new.com\/wp-content\/uploads\/2025\/07\/dragon-slot-1-300x168.webp 300w, https:\/\/rocketplay-new.com\/wp-content\/uploads\/2025\/07\/dragon-slot-1-768x429.webp 768w\" sizes=\"auto, (max-width: 800px) 100vw, 800px\" \/><\/p>\n<h2>MEAIS\u00cdN SLOT AN DRAGON: T\u00c9AMA, AMHAIRC, AGUS CEOL<\/h2>\n<p>Is cluiche coitianta \u00e9 an meais\u00edn sliot\u00e1n Dragon a bhfuil t\u00e9ama mealltach, amharcanna iontacha, agus ceol tumtha ann. D\u00edr\u00edonn t\u00e9ama an chluiche ar dragain, siombail chumhachta, neart, agus \u00e1dh i go leor cult\u00far. T\u00e1 na hamharcanna sa chluiche thar a bheith mealltach, le dragain at\u00e1 deartha go h\u00e1lainn, siombail\u00ed casta, agus dathanna beoga a chrutha\u00edonn eisp\u00e9ireas iontach amhairc do na himreoir\u00ed. T\u00e1 an ceol sa chluiche chomh hiontach c\u00e9anna, le h\u00e9ifeachta\u00ed fuaime eipici\u00fala agus fuaimrian dinimici\u00fail a chuireann le sceitim\u00edn\u00ed agus d\u00e9ine an chluiche. Tr\u00edd is tr\u00edd, cuireann an meais\u00edn sliot\u00e1n Dragon eisp\u00e9ireas cearrbhachais corraitheach agus tumtha ar f\u00e1il a mheallfaidh imreoir\u00ed agus a choinneoidh ar ais iad le haghaidh n\u00edos m\u00f3.<\/p>\n<h2>CONAS MEAIS\u00cdN SLOT AN DRAGON A IMIRT<\/h2>\n<p>Is f\u00e9idir le meais\u00edn sliot\u00e1n an Dragon a imirt a bheith ina eisp\u00e9ireas corraitheach d\u00f3ibh si\u00fad ar bre\u00e1 leo sceitim\u00edn\u00ed an cheasa\u00edneo. Chun t\u00fas a chur leis, n\u00ed m\u00f3r d\u2019imreoir\u00ed a m\u00e9id geall agus l\u00edon na l\u00ednte p\u00e1 is mian leo a imirt a roghn\u00fa. Nuair a chuirtear an geall, br\u00faigh an cnaipe sn\u00edomh chun na r\u00edleanna a chur ag gluaiseacht. Is \u00e9 an sprioc siombail\u00ed a mheaitse\u00e1il trasna na l\u00ednte p\u00e1 chun duaiseanna a bhuachan. B\u00ed ag faire amach do shiombail\u00ed speisialta cos\u00fail le siombail\u00ed fi\u00e1ine agus scaiptheoir\u00ed, mar is f\u00e9idir leo cabhr\u00fa le do bhuaiteanna a mh\u00e9ad\u00fa. F\u00e9adfar babhta\u00ed b\u00f3nais a spreagadh freisin, rud a thairgeann n\u00edos m\u00f3 seansanna f\u00f3s chun buachan m\u00f3r. T\u00e1 s\u00e9 t\u00e1bhachtach t\u00fa f\u00e9in a chur ar an eolas faoi th\u00e1bla p\u00e1 an chluiche chun luach gach siombaile agus na h\u00edoca\u00edochta\u00ed f\u00e9ideartha a thuiscint. Leis na grafaic\u00ed beoga agus an gameplay mealltach at\u00e1 aige, is cinnte go gcoinneoidh an meais\u00edn sliot\u00e1n Dragon imreoir\u00ed siamsaithe ar feadh uaireanta an chloig. Mar sin, c\u00e9n f\u00e1th fanacht? Glac casadh agus f\u00e9ach an bhfuil an m\u00e9id at\u00e1 de dh\u00edth ort chun an dragan a sh\u00e1r\u00fa agus do shaibhreas a \u00e9ileamh!<\/p>\n<div class=\"go-btn-container\"><div class=\"tosh-btn\"><a href=\"\/go-casino\/\" target=\"_blank\" rel=\"noopener\">IMIR ANOIS<\/a><\/div><\/div>\n<h2>MEAIS\u00cdN SLOT DRAGON: ROGHANNA GEALLT\u00d3IREACHTA AGUS POITEANNACHT BUAITE<\/h2>\n<p>Is cluiche coitianta \u00e9 an meais\u00edn sliot\u00e1n Dragon i measc d\u00edograiseoir\u00ed ceasa\u00edneo mar gheall ar a gameplay spreag\u00fail agus a phoit\u00e9inseal le haghaidh buaiteanna m\u00f3ra. Ceann de na pr\u00edomhghn\u00e9ithe a fh\u00e1gann go bhfuil an cluiche seo chomh tarraingteach n\u00e1 a raon leathan roghanna geallt\u00f3ireachta. Is f\u00e9idir le himreoir\u00ed geall a chur ar rud ar bith \u00f3 ch\u00fapla cent go dt\u00ed na c\u00e9adta dollar in aghaidh an casadh, rud a ligeann d\u2019imreoir\u00ed \u00f3c\u00e1ideacha agus do dhaoine a bhfuil geall ard acu taitneamh a bhaint as an gcluiche. Cinnt\u00edonn an tsol\u00fabthacht seo i roghanna geallt\u00f3ireachta gur f\u00e9idir le himreoir\u00ed de gach buis\u00e9ad p\u00e1irt a ghlacadh agus go bhf\u00e9adfadh siad buachan go m\u00f3r. Ina theannta sin, cuireann an meais\u00edn sliot\u00e1n Dragon acmhainneacht ard buaite ar f\u00e1il, leis an deis \u00edoca\u00edochta\u00ed ollmh\u00f3ra a thuilleamh tr\u00ed bhabhta\u00ed b\u00f3nais, siombail\u00ed fi\u00e1ine, agus gn\u00e9ithe speisialta eile. Leis an measc\u00e1n ceart \u00e1dh agus strait\u00e9ise, is f\u00e9idir le himreoir\u00ed si\u00fal amach le buaiteanna suntasacha a fh\u00e1gann go bhfuil an cluiche f\u00edor-spreag\u00fail agus luach saothair. Tr\u00edd is tr\u00edd, cuireann an meais\u00edn sliot\u00e1n Dragon eisp\u00e9ireas cearrbhachais spreag\u00fail ar f\u00e1il le neart deiseanna chun buachan go m\u00f3r.<\/p>\n<p><img loading=\"lazy\" decoding=\"async\" class=\"aligncenter size-full wp-image-8526\" src=\"https:\/\/rocketplay-new.com\/wp-content\/uploads\/2025\/07\/dragon-slot-2.webp\" alt=\"Dragon slot machine - Play Slot for Free 2\" width=\"800\" height=\"319\" srcset=\"https:\/\/rocketplay-new.com\/wp-content\/uploads\/2025\/07\/dragon-slot-2.webp 800w, https:\/\/rocketplay-new.com\/wp-content\/uploads\/2025\/07\/dragon-slot-2-300x120.webp 300w, https:\/\/rocketplay-new.com\/wp-content\/uploads\/2025\/07\/dragon-slot-2-768x306.webp 768w\" sizes=\"auto, (max-width: 800px) 100vw, 800px\" \/><\/p>\n<h2>CEISTEANNA AGUS FREAGRA\u00cd COITIANTA &#8211; MEAIS\u00cdN SLOT AN DRAGON<\/h2>\n<p>Is cluiche coitianta \u00e9 an meais\u00edn sliot\u00e1n Dragon i gceasa\u00edneonna agus ar ard\u00e1in chearrbhachais ar l\u00edne, ag mealladh imreoir\u00ed lena th\u00e9ama spreag\u00fail agus a chumas buanna m\u00f3ra a bhaint amach. Mar sin f\u00e9in, b\u00edonn ceisteanna coitianta ag go leor imreoir\u00ed faoi conas imirt agus a seansanna buachan a uasmh\u00e9ad\u00fa. Ceann de na ceisteanna is minice a chuirtear n\u00e1 an bhfuil strait\u00e9is ann chun na seansanna buachan ar an meais\u00edn sliot\u00e1n Dragon a mh\u00e9ad\u00fa. C\u00e9 nach bhfuil aon strait\u00e9is r\u00e1thaithe ann maidir le buachan, is f\u00e9idir le himreoir\u00ed a seansanna a fheabhs\u00fa tr\u00edd an m\u00e9id uasta a gheall\u00faint, toisc go minic go nd\u00edghlas\u00e1lann s\u00e9 seo gn\u00e9ithe b\u00f3nais agus \u00edoca\u00edochta\u00ed n\u00edos m\u00f3. Ceist choitianta eile is ea an bhfuil an meais\u00edn sliot\u00e1n Dragon cothrom agus an dtugann s\u00e9 toradh randamach. B\u00ed cinnte go riala\u00edonn \u00fadar\u00e1is cearrbhachais an cluiche agus \u00fas\u00e1ideann s\u00e9 ginead\u00f3ir uimhreacha randamacha chun imirt chothrom a chinnti\u00fa. Ina theannta sin, is minic a dh\u00e9anann imreoir\u00ed fiosr\u00fach\u00e1in faoin mbealach is fearr chun a gcuid buaiteanna a airgead\u00fa amach \u00f3n meais\u00edn sliot\u00e1n Dragon. Moltar treoirl\u00ednte an cheasa\u00edneo a lean\u00faint maidir le cist\u00ed a tharraingt siar, lena n-\u00e1ir\u00edtear doicim\u00e9id aitheantais a shol\u00e1thar chun do chuntas a fh\u00edor\u00fa. Tr\u00edd is tr\u00edd, cuireann an meais\u00edn sliot\u00e1n Dragon eisp\u00e9ireas cearrbhachais spreag\u00fail ar f\u00e1il leis an gcumas buanna m\u00f3ra a bhaint amach, agus tr\u00ed thuiscint a fh\u00e1il ar na ceisteanna agus na freagra\u00ed coitianta, is f\u00e9idir le himreoir\u00ed a dtaitneamh agus a seansanna ratha a uasmh\u00e9ad\u00fa.<\/p>\n","protected":false},"excerpt":{"rendered":"<p>Is cluiche sliot\u00e1n ar l\u00edne coitianta \u00e9 an meais\u00edn sliot\u00e1n Dragon a thugann deis d\u2019imreoir\u00ed buachan go m\u00f3r lena gameplay spreag\u00fail agus a ghrafaic\u00ed ildaite. Leis na siombail\u00ed agus na gn\u00e9ithe b\u00f3nais at\u00e1 bunaithe ar dhragan, is f\u00e9idir le himreoir\u00ed iad f\u00e9in a thumadh i ndomhan mist\u00e9ireach at\u00e1 l\u00e1n le sceitim\u00edn\u00ed agus eachtra\u00edochta. Is \u00e9&#8230;<\/p>\n","protected":false},"author":1,"featured_media":6522,"parent":2271,"menu_order":0,"comment_status":"closed","ping_status":"closed","template":"","meta":{"_acf_changed":false,"_kad_post_transparent":"default","_kad_post_title":"default","_kad_post_layout":"default","_kad_post_sidebar_id":"","_kad_post_content_style":"default","_kad_post_vertical_padding":"default","_kad_post_feature":"","_kad_post_feature_position":"","_kad_post_header":false,"_kad_post_footer":false,"footnotes":""},"class_list":["post-8539","page","type-page","status-publish","has-post-thumbnail","hentry"],"acf":[],"rttpg_featured_image_url":{"full":["https:\/\/rocketplay-new.com\/wp-content\/uploads\/2025\/05\/dragon-slot-machine-play-slot-for-free-1.png",1215,429,false],"landscape":["https:\/\/rocketplay-new.com\/wp-content\/uploads\/2025\/05\/dragon-slot-machine-play-slot-for-free-1.png",1215,429,false],"portraits":["https:\/\/rocketplay-new.com\/wp-content\/uploads\/2025\/05\/dragon-slot-machine-play-slot-for-free-1.png",1215,429,false],"thumbnail":["https:\/\/rocketplay-new.com\/wp-content\/uploads\/2025\/05\/dragon-slot-machine-play-slot-for-free-1-150x150.png",150,150,true],"medium":["https:\/\/rocketplay-new.com\/wp-content\/uploads\/2025\/05\/dragon-slot-machine-play-slot-for-free-1-300x106.png",300,106,true],"large":["https:\/\/rocketplay-new.com\/wp-content\/uploads\/2025\/05\/dragon-slot-machine-play-slot-for-free-1-1024x362.png",1024,362,true],"1536x1536":["https:\/\/rocketplay-new.com\/wp-content\/uploads\/2025\/05\/dragon-slot-machine-play-slot-for-free-1.png",1215,429,false],"2048x2048":["https:\/\/rocketplay-new.com\/wp-content\/uploads\/2025\/05\/dragon-slot-machine-play-slot-for-free-1.png",1215,429,false],"wppb-medium":["https:\/\/rocketplay-new.com\/wp-content\/uploads\/2025\/05\/dragon-slot-machine-play-slot-for-free-1-600x429.png",600,429,true]},"rttpg_author":{"display_name":"John","author_link":"https:\/\/rocketplay-new.com\/ga\/author\/pemvas95n89x\/"},"rttpg_comment":0,"rttpg_category":null,"rttpg_excerpt":"Is cluiche sliot\u00e1n ar l\u00edne coitianta \u00e9 an meais\u00edn sliot\u00e1n Dragon a thugann deis d\u2019imreoir\u00ed buachan go m\u00f3r lena gameplay spreag\u00fail agus a ghrafaic\u00ed ildaite. Leis na siombail\u00ed agus na gn\u00e9ithe b\u00f3nais at\u00e1 bunaithe ar dhragan, is f\u00e9idir le himreoir\u00ed iad f\u00e9in a thumadh i ndomhan mist\u00e9ireach at\u00e1 l\u00e1n le sceitim\u00edn\u00ed agus eachtra\u00edochta. Is \u00e9...","_links":{"self":[{"href":"https:\/\/rocketplay-new.com\/ga\/wp-json\/wp\/v2\/pages\/8539","targetHints":{"allow":["GET"]}}],"collection":[{"href":"https:\/\/rocketplay-new.com\/ga\/wp-json\/wp\/v2\/pages"}],"about":[{"href":"https:\/\/rocketplay-new.com\/ga\/wp-json\/wp\/v2\/types\/page"}],"author":[{"embeddable":true,"href":"https:\/\/rocketplay-new.com\/ga\/wp-json\/wp\/v2\/users\/1"}],"replies":[{"embeddable":true,"href":"https:\/\/rocketplay-new.com\/ga\/wp-json\/wp\/v2\/comments?post=8539"}],"version-history":[{"count":2,"href":"https:\/\/rocketplay-new.com\/ga\/wp-json\/wp\/v2\/pages\/8539\/revisions"}],"predecessor-version":[{"id":8542,"href":"https:\/\/rocketplay-new.com\/ga\/wp-json\/wp\/v2\/pages\/8539\/revisions\/8542"}],"up":[{"embeddable":true,"href":"https:\/\/rocketplay-new.com\/ga\/wp-json\/wp\/v2\/pages\/2271"}],"wp:featuredmedia":[{"embeddable":true,"href":"https:\/\/rocketplay-new.com\/ga\/wp-json\/wp\/v2\/media\/6522"}],"wp:attachment":[{"href":"https:\/\/rocketplay-new.com\/ga\/wp-json\/wp\/v2\/media?parent=8539"}],"curies":[{"name":"wp","href":"https:\/\/api.w.org\/{rel}","templated":true}]}}