{"id":8510,"date":"2025-05-28T23:47:20","date_gmt":"2025-05-28T20:47:20","guid":{"rendered":"https:\/\/rocketplay-new.com\/slot-machines\/planet-moolah\/"},"modified":"2025-07-14T00:13:25","modified_gmt":"2025-07-13T21:13:25","slug":"planet-moolah","status":"publish","type":"page","link":"https:\/\/rocketplay-new.com\/ga\/slot-machines\/planet-moolah\/","title":{"rendered":"Meais\u00edn sliot\u00e1n Planet Moolah &#8211; Imir Sliot\u00e1n Saor in Aisce"},"content":{"rendered":"<p>Is cluiche spra\u00ed\u00fail agus corraitheach \u00e9 meais\u00edn sliot\u00e1n Planet Moolah a thugann an fheirm chun beatha ar bhealach nua ar fad. Le grafaic\u00ed beoga agus \u00e9ifeachta\u00ed fuaime siams\u00fala, iompra\u00edtear imreoir\u00ed chuig domhan ina bhfuil ba, sic\u00edn\u00ed, agus ainmhithe feirme eile ina r\u00e9alta\u00ed an tse\u00f3. T\u00e1 r\u00edleanna easghluaiseacha, spins saor in aisce, agus an deis buachan m\u00f3r sa chluiche lena th\u00e9ama uath\u00fail. Is f\u00e9idir le himreoir\u00ed a n-\u00e1dh a thriail saor in aisce n\u00f3 imirt le f\u00edor-airgead le haghaidh an deis duaiseanna m\u00f3ra a bhuachan. Cib\u00e9 acu imreoir \u00f3c\u00e1ideach n\u00f3 cearrbhach s\u00e9as\u00farach th\u00fa, cuireann meais\u00edn sliot\u00e1n Planet Moolah eisp\u00e9ireas spra\u00ed\u00fail agus siams\u00fail ar f\u00e1il do ch\u00e1ch.<\/p>\n<div class=\"go-btn-container\"><div class=\"tosh-btn\"><a href=\"\/go-casino\/\" target=\"_blank\" rel=\"noopener\">IMIR ANOIS<\/a><\/div><\/div>\n<h2>FORBHREATHN\u00da MEAIS\u00cdN SLOT\u00c1N PLANET MOOLAH<\/h2>\n<p>Is cluiche meais\u00edn sliot\u00e1n coitianta \u00e9 Planet Moolah a thugann imreoir\u00ed ar thuras greannmhar chuig feirm sa sp\u00e1s amuigh. Forbartha ag WMS Gaming, t\u00e1 t\u00e9ama spra\u00ed\u00fail agus aisteach ag an gcluiche seo a scarann \u200b\u200b\u00e9 \u00f3 mheais\u00edn\u00ed sliot\u00e1n traidisi\u00fanta. T\u00e1 na r\u00edleanna l\u00e1n de bha, sic\u00edn\u00ed, sciob\u00f3il, agus siombail\u00ed eile a bhaineann le feirmeacha, agus iad uile suite i gcoinne ch\u00falra t\u00edrdhreacha sp\u00e1is ildaite. Is \u00e9 an rud a fh\u00e1gann go bhfuil Planet Moolah uath\u00fail n\u00e1 a ghn\u00e9 Cascading Reels, \u00e1it a n-im\u00edonn teaglama\u00ed buaiteacha agus a thagann siombail\u00ed nua anuas chun a n-\u00e1it a ghlacadh, rud a d&#8217;fh\u00e9adfadh a bheith ina ch\u00fais le buanna iolracha ar aon casadh amh\u00e1in. Cuireann an cluiche seo babhta b\u00f3nais spins saor in aisce ar f\u00e1il freisin, \u00e1it ar f\u00e9idir le himreoir\u00ed suas le 50 spins saor in aisce a thuilleamh le haghaidh n\u00edos m\u00f3 seansanna f\u00f3s chun buachan m\u00f3r. Leis an t\u00e9ama siams\u00fail, an gameplay nu\u00e1lach, agus na gn\u00e9ithe b\u00f3nais luach saothair, is rud riachtanach \u00e9 Planet Moolah d&#8217;aon d\u00edograiseoir meais\u00edn sliot\u00e1n at\u00e1 ag lorg eisp\u00e9ireas cearrbhachais spra\u00ed\u00fail agus spreag\u00fail.<\/p>\n<p><img loading=\"lazy\" decoding=\"async\" class=\"aligncenter size-full wp-image-8460\" src=\"https:\/\/rocketplay-new.com\/wp-content\/uploads\/2025\/07\/planet-moolah-1.webp\" alt=\"Planet Moolah slot\" width=\"800\" height=\"439\" srcset=\"https:\/\/rocketplay-new.com\/wp-content\/uploads\/2025\/07\/planet-moolah-1.webp 800w, https:\/\/rocketplay-new.com\/wp-content\/uploads\/2025\/07\/planet-moolah-1-300x165.webp 300w, https:\/\/rocketplay-new.com\/wp-content\/uploads\/2025\/07\/planet-moolah-1-768x421.webp 768w\" sizes=\"auto, (max-width: 800px) 100vw, 800px\" \/><\/p>\n<h2>MEAIS\u00cdN SLOT PLANET MOOLAH: T\u00c9AMA, AMH\u00c1IN, AGUS CEOL<\/h2>\n<p>Is cluiche coitianta \u00e9 meais\u00edn sliot\u00e1n Planet Moolah i gceasa\u00edneonna agus ar ard\u00e1in cearrbhachais ar l\u00edne, ar a dtugtar a th\u00e9ama aisteach, a \u00edomh\u00e1nna tarraingteacha, agus a cheol tarraingteach. D\u00edr\u00edonn t\u00e9ama an chluiche ar ghr\u00fapa b\u00f3 eachtrannach craice\u00e1ilte a rinne ionradh ar phl\u00e1in\u00e9id an Domhain chun b\u00f3 agus ainmhithe feirme a ghoid. T\u00e1 na h\u00edomh\u00e1nna geal agus ildaite, le grafaic\u00ed cart\u00fain a thugann an sc\u00e9al greannmhar chun beatha. Casfaidh imreoir\u00ed ar shaighdi\u00fair\u00ed eitilte, ainmhithe feirme, agus ar nd\u00f3igh, na ba eachtrannach d\u00e1na agus iad ag sn\u00edomh na r\u00edleanna. T\u00e1 an ceol c\u00falra br\u00edomhar agus fuinni\u00fail, rud a chuireann le sceitim\u00edn\u00ed forioml\u00e1na an chluiche. Leis an t\u00e9ama uath\u00fail, a \u00edomh\u00e1nna tarraingteacha, agus an ceol beoga, cuireann meais\u00edn sliot\u00e1n Planet Moolah eisp\u00e9ireas cearrbhachais spra\u00ed\u00fail agus siams\u00fail ar f\u00e1il d&#8217;imreoir\u00ed.<\/p>\n<h2>CONAS MEAIS\u00cdN SLOT PLANET MOOLAH A IMIRT<\/h2>\n<p>Is cluiche meais\u00edn sliot\u00e1n spra\u00ed\u00fail agus spreag\u00fail \u00e9 Planet Moolah at\u00e1 le f\u00e1il i go leor ceasa\u00edneonna. Chun an cluiche a imirt, tosaigh tr\u00ed do chuid airgid n\u00f3 dearbh\u00e1n a chur isteach sa mheais\u00edn agus m\u00e9id do gheall a roghn\u00fa. T\u00e1 c\u00faig r\u00edl agus 25 l\u00edne p\u00e1 sa chluiche, rud a thugann neart deiseanna duit buachan m\u00f3r. T\u00e1 t\u00e9ama an chluiche bunaithe ar ghr\u00fapa b\u00f3 eachtrannach a ghlac seilbh ar fheirm, agus l\u00e9ir\u00edonn na siombail\u00ed ar na r\u00edleanna an t\u00e9ama seo. Chun buachan, n\u00ed m\u00f3r duit tr\u00ed cinn n\u00f3 n\u00edos m\u00f3 de na siombail\u00ed c\u00e9anna a mheaitse\u00e1il ar l\u00edne p\u00e1. M\u00e1 bhuaileann t\u00fa teaglaim bhuaiteach, gheobhaidh t\u00fa luach saothair bunaithe ar luach na siombail\u00ed. T\u00e1 gn\u00e9ithe b\u00f3nais speisialta sa chluiche freisin, amhail r\u00edleanna easghluaiseacha agus spins saor in aisce, ar f\u00e9idir leo cabhr\u00fa leat do bhuaiteanna a mh\u00e9ad\u00fa n\u00edos m\u00f3 f\u00f3s. Tr\u00edd is tr\u00edd, is eisp\u00e9ireas spra\u00ed\u00fail agus siams\u00fail \u00e9 Planet Moolah a imirt a d\u2019fh\u00e9adfadh roinnt buaiteanna m\u00f3ra a bheith mar thoradh air m\u00e1 t\u00e1 an t-\u00e1dh leat. Mar sin, bain triail as an ch\u00e9ad uair eile a bheidh t\u00fa ag an gceasa\u00edneo agus f\u00e9ach an f\u00e9idir leat na b\u00f3 eachtrannach a sh\u00e1r\u00fa agus teacht amach ar an mbarr.<\/p>\n<div class=\"go-btn-container\"><div class=\"tosh-btn\"><a href=\"\/go-casino\/\" target=\"_blank\" rel=\"noopener\">IMIR ANOIS<\/a><\/div><\/div>\n<h2>MEAS\u00c1N SLOT PLANET MOOLAH: ROGHANNA GEALLT\u00d3IREACHTA AGUS POITEANNACHT BUAITE<\/h2>\n<p>T\u00e1 meais\u00edn sliot\u00e1n Planet Moolah aitheanta as a th\u00e9ama uath\u00fail agus a imirt siams\u00fail, ach cuireann s\u00e9 r\u00e9imse roghanna geallt\u00f3ireachta agus acmhainneacht bhuaite ar f\u00e1il d\u2019imreoir\u00ed freisin. Ligeann an cluiche d\u2019imreoir\u00ed geall a chur ar suas le 25 l\u00edne p\u00e1, leis an rogha l\u00edon na l\u00ednte p\u00e1 gn\u00edomhacha chomh maith leis an m\u00e9id geallta in aghaidh na l\u00edne a choigeart\u00fa. Ligeann an tsol\u00fabthacht seo i roghanna geallt\u00f3ireachta d\u2019imreoir\u00ed a ngeallta a chur in oiri\u00faint d\u00e1 st\u00edl imeartha agus d\u00e1 mbuis\u00e9ad is fearr leo. Maidir le hacmhainneacht bhuaite, cuireann an cluiche r\u00e9imse teaglaim \u00edoca\u00edochta agus gn\u00e9ithe b\u00f3nais ar f\u00e1il a d\u2019fh\u00e9adfadh \u00edoca\u00edochta\u00ed suntasacha a bheith mar thoradh orthu. Is f\u00e9idir leis an ngn\u00e9 Cascading Reels, \u00e1it a n-im\u00edonn siombail\u00ed buaiteacha agus a thiteann siombail\u00ed nua ina n-\u00e1it, buaite as a ch\u00e9ile a bheith mar thoradh air ar aon casadh amh\u00e1in agus an t-acmhainneacht bhuaite ioml\u00e1n a mh\u00e9ad\u00fa. Ina theannta sin, cuireann duais phota \u00f3ir an chluiche deis ar f\u00e1il d\u2019imreoir\u00ed buachan m\u00f3r le haon casadh amh\u00e1in. Tr\u00edd is tr\u00edd, cuireann meais\u00edn sliot\u00e1n Planet Moolah r\u00e9imse roghanna geallt\u00f3ireachta agus acmhainneacht bhuaite spreag\u00fail ar f\u00e1il d\u2019imreoir\u00ed chun iad a choinne\u00e1il gafa agus siamsaithe.<\/p>\n<p><img loading=\"lazy\" decoding=\"async\" class=\"aligncenter size-full wp-image-8469\" src=\"https:\/\/rocketplay-new.com\/wp-content\/uploads\/2025\/07\/planet-moolah-2.webp\" alt=\"Planet Moolah slot 2\" width=\"800\" height=\"535\" srcset=\"https:\/\/rocketplay-new.com\/wp-content\/uploads\/2025\/07\/planet-moolah-2.webp 800w, https:\/\/rocketplay-new.com\/wp-content\/uploads\/2025\/07\/planet-moolah-2-300x201.webp 300w, https:\/\/rocketplay-new.com\/wp-content\/uploads\/2025\/07\/planet-moolah-2-768x514.webp 768w\" sizes=\"auto, (max-width: 800px) 100vw, 800px\" \/><\/p>\n<h2>CEISTEANNA AGUS FREAGRA\u00cd COITIANTA &#8211; MEAIS\u00cdN SLOT PLANET MOOLAH<\/h2>\n<p>Is cluiche coitianta \u00e9 meais\u00edn sliot\u00e1n Planet Moolah i measc d\u00edograiseoir\u00ed ceasa\u00edneo, ach is minic a bh\u00edonn ceisteanna coitianta ann agus an cluiche seo \u00e1 imirt. Ceann de na ceisteanna is minice a chuirtear n\u00e1 conas an babhta b\u00f3nais a spreagadh i Planet Moolah. Gn\u00edomha\u00edtear an babhta b\u00f3nais nuair a thuirling\u00edonn t\u00fa ar cheithre bhua n\u00f3 n\u00edos m\u00f3 as a ch\u00e9ile, rud a thabharfaidh suas le 50 casadh saor in aisce duit. Ceist choitianta eile is ea an bhfuil an cluiche cothrom agus randamach. Oibr\u00edtear meais\u00edn sliot\u00e1n Planet Moolah le ginead\u00f3ir uimhreacha randamacha, rud a chinnt\u00edonn go bhfuil gach casadh go hioml\u00e1n randamach agus cothrom. Is minic a chuireann imreoir\u00ed ceist faoi ch\u00e9atad\u00e1n RTP (filleadh ar an imreoir) an chluiche. T\u00e1 RTP Planet Moolah thart ar 96%, rud a chialla\u00edonn gur f\u00e9idir le himreoir\u00ed a bheith ag s\u00fail le thart ar 96% den airgead a gheall siad a fh\u00e1il ar ais le himeacht ama. Tr\u00edd is tr\u00edd, is cluiche spra\u00ed\u00fail agus spreag\u00fail \u00e9 meais\u00edn sliot\u00e1n Planet Moolah le neart deiseanna duaiseanna m\u00f3ra a bhuachan.<\/p>\n","protected":false},"excerpt":{"rendered":"<p>Is cluiche spra\u00ed\u00fail agus corraitheach \u00e9 meais\u00edn sliot\u00e1n Planet Moolah a thugann an fheirm chun beatha ar bhealach nua ar fad. Le grafaic\u00ed beoga agus \u00e9ifeachta\u00ed fuaime siams\u00fala, iompra\u00edtear imreoir\u00ed chuig domhan ina bhfuil ba, sic\u00edn\u00ed, agus ainmhithe feirme eile ina r\u00e9alta\u00ed an tse\u00f3. T\u00e1 r\u00edleanna easghluaiseacha, spins saor in aisce, agus an deis buachan&#8230;<\/p>\n","protected":false},"author":1,"featured_media":6484,"parent":2271,"menu_order":0,"comment_status":"closed","ping_status":"closed","template":"","meta":{"_acf_changed":false,"_kad_post_transparent":"default","_kad_post_title":"default","_kad_post_layout":"default","_kad_post_sidebar_id":"","_kad_post_content_style":"default","_kad_post_vertical_padding":"default","_kad_post_feature":"","_kad_post_feature_position":"","_kad_post_header":false,"_kad_post_footer":false,"footnotes":""},"class_list":["post-8510","page","type-page","status-publish","has-post-thumbnail","hentry"],"acf":[],"rttpg_featured_image_url":{"full":["https:\/\/rocketplay-new.com\/wp-content\/uploads\/2025\/05\/planet-moolah-slot-machine-play-slot-for-free.png",936,675,false],"landscape":["https:\/\/rocketplay-new.com\/wp-content\/uploads\/2025\/05\/planet-moolah-slot-machine-play-slot-for-free.png",936,675,false],"portraits":["https:\/\/rocketplay-new.com\/wp-content\/uploads\/2025\/05\/planet-moolah-slot-machine-play-slot-for-free.png",936,675,false],"thumbnail":["https:\/\/rocketplay-new.com\/wp-content\/uploads\/2025\/05\/planet-moolah-slot-machine-play-slot-for-free-150x150.png",150,150,true],"medium":["https:\/\/rocketplay-new.com\/wp-content\/uploads\/2025\/05\/planet-moolah-slot-machine-play-slot-for-free-300x216.png",300,216,true],"large":["https:\/\/rocketplay-new.com\/wp-content\/uploads\/2025\/05\/planet-moolah-slot-machine-play-slot-for-free.png",936,675,false],"1536x1536":["https:\/\/rocketplay-new.com\/wp-content\/uploads\/2025\/05\/planet-moolah-slot-machine-play-slot-for-free.png",936,675,false],"2048x2048":["https:\/\/rocketplay-new.com\/wp-content\/uploads\/2025\/05\/planet-moolah-slot-machine-play-slot-for-free.png",936,675,false],"wppb-medium":["https:\/\/rocketplay-new.com\/wp-content\/uploads\/2025\/05\/planet-moolah-slot-machine-play-slot-for-free-600x450.png",600,450,true]},"rttpg_author":{"display_name":"John","author_link":"https:\/\/rocketplay-new.com\/ga\/author\/pemvas95n89x\/"},"rttpg_comment":0,"rttpg_category":null,"rttpg_excerpt":"Is cluiche spra\u00ed\u00fail agus corraitheach \u00e9 meais\u00edn sliot\u00e1n Planet Moolah a thugann an fheirm chun beatha ar bhealach nua ar fad. Le grafaic\u00ed beoga agus \u00e9ifeachta\u00ed fuaime siams\u00fala, iompra\u00edtear imreoir\u00ed chuig domhan ina bhfuil ba, sic\u00edn\u00ed, agus ainmhithe feirme eile ina r\u00e9alta\u00ed an tse\u00f3. T\u00e1 r\u00edleanna easghluaiseacha, spins saor in aisce, agus an deis buachan...","_links":{"self":[{"href":"https:\/\/rocketplay-new.com\/ga\/wp-json\/wp\/v2\/pages\/8510","targetHints":{"allow":["GET"]}}],"collection":[{"href":"https:\/\/rocketplay-new.com\/ga\/wp-json\/wp\/v2\/pages"}],"about":[{"href":"https:\/\/rocketplay-new.com\/ga\/wp-json\/wp\/v2\/types\/page"}],"author":[{"embeddable":true,"href":"https:\/\/rocketplay-new.com\/ga\/wp-json\/wp\/v2\/users\/1"}],"replies":[{"embeddable":true,"href":"https:\/\/rocketplay-new.com\/ga\/wp-json\/wp\/v2\/comments?post=8510"}],"version-history":[{"count":2,"href":"https:\/\/rocketplay-new.com\/ga\/wp-json\/wp\/v2\/pages\/8510\/revisions"}],"predecessor-version":[{"id":8513,"href":"https:\/\/rocketplay-new.com\/ga\/wp-json\/wp\/v2\/pages\/8510\/revisions\/8513"}],"up":[{"embeddable":true,"href":"https:\/\/rocketplay-new.com\/ga\/wp-json\/wp\/v2\/pages\/2271"}],"wp:featuredmedia":[{"embeddable":true,"href":"https:\/\/rocketplay-new.com\/ga\/wp-json\/wp\/v2\/media\/6484"}],"wp:attachment":[{"href":"https:\/\/rocketplay-new.com\/ga\/wp-json\/wp\/v2\/media?parent=8510"}],"curies":[{"name":"wp","href":"https:\/\/api.w.org\/{rel}","templated":true}]}}