{"id":8439,"date":"2025-05-28T23:39:01","date_gmt":"2025-05-28T20:39:01","guid":{"rendered":"https:\/\/rocketplay-new.com\/slot-machines\/triple-diamond\/"},"modified":"2025-07-12T01:54:14","modified_gmt":"2025-07-11T22:54:14","slug":"triple-diamond","status":"publish","type":"page","link":"https:\/\/rocketplay-new.com\/ga\/slot-machines\/triple-diamond\/","title":{"rendered":"Meais\u00edn sliot\u00e1n Triple Diamond &#8211; Imir Sliot\u00e1n Saor in Aisce"},"content":{"rendered":"<p>Is cluiche sliot\u00e1n clasaiceach tr\u00ed r\u00edl \u00e9 an meais\u00edn sliot\u00e1n Triple Diamond a thairgeann eisp\u00e9ireas imeartha simpl\u00ed ach spreag\u00fail d\u2019imreoir\u00ed. Leis na siombail\u00ed traidisi\u00fanta at\u00e1 aige cos\u00fail le sil\u00edn\u00ed, barra\u00ed, agus seachtanna, meabhra\u00edonn an meais\u00edn sliot\u00e1n seo r\u00e9 \u00f3rga na gcearrbhachas sliot\u00e1n. Is f\u00e9idir le himreoir\u00ed taitneamh a bhaint as an sceitim\u00edn\u00ed a bhaineann le sn\u00edomh na r\u00edleanna agus iarracht a dh\u00e9anamh teaglama\u00ed buacacha a fh\u00e1il chun \u00edoca\u00edochta\u00ed m\u00f3ra a thuilleamh. Agus an chuid is fearr n\u00e1 gur f\u00e9idir leat an meais\u00edn sliot\u00e1n Triple Diamond a imirt saor in aisce ar l\u00edne, rud a thugann an deis duit taith\u00ed a fh\u00e1il ar sceitim\u00edn\u00ed an chluiche \u00edoc\u00f3naigh seo gan aon riosca. Mar sin c\u00e9n f\u00e1th nach dtabharf\u00e1 casadh d\u00f3 agus f\u00e9ach an f\u00e9idir leat an pota \u00f3ir a bhualadh?<\/p>\n<div class=\"go-btn-container\"><div class=\"tosh-btn\"><a href=\"\/go-casino\/\" target=\"_blank\" rel=\"noopener\">IMIR ANOIS<\/a><\/div><\/div>\n<h2>FORBHREATHN\u00da MEAIS\u00cdN SLOT TRIPLE DIAMOND<\/h2>\n<p>Is cluiche clasaiceach agus coitianta \u00e9 an meais\u00edn sliot\u00e1n Triple Diamond i saol na gceasa\u00edneonna. Forbartha ag IGT, t\u00e1 siombail\u00ed traidisi\u00fanta ar n\u00f3s sil\u00edn\u00ed, barra\u00ed, agus seachtanna, chomh maith leis an l\u00f3g\u00f3 \u00edoc\u00f3nach Triple Diamond, sa mheais\u00edn sliot\u00e1n tr\u00ed r\u00edl, naoi l\u00edne p\u00e1 seo. T\u00e1 an cluiche aitheanta as a shimpl\u00edocht agus a \u00edoca\u00edochta\u00ed arda, agus l\u00f3g\u00f3 an Triple Diamond ag feidhmi\u00fa mar shiombail fhi\u00e1in agus mar iolraitheoir araon. Nuair a thagann siombail Triple Diamond amh\u00e1in le feice\u00e1il ar l\u00edne p\u00e1, d\u00e9antar buaiteanna an imreora a dh\u00fabailt, agus nuair a thagann dh\u00e1 shiombail Triple Diamond le feice\u00e1il ar l\u00edne p\u00e1, d\u00e9antar na buaiteanna a cheathair\u00fa. M\u00e1 bh\u00edonn an t-\u00e1dh ar imreoir tr\u00ed shiombail Triple Diamond a thabhairt i dt\u00edr ar l\u00edne p\u00e1, gheobhaidh siad an duais is airde de 1,199 oiread a ngeall tosaigh. D\u00e9anann dearadh retro agus gameplay simpl\u00ed an chluiche is fearr leis i measc imreoir\u00ed sliot\u00e1n nua agus taith\u00ed araon. Cib\u00e9 an bhfuil t\u00fa ag lorg taith\u00ed cearrbhachais nostalgic n\u00f3 ag s\u00fail le buachan go m\u00f3r, cuireann an meais\u00edn sliot\u00e1n Triple Diamond neart sceitim\u00edn\u00ed agus lua\u00edochta\u00ed f\u00e9ideartha ar f\u00e1il.<\/p>\n<p><img loading=\"lazy\" decoding=\"async\" class=\"aligncenter size-full wp-image-8416\" src=\"https:\/\/rocketplay-new.com\/wp-content\/uploads\/2025\/07\/triple-diamond-2.webp\" alt=\"Triple Diamond 2\" width=\"800\" height=\"447\" srcset=\"https:\/\/rocketplay-new.com\/wp-content\/uploads\/2025\/07\/triple-diamond-2.webp 800w, https:\/\/rocketplay-new.com\/wp-content\/uploads\/2025\/07\/triple-diamond-2-300x168.webp 300w, https:\/\/rocketplay-new.com\/wp-content\/uploads\/2025\/07\/triple-diamond-2-768x429.webp 768w\" sizes=\"auto, (max-width: 800px) 100vw, 800px\" \/><\/p>\n<h2>MEAIS\u00cdN SLOT TRIPLE DIAMOND: T\u00c9AMA, AMH\u00c1IN, AGUS CEOL<\/h2>\n<p>Is cluiche clasaiceach \u00e9 an meais\u00edn sliot\u00e1n Triple Diamond at\u00e1 coitianta i gceasa\u00edneonna le blianta fada. T\u00e1 t\u00e9ama an chluiche simpl\u00ed agus soil\u00e9ir, le siombail\u00ed cos\u00fail le diamaint, barra\u00ed, agus seachtanna ag maisi\u00fa na r\u00edleanna. T\u00e1 amharc an chluiche geal agus ildaite, le moth\u00fa retro a mheabhra\u00edonn laethanta na meais\u00edn\u00ed sliot\u00e1n traidisi\u00fanta. T\u00e1 na grafaic\u00ed g\u00e9ar agus glan, rud a fh\u00e1gann go bhfuil s\u00e9 \u00e9asca na siombail\u00ed a fheice\u00e1il agus lean\u00faint leis an imirt. T\u00e1 an ceol sa chluiche br\u00edomhar agus fuinni\u00fail, rud a chuireann leis an sceitim\u00edn\u00ed forioml\u00e1n a bhaineann le sn\u00edomh na r\u00edleanna. T\u00e1 na h\u00e9ifeachta\u00ed fuaime d\u00e9anta go maith freisin, le cling\u00edn\u00ed agus cloig\u00edn\u00ed s\u00e1s\u00fala a thugann le fios buaite agus b\u00f3nais. Tr\u00edd is tr\u00edd, is cluiche spra\u00ed\u00fail agus tarraingteach \u00e9 an meais\u00edn sliot\u00e1n Triple Diamond a thairgeann eisp\u00e9ireas clasaiceach ceasa\u00edneo le casadh nua-aimseartha.<\/p>\n<h2>CONAS MEAIS\u00cdN SLOT TRIPLE DIAMOND A IMIRT<\/h2>\n<p>Is eisp\u00e9ireas corraitheach \u00e9 an meais\u00edn sliot\u00e1n Triple Diamond a imirt ar f\u00e9idir leis buanna m\u00f3ra a bheith mar thoradh air m\u00e1 t\u00e1 a fhios agat conas \u00e9 a imirt i gceart. Chun t\u00fas a chur leis, ba mhaith leat t\u00fa f\u00e9in a chur ar an eolas faoin t\u00e1bla \u00edoca\u00edochta, ina leagtar amach na teaglama\u00ed buaiteacha \u00e9ags\u00fala agus a n-\u00edoca\u00edochta\u00ed comhfhreagracha. Ansin, beidh ort cinneadh a dh\u00e9anamh c\u00e9 mh\u00e9ad l\u00edne \u00edoca\u00edochta ar mhaith leat geall a chur orthu agus c\u00e9 mh\u00e9ad ar mhaith leat geall a chur orthu in aghaidh na l\u00edne. D\u00e1 mh\u00e9ad l\u00ednte \u00edoca\u00edochta a gheallann t\u00fa orthu, is ea is m\u00f3 do sheans buachan, ach coinnigh i gcuimhne go m\u00e9ada\u00edonn s\u00e9 seo do mh\u00e9id geallta forioml\u00e1n freisin. Nuair a bheidh do gheall socraithe agat, cas na r\u00edleanna agus fan go dt\u00ed go mbeidh na siombail\u00ed ail\u00ednithe i dteaglama\u00ed buaiteacha. Coinnigh s\u00fail amach don tsiombail Triple Diamond, mar go bhfeidhm\u00edonn s\u00e9 seo mar shiombail fhi\u00e1in agus is f\u00e9idir leis aon shiombail eile a chur in ionad aon shiombail eile chun cabhr\u00fa leat teaglama\u00ed buaiteacha a fhoirmi\u00fa. Le beag\u00e1n \u00e1dh agus strait\u00e9ise, d&#8217;fh\u00e9adf\u00e1 a bheith ar do bhealach chun an pota \u00f3ir a bhualadh ar an meais\u00edn sliot\u00e1n Triple Diamond.<\/p>\n<div class=\"go-btn-container\"><div class=\"tosh-btn\"><a href=\"\/go-casino\/\" target=\"_blank\" rel=\"noopener\">IMIR ANOIS<\/a><\/div><\/div>\n<h2>MEAS\u00c1N SLOT TRIPLE DIAMOND: ROGHANNA GEALLT\u00d3IREACHTA AGUS POITEANNACHT BUAITE<\/h2>\n<p>Is rogha coitianta i measc imreoir\u00ed \u00e9 an meais\u00edn sliot\u00e1n Triple Diamond mar gheall ar a dhearadh clasaiceach agus a phoit\u00e9inseal le haghaidh buanna m\u00f3ra. Maidir le roghanna geallt\u00f3ireachta, t\u00e1 r\u00e9imse roghanna ag imreoir\u00ed chun freastal ar a gcuid sainroghanna. Cuireann an cluiche r\u00e9imse ainmn\u00edochta\u00ed mona\u00ed ar f\u00e1il, rud a ligeann d\u2019imreoir\u00ed geall a chur chomh beag le c\u00fapla cent n\u00f3 chomh m\u00f3r le roinnt dollar in aghaidh an casadh. T\u00e1 cnaipe geall uasta sa chluiche freisin d\u00f3ibh si\u00fad at\u00e1 ag iarraidh an m\u00e9id uasta is f\u00e9idir a gheall\u00faint ar gach casadh. Maidir le cumas buaite, tugann an meais\u00edn sliot\u00e1n Triple Diamond deis d\u2019imreoir\u00ed buachan m\u00f3r lena siombail\u00ed ard-\u00edoca\u00edochta agus gn\u00e9ithe b\u00f3nais. Le tr\u00ed shiombail Triple Diamond ar an l\u00edne p\u00e1, is f\u00e9idir le himreoir\u00ed suas le 1,199 uair a ngeall tosaigh a bhuachan. Ina theannta sin, t\u00e1 siombail fhi\u00e1in sa chluiche ar f\u00e9idir l\u00e9i aon siombail eile ar na r\u00edleanna a chur in ionad chun teaglama\u00ed buaiteacha a chruth\u00fa. Tr\u00edd is tr\u00edd, cuireann an meais\u00edn sliot\u00e1n Triple Diamond eisp\u00e9ireas cearrbhachais spreag\u00fail ar f\u00e1il d\u2019imreoir\u00ed agus an cumas le haghaidh \u00edoca\u00edochta\u00ed suntasacha.<\/p>\n<p><img loading=\"lazy\" decoding=\"async\" class=\"aligncenter size-full wp-image-8406\" src=\"https:\/\/rocketplay-new.com\/wp-content\/uploads\/2025\/07\/triple-diamond-1.webp\" alt=\"Triple Diamond\" width=\"800\" height=\"433\" srcset=\"https:\/\/rocketplay-new.com\/wp-content\/uploads\/2025\/07\/triple-diamond-1.webp 800w, https:\/\/rocketplay-new.com\/wp-content\/uploads\/2025\/07\/triple-diamond-1-300x162.webp 300w, https:\/\/rocketplay-new.com\/wp-content\/uploads\/2025\/07\/triple-diamond-1-768x416.webp 768w\" sizes=\"auto, (max-width: 800px) 100vw, 800px\" \/><\/p>\n<h2>CEISTEANNA AGUS FREAGRA\u00cd COITIANTA &#8211; MEAIS\u00cdN SLOT TRIPLE DIAMOND<\/h2>\n<p>Is rogha coitianta \u00e9 an meais\u00edn sliot\u00e1n Triple Diamond i measc imreoir\u00ed ceasa\u00edneo mar gheall ar a dhearadh clasaiceach agus a chumas buanna m\u00f3ra a bhaint amach. Ceist choitianta amh\u00e1in a chuireann imreoir\u00ed go minic n\u00e1 conas a seansanna buachan ar an meais\u00edn seo a mh\u00e9ad\u00fa. C\u00e9 nach bhfuil aon bhealach cinnte ann chun bua a r\u00e1th\u00fa, is leid amh\u00e1in \u00e9 an m\u00e9id uasta creidmheasanna a gheall\u00faint chun na l\u00ednte p\u00e1 go l\u00e9ir a ghn\u00edomhacht\u00fa agus do sheansanna teaglaim bhuaiteach a bhualadh a mh\u00e9ad\u00fa. Ceist choitianta eile is ea an bhfuil aon ghn\u00e9ithe speisialta n\u00f3 babhta\u00ed b\u00f3nais ar an meais\u00edn sliot\u00e1n Triple Diamond. Ar an drochuair, n\u00edl aon bhabhta\u00ed b\u00f3nais n\u00e1 gn\u00e9ithe speisialta ag an gcluiche seo, ach is cuid d\u00e1 achomharc do go leor imreoir\u00ed simpl\u00edocht an chluiche. Tr\u00edd is tr\u00edd, is cluiche simpl\u00ed agus taitneamhach \u00e9 an meais\u00edn sliot\u00e1n Triple Diamond a thairgeann an cumas le haghaidh \u00edoca\u00edochta\u00ed m\u00f3ra d\u00f3ibh si\u00fad at\u00e1 \u00e1dh\u00fail go leor an pota \u00f3ir a bhualadh.<\/p>\n","protected":false},"excerpt":{"rendered":"<p>Is cluiche sliot\u00e1n clasaiceach tr\u00ed r\u00edl \u00e9 an meais\u00edn sliot\u00e1n Triple Diamond a thairgeann eisp\u00e9ireas imeartha simpl\u00ed ach spreag\u00fail d\u2019imreoir\u00ed. Leis na siombail\u00ed traidisi\u00fanta at\u00e1 aige cos\u00fail le sil\u00edn\u00ed, barra\u00ed, agus seachtanna, meabhra\u00edonn an meais\u00edn sliot\u00e1n seo r\u00e9 \u00f3rga na gcearrbhachas sliot\u00e1n. Is f\u00e9idir le himreoir\u00ed taitneamh a bhaint as an sceitim\u00edn\u00ed a bhaineann le&#8230;<\/p>\n","protected":false},"author":1,"featured_media":6455,"parent":2271,"menu_order":0,"comment_status":"closed","ping_status":"closed","template":"","meta":{"_acf_changed":false,"_kad_post_transparent":"default","_kad_post_title":"default","_kad_post_layout":"default","_kad_post_sidebar_id":"","_kad_post_content_style":"default","_kad_post_vertical_padding":"default","_kad_post_feature":"","_kad_post_feature_position":"","_kad_post_header":false,"_kad_post_footer":false,"footnotes":""},"class_list":["post-8439","page","type-page","status-publish","has-post-thumbnail","hentry"],"acf":[],"rttpg_featured_image_url":{"full":["https:\/\/rocketplay-new.com\/wp-content\/uploads\/2025\/05\/triple-diamond-slot-machine-play-slot-for-free.png",1502,682,false],"landscape":["https:\/\/rocketplay-new.com\/wp-content\/uploads\/2025\/05\/triple-diamond-slot-machine-play-slot-for-free.png",1502,682,false],"portraits":["https:\/\/rocketplay-new.com\/wp-content\/uploads\/2025\/05\/triple-diamond-slot-machine-play-slot-for-free.png",1502,682,false],"thumbnail":["https:\/\/rocketplay-new.com\/wp-content\/uploads\/2025\/05\/triple-diamond-slot-machine-play-slot-for-free-150x150.png",150,150,true],"medium":["https:\/\/rocketplay-new.com\/wp-content\/uploads\/2025\/05\/triple-diamond-slot-machine-play-slot-for-free-300x136.png",300,136,true],"large":["https:\/\/rocketplay-new.com\/wp-content\/uploads\/2025\/05\/triple-diamond-slot-machine-play-slot-for-free-1024x465.png",1024,465,true],"1536x1536":["https:\/\/rocketplay-new.com\/wp-content\/uploads\/2025\/05\/triple-diamond-slot-machine-play-slot-for-free.png",1502,682,false],"2048x2048":["https:\/\/rocketplay-new.com\/wp-content\/uploads\/2025\/05\/triple-diamond-slot-machine-play-slot-for-free.png",1502,682,false],"wppb-medium":["https:\/\/rocketplay-new.com\/wp-content\/uploads\/2025\/05\/triple-diamond-slot-machine-play-slot-for-free-600x450.png",600,450,true]},"rttpg_author":{"display_name":"John","author_link":"https:\/\/rocketplay-new.com\/ga\/author\/pemvas95n89x\/"},"rttpg_comment":0,"rttpg_category":null,"rttpg_excerpt":"Is cluiche sliot\u00e1n clasaiceach tr\u00ed r\u00edl \u00e9 an meais\u00edn sliot\u00e1n Triple Diamond a thairgeann eisp\u00e9ireas imeartha simpl\u00ed ach spreag\u00fail d\u2019imreoir\u00ed. Leis na siombail\u00ed traidisi\u00fanta at\u00e1 aige cos\u00fail le sil\u00edn\u00ed, barra\u00ed, agus seachtanna, meabhra\u00edonn an meais\u00edn sliot\u00e1n seo r\u00e9 \u00f3rga na gcearrbhachas sliot\u00e1n. Is f\u00e9idir le himreoir\u00ed taitneamh a bhaint as an sceitim\u00edn\u00ed a bhaineann le...","_links":{"self":[{"href":"https:\/\/rocketplay-new.com\/ga\/wp-json\/wp\/v2\/pages\/8439","targetHints":{"allow":["GET"]}}],"collection":[{"href":"https:\/\/rocketplay-new.com\/ga\/wp-json\/wp\/v2\/pages"}],"about":[{"href":"https:\/\/rocketplay-new.com\/ga\/wp-json\/wp\/v2\/types\/page"}],"author":[{"embeddable":true,"href":"https:\/\/rocketplay-new.com\/ga\/wp-json\/wp\/v2\/users\/1"}],"replies":[{"embeddable":true,"href":"https:\/\/rocketplay-new.com\/ga\/wp-json\/wp\/v2\/comments?post=8439"}],"version-history":[{"count":2,"href":"https:\/\/rocketplay-new.com\/ga\/wp-json\/wp\/v2\/pages\/8439\/revisions"}],"predecessor-version":[{"id":8442,"href":"https:\/\/rocketplay-new.com\/ga\/wp-json\/wp\/v2\/pages\/8439\/revisions\/8442"}],"up":[{"embeddable":true,"href":"https:\/\/rocketplay-new.com\/ga\/wp-json\/wp\/v2\/pages\/2271"}],"wp:featuredmedia":[{"embeddable":true,"href":"https:\/\/rocketplay-new.com\/ga\/wp-json\/wp\/v2\/media\/6455"}],"wp:attachment":[{"href":"https:\/\/rocketplay-new.com\/ga\/wp-json\/wp\/v2\/media?parent=8439"}],"curies":[{"name":"wp","href":"https:\/\/api.w.org\/{rel}","templated":true}]}}