{"id":8394,"date":"2025-05-28T23:34:10","date_gmt":"2025-05-28T20:34:10","guid":{"rendered":"https:\/\/rocketplay-new.com\/slot-machines\/quick-hit\/"},"modified":"2025-07-11T22:08:09","modified_gmt":"2025-07-11T19:08:09","slug":"quick-hit","status":"publish","type":"page","link":"https:\/\/rocketplay-new.com\/ga\/slot-machines\/quick-hit\/","title":{"rendered":"Meais\u00edn sliot\u00e1n Quick Hit &#8211; Imir Sliot\u00e1n Saor in Aisce"},"content":{"rendered":"<p>Is cluiche coitianta \u00e9 meais\u00edn sliot\u00e1n Quick Hit i measc lucht lean\u00fana ceasa\u00edneo at\u00e1 ag lorg eisp\u00e9ireas cearrbhachais tapa agus spreag\u00fail. Leis an imirt tapa agus na h\u00edoca\u00edochta\u00ed flaithi\u00fala at\u00e1 aige, is fearr leis an meais\u00edn sliot\u00e1n seo i measc imreoir\u00ed at\u00e1 ag iarraidh buachan go m\u00f3r. T\u00e1 siombail\u00ed clasaiceacha cos\u00fail le sil\u00edn\u00ed, cloig\u00edn\u00ed, agus seacht sa chluiche, mar aon le gn\u00e9ithe b\u00f3nais speisialta cos\u00fail le spins saor in aisce agus iolraitheoir\u00ed. Is f\u00e9idir le himreoir\u00ed a n-\u00e1dh a thriail ar an gcluiche seo saor in aisce, rud a ligeann d\u00f3ibh strait\u00e9is\u00ed \u00e9ags\u00fala a th\u00e1st\u00e1il agus a fheice\u00e1il an f\u00e9idir leo an pota \u00f3ir a bhualadh. Leis an imirt simpl\u00ed ach and\u00faileach at\u00e1 aige, is rud riachtanach \u00e9 meais\u00edn sliot\u00e1n Quick Hit d&#8217;aon duine at\u00e1 ag lorg eisp\u00e9ireas ceasa\u00edneo spreag\u00fail.<\/p>\n<div class=\"go-btn-container\"><div class=\"tosh-btn\"><a href=\"\/go-casino\/\" target=\"_blank\" rel=\"noopener\">IMIR ANOIS<\/a><\/div><\/div>\n<h2>FORBHREATHN\u00da MEAIS\u00cdN SLOT QUICK HIT<\/h2>\n<p>Is rogha coitianta iad meais\u00edn\u00ed sliot\u00e1n Quick Hit i measc lucht ceasa\u00edneo mar gheall ar a imirt tapa agus a ngn\u00e9ithe b\u00f3nais spreag\u00fala. De ghn\u00e1th b\u00edonn c\u00faig r\u00edl agus ill\u00ednte p\u00e1 sna cluich\u00ed seo, rud a thugann neart deiseanna d&#8217;imreoir\u00ed buachan go m\u00f3r. Is gn\u00e9 th\u00e1bhachtach sna cluich\u00ed seo \u00ed an tsiombail Quick Hit, toisc gur f\u00e9idir le roinnt acu babhta b\u00f3nais brab\u00fasach a spreagadh le spins saor in aisce agus iolraitheoir\u00ed. Le grafaic\u00ed beoga agus \u00e9ifeachta\u00ed fuaime tarraingteacha, cuireann meais\u00edn\u00ed sliot\u00e1n Quick Hit eisp\u00e9ireas cearrbhachais corraitheach ar f\u00e1il a choinn\u00edonn imreoir\u00ed ag teacht ar ais ar\u00eds. Cib\u00e9 acu is cearrbhach nua n\u00f3 taith\u00ed th\u00fa, cuireann sliot\u00e1in Quick Hit bealach spra\u00ed\u00fail agus siams\u00fail ar f\u00e1il chun do \u00e1dh a th\u00e1st\u00e1il agus b&#8217;fh\u00e9idir roinnt buaiteanna suntasacha a bhaint amach. Mar sin, an ch\u00e9ad uair eile a bheidh t\u00fa ag an gceasa\u00edneo, b\u00ed cinnte casadh a thabhairt do mheais\u00edn\u00ed sliot\u00e1n Quick Hit le deis a bheith agat an bua m\u00f3r a fh\u00e1il!<\/p>\n<p><img loading=\"lazy\" decoding=\"async\" class=\"aligncenter size-full wp-image-8361\" src=\"https:\/\/rocketplay-new.com\/wp-content\/uploads\/2025\/07\/quick-hit-2.webp\" alt=\"Quick Hit 2\" width=\"800\" height=\"361\" srcset=\"https:\/\/rocketplay-new.com\/wp-content\/uploads\/2025\/07\/quick-hit-2.webp 800w, https:\/\/rocketplay-new.com\/wp-content\/uploads\/2025\/07\/quick-hit-2-300x135.webp 300w, https:\/\/rocketplay-new.com\/wp-content\/uploads\/2025\/07\/quick-hit-2-768x347.webp 768w\" sizes=\"auto, (max-width: 800px) 100vw, 800px\" \/><\/p>\n<h2>MEAIS\u00cdN SLOT QUICK HIT: T\u00c9AMA, AMH\u00c1IN, AGUS CEOL<\/h2>\n<p>Is cluiche coitianta \u00e9 an meais\u00edn sliot\u00e1n Quick Hit a fhaightear i gceasa\u00edneonna ar fud an domhain. T\u00e1 t\u00e9ama an chluiche d\u00edrithe ar shiombail\u00ed meais\u00edn sliot\u00e1n traidisi\u00fanta ar n\u00f3s sil\u00edn\u00ed, cloig\u00edn\u00ed, agus seachtanna, le casadh nua-aimseartha. T\u00e1 amharc an chluiche geal agus ildaite, le soilse ag splancadh agus beochan a chrutha\u00edonn atmaisf\u00e9ar spreag\u00fail do na himreoir\u00ed. T\u00e1 an ceol sa chluiche fuinni\u00fail agus br\u00edomhar, rud a chuireann leis an sceitim\u00edn\u00ed forioml\u00e1n a bhaineann leis an imirt. D\u00e9anann an measc\u00e1n den t\u00e9ama, na hamharcanna, agus an ceol an meais\u00edn sliot\u00e1n Quick Hit ina eisp\u00e9ireas spra\u00ed\u00fail agus tarraingteach do na himreoir\u00ed at\u00e1 ag iarraidh a n-\u00e1dh a thriail chun buachan m\u00f3r. Cib\u00e9 acu is cearrbhach s\u00e9as\u00farach n\u00f3 imreoir \u00f3c\u00e1ideach th\u00fa, is cinnte go gcuirfidh an meais\u00edn sliot\u00e1n Quick Hit uaireanta an chloig siamsa\u00edochta ar f\u00e1il.<\/p>\n<h2>CONAS MEAIS\u00cdN SLOT QUICK HIT A IMIRT<\/h2>\n<p>Is cluiche coitianta \u00e9 an meais\u00edn sliot\u00e1n Quick Hit a fhaightear i go leor ceasa\u00edneonna agus is f\u00e9idir \u00e9 a imirt ar l\u00edne freisin. Chun an cluiche a imirt, ar dt\u00fas, n\u00ed m\u00f3r duit do mh\u00e9id geall a roghn\u00fa tr\u00ed mh\u00e9id na mona agus l\u00edon na l\u00ednte p\u00e1 ar mhaith leat geall a chur orthu a choigeart\u00fa. Nuair a bheidh do gheall socraithe agat, n\u00edl le d\u00e9anamh ach an cnaipe sn\u00edomh a bhr\u00fa chun an cluiche a thos\u00fa. Is \u00e9 an sprioc siombail\u00ed a mheaitse\u00e1il ar na l\u00ednte p\u00e1 chun duaiseanna a bhuachan. B\u00ed ag faire amach do na siombail\u00ed speisialta cos\u00fail le l\u00f3g\u00f3 Quick Hit, ar f\u00e9idir leo duaiseanna airgid l\u00e1ithreacha a bhronnadh ort n\u00f3 na babhta\u00ed b\u00f3nais a spreagadh. T\u00e1 siombail\u00ed scaipthe, siombail\u00ed fi\u00e1ine, agus sn\u00edomha\u00ed saor in aisce sa chluiche freisin chun an sceitim\u00edn\u00ed a choinne\u00e1il ag dul. Tr\u00edd is tr\u00edd, is cluiche gasta agus corraitheach \u00e9 Quick Hit a thugann an deis duaiseanna m\u00f3ra a bhuachan le gach sn\u00edomh. Bain triail as agus f\u00e9ach an f\u00e9idir leat an pota \u00f3ir a bhualadh!<\/p>\n<div class=\"go-btn-container\"><div class=\"tosh-btn\"><a href=\"\/go-casino\/\" target=\"_blank\" rel=\"noopener\">IMIR ANOIS<\/a><\/div><\/div>\n<h2>MEAIS\u00cdN SLOT QUICK HIT: ROGHANNA GEALLT\u00d3IREACHTA AGUS POIT\u00c9INSEAL BUAITE<\/h2>\n<p>Is rogha coitianta \u00e9 an meais\u00edn sliot\u00e1n Quick Hit i measc lucht ceasa\u00edneo mar gheall ar a chluiche gasta agus a ghn\u00e9ithe b\u00f3nais spreag\u00fala. Ceann de na pr\u00edomhtharraingt\u00ed a bhaineann leis an meais\u00edn sliot\u00e1n seo n\u00e1 a raon leathan roghanna geallt\u00f3ireachta, rud a ligeann d&#8217;imreoir\u00ed m\u00e9id a ngeall a shaincheapadh chun freastal ar a mbuis\u00e9ad agus a st\u00edl imeartha. Le hainmn\u00edochta\u00ed \u00f3 ch\u00fapla cent go dt\u00ed roinnt dollar in aghaidh an casadh, is f\u00e9idir le himreoir\u00ed geall a chur go coime\u00e1dach n\u00f3 dul go hioml\u00e1n isteach le haghaidh seans ar \u00edoca\u00edochta\u00ed n\u00edos m\u00f3. Cuireann an cluiche beala\u00ed \u00e9ags\u00fala ar f\u00e1il freisin chun buachan, leis an bhf\u00e9idearthacht le haghaidh \u00edoca\u00edochta\u00ed m\u00f3ra tr\u00edna bhabhta\u00ed b\u00f3nais agus a siombail\u00ed scaipthe. Le r\u00e1ta ard RTP (fillte ar an imreoir), t\u00e1 seans maith ag imreoir\u00ed cuid d\u00e1 ngeallta a bhuachan ar ais le himeacht ama, rud a fh\u00e1gann gur rogha coitianta \u00e9 an meais\u00edn sliot\u00e1n Quick Hit do chearrbhaigh \u00f3c\u00e1ideacha agus tromch\u00faiseacha araon. Cib\u00e9 acu is fearr leat imirt go s\u00e1bh\u00e1ilte n\u00f3 riosca\u00ed a ghlacadh le haghaidh seans ar lua\u00edochta\u00ed m\u00f3ra, cuireann an meais\u00edn sliot\u00e1n Quick Hit rud \u00e9igin ar f\u00e1il do gach duine.<\/p>\n<p><img loading=\"lazy\" decoding=\"async\" class=\"aligncenter size-full wp-image-8352\" src=\"https:\/\/rocketplay-new.com\/wp-content\/uploads\/2025\/07\/quick-hit-1.webp\" alt=\"Quick Hit\" width=\"800\" height=\"435\" srcset=\"https:\/\/rocketplay-new.com\/wp-content\/uploads\/2025\/07\/quick-hit-1.webp 800w, https:\/\/rocketplay-new.com\/wp-content\/uploads\/2025\/07\/quick-hit-1-300x163.webp 300w, https:\/\/rocketplay-new.com\/wp-content\/uploads\/2025\/07\/quick-hit-1-768x418.webp 768w\" sizes=\"auto, (max-width: 800px) 100vw, 800px\" \/><\/p>\n<h2>CEISTEANNA AGUS FREAGRA\u00cd COITIANTA &#8211; MEAIS\u00cdN SLOT QUICK HIT<\/h2>\n<p>Is cluiche coitianta \u00e9 meais\u00edn sliot\u00e1n Quick Hit i gceasa\u00edneonna agus i gceasa\u00edneonna ar l\u00edne araon, rud a fh\u00e1gann ceisteanna ag imreoir\u00ed go minic faoi conas a oibr\u00edonn s\u00e9. Ceist choitianta amh\u00e1in is ea conas buachan ar an meais\u00edn sliot\u00e1n Quick Hit. Is \u00e9 an eochair chun buachan ar an gcluiche seo n\u00e1 na siombail\u00ed ar na r\u00edleanna a mheaitse\u00e1il i dteaglaim bhuaiteach, le teaglaim \u00e9ags\u00fala ag tairiscint \u00edoca\u00edochta\u00ed \u00e9ags\u00fala. Ceist eile a chuirtear go minic n\u00e1 conas na babhta\u00ed b\u00f3nais a spreagadh ar an meais\u00edn sliot\u00e1n Quick Hit. Chun na babhta\u00ed b\u00f3nais a spreagadh, n\u00ed m\u00f3r d\u2019imreoir\u00ed l\u00edon \u00e1irithe siombail\u00ed scaipthe a thabhairt i dt\u00edr ar na r\u00edleanna, rud a dh\u00edghlas\u00e1lfaidh ansin spins saor in aisce n\u00f3 gn\u00e9ithe b\u00f3nais eile. Is minic a bh\u00edonn imreoir\u00ed ag smaoineamh freisin faoin gc\u00e9atad\u00e1n RTP (filleadh ar an imreoir) den mheais\u00edn sliot\u00e1n Quick Hit, a bh\u00edonn de ghn\u00e1th timpeall 94%. Tr\u00edd is tr\u00edd, is f\u00e9idir le tuiscint a fh\u00e1il ar bhunghn\u00e9ithe an chluiche agus eolas a bheith agat ar na corrlaigh buaite cabhr\u00fa le himreoir\u00ed taith\u00ed n\u00edos taitneamha\u00ed agus n\u00edos brab\u00fasa\u00ed a bheith acu leis an meais\u00edn sliot\u00e1n Quick Hit.<\/p>\n","protected":false},"excerpt":{"rendered":"<p>Is cluiche coitianta \u00e9 meais\u00edn sliot\u00e1n Quick Hit i measc lucht lean\u00fana ceasa\u00edneo at\u00e1 ag lorg eisp\u00e9ireas cearrbhachais tapa agus spreag\u00fail. Leis an imirt tapa agus na h\u00edoca\u00edochta\u00ed flaithi\u00fala at\u00e1 aige, is fearr leis an meais\u00edn sliot\u00e1n seo i measc imreoir\u00ed at\u00e1 ag iarraidh buachan go m\u00f3r. T\u00e1 siombail\u00ed clasaiceacha cos\u00fail le sil\u00edn\u00ed, cloig\u00edn\u00ed, agus&#8230;<\/p>\n","protected":false},"author":1,"featured_media":6426,"parent":2271,"menu_order":0,"comment_status":"closed","ping_status":"closed","template":"","meta":{"_acf_changed":false,"_kad_post_transparent":"default","_kad_post_title":"default","_kad_post_layout":"default","_kad_post_sidebar_id":"","_kad_post_content_style":"default","_kad_post_vertical_padding":"default","_kad_post_feature":"","_kad_post_feature_position":"","_kad_post_header":false,"_kad_post_footer":false,"footnotes":""},"class_list":["post-8394","page","type-page","status-publish","has-post-thumbnail","hentry"],"acf":[],"rttpg_featured_image_url":{"full":["https:\/\/rocketplay-new.com\/wp-content\/uploads\/2025\/05\/quick-hit-slot-machine-play-slot-for-free.png",967,677,false],"landscape":["https:\/\/rocketplay-new.com\/wp-content\/uploads\/2025\/05\/quick-hit-slot-machine-play-slot-for-free.png",967,677,false],"portraits":["https:\/\/rocketplay-new.com\/wp-content\/uploads\/2025\/05\/quick-hit-slot-machine-play-slot-for-free.png",967,677,false],"thumbnail":["https:\/\/rocketplay-new.com\/wp-content\/uploads\/2025\/05\/quick-hit-slot-machine-play-slot-for-free-150x150.png",150,150,true],"medium":["https:\/\/rocketplay-new.com\/wp-content\/uploads\/2025\/05\/quick-hit-slot-machine-play-slot-for-free-300x210.png",300,210,true],"large":["https:\/\/rocketplay-new.com\/wp-content\/uploads\/2025\/05\/quick-hit-slot-machine-play-slot-for-free.png",967,677,false],"1536x1536":["https:\/\/rocketplay-new.com\/wp-content\/uploads\/2025\/05\/quick-hit-slot-machine-play-slot-for-free.png",967,677,false],"2048x2048":["https:\/\/rocketplay-new.com\/wp-content\/uploads\/2025\/05\/quick-hit-slot-machine-play-slot-for-free.png",967,677,false],"wppb-medium":["https:\/\/rocketplay-new.com\/wp-content\/uploads\/2025\/05\/quick-hit-slot-machine-play-slot-for-free-600x450.png",600,450,true]},"rttpg_author":{"display_name":"John","author_link":"https:\/\/rocketplay-new.com\/ga\/author\/pemvas95n89x\/"},"rttpg_comment":0,"rttpg_category":null,"rttpg_excerpt":"Is cluiche coitianta \u00e9 meais\u00edn sliot\u00e1n Quick Hit i measc lucht lean\u00fana ceasa\u00edneo at\u00e1 ag lorg eisp\u00e9ireas cearrbhachais tapa agus spreag\u00fail. Leis an imirt tapa agus na h\u00edoca\u00edochta\u00ed flaithi\u00fala at\u00e1 aige, is fearr leis an meais\u00edn sliot\u00e1n seo i measc imreoir\u00ed at\u00e1 ag iarraidh buachan go m\u00f3r. T\u00e1 siombail\u00ed clasaiceacha cos\u00fail le sil\u00edn\u00ed, cloig\u00edn\u00ed, agus...","_links":{"self":[{"href":"https:\/\/rocketplay-new.com\/ga\/wp-json\/wp\/v2\/pages\/8394","targetHints":{"allow":["GET"]}}],"collection":[{"href":"https:\/\/rocketplay-new.com\/ga\/wp-json\/wp\/v2\/pages"}],"about":[{"href":"https:\/\/rocketplay-new.com\/ga\/wp-json\/wp\/v2\/types\/page"}],"author":[{"embeddable":true,"href":"https:\/\/rocketplay-new.com\/ga\/wp-json\/wp\/v2\/users\/1"}],"replies":[{"embeddable":true,"href":"https:\/\/rocketplay-new.com\/ga\/wp-json\/wp\/v2\/comments?post=8394"}],"version-history":[{"count":2,"href":"https:\/\/rocketplay-new.com\/ga\/wp-json\/wp\/v2\/pages\/8394\/revisions"}],"predecessor-version":[{"id":8397,"href":"https:\/\/rocketplay-new.com\/ga\/wp-json\/wp\/v2\/pages\/8394\/revisions\/8397"}],"up":[{"embeddable":true,"href":"https:\/\/rocketplay-new.com\/ga\/wp-json\/wp\/v2\/pages\/2271"}],"wp:featuredmedia":[{"embeddable":true,"href":"https:\/\/rocketplay-new.com\/ga\/wp-json\/wp\/v2\/media\/6426"}],"wp:attachment":[{"href":"https:\/\/rocketplay-new.com\/ga\/wp-json\/wp\/v2\/media?parent=8394"}],"curies":[{"name":"wp","href":"https:\/\/api.w.org\/{rel}","templated":true}]}}