{"id":8332,"date":"2025-05-28T23:28:31","date_gmt":"2025-05-28T20:28:31","guid":{"rendered":"https:\/\/rocketplay-new.com\/slot-machines\/wheel-of-fortune\/"},"modified":"2025-07-11T21:01:35","modified_gmt":"2025-07-11T18:01:35","slug":"wheel-of-fortune","status":"publish","type":"page","link":"https:\/\/rocketplay-new.com\/ga\/slot-machines\/wheel-of-fortune\/","title":{"rendered":"Meais\u00edn sliot\u00e1n Roth na Fortune &#8211; Imir Sliot\u00e1n Saor in Aisce"},"content":{"rendered":"<p>Is cluiche coitianta \u00e9 an meais\u00edn sliot\u00e1n Roth na Fortune a thugann deis d\u2019imreoir\u00ed duaiseanna m\u00f3ra a bhuachan. Leis an ngn\u00e9 roth \u00edoc\u00f3nach at\u00e1 aige, is f\u00e9idir le himreoir\u00ed sn\u00edomh le haghaidh seans duaiseanna airgid, spins saor in aisce, n\u00f3 fi\u00fa pota \u00f3ir for\u00e1sach a bhuachan. T\u00e1 an cluiche \u00e9asca le himirt agus cuireann s\u00e9 gameplay spreag\u00fail ar f\u00e1il lena ghrafaic\u00ed geala agus ildaite. Is f\u00e9idir le himreoir\u00ed taitneamh a bhaint as an meais\u00edn sliot\u00e1n Roth na Fortune a imirt anois saor in aisce ar l\u00edne, gan aon gh\u00e1 le haon bhogearra\u00ed a \u00edosl\u00f3d\u00e1il n\u00e1 \u00e9arlais a dh\u00e9anamh. Leis an gameplay spra\u00ed\u00fail agus siams\u00fail at\u00e1 aige, is rogha iontach \u00e9 an meais\u00edn sliot\u00e1n Roth na Fortune do na himreoir\u00ed \u00f3c\u00e1ideacha agus taith\u00ed acu araon at\u00e1 ag lorg roinnt sceitim\u00edn\u00ed agus an deis buachan go m\u00f3r.<\/p>\n<div class=\"go-btn-container\"><div class=\"tosh-btn\"><a href=\"\/go-casino\/\" target=\"_blank\" rel=\"noopener\">IMIR ANOIS<\/a><\/div><\/div>\n<h2>FORBHREATHN\u00da MEAIS\u00cdN SLOT WHEEL OF FORTUNE<\/h2>\n<p>Is cluiche coitianta agus \u00edoc\u00f3nach \u00e9 meais\u00edn sliot\u00e1n Wheel of Fortune a fhaightear i go leor ceasa\u00edneonna ar fud an domhain. T\u00e1 an cluiche bunaithe ar an se\u00f3 cluiche teilif\u00edse den ainm c\u00e9anna, \u00e1it a sn\u00edomhann imreoir\u00ed roth m\u00f3r chun airgead tirim agus duaiseanna a bhuachan. Sa leagan meais\u00edn sliot\u00e1n, sn\u00edomhann imreoir\u00ed roth f\u00edor\u00fail chun creidmheasanna, spins saor in aisce, agus babhta\u00ed b\u00f3nais a bhuachan. T\u00e1 grafaic\u00ed ildaite, \u00e9ifeachta\u00ed fuaime spreag\u00fala, agus an deis chun duaiseanna m\u00f3ra a bhuachan sa chluiche. Leis an gameplay simpl\u00ed agus an sceitim\u00edn\u00ed a bhaineann leis an roth a sn\u00edomh, is fearr le meais\u00edn sliot\u00e1n Wheel of Fortune i measc cearrbhach \u00f3c\u00e1ideach agus taith\u00ed araon. Cib\u00e9 an lucht lean\u00fana den se\u00f3 teilif\u00edse th\u00fa n\u00f3 an bhfuil t\u00fa ag lorg cluiche spra\u00ed\u00fail agus siams\u00fail le himirt, is cinnte go sol\u00e1thr\u00f3idh meais\u00edn sliot\u00e1n Wheel of Fortune uaireanta an chloig de sceitim\u00edn\u00ed agus taitneamh.<\/p>\n<p><img loading=\"lazy\" decoding=\"async\" class=\"aligncenter size-full wp-image-8308\" src=\"https:\/\/rocketplay-new.com\/wp-content\/uploads\/2025\/07\/wheel-of-fortune-2.webp\" alt=\"Wheel of Fortune 2\" width=\"800\" height=\"432\" srcset=\"https:\/\/rocketplay-new.com\/wp-content\/uploads\/2025\/07\/wheel-of-fortune-2.webp 800w, https:\/\/rocketplay-new.com\/wp-content\/uploads\/2025\/07\/wheel-of-fortune-2-300x162.webp 300w, https:\/\/rocketplay-new.com\/wp-content\/uploads\/2025\/07\/wheel-of-fortune-2-768x415.webp 768w\" sizes=\"auto, (max-width: 800px) 100vw, 800px\" \/><\/p>\n<h2>MEAIS\u00cdN SLOT WHEEL OF FORTUNE: T\u00c9AMA, AMH\u00c1IN, AGUS CEOL<\/h2>\n<p>Is cluiche coitianta \u00e9 meais\u00edn sliot\u00e1n Wheel of Fortune a fhaightear i gceasa\u00edneonna ar fud an domhain, ar a dtugtar a th\u00e9ama ildaite, amharcanna beoga, agus ceol tarraingteach. T\u00e1 t\u00e9ama an chluiche bunaithe ar an se\u00f3 cluiche teilif\u00edse coitianta den ainm c\u00e9anna, ina bhfuil an roth sn\u00edomh \u00edoc\u00f3nach a bhfuil s\u00e9 mar aidhm ag imreoir\u00ed teacht i dt\u00edr air chun duaiseanna m\u00f3ra a bhuachan. T\u00e1 amharcanna an mheais\u00edn sliot\u00e1n geal agus tarraingteach, le siombail\u00ed cos\u00fail le gluaiste\u00e1in s\u00f3, laethanta saoire, agus duaiseanna airgid ag maisi\u00fa na r\u00edleanna. Is minic a bh\u00edonn na grafaic\u00ed geal agus tarraingteach, rud a chuireann le sceitim\u00edn\u00ed an chluiche. T\u00e1 an ceol a ghabhann leis an gcluiche br\u00edomhar agus fuinni\u00fail, rud a chrutha\u00edonn atmaisf\u00e9ar beoga do na himreoir\u00ed agus iad ag sn\u00edomh na r\u00edleanna ag s\u00fail leis an bpota \u00f3ir a bhualadh. Tr\u00edd is tr\u00edd, cuireann meais\u00edn sliot\u00e1n Wheel of Fortune eisp\u00e9ireas spra\u00ed\u00fail agus siams\u00fail ar f\u00e1il do na himreoir\u00ed at\u00e1 ag lorg eisp\u00e9ireas cearrbhachais corraitheach.<\/p>\n<h2>CONAS MEAIS\u00cdN SLOT WHEEL OF FORTUNE A IMIRT<\/h2>\n<p>Is eisp\u00e9ireas corraitheach agus corraitheach \u00e9 meais\u00edn sliot\u00e1n Wheel of Fortune a imirt ar f\u00e9idir leis buanna m\u00f3ra a bheith mar thoradh air m\u00e1 t\u00e1 an t-\u00e1dh leat. Chun t\u00fas a chur leis, ar dt\u00fas, n\u00ed m\u00f3r duit meais\u00edn a roghn\u00fa agus do chuid airgid n\u00f3 tic\u00e9ad a chur isteach. Nuair a bheidh sin d\u00e9anta agat, beidh ort cinneadh a dh\u00e9anamh c\u00e9 mh\u00e9ad l\u00edne p\u00e1 ar mhaith leat geall a chur orthu agus c\u00e9 mh\u00e9ad is mian leat geall a chur in aghaidh na l\u00edne. Ansin, br\u00faigh an cnaipe sn\u00edomh agus f\u00e9ach agus na r\u00edleanna ag sn\u00edomh. M\u00e1 thuirling\u00edonn t\u00fa ar chomhcheangal buacach, gheobhaidh t\u00fa \u00edoca\u00edocht bunaithe ar an t\u00e1bla p\u00e1. Tagann an f\u00edor-sceitim\u00edn\u00ed nuair a spreagann t\u00fa an babhta b\u00f3nais, \u00e1it a bhfaigheann t\u00fa an deis an roth \u00edoc\u00f3nach a sn\u00edomh agus duaiseanna n\u00edos m\u00f3 f\u00f3s a bhuachan. Coinnigh i gcuimhne go bhf\u00e9adfadh rialacha agus gn\u00e9ithe beag\u00e1n difri\u00fala a bheith ag gach meais\u00edn, mar sin is dea-smaoineamh \u00e9 na treoracha a l\u00e9amh sula dtosa\u00edonn t\u00fa ag imirt. Tr\u00edd is tr\u00edd, is cluiche spra\u00ed\u00fail agus gasta \u00e9 an meais\u00edn sliot\u00e1n Wheel of Fortune a imirt a d\u2019fh\u00e9adfadh roinnt buanna m\u00f3ra a bheith mar thoradh air m\u00e1 t\u00e1 Lady Luck ar do thaobh.<\/p>\n<div class=\"go-btn-container\"><div class=\"tosh-btn\"><a href=\"\/go-casino\/\" target=\"_blank\" rel=\"noopener\">IMIR ANOIS<\/a><\/div><\/div>\n<h2>CEISTEANNA AGUS FREAGRA\u00cd COITIANTA &#8211; MEAIS\u00cdN SLOT WHEEL OF FORTUNE<\/h2>\n<p>Is cluiche coitianta \u00e9 meais\u00edn sliot\u00e1n Wheel of Fortune a fhaightear i go leor ceasa\u00edneonna agus ard\u00e1in chearrbhachais ar l\u00edne. Is minic a bh\u00edonn ceisteanna coitianta ag imreoir\u00ed faoi conas an cluiche a imirt agus a seansanna buachan a uasmh\u00e9ad\u00fa. Ceist choitianta amh\u00e1in is ea conas a oibr\u00edonn na babhta\u00ed b\u00f3nais ar mheais\u00edn sliot\u00e1n Wheel of Fortune. Gn\u00edomha\u00edtear na babhta\u00ed b\u00f3nais tr\u00ed thuirlingt ar shiombail\u00ed n\u00f3 teaglaim \u00e1irithe, agus b\u00edonn an deis ag imreoir\u00ed an roth \u00edoc\u00f3nach a chasadh le haghaidh seans duaiseanna m\u00f3ra a bhuachan. Ceist choitianta eile is ea an bhfuil aon strait\u00e9is\u00ed ann chun do sheansanna buachan ar mheais\u00edn sliot\u00e1n Wheel of Fortune a mh\u00e9ad\u00fa. C\u00e9 go bhfuil an cluiche bunaithe den chuid is m\u00f3 ar an \u00e1dh, creideann roinnt imreoir\u00ed gur f\u00e9idir le geall a chur ar uasmh\u00e9id creidmheasanna n\u00f3 imirt ar feadh tr\u00e9imhs\u00ed n\u00edos faide a seansanna a fheabhs\u00fa. Tr\u00edd is tr\u00edd, is cluiche spra\u00ed\u00fail agus spreag\u00fail \u00e9 meais\u00edn sliot\u00e1n Wheel of Fortune a thairgeann an deis duaiseanna m\u00f3ra a bhuachan le gach casadh.<\/p>\n<p><img loading=\"lazy\" decoding=\"async\" class=\"aligncenter size-full wp-image-8299\" src=\"https:\/\/rocketplay-new.com\/wp-content\/uploads\/2025\/07\/wheel-of-fortune-1.webp\" alt=\"Wheel of Fortune\" width=\"800\" height=\"560\" srcset=\"https:\/\/rocketplay-new.com\/wp-content\/uploads\/2025\/07\/wheel-of-fortune-1.webp 800w, https:\/\/rocketplay-new.com\/wp-content\/uploads\/2025\/07\/wheel-of-fortune-1-300x210.webp 300w, https:\/\/rocketplay-new.com\/wp-content\/uploads\/2025\/07\/wheel-of-fortune-1-768x538.webp 768w\" sizes=\"auto, (max-width: 800px) 100vw, 800px\" \/><\/p>\n<h2>CEISTEANNA AGUS FREAGRA\u00cd COITIANTA &#8211; MEAIS\u00cdN SLOT WHEEL OF FORTUNE<\/h2>\n<p>Is cluiche coitianta \u00e9 meais\u00edn sliot\u00e1n Wheel of Fortune a fhaightear i go leor ceasa\u00edneonna agus ard\u00e1in chearrbhachais ar l\u00edne. Is minic a bh\u00edonn ceisteanna coitianta ag imreoir\u00ed faoi conas an cluiche a imirt agus a seansanna buachan a uasmh\u00e9ad\u00fa. Ceist choitianta amh\u00e1in is ea conas a oibr\u00edonn na babhta\u00ed b\u00f3nais ar mheais\u00edn sliot\u00e1n Wheel of Fortune. Gn\u00edomha\u00edtear na babhta\u00ed b\u00f3nais tr\u00ed thuirlingt ar shiombail\u00ed n\u00f3 teaglaim \u00e1irithe, agus b\u00edonn an deis ag imreoir\u00ed an roth \u00edoc\u00f3nach a chasadh le haghaidh seans duaiseanna m\u00f3ra a bhuachan. Ceist choitianta eile is ea an bhfuil aon strait\u00e9is\u00ed ann chun do sheansanna buachan ar mheais\u00edn sliot\u00e1n Wheel of Fortune a mh\u00e9ad\u00fa. C\u00e9 go bhfuil an cluiche bunaithe den chuid is m\u00f3 ar an \u00e1dh, creideann roinnt imreoir\u00ed gur f\u00e9idir le geall a chur ar uasmh\u00e9id creidmheasanna n\u00f3 imirt ar feadh tr\u00e9imhs\u00ed n\u00edos faide a seansanna a fheabhs\u00fa. Tr\u00edd is tr\u00edd, is cluiche spra\u00ed\u00fail agus spreag\u00fail \u00e9 meais\u00edn sliot\u00e1n Wheel of Fortune a thairgeann an deis duaiseanna m\u00f3ra a bhuachan le gach casadh.<\/p>\n","protected":false},"excerpt":{"rendered":"<p>Is cluiche coitianta \u00e9 an meais\u00edn sliot\u00e1n Roth na Fortune a thugann deis d\u2019imreoir\u00ed duaiseanna m\u00f3ra a bhuachan. Leis an ngn\u00e9 roth \u00edoc\u00f3nach at\u00e1 aige, is f\u00e9idir le himreoir\u00ed sn\u00edomh le haghaidh seans duaiseanna airgid, spins saor in aisce, n\u00f3 fi\u00fa pota \u00f3ir for\u00e1sach a bhuachan. T\u00e1 an cluiche \u00e9asca le himirt agus cuireann s\u00e9&#8230;<\/p>\n","protected":false},"author":1,"featured_media":6397,"parent":2271,"menu_order":0,"comment_status":"closed","ping_status":"closed","template":"","meta":{"_acf_changed":false,"_kad_post_transparent":"default","_kad_post_title":"default","_kad_post_layout":"default","_kad_post_sidebar_id":"","_kad_post_content_style":"default","_kad_post_vertical_padding":"default","_kad_post_feature":"","_kad_post_feature_position":"","_kad_post_header":false,"_kad_post_footer":false,"footnotes":""},"class_list":["post-8332","page","type-page","status-publish","has-post-thumbnail","hentry"],"acf":[],"rttpg_featured_image_url":{"full":["https:\/\/rocketplay-new.com\/wp-content\/uploads\/2025\/05\/wheel-of-fortune-slot-machine-play-slot-for-free.png",893,435,false],"landscape":["https:\/\/rocketplay-new.com\/wp-content\/uploads\/2025\/05\/wheel-of-fortune-slot-machine-play-slot-for-free.png",893,435,false],"portraits":["https:\/\/rocketplay-new.com\/wp-content\/uploads\/2025\/05\/wheel-of-fortune-slot-machine-play-slot-for-free.png",893,435,false],"thumbnail":["https:\/\/rocketplay-new.com\/wp-content\/uploads\/2025\/05\/wheel-of-fortune-slot-machine-play-slot-for-free-150x150.png",150,150,true],"medium":["https:\/\/rocketplay-new.com\/wp-content\/uploads\/2025\/05\/wheel-of-fortune-slot-machine-play-slot-for-free-300x146.png",300,146,true],"large":["https:\/\/rocketplay-new.com\/wp-content\/uploads\/2025\/05\/wheel-of-fortune-slot-machine-play-slot-for-free.png",893,435,false],"1536x1536":["https:\/\/rocketplay-new.com\/wp-content\/uploads\/2025\/05\/wheel-of-fortune-slot-machine-play-slot-for-free.png",893,435,false],"2048x2048":["https:\/\/rocketplay-new.com\/wp-content\/uploads\/2025\/05\/wheel-of-fortune-slot-machine-play-slot-for-free.png",893,435,false],"wppb-medium":["https:\/\/rocketplay-new.com\/wp-content\/uploads\/2025\/05\/wheel-of-fortune-slot-machine-play-slot-for-free-600x435.png",600,435,true]},"rttpg_author":{"display_name":"John","author_link":"https:\/\/rocketplay-new.com\/ga\/author\/pemvas95n89x\/"},"rttpg_comment":0,"rttpg_category":null,"rttpg_excerpt":"Is cluiche coitianta \u00e9 an meais\u00edn sliot\u00e1n Roth na Fortune a thugann deis d\u2019imreoir\u00ed duaiseanna m\u00f3ra a bhuachan. Leis an ngn\u00e9 roth \u00edoc\u00f3nach at\u00e1 aige, is f\u00e9idir le himreoir\u00ed sn\u00edomh le haghaidh seans duaiseanna airgid, spins saor in aisce, n\u00f3 fi\u00fa pota \u00f3ir for\u00e1sach a bhuachan. T\u00e1 an cluiche \u00e9asca le himirt agus cuireann s\u00e9...","_links":{"self":[{"href":"https:\/\/rocketplay-new.com\/ga\/wp-json\/wp\/v2\/pages\/8332","targetHints":{"allow":["GET"]}}],"collection":[{"href":"https:\/\/rocketplay-new.com\/ga\/wp-json\/wp\/v2\/pages"}],"about":[{"href":"https:\/\/rocketplay-new.com\/ga\/wp-json\/wp\/v2\/types\/page"}],"author":[{"embeddable":true,"href":"https:\/\/rocketplay-new.com\/ga\/wp-json\/wp\/v2\/users\/1"}],"replies":[{"embeddable":true,"href":"https:\/\/rocketplay-new.com\/ga\/wp-json\/wp\/v2\/comments?post=8332"}],"version-history":[{"count":2,"href":"https:\/\/rocketplay-new.com\/ga\/wp-json\/wp\/v2\/pages\/8332\/revisions"}],"predecessor-version":[{"id":8335,"href":"https:\/\/rocketplay-new.com\/ga\/wp-json\/wp\/v2\/pages\/8332\/revisions\/8335"}],"up":[{"embeddable":true,"href":"https:\/\/rocketplay-new.com\/ga\/wp-json\/wp\/v2\/pages\/2271"}],"wp:featuredmedia":[{"embeddable":true,"href":"https:\/\/rocketplay-new.com\/ga\/wp-json\/wp\/v2\/media\/6397"}],"wp:attachment":[{"href":"https:\/\/rocketplay-new.com\/ga\/wp-json\/wp\/v2\/media?parent=8332"}],"curies":[{"name":"wp","href":"https:\/\/api.w.org\/{rel}","templated":true}]}}