{"id":8287,"date":"2025-05-28T23:22:05","date_gmt":"2025-05-28T20:22:05","guid":{"rendered":"https:\/\/rocketplay-new.com\/slot-machines\/ugga-bugga\/"},"modified":"2025-07-11T20:28:19","modified_gmt":"2025-07-11T17:28:19","slug":"ugga-bugga","status":"publish","type":"page","link":"https:\/\/rocketplay-new.com\/ga\/slot-machines\/ugga-bugga\/","title":{"rendered":"Meais\u00edn sliot\u00e1n Ugga Bugga &#8211; Imir Sliot\u00e1n Saor in Aisce"},"content":{"rendered":"<p>Is cluiche meais\u00edn sliot\u00e1n spra\u00ed\u00fail agus spreag\u00fail \u00e9 Ugga Bugga a thugann deis d\u2019imreoir\u00ed imirt saor in aisce. Leis an t\u00e9ama jungle ildaite agus an gameplay mealltach, is cinnte go gcoinneoidh Ugga Bugga imreoir\u00ed siamsaithe ar feadh uaireanta an chloig. T\u00e1 form\u00e1id uath\u00fail 3 r\u00edl, 10 l\u00edne sa chluiche a thugann neart deiseanna d\u2019imreoir\u00ed buachan m\u00f3r. Ina theannta sin, leis an gcumas imirt saor in aisce, is f\u00e9idir le himreoir\u00ed taitneamh a bhaint as sceitim\u00edn\u00ed Ugga Bugga gan pingin rua a chaitheamh. Mar sin, c\u00e9n f\u00e1th fanacht? Bain triail as do \u00e1dh le Ugga Bugga inniu agus f\u00e9ach an f\u00e9idir leat teacht amach ar an mbarr!<\/p>\n<div class=\"go-btn-container\"><div class=\"tosh-btn\"><a href=\"\/go-casino\/\" target=\"_blank\" rel=\"noopener\">IMIR ANOIS<\/a><\/div><\/div>\n<h2>FORBHREATHN\u00da AR MHEAS\u00c1N SL\u00d3T UGGA BUGGA<\/h2>\n<p>Is cluiche meais\u00edn sliot\u00e1n uath\u00fail agus siams\u00fail \u00e9 Ugga Bugga a chuireann eisp\u00e9ireas spra\u00ed\u00fail agus tumtha ar f\u00e1il d\u2019imreoir\u00ed. Forbartha ag Playtech, t\u00e1 t\u00e9ama jungle sa chluiche seo le grafaic\u00ed ildaite agus \u00e9ifeachta\u00ed fuaime a thugann imreoir\u00ed chuig parthas tr\u00f3paiceach. T\u00e1 an cluiche suite ar eangach 3&#215;3 le 10 l\u00edne p\u00e1, rud a thugann neart deiseanna d\u2019imreoir\u00ed buachan m\u00f3r. Ceann de na gn\u00e9ithe is suntasa\u00ed de Ugga Bugga n\u00e1 a r\u00e1ta ard RTP (filleadh ar an imreoir) de 99.07%, rud a fh\u00e1gann gurb \u00e9 ceann de na meais\u00edn\u00ed sliot\u00e1n is luachmhaire sa tionscal \u00e9. Ina theannta sin, cuireann an cluiche raon leathan roghanna geallt\u00f3ireachta ar f\u00e1il a oireann do gach cine\u00e1l imreoir\u00ed, \u00f3 imreoir\u00ed \u00f3c\u00e1ideacha go himreoir\u00ed arda. Leis an gameplay tapa agus na gn\u00e9ithe b\u00f3nais spreag\u00fala, is rud riachtanach \u00e9 Ugga Bugga d\u2019aon duine at\u00e1 ag lorg eisp\u00e9ireas meais\u00edn sliot\u00e1n corraitheach.<\/p>\n<p><img loading=\"lazy\" decoding=\"async\" class=\"aligncenter size-full wp-image-8255\" src=\"https:\/\/rocketplay-new.com\/wp-content\/uploads\/2025\/07\/ugga-bugga-slot-machine-2.webp\" alt=\"Ugga Bugga slot machine 2\" width=\"800\" height=\"384\" srcset=\"https:\/\/rocketplay-new.com\/wp-content\/uploads\/2025\/07\/ugga-bugga-slot-machine-2.webp 800w, https:\/\/rocketplay-new.com\/wp-content\/uploads\/2025\/07\/ugga-bugga-slot-machine-2-300x144.webp 300w, https:\/\/rocketplay-new.com\/wp-content\/uploads\/2025\/07\/ugga-bugga-slot-machine-2-768x369.webp 768w\" sizes=\"auto, (max-width: 800px) 100vw, 800px\" \/><\/p>\n<h2>MEAIS\u00cdN SLOT UGGA BUGGA: T\u00c9AMA, AMH\u00c1IN, AGUS CEOL<\/h2>\n<p>Is rogha coitianta \u00e9 meais\u00edn sliot\u00e1n Ugga Bugga i measc imreoir\u00ed ceasa\u00edneo ar l\u00edne mar gheall ar a th\u00e9ama uath\u00fail, amharcanna mealltacha, agus ceol tarraingteach. T\u00e1 t\u00e9ama an chluiche spreagtha ag su\u00edomh jungle treibhe, le siombail\u00ed cos\u00fail le maisc treibhe, druma\u00ed, agus tortha\u00ed tr\u00f3paiceacha ag maisi\u00fa na r\u00edleanna. T\u00e1 na hamharcanna beoga agus ildaite, rud a chrutha\u00edonn eisp\u00e9ireas cearrbhachais tumtha do na himreoir\u00ed. T\u00e1 an ceol sa chluiche br\u00edomhar agus fuinni\u00fail, rud a chuireann le sceitim\u00edn\u00ed gach casadh. D\u00e9anann an measc\u00e1n den t\u00e9ama treibhe, amharcanna iontacha, agus ceol tarraingteach rogha spra\u00ed\u00fail agus siams\u00fail den mheais\u00edn sliot\u00e1n Ugga Bugga d\u00f3ibh si\u00fad at\u00e1 ag lorg eisp\u00e9ireas cluiche sliot\u00e1n uath\u00fail agus tarraingteach. Cib\u00e9 acu imreoir s\u00e9as\u00farach th\u00fa n\u00f3 duine nua i saol na sliot\u00e1n ar l\u00edne, is cinnte go sol\u00e1thr\u00f3idh Ugga Bugga uaireanta siamsa\u00edochta agus buaiteanna brab\u00fasacha f\u00e9ideartha.<\/p>\n<h2>CONAS MEAIS\u00cdN SLOT UGGA BUGGA A IMIRT<\/h2>\n<p>Is cluiche meais\u00edn sliot\u00e1n coitianta \u00e9 Ugga Bugga at\u00e1 aitheanta as a gameplay uath\u00fail agus a \u00edoca\u00edochta\u00ed arda. Chun Ugga Bugga a imirt, n\u00ed m\u00f3r d\u2019imreoir\u00ed a m\u00e9id geall a roghn\u00fa ar dt\u00fas agus ansin na r\u00edleanna a chasadh. T\u00e1 3 r\u00edl agus 10 l\u00edne p\u00e1 sa chluiche, rud a thugann neart deiseanna d\u2019imreoir\u00ed buachan m\u00f3r. Is \u00e9 cusp\u00f3ir an chluiche siombail\u00ed a mheaitse\u00e1il ar na l\u00ednte p\u00e1 chun teaglama\u00ed buaiteacha a chruth\u00fa. I measc cuid de na siombail\u00ed sa chluiche t\u00e1 maisc treibhe, druma\u00ed agus tortha\u00ed. Chun do sheansanna buachan a mh\u00e9ad\u00fa, t\u00e1 s\u00e9 t\u00e1bhachtach t\u00fa f\u00e9in a chur ar an eolas faoin t\u00e1bla p\u00e1, a leagann amach na h\u00edoca\u00edochta\u00ed \u00e9ags\u00fala do gach siombail. Ina theannta sin, t\u00e1 gn\u00e9ithe speisialta in Ugga Bugga, amhail an ghn\u00e9 shealbhaithe, a ligeann d\u2019imreoir\u00ed r\u00edleanna \u00e1irithe a choinne\u00e1il ina n-\u00e1it don ch\u00e9ad chasadh eile. Tr\u00ed na gn\u00e9ithe agus na strait\u00e9is\u00ed seo a \u00fas\u00e1id, is f\u00e9idir le himreoir\u00ed a gcuid buaite a uasmh\u00e9ad\u00fa agus eisp\u00e9ireas spreag\u00fail agus luach saothair a bheith acu ag imirt Ugga Bugga.<\/p>\n<div class=\"go-btn-container\"><div class=\"tosh-btn\"><a href=\"\/go-casino\/\" target=\"_blank\" rel=\"noopener\">IMIR ANOIS<\/a><\/div><\/div>\n<h2>MEAIS\u00cdN SLOT UGGA BUGGA: ROGHANNA GEALLT\u00d3IREACHTA AGUS POITEANNACHT BUAITE<\/h2>\n<p>Is rogha choitianta i measc imreoir\u00ed \u00e9 meais\u00edn sliot\u00e1n Ugga Bugga mar gheall ar a roghanna geallt\u00f3ireachta uath\u00fala agus a phoit\u00e9inseal ard buaite. Le 10 l\u00edne p\u00e1 ar f\u00e1il san ioml\u00e1n, t\u00e1 an tsol\u00fabthacht ag imreoir\u00ed a ngeallta a choigeart\u00fa de r\u00e9ir a roghanna. T\u00e1 luach na mona\u00ed idir $0.01 agus $5, rud a ligeann d\u2019imreoir\u00ed geall a chur chomh beag n\u00f3 chomh m\u00f3r agus is mian leo. Ina theannta sin, is f\u00e9idir le himreoir\u00ed geall a chur ar na 10 l\u00edne p\u00e1 go l\u00e9ir chun an poit\u00e9inseal buaite is m\u00f3 a bhaint amach. T\u00e1 siombail fhi\u00e1in sa chluiche freisin ar f\u00e9idir l\u00e9i cabhr\u00fa le teaglaim bhuaiteacha a chruth\u00fa, chomh maith le babhta b\u00f3nais a thairgeann deiseanna breise chun buachan m\u00f3r. Leis an imirt spreag\u00fail agus na lua\u00edochta\u00ed brab\u00fasacha at\u00e1 aige, is rogha corraitheach \u00e9 meais\u00edn sliot\u00e1n Ugga Bugga do imreoir\u00ed nua agus taith\u00ed araon at\u00e1 ag iarraidh taith\u00ed cearrbhachais spra\u00ed\u00fail agus luach saothair a bhaint amach.<\/p>\n<p><img loading=\"lazy\" decoding=\"async\" class=\"aligncenter size-full wp-image-8246\" src=\"https:\/\/rocketplay-new.com\/wp-content\/uploads\/2025\/07\/ugga-bugga-slot-machine-1.webp\" alt=\"Ugga Bugga slot machine\" width=\"800\" height=\"592\" srcset=\"https:\/\/rocketplay-new.com\/wp-content\/uploads\/2025\/07\/ugga-bugga-slot-machine-1.webp 800w, https:\/\/rocketplay-new.com\/wp-content\/uploads\/2025\/07\/ugga-bugga-slot-machine-1-300x222.webp 300w, https:\/\/rocketplay-new.com\/wp-content\/uploads\/2025\/07\/ugga-bugga-slot-machine-1-768x568.webp 768w\" sizes=\"auto, (max-width: 800px) 100vw, 800px\" \/><\/p>\n<h2>CEISTEANNA AGUS FREAGRA\u00cd COITIANTA &#8211; MEAIS\u00cdN SLOT UGGA BUGGA<\/h2>\n<p>Is cluiche coitianta \u00e9 meais\u00edn sliot\u00e1n Ugga Bugga i measc d\u00edograiseoir\u00ed ceasa\u00edneo, ach b\u00edonn ceisteanna ag go leor imreoir\u00ed faoi conas a oibr\u00edonn an cluiche agus conas a seansanna buachan a uasmh\u00e9ad\u00fa. Ceist choitianta amh\u00e1in is ea an bhfuil strait\u00e9is ann chun Ugga Bugga a imirt. C\u00e9 nach bhfuil aon strait\u00e9is r\u00e1thaithe ann a chinnteoidh bua gach uair, is f\u00e9idir le himreoir\u00ed a seansanna a mh\u00e9ad\u00fa tr\u00edd an m\u00e9id uasta a gheall\u00faint agus leas a bhaint as aon ghn\u00e9ithe b\u00f3nais n\u00f3 siombail\u00ed speisialta. Ceist eile a bh\u00edonn ag imreoir\u00ed go minic n\u00e1 c\u00e9atad\u00e1n RTP (Filleadh ar an Imreoir) an chluiche. T\u00e1 RTP Ugga Bugga thart ar 99.07%, rud a fh\u00e1gann gur meais\u00edn sliot\u00e1n r\u00e9as\u00fanta ard-\u00edoctha \u00e9 i gcompar\u00e1id le cinn eile sa cheasa\u00edneo. Ina theannta sin, is minic a fhiafra\u00edonn imreoir\u00ed an bhfuil aon leideanna n\u00f3 cleasanna ann chun buachan go m\u00f3r ar Ugga Bugga. I measc roinnt leideanna le haghaidh rath t\u00e1 buis\u00e9ad a shocr\u00fa agus clo\u00ed leis, imirt ag an ngeall uasta chun \u00edoca\u00edochta\u00ed f\u00e9ideartha a mh\u00e9ad\u00fa, agus sosanna a ghlacadh chun d\u00f3ite amach a sheachaint. Tr\u00ed na leideanna agus na strait\u00e9is\u00ed seo a lean\u00faint, is f\u00e9idir le himreoir\u00ed taitneamh a bhaint as gameplay spreag\u00fail Ugga Bugga agus b&#8217;fh\u00e9idir si\u00fal amach le roinnt buaiteanna suntasacha.<\/p>\n","protected":false},"excerpt":{"rendered":"<p>Is cluiche meais\u00edn sliot\u00e1n spra\u00ed\u00fail agus spreag\u00fail \u00e9 Ugga Bugga a thugann deis d\u2019imreoir\u00ed imirt saor in aisce. Leis an t\u00e9ama jungle ildaite agus an gameplay mealltach, is cinnte go gcoinneoidh Ugga Bugga imreoir\u00ed siamsaithe ar feadh uaireanta an chloig. T\u00e1 form\u00e1id uath\u00fail 3 r\u00edl, 10 l\u00edne sa chluiche a thugann neart deiseanna d\u2019imreoir\u00ed buachan&#8230;<\/p>\n","protected":false},"author":1,"featured_media":6368,"parent":2271,"menu_order":0,"comment_status":"closed","ping_status":"closed","template":"single-no-sidebar.php","meta":{"_acf_changed":false,"_kad_post_transparent":"default","_kad_post_title":"default","_kad_post_layout":"default","_kad_post_sidebar_id":"","_kad_post_content_style":"default","_kad_post_vertical_padding":"default","_kad_post_feature":"","_kad_post_feature_position":"","_kad_post_header":false,"_kad_post_footer":false,"footnotes":""},"class_list":["post-8287","page","type-page","status-publish","has-post-thumbnail","hentry"],"acf":[],"rttpg_featured_image_url":{"full":["https:\/\/rocketplay-new.com\/wp-content\/uploads\/2025\/05\/ugga-bugga-slot-machine-play-slot-for-free.png",1041,613,false],"landscape":["https:\/\/rocketplay-new.com\/wp-content\/uploads\/2025\/05\/ugga-bugga-slot-machine-play-slot-for-free.png",1041,613,false],"portraits":["https:\/\/rocketplay-new.com\/wp-content\/uploads\/2025\/05\/ugga-bugga-slot-machine-play-slot-for-free.png",1041,613,false],"thumbnail":["https:\/\/rocketplay-new.com\/wp-content\/uploads\/2025\/05\/ugga-bugga-slot-machine-play-slot-for-free-150x150.png",150,150,true],"medium":["https:\/\/rocketplay-new.com\/wp-content\/uploads\/2025\/05\/ugga-bugga-slot-machine-play-slot-for-free-300x177.png",300,177,true],"large":["https:\/\/rocketplay-new.com\/wp-content\/uploads\/2025\/05\/ugga-bugga-slot-machine-play-slot-for-free-1024x603.png",1024,603,true],"1536x1536":["https:\/\/rocketplay-new.com\/wp-content\/uploads\/2025\/05\/ugga-bugga-slot-machine-play-slot-for-free.png",1041,613,false],"2048x2048":["https:\/\/rocketplay-new.com\/wp-content\/uploads\/2025\/05\/ugga-bugga-slot-machine-play-slot-for-free.png",1041,613,false],"wppb-medium":["https:\/\/rocketplay-new.com\/wp-content\/uploads\/2025\/05\/ugga-bugga-slot-machine-play-slot-for-free-600x450.png",600,450,true]},"rttpg_author":{"display_name":"John","author_link":"https:\/\/rocketplay-new.com\/ga\/author\/pemvas95n89x\/"},"rttpg_comment":0,"rttpg_category":null,"rttpg_excerpt":"Is cluiche meais\u00edn sliot\u00e1n spra\u00ed\u00fail agus spreag\u00fail \u00e9 Ugga Bugga a thugann deis d\u2019imreoir\u00ed imirt saor in aisce. Leis an t\u00e9ama jungle ildaite agus an gameplay mealltach, is cinnte go gcoinneoidh Ugga Bugga imreoir\u00ed siamsaithe ar feadh uaireanta an chloig. T\u00e1 form\u00e1id uath\u00fail 3 r\u00edl, 10 l\u00edne sa chluiche a thugann neart deiseanna d\u2019imreoir\u00ed buachan...","_links":{"self":[{"href":"https:\/\/rocketplay-new.com\/ga\/wp-json\/wp\/v2\/pages\/8287","targetHints":{"allow":["GET"]}}],"collection":[{"href":"https:\/\/rocketplay-new.com\/ga\/wp-json\/wp\/v2\/pages"}],"about":[{"href":"https:\/\/rocketplay-new.com\/ga\/wp-json\/wp\/v2\/types\/page"}],"author":[{"embeddable":true,"href":"https:\/\/rocketplay-new.com\/ga\/wp-json\/wp\/v2\/users\/1"}],"replies":[{"embeddable":true,"href":"https:\/\/rocketplay-new.com\/ga\/wp-json\/wp\/v2\/comments?post=8287"}],"version-history":[{"count":2,"href":"https:\/\/rocketplay-new.com\/ga\/wp-json\/wp\/v2\/pages\/8287\/revisions"}],"predecessor-version":[{"id":8290,"href":"https:\/\/rocketplay-new.com\/ga\/wp-json\/wp\/v2\/pages\/8287\/revisions\/8290"}],"up":[{"embeddable":true,"href":"https:\/\/rocketplay-new.com\/ga\/wp-json\/wp\/v2\/pages\/2271"}],"wp:featuredmedia":[{"embeddable":true,"href":"https:\/\/rocketplay-new.com\/ga\/wp-json\/wp\/v2\/media\/6368"}],"wp:attachment":[{"href":"https:\/\/rocketplay-new.com\/ga\/wp-json\/wp\/v2\/media?parent=8287"}],"curies":[{"name":"wp","href":"https:\/\/api.w.org\/{rel}","templated":true}]}}