{"id":8225,"date":"2025-05-28T23:15:53","date_gmt":"2025-05-28T20:15:53","guid":{"rendered":"https:\/\/rocketplay-new.com\/slot-machines\/double-diamond\/"},"modified":"2025-07-11T19:41:32","modified_gmt":"2025-07-11T16:41:32","slug":"double-diamond","status":"publish","type":"page","link":"https:\/\/rocketplay-new.com\/ga\/slot-machines\/double-diamond\/","title":{"rendered":"Meais\u00edn sliot\u00e1n Double Diamond &#8211; Imir Sliot\u00e1n Saor in Aisce"},"content":{"rendered":"<p>Is cluiche clasaiceach \u00e9 an meais\u00edn sliot\u00e1n Double Diamond at\u00e1 ina rogha iontach i measc lucht ceasa\u00edneo le blianta. Leis an dearadh simpl\u00ed agus an gameplay at\u00e1 \u00e9asca le tuiscint, t\u00e1 an meais\u00edn sliot\u00e1n seo foirfe do thosaitheoir\u00ed agus d\u2019imreoir\u00ed a bhfuil taith\u00ed acu araon. T\u00e1 siombail\u00ed traidisi\u00fanta sa chluiche ar n\u00f3s sil\u00edn\u00ed, barra\u00ed, agus seachtanna, chomh maith leis an tsiombail \u00edoc\u00f3nach diamant d\u00fabailte ar f\u00e9idir l\u00e9i buanna m\u00f3ra a thabhairt. Is f\u00e9idir le himreoir\u00ed a n-\u00e1dh a thriail ar an meais\u00edn sliot\u00e1n coitianta seo saor in aisce, rud a ligeann d\u00f3ibh taith\u00ed a fh\u00e1il ar an sceitim\u00edn\u00ed a bhaineann le sn\u00edomh na r\u00edleanna gan aon airgead a chur i mbaol. Cib\u00e9 an bhfuil t\u00fa ag lorg eisp\u00e9ireas cearrbhachais nostalgic n\u00f3 m\u00e1s mian leat do \u00e1dh a thriail, is rogha spra\u00ed\u00fail agus spreag\u00fail \u00e9 an meais\u00edn sliot\u00e1n Double Diamond do gach imreoir.<\/p>\n<div class=\"go-btn-container\"><div class=\"tosh-btn\"><a href=\"\/go-casino\/\" target=\"_blank\" rel=\"noopener\">IMIR ANOIS<\/a><\/div><\/div>\n<h2>FORBHREATHN\u00da MEAIS\u00cdN SLOT DOUBLE DIAMOND<\/h2>\n<p>Is cluiche clasaiceach agus coitianta \u00e9 an meais\u00edn sliot\u00e1n Double Diamond at\u00e1 ina st\u00e1placha i gceasa\u00edneonna le blianta fada. T\u00e1 dearadh simpl\u00ed agus soil\u00e9ir ag an meais\u00edn sliot\u00e1n seo le tr\u00ed r\u00edl agus l\u00edne p\u00e1 amh\u00e1in, rud a fh\u00e1gann go bhfuil s\u00e9 \u00e9asca d&#8217;imreoir\u00ed a thuiscint agus a imirt. T\u00e1 t\u00e9ama an chluiche bunaithe ar mheais\u00edn\u00ed sliot\u00e1n traidisi\u00fanta, le siombail\u00ed clasaiceacha ar n\u00f3s sil\u00edn\u00ed, barra\u00ed, agus seachtanna. Is \u00ed an tsiombail Double Diamond an ceann is luachmhaire sa chluiche, ag gn\u00edomh\u00fa mar fhi\u00e1in agus mar iolraitheoir araon, ag d\u00fabailt \u00edoca\u00edocht aon teaglaim bhuaiteach a bhfuil s\u00e9 mar chuid de. Leis an gcuma agus an moth\u00fa seanr\u00e9 at\u00e1 air, t\u00e1 an meais\u00edn sliot\u00e1n Double Diamond tarraingteach do imreoir\u00ed nua agus taith\u00ed araon at\u00e1 ag lorg taith\u00ed cearrbhachais nostalgic agus siams\u00fail. D\u00e9anann acmhainneacht ard \u00edoca\u00edochta an chluiche agus an gameplay spreag\u00fail rogha coitianta de i measc lucht ceasa\u00edneo at\u00e1 ag lorg taith\u00ed meais\u00edn sliot\u00e1n spra\u00ed\u00fail agus luachmhar.<\/p>\n<p><img loading=\"lazy\" decoding=\"async\" class=\"aligncenter size-full wp-image-8193\" src=\"https:\/\/rocketplay-new.com\/wp-content\/uploads\/2025\/07\/double-diamond-slot-machine-1.webp\" alt=\"Double Diamond slot machine \" width=\"800\" height=\"370\" srcset=\"https:\/\/rocketplay-new.com\/wp-content\/uploads\/2025\/07\/double-diamond-slot-machine-1.webp 800w, https:\/\/rocketplay-new.com\/wp-content\/uploads\/2025\/07\/double-diamond-slot-machine-1-300x139.webp 300w, https:\/\/rocketplay-new.com\/wp-content\/uploads\/2025\/07\/double-diamond-slot-machine-1-768x355.webp 768w\" sizes=\"auto, (max-width: 800px) 100vw, 800px\" \/><\/p>\n<h2>MEAIS\u00cdN SLOT DOUBLE DIAMOND: T\u00c9AMA, AMHAIRC, AGUS CEOL<\/h2>\n<p>Is cluiche clasaiceach agus \u00edoc\u00f3nach \u00e9 an meais\u00edn sliot\u00e1n Double Diamond a sheas t\u00e1st\u00e1il ama i saol na gcearrbhachas ceasa\u00edneo. T\u00e1 t\u00e9ama an chluiche simpl\u00ed ach tarraingteach, le diamaint lonracha agus siombail\u00ed sliot\u00e1n traidisi\u00fanta cos\u00fail le sil\u00edn\u00ed agus barra\u00ed. T\u00e1 amharc an chluiche g\u00e9ar agus glan, le sc\u00e9im dathanna beoga a thagann chun solais \u00f3n sc\u00e1ile\u00e1n. Lonra\u00edonn agus lonra\u00edonn na diamaint agus iad ag sn\u00edomh ar na r\u00edleanna, ag cur teagmh\u00e1il glamour leis an aeist\u00e9itic ioml\u00e1n. Is cuid l\u00e1rnach \u00e9 ceol an chluiche freisin, le foinn bhr\u00edomhara agus fhuinni\u00fala a chrutha\u00edonn moth\u00fa sceitim\u00edn\u00ed agus r\u00e9amhshuime agus imreoir\u00ed ag sn\u00edomh na r\u00edleanna. Oibr\u00edonn an measc\u00e1n den t\u00e9ama, den amharc, agus den cheol le ch\u00e9ile chun eisp\u00e9ireas cearrbhachais tarraingteach agus tumtha a chruth\u00fa a choinn\u00edonn imreoir\u00ed ag teacht ar ais le haghaidh n\u00edos m\u00f3.<\/p>\n<h2>CONAS MEAIS\u00cdN SLOT DOUBLE DIAMOND A IMIRT<\/h2>\n<p>Chun an meais\u00edn sliot\u00e1n Double Diamond a imirt, n\u00ed m\u00f3r d\u2019imreoir\u00ed a gcuid airgid n\u00f3 creidmheasanna ceasa\u00edneo a chur isteach sa mheais\u00edn ar dt\u00fas. Nuair a bheidh na creidmheasanna luchtaithe, is f\u00e9idir le himreoir\u00ed an m\u00e9id is mian leo a gheall\u00faint in aghaidh an casadh a roghn\u00fa tr\u00edd an l\u00edon cu\u00ed creidmheasanna a roghn\u00fa. T\u00e1 tr\u00ed r\u00edl sa chluiche le siombail\u00ed \u00e9ags\u00fala ar n\u00f3s diamaint, barra\u00ed, agus sil\u00edn\u00ed. Chun buachan, n\u00ed m\u00f3r d\u2019imreoir\u00ed tr\u00ed cinn de na siombail\u00ed c\u00e9anna a mheaitse\u00e1il ar an l\u00edne p\u00e1 l\u00e1rnach. Feidhm\u00edonn an tsiombail Diamond D\u00fabailte mar fhi\u00e1in agus is f\u00e9idir \u00ed a chur in ionad aon siombail eile chun cabhr\u00fa le teaglaim bhuaiteacha a chruth\u00fa. Ina theannta sin, m\u00e1 thuirling\u00edonn t\u00fa dh\u00e1 shiombail Diamond D\u00fabailte ar an l\u00edne p\u00e1, m\u00e9ad\u00f3idh t\u00fa an bua faoi cheathair, agus m\u00e1 thuirling\u00edonn t\u00fa siombail Diamond D\u00fabailte amh\u00e1in, d\u00fabl\u00f3idh t\u00fa an bua. Cuireann an cluiche duaischiste de 1,000 creidi\u00faint ar f\u00e1il freisin as tr\u00ed shiombail Diamond D\u00fabailte a thuirlingt ar an l\u00edne p\u00e1. Tr\u00edd is tr\u00edd, t\u00e1 s\u00e9 simpl\u00ed agus soil\u00e9ir an meais\u00edn sliot\u00e1n Diamond D\u00fabailte a imirt, rud a fh\u00e1gann gur rogha coitianta \u00e9 do na himreoir\u00ed nua agus taith\u00ed araon.<\/p>\n<div class=\"go-btn-container\"><div class=\"tosh-btn\"><a href=\"\/go-casino\/\" target=\"_blank\" rel=\"noopener\">IMIR ANOIS<\/a><\/div><\/div>\n<h2>MEAIS\u00cdN SLOT DOUBLE DIAMOND: ROGHANNA GEALLT\u00d3IREACHTA AGUS POITEANNA BUAITE<\/h2>\n<p>Is cluiche clasaiceach agus coitianta \u00e9 an meais\u00edn sliot\u00e1n Double Diamond i saol na gceasa\u00edneonna, ar a dtugtar a shimpl\u00edocht agus a phoit\u00e9inseal le haghaidh buaiteanna m\u00f3ra. Maidir le roghanna geallt\u00f3ireachta, t\u00e1 an rogha ag imreoir\u00ed geall a chur ar chreidmheas amh\u00e1in, dh\u00e1 cheann, n\u00f3 tr\u00ed chreidmheas in aghaidh an casadh. D\u00e1 mh\u00e9ad creidmheasanna a gheallann t\u00fa, is airde a bheidh do bhuaiteanna f\u00e9ideartha. Le geall uasta de thr\u00ed chreidmheas, t\u00e1 an deis ag imreoir\u00ed suas le 2500 bonn a bhuachan le haghaidh casadh aonair. Is \u00e9 an tsiombail Double Diamond an eochair chun na h\u00edoca\u00edochta\u00ed is m\u00f3 sa chluiche a dh\u00edghlas\u00e1il, agus teaglaim de thr\u00ed cinn de na siombail\u00ed seo ar an l\u00edne p\u00e1 a eascra\u00edonn sa phr\u00edomhdhuais. Ina theannta sin, cuireann an cluiche siombail fhi\u00e1in ar f\u00e1il ar f\u00e9idir l\u00e9i aon siombail eile ar na r\u00edleanna a chur in ionad, rud a mh\u00e9ada\u00edonn na seansanna teaglama\u00ed buaiteacha a chruth\u00fa. Tr\u00edd is tr\u00edd, cuireann an meais\u00edn sliot\u00e1n Double Diamond r\u00e9imse roghanna geallt\u00f3ireachta agus an poit\u00e9inseal le haghaidh buaiteanna brab\u00fasacha ar f\u00e1il d\u2019imreoir\u00ed, rud a fh\u00e1gann gur rogha coitianta \u00e9 i measc imreoir\u00ed nua agus taith\u00ed araon.<\/p>\n<p><img loading=\"lazy\" decoding=\"async\" class=\"aligncenter size-full wp-image-8202\" src=\"https:\/\/rocketplay-new.com\/wp-content\/uploads\/2025\/07\/double-diamond-slot-machine-2.webp\" alt=\"Double Diamond slot machine 2\" width=\"800\" height=\"575\" srcset=\"https:\/\/rocketplay-new.com\/wp-content\/uploads\/2025\/07\/double-diamond-slot-machine-2.webp 800w, https:\/\/rocketplay-new.com\/wp-content\/uploads\/2025\/07\/double-diamond-slot-machine-2-300x216.webp 300w, https:\/\/rocketplay-new.com\/wp-content\/uploads\/2025\/07\/double-diamond-slot-machine-2-768x552.webp 768w\" sizes=\"auto, (max-width: 800px) 100vw, 800px\" \/><\/p>\n<h2>CEISTEANNA AGUS FREAGRA\u00cd COITIANTA &#8211; MEAIS\u00cdN SLOT DOUBLE DIAMOND<\/h2>\n<p>Is cluiche clasaiceach coitianta \u00e9 an meais\u00edn sliot\u00e1n Double Diamond at\u00e1 le f\u00e1il i go leor ceasa\u00edneonna agus ard\u00e1in cearrbhachais ar l\u00edne. Ceist choitianta amh\u00e1in a bh\u00edonn ag imreoir\u00ed n\u00e1 conas buachan go m\u00f3r ar an meais\u00edn sliot\u00e1n seo. Is \u00e9 an freagra ar seo n\u00e1 gurb \u00e9 an eochair chun buachan go m\u00f3r ar an meais\u00edn sliot\u00e1n Double Diamond n\u00e1 an l\u00edon uasta creidmheasanna a gheall\u00faint ar gach casadh. M\u00e9ada\u00edonn s\u00e9 seo do sheans an pota \u00f3ir a bhualadh, arb \u00e9 an \u00edoca\u00edocht is airde ar an meais\u00edn. Ceist choitianta eile is ea an bhfuil aon strait\u00e9is\u00ed ann chun do sheans buachan a mh\u00e9ad\u00fa. C\u00e9 nach bhfuil aon strait\u00e9is r\u00e1thaithe ann chun buachan ar mheais\u00edn\u00ed sliot\u00e1n, creideann roinnt imreoir\u00ed i strait\u00e9is\u00ed amhail imirt ag amanna \u00e1irithe den l\u00e1 n\u00f3 patr\u00fan geallt\u00f3ireachta ar leith a \u00fas\u00e1id. Sa deireadh thiar, braitheann buachan ar an meais\u00edn sliot\u00e1n Double Diamond ar an \u00e1dh agus ar an seans, mar sin t\u00e1 s\u00e9 t\u00e1bhachtach imirt go freagrach agus gan ach geall a chur ar an m\u00e9id is f\u00e9idir leat a chailleadh.<\/p>\n","protected":false},"excerpt":{"rendered":"<p>Is cluiche clasaiceach \u00e9 an meais\u00edn sliot\u00e1n Double Diamond at\u00e1 ina rogha iontach i measc lucht ceasa\u00edneo le blianta. Leis an dearadh simpl\u00ed agus an gameplay at\u00e1 \u00e9asca le tuiscint, t\u00e1 an meais\u00edn sliot\u00e1n seo foirfe do thosaitheoir\u00ed agus d\u2019imreoir\u00ed a bhfuil taith\u00ed acu araon. T\u00e1 siombail\u00ed traidisi\u00fanta sa chluiche ar n\u00f3s sil\u00edn\u00ed, barra\u00ed, agus&#8230;<\/p>\n","protected":false},"author":1,"featured_media":6339,"parent":2271,"menu_order":0,"comment_status":"closed","ping_status":"closed","template":"","meta":{"_acf_changed":false,"_kad_post_transparent":"default","_kad_post_title":"default","_kad_post_layout":"default","_kad_post_sidebar_id":"","_kad_post_content_style":"default","_kad_post_vertical_padding":"default","_kad_post_feature":"","_kad_post_feature_position":"","_kad_post_header":false,"_kad_post_footer":false,"footnotes":""},"class_list":["post-8225","page","type-page","status-publish","has-post-thumbnail","hentry"],"acf":[],"rttpg_featured_image_url":{"full":["https:\/\/rocketplay-new.com\/wp-content\/uploads\/2025\/05\/double-diamond-slot-machine-play-slot-for-free.png",1535,723,false],"landscape":["https:\/\/rocketplay-new.com\/wp-content\/uploads\/2025\/05\/double-diamond-slot-machine-play-slot-for-free.png",1535,723,false],"portraits":["https:\/\/rocketplay-new.com\/wp-content\/uploads\/2025\/05\/double-diamond-slot-machine-play-slot-for-free.png",1535,723,false],"thumbnail":["https:\/\/rocketplay-new.com\/wp-content\/uploads\/2025\/05\/double-diamond-slot-machine-play-slot-for-free-150x150.png",150,150,true],"medium":["https:\/\/rocketplay-new.com\/wp-content\/uploads\/2025\/05\/double-diamond-slot-machine-play-slot-for-free-300x141.png",300,141,true],"large":["https:\/\/rocketplay-new.com\/wp-content\/uploads\/2025\/05\/double-diamond-slot-machine-play-slot-for-free-1024x482.png",1024,482,true],"1536x1536":["https:\/\/rocketplay-new.com\/wp-content\/uploads\/2025\/05\/double-diamond-slot-machine-play-slot-for-free.png",1535,723,false],"2048x2048":["https:\/\/rocketplay-new.com\/wp-content\/uploads\/2025\/05\/double-diamond-slot-machine-play-slot-for-free.png",1535,723,false],"wppb-medium":["https:\/\/rocketplay-new.com\/wp-content\/uploads\/2025\/05\/double-diamond-slot-machine-play-slot-for-free-600x450.png",600,450,true]},"rttpg_author":{"display_name":"John","author_link":"https:\/\/rocketplay-new.com\/ga\/author\/pemvas95n89x\/"},"rttpg_comment":0,"rttpg_category":null,"rttpg_excerpt":"Is cluiche clasaiceach \u00e9 an meais\u00edn sliot\u00e1n Double Diamond at\u00e1 ina rogha iontach i measc lucht ceasa\u00edneo le blianta. Leis an dearadh simpl\u00ed agus an gameplay at\u00e1 \u00e9asca le tuiscint, t\u00e1 an meais\u00edn sliot\u00e1n seo foirfe do thosaitheoir\u00ed agus d\u2019imreoir\u00ed a bhfuil taith\u00ed acu araon. T\u00e1 siombail\u00ed traidisi\u00fanta sa chluiche ar n\u00f3s sil\u00edn\u00ed, barra\u00ed, agus...","_links":{"self":[{"href":"https:\/\/rocketplay-new.com\/ga\/wp-json\/wp\/v2\/pages\/8225","targetHints":{"allow":["GET"]}}],"collection":[{"href":"https:\/\/rocketplay-new.com\/ga\/wp-json\/wp\/v2\/pages"}],"about":[{"href":"https:\/\/rocketplay-new.com\/ga\/wp-json\/wp\/v2\/types\/page"}],"author":[{"embeddable":true,"href":"https:\/\/rocketplay-new.com\/ga\/wp-json\/wp\/v2\/users\/1"}],"replies":[{"embeddable":true,"href":"https:\/\/rocketplay-new.com\/ga\/wp-json\/wp\/v2\/comments?post=8225"}],"version-history":[{"count":2,"href":"https:\/\/rocketplay-new.com\/ga\/wp-json\/wp\/v2\/pages\/8225\/revisions"}],"predecessor-version":[{"id":8228,"href":"https:\/\/rocketplay-new.com\/ga\/wp-json\/wp\/v2\/pages\/8225\/revisions\/8228"}],"up":[{"embeddable":true,"href":"https:\/\/rocketplay-new.com\/ga\/wp-json\/wp\/v2\/pages\/2271"}],"wp:featuredmedia":[{"embeddable":true,"href":"https:\/\/rocketplay-new.com\/ga\/wp-json\/wp\/v2\/media\/6339"}],"wp:attachment":[{"href":"https:\/\/rocketplay-new.com\/ga\/wp-json\/wp\/v2\/media?parent=8225"}],"curies":[{"name":"wp","href":"https:\/\/api.w.org\/{rel}","templated":true}]}}