{"id":8180,"date":"2025-05-28T23:10:55","date_gmt":"2025-05-28T20:10:55","guid":{"rendered":"https:\/\/rocketplay-new.com\/slot-machines\/megabucks\/"},"modified":"2025-07-11T12:27:14","modified_gmt":"2025-07-11T09:27:14","slug":"megabucks","status":"publish","type":"page","link":"https:\/\/rocketplay-new.com\/ga\/slot-machines\/megabucks\/","title":{"rendered":"Meais\u00edn sliot\u00e1n Megabucks &#8211; Imir Sliot\u00e1n Saor in Aisce"},"content":{"rendered":"<p>T\u00e1 meais\u00edn sliot\u00e1n Megabucks ar cheann de na meais\u00edn\u00ed sliot\u00e1n is m\u00f3 t\u00f3ir agus is \u00edoc\u00f3na\u00ed i gceasa\u00edneonna ar fud an domhain. Ar a dtugtar as a phota\u00ed \u00f3ir ollmh\u00f3ra agus a chluiche spreag\u00fail, tugann meais\u00edn sliot\u00e1n Megabucks deis do na himreoir\u00ed buachan m\u00f3r le casadh amh\u00e1in. Leis an dearadh gal\u00e1nta agus an comh\u00e9adan at\u00e1 furasta le h\u00fas\u00e1id, is f\u00e9idir le himreoir\u00ed nasclean\u00faint a dh\u00e9anamh go h\u00e9asca tr\u00edd an gcluiche agus taitneamh a bhaint as an sceitim\u00edn\u00ed a bhaineann leis an bpota \u00f3ir a bhualadh. Agus an chuid is fearr? Is f\u00e9idir leat meais\u00edn sliot\u00e1n Megabucks a imirt anois saor in aisce ar l\u00edne, rud a thugann an deis duit an sceitim\u00edn\u00ed agus na h\u00edoca\u00edochta\u00ed f\u00e9ideartha a fh\u00e1il gan pingin rua a chaitheamh. Mar sin, c\u00e9n f\u00e1th fanacht? Bain triail as do \u00e1dh ar mheais\u00edn sliot\u00e1n Megabucks inniu agus f\u00e9ach an bhfuil an m\u00e9id at\u00e1 de dh\u00edth ort chun an pota \u00f3ir m\u00f3r a bhualadh!<\/p>\n<div class=\"go-btn-container\"><div class=\"tosh-btn\"><a href=\"\/go-casino\/\" target=\"_blank\" rel=\"noopener\">IMIR ANOIS<\/a><\/div><\/div>\n<h2>FORBHREATHN\u00da MEAIS\u00cdN SLOT\u00c1N MEGABUCKS<\/h2>\n<p>T\u00e1 meais\u00edn sliot\u00e1n Megabucks ar cheann de na meais\u00edn\u00ed sliot\u00e1n is c\u00e1ili\u00fala agus is m\u00f3 t\u00f3ir i gceasa\u00edneonna ar fud an domhain. Ar a dtugtar as a phota \u00f3ir for\u00e1sach ollmh\u00f3r, t\u00e1 an cumas ag an meais\u00edn Megabucks imreoir\u00ed a dh\u00e9anamh ina milli\u00fanaithe l\u00e1ithreach le casadh \u00e1dh\u00fail amh\u00e1in. T\u00e1 coincheap an chluiche simpl\u00ed &#8211; n\u00ed m\u00f3r d&#8217;imreoir\u00ed an m\u00e9id uasta a gheall\u00faint agus an teaglaim cheart siombail\u00ed a ail\u00edni\u00fa chun an pota \u00f3ir a bhuachan. Tosa\u00edonn an pota \u00f3ir ag $10 milli\u00fan agus leanann s\u00e9 ag f\u00e1s go dt\u00ed go mbuaitear \u00e9, ag sroicheadh \u200b\u200b\u200b\u200bsuimeanna taifeadbhriseadh go minic. T\u00e1 mealltacht an mheais\u00edn Megabucks sa deis suimeanna airgid a athra\u00edonn saol a bhuachan le casadh amh\u00e1in, rud a fh\u00e1gann gur rogha is fearr \u00e9 i measc cearrbhach \u00f3c\u00e1ideach agus tromch\u00faiseach araon. C\u00e9 go bhfuil na seansanna an pota \u00f3ir a bhuachan caol, coinn\u00edonn an sceitim\u00edn\u00ed agus an \u00edoca\u00edocht fh\u00e9ideartha imreoir\u00ed ag teacht ar ais le haghaidh n\u00edos m\u00f3. Leis na geallta arda agus an cumas at\u00e1 aige le haghaidh lua\u00edochta\u00ed ollmh\u00f3ra, t\u00e1 meais\u00edn sliot\u00e1n Megabucks f\u00f3s ina phr\u00edomhtharraingt i gceasa\u00edneonna ar fud an domhain.<\/p>\n<p><img loading=\"lazy\" decoding=\"async\" class=\"aligncenter size-full wp-image-8151\" src=\"https:\/\/rocketplay-new.com\/wp-content\/uploads\/2025\/07\/megabucks-slot-machine-play-slot-for-free-2.webp\" alt=\"Megabucks slot machine - Play Slot for Free 2\" width=\"800\" height=\"436\" srcset=\"https:\/\/rocketplay-new.com\/wp-content\/uploads\/2025\/07\/megabucks-slot-machine-play-slot-for-free-2.webp 800w, https:\/\/rocketplay-new.com\/wp-content\/uploads\/2025\/07\/megabucks-slot-machine-play-slot-for-free-2-300x164.webp 300w, https:\/\/rocketplay-new.com\/wp-content\/uploads\/2025\/07\/megabucks-slot-machine-play-slot-for-free-2-768x419.webp 768w\" sizes=\"auto, (max-width: 800px) 100vw, 800px\" \/><\/p>\n<h2>MEAIS\u00cdN SLOT MEGABUCKS: T\u00c9AMA, AMH\u00c1IN, AGUS CEOL<\/h2>\n<p>Is cluiche coitianta \u00e9 meais\u00edn sliot\u00e1n Megabucks a fhaightear i gceasa\u00edneonna ar fud an domhain. T\u00e1 t\u00e9ama an chluiche d\u00edrithe ar an smaoineamh an pota \u00f3ir a bhualadh agus buachan m\u00f3r. T\u00e1 amharc an mheais\u00edn geal agus geal\u00e1nach, le dathanna geala agus grafaic\u00ed tarraingteacha a mheallann imreoir\u00ed isteach. T\u00e1 na r\u00edleanna l\u00e1n de shiombail\u00ed cos\u00fail le comhartha\u00ed dollar, sil\u00edn\u00ed, agus seacht n-\u00e1dh, rud a chuireann le sceitim\u00edn\u00ed an chluiche. T\u00e1 an ceol a ghabhann leis an imirt br\u00edomhar agus fuinni\u00fail, ag cruth\u00fa moth\u00fa r\u00e9amhshuime agus sceitim\u00edn\u00ed agus na r\u00edleanna ag sn\u00edomh. Tr\u00edd is tr\u00edd, crutha\u00edonn an measc\u00e1n den t\u00e9ama, na hamharcanna, agus ceol mheais\u00edn sliot\u00e1n Megabucks eisp\u00e9ireas tumtha agus tarraingteach do na himreoir\u00ed at\u00e1 ag iarraidh saibhreas a bhaint amach.<\/p>\n<h2>CONAS MEAIS\u00cdN SLOT MEGABUCKS A IMIRT<\/h2>\n<p>Is f\u00e9idir le himirt meais\u00edn sliot\u00e1n Megabucks a bheith ina eisp\u00e9ireas spreag\u00fail d\u00f3ibh si\u00fad at\u00e1 ag iarraidh buachan m\u00f3r. Chun t\u00fas a chur leis, n\u00ed m\u00f3r d\u2019imreoir\u00ed a gcuid airgid n\u00f3 c\u00e1rta ceasa\u00edneo a chur isteach sa mheais\u00edn agus a roghn\u00fa c\u00e9 mh\u00e9ad l\u00edne p\u00e1 ar mhaith leo geall a chur orthu. D\u00e1 mh\u00e9ad l\u00ednte p\u00e1 a roghna\u00edtear, is ea is airde na seansanna buachan. Ansin, n\u00ed m\u00f3r d\u2019imreoir\u00ed cinneadh a dh\u00e9anamh c\u00e9 mh\u00e9ad is mian leo a gheall\u00faint in aghaidh na l\u00edne. Nuair a bheidh na roghanna seo d\u00e9anta, is f\u00e9idir leo na r\u00edleanna a chasadh agus fanacht leis an toradh. Is \u00e9 an sprioc siombail\u00ed a mheaitse\u00e1il trasna na l\u00ednte p\u00e1 chun duaiseanna a bhuachan. Cuireann roinnt meais\u00edn\u00ed babhta\u00ed b\u00f3nais n\u00f3 pota\u00ed \u00f3ir for\u00e1sacha ar f\u00e1il freisin, rud a chuireann leis an sceitim\u00edn\u00ed. T\u00e1 s\u00e9 t\u00e1bhachtach a mheabhr\u00fa gur cluiche seans \u00e9 sliot\u00e1in a imirt, mar sin t\u00e1 s\u00e9 riachtanach buis\u00e9ad a shocr\u00fa agus clo\u00ed leis. Le beag\u00e1n \u00e1dh agus strait\u00e9ise, is f\u00e9idir le himreoir\u00ed eisp\u00e9ireas corraitheach a bheith acu ag imirt meais\u00edn\u00ed sliot\u00e1n Megabucks agus b\u2019fh\u00e9idir si\u00fal amach le pota \u00f3ir ollmh\u00f3r.<\/p>\n<div class=\"go-btn-container\"><div class=\"tosh-btn\"><a href=\"\/go-casino\/\" target=\"_blank\" rel=\"noopener\">IMIR ANOIS<\/a><\/div><\/div>\n<h2>MEAIS\u00cdN SLOT\u00c1N MEGABUCKS: ROGHANNA GEALLT\u00d3IREACHTA AGUS POITEANNACHT BUAITE<\/h2>\n<p>T\u00e1 meais\u00edn sliot\u00e1n Megabucks ar cheann de na meais\u00edn\u00ed sliot\u00e1n is m\u00f3 t\u00f3ir agus is c\u00e1ili\u00fala i gceasa\u00edneonna ar fud an domhain. Ceann de na pr\u00edomhghn\u00e9ithe a fh\u00e1gann go bhfuil an cluiche seo chomh tarraingteach do na himreoir\u00ed n\u00e1 a raon leathan roghanna geallt\u00f3ireachta agus an poit\u00e9inseal le haghaidh buaiteanna ollmh\u00f3ra. Le geall \u00edosta de ch\u00fapla cent amh\u00e1in, is f\u00e9idir le himreoir\u00ed geall a chur ar ill\u00ednte p\u00e1 agus a seansanna an pota \u00f3ir a bhualadh a mh\u00e9ad\u00fa. Cuireann meais\u00edn sliot\u00e1n Megabucks pota \u00f3ir for\u00e1sach ar f\u00e1il a fh\u00e9adfaidh na milli\u00fain a bhaint amach, rud a fh\u00e1gann gur deis bhrab\u00fasach \u00e9 d\u2019imreoir\u00ed at\u00e1 ag iarraidh saibhreas a bhaint amach. C\u00e9 go bhfuil na seansanna an pota \u00f3ir a bhuachan beag, coinn\u00edonn an sceitim\u00edn\u00ed agus an r\u00e9amhshuim a bhaineann leis an mbua sin a athra\u00edonn saol na n-imreoir\u00ed ag teacht ar ais le haghaidh n\u00edos m\u00f3. Le geallta chomh hard sin agus an fh\u00e9idearthacht go mbuafaidh siad go m\u00f3r, leanann meais\u00edn sliot\u00e1n Megabucks de bheith ina rogha coitianta do chearrbhaigh \u00f3c\u00e1ideacha agus tromch\u00faiseacha araon.<\/p>\n<p><img loading=\"lazy\" decoding=\"async\" class=\"aligncenter size-full wp-image-8142\" src=\"https:\/\/rocketplay-new.com\/wp-content\/uploads\/2025\/07\/megabucks-slot-machine-play-slot-for-free-1.webp\" alt=\"Megabucks slot machine - Play Slot for Free\" width=\"800\" height=\"580\" srcset=\"https:\/\/rocketplay-new.com\/wp-content\/uploads\/2025\/07\/megabucks-slot-machine-play-slot-for-free-1.webp 800w, https:\/\/rocketplay-new.com\/wp-content\/uploads\/2025\/07\/megabucks-slot-machine-play-slot-for-free-1-300x218.webp 300w, https:\/\/rocketplay-new.com\/wp-content\/uploads\/2025\/07\/megabucks-slot-machine-play-slot-for-free-1-768x557.webp 768w\" sizes=\"auto, (max-width: 800px) 100vw, 800px\" \/><\/p>\n<h2>CEISTEANNA AGUS FREAGRA\u00cd COITIANTA &#8211; MEAIS\u00cdN SLOT MEGABUCKS<\/h2>\n<p>T\u00e1 an meais\u00edn sliot\u00e1n Megabucks aitheanta as a dhuaiseanna ollmh\u00f3ra pota \u00f3ir, a shroicheann na milli\u00fain dollar go minic. D\u00e1 bhr\u00ed sin, b\u00edonn ceisteanna ag go leor imreoir\u00ed faoi conas a seansanna buachan ar an meais\u00edn coitianta seo a mh\u00e9ad\u00fa. Ceist choitianta amh\u00e1in is ea an bhfuil strait\u00e9is shonrach ann a chabhr\u00f3idh le himreoir\u00ed buachan ar mheais\u00edn sliot\u00e1n Megabucks. Is \u00e9 an freagra ar seo n\u00e1 n\u00edl, toisc go bhfuil meais\u00edn\u00ed sliot\u00e1n bunaithe go hioml\u00e1n ar an \u00e1dh agus nach bhfuil aon bhealach r\u00e1thaithe ann chun buachan. Ceist eile a chuirtear go minic n\u00e1 c\u00e9 chomh minic a bhuailtear an pota \u00f3ir ar mheais\u00edn Megabucks. Athra\u00edonn an freagra ar seo, toisc go mbuaitear an pota \u00f3ir go randamach agus gur f\u00e9idir \u00e9 a bhualadh ag am ar bith. Ina theannta sin, is minic a bh\u00edonn imreoir\u00ed ag iarraidh a fh\u00e1il amach cad iad na seansanna go mbuafar an pota \u00f3ir ar mheais\u00edn Megabucks. De ghn\u00e1th b\u00edonn na seansanna go mbuafar an pota \u00f3ir ar mheais\u00edn Megabucks an-\u00edseal, toisc go bhfuil an meais\u00edn deartha chun duaiseanna m\u00f3ra pota \u00f3ir a thairiscint le d\u00f3ch\u00falacht \u00edseal buachan. Tr\u00edd is tr\u00edd, c\u00e9 nach bhfuil aon strait\u00e9is\u00ed iontaofa ann chun buachan ar mheais\u00edn sliot\u00e1n Megabucks, is f\u00e9idir le himreoir\u00ed taitneamh a bhaint as an sceitim\u00edn\u00ed agus an sult a bhaineann le himirt le haghaidh seans ar phota \u00f3ir a athr\u00f3idh a saol.<\/p>\n","protected":false},"excerpt":{"rendered":"<p>T\u00e1 meais\u00edn sliot\u00e1n Megabucks ar cheann de na meais\u00edn\u00ed sliot\u00e1n is m\u00f3 t\u00f3ir agus is \u00edoc\u00f3na\u00ed i gceasa\u00edneonna ar fud an domhain. Ar a dtugtar as a phota\u00ed \u00f3ir ollmh\u00f3ra agus a chluiche spreag\u00fail, tugann meais\u00edn sliot\u00e1n Megabucks deis do na himreoir\u00ed buachan m\u00f3r le casadh amh\u00e1in. Leis an dearadh gal\u00e1nta agus an comh\u00e9adan at\u00e1&#8230;<\/p>\n","protected":false},"author":1,"featured_media":6310,"parent":2271,"menu_order":0,"comment_status":"closed","ping_status":"closed","template":"","meta":{"_acf_changed":false,"_kad_post_transparent":"default","_kad_post_title":"default","_kad_post_layout":"default","_kad_post_sidebar_id":"","_kad_post_content_style":"default","_kad_post_vertical_padding":"default","_kad_post_feature":"","_kad_post_feature_position":"","_kad_post_header":false,"_kad_post_footer":false,"footnotes":""},"class_list":["post-8180","page","type-page","status-publish","has-post-thumbnail","hentry"],"acf":[],"rttpg_featured_image_url":{"full":["https:\/\/rocketplay-new.com\/wp-content\/uploads\/2025\/05\/megabucks-slot-machine-play-slot-for-free.png",977,773,false],"landscape":["https:\/\/rocketplay-new.com\/wp-content\/uploads\/2025\/05\/megabucks-slot-machine-play-slot-for-free.png",977,773,false],"portraits":["https:\/\/rocketplay-new.com\/wp-content\/uploads\/2025\/05\/megabucks-slot-machine-play-slot-for-free.png",977,773,false],"thumbnail":["https:\/\/rocketplay-new.com\/wp-content\/uploads\/2025\/05\/megabucks-slot-machine-play-slot-for-free-150x150.png",150,150,true],"medium":["https:\/\/rocketplay-new.com\/wp-content\/uploads\/2025\/05\/megabucks-slot-machine-play-slot-for-free-300x237.png",300,237,true],"large":["https:\/\/rocketplay-new.com\/wp-content\/uploads\/2025\/05\/megabucks-slot-machine-play-slot-for-free.png",977,773,false],"1536x1536":["https:\/\/rocketplay-new.com\/wp-content\/uploads\/2025\/05\/megabucks-slot-machine-play-slot-for-free.png",977,773,false],"2048x2048":["https:\/\/rocketplay-new.com\/wp-content\/uploads\/2025\/05\/megabucks-slot-machine-play-slot-for-free.png",977,773,false],"wppb-medium":["https:\/\/rocketplay-new.com\/wp-content\/uploads\/2025\/05\/megabucks-slot-machine-play-slot-for-free-600x450.png",600,450,true]},"rttpg_author":{"display_name":"John","author_link":"https:\/\/rocketplay-new.com\/ga\/author\/pemvas95n89x\/"},"rttpg_comment":0,"rttpg_category":null,"rttpg_excerpt":"T\u00e1 meais\u00edn sliot\u00e1n Megabucks ar cheann de na meais\u00edn\u00ed sliot\u00e1n is m\u00f3 t\u00f3ir agus is \u00edoc\u00f3na\u00ed i gceasa\u00edneonna ar fud an domhain. Ar a dtugtar as a phota\u00ed \u00f3ir ollmh\u00f3ra agus a chluiche spreag\u00fail, tugann meais\u00edn sliot\u00e1n Megabucks deis do na himreoir\u00ed buachan m\u00f3r le casadh amh\u00e1in. Leis an dearadh gal\u00e1nta agus an comh\u00e9adan at\u00e1...","_links":{"self":[{"href":"https:\/\/rocketplay-new.com\/ga\/wp-json\/wp\/v2\/pages\/8180","targetHints":{"allow":["GET"]}}],"collection":[{"href":"https:\/\/rocketplay-new.com\/ga\/wp-json\/wp\/v2\/pages"}],"about":[{"href":"https:\/\/rocketplay-new.com\/ga\/wp-json\/wp\/v2\/types\/page"}],"author":[{"embeddable":true,"href":"https:\/\/rocketplay-new.com\/ga\/wp-json\/wp\/v2\/users\/1"}],"replies":[{"embeddable":true,"href":"https:\/\/rocketplay-new.com\/ga\/wp-json\/wp\/v2\/comments?post=8180"}],"version-history":[{"count":2,"href":"https:\/\/rocketplay-new.com\/ga\/wp-json\/wp\/v2\/pages\/8180\/revisions"}],"predecessor-version":[{"id":8183,"href":"https:\/\/rocketplay-new.com\/ga\/wp-json\/wp\/v2\/pages\/8180\/revisions\/8183"}],"up":[{"embeddable":true,"href":"https:\/\/rocketplay-new.com\/ga\/wp-json\/wp\/v2\/pages\/2271"}],"wp:featuredmedia":[{"embeddable":true,"href":"https:\/\/rocketplay-new.com\/ga\/wp-json\/wp\/v2\/media\/6310"}],"wp:attachment":[{"href":"https:\/\/rocketplay-new.com\/ga\/wp-json\/wp\/v2\/media?parent=8180"}],"curies":[{"name":"wp","href":"https:\/\/api.w.org\/{rel}","templated":true}]}}