{"id":8124,"date":"2025-05-28T23:05:16","date_gmt":"2025-05-28T20:05:16","guid":{"rendered":"https:\/\/rocketplay-new.com\/slot-machines\/huff-and-puff\/"},"modified":"2025-07-10T17:51:05","modified_gmt":"2025-07-10T14:51:05","slug":"huff-and-puff","status":"publish","type":"page","link":"https:\/\/rocketplay-new.com\/ga\/slot-machines\/huff-and-puff\/","title":{"rendered":"Meais\u00edn sliot\u00e1n Huff and Puff &#8211; Imir Sliot\u00e1n Saor in Aisce"},"content":{"rendered":"<p>Is cluiche sliot\u00e1n ar l\u00edne coitianta \u00e9 meais\u00edn sliot\u00e1n Huff and Puff a thugann deis d\u2019imreoir\u00ed buachan go m\u00f3r lena ghn\u00e9ithe agus b\u00f3nais spreag\u00fala. Leis an dearadh spra\u00ed\u00fail agus ildaite at\u00e1 air, is cinnte go mbeidh imreoir\u00ed siamsaithe ar feadh uaireanta an chloig. Cuims\u00edonn an cluiche siombail\u00ed fi\u00e1ine, spins saor in aisce, agus babhta b\u00f3nais inar f\u00e9idir le himreoir\u00ed boinn a bhaili\u00fa tr\u00ed thithe a sh\u00e9ideadh anuas. T\u00e1 an cluiche \u00e9asca le himirt agus cuireann s\u00e9 c\u00e9atad\u00e1n ard \u00edoca\u00edochta ar f\u00e1il, rud a fh\u00e1gann gur rogha iontach \u00e9 i measc d\u00edograiseoir\u00ed sliot\u00e1n. Is f\u00e9idir le himreoir\u00ed a n-\u00e1dh a thriail saor in aisce sula nd\u00e9anann siad cinneadh imirt ar airgead f\u00edor, rud a chuireann le sceitim\u00edn\u00ed an chluiche. Tabhair casadh do mheais\u00edn sliot\u00e1n Huff and Puff inniu agus f\u00e9ach an f\u00e9idir leat do bhealach a dh\u00e9anamh le huff and puff chun bua m\u00f3r a bhaint amach!<\/p>\n<div class=\"go-btn-container\"><div class=\"tosh-btn\"><a href=\"\/go-casino\/\" target=\"_blank\" rel=\"noopener\">IMIR ANOIS<\/a><\/div><\/div>\n<h2>FORBHREATHN\u00da AR MHEAS\u00c1N SLOIT HUFF AGUS PUFF<\/h2>\n<p>Is cluiche meais\u00edn sliot\u00e1n coitianta \u00e9 Huff agus Puff a bhfuil go leor airde faighte aige i saol an cheasa\u00edneo. Forbartha ag an sol\u00e1thra\u00ed cluich\u00ed cl\u00faiteach, Aristocrat, t\u00e1 t\u00e9ama spra\u00ed\u00fail agus uath\u00fail ag Huff agus Puff bunaithe ar sc\u00e9al na dTr\u00ed Mhuc Bheaga. T\u00e1 an cluiche suite i su\u00edomh tuaithe deas, le siombail\u00ed lena n-\u00e1ir\u00edtear na tr\u00ed mhuc, a dtithe d\u00e9anta as tu\u00ed, bata\u00ed agus br\u00edc\u00ed, chomh maith leis an mac t\u00edre m\u00f3r olc. Imr\u00edtear an cluiche ar leagan amach caighde\u00e1nach c\u00faig r\u00edl, tr\u00ed shraith, le 25 l\u00edne p\u00e1 san ioml\u00e1n. Ceann de na gn\u00e9ithe is suntasa\u00ed de Huff agus Puff n\u00e1 an babhta b\u00f3nais, \u00e1it ar f\u00e9idir le himreoir\u00ed siombail\u00ed \u00e9ags\u00fala a bhaili\u00fa chun tithe a th\u00f3g\u00e1il agus duaiseanna m\u00f3ra a bhuachan. Cuims\u00edonn an cluiche gn\u00e9 spins saor in aisce freisin, \u00e1it ar f\u00e9idir le himreoir\u00ed suas le 22 spins saor in aisce a thuilleamh le hiolraitheoir\u00ed. Leis an gameplay tarraingteach, grafaic\u00ed ardchaighde\u00e1in, agus gn\u00e9ithe b\u00f3nais spreag\u00fala, t\u00e1 Huff agus Puff ina rogha is fearr le lucht lean\u00fana sliot\u00e1n.<\/p>\n<p><img loading=\"lazy\" decoding=\"async\" class=\"aligncenter size-full wp-image-8088\" src=\"https:\/\/rocketplay-new.com\/wp-content\/uploads\/2025\/07\/huff-and-puff-slot-machine-play-slot-for-free-1.webp\" alt=\"Huff and Puff slot machine - Play Slot for Free\" width=\"800\" height=\"425\" srcset=\"https:\/\/rocketplay-new.com\/wp-content\/uploads\/2025\/07\/huff-and-puff-slot-machine-play-slot-for-free-1.webp 800w, https:\/\/rocketplay-new.com\/wp-content\/uploads\/2025\/07\/huff-and-puff-slot-machine-play-slot-for-free-1-300x159.webp 300w, https:\/\/rocketplay-new.com\/wp-content\/uploads\/2025\/07\/huff-and-puff-slot-machine-play-slot-for-free-1-768x408.webp 768w\" sizes=\"auto, (max-width: 800px) 100vw, 800px\" \/><\/p>\n<h2>MEAIS\u00cdN SLOT HUFF AGUS PUFF: T\u00c9AMA, AMH\u00c1IN, AGUS CEOL<\/h2>\n<p>Is cluiche coitianta \u00e9 meais\u00edn sliot\u00e1n Huff agus Puff i gceasa\u00edneonna ar fud an domhain, ar a dtugtar a th\u00e9ama uath\u00fail, amharcanna mealltacha, agus a cheol tarraingteach. T\u00e1 t\u00e9ama an chluiche d\u00edrithe ar sc\u00e9al na dTr\u00ed Mhuc Bheaga, agus imreoir\u00ed ag glacadh r\u00f3l an Mhic T\u00edre Mh\u00f3ir agus iad ag iarraidh tithe a sh\u00e9ideadh anuas agus duaiseanna a bhaili\u00fa. T\u00e1 amharcanna an chluiche geal agus ildaite, le grafaic\u00ed cos\u00fail le cart\u00fan de na muca, an mac t\u00edre, agus strucht\u00fair \u00e9ags\u00fala tithe. T\u00e1 na beochana r\u00e9idh agus tarraingteach, rud a chuireann le sceitim\u00edn\u00ed forioml\u00e1n an chluiche. T\u00e1 an ceol sa mheais\u00edn sliot\u00e1n Huff agus Puff br\u00edomhar agus fuinni\u00fail, ag cruth\u00fa atmaisf\u00e9ar beoga agus imreoir\u00ed ag sn\u00edomh na r\u00edleanna agus ag breathn\u00fa ar an ngn\u00edomh ag teacht chun cinn. Tr\u00edd is tr\u00edd, d\u00e9anann an measc\u00e1n den t\u00e9ama, na hamharcanna, agus an ceol sa mheais\u00edn sliot\u00e1n Huff agus Puff rogha coitianta de i measc lucht ceasa\u00edneonna at\u00e1 ag lorg eisp\u00e9ireas cearrbhachais spra\u00ed\u00fail agus siams\u00fail.<\/p>\n<h2>CONAS MEAIS\u00cdN SLOIT HUFF AGUS PUFF A IMIRT<\/h2>\n<p>Is cluiche coitianta i gceasa\u00edneonna \u00e9 meais\u00edn sliot\u00e1n Huff agus Puff, ar a dtugtar a imirt spreag\u00fail agus an poit\u00e9inseal at\u00e1 ann le haghaidh buaiteanna m\u00f3ra. Chun an cluiche a imirt, ar dt\u00fas, n\u00ed m\u00f3r duit do chuid airgid n\u00f3 creidmheasanna ceasa\u00edneo a chur isteach sa mheais\u00edn. Ansin, is f\u00e9idir leat an m\u00e9id is mian leat a gheall\u00faint in aghaidh an casadh a roghn\u00fa tr\u00ed mh\u00e9id na mona agus l\u00edon na l\u00ednte p\u00e1 is mian leat a imirt a choigeart\u00fa. Nuair a bheidh do gheall socraithe agat, is f\u00e9idir leat na r\u00edleanna a sn\u00edomh tr\u00edd an gcnaipe sn\u00edomh a bhr\u00fa. Is \u00e9 cusp\u00f3ir an chluiche siombail\u00ed a mheaitse\u00e1il ar na l\u00ednte p\u00e1 \u00f3 chl\u00e9 go deas chun duaiseanna a bhuachan. T\u00e1 t\u00e9ama spra\u00ed\u00fail sa chluiche bunaithe ar sc\u00e9al na dTr\u00ed Mhuc Bheaga, le siombail\u00ed cos\u00fail le muca, tithe, agus mac t\u00edre. Coinnigh s\u00fail amach don tsiombail Huff agus Puff, ar f\u00e9idir l\u00e9i gn\u00e9ithe speisialta cos\u00fail le spins saor in aisce agus iolraitheoir\u00ed a spreagadh. Tr\u00edd is tr\u00edd, t\u00e1 s\u00e9 \u00e9asca agus spreag\u00fail meais\u00edn sliot\u00e1n Huff agus Puff a imirt, leis an bpoit\u00e9inseal le haghaidh \u00edoca\u00edochta\u00ed m\u00f3ra m\u00e1 bh\u00edonn an t-\u00e1dh ort. Mar sin, tabhair triail d\u00f3 agus f\u00e9ach an f\u00e9idir leat do bhealach a dh\u00e9anamh chuig pota \u00f3ir le huff agus puff!<\/p>\n<div class=\"go-btn-container\"><div class=\"tosh-btn\"><a href=\"\/go-casino\/\" target=\"_blank\" rel=\"noopener\">IMIR ANOIS<\/a><\/div><\/div>\n<h2>MEAIS\u00cdN SLOT HUFF AGUS PUFF: ROGHANNA GEALLT\u00d3IREACHTA AGUS POITEANNACHT BUAITE<\/h2>\n<p>Tugann an meais\u00edn sliot\u00e1n Huff agus Puff raon leathan roghanna geallt\u00f3ireachta agus acmhainneacht bhuaite spreag\u00fail do na himreoir\u00ed. Le m\u00e9ideanna geall inchoigeartaithe, is f\u00e9idir le himreoir\u00ed geall a chur chomh beag le c\u00fapla cent n\u00f3 chomh m\u00f3r le roinnt dollar in aghaidh an casadh. Ligeann an tsol\u00fabthacht seo d\u2019imreoir\u00ed \u00f3c\u00e1ideacha agus do lucht geallt\u00f3ireachta ard taitneamh a bhaint as an gcluiche ag a luas agus a mbuis\u00e9ad f\u00e9in. T\u00e1 ill\u00ednte p\u00e1 agus babhta\u00ed b\u00f3nais sa chluiche, rud a thugann neart deiseanna d\u2019imreoir\u00ed buachan m\u00f3r. Leis an deis casadh saor in aisce, iolraitheoir\u00ed agus gn\u00e9ithe b\u00f3nais eile a spreagadh, is f\u00e9idir le himreoir\u00ed a mbuaite a mh\u00e9ad\u00fa go suntasach. T\u00e1 an meais\u00edn sliot\u00e1n Huff agus Puff aitheanta as a luaineacht ard, rud a chialla\u00edonn c\u00e9 go bhf\u00e9adfadh buaiteanna a bheith n\u00edos l\u00fa minic, go mb\u00edonn siad n\u00edos m\u00f3 nuair a tharla\u00edonn siad. Cuireann s\u00e9 seo leibh\u00e9al breise sceitim\u00edn\u00ed agus r\u00e9amhshuime leis an imirt, ag coinne\u00e1il imreoir\u00ed gafa agus siamsaithe. Tr\u00edd is tr\u00edd, cuireann an meais\u00edn sliot\u00e1n Huff agus Puff eisp\u00e9ireas cearrbhachais spreag\u00fail agus luach saothair ar f\u00e1il d\u2019imreoir\u00ed de gach leibh\u00e9al scile.<\/p>\n<p><img loading=\"lazy\" decoding=\"async\" class=\"aligncenter size-full wp-image-8097\" src=\"https:\/\/rocketplay-new.com\/wp-content\/uploads\/2025\/07\/huff-and-puff-slot-machine-play-slot-for-free-2.webp\" alt=\"Huff and Puff slot machine - Play Slot for Free 2\" width=\"800\" height=\"395\" srcset=\"https:\/\/rocketplay-new.com\/wp-content\/uploads\/2025\/07\/huff-and-puff-slot-machine-play-slot-for-free-2.webp 800w, https:\/\/rocketplay-new.com\/wp-content\/uploads\/2025\/07\/huff-and-puff-slot-machine-play-slot-for-free-2-300x148.webp 300w, https:\/\/rocketplay-new.com\/wp-content\/uploads\/2025\/07\/huff-and-puff-slot-machine-play-slot-for-free-2-768x379.webp 768w\" sizes=\"auto, (max-width: 800px) 100vw, 800px\" \/><\/p>\n<h2>CEISTEANNA AGUS FREAGRA\u00cd COITIANTA &#8211; MEAIS\u00cdN SLOIT HUFF AGUS PUFF<\/h2>\n<p>Is cluiche coitianta \u00e9 an meais\u00edn sliot\u00e1n Huff agus Puff ina mb\u00edonn imreoir\u00ed ag sn\u00edomh na r\u00edleanna le s\u00fail le teaglaim bhuaiteacha a fh\u00e1il. Ceist choitianta amh\u00e1in a bh\u00edonn ag imreoir\u00ed go minic n\u00e1 conas gn\u00e9 b\u00f3nais an chluiche a spreagadh. Chun an ghn\u00e9 b\u00f3nais a spreagadh, n\u00ed m\u00f3r d\u2019imreoir\u00ed tr\u00ed shiombail scaipthe n\u00f3 n\u00edos m\u00f3 a thabhairt i dt\u00edr ar na r\u00edleanna. Nuair a spreagtar an ghn\u00e9 b\u00f3nais, b\u00edonn an deis ag imreoir\u00ed n\u00edos m\u00f3 duaiseanna a bhaili\u00fa agus b\u2019fh\u00e9idir go mbuafaidh siad go m\u00f3r. Ceist choitianta eile n\u00e1 an bhfuil pota \u00f3ir for\u00e1sach ag an gcluiche. Ar an drochuair, n\u00edl pota \u00f3ir for\u00e1sach ag an meais\u00edn sliot\u00e1n Huff agus Puff, ach cuireann s\u00e9 neart deiseanna ar f\u00e1il d\u2019imreoir\u00ed buachan go m\u00f3r lena ghn\u00e9ithe b\u00f3nais spreag\u00fala agus a siombail\u00ed ard-\u00edoctha. Tr\u00edd is tr\u00edd, is cluiche spra\u00ed\u00fail agus tarraingteach \u00e9 an meais\u00edn sliot\u00e1n Huff agus Puff a choinn\u00edonn imreoir\u00ed siamsaithe lena th\u00e9ama whimsical agus a gameplay luachmhar.<\/p>\n","protected":false},"excerpt":{"rendered":"<p>Is cluiche sliot\u00e1n ar l\u00edne coitianta \u00e9 meais\u00edn sliot\u00e1n Huff and Puff a thugann deis d\u2019imreoir\u00ed buachan go m\u00f3r lena ghn\u00e9ithe agus b\u00f3nais spreag\u00fala. Leis an dearadh spra\u00ed\u00fail agus ildaite at\u00e1 air, is cinnte go mbeidh imreoir\u00ed siamsaithe ar feadh uaireanta an chloig. Cuims\u00edonn an cluiche siombail\u00ed fi\u00e1ine, spins saor in aisce, agus babhta b\u00f3nais&#8230;<\/p>\n","protected":false},"author":1,"featured_media":6281,"parent":2271,"menu_order":0,"comment_status":"closed","ping_status":"closed","template":"single-no-sidebar.php","meta":{"_acf_changed":false,"_kad_post_transparent":"default","_kad_post_title":"default","_kad_post_layout":"default","_kad_post_sidebar_id":"","_kad_post_content_style":"default","_kad_post_vertical_padding":"default","_kad_post_feature":"","_kad_post_feature_position":"","_kad_post_header":false,"_kad_post_footer":false,"footnotes":""},"class_list":["post-8124","page","type-page","status-publish","has-post-thumbnail","hentry"],"acf":[],"rttpg_featured_image_url":{"full":["https:\/\/rocketplay-new.com\/wp-content\/uploads\/2025\/05\/huff-and-puff-slot-machine-play-slot-for-free.png",1240,793,false],"landscape":["https:\/\/rocketplay-new.com\/wp-content\/uploads\/2025\/05\/huff-and-puff-slot-machine-play-slot-for-free.png",1240,793,false],"portraits":["https:\/\/rocketplay-new.com\/wp-content\/uploads\/2025\/05\/huff-and-puff-slot-machine-play-slot-for-free.png",1240,793,false],"thumbnail":["https:\/\/rocketplay-new.com\/wp-content\/uploads\/2025\/05\/huff-and-puff-slot-machine-play-slot-for-free-150x150.png",150,150,true],"medium":["https:\/\/rocketplay-new.com\/wp-content\/uploads\/2025\/05\/huff-and-puff-slot-machine-play-slot-for-free-300x192.png",300,192,true],"large":["https:\/\/rocketplay-new.com\/wp-content\/uploads\/2025\/05\/huff-and-puff-slot-machine-play-slot-for-free-1024x655.png",1024,655,true],"1536x1536":["https:\/\/rocketplay-new.com\/wp-content\/uploads\/2025\/05\/huff-and-puff-slot-machine-play-slot-for-free.png",1240,793,false],"2048x2048":["https:\/\/rocketplay-new.com\/wp-content\/uploads\/2025\/05\/huff-and-puff-slot-machine-play-slot-for-free.png",1240,793,false],"wppb-medium":["https:\/\/rocketplay-new.com\/wp-content\/uploads\/2025\/05\/huff-and-puff-slot-machine-play-slot-for-free-600x450.png",600,450,true]},"rttpg_author":{"display_name":"John","author_link":"https:\/\/rocketplay-new.com\/ga\/author\/pemvas95n89x\/"},"rttpg_comment":0,"rttpg_category":null,"rttpg_excerpt":"Is cluiche sliot\u00e1n ar l\u00edne coitianta \u00e9 meais\u00edn sliot\u00e1n Huff and Puff a thugann deis d\u2019imreoir\u00ed buachan go m\u00f3r lena ghn\u00e9ithe agus b\u00f3nais spreag\u00fala. Leis an dearadh spra\u00ed\u00fail agus ildaite at\u00e1 air, is cinnte go mbeidh imreoir\u00ed siamsaithe ar feadh uaireanta an chloig. Cuims\u00edonn an cluiche siombail\u00ed fi\u00e1ine, spins saor in aisce, agus babhta b\u00f3nais...","_links":{"self":[{"href":"https:\/\/rocketplay-new.com\/ga\/wp-json\/wp\/v2\/pages\/8124","targetHints":{"allow":["GET"]}}],"collection":[{"href":"https:\/\/rocketplay-new.com\/ga\/wp-json\/wp\/v2\/pages"}],"about":[{"href":"https:\/\/rocketplay-new.com\/ga\/wp-json\/wp\/v2\/types\/page"}],"author":[{"embeddable":true,"href":"https:\/\/rocketplay-new.com\/ga\/wp-json\/wp\/v2\/users\/1"}],"replies":[{"embeddable":true,"href":"https:\/\/rocketplay-new.com\/ga\/wp-json\/wp\/v2\/comments?post=8124"}],"version-history":[{"count":2,"href":"https:\/\/rocketplay-new.com\/ga\/wp-json\/wp\/v2\/pages\/8124\/revisions"}],"predecessor-version":[{"id":8127,"href":"https:\/\/rocketplay-new.com\/ga\/wp-json\/wp\/v2\/pages\/8124\/revisions\/8127"}],"up":[{"embeddable":true,"href":"https:\/\/rocketplay-new.com\/ga\/wp-json\/wp\/v2\/pages\/2271"}],"wp:featuredmedia":[{"embeddable":true,"href":"https:\/\/rocketplay-new.com\/ga\/wp-json\/wp\/v2\/media\/6281"}],"wp:attachment":[{"href":"https:\/\/rocketplay-new.com\/ga\/wp-json\/wp\/v2\/media?parent=8124"}],"curies":[{"name":"wp","href":"https:\/\/api.w.org\/{rel}","templated":true}]}}