{"id":8056,"date":"2025-05-28T15:44:11","date_gmt":"2025-05-28T12:44:11","guid":{"rendered":"https:\/\/rocketplay-new.com\/slot-machines\/dragon-link-2\/"},"modified":"2025-07-10T15:41:29","modified_gmt":"2025-07-10T12:41:29","slug":"dragon-link-2","status":"publish","type":"page","link":"https:\/\/rocketplay-new.com\/ga\/slot-machines\/dragon-link-2\/","title":{"rendered":"MEAIS\u00cdN SLOT DRAGON LINK &#8211; IMIR SLOOT SAOR IN AISCE"},"content":{"rendered":"<p>Is rogha coitianta \u00e9 an meais\u00edn sliot\u00e1n Dragon Link do na himreoir\u00ed sliot\u00e1n at\u00e1 ag lorg eisp\u00e9ireas cearrbhachais corraitheach agus spreag\u00fail. T\u00e1 t\u00e9ama dragan sa chluiche seo le grafaic\u00ed beoga agus gameplay tarraingteach. T\u00e1 deis ag na himreoir\u00ed buachan go m\u00f3r le gn\u00e9ithe cos\u00fail le spins saor in aisce, iolraitheoir\u00ed, agus pota\u00ed \u00f3ir for\u00e1sacha. Is \u00e9 an chuid is fearr n\u00e1 gur f\u00e9idir leat an meais\u00edn sliot\u00e1n Dragon Link a imirt saor in aisce ar l\u00edne, rud a ligeann duit taitneamh a bhaint as an sceitim\u00edn\u00ed go l\u00e9ir gan aon chuid de do chuid airgid f\u00e9in a chur i mbaol. Mar sin, c\u00e9n f\u00e1th nach dtabharf\u00e1 triail air agus f\u00e9ach an f\u00e9idir leat cumhacht an dragain a \u00fas\u00e1id chun buachan go m\u00f3r!<\/p>\n<p style=\"text-align: center;\"><div class=\"go-btn-container\"><div class=\"tosh-btn\"><a href=\"\/go-casino\/\" target=\"_blank\" rel=\"noopener\">IMIR ANOIS<\/a><\/div><\/div><\/p>\n<h2>FORBHREATHN\u00da MEAIS\u00cdN SLOT DRAGON LINK<\/h2>\n<p>Is cluiche meais\u00edn sliot\u00e1n coitianta \u00e9 Dragon Link a bhfuil aird lucht lean\u00fana ceasa\u00edneonna ar fud an domhain tarraingthe aige. Forbartha ag Aristocrat, t\u00e1 t\u00e9ama dragan tarraingteach sa chluiche seo le grafaic\u00ed iontacha agus \u00e9ifeachta\u00ed fuaime tumtha. T\u00e1 an cluiche mar chuid den tsraith Lightning Link, a thugann deis d\u2019imreoir\u00ed buachan go m\u00f3r lena ghn\u00e9ithe b\u00f3nais spreag\u00fala agus a phota\u00ed \u00f3ir for\u00e1sacha. Is meais\u00edn sliot\u00e1n c\u00faig r\u00edl, 50 l\u00edne p\u00e1 \u00e9 Dragon Link a thairgeann raon leathan roghanna geallt\u00f3ireachta a oireann d\u2019imreoir\u00ed de gach buis\u00e9ad. T\u00e1 c\u00e9atad\u00e1n ard RTP (Filleadh ar an Imreoir) ag an gcluiche, rud a fh\u00e1gann gur rogha fabhrach \u00e9 d\u00f3ibh si\u00fad at\u00e1 ag iarraidh a seansanna buaite a uasmh\u00e9ad\u00fa. Leis an gameplay mealltach agus na lua\u00edochta\u00ed brab\u00fasacha at\u00e1 aige, t\u00e1 Dragon Link anois ina rogha is fearr le lucht lean\u00fana i gceasa\u00edneonna talamhbhunaithe agus ar l\u00edne araon. Cib\u00e9 an imreoir \u00f3c\u00e1ideach n\u00f3 ard-roll\u00f3ir th\u00fa, cuireann an meais\u00edn sliot\u00e1n seo neart sceitim\u00edn\u00ed agus spreagtha ar f\u00e1il do gach cine\u00e1l imreoir\u00ed.<\/p>\n<p><img loading=\"lazy\" decoding=\"async\" class=\"aligncenter wp-image-8042 size-full\" src=\"https:\/\/rocketplay-new.com\/wp-content\/uploads\/2025\/07\/dragon-link-slot-machine-play-slot-for-free-2.webp\" alt=\"DRAGON LINK SLOT MACHINE - PLAY SLOT FOR FREE\" width=\"800\" height=\"332\" srcset=\"https:\/\/rocketplay-new.com\/wp-content\/uploads\/2025\/07\/dragon-link-slot-machine-play-slot-for-free-2.webp 800w, https:\/\/rocketplay-new.com\/wp-content\/uploads\/2025\/07\/dragon-link-slot-machine-play-slot-for-free-2-300x125.webp 300w, https:\/\/rocketplay-new.com\/wp-content\/uploads\/2025\/07\/dragon-link-slot-machine-play-slot-for-free-2-768x319.webp 768w\" sizes=\"auto, (max-width: 800px) 100vw, 800px\" \/><\/p>\n<h2>MEAIS\u00cdN SLOT DRAGON LINK: T\u00c9AMA, AMHAIRC, AGUS CEOL<\/h2>\n<p>Is cluiche coitianta \u00e9 an meais\u00edn sliot\u00e1n Dragon Link i gceasa\u00edneonna ar fud an domhain, ar a dtugtar a th\u00e9ama tarraingteach, amharcanna iontacha, agus ceol tumtha. D\u00edr\u00edonn t\u00e9ama an chluiche ar dragain, siombail cumhachta agus \u00e1dh i go leor cult\u00far. T\u00e1 amharcanna an chluiche thar a bheith mionsonraithe agus ildaite, le dragain maorga, seodra lonracha, agus deara\u00ed casta. T\u00e1 na grafaic\u00ed chomh r\u00e9ala\u00edoch sin go mbraitheann imreoir\u00ed go bhfuil siad \u00e1 n-iompar chuig domhan mist\u00e9ireach at\u00e1 l\u00e1n de chr\u00e9at\u00fair tine-an\u00e1laithe agus seoda i bhfolach. Cuireann an ceol sa chluiche leis an taith\u00ed ioml\u00e1n, le fuaimrianta eipici\u00fala agus foinn mist\u00e9ireacha a chrutha\u00edonn moth\u00fa r\u00e9amhshuime agus sceitim\u00edn\u00ed. Le ch\u00e9ile, crutha\u00edonn an t\u00e9ama, na hamharcanna, agus ceol an mheais\u00edn sliot\u00e1n Dragon Link taith\u00ed cearrbhachais f\u00edor-tumtha agus tarraingteach a choinn\u00edonn imreoir\u00ed ag teacht ar ais le haghaidh n\u00edos m\u00f3.<\/p>\n<h2>CONAS MEAIS\u00cdN SLOT DRAGON LINK A IMIRT<\/h2>\n<p>Is cluiche meais\u00edn sliot\u00e1n coitianta \u00e9 Dragon Link at\u00e1 le f\u00e1il i go leor ceasa\u00edneonna ar fud an domhain. Chun an meais\u00edn sliot\u00e1n Dragon Link a imirt, n\u00ed m\u00f3r d&#8217;imreoir\u00ed a gcuid airgid n\u00f3 creidmheasanna ceasa\u00edneo a chur isteach sa mheais\u00edn ar dt\u00fas. Nuair a bheidh na creidmheasanna luchtaithe, is f\u00e9idir le himreoir\u00ed a m\u00e9id geall a roghn\u00fa agus an cnaipe sn\u00edomh a bhr\u00fa chun an cluiche a thos\u00fa. Is \u00e9 cusp\u00f3ir an chluiche siombail\u00ed a mheaitse\u00e1il ar fud na r\u00edleanna chun duaiseanna a bhuachan. T\u00e1 r\u00e9imse siombail\u00ed sa mheais\u00edn sliot\u00e1n Dragon Link, lena n-\u00e1ir\u00edtear dragain, p\u00e9arla\u00ed, agus cr\u00e9at\u00fair mist\u00e9ireacha eile. Chun a seans buaite a mh\u00e9ad\u00fa, is f\u00e9idir le himreoir\u00ed an ghn\u00e9 Dragon Link a ghn\u00edomhacht\u00fa tr\u00ed sh\u00e9 shiombail dragain ar a laghad a thabhairt i dt\u00edr ar na r\u00edleanna. Bronnann an ghn\u00e9 seo spins saor in aisce ar imreoir\u00ed agus an deis ceann de cheithre phota \u00f3ir for\u00e1sacha a bhuachan. Tr\u00edd is tr\u00edd, is eisp\u00e9ireas spra\u00ed\u00fail agus spreag\u00fail \u00e9 an meais\u00edn sliot\u00e1n Dragon Link a imirt a fh\u00e9adfaidh buanna m\u00f3ra a bheith mar thoradh air d\u2019imreoir\u00ed \u00e1dh\u00fala.<\/p>\n<p style=\"text-align: center;\"><div class=\"go-btn-container\"><div class=\"tosh-btn\"><a href=\"\/go-casino\/\" target=\"_blank\" rel=\"noopener\">IMIR ANOIS<\/a><\/div><\/div><\/p>\n<h2>MEAIS\u00cdN SLOT DRAGON LINK: ROGHANNA GEALLT\u00d3IREACHTA AGUS POITEANNACHT BUAITE<\/h2>\n<p>Is cluiche coitianta \u00e9 an meais\u00edn sliot\u00e1n Dragon Link i gceasa\u00edneonna ar fud an domhain, ar a dtugtar a imirt spreag\u00fail agus an poit\u00e9inseal le haghaidh buaiteanna m\u00f3ra. Ceann de na pr\u00edomhghn\u00e9ithe den chluiche seo n\u00e1 a roghanna geallt\u00f3ireachta, rud a ligeann d\u2019imreoir\u00ed a ngeallta a choigeart\u00fa chun freastal ar a mbuis\u00e9ad agus a st\u00edl imeartha. Le geall \u00edosta de ch\u00fapla cent amh\u00e1in, is f\u00e9idir le himreoir\u00ed na r\u00edleanna a sn\u00edomh agus a n-\u00e1dh a thriail ag teacht i dt\u00edr ar chomhcheangail bhuaiteacha. D\u00f3ibh si\u00fad at\u00e1 n\u00edos eachtr\u00fala, t\u00e1 roghanna geall n\u00edos airde ar f\u00e1il, rud a thugann an deis duaiseanna n\u00edos m\u00f3 f\u00f3s a bhuachan. Cuireann an cluiche r\u00e9imse gn\u00e9ithe b\u00f3nais ar f\u00e1il freisin, lena n-\u00e1ir\u00edtear spins saor in aisce agus iolraitheoir\u00ed, ar f\u00e9idir leo an poit\u00e9inseal buaite a mh\u00e9ad\u00fa go suntasach. Le r\u00e1ta ard RTP (Filleadh ar an Imreoir), cuireann an meais\u00edn sliot\u00e1n Dragon Link seans maith ar f\u00e1il d\u2019imreoir\u00ed brab\u00fas a bhaint amach. Tr\u00edd is tr\u00edd, d\u00e9anann an measc\u00e1n de roghanna geallt\u00f3ireachta sol\u00fabtha agus gn\u00e9ithe b\u00f3nais spreag\u00fala an meais\u00edn sliot\u00e1n Dragon Link ina rogha coitianta i measc lucht ceasa\u00edneo at\u00e1 ag lorg taith\u00ed cearrbhachais spreag\u00fail agus an poit\u00e9inseal le haghaidh buaiteanna m\u00f3ra.<\/p>\n<p><img loading=\"lazy\" decoding=\"async\" class=\"aligncenter size-full wp-image-8033\" src=\"https:\/\/rocketplay-new.com\/wp-content\/uploads\/2025\/07\/dragon-link-slot-machine-play-slot-for-free-1.webp\" alt=\"DRAGON LINK SLOT MACHINE - PLAY SLOT FOR FREE 2\" width=\"800\" height=\"498\" srcset=\"https:\/\/rocketplay-new.com\/wp-content\/uploads\/2025\/07\/dragon-link-slot-machine-play-slot-for-free-1.webp 800w, https:\/\/rocketplay-new.com\/wp-content\/uploads\/2025\/07\/dragon-link-slot-machine-play-slot-for-free-1-300x187.webp 300w, https:\/\/rocketplay-new.com\/wp-content\/uploads\/2025\/07\/dragon-link-slot-machine-play-slot-for-free-1-768x478.webp 768w\" sizes=\"auto, (max-width: 800px) 100vw, 800px\" \/><\/p>\n<h2>CEISTEANNA AGUS FREAGRA\u00cd COITIANTA &#8211; MEAIS\u00cdN SLOT DRAGON LINK<\/h2>\n<p>Is cluiche coitianta \u00e9 an meais\u00edn sliot\u00e1n Dragon Link i gceasa\u00edneonna ar fud an domhain, ar a dtugtar a imirt spreag\u00fail agus an cumas at\u00e1 aige buanna m\u00f3ra a bhaint amach. Ceist choitianta amh\u00e1in a bh\u00edonn ag imreoir\u00ed n\u00e1 conas a oibr\u00edonn an cluiche. I Dragon Link, sn\u00edomhann imreoir\u00ed na r\u00edleanna agus d\u00e9anann siad iarracht siombail\u00ed a mheaitse\u00e1il chun duaiseanna a bhuachan. T\u00e1 babhta\u00ed agus gn\u00e9ithe b\u00f3nais speisialta sa chluiche freisin, amhail spins saor in aisce agus iolraitheoir\u00ed, ar f\u00e9idir leo na seansanna buachan m\u00f3r a mh\u00e9ad\u00fa. Ceist choitianta eile is ea conas na seansanna buachan a mh\u00e9ad\u00fa. C\u00e9 nach bhfuil aon bhealach r\u00e1thaithe ann chun buachan ag sliot\u00e1in, is f\u00e9idir le himreoir\u00ed a seansanna a mh\u00e9ad\u00fa tr\u00ed imirt go strait\u00e9iseach, buis\u00e9ad a shocr\u00fa, agus a fhios a bheith acu cathain is ceart imeacht. Is minic a chuireann imreoir\u00ed ceist faoi ch\u00e9atad\u00e1n RTP (Filleadh ar an Imreoir) Dragon Link. Is f\u00e9idir le RTP an chluiche athr\u00fa, ach de ghn\u00e1th titeann s\u00e9 idir 90-95%, rud a chialla\u00edonn gur f\u00e9idir le himreoir\u00ed a bheith ag s\u00fail le 90-95% den airgead a gheall siad a bhuachan ar ais le himeacht ama. Tr\u00edd is tr\u00edd, is cluiche spra\u00ed\u00fail agus spreag\u00fail \u00e9 an meais\u00edn sliot\u00e1n Dragon Link d\u2019imreoir\u00ed at\u00e1 ag iarraidh a n-\u00e1dh a th\u00e1st\u00e1il agus b\u2019fh\u00e9idir buachan go m\u00f3r.<\/p>\n","protected":false},"excerpt":{"rendered":"<p>Is rogha coitianta \u00e9 an meais\u00edn sliot\u00e1n Dragon Link do na himreoir\u00ed sliot\u00e1n at\u00e1 ag lorg eisp\u00e9ireas cearrbhachais corraitheach agus spreag\u00fail. T\u00e1 t\u00e9ama dragan sa chluiche seo le grafaic\u00ed beoga agus gameplay tarraingteach. T\u00e1 deis ag na himreoir\u00ed buachan go m\u00f3r le gn\u00e9ithe cos\u00fail le spins saor in aisce, iolraitheoir\u00ed, agus pota\u00ed \u00f3ir for\u00e1sacha. Is&#8230;<\/p>\n","protected":false},"author":1,"featured_media":6242,"parent":2271,"menu_order":0,"comment_status":"closed","ping_status":"closed","template":"","meta":{"_acf_changed":false,"_kad_post_transparent":"default","_kad_post_title":"default","_kad_post_layout":"default","_kad_post_sidebar_id":"","_kad_post_content_style":"default","_kad_post_vertical_padding":"default","_kad_post_feature":"","_kad_post_feature_position":"","_kad_post_header":false,"_kad_post_footer":false,"footnotes":""},"class_list":["post-8056","page","type-page","status-publish","has-post-thumbnail","hentry"],"acf":[],"rttpg_featured_image_url":{"full":["https:\/\/rocketplay-new.com\/wp-content\/uploads\/2025\/05\/dragon-link-slot-machine-play-slot-for-free.png",1104,696,false],"landscape":["https:\/\/rocketplay-new.com\/wp-content\/uploads\/2025\/05\/dragon-link-slot-machine-play-slot-for-free.png",1104,696,false],"portraits":["https:\/\/rocketplay-new.com\/wp-content\/uploads\/2025\/05\/dragon-link-slot-machine-play-slot-for-free.png",1104,696,false],"thumbnail":["https:\/\/rocketplay-new.com\/wp-content\/uploads\/2025\/05\/dragon-link-slot-machine-play-slot-for-free-150x150.png",150,150,true],"medium":["https:\/\/rocketplay-new.com\/wp-content\/uploads\/2025\/05\/dragon-link-slot-machine-play-slot-for-free-300x189.png",300,189,true],"large":["https:\/\/rocketplay-new.com\/wp-content\/uploads\/2025\/05\/dragon-link-slot-machine-play-slot-for-free-1024x646.png",1024,646,true],"1536x1536":["https:\/\/rocketplay-new.com\/wp-content\/uploads\/2025\/05\/dragon-link-slot-machine-play-slot-for-free.png",1104,696,false],"2048x2048":["https:\/\/rocketplay-new.com\/wp-content\/uploads\/2025\/05\/dragon-link-slot-machine-play-slot-for-free.png",1104,696,false],"wppb-medium":["https:\/\/rocketplay-new.com\/wp-content\/uploads\/2025\/05\/dragon-link-slot-machine-play-slot-for-free-600x450.png",600,450,true]},"rttpg_author":{"display_name":"John","author_link":"https:\/\/rocketplay-new.com\/ga\/author\/pemvas95n89x\/"},"rttpg_comment":0,"rttpg_category":null,"rttpg_excerpt":"Is rogha coitianta \u00e9 an meais\u00edn sliot\u00e1n Dragon Link do na himreoir\u00ed sliot\u00e1n at\u00e1 ag lorg eisp\u00e9ireas cearrbhachais corraitheach agus spreag\u00fail. T\u00e1 t\u00e9ama dragan sa chluiche seo le grafaic\u00ed beoga agus gameplay tarraingteach. T\u00e1 deis ag na himreoir\u00ed buachan go m\u00f3r le gn\u00e9ithe cos\u00fail le spins saor in aisce, iolraitheoir\u00ed, agus pota\u00ed \u00f3ir for\u00e1sacha. Is...","_links":{"self":[{"href":"https:\/\/rocketplay-new.com\/ga\/wp-json\/wp\/v2\/pages\/8056","targetHints":{"allow":["GET"]}}],"collection":[{"href":"https:\/\/rocketplay-new.com\/ga\/wp-json\/wp\/v2\/pages"}],"about":[{"href":"https:\/\/rocketplay-new.com\/ga\/wp-json\/wp\/v2\/types\/page"}],"author":[{"embeddable":true,"href":"https:\/\/rocketplay-new.com\/ga\/wp-json\/wp\/v2\/users\/1"}],"replies":[{"embeddable":true,"href":"https:\/\/rocketplay-new.com\/ga\/wp-json\/wp\/v2\/comments?post=8056"}],"version-history":[{"count":3,"href":"https:\/\/rocketplay-new.com\/ga\/wp-json\/wp\/v2\/pages\/8056\/revisions"}],"predecessor-version":[{"id":8060,"href":"https:\/\/rocketplay-new.com\/ga\/wp-json\/wp\/v2\/pages\/8056\/revisions\/8060"}],"up":[{"embeddable":true,"href":"https:\/\/rocketplay-new.com\/ga\/wp-json\/wp\/v2\/pages\/2271"}],"wp:featuredmedia":[{"embeddable":true,"href":"https:\/\/rocketplay-new.com\/ga\/wp-json\/wp\/v2\/media\/6242"}],"wp:attachment":[{"href":"https:\/\/rocketplay-new.com\/ga\/wp-json\/wp\/v2\/media?parent=8056"}],"curies":[{"name":"wp","href":"https:\/\/api.w.org\/{rel}","templated":true}]}}