{"id":8028,"date":"2025-05-28T15:33:28","date_gmt":"2025-05-28T12:33:28","guid":{"rendered":"https:\/\/rocketplay-new.com\/slot-machines\/dancing-drums\/"},"modified":"2025-07-10T01:01:39","modified_gmt":"2025-07-09T22:01:39","slug":"dancing-drums","status":"publish","type":"page","link":"https:\/\/rocketplay-new.com\/ga\/slot-machines\/dancing-drums\/","title":{"rendered":"Meais\u00edn sliot\u00e1n Dancing Drums &#8211; Imir Sliot\u00e1n Saor in Aisce"},"content":{"rendered":"<p>Is cluiche meais\u00edn sliot\u00e1n coitianta \u00e9 Dancing Drums a chuireann eisp\u00e9ireas cearrbhachais spreag\u00fail agus tumtha ar f\u00e1il d\u2019imreoir\u00ed. Leis na grafaic\u00ed beoga, an ceol tarraingteach, agus an gameplay mealltach, is cinnte go gcoinneoidh an meais\u00edn sliot\u00e1n seo imreoir\u00ed siamsaithe ar feadh uaireanta an chloig. T\u00e1 r\u00e9imse siombail\u00ed agus babhta\u00ed b\u00f3nais sa chluiche ar f\u00e9idir leo buanna m\u00f3ra a bheith mar thoradh orthu, rud a fh\u00e1gann gur rogha iontach \u00e9 i measc imreoir\u00ed \u00f3c\u00e1ideacha agus imreoir\u00ed a bhfuil taith\u00ed acu araon. Agus an chuid is fearr n\u00e1 gur f\u00e9idir leat meais\u00edn sliot\u00e1n Dancing Drums a imirt saor in aisce ar l\u00edne, rud a thugann an deis duit do \u00e1dh a thriail gan aon chuid de do chuid airgid f\u00e9in a chur i mbaol. Mar sin, c\u00e9n f\u00e1th fanacht? Tabhair casadh do Dancing Drums inniu agus f\u00e9ach an bhfuil an m\u00e9id at\u00e1 ag teast\u00e1il uait chun buachan go m\u00f3r!<\/p>\n<p style=\"text-align: center;\"><div class=\"go-btn-container\"><div class=\"tosh-btn\"><a href=\"\/go-casino\/\" target=\"_blank\" rel=\"noopener\">IMIR ANOIS<\/a><\/div><\/div><\/p>\n<h2>FORBHREATHN\u00da MEAIS\u00cdN SLOT DANCING DRUMS<\/h2>\n<p>Is cluiche meais\u00edn sliot\u00e1n coitianta \u00e9 Dancing Drums a chomhcheangla\u00edonn sceitim\u00edn\u00ed na meais\u00edn\u00ed sliot\u00e1n traidisi\u00fanta le fuinneamh br\u00edomhar chult\u00far traidisi\u00fanta na S\u00edne. T\u00e1 dearadh ildaite agus tarraingteach ar an gcluiche, le siombail\u00ed cos\u00fail le leoin \u00f3rga, druma\u00ed, agus dragain damhsa ag maisi\u00fa na r\u00edleanna. Aistr\u00edtear imreoir\u00ed chuig domhan ceili\u00fartha agus \u00e1dh m\u00f3r agus iad ag sn\u00edomh na r\u00edleanna agus ag iarraidh teaglama\u00ed buaiteacha a thabhairt i dt\u00edr. Ceann de na gn\u00e9ithe is suntasa\u00ed de Dancing Drums n\u00e1 b\u00f3nas Pota \u00d3ir Fu Babies, \u00e1it a bhfuil an deis ag imreoir\u00ed ceann de cheithre phota \u00f3ir for\u00e1sacha a bhuachan. Cuireann s\u00e9 seo sraith bhreise sceitim\u00edn\u00ed agus an poit\u00e9inseal le haghaidh buaiteanna m\u00f3ra. Leis an gceol beoga, grafaic\u00ed iontacha, agus gn\u00e9ithe b\u00f3nais brab\u00fasacha, is cluiche \u00e9 Dancing Drums a choinn\u00edonn imreoir\u00ed ag teacht ar ais le haghaidh n\u00edos m\u00f3. Cib\u00e9 an imreoir sliot\u00e1n s\u00e9as\u00farach th\u00fa n\u00f3 an duine nua i saol na gceasa\u00edneonna ar l\u00edne, is cinnte go sol\u00e1thr\u00f3idh Dancing Drums uaireanta siamsa\u00edochta agus an deis buachan go m\u00f3r.<\/p>\n<p><img loading=\"lazy\" decoding=\"async\" class=\"aligncenter size-full wp-image-7978\" src=\"https:\/\/rocketplay-new.com\/wp-content\/uploads\/2025\/07\/dancing-drums-slot-machine-play-slot-for-free-1.webp\" alt=\"Dancing Drums slot machine - Play Slot for Free\" width=\"800\" height=\"419\" srcset=\"https:\/\/rocketplay-new.com\/wp-content\/uploads\/2025\/07\/dancing-drums-slot-machine-play-slot-for-free-1.webp 800w, https:\/\/rocketplay-new.com\/wp-content\/uploads\/2025\/07\/dancing-drums-slot-machine-play-slot-for-free-1-300x157.webp 300w, https:\/\/rocketplay-new.com\/wp-content\/uploads\/2025\/07\/dancing-drums-slot-machine-play-slot-for-free-1-768x402.webp 768w\" sizes=\"auto, (max-width: 800px) 100vw, 800px\" \/><\/p>\n<h2>MEAIS\u00cdN SLOT DANCING DRUMS: T\u00c9AMA, AMHAIRC, AGUS CEOL<\/h2>\n<p>Is cluiche coitianta \u00e9 an meais\u00edn sliot\u00e1n Dancing Drums i gceasa\u00edneonna ar fud an domhain, ar a dtugtar a th\u00e9ama beoga, amharcanna mealltacha, agus ceol tarraingteach. T\u00e1 an cluiche suite i su\u00edomh traidisi\u00fanta S\u00edneach, le siombail\u00ed cos\u00fail le dragain, boinn \u00e1dh\u00fala, agus barra\u00ed \u00f3ir ag maisi\u00fa na r\u00edleanna. T\u00e1 na hamharcanna iontach, le dathanna geala agus sonra\u00ed casta a thugann imreoir\u00ed chuig atmaisf\u00e9ar f\u00e9ile agus spreag\u00fail. T\u00e1 an ceol i Dancing Drums chomh hiontach c\u00e9anna, le buill\u00ed druma rithimi\u00fala agus foinn thraidisi\u00fanta na S\u00edne a chrutha\u00edonn moth\u00fa fuinnimh agus sceitim\u00edn\u00ed agus imreoir\u00ed ag sn\u00edomh na r\u00edleanna. Tr\u00edd is tr\u00edd, tagann t\u00e9ama, amharcanna, agus ceol Dancing Drums le ch\u00e9ile chun eisp\u00e9ireas cearrbhachais tumtha agus taitneamhach a chruth\u00fa d&#8217;imreoir\u00ed de gach leibh\u00e9al.<\/p>\n<h2>CONAS MEAIS\u00cdN SLOT DANCING DRUMS A IMIRT<\/h2>\n<p>Is cluiche meais\u00edn sliot\u00e1n coitianta \u00e9 Dancing Drums at\u00e1 le f\u00e1il i go leor ceasa\u00edneonna ar fud an domhain. Chun an cluiche a imirt, n\u00ed m\u00f3r d&#8217;imreoir\u00ed airgead n\u00f3 tic\u00e9ad a chur isteach sa mheais\u00edn ar dt\u00fas agus a m\u00e9id geall a roghn\u00fa. T\u00e1 c\u00faig r\u00edl agus 243 bealach chun buachan sa chluiche, rud a thugann neart deiseanna do na himreoir\u00ed teaglaim bhuaiteach a bhualadh. Is \u00e9 pr\u00edomhchusp\u00f3ir an chluiche siombail\u00ed a mheaitse\u00e1il ar na r\u00edleanna \u00f3 chl\u00e9 go deas chun duaiseanna a bhuachan. I measc cuid de na siombail\u00ed at\u00e1 le feice\u00e1il sa chluiche t\u00e1 druma\u00ed, boinn \u00f3rga, agus cl\u00fadaigh dhearg \u00e1dh\u00fala. Is f\u00e9idir le himreoir\u00ed b\u00f3nas Pota \u00d3ir Fu Babies a spreagadh freisin tr\u00ed thr\u00ed shiombail b\u00f3nais n\u00f3 n\u00edos m\u00f3 a thabhairt i dt\u00edr ar na r\u00edleanna. Tugann an ghn\u00e9 b\u00f3nais seo deis do na himreoir\u00ed ceann de cheithre phota \u00f3ir for\u00e1sacha a bhuachan. Tr\u00edd is tr\u00edd, is cluiche spra\u00ed\u00fail agus spreag\u00fail \u00e9 Dancing Drums a thugann deis do na himreoir\u00ed duaiseanna m\u00f3ra a bhuachan le gach casadh.<\/p>\n<p style=\"text-align: center;\"><div class=\"go-btn-container\"><div class=\"tosh-btn\"><a href=\"\/go-casino\/\" target=\"_blank\" rel=\"noopener\">IMIR ANOIS<\/a><\/div><\/div><\/p>\n<h2>MEAIS\u00cdN SLOT DANCING DRUMS: ROGHANNA GEALLT\u00d3IREACHTA AGUS POITEANNACHT BUAITE<\/h2>\n<p>Is cluiche coitianta \u00e9 an meais\u00edn sliot\u00e1n Dancing Drums a thairgeann r\u00e9imse roghanna geallt\u00f3ireachta agus an poit\u00e9inseal le haghaidh buaiteanna m\u00f3ra do na himreoir\u00ed. Le c\u00faig r\u00edl agus 243 bealach le buachan, t\u00e1 an deis ag na himreoir\u00ed geall a chur chomh beag le 88 cent n\u00f3 chomh m\u00f3r le $220 in aghaidh an casadh. D\u00e9anann an raon leathan roghanna geallt\u00f3ireachta seo an cluiche inrochtana d\u2019imreoir\u00ed le buis\u00e9id \u00e9ags\u00fala, \u00f3 imreoir\u00ed \u00f3c\u00e1ideacha go himreoir\u00ed ard-roll\u00e1la. Ina theannta sin, t\u00e1 pota \u00f3ir for\u00e1sach sa chluiche ar f\u00e9idir \u00e9 a spreagadh go randamach, rud a thairgeann an deis \u00edoca\u00edocht ollmh\u00f3r a bhuachan. Cuims\u00edonn an cluiche babhta b\u00f3nais spins saor in aisce freisin, rud a d\u2019fh\u00e9adfadh n\u00edos m\u00f3 buaiteanna a bheith mar thoradh air. Tr\u00edd is tr\u00edd, cuireann an meais\u00edn sliot\u00e1n Dancing Drums sceitim\u00edn\u00ed buaiteanna m\u00f3ra agus an tsol\u00fabthacht ar f\u00e1il do na himreoir\u00ed a ngeallta a chur in oiri\u00faint d\u00e1 roghanna.<\/p>\n<p><img loading=\"lazy\" decoding=\"async\" class=\"aligncenter size-full wp-image-7987\" src=\"https:\/\/rocketplay-new.com\/wp-content\/uploads\/2025\/07\/dancing-drums-slot-machine-play-slot-for-free-2.webp\" alt=\"Dancing Drums slot machine - Play Slot for Free 2\" width=\"800\" height=\"412\" srcset=\"https:\/\/rocketplay-new.com\/wp-content\/uploads\/2025\/07\/dancing-drums-slot-machine-play-slot-for-free-2.webp 800w, https:\/\/rocketplay-new.com\/wp-content\/uploads\/2025\/07\/dancing-drums-slot-machine-play-slot-for-free-2-300x155.webp 300w, https:\/\/rocketplay-new.com\/wp-content\/uploads\/2025\/07\/dancing-drums-slot-machine-play-slot-for-free-2-768x396.webp 768w\" sizes=\"auto, (max-width: 800px) 100vw, 800px\" \/><\/p>\n<h2>CEISTEANNA AGUS FREAGRA\u00cd COITIANTA &#8211; MEAIS\u00cdN SLOT DANCING DRUMS<\/h2>\n<p>Is cluiche coitianta \u00e9 an meais\u00edn sliot\u00e1n Dancing Drums i gceasa\u00edneonna ar fud an domhain, ar a dtugtar a ghrafaic\u00ed beoga agus a gameplay spreag\u00fail. Ceist choitianta amh\u00e1in a bh\u00edonn ag imreoir\u00ed n\u00e1 conas an babhta b\u00f3nais sa chluiche a spreagadh. Spreagtar an babhta b\u00f3nais i Dancing Drums nuair a thagann tr\u00ed shiombail scaipthe n\u00f3 n\u00edos m\u00f3 le feice\u00e1il ar na r\u00edleanna. Nuair a ghn\u00edomha\u00edtear an babhta b\u00f3nais, b\u00edonn an deis ag imreoir\u00ed spins saor in aisce agus iolraitheoir\u00ed a bhuachan, rud a mh\u00e9ada\u00edonn a seans bua m\u00f3r a fh\u00e1il. Ceist choitianta eile is ea conas a seans bua a mh\u00e9ad\u00fa ar mheais\u00edn sliot\u00e1n Dancing Drums. C\u00e9 nach bhfuil aon strait\u00e9is neamhdh\u00edobh\u00e1lach ann chun buachan ar mheais\u00edn\u00ed sliot\u00e1n, t\u00e1 roinnt leideanna chun do sheansanna a fheabhs\u00fa i measc imirt ag an ngeall uasta, cluich\u00ed a roghn\u00fa le c\u00e9atad\u00e1in arda RTP (filleadh ar an imreoir), agus buis\u00e9ad a shocr\u00fa sula dtosa\u00edonn t\u00fa ag imirt. Tr\u00edd is tr\u00edd, is cluiche spra\u00ed\u00fail agus spreag\u00fail \u00e9 Dancing Drums a thairgeann an deis duaiseanna m\u00f3ra a bhuachan, rud a fh\u00e1gann gur fearr leat \u00e9 i measc lucht ceasa\u00edneo.<\/p>\n","protected":false},"excerpt":{"rendered":"<p>Is cluiche meais\u00edn sliot\u00e1n coitianta \u00e9 Dancing Drums a chuireann eisp\u00e9ireas cearrbhachais spreag\u00fail agus tumtha ar f\u00e1il d\u2019imreoir\u00ed. Leis na grafaic\u00ed beoga, an ceol tarraingteach, agus an gameplay mealltach, is cinnte go gcoinneoidh an meais\u00edn sliot\u00e1n seo imreoir\u00ed siamsaithe ar feadh uaireanta an chloig. T\u00e1 r\u00e9imse siombail\u00ed agus babhta\u00ed b\u00f3nais sa chluiche ar f\u00e9idir leo&#8230;<\/p>\n","protected":false},"author":1,"featured_media":6210,"parent":2271,"menu_order":0,"comment_status":"closed","ping_status":"closed","template":"","meta":{"_acf_changed":false,"_kad_post_transparent":"default","_kad_post_title":"default","_kad_post_layout":"default","_kad_post_sidebar_id":"","_kad_post_content_style":"default","_kad_post_vertical_padding":"default","_kad_post_feature":"","_kad_post_feature_position":"","_kad_post_header":false,"_kad_post_footer":false,"footnotes":""},"class_list":["post-8028","page","type-page","status-publish","has-post-thumbnail","hentry"],"acf":[],"rttpg_featured_image_url":{"full":["https:\/\/rocketplay-new.com\/wp-content\/uploads\/2025\/05\/dancing-drums-slot-machine-play-slot-for-free.png",948,687,false],"landscape":["https:\/\/rocketplay-new.com\/wp-content\/uploads\/2025\/05\/dancing-drums-slot-machine-play-slot-for-free.png",948,687,false],"portraits":["https:\/\/rocketplay-new.com\/wp-content\/uploads\/2025\/05\/dancing-drums-slot-machine-play-slot-for-free.png",948,687,false],"thumbnail":["https:\/\/rocketplay-new.com\/wp-content\/uploads\/2025\/05\/dancing-drums-slot-machine-play-slot-for-free-150x150.png",150,150,true],"medium":["https:\/\/rocketplay-new.com\/wp-content\/uploads\/2025\/05\/dancing-drums-slot-machine-play-slot-for-free-300x217.png",300,217,true],"large":["https:\/\/rocketplay-new.com\/wp-content\/uploads\/2025\/05\/dancing-drums-slot-machine-play-slot-for-free.png",948,687,false],"1536x1536":["https:\/\/rocketplay-new.com\/wp-content\/uploads\/2025\/05\/dancing-drums-slot-machine-play-slot-for-free.png",948,687,false],"2048x2048":["https:\/\/rocketplay-new.com\/wp-content\/uploads\/2025\/05\/dancing-drums-slot-machine-play-slot-for-free.png",948,687,false],"wppb-medium":["https:\/\/rocketplay-new.com\/wp-content\/uploads\/2025\/05\/dancing-drums-slot-machine-play-slot-for-free-600x450.png",600,450,true]},"rttpg_author":{"display_name":"John","author_link":"https:\/\/rocketplay-new.com\/ga\/author\/pemvas95n89x\/"},"rttpg_comment":0,"rttpg_category":null,"rttpg_excerpt":"Is cluiche meais\u00edn sliot\u00e1n coitianta \u00e9 Dancing Drums a chuireann eisp\u00e9ireas cearrbhachais spreag\u00fail agus tumtha ar f\u00e1il d\u2019imreoir\u00ed. Leis na grafaic\u00ed beoga, an ceol tarraingteach, agus an gameplay mealltach, is cinnte go gcoinneoidh an meais\u00edn sliot\u00e1n seo imreoir\u00ed siamsaithe ar feadh uaireanta an chloig. T\u00e1 r\u00e9imse siombail\u00ed agus babhta\u00ed b\u00f3nais sa chluiche ar f\u00e9idir leo...","_links":{"self":[{"href":"https:\/\/rocketplay-new.com\/ga\/wp-json\/wp\/v2\/pages\/8028","targetHints":{"allow":["GET"]}}],"collection":[{"href":"https:\/\/rocketplay-new.com\/ga\/wp-json\/wp\/v2\/pages"}],"about":[{"href":"https:\/\/rocketplay-new.com\/ga\/wp-json\/wp\/v2\/types\/page"}],"author":[{"embeddable":true,"href":"https:\/\/rocketplay-new.com\/ga\/wp-json\/wp\/v2\/users\/1"}],"replies":[{"embeddable":true,"href":"https:\/\/rocketplay-new.com\/ga\/wp-json\/wp\/v2\/comments?post=8028"}],"version-history":[{"count":2,"href":"https:\/\/rocketplay-new.com\/ga\/wp-json\/wp\/v2\/pages\/8028\/revisions"}],"predecessor-version":[{"id":8031,"href":"https:\/\/rocketplay-new.com\/ga\/wp-json\/wp\/v2\/pages\/8028\/revisions\/8031"}],"up":[{"embeddable":true,"href":"https:\/\/rocketplay-new.com\/ga\/wp-json\/wp\/v2\/pages\/2271"}],"wp:featuredmedia":[{"embeddable":true,"href":"https:\/\/rocketplay-new.com\/ga\/wp-json\/wp\/v2\/media\/6210"}],"wp:attachment":[{"href":"https:\/\/rocketplay-new.com\/ga\/wp-json\/wp\/v2\/media?parent=8028"}],"curies":[{"name":"wp","href":"https:\/\/api.w.org\/{rel}","templated":true}]}}