{"id":4513,"date":"2024-01-19T14:01:58","date_gmt":"2024-01-19T11:01:58","guid":{"rendered":"https:\/\/rocketplay-new.com\/underage-gaming-policy\/"},"modified":"2024-01-20T00:39:47","modified_gmt":"2024-01-19T21:39:47","slug":"underage-gaming-policy","status":"publish","type":"page","link":"https:\/\/rocketplay-new.com\/ga\/underage-gaming-policy\/","title":{"rendered":"Beartas Cearrbhachais Faoi Aois"},"content":{"rendered":"<p>I dt\u00edrdhreach dinimici\u00fail na gceasa\u00edneonna ar l\u00edne, seasann RocketPlay Casino amach as a thaith\u00ed cearrbhachais spreag\u00fail agus a thiomantas do chearrbhachas freagrach. Tuigeann an ceasa\u00edneo an t\u00e1bhacht a bhaineann le foll\u00e1ine a chuid imreoir\u00ed a chosaint, go h\u00e1irithe iad si\u00fad at\u00e1 faoi aois. D\u00edr\u00edtear san fhorbhreathn\u00fa cuimsitheach seo ar Bheartas Cearrbhachais Faoi Aois RocketPlay Casino, ag ini\u00fachadh na mbeart d\u00e9ine chun timpeallacht chearrbhachais shl\u00e1n agus thaitneamhach a chinnti\u00fa do ch\u00e1ch.<\/p>\n<h2>R\u00e9amhr\u00e1 ar Ghealltanas RocketPlay Casino<\/h2>\n<p>T\u00e1 RocketPlay Casino br\u00f3d\u00fail as timpeallacht cearrbhachais at\u00e1 freagrach agus eitici\u00fail a choth\u00fa. Ag aithint na riosca\u00ed f\u00e9ideartha a bhaineann le cearrbhachas faoi aois, t\u00e1 Polasa\u00ed Cearrbhachais Faoi Aois curtha i bhfeidhm ag an gceasa\u00edneo. T\u00e1 an beartas seo deartha chun aon iarrachta\u00ed \u00f3 dhaoine aonair faoi bhun na haoise dl\u00edthi\u00fail cearrbhachais rochtain a fh\u00e1il ar ghn\u00edomha\u00edochta\u00ed cearrbhachais f\u00edor-airgid ar an ard\u00e1n agus gabh\u00e1il d\u00f3ibh a bhrath.<\/p>\n<h2>Pr\u00f3tacail F\u00edoraithe Aoise: An Ch\u00e9ad L\u00edne Chosanta<\/h2>\n<p>Ceann de bhunchlocha Pholasa\u00ed Cearrbhachais Faoi Aois RocketPlay Casino n\u00e1 a phr\u00f3iseas f\u00edoraithe aoise dian. Sula bhf\u00e9adfaidh imreoir cl\u00e1r\u00fa agus cuntas a chruth\u00fa, n\u00ed m\u00f3r d\u00f3 faisn\u00e9is phearsanta chruinn a shol\u00e1thar, lena n-\u00e1ir\u00edtear a dh\u00e1ta breithe. D\u00e9antar an fhaisn\u00e9is seo a chrostagairt le bunachair shonra\u00ed seachtracha chun aois agus c\u00e9annacht an imreora a dhearbh\u00fa.<\/p>\n<p>\u00das\u00e1ideann an ceasa\u00edneo teicneola\u00edocht cheannr\u00f3da\u00edoch chun cruinneas agus \u00e9ifeacht\u00falacht an phr\u00f3isis seo a chinnti\u00fa. F\u00edora\u00edonn RocketPlay Casino bar\u00e1nt\u00falacht doicim\u00e9ad a cuireadh isteach, amhail aitheantais n\u00f3 pasanna arna n-eisi\u00faint ag an rialtas, tr\u00ed bheala\u00ed sl\u00e1na agus criptithe. Is \u00e9 an pr\u00f3tacal f\u00edoraithe d\u00e9ine seo an bac tosaigh a chuireann cosc ar dhaoine faoi bhun na haoise dl\u00edthi\u00fala dul isteach sa r\u00e9imse cearrbhachais.<\/p>\n<h2>Tionscnaimh Oideachais: Rannph\u00e1irtithe agus Caomhn\u00f3ir\u00ed a Chumhacht\u00fa<\/h2>\n<p>Aithn\u00edonn RocketPlay Casino t\u00e1bhacht an oideachais maidir le hiompar freagrach cearrbhachas a chur chun cinn. Infheist\u00edonn an ceasa\u00edneo i dtionscnaimh chuimsitheacha oideachais d\u2019imreoir\u00ed agus d\u00e1 gcaomhn\u00f3ir\u00ed. T\u00e1 acmhainn\u00ed faisn\u00e9iseacha ar f\u00e1il go h\u00e9asca ar an ard\u00e1n, a chl\u00fada\u00edonn \u00e1bhair mar na riosca\u00ed a bhaineann le cearrbhachas faoi aois, comhartha\u00ed rabhaidh, agus an t\u00e1bhacht a bhaineann le maoirseacht tuismitheora.<\/p>\n<p>Chomh maith leis na hacmhainn\u00ed seo, b\u00edonn caidreamh gn\u00edomhach ag RocketPlay Casino lena phobal tr\u00ed nuachtlitreacha, post\u00e1lacha blag agus beala\u00ed me\u00e1n s\u00f3isialta. Is \u00e9 an sprioc n\u00e1 idirphl\u00e9 oscailte a choth\u00fa maidir le cleachtais chearrbhachais fhreagracha agus imreoir\u00ed a spreagadh chun cinnt\u00ed eolasacha a dh\u00e9anamh faoina ngn\u00edomha\u00edochta\u00ed cearrbhachais.<\/p>\n<h2>Rialuithe Tuismitheoir\u00ed: Caomhn\u00f3ir\u00ed a Chumhacht\u00fa chun Cosaint<\/h2>\n<p>T\u00e9ann RocketPlay Casino c\u00e9im eile ar aghaidh tr\u00ed ghn\u00e9ithe l\u00e1idre rialaithe tuismitheoir\u00ed a shol\u00e1thar. Cuireann na gn\u00e9ithe seo ar chumas caomhn\u00f3ir\u00ed r\u00f3l gn\u00edomhach a ghlacadh i monat\u00f3ireacht agus rial\u00fa a dh\u00e9anamh ar rochtain a leana\u00ed faoi aois ar an ard\u00e1n. Tr\u00ed na socruithe cuntais, is f\u00e9idir le tuismitheoir\u00ed teorainneacha a leagan s\u00edos ar chaiteachas agus ar fhad cearrbhachais agus fi\u00fa srian a chur ar chluich\u00ed \u00e1irithe a d\u2019fh\u00e9adfadh a bheith m\u00edchu\u00ed do mhionaoisigh.<\/p>\n<p>Aithn\u00edonn RocketPlay Casino an fhreagracht roinnte idir an t-ard\u00e1n agus na caomhn\u00f3ir\u00ed maidir le timpeallacht chearrbhachais sh\u00e1bh\u00e1ilte agus rialaithe a chinnti\u00fa do dhaoine \u00f3ga tr\u00ed na rialuithe saincheaptha seo do thuismitheoir\u00ed a thairiscint.<\/p>\n<h2>Faireach\u00e1n F\u00edor-Ama: Faireachas i gCoinne Rochtana Faoi Aois<\/h2>\n<p>T\u00e1 r\u00f3l l\u00e1rnach ag an teicneola\u00edocht maidir le sl\u00e1ine Pholasa\u00ed Cearrbhachais Faoi Aois RocketPlay Casino a choinne\u00e1il. \u00das\u00e1ideann an t-ard\u00e1n arduirlis\u00ed monat\u00f3ireachta a fheidhm\u00edonn i bhf\u00edor-am chun aon iarrachta\u00ed ar rochtain faoi aois a bhrath agus a chosc. Spreagann patr\u00fain iompra\u00edochta amhrasacha, amhail iarrachta\u00ed rialta cl\u00e1r\u00fa le faisn\u00e9is bhr\u00e9agach n\u00f3 rochtain ar\u00eds agus ar\u00eds eile \u00f3 fheiste amh\u00e1in, imscr\u00faduithe l\u00e1ithreacha.<\/p>\n<p>Oibr\u00edonn foireann tiomnaithe gairmithe sl\u00e1nd\u00e1la an cheasa\u00edneo 2012 uair an chloig chun monat\u00f3ireacht a dh\u00e9anamh ar na fol\u00e1irimh seo. M\u00e1 aims\u00edtear aon neamhrialtachta\u00ed, glactar gn\u00edomh tapa chun cuntais a chur ar fionra\u00ed, chun imscr\u00faduithe cr\u00edochn\u00fala a dh\u00e9anamh agus, m\u00e1s g\u00e1, chun an teagmhas a thuairisci\u00fa do na h\u00fadar\u00e1is \u00e1bhartha.<\/p>\n<h2>Iarmhairt\u00ed as S\u00e1ruithe: Ag Seasamh le Cuntasacht<\/h2>\n<p>N\u00ed fh\u00e1gann RocketPlay Casino aon sp\u00e1s le haghaidh tr\u00f3caire maidir le s\u00e1ruithe ar a Bheartas Cearrbhachais Faoi Aois. Tugtar breac-chuntas ar iarmhairt\u00ed soil\u00e9ire do dhaoine aonair ar bith a ghlactar ag iarraidh an pr\u00f3iseas f\u00edoraithe aoise a mhealladh n\u00f3 a bh\u00edonn ag gabh\u00e1il do chearrbhachas f\u00edor-airgid agus iad faoi aois. F\u00e9adfaidh smachtbhanna\u00ed a bheith sa raon \u00f3 fhionra\u00ed cuntas sealadach go toirmisc bhuana, ag brath ar dh\u00e9ine an ts\u00e1raithe.<\/p>\n<p>Ina theannta sin, comhoibr\u00edonn an ceasa\u00edneo go dl\u00fath le gn\u00edomhaireachta\u00ed forghn\u00edomhaithe an dl\u00ed lena chinnti\u00fa go dt\u00f3gtar caingean dl\u00ed i gcoinne na ndaoine a dh\u00e9anann iarracht go feasach na rialach\u00e1in chearrbhachais faoi aois a sh\u00e1r\u00fa. Cuireann an tiomantas seo do chuntasacht teachtaireacht l\u00e1idir go bhfuil RocketPlay Casino tiomanta do na caighde\u00e1in is airde ionracais agus dl\u00edthi\u00falachta a sheasamh sa tionscal cearrbhachais ar l\u00edne.<\/p>\n<h2>Cur Chuige Ioml\u00e1na\u00edoch maidir le Cearrbhachas Freagrach<\/h2>\n<p>Mar fhocal scoir, is teist \u00e9 Beartas Cearrbhachais Faoi Aois RocketPlay Casino ar a thiomantas do thimpeallacht chearrbhachais shl\u00e1n agus fhreagrach a choth\u00fa. Tr\u00ed phr\u00f3isis dhianfh\u00edoraithe aoise, tionscnaimh oideachais, rialuithe tuismitheoir\u00ed, faireach\u00e1n f\u00edor-ama, agus iarmhairt\u00ed cinntitheacha do sh\u00e1ruithe, glacann an ceasa\u00edneo cur chuige ioml\u00e1na\u00edoch chun daoine aonair faoi aois a chosaint \u00f3 dh\u00edobh\u00e1lacha f\u00e9ideartha an chearrbhachais a chinnti\u00fa.<\/p>\n<p>Tr\u00ed a strait\u00e9is\u00ed a fhorbairt go lean\u00fanach agus fanacht ar th\u00fas cadhna\u00edochta na gcleachtas cearrbhachais freagrach, sol\u00e1thra\u00edonn RocketPlay Casino ard\u00e1n cearrbhachais siams\u00fail. Leagann s\u00e9 s\u00edos caighde\u00e1n maidir le hiompar eitici\u00fail sa tionscal ceasa\u00edneo ar l\u00edne. Is f\u00e9idir le himreoir\u00ed agus caomhn\u00f3ir\u00ed araon muin\u00edn a bheith acu gur ardtosa\u00edocht \u00ed a bhfoll\u00e1ine, rud a fh\u00e1gann go mbeidh RocketPlay Casino ina cheannaire ar eisp\u00e9iris cearrbhachais ar l\u00edne at\u00e1 freagrach agus taitneamhach.<\/p>\n","protected":false},"excerpt":{"rendered":"<p>I dt\u00edrdhreach dinimici\u00fail na gceasa\u00edneonna ar l\u00edne, seasann RocketPlay Casino amach as a thaith\u00ed cearrbhachais spreag\u00fail agus a thiomantas do chearrbhachas freagrach. Tuigeann an ceasa\u00edneo an t\u00e1bhacht a bhaineann le foll\u00e1ine a chuid imreoir\u00ed a chosaint, go h\u00e1irithe iad si\u00fad at\u00e1 faoi aois. D\u00edr\u00edtear san fhorbhreathn\u00fa cuimsitheach seo ar Bheartas Cearrbhachais Faoi Aois RocketPlay Casino,&#8230;<\/p>\n","protected":false},"author":1,"featured_media":0,"parent":0,"menu_order":0,"comment_status":"closed","ping_status":"closed","template":"","meta":{"_acf_changed":false,"_kad_post_transparent":"default","_kad_post_title":"default","_kad_post_layout":"default","_kad_post_sidebar_id":"","_kad_post_content_style":"default","_kad_post_vertical_padding":"default","_kad_post_feature":"","_kad_post_feature_position":"","_kad_post_header":false,"_kad_post_footer":false,"footnotes":""},"class_list":["post-4513","page","type-page","status-publish","hentry"],"acf":[],"rttpg_featured_image_url":null,"rttpg_author":{"display_name":"John","author_link":"https:\/\/rocketplay-new.com\/ga\/author\/pemvas95n89x\/"},"rttpg_comment":0,"rttpg_category":null,"rttpg_excerpt":"I dt\u00edrdhreach dinimici\u00fail na gceasa\u00edneonna ar l\u00edne, seasann RocketPlay Casino amach as a thaith\u00ed cearrbhachais spreag\u00fail agus a thiomantas do chearrbhachas freagrach. Tuigeann an ceasa\u00edneo an t\u00e1bhacht a bhaineann le foll\u00e1ine a chuid imreoir\u00ed a chosaint, go h\u00e1irithe iad si\u00fad at\u00e1 faoi aois. D\u00edr\u00edtear san fhorbhreathn\u00fa cuimsitheach seo ar Bheartas Cearrbhachais Faoi Aois RocketPlay Casino,...","_links":{"self":[{"href":"https:\/\/rocketplay-new.com\/ga\/wp-json\/wp\/v2\/pages\/4513","targetHints":{"allow":["GET"]}}],"collection":[{"href":"https:\/\/rocketplay-new.com\/ga\/wp-json\/wp\/v2\/pages"}],"about":[{"href":"https:\/\/rocketplay-new.com\/ga\/wp-json\/wp\/v2\/types\/page"}],"author":[{"embeddable":true,"href":"https:\/\/rocketplay-new.com\/ga\/wp-json\/wp\/v2\/users\/1"}],"replies":[{"embeddable":true,"href":"https:\/\/rocketplay-new.com\/ga\/wp-json\/wp\/v2\/comments?post=4513"}],"version-history":[{"count":2,"href":"https:\/\/rocketplay-new.com\/ga\/wp-json\/wp\/v2\/pages\/4513\/revisions"}],"predecessor-version":[{"id":4515,"href":"https:\/\/rocketplay-new.com\/ga\/wp-json\/wp\/v2\/pages\/4513\/revisions\/4515"}],"wp:attachment":[{"href":"https:\/\/rocketplay-new.com\/ga\/wp-json\/wp\/v2\/media?parent=4513"}],"curies":[{"name":"wp","href":"https:\/\/api.w.org\/{rel}","templated":true}]}}