{"id":4489,"date":"2024-01-19T12:38:01","date_gmt":"2024-01-19T09:38:01","guid":{"rendered":"https:\/\/rocketplay-new.com\/terms-conditions\/"},"modified":"2024-01-20T00:14:41","modified_gmt":"2024-01-19T21:14:41","slug":"terms-conditions","status":"publish","type":"page","link":"https:\/\/rocketplay-new.com\/ga\/terms-conditions\/","title":{"rendered":"T\u00e9arma\u00ed agus Coinn\u00edollacha"},"content":{"rendered":"<p>Cuireann RocketPlay Casino imreoir\u00ed isteach i gcruinne cluich\u00edochta ar l\u00edne corraitheach, ag gealladh eisp\u00e9ireas a sh\u00e1ra\u00edonn an gn\u00e1th. Sula dt\u00e9ann t\u00fa i mbun seolt\u00f3ireachta ar an eachtra dhigiteach seo, t\u00e1 s\u00e9 r\u00edth\u00e1bhachtach ini\u00fachadh a dh\u00e9anamh ar na t\u00e9arma\u00ed agus na coinn\u00edollacha a fheidhm\u00edonn mar na r\u00e9alta\u00ed treorach tr\u00edd an turas cluich\u00edochta cosma\u00ed seo.<\/p>\n<h2>Admh\u00e1il agus C\u00fanant<\/h2>\n<p>Agus t\u00fa ag dul isteach i bhfithis RocketPlay Casino, dearbha\u00edonn t\u00fa do thuiscint agus do ghlacadh leis na t\u00e9arma\u00ed agus na coinn\u00edollacha at\u00e1 leagtha s\u00edos. Cuimhnigh go bhf\u00e9adfadh meiteamorf\u00f3is a dh\u00e9anamh ar na treoirl\u00ednte cosmacha seo, agus t\u00e1 s\u00e9 de dhualgas ort fanacht ar an eolas le haghaidh nuashonruithe a d&#8217;fh\u00e9adfadh cruth a chur ar do shiubhal cearrbhachais idir-r\u00e9altach.<\/p>\n<h2>C\u00e1ilitheacht Imreora R\u00e9altrach<\/h2>\n<p>T\u00e1 RocketPlay Casino i bhfithis na gn\u00e9ithe dl\u00edthi\u00fala, ag freastal ar dhaoine aonair r\u00e9altbhu\u00edonta in aois dleathach gambling. N\u00ed m\u00f3r d\u2019imreoir\u00ed ail\u00edni\u00fa le dl\u00edthe a ndl\u00edns\u00ed cosmacha faoi seach, ag cinnti\u00fa a n-inch\u00e1ilitheacht chun p\u00e1irt a ghlacadh in iontais neamha\u00ed an chearrbhachais ar l\u00edne.<\/p>\n<h2>Cruth\u00fa Cuntas R\u00e9alt<\/h2>\n<p>Chun r\u00fandiamhra RocketPlay Casino a dh\u00edghlas\u00e1il, n\u00ed m\u00f3r d\u2019imreoir\u00ed nasc cosma\u00ed a chruth\u00fa tr\u00ed chuntas a chruth\u00fa. Le linn an tionscnaimh chosma\u00ed seo, t\u00e1 s\u00e9 r\u00edth\u00e1bhachtach faisn\u00e9is chruinn a nochtadh. T\u00e1 s\u00e9 r\u00edth\u00e1bhachtach r\u00fain neamha\u00ed do chuntais a chosaint, toisc nach bhfuil dinti\u00fair chosma\u00ed i gceist le roinnt le neacha diaga eile.<\/p>\n<h2>C\u00f3ir-Imeartha Cosma\u00ed agus Cearrbhachas Freagrach<\/h2>\n<p>D\u00e9anann RocketPlay Casino c\u00fais na cothroime chosma\u00ed agus an chearrbhachais fhreagraigh a chur chun cinn, ag iarraidh ar imreoir\u00ed an cosmos a nasclean\u00faint le braistint freagrachta. Tugann an t-ard\u00e1n uirlis\u00ed cos\u00fail le teorainneacha taisce chosma\u00ed, r\u00e9altn\u00e9alta fuaraithe, agus olln\u00f3va\u00ed f\u00e9in-eisiaimh d\u2019imreoir\u00ed chun a chinnti\u00fa go bhfanann a dturas cosma\u00ed cothrom agus taitneamhach.<\/p>\n<h2>Idirbhearta Interstellar<\/h2>\n<p>Is \u00e9ard at\u00e1 i gceist le hidirbhearta a th\u00e9ann thar an speictream cosma\u00ed a bheath\u00fa le do odyssey RocketPlay Casino. Ba cheart go mbeadh a fhios ag imreoir\u00ed na dola\u00ed cosmacha f\u00e9ideartha a bhaineann le h\u00e9arlais\u00ed agus aistarraingt\u00ed, ag brath ar na beala\u00ed \u00edoca\u00edochta roghnaithe. F\u00e9adfaidh \u00edosteorainneacha agus uasteorainneacha idirbhearta na malartuithe cosmacha sin a rial\u00fa freisin.<\/p>\n<h2>Ardaithe C\u00e9ime Neamha\u00ed agus B\u00f3nais<\/h2>\n<p>Tugann RocketPlay Casino cithfholcadh ar imreoir\u00ed le harduithe c\u00e9ime neamha\u00ed agus b\u00f3nais, ag cur leis an taith\u00ed chosma\u00ed. Tagann gach tairiscint astral lena r\u00e9altbhu\u00edon neamha\u00ed t\u00e9arma\u00ed agus coinn\u00edollacha. L\u00e9ir\u00edonn ceanglais geallchur, aml\u00ednte \u00e9aga, agus crit\u00e9ir inch\u00e1ilitheachta an cos\u00e1n neamha\u00ed d\u00f3ibh si\u00fad at\u00e1 ag iarraidh leas a bhaint as na dreasachta\u00ed cosmacha seo.<\/p>\n<h2>Rialacha Uil\u00edoch Imirt na gCluich\u00ed<\/h2>\n<p>Clo\u00edonn gach cluiche i leabharlann chosma\u00ed RocketPlay Casino le rialacha uil\u00edocha. N\u00ed m\u00f3r d\u2019imreoir\u00ed eolas a chur ar na horduithe neamha\u00ed seo chun p\u00e1irt a ghlacadh sna r\u00e9altbhu\u00edonta cearrbhachais. T\u00e1 toirmisc chosma\u00ed i gcoinne caimil\u00e9ireachta, claonph\u00e1irteachta, n\u00f3 calaoise idir-r\u00e9altach i bhfeidhm go docht, le hiarmhairt\u00ed \u00f3 fhionra\u00ed neamha\u00ed go foirceannadh cuntas.<\/p>\n<h2>Cearta Cosma\u00ed Maoine Intleacht\u00fala<\/h2>\n<p>Laistigh de theorainneacha cosmacha RocketPlay Casino, t\u00e1 maoin intleacht\u00fail naofa. Is d\u00e9ant\u00e1in neamha\u00ed iad l\u00f3g\u00f3nna, grafaic\u00ed agus bogearra\u00ed at\u00e1 cosanta ag dl\u00edthe Cosma\u00ed. Bronntar cead\u00fanas teoranta neamh-inaistrithe d\u2019imreoir\u00ed chun an r\u00e9imse astral seo a ini\u00fachadh le haghaidh siamsa\u00edochta pearsanta amh\u00e1in. T\u00e1 cosc ioml\u00e1n ar aon s\u00e1r\u00fa cosma\u00ed ar na cearta seo.<\/p>\n<h2>Foirceannadh Cuntas Cosma\u00ed<\/h2>\n<p>Tugann RocketPlay Casino an t-\u00fadar\u00e1s cosma\u00ed chun cuntais a fhoirceannadh n\u00f3 a fhionra\u00ed d\u00e1 rogha neamha\u00ed. F\u00e9adfaidh an breithi\u00fanas neamha\u00ed seo titim orthu si\u00fad a bh\u00edonn ag gabh\u00e1il do chalaois, a sh\u00e1ra\u00edonn na t\u00e9arma\u00ed cosma\u00ed, n\u00f3 a thaispe\u00e1nann iompar a mheastar a bheith m\u00ed-oiri\u00fanach don br\u00e1ithreachas naofa. Moltar faireachas cosma\u00ed, agus spreagtar imreoir\u00ed athbhreithni\u00fa rialta a dh\u00e9anamh ar na t\u00e9arma\u00ed cosma\u00ed.<\/p>\n<h2>Taca\u00edocht do Chustaim\u00e9ir\u00ed r\u00e9altbhu\u00edon<\/h2>\n<p>I gc\u00e1s imreoir\u00ed at\u00e1 ag seoladh fairsinge neamha\u00ed RocketPlay Casino, t\u00e1 foireann taca\u00edochta custaim\u00e9ara cosma\u00ed r\u00e9idh. Sol\u00e1thra\u00edonn an ceasa\u00edneo taca\u00edocht thr\u00e1th\u00fail agus \u00e9ifeachtach tr\u00ed chomhr\u00e1 beo, r\u00edomhphost, agus seolad\u00e1in astral eile, ag cinnti\u00fa odyssey cearrbhachais comhchu\u00ed do gach imreoir.<\/p>\n<h2>S\u00e9anadh R\u00e9alt<\/h2>\n<p>Cuireann RocketPlay Casino a dtairiscint\u00ed cosmacha i l\u00e1thair ar bhonn &#8220;mar at\u00e1&#8221;, ag s\u00e9anadh bar\u00e1ntais neamha\u00ed n\u00f3 uir\u00edll. Trasna\u00edonn imreoir\u00ed an r\u00e9imse astral seo ar a mbaol cosma\u00ed f\u00e9in, agus an ceasa\u00edneo scaoilte \u00f3 aon dliteanais chosma\u00ed a eascra\u00edonn as \u00fas\u00e1id a sheirbh\u00eds\u00ed neamha\u00ed.<\/p>\n<p>Mar fhocal scoir, tugann RocketPlay Casino cuireadh do na himreoir\u00ed p\u00e1irt a ghlacadh in odais\u00e9 cluich\u00edochta neamha\u00ed. Tr\u00ed na t\u00e9arma\u00ed agus na coinn\u00edollacha cosmacha at\u00e1 leagtha amach thuas a mh\u00e1istir agus clo\u00ed leo, is f\u00e9idir le himreoir\u00ed a n-\u00e9al\u00fa cearrbhachais a ard\u00fa agus ag an am c\u00e9anna cur le sl\u00e1ine neamha\u00ed an ard\u00e1in eile seo. T\u00e1 rendezvous Cosma\u00ed ag fanacht leo si\u00fad ar mhaith leo ini\u00fachadh a dh\u00e9anamh &#8211; go mbeidh do r\u00e9alta\u00ed cearrbhachais ag taitneamh!<\/p>\n","protected":false},"excerpt":{"rendered":"<p>Cuireann RocketPlay Casino imreoir\u00ed isteach i gcruinne cluich\u00edochta ar l\u00edne corraitheach, ag gealladh eisp\u00e9ireas a sh\u00e1ra\u00edonn an gn\u00e1th. Sula dt\u00e9ann t\u00fa i mbun seolt\u00f3ireachta ar an eachtra dhigiteach seo, t\u00e1 s\u00e9 r\u00edth\u00e1bhachtach ini\u00fachadh a dh\u00e9anamh ar na t\u00e9arma\u00ed agus na coinn\u00edollacha a fheidhm\u00edonn mar na r\u00e9alta\u00ed treorach tr\u00edd an turas cluich\u00edochta cosma\u00ed seo. Admh\u00e1il agus&#8230;<\/p>\n","protected":false},"author":1,"featured_media":0,"parent":0,"menu_order":0,"comment_status":"closed","ping_status":"closed","template":"","meta":{"_acf_changed":false,"_kad_post_transparent":"default","_kad_post_title":"default","_kad_post_layout":"default","_kad_post_sidebar_id":"","_kad_post_content_style":"default","_kad_post_vertical_padding":"default","_kad_post_feature":"","_kad_post_feature_position":"","_kad_post_header":false,"_kad_post_footer":false,"footnotes":""},"class_list":["post-4489","page","type-page","status-publish","hentry"],"acf":[],"rttpg_featured_image_url":null,"rttpg_author":{"display_name":"John","author_link":"https:\/\/rocketplay-new.com\/ga\/author\/pemvas95n89x\/"},"rttpg_comment":0,"rttpg_category":null,"rttpg_excerpt":"Cuireann RocketPlay Casino imreoir\u00ed isteach i gcruinne cluich\u00edochta ar l\u00edne corraitheach, ag gealladh eisp\u00e9ireas a sh\u00e1ra\u00edonn an gn\u00e1th. Sula dt\u00e9ann t\u00fa i mbun seolt\u00f3ireachta ar an eachtra dhigiteach seo, t\u00e1 s\u00e9 r\u00edth\u00e1bhachtach ini\u00fachadh a dh\u00e9anamh ar na t\u00e9arma\u00ed agus na coinn\u00edollacha a fheidhm\u00edonn mar na r\u00e9alta\u00ed treorach tr\u00edd an turas cluich\u00edochta cosma\u00ed seo. Admh\u00e1il agus...","_links":{"self":[{"href":"https:\/\/rocketplay-new.com\/ga\/wp-json\/wp\/v2\/pages\/4489","targetHints":{"allow":["GET"]}}],"collection":[{"href":"https:\/\/rocketplay-new.com\/ga\/wp-json\/wp\/v2\/pages"}],"about":[{"href":"https:\/\/rocketplay-new.com\/ga\/wp-json\/wp\/v2\/types\/page"}],"author":[{"embeddable":true,"href":"https:\/\/rocketplay-new.com\/ga\/wp-json\/wp\/v2\/users\/1"}],"replies":[{"embeddable":true,"href":"https:\/\/rocketplay-new.com\/ga\/wp-json\/wp\/v2\/comments?post=4489"}],"version-history":[{"count":1,"href":"https:\/\/rocketplay-new.com\/ga\/wp-json\/wp\/v2\/pages\/4489\/revisions"}],"predecessor-version":[{"id":4490,"href":"https:\/\/rocketplay-new.com\/ga\/wp-json\/wp\/v2\/pages\/4489\/revisions\/4490"}],"wp:attachment":[{"href":"https:\/\/rocketplay-new.com\/ga\/wp-json\/wp\/v2\/media?parent=4489"}],"curies":[{"name":"wp","href":"https:\/\/api.w.org\/{rel}","templated":true}]}}