{"id":4461,"date":"2024-01-19T12:21:26","date_gmt":"2024-01-19T09:21:26","guid":{"rendered":"https:\/\/rocketplay-new.com\/responsible-gaming\/"},"modified":"2024-01-19T23:38:35","modified_gmt":"2024-01-19T20:38:35","slug":"responsible-gaming","status":"publish","type":"page","link":"https:\/\/rocketplay-new.com\/ga\/responsible-gaming\/","title":{"rendered":"Cearrbhachas Freagrach"},"content":{"rendered":"<p>I saol spleodrach na gceasa\u00edneonna ar l\u00edne, seasann RocketPlay amach n\u00ed hamh\u00e1in as a chuid cluich\u00ed corraitheacha agus a dteicneola\u00edocht cheannr\u00f3da\u00edoch ach freisin as a thiomantas do chearrbhachas freagrach. Mar ard\u00e1n cuntasach agus imreoir-l\u00e1rnach, cuireann RocketPlay Casino foll\u00e1ine a chuid \u00fas\u00e1ideoir\u00ed chun tosaigh, ag cinnti\u00fa timpeallacht cluich\u00edochta at\u00e1 s\u00e1bh\u00e1ilte agus taitneamhach do ch\u00e1ch. Scr\u00fada\u00edonn an ini\u00fachadh cuimsitheach seo na gn\u00e9ithe \u00e9ags\u00fala de thionscnaimh cearrbhachais freagracha RocketPlay, ag cur b\u00e9ime ar na bearta a glacadh chun eisp\u00e9ireas cearrbhachas sl\u00e1inti\u00fail a chur chun cinn.<\/p>\n<h2>Polasaithe um Chosaint Imreoir\u00ed<\/h2>\n<p>Ag RocketPlay Casino, lu\u00edonn bun\u00fas an chearrbhachais fhreagraigh i mbeartais l\u00e1idre um chosaint imreoir\u00ed. Clo\u00edonn an t-ard\u00e1n go docht le dea-chleachtais tionscail agus caighde\u00e1in rial\u00e1la chun a chuid \u00fas\u00e1ideoir\u00ed a chosaint. T\u00e1 pr\u00f3isis dhianfh\u00edoraithe aoise i bhfeidhm lena chinnti\u00fa nach bhfaigheann ach daoine aonair in aois dhl\u00edthi\u00fail an chearrbhachais rochtain ar an ard\u00e1n. Cuireann an cur chuige mionch\u00faiseach seo cosc ar chearrbhachas faoi aois agus cuireann s\u00e9 sp\u00e1s cearrbhachais sl\u00e1n iontaofa chun cinn.<\/p>\n<h2>Tionscnaimh Oideachais<\/h2>\n<p>Tuigeann RocketPlay an t\u00e1bhacht a bhaineann le cinnteoireacht eolasach maidir le cearrbhachas ar l\u00edne. T\u00e9ann an t-ard\u00e1n n\u00edos faide agus n\u00edos faide tr\u00ed thionscnaimh chuimsitheacha oideachais a chur i bhfeidhm chun feasacht a choth\u00fa ar chleachtais chearrbhachais fhreagracha. Tr\u00ed ailt faisn\u00e9iseacha, ranganna teagaisc idirghn\u00edomhacha, agus \u00e1bhar tarraingteach, tugann RocketPlay an t-eolas ar a chuid imreoir\u00ed chun roghanna freagracha a dh\u00e9anamh. I measc na n-\u00e1bhar t\u00e1 tuiscint ar na riosca\u00ed a bhaineann le cearrbhachas go comhartha\u00ed iompair fhadhbach a aithint agus cult\u00far de chearrbhachas eolasach cuntasach a chruth\u00fa.<\/p>\n<h2>Roghanna F\u00e9in-Eisiamh<\/h2>\n<p>Ag aithint go bhf\u00e9adfadh go mbeadh sos \u00f3 chearrbhachas ag teast\u00e1il \u00f3 roinnt imreoir\u00ed, sol\u00e1thra\u00edonn RocketPlay Casino roghanna f\u00e9in-eisiaimh. Ligeann an ghn\u00e9 chumhachtaithe seo d\u2019\u00fas\u00e1ideoir\u00ed smacht a ghlacadh ar a gcuid n\u00f3sanna cearrbhachais tr\u00ed iad f\u00e9in a eisiamh go deonach \u00f3n ard\u00e1n ar feadh tr\u00e9imhse sonraithe. N\u00ed f\u00e9idir le h\u00fas\u00e1ideoir\u00ed rochtain a fh\u00e1il ar a gcuntais le linn an ama seo, rud a threis\u00edonn an t\u00e1bhacht a bhaineann le cearrbhachas freagrach agus imreoir\u00ed a spreagadh chun sosanna a ghlacadh nuair is g\u00e1. Is teist \u00ed an ghn\u00e9 f\u00e9in-eisiaimh ar thiomantas RocketPlay chun cothroma\u00edocht shl\u00e1inti\u00fail a chur chun cinn idir siamsa\u00edocht agus cearrbhachas freagrach.<\/p>\n<h2>Teorainneacha ar Thaisc\u00ed agus P\u00e1<\/h2>\n<p>T\u00e1 teorainneacha ar thaisc\u00ed agus geallta curtha i bhfeidhm ag RocketPlay Casino chun cearrbhachas iomarcach a chosc agus freagracht airgeadais a chur chun cinn. Is f\u00e9idir le himreoir\u00ed teorainneacha pearsantaithe a shocr\u00fa ar a gcuntais, ag cinnti\u00fa go bhfanann siad laistigh de theorainneacha r\u00e9amhshainithe. Is f\u00e9idir na teorainneacha sin a choigeart\u00fa bunaithe ar roghanna aonair, rud a ligeann d\u2019imreoir\u00ed a n-eisp\u00e9ireas cearrbhachais a shaincheapadh chun ail\u00edni\u00fa le cleachtais fhreagracha. Cuireann RocketPlay eisp\u00e9ireas cearrbhachais inbhuanaithe agus taitneamhach chun cinn tr\u00ed \u00fas\u00e1ideoir\u00ed a spreagadh chun teorainneacha airgeadais a bhun\u00fa.<\/p>\n<h2>Faireach\u00e1n agus Idirghabh\u00e1il<\/h2>\n<p>Fosta\u00edonn RocketPlay ardch\u00f3rais mhonat\u00f3ireachta chun comhartha\u00ed f\u00e9ideartha d\u2019iompar cearrbhachas fadhbach a aithint. D\u00e9anann na c\u00f3rais seo anail\u00eds ar ghn\u00edomha\u00edocht \u00fas\u00e1ideoir\u00ed, ag lorg patr\u00fain a l\u00e9ir\u00edonn cearrbhachas iomarcach n\u00f3 n\u00f3sanna m\u00edshl\u00e1inti\u00fala. I gc\u00e1sanna ina n-aims\u00edtear bratacha dearga, d\u00e9anann an Casino idirghabh\u00e1il go pras, ag dul i dteagmh\u00e1il leis an imreoir le taca\u00edocht agus acmhainn\u00ed. Leagann an cur chuige r\u00e9amhghn\u00edomhach seo b\u00e9im ar thiomantas RocketPlay do phobal de chearrbhachas freagrach a choth\u00fa ina bhfuil c\u00fanamh ar f\u00e1il go h\u00e9asca d\u00f3ibh si\u00fad a bhf\u00e9adfadh s\u00e9 a bheith ag teast\u00e1il uathu.<\/p>\n<h2>Comhoibri\u00fa le hEagra\u00edochta\u00ed Cearrbhachais Freagracha<\/h2>\n<p>Comhoibr\u00edonn RocketPlay Casino go gn\u00edomhach le heagra\u00edochta\u00ed cearrbhachais cl\u00faiteacha freagracha chun fanacht ar th\u00fas cadhna\u00edochta i ndea-chleachtais an tionscail. Tr\u00ed chomhph\u00e1irt\u00edocht le heintitis at\u00e1 tiomanta do chearrbhachas freagrach a chur chun cinn, cinnt\u00edonn RocketPlay go bhfuil a bheartais agus a thionscnaimh ail\u00ednithe leis an taighde agus na caighde\u00e1in is d\u00e9ana\u00ed. Cuireann an comhiarracht seo le cumas an ard\u00e1in aghaidh a thabhairt ar dh\u00fashl\u00e1in at\u00e1 ag teacht chun cinn agus timpeallacht cearrbhachais at\u00e1 s\u00e1bh\u00e1ilte agus freagrach a shol\u00e1thar d\u2019\u00fas\u00e1ideoir\u00ed go seasta.<\/p>\n<h2>F\u00f3gra\u00edocht Fhreagrach a Chur Chun Cinn<\/h2>\n<p>Chomh maith le bearta inmhe\u00e1nacha, glacann RocketPlay Casino freagracht as a chleachtais f\u00f3gra\u00edochta. T\u00e1 an t-ard\u00e1n tiomanta do chearrbhachas freagrach a chur chun cinn ina chuid \u00e1bhar marga\u00edochta, staonadh \u00f3 theanga mh\u00edthreorach n\u00f3 mhealltach a \u00fas\u00e1id a d\u2019fh\u00e9adfadh cearrbhachas iomarcach a spreagadh. Tr\u00ed chleachtais f\u00f3gra\u00edochta eitici\u00fala a ghlacadh, t\u00e1 s\u00e9 mar aidhm ag RocketPlay l\u00e9iri\u00fa tr\u00e9dhearcach agus mac\u00e1nta a chruth\u00fa d\u00e1 thaith\u00ed cearrbhachais, ag teacht lena thiomantas n\u00edos leithne do chearrbhachas freagrach.<\/p>\n<h2>Rannph\u00e1irt\u00edocht agus Taca\u00edocht an Phobail<\/h2>\n<p>Tuigeann RocketPlay gur comhiarracht \u00e9 cearrbhachas freagrach a bhaineann leis an ard\u00e1n agus lena phobal. T\u00e9ann an ceasa\u00edneo i dteagmh\u00e1il lena chuid \u00fas\u00e1ideoir\u00ed tr\u00ed fh\u00f3raim phobail, na me\u00e1in sh\u00f3isialta, agus beala\u00ed taca\u00edochta chun pl\u00e9 oscailte a choth\u00fa maidir le cearrbhachas freagrach. Spreagann RocketPlay imreoir\u00ed a gcuid taith\u00ed a roinnt agus c\u00fanamh a lorg tr\u00ed phobal tac\u00fail agus tuisceanach a chruth\u00fa, ag treisi\u00fa an t\u00e1bhacht a bhaineann le cearrbhachas freagrach laistigh den bhonn \u00fas\u00e1ideora.<\/p>\n<h2>Feabhs\u00fa Lean\u00fanach agus Nu\u00e1la\u00edocht<\/h2>\n<p>T\u00e1 RocketPlay Casino f\u00f3s tiomanta d&#8217;fheabhs\u00fa lean\u00fanach agus do nu\u00e1la\u00edocht ina thionscnaimh cearrbhachais freagracha de r\u00e9ir mar a fhorbra\u00edonn an t\u00edrdhreach cearrbhachais. F\u00e9achann an t-ard\u00e1n go gn\u00edomhach le haiseolas \u00f3 \u00fas\u00e1ideoir\u00ed, saineolach agus \u00f3 gheallsealbh\u00f3ir\u00ed tionscail chun a bheartais a bheacht\u00fa agus gn\u00e9ithe nua a thabhairt isteach a fheabhsa\u00edonn cosaint imreoir\u00ed. Tr\u00ed fanacht chun tosaigh ar threochta\u00ed agus d\u00fashl\u00e1in at\u00e1 ag teacht chun cinn, cinnt\u00edonn RocketPlay go n-athra\u00edonn a chreat cearrbhachais freagrach chun freastal ar riachtanais athraitheacha a bhonn imreoir\u00ed \u00e9ags\u00fala.<\/p>\n<h2>Concl\u00faid: Eisp\u00e9ireas Cearrbhachais N\u00edos S\u00e1bh\u00e1ilte agus N\u00edos Taitneamha\u00ed<\/h2>\n<p>Mar fhocal scoir, n\u00ed gn\u00e9 amh\u00e1in \u00e9 tiomantas RocketPlay Casino do chearrbhachas freagrach ach luach l\u00e1rnach a mh\u00fanla\u00edonn a ch\u00e9annacht. Tr\u00ed shraith chuimsitheach beart a chur i bhfeidhm, \u00f3 bheartais chosanta imreoir\u00ed go hiarrachta\u00ed comhoibr\u00edocha le heagra\u00edochta\u00ed cearrbhachais freagracha, t\u00e9ann RocketPlay n\u00edos faide agus n\u00edos faide chun eisp\u00e9ireas cearrbhachais n\u00edos s\u00e1bh\u00e1ilte agus n\u00edos taitneamha\u00ed a chruth\u00fa. De r\u00e9ir mar a leanann tionscal na gcearrbhachas ar l\u00edne ag forbairt, t\u00e1 RocketPlay f\u00f3s go daingean ina thiomantas do chult\u00far cearrbhachais freagrach a choth\u00fa inar f\u00e9idir le himreoir\u00ed taitneamh a bhaint as siamsa\u00edocht cheasa\u00edneonna le muin\u00edn agus suaimhneas intinne.<\/p>\n","protected":false},"excerpt":{"rendered":"<p>I saol spleodrach na gceasa\u00edneonna ar l\u00edne, seasann RocketPlay amach n\u00ed hamh\u00e1in as a chuid cluich\u00ed corraitheacha agus a dteicneola\u00edocht cheannr\u00f3da\u00edoch ach freisin as a thiomantas do chearrbhachas freagrach. Mar ard\u00e1n cuntasach agus imreoir-l\u00e1rnach, cuireann RocketPlay Casino foll\u00e1ine a chuid \u00fas\u00e1ideoir\u00ed chun tosaigh, ag cinnti\u00fa timpeallacht cluich\u00edochta at\u00e1 s\u00e1bh\u00e1ilte agus taitneamhach do ch\u00e1ch. Scr\u00fada\u00edonn an&#8230;<\/p>\n","protected":false},"author":1,"featured_media":0,"parent":0,"menu_order":0,"comment_status":"closed","ping_status":"closed","template":"","meta":{"_acf_changed":false,"_kad_post_transparent":"default","_kad_post_title":"default","_kad_post_layout":"default","_kad_post_sidebar_id":"","_kad_post_content_style":"default","_kad_post_vertical_padding":"default","_kad_post_feature":"","_kad_post_feature_position":"","_kad_post_header":false,"_kad_post_footer":false,"footnotes":""},"class_list":["post-4461","page","type-page","status-publish","hentry"],"acf":[],"rttpg_featured_image_url":null,"rttpg_author":{"display_name":"John","author_link":"https:\/\/rocketplay-new.com\/ga\/author\/pemvas95n89x\/"},"rttpg_comment":0,"rttpg_category":null,"rttpg_excerpt":"I saol spleodrach na gceasa\u00edneonna ar l\u00edne, seasann RocketPlay amach n\u00ed hamh\u00e1in as a chuid cluich\u00ed corraitheacha agus a dteicneola\u00edocht cheannr\u00f3da\u00edoch ach freisin as a thiomantas do chearrbhachas freagrach. Mar ard\u00e1n cuntasach agus imreoir-l\u00e1rnach, cuireann RocketPlay Casino foll\u00e1ine a chuid \u00fas\u00e1ideoir\u00ed chun tosaigh, ag cinnti\u00fa timpeallacht cluich\u00edochta at\u00e1 s\u00e1bh\u00e1ilte agus taitneamhach do ch\u00e1ch. Scr\u00fada\u00edonn an...","_links":{"self":[{"href":"https:\/\/rocketplay-new.com\/ga\/wp-json\/wp\/v2\/pages\/4461","targetHints":{"allow":["GET"]}}],"collection":[{"href":"https:\/\/rocketplay-new.com\/ga\/wp-json\/wp\/v2\/pages"}],"about":[{"href":"https:\/\/rocketplay-new.com\/ga\/wp-json\/wp\/v2\/types\/page"}],"author":[{"embeddable":true,"href":"https:\/\/rocketplay-new.com\/ga\/wp-json\/wp\/v2\/users\/1"}],"replies":[{"embeddable":true,"href":"https:\/\/rocketplay-new.com\/ga\/wp-json\/wp\/v2\/comments?post=4461"}],"version-history":[{"count":2,"href":"https:\/\/rocketplay-new.com\/ga\/wp-json\/wp\/v2\/pages\/4461\/revisions"}],"predecessor-version":[{"id":4463,"href":"https:\/\/rocketplay-new.com\/ga\/wp-json\/wp\/v2\/pages\/4461\/revisions\/4463"}],"wp:attachment":[{"href":"https:\/\/rocketplay-new.com\/ga\/wp-json\/wp\/v2\/media?parent=4461"}],"curies":[{"name":"wp","href":"https:\/\/api.w.org\/{rel}","templated":true}]}}