{"id":4434,"date":"2024-01-19T13:55:57","date_gmt":"2024-01-19T10:55:57","guid":{"rendered":"https:\/\/rocketplay-new.com\/privacy-policy\/"},"modified":"2024-01-19T23:19:37","modified_gmt":"2024-01-19T20:19:37","slug":"privacy-policy","status":"publish","type":"page","link":"https:\/\/rocketplay-new.com\/ga\/privacy-policy\/","title":{"rendered":"Beartas Pr\u00edobh\u00e1ideachais"},"content":{"rendered":"<p>In\u00e1r aois dhigiteach, t\u00e1 pr\u00edobh\u00e1ideacht r\u00edth\u00e1bhachtach, agus ag RocketPlay Casino, tugaimid tosa\u00edocht do do chuid faisn\u00e9ise pearsanta a chosaint. Leagann an Beartas Pr\u00edobh\u00e1ideachta seo amach \u00e1r dtiomantas do shonra\u00ed a chosaint, tr\u00e9dhearcacht a chinnti\u00fa, agus muin\u00edn a choth\u00fa idir t\u00fa f\u00e9in agus \u00e1r n-ard\u00e1n. Tr\u00ed dhul i dteagmh\u00e1il le RocketPlay Casino, toil\u00edonn t\u00fa leis na cleachtais a thuairisc\u00edtear anseo.<\/p>\n<h2>\u00c1r dTiomantas do Do Phr\u00edobh\u00e1ideachas<\/h2>\n<p>Ag RocketPlay Casino, aithn\u00edmid an t\u00e1bhacht a bhaineann le pr\u00edobh\u00e1ideacht i gcearrbhachas ar l\u00edne. Tugann an chuid seo forbhreathn\u00fa ar \u00e1r dtiomantas do shonra\u00ed a dhaingni\u00fa agus na caighde\u00e1in r\u00fandachta is airde a choinne\u00e1il.<\/p>\n<h2>Eolas a Bhailimid: An Cothroma\u00edocht Chheart a Bhaint amach<\/h2>\n<p>T\u00e1 s\u00e9 r\u00edth\u00e1bhachtach na cine\u00e1lacha faisn\u00e9ise a bhail\u00edmid a thuiscint chun timpeallacht shl\u00e1n ar l\u00edne a chruth\u00fa. Bail\u00edonn RocketPlay Casino sonra\u00ed chun d\u2019eisp\u00e9ireas cearrbhachais a fheabhs\u00fa, ach n\u00ed bhail\u00edmid go c\u00faramach ach an fhaisn\u00e9is riachtanach. Sonra\u00edonn an chuid seo na catag\u00f3ir\u00ed faisn\u00e9ise a d\u2019fh\u00e9adfaimis a bhaili\u00fa, lena n-\u00e1ir\u00edtear sonra\u00ed pearsanta, faisn\u00e9is gl\u00e9asanna, agus roghanna cearrbhachais.<\/p>\n<h2>Conas a \u00das\u00e1idimid Do chuid Faisn\u00e9ise: Do Eisp\u00e9iris a Chur in oiri\u00faint<\/h2>\n<p>Fosta\u00edonn RocketPlay Casino do shonra\u00ed chun do thaith\u00ed cluich\u00edochta a phearsant\u00fa agus a fheabhs\u00fa. Iml\u00edn\u00edonn an chuid seo na beala\u00ed \u00e9ags\u00fala inar f\u00e9idir linn do chuid faisn\u00e9ise a \u00fas\u00e1id, \u00f3 bhainist\u00edocht cuntais go dt\u00ed molta\u00ed cluiche a bharrfheabhs\u00fa. B\u00edg\u00ed cinnte, go n-\u00fas\u00e1idtear do shonra\u00ed go freagrach agus de r\u00e9ir rialach\u00e1in dl\u00ed.<\/p>\n<h2>Sl\u00e1nd\u00e1il Sonra\u00ed: Do chuid Faisn\u00e9ise a Neart\u00fa<\/h2>\n<p>Is tosa\u00edocht ard \u00e9 do chuid faisn\u00e9ise a chosaint ag RocketPlay Casino. Scr\u00fada\u00edonn an chuid seo na bearta sl\u00e1nd\u00e1la a \u00fas\u00e1idimid chun do shonra\u00ed a chosaint \u00f3 rochtain neamh\u00fadaraithe, nochtadh n\u00f3 athr\u00fa. L\u00e9ir\u00edonn \u00e1r n-\u00fas\u00e1id criptithe, teicneola\u00edocht ciseal soic\u00e9ad sl\u00e1n, agus ini\u00fachta\u00ed sl\u00e1nd\u00e1la rialta \u00e1r dtiomantas gan staonadh do do phr\u00edobh\u00e1ideachas.<\/p>\n<h2>Do chuid Faisn\u00e9ise a Chomhroinnt: T\u00e1 Tr\u00e9dhearcacht Eochair<\/h2>\n<p>C\u00e9 go nd\u00e9anaimid bearta chun do chuid faisn\u00e9ise a chosaint, t\u00e1 c\u00e1sanna ann ina bhfuil g\u00e1 le roinnt le haghaidh oibri\u00fa gan uaim RocketPlay Casino. Sonra\u00edonn an chuid seo na c\u00fains\u00ed faoinar f\u00e9idir linn do shonra\u00ed a roinnt le tr\u00ed\u00fa p\u00e1irtithe, ag cinnti\u00fa go nd\u00e9antar \u00e9 go freagrach agus de r\u00e9ir na ndl\u00edthe infheidhme.<\/p>\n<h2>Do Roghanna agus Rial\u00fa: Do Phr\u00edobh\u00e1ideachas a Chumhacht\u00fa<\/h2>\n<p>Creideann RocketPlay Casino gur f\u00e9idir leat do chuid sonra\u00ed a rial\u00fa. D\u00e9anann an chuid seo cur s\u00edos ar do roghanna maidir leis an bhfaisn\u00e9is a shol\u00e1thra\u00edonn t\u00fa agus conas a \u00fas\u00e1idtear \u00e9. \u00d3 shocruithe cuntais go sainroghanna cumars\u00e1ide, tugaimid de chumhacht duit d\u2019eisp\u00e9ireas a shaincheapadh chun ail\u00edni\u00fa le do shainroghanna pr\u00edobh\u00e1ideachais.<\/p>\n<h2>Fian\u00e1in agus Teicneola\u00edochta\u00ed Rianaithe: Eisp\u00e9ireas \u00das\u00e1ideora a Fheabhs\u00fa<\/h2>\n<p>T\u00e1 r\u00f3l ag fian\u00e1in agus teicneola\u00edochta\u00ed rianaithe maidir le d\u2019idirghn\u00edomh\u00fa le RocketPlay Casino a bharrfheabhs\u00fa. Tugann an chuid seo soil\u00e9iri\u00fa d\u00fainn ar \u00fas\u00e1id na n-uirlis\u00ed seo, ag m\u00edni\u00fa conas a th\u00e9ann siad chun tairbhe duit tr\u00ed fheidhmi\u00falacht an tsu\u00edmh a fheabhs\u00fa, inneachar a phearsant\u00fa, agus eisp\u00e9ireas cluich\u00edochta n\u00edos taitneamha\u00ed a \u00e9asc\u00fa.<\/p>\n<h2>Aistrithe Idirn\u00e1isi\u00fanta Sonra\u00ed: Comhl\u00edonadh Domhanda a Chinnti\u00fa<\/h2>\n<p>Mar ard\u00e1n ar l\u00edne, f\u00e9adfaidh RocketPlay Casino do shonra\u00ed a aistri\u00fa go hidirn\u00e1isi\u00fanta. Tugann an chuid seo aghaidh ar an gcaoi a nd\u00e9anaimid aistrithe sonra\u00ed trasteorann, ag cur b\u00e9ime ar \u00e1r dtiomantas do chomhl\u00edonadh na ndl\u00edthe \u00e1bhartha um chosaint sonra\u00ed agus a chinnti\u00fa go bhfanann d\u2019fhaisn\u00e9is sl\u00e1n, beag beann ar shu\u00edomh.<\/p>\n<h2>Pr\u00edobh\u00e1ideacht Leana\u00ed: Breithni\u00fa Speisialta<\/h2>\n<p>T\u00e1 RocketPlay Casino d\u00edrithe ar dhaoine f\u00e1sta, agus n\u00ed bhail\u00edmid go feasach faisn\u00e9is \u00f3 dhaoine aonair at\u00e1 faoin aois dhl\u00edthi\u00fail chearrbhachais. Sonra\u00edonn an chuid seo \u00e1r n-iarrachta\u00ed chun pr\u00edobh\u00e1ideacht leana\u00ed a chosaint agus spreagann s\u00e9 cleachtais chearrbhachais fhreagracha.<\/p>\n<h2>Athruithe ar an bPolasa\u00ed Pr\u00edobh\u00e1ideachta: T\u00fa a Choinne\u00e1il ar an Eolas<\/h2>\n<p>T\u00e1 RocketPlay Casino tiomanta do thr\u00e9dhearcacht, agus m\u00edn\u00edonn an chuid seo conas a chuirimid athruithe ar \u00e1r bPolasa\u00ed Pr\u00edobh\u00e1ideachta in i\u00fal. Cinnt\u00edonn nuashonruithe rialta go gcuirtear ar an eolas t\u00fa i gc\u00f3na\u00ed faoin gcaoi a l\u00e1imhse\u00e1iltear do shonra\u00ed agus ligeann siad duit do shocruithe pr\u00edobh\u00e1ideachais a athbhreithni\u00fa agus a choigeart\u00fa d\u00e1 r\u00e9ir.<\/p>\n<h2>D\u00e9an Teagmh\u00e1il Linn: T\u00e1 do Ch\u00farsa\u00ed Aiseolas<\/h2>\n<p>T\u00e1 d\u2019aiseolas f\u00edor-luachmhar chuig RocketPlay Casino. Sol\u00e1thra\u00edonn an chuid seo faisn\u00e9is maidir le conas dul i dteagmh\u00e1il linn le ceisteanna, imn\u00ed n\u00f3 iarratais a bhaineann le do phr\u00edobh\u00e1ideachas. F\u00e1ilt\u00edmid roimh chumars\u00e1id oscailte agus t\u00e1imid tiomanta do dhul i ngleic le do chuid fiosr\u00fach\u00e1n go pras agus go h\u00e9ifeachtach.<\/p>\n<h2>D&#8217;Iontaobhas, \u00c1r dTosa\u00edocht<\/h2>\n<p>Mar fhocal scoir, is m\u00f3r ag RocketPlay Casino do phr\u00edobh\u00e1ideachas agus t\u00e1 s\u00e9 tiomanta do thimpeallacht chearrbhachais shl\u00e1n iontaofa a choth\u00fa. Tr\u00ed thosa\u00edocht a thabhairt do thr\u00e9dhearcacht, tr\u00ed bhearta l\u00e1idre sl\u00e1nd\u00e1la a \u00fas\u00e1id, agus tr\u00ed smacht a chur ort ar do shonra\u00ed, t\u00e1 s\u00e9 mar aidhm againn caidreamh marthanach a th\u00f3g\u00e1il bunaithe ar mhuin\u00edn agus ar ch\u00f3imheas. Go raibh maith agat as RocketPlay Casino a roghn\u00fa, \u00e1it a bhfuil do phr\u00edobh\u00e1ideachas mar thosa\u00edocht againn.<\/p>\n","protected":false},"excerpt":{"rendered":"<p>In\u00e1r aois dhigiteach, t\u00e1 pr\u00edobh\u00e1ideacht r\u00edth\u00e1bhachtach, agus ag RocketPlay Casino, tugaimid tosa\u00edocht do do chuid faisn\u00e9ise pearsanta a chosaint. Leagann an Beartas Pr\u00edobh\u00e1ideachta seo amach \u00e1r dtiomantas do shonra\u00ed a chosaint, tr\u00e9dhearcacht a chinnti\u00fa, agus muin\u00edn a choth\u00fa idir t\u00fa f\u00e9in agus \u00e1r n-ard\u00e1n. Tr\u00ed dhul i dteagmh\u00e1il le RocketPlay Casino, toil\u00edonn t\u00fa leis na&#8230;<\/p>\n","protected":false},"author":1,"featured_media":0,"parent":0,"menu_order":0,"comment_status":"closed","ping_status":"closed","template":"","meta":{"_acf_changed":false,"_kad_post_transparent":"default","_kad_post_title":"default","_kad_post_layout":"default","_kad_post_sidebar_id":"","_kad_post_content_style":"default","_kad_post_vertical_padding":"default","_kad_post_feature":"","_kad_post_feature_position":"","_kad_post_header":false,"_kad_post_footer":false,"footnotes":""},"class_list":["post-4434","page","type-page","status-publish","hentry"],"acf":[],"rttpg_featured_image_url":null,"rttpg_author":{"display_name":"John","author_link":"https:\/\/rocketplay-new.com\/ga\/author\/pemvas95n89x\/"},"rttpg_comment":0,"rttpg_category":null,"rttpg_excerpt":"In\u00e1r aois dhigiteach, t\u00e1 pr\u00edobh\u00e1ideacht r\u00edth\u00e1bhachtach, agus ag RocketPlay Casino, tugaimid tosa\u00edocht do do chuid faisn\u00e9ise pearsanta a chosaint. Leagann an Beartas Pr\u00edobh\u00e1ideachta seo amach \u00e1r dtiomantas do shonra\u00ed a chosaint, tr\u00e9dhearcacht a chinnti\u00fa, agus muin\u00edn a choth\u00fa idir t\u00fa f\u00e9in agus \u00e1r n-ard\u00e1n. Tr\u00ed dhul i dteagmh\u00e1il le RocketPlay Casino, toil\u00edonn t\u00fa leis na...","_links":{"self":[{"href":"https:\/\/rocketplay-new.com\/ga\/wp-json\/wp\/v2\/pages\/4434","targetHints":{"allow":["GET"]}}],"collection":[{"href":"https:\/\/rocketplay-new.com\/ga\/wp-json\/wp\/v2\/pages"}],"about":[{"href":"https:\/\/rocketplay-new.com\/ga\/wp-json\/wp\/v2\/types\/page"}],"author":[{"embeddable":true,"href":"https:\/\/rocketplay-new.com\/ga\/wp-json\/wp\/v2\/users\/1"}],"replies":[{"embeddable":true,"href":"https:\/\/rocketplay-new.com\/ga\/wp-json\/wp\/v2\/comments?post=4434"}],"version-history":[{"count":1,"href":"https:\/\/rocketplay-new.com\/ga\/wp-json\/wp\/v2\/pages\/4434\/revisions"}],"predecessor-version":[{"id":4435,"href":"https:\/\/rocketplay-new.com\/ga\/wp-json\/wp\/v2\/pages\/4434\/revisions\/4435"}],"wp:attachment":[{"href":"https:\/\/rocketplay-new.com\/ga\/wp-json\/wp\/v2\/media?parent=4434"}],"curies":[{"name":"wp","href":"https:\/\/api.w.org\/{rel}","templated":true}]}}