{"id":4409,"date":"2024-01-19T14:12:34","date_gmt":"2024-01-19T11:12:34","guid":{"rendered":"https:\/\/rocketplay-new.com\/kyc-policy\/"},"modified":"2024-01-19T23:03:40","modified_gmt":"2024-01-19T20:03:40","slug":"kyc-policy","status":"publish","type":"page","link":"https:\/\/rocketplay-new.com\/ga\/kyc-policy\/","title":{"rendered":"Beartas KYC"},"content":{"rendered":"<p>I saol dinimici\u00fail na gcearrbhachas ar l\u00edne, seasann RocketPlay Casino amach as a raon spreag\u00fail cluich\u00ed agus a thiomantas seasta do thimpeallacht chearrbhachais shl\u00e1n agus fhreagrach a chinnti\u00fa. Ceann de na pr\u00edomhchol\u00fain a thaca\u00edonn leis an ngealltanas seo n\u00e1 beartas l\u00e1idir Know Your Customer (KYC) RocketPlay Casino. San ini\u00fachadh cuimsitheach seo, d\u00e9anaimid ini\u00fachadh ar chasta bheartas KYC RocketPlay, ag tuiscint a th\u00e1bhachta\u00ed at\u00e1 s\u00e9 sl\u00e1ine an ard\u00e1in a chothabh\u00e1il agus leasanna na n-imreoir\u00ed a chosaint.<\/p>\n<h2>R\u00e9amhr\u00e1 do KYC: Ag T\u00f3g\u00e1il Iontaoibh Tr\u00ed Fh\u00edor\u00fa<\/h2>\n<p>Is sraith n\u00f3sanna imeachta \u00e9 Know Your Customer, ar a dtugtar KYC de ghn\u00e1th, a chuireann ar chumas gn\u00f3lachta\u00ed c\u00e9annacht a gcustaim\u00e9ir\u00ed a fh\u00edor\u00fa. I gceasa\u00edneonna ar l\u00edne mar RocketPlay, n\u00ed hamh\u00e1in gur ceanglas rial\u00e1la \u00e9 KYC ach gn\u00e9 r\u00edth\u00e1bhachtach chun muin\u00edn a choth\u00fa i measc imreoir\u00ed. Tuigeann RocketPlay go bhfuil s\u00e9 r\u00edth\u00e1bhachtach caidreamh muin\u00edne a choth\u00fa sa tionscal cearrbhachais, agus t\u00e1 polasa\u00ed KYC dian mar bhun\u00fas leis an muin\u00edn sin.<\/p>\n<h2>An Pr\u00f3iseas F\u00edoraithe Tr\u00ed Chiseal<\/h2>\n<p>Fosta\u00edonn RocketPlay Casino pr\u00f3iseas f\u00edoraithe tr\u00ed shraith lena chinnti\u00fa go nd\u00e9antar scr\u00fad\u00fa cr\u00edochn\u00fail ar fh\u00e9ini\u00falachta\u00ed imreoir\u00ed. T\u00e1 an cur chuige ilshraitheach seo deartha le bheith cuimsitheach agus \u00e9ifeachtach, ag cothrom\u00fa \u00e1isi\u00falacht na n-imreoir\u00ed agus riachtanas an cheasa\u00edneo le f\u00edor\u00fa dian.<\/p>\n<h3>F\u00edor\u00fa C\u00e1ip\u00e9ise: An Ch\u00e9im Tosaigh<\/h3>\n<p>Tosa\u00edonn an turas tr\u00ed phr\u00f3iseas KYC RocketPlay le f\u00edor\u00fa doicim\u00e9ad. Ceangla\u00edtear ar imreoir\u00ed doicim\u00e9id aitheantais at\u00e1 soil\u00e9ir agus bail\u00ed a chur isteach, amhail IDanna n\u00f3 pasanna arna n-eisi\u00faint ag an rialtas. T\u00e1 an ch\u00e9ad ch\u00e9im seo r\u00edth\u00e1bhachtach chun c\u00e9annacht agus aois an imreora a bhun\u00fa, ag clo\u00ed le caighde\u00e1in dhl\u00edthi\u00fala agus rial\u00e1la. Cinnt\u00edonn ardteicneola\u00edocht f\u00edoraithe doicim\u00e9ad RocketPlay pr\u00f3iseas tapa agus gan uaim, rud a laghda\u00edonn m\u00edchaoithi\u00falacht an imreora.<\/p>\n<h3>F\u00edor\u00fa Seolta\u00ed: C\u00f3naitheacht a Bhun\u00fa<\/h3>\n<p>Seachas c\u00e9annacht a dhearbh\u00fa, leathna\u00edonn beartas KYC RocketPlay Casino chun aghaidh a thabhairt ar fh\u00edor\u00fa. Iarrtar ar imreoir\u00ed doicim\u00e9id a shol\u00e1thar a dheimhn\u00edonn a seoladh c\u00f3naithe reatha. T\u00e1 an ch\u00e9im seo r\u00edth\u00e1bhachtach chun ceanglais rial\u00e1la a chomhl\u00edonadh, chun gn\u00edomha\u00edochta\u00ed calaoiseacha a chosc, agus chun a \u00e1irithi\u00fa go bhfuil imreoir\u00ed \u00f3 dhl\u00edns\u00ed \u00fadaraithe rannph\u00e1irteach.<\/p>\n<h3>F\u00edor\u00fa Modh \u00cdoca\u00edochta: Sl\u00e1nd\u00e1il a Fheabhs\u00fa<\/h3>\n<p>Baineann an tsraith dheireanach de phr\u00f3iseas KYC RocketPlay le modh \u00edoca\u00edochta roghnaithe an imreora a fh\u00edor\u00fa. Cuireann an ch\u00e9im seo sraith bhreise sl\u00e1nd\u00e1la leis, ag cinnti\u00fa go nd\u00e9antar na hidirbhearta airgeadais ar an ard\u00e1n go sl\u00e1n. Tr\u00edd an modh \u00edoca\u00edochta a nascadh le c\u00e9annacht fh\u00edoraithe an imreora, maola\u00edonn RocketPlay an riosca a bhaineann le hidirbhearta neamh\u00fadaraithe agus feabhsa\u00edonn s\u00e9 s\u00e1bh\u00e1ilteacht ioml\u00e1n an eisp\u00e9iris chearrbhachais.<\/p>\n<h2>Pr\u00f3ise\u00e1il Tapa agus \u00c1is Imreora<\/h2>\n<p>Aithn\u00edonn RocketPlay Casino an t\u00e1bhacht a bhaineann le taith\u00ed cluich\u00edochta gan uaim agus taitneamhach a shol\u00e1thar d\u00e1 imreoir\u00ed. In ainneoin n\u00e1d\u00far cuimsitheach a phr\u00f3isis KYC, t\u00e1 an Casino tiomanta d&#8217;amanna pr\u00f3ise\u00e1la tapa. Ag baint \u00fas\u00e1ide as teicneola\u00edocht nua-aimseartha, t\u00e1 s\u00e9 mar aidhm ag RocketPlay an pr\u00f3iseas f\u00edoraithe a chr\u00edochn\u00fa go pras, rud a ligeann d&#8217;imreoir\u00ed tumad\u00f3ireacht a dh\u00e9anamh ina gcluich\u00ed is fearr leo gan aon mhoill gan gh\u00e1.<\/p>\n<p>Tuigeann an ceasa\u00edneo go bhfeictear uaireanta go mb\u00edonn n\u00f3sanna imeachta KYC an-ch\u00fang, agus, mar fhreagra air sin, t\u00e1 comh\u00e9adain agus c\u00f3rais taca\u00edochta at\u00e1 \u00e9asca le h\u00fas\u00e1id curtha i bhfeidhm ag RocketPlay. T\u00e1 rochtain ag imreoir\u00ed ar fhoireann taca\u00edochta tiomnaithe a chuid\u00edonn leo tr\u00edd an bpr\u00f3iseas f\u00edoraithe, ag tabhairt aghaidh ar aon cheisteanna n\u00f3 imn\u00ed a d\u2019fh\u00e9adfadh a bheith acu. Is teist \u00e9 an tiomantas seo d\u2019\u00e1isi\u00falacht imreoir\u00ed ar chur chuige at\u00e1 d\u00edrithe ar an gcustaim\u00e9ir ag RocketPlay.<\/p>\n<h2>Bearta Sl\u00e1nd\u00e1la: Leasanna Imreora a Chosaint<\/h2>\n<p>Is \u00e9 pr\u00edomhchusp\u00f3ir polasa\u00ed KYC RocketPlay n\u00e1 sl\u00e1nd\u00e1il ard\u00e1in a fheabhs\u00fa. Tr\u00ed ch\u00e9annacht, seoladh agus modh \u00edoca\u00edochta gach imreora a fh\u00edor\u00fa, crutha\u00edonn an ceasa\u00edneo bacainn dhaingnithe in aghaidh gn\u00edomha\u00edochta\u00ed calaoiseacha, amhail goid c\u00e9annachta agus sci\u00faradh airgid. Cosna\u00edonn s\u00e9 seo leasanna na n-imreoir\u00ed aonair agus seasann s\u00e9 le sl\u00e1ine an \u00e9iceach\u00f3ras cearrbhachais ar fad.<\/p>\n<p>Fosta\u00edonn RocketPlay teicneola\u00edocht criptithe den scoth chun an fhaisn\u00e9is phearsanta agus airgeadais a shol\u00e1thra\u00edonn imreoir\u00ed le linn phr\u00f3iseas KYC a dhaingni\u00fa. Clo\u00edonn an ceasa\u00edneo leis na caighde\u00e1in tionscail is airde maidir le cosaint sonra\u00ed, ag cinnti\u00fa go bhfanann faisn\u00e9is \u00edogair faoi r\u00fan agus d\u00edolmhaithe \u00f3 rochtain neamh\u00fadaraithe.<\/p>\n<h2>Cearrbhachas Freagrach a Chur Chun Cinn<\/h2>\n<p>T\u00e9ann tiomantas RocketPlay Casino do chearrbhachas freagrach l\u00e1mh ar l\u00e1imh lena bheartas KYC. Tr\u00edna chinnti\u00fa go bhfuil imreoir\u00ed in aois dhl\u00edthi\u00fail agus laistigh de dhl\u00edns\u00ed \u00fadaraithe, d\u00e9anann an ceasa\u00edneo bearta r\u00e9amhghn\u00edomhacha chun cearrbhachas faoi aois a chosc agus chun caighde\u00e1in dhl\u00edthi\u00fala a sheasamh. Ina theannta sin, cosna\u00edonn f\u00edor\u00fa modhanna \u00edoca\u00edochta in aghaidh d\u00edobh\u00e1la f\u00e9ideartha airgeadais, ag ail\u00edni\u00fa le tiomantas RocketPlay do thimpeallacht cearrbhachais at\u00e1 s\u00e1bh\u00e1ilte agus freagrach a chur chun cinn.<\/p>\n<h2>Faireach\u00e1n Lean\u00fanach agus Inoiri\u00fanaitheacht<\/h2>\n<p>T\u00e1 an t\u00edrdhreach cearrbhachais ar l\u00edne dinimici\u00fail, agus tuigeann RocketPlay Casino an g\u00e1 at\u00e1 le monat\u00f3ireacht lean\u00fanach agus inoiri\u00fanaitheacht ina n\u00f3sanna imeachta KYC. D\u00e9anann an ceasa\u00edneo a phr\u00f3isis f\u00edoraithe a nuashonr\u00fa go rialta chun bagairt\u00ed at\u00e1 ag teacht chun cinn a sheachaint agus chun caighde\u00e1in rial\u00e1la at\u00e1 ag teacht chun cinn a chomhl\u00edonadh. L\u00e9ir\u00edonn an cur chuige r\u00e9amhghn\u00edomhach seo tiomantas RocketPlay do na leibh\u00e9il is airde sl\u00e1nd\u00e1la agus sl\u00e1ine a choinne\u00e1il laistigh d\u00e1 ard\u00e1n cearrbhachais.<\/p>\n<h2>Pil\u00e9ar Iontaoibhe agus Ionracas<\/h2>\n<p>I r\u00e9imse ioma\u00edoch na gceasa\u00edneonna ar l\u00edne, t\u00e1 RocketPlay ard mar gheall ar a chuid cluich\u00ed spreag\u00fala agus a thiomantas gan staonadh maidir le muin\u00edn, ionracas agus foll\u00e1ine na n-imreoir\u00ed. N\u00ed riachtanas rial\u00e1la amh\u00e1in at\u00e1 i mbeartas KYC do RocketPlay; is beart r\u00e9amhghn\u00edomhach \u00e9 chun timpeallacht cearrbhachais at\u00e1 sl\u00e1n agus freagrach a chruth\u00fa. Tr\u00ed phr\u00f3iseas f\u00edoraithe mionch\u00faiseach tr\u00ed shraith, amanna pr\u00f3ise\u00e1la sciobtha, agus f\u00f3cas ar \u00e1isi\u00falacht na n-imreoir\u00ed, cinnt\u00edonn RocketPlay Casino gur f\u00e9idir le himreoir\u00ed a bheith s\u00e1sta a gcuid cluich\u00ed is fearr leo a bheith muin\u00edneach go dtugtar tosa\u00edocht d\u00e1 sl\u00e1nd\u00e1il agus d\u00e1 bhfoll\u00e1ine. Go bun\u00fasach, n\u00ed bhaineann polasa\u00ed KYC ag RocketPlay le f\u00edor\u00fa amh\u00e1in; is \u00e9ard at\u00e1 i gceist leis n\u00e1 bun\u00fas muin\u00edne a th\u00f3g\u00e1il a ard\u00f3idh an t-eisp\u00e9ireas cearrbhachais ioml\u00e1n.<\/p>\n","protected":false},"excerpt":{"rendered":"<p>I saol dinimici\u00fail na gcearrbhachas ar l\u00edne, seasann RocketPlay Casino amach as a raon spreag\u00fail cluich\u00ed agus a thiomantas seasta do thimpeallacht chearrbhachais shl\u00e1n agus fhreagrach a chinnti\u00fa. Ceann de na pr\u00edomhchol\u00fain a thaca\u00edonn leis an ngealltanas seo n\u00e1 beartas l\u00e1idir Know Your Customer (KYC) RocketPlay Casino. San ini\u00fachadh cuimsitheach seo, d\u00e9anaimid ini\u00fachadh ar chasta&#8230;<\/p>\n","protected":false},"author":1,"featured_media":0,"parent":0,"menu_order":0,"comment_status":"closed","ping_status":"closed","template":"","meta":{"_acf_changed":false,"_kad_post_transparent":"default","_kad_post_title":"default","_kad_post_layout":"default","_kad_post_sidebar_id":"","_kad_post_content_style":"default","_kad_post_vertical_padding":"default","_kad_post_feature":"","_kad_post_feature_position":"","_kad_post_header":false,"_kad_post_footer":false,"footnotes":""},"class_list":["post-4409","page","type-page","status-publish","hentry"],"acf":[],"rttpg_featured_image_url":null,"rttpg_author":{"display_name":"John","author_link":"https:\/\/rocketplay-new.com\/ga\/author\/pemvas95n89x\/"},"rttpg_comment":0,"rttpg_category":null,"rttpg_excerpt":"I saol dinimici\u00fail na gcearrbhachas ar l\u00edne, seasann RocketPlay Casino amach as a raon spreag\u00fail cluich\u00ed agus a thiomantas seasta do thimpeallacht chearrbhachais shl\u00e1n agus fhreagrach a chinnti\u00fa. Ceann de na pr\u00edomhchol\u00fain a thaca\u00edonn leis an ngealltanas seo n\u00e1 beartas l\u00e1idir Know Your Customer (KYC) RocketPlay Casino. San ini\u00fachadh cuimsitheach seo, d\u00e9anaimid ini\u00fachadh ar chasta...","_links":{"self":[{"href":"https:\/\/rocketplay-new.com\/ga\/wp-json\/wp\/v2\/pages\/4409","targetHints":{"allow":["GET"]}}],"collection":[{"href":"https:\/\/rocketplay-new.com\/ga\/wp-json\/wp\/v2\/pages"}],"about":[{"href":"https:\/\/rocketplay-new.com\/ga\/wp-json\/wp\/v2\/types\/page"}],"author":[{"embeddable":true,"href":"https:\/\/rocketplay-new.com\/ga\/wp-json\/wp\/v2\/users\/1"}],"replies":[{"embeddable":true,"href":"https:\/\/rocketplay-new.com\/ga\/wp-json\/wp\/v2\/comments?post=4409"}],"version-history":[{"count":1,"href":"https:\/\/rocketplay-new.com\/ga\/wp-json\/wp\/v2\/pages\/4409\/revisions"}],"predecessor-version":[{"id":4410,"href":"https:\/\/rocketplay-new.com\/ga\/wp-json\/wp\/v2\/pages\/4409\/revisions\/4410"}],"wp:attachment":[{"href":"https:\/\/rocketplay-new.com\/ga\/wp-json\/wp\/v2\/media?parent=4409"}],"curies":[{"name":"wp","href":"https:\/\/api.w.org\/{rel}","templated":true}]}}