{"id":4377,"date":"2024-01-19T14:07:26","date_gmt":"2024-01-19T11:07:26","guid":{"rendered":"https:\/\/rocketplay-new.com\/gdpr-policy\/"},"modified":"2024-01-19T22:29:59","modified_gmt":"2024-01-19T19:29:59","slug":"gdpr-policy","status":"publish","type":"page","link":"https:\/\/rocketplay-new.com\/ga\/gdpr-policy\/","title":{"rendered":"Beartas GDPR"},"content":{"rendered":"<p>I r\u00e9 na siamsa\u00edochta digiteach, aithn\u00edonn RocketPlay Casino an t\u00e1bhacht r\u00edth\u00e1bhachtach a bhaineann le do phr\u00edobh\u00e1ideacht a chosaint. Cuims\u00edonn \u00e1r mbeartas GDPR (An Rialach\u00e1n Ginear\u00e1lta um Chosaint Sonra\u00ed) \u00e1r dtiomantas do thr\u00e9dhearcacht agus do shl\u00e1nd\u00e1il sonra\u00ed. Cinnt\u00edonn an creat cuimsitheach seo go l\u00e1imhse\u00e1iltear do chuid faisn\u00e9ise pearsanta go c\u00faramach agus go gcomhl\u00edonann s\u00e9 go docht le caighde\u00e1in idirn\u00e1isi\u00fanta um chosaint sonra\u00ed.<\/p>\n<h2>Ag Glacadh le Cosaint Sonra\u00ed sa R\u00e9imse Cearrbhachais<\/h2>\n<p>N\u00ed hamh\u00e1in gur ard\u00e1n le haghaidh cearrbhachas \u00e9 RocketPlay Casino; is pobal \u00e9 at\u00e1 t\u00f3gtha ar mhuin\u00edn. Is teist \u00e9 \u00e1r mbeartas GDPR ar \u00e1r dtiomantas do chosaint pr\u00edobh\u00e1ideachta i ndomhan at\u00e1 ag \u00e9ir\u00ed n\u00edos idirnasctha. Tuigimid an t\u00e1bhacht a bhaineann le do chuid faisn\u00e9ise pearsanta agus t\u00e1imid tiomanta do chinnti\u00fa go nd\u00e9antar do shonra\u00ed a phr\u00f3ise\u00e1il go freagrach.<\/p>\n<h2>Sc\u00f3ip an Pholasa\u00ed GDPR: Cad a Chuims\u00edtear leis?<\/h2>\n<p>S\u00edneann \u00e1r mbeartas GDPR chuig gach gn\u00e9 d\u2019oibr\u00edochta\u00ed RocketPlay Casino, ag cl\u00fadach sonra\u00ed pearsanta a bhaili\u00fa, a phr\u00f3ise\u00e1il, a st\u00f3r\u00e1il agus a roinnt. \u00c1ir\u00edonn s\u00e9 seo faisn\u00e9is a fuarthas le linn cl\u00e1r\u00fach\u00e1in cuntais, gameplay, idirbhearta airgeadais, agus idirghn\u00edomha\u00edochta\u00ed eile len\u00e1r n-ard\u00e1n. T\u00e1imid tr\u00e9dhearcach maidir leis na sonra\u00ed a bhail\u00edmid agus n\u00ed \u00fas\u00e1idimid iad ach chun cr\u00edocha dlisteanacha a leagtar amach sa pholasa\u00ed seo.<\/p>\n<h2>Bun\u00fas Dl\u00edthi\u00fail le Pr\u00f3ise\u00e1il Sonra\u00ed: T\u00e1 do Thoili\u00fa t\u00e1bhachtach<\/h2>\n<p>Clo\u00edonn RocketPlay Casino le prionsabal na dl\u00edthi\u00falachta i bpr\u00f3ise\u00e1il sonra\u00ed. Cinnt\u00edmid nach bpr\u00f3ise\u00e1iltear do shonra\u00ed ach le bun\u00fas dl\u00edthi\u00fail bail\u00ed. I bhformh\u00f3r na gc\u00e1sanna, is \u00e9 an bun\u00fas dl\u00ed seo n\u00e1 do thoili\u00fa sainr\u00e1ite, a thugann t\u00fa nuair a chl\u00e1ra\u00edonn t\u00fa cuntas n\u00f3 nuair a bh\u00edonn t\u00fa i dteagmh\u00e1il len\u00e1r seirbh\u00eds\u00ed. T\u00e1 s\u00e9 de cheart agat do thoili\u00fa a tharraingt siar am ar bith, agus d\u00e9anaimid an pr\u00f3iseas seo chomh simpl\u00ed leis an toili\u00fa tosaigh.<\/p>\n<h2>Faisn\u00e9is a Bail\u00edmid: Cothroma\u00edocht a Bhaint idir \u00c1bharthacht agus Riachtanas<\/h2>\n<p>Chun d\u2019eisp\u00e9ireas cearrbhachais a fheabhs\u00fa agus chun seirbh\u00eds\u00ed pearsantaithe a shol\u00e1thar, bail\u00edmid faisn\u00e9is shonrach ar n\u00f3s d\u2019ainm, seoladh r\u00edomhphoist agus sonra\u00ed \u00edoca\u00edochta. Mar sin f\u00e9in, cuirimid teorainn le baili\u00fa sonra\u00ed chuig an m\u00e9id at\u00e1 f\u00edor-riachtanach chun na gcr\u00edoch sin. B\u00ed cinnte, n\u00ed phr\u00f3ise\u00e1lann RocketPlay Casino sonra\u00ed iomarcacha n\u00f3 nach mbaineann le h\u00e1bhar.<\/p>\n<h2>Sl\u00e1nd\u00e1il Sonra\u00ed: Do Dh\u00fanfort Digiteach a Neart\u00fa<\/h2>\n<p>T\u00e1 sl\u00e1nd\u00e1il chun tosaigh in\u00e1r n-oibr\u00edochta\u00ed. Fosta\u00edonn RocketPlay Casino bearta sl\u00e1nd\u00e1la den scoth chun do shonra\u00ed a chosaint \u00f3 rochtain neamh\u00fadaraithe, nochtadh, athr\u00fa agus scriosadh. \u00c1ir\u00edonn \u00e1r dtiomantas do do phr\u00edobh\u00e1ideachas ini\u00fachta\u00ed sl\u00e1nd\u00e1la rialta, pr\u00f3tacail criptithe, agus rialuithe rochtana dian, ag cinnti\u00fa go bhfanann d&#8217;fhaisn\u00e9is faoi r\u00fan agus sl\u00e1n.<\/p>\n<h2>Comhph\u00e1irt\u00edochta\u00ed Tr\u00ed\u00fa P\u00e1irt\u00ed: Cosaint Sonra\u00ed Thar \u00c1r mBalla a Chinnti\u00fa<\/h2>\n<p>Uaireanta comhoibr\u00edonn RocketPlay Casino le sol\u00e1thraithe seirbh\u00edse tr\u00ed\u00fa p\u00e1irt\u00ed chun \u00e1r dtairiscint\u00ed a fheabhs\u00fa. Nuair a bh\u00edonn pr\u00f3ise\u00e1il sonra\u00ed pearsanta i gceist le comhph\u00e1irt\u00edochta\u00ed d\u00e1 leith\u00e9id, d\u00e9anaimid deimhin de go gclo\u00edonn na heintitis seo leis na caighde\u00e1in dhiana c\u00e9anna um chosaint sonra\u00ed. D\u00e9anaimid comhaontuithe leo chun a chinnti\u00fa go n-urrama\u00edtear agus go gcoime\u00e1dtar do phr\u00edobh\u00e1ideachas fi\u00fa thar theorainneacha \u00e1r n-ard\u00e1n.<\/p>\n<h2>Coinne\u00e1il Sonra\u00ed: Cothroma\u00edocht a Bhaint idir Riachtanas agus Meas ar Do Roghanna<\/h2>\n<p>N\u00ed choinneoimid do shonra\u00ed ach chomh fada agus is g\u00e1 chun na cusp\u00f3ir\u00ed ar bail\u00edodh iad d\u00f3ibh a chomhl\u00edonadh. M\u00e1 roghna\u00edonn t\u00fa do chuntas a dh\u00edghn\u00edomhacht\u00fa n\u00f3 do thoili\u00fa a tharraingt siar, scriosfaidh RocketPlay Casino do shonra\u00ed go pras n\u00f3 gan ainm a thabhairt orthu mura bhfuil g\u00e1 le coinne\u00e1il de r\u00e9ir an dl\u00ed n\u00f3 m\u00e1 t\u00e1 s\u00e9 riachtanach chun cr\u00edocha dlisteanacha gn\u00f3.<\/p>\n<h2>Do Chearta faoi GDPR: T\u00fa a Chumhacht\u00fa le Rial\u00fa<\/h2>\n<p>T\u00e1 RocketPlay Casino tiomanta do chumhacht a thabhairt duit smacht a fh\u00e1il ar do shonra\u00ed. De r\u00e9ir GDPR, is f\u00e9idir leat do chuid faisn\u00e9ise a rochtain, a cheart\u00fa n\u00f3 a scriosadh. Is f\u00e9idir leat freisin ag\u00f3id a dh\u00e9anamh i gcoinne cine\u00e1lacha \u00e1irithe pr\u00f3ise\u00e1la agus inaistritheacht do shonra\u00ed a iarraidh. F\u00e1gann \u00e1r gcomh\u00e9adan at\u00e1 \u00e9asca le h\u00fas\u00e1id agus \u00e1r dtaca\u00edocht fhreagrach do chustaim\u00e9ir\u00ed go bhfuil s\u00e9 \u00e9asca duit na cearta seo a fheidhmi\u00fa.<\/p>\n<h2>Freagra ar Sh\u00e1r\u00fa Sonra\u00ed: Gn\u00edomh Tapa Tr\u00e9dhearcach<\/h2>\n<p>I gc\u00e1s trua s\u00e1r\u00fa sonra\u00ed, t\u00e1 pr\u00f3tacail bunaithe ag RocketPlay Casino chun freagairt go tapa agus go tr\u00e9dhearcach. Cuirfimid t\u00fa agus na h\u00fadar\u00e1is \u00e1bhartha ar an eolas go pras, ag cur s\u00edos ar n\u00e1d\u00far an ts\u00e1raithe agus na c\u00e9imeanna a glacadh chun a thionchar a mhaol\u00fa. Is \u00e9 \u00e1r dtiomantas n\u00ed hamh\u00e1in s\u00e1ruithe a chosc ach freisin iad a l\u00e1imhse\u00e1il go freagrach m\u00e1 tharla\u00edonn siad.<\/p>\n<h2>Pr\u00edobh\u00e1ideacht Leana\u00ed: Breithni\u00fa Speisialta<\/h2>\n<p>T\u00e1 RocketPlay Casino deartha le haghaidh siamsa\u00edochta do dhaoine f\u00e1sta, agus n\u00ed bhail\u00edmid n\u00e1 n\u00ed phr\u00f3ise\u00e1lann muid sonra\u00ed pearsanta \u00f3 dhaoine aonair faoi 18 go feasach. M\u00e1s tuismitheoir n\u00f3 caomhn\u00f3ir t\u00fa agus m\u00e1 t\u00e1 a fhios agat gur chuir do leanbh a gcuid faisn\u00e9ise ar f\u00e1il d\u00fainn gan do thoili\u00fa, t\u00e9igh i dteagmh\u00e1il le do thoil le do thoil. linn, agus d\u00e9anfaimid c\u00e9imeanna cu\u00ed chun an sc\u00e9al a chur ina cheart.<\/p>\n<h2>Nuashonruithe Beartais: Ag F\u00e1s go Freagrach le Dul Chun Cinn Teicneola\u00edochta<\/h2>\n<p>De r\u00e9ir mar a fhorbra\u00edonn an teicneola\u00edocht, is amhlaidh at\u00e1 \u00e1r dtiomantas do chosaint sonra\u00ed freisin. Geallann RocketPlay Casino athbhreithni\u00fa agus nuashonr\u00fa rialta a dh\u00e9anamh ar \u00e1r bpolasa\u00ed GDPR chun athruithe teicneola\u00edochta, ceanglais dhl\u00edthi\u00fala agus aiseolas \u00fas\u00e1ideoir\u00ed a l\u00e9iri\u00fa. Molaimid duit breathn\u00fa ar\u00eds ar an mbeartas seo go tr\u00e9imhsi\u00fail chun fanacht ar an eolas faoin gcaoi a gcosna\u00edmid do phr\u00edobh\u00e1ideachas.<\/p>\n<h2>Comhfhreagracht as Cl\u00f3s S\u00fagartha Digiteach Sl\u00e1n<\/h2>\n<p>N\u00ed sraith rialacha amh\u00e1in at\u00e1 i mbeartas GDPR RocketPlay Casino; is c\u00fanant \u00e9. L\u00e9ir\u00edonn s\u00e9 \u00e1r dtiomantas do chl\u00f3s s\u00fagartha digiteach a chruth\u00fa inar f\u00e9idir leat ini\u00fachadh a dh\u00e9anamh, dul i mbun rannph\u00e1irt\u00edochta agus buachan, fad is at\u00e1 dearbh\u00fa agat go bhfuil do phr\u00edobh\u00e1ideachas r\u00edth\u00e1bhachtach. De r\u00e9ir mar a leanaimid ar aghaidh ag nu\u00e1la\u00edocht agus ag f\u00e1s, tiocfaidh \u00e1r mbeartas GDPR chun cinn chun aghaidh a thabhairt ar dh\u00fashl\u00e1in an t\u00edrdhreacha dhigitigh, ag cinnti\u00fa go bhfanann RocketPlay Casino mar cheann scr\u00edbe iontaofa agus sl\u00e1n do dh\u00edograiseoir\u00ed cearrbhachais ar fud an domhain.<\/p>\n","protected":false},"excerpt":{"rendered":"<p>I r\u00e9 na siamsa\u00edochta digiteach, aithn\u00edonn RocketPlay Casino an t\u00e1bhacht r\u00edth\u00e1bhachtach a bhaineann le do phr\u00edobh\u00e1ideacht a chosaint. Cuims\u00edonn \u00e1r mbeartas GDPR (An Rialach\u00e1n Ginear\u00e1lta um Chosaint Sonra\u00ed) \u00e1r dtiomantas do thr\u00e9dhearcacht agus do shl\u00e1nd\u00e1il sonra\u00ed. Cinnt\u00edonn an creat cuimsitheach seo go l\u00e1imhse\u00e1iltear do chuid faisn\u00e9ise pearsanta go c\u00faramach agus go gcomhl\u00edonann s\u00e9 go docht&#8230;<\/p>\n","protected":false},"author":1,"featured_media":0,"parent":0,"menu_order":0,"comment_status":"closed","ping_status":"closed","template":"","meta":{"_acf_changed":false,"_kad_post_transparent":"default","_kad_post_title":"default","_kad_post_layout":"default","_kad_post_sidebar_id":"","_kad_post_content_style":"default","_kad_post_vertical_padding":"default","_kad_post_feature":"","_kad_post_feature_position":"","_kad_post_header":false,"_kad_post_footer":false,"footnotes":""},"class_list":["post-4377","page","type-page","status-publish","hentry"],"acf":[],"rttpg_featured_image_url":null,"rttpg_author":{"display_name":"John","author_link":"https:\/\/rocketplay-new.com\/ga\/author\/pemvas95n89x\/"},"rttpg_comment":0,"rttpg_category":null,"rttpg_excerpt":"I r\u00e9 na siamsa\u00edochta digiteach, aithn\u00edonn RocketPlay Casino an t\u00e1bhacht r\u00edth\u00e1bhachtach a bhaineann le do phr\u00edobh\u00e1ideacht a chosaint. Cuims\u00edonn \u00e1r mbeartas GDPR (An Rialach\u00e1n Ginear\u00e1lta um Chosaint Sonra\u00ed) \u00e1r dtiomantas do thr\u00e9dhearcacht agus do shl\u00e1nd\u00e1il sonra\u00ed. Cinnt\u00edonn an creat cuimsitheach seo go l\u00e1imhse\u00e1iltear do chuid faisn\u00e9ise pearsanta go c\u00faramach agus go gcomhl\u00edonann s\u00e9 go docht...","_links":{"self":[{"href":"https:\/\/rocketplay-new.com\/ga\/wp-json\/wp\/v2\/pages\/4377","targetHints":{"allow":["GET"]}}],"collection":[{"href":"https:\/\/rocketplay-new.com\/ga\/wp-json\/wp\/v2\/pages"}],"about":[{"href":"https:\/\/rocketplay-new.com\/ga\/wp-json\/wp\/v2\/types\/page"}],"author":[{"embeddable":true,"href":"https:\/\/rocketplay-new.com\/ga\/wp-json\/wp\/v2\/users\/1"}],"replies":[{"embeddable":true,"href":"https:\/\/rocketplay-new.com\/ga\/wp-json\/wp\/v2\/comments?post=4377"}],"version-history":[{"count":1,"href":"https:\/\/rocketplay-new.com\/ga\/wp-json\/wp\/v2\/pages\/4377\/revisions"}],"predecessor-version":[{"id":4378,"href":"https:\/\/rocketplay-new.com\/ga\/wp-json\/wp\/v2\/pages\/4377\/revisions\/4378"}],"wp:attachment":[{"href":"https:\/\/rocketplay-new.com\/ga\/wp-json\/wp\/v2\/media?parent=4377"}],"curies":[{"name":"wp","href":"https:\/\/api.w.org\/{rel}","templated":true}]}}