{"id":4353,"date":"2024-01-19T11:58:54","date_gmt":"2024-01-19T08:58:54","guid":{"rendered":"https:\/\/rocketplay-new.com\/contact-us\/"},"modified":"2024-01-19T22:08:58","modified_gmt":"2024-01-19T19:08:58","slug":"contact-us","status":"publish","type":"page","link":"https:\/\/rocketplay-new.com\/ga\/contact-us\/","title":{"rendered":"Glaoigh orainn"},"content":{"rendered":"<p>Tabhair faoi thuras de sheirbh\u00eds n\u00edos fearr do chustaim\u00e9ir\u00ed le RocketPlay Casino, \u00e1it a bhfuil do sh\u00e1stacht mar thosa\u00edocht againn. T\u00e1 \u00e1r leathanach D\u00e9an Teagmh\u00e1il Linn deartha go c\u00faramach chun rochtain \u00e9asca ar ch\u00fanamh a shol\u00e1thar duit, ag cinnti\u00fa go mbeidh do thaith\u00ed cluich\u00edochta le RocketPlay f\u00f3s iontach.<\/p>\n<h2>Ceangail L\u00e1ithreach: Taca\u00edocht Comhr\u00e1 Beo<\/h2>\n<p>Tuigeann RocketPlay Casino an luach a bhaineann le c\u00fanamh f\u00edor-ama, agus is \u00e9 sin an f\u00e1th go bhfuil \u00e1r dtaca\u00edocht comhr\u00e1 beo ar f\u00e1il 24\/7. Cib\u00e9 an bhfuil ceisteanna agat faoi chluich\u00ed ar leith, m\u00e1 t\u00e1 cabhair uait le do chuntas, n\u00f3 m\u00e1s mian leat d\u2019aiseolas a roinnt, t\u00e1 \u00e1r bhfoireann taca\u00edochta eolasach agus cairdi\u00fail r\u00e9idh le dul i dteagmh\u00e1il leat l\u00e1ithreach. Ardaigh do thaith\u00ed cluich\u00edochta tr\u00ed fhiosr\u00fach\u00e1in f\u00edor-ama a r\u00e9iteach, ag cinnti\u00fa gameplay gan bhriseadh.<\/p>\n<h2>Taca\u00edocht R\u00edomhphoist: R\u00e9itigh Mhionsonraithe ar Do Mh\u00e9ara<\/h2>\n<p>Le haghaidh fiosr\u00fach\u00e1in n\u00edos cuimsith\u00ed n\u00f3 m\u00e1s fearr leat cumars\u00e1id scr\u00edofa, cuireann RocketPlay Casino taca\u00edocht r\u00edomhphoist ar f\u00e1il. Seol teachtaireacht chugainn ag support@rocketplaycasino.com, agus cuirfidh \u00e1r bhfoireann tiomanta freagra pras agus mionsonraithe ar f\u00e1il duit. Tugaimid tosa\u00edocht do r\u00e9itigh cr\u00edochn\u00fala, ag tabhairt aghaidh ar gach gn\u00e9 de do imn\u00ed go beacht agus go c\u00faramach. Is \u00e9 do sh\u00e1stacht \u00e1r dtiomantas, agus cinnt\u00edonn \u00e1r dtaca\u00edocht r\u00edomhphoist go bhfreagra\u00edtear do cheisteanna go cuimsitheach.<\/p>\n<h2>Taca\u00edocht Guth\u00e1in: Cur Chuige Pearsanta<\/h2>\n<p>Uaireanta, f\u00e9adann \u00e9isteacht le guth cairdi\u00fail an difr\u00edocht ar fad a dh\u00e9anamh. Sol\u00e1thra\u00edonn RocketPlay Casino taca\u00edocht teileaf\u00f3in tr\u00edn\u00e1r mbeol\u00edne tiomnaithe ag 1-800-ROCKET-1. D\u00e9an teagmh\u00e1il dh\u00edreach len\u00e1r ngn\u00edomhair\u00ed taca\u00edochta, r\u00e9idh chun cabhr\u00fa leat le haon cheist n\u00f3 imn\u00ed. T\u00e1 s\u00e9 mar aidhm againn teagmh\u00e1il phearsanta a chur le do thaith\u00ed seirbh\u00edse do chustaim\u00e9ir\u00ed, rud a fh\u00e1gann go mbraitheann t\u00fa go bhfuil meas agat agus go gcloistear t\u00fa. Nuair a roghna\u00edonn t\u00fa taca\u00edocht guth\u00e1in, t\u00e1 l\u00edne dh\u00edreach chun feabhais \u00e1 roghn\u00fa agat.<\/p>\n<h2>CCanna: Nasclean\u00faint na Cruinne Faisn\u00e9ise<\/h2>\n<p>D\u00e9an ini\u00fachadh ar an rann\u00e1n cuimsitheach Ceisteanna Coitianta (CCanna) RocketPlay Casino sula dt\u00e9ann t\u00fa i dteagmh\u00e1il len\u00e1r bhfoireann taca\u00edochta. Cl\u00fada\u00edonn an acmhainn luachmhar seo topaic\u00ed \u00e9ags\u00fala, \u00f3 bhainisti\u00fa cuntas go rialacha cluiche. D\u00e9an teagmh\u00e1il gan str\u00f3 tr\u00ed cheisteanna coitianta, mar go sol\u00e1thra\u00edonn \u00e1r CCanna r\u00e9itigh c\u00e9im ar ch\u00e9im. Is \u00e9 do fhoinse 24\/7 chun freagra\u00ed tapa a fh\u00e1il, ag cinnti\u00fa gur f\u00e9idir leat fiosr\u00fach\u00e1in a r\u00e9iteach go neamhsple\u00e1ch agus go h\u00e9ifeachtach.<\/p>\n<h2>C\u00farsa\u00ed d\u2019Aiseolas: Ceisteanna agus Molta\u00ed a Thuairisci\u00fa<\/h2>\n<p>Is m\u00f3r ag RocketPlay Casino feabhas lean\u00fanach, agus t\u00e1 d\u2019aiseolas r\u00edth\u00e1bhachtach chun \u00e1r n-eisp\u00e9ireas cearrbhachais a fheabhs\u00fa. M\u00e1 thagann aon fhadhb ort n\u00f3 m\u00e1 t\u00e1 molta\u00ed agat maidir le feabhs\u00fa, molaimid duit iad a thuairisci\u00fa tr\u00edn\u00e1r mbeala\u00ed tiomnaithe.<\/p>\n<h2>Tuairiscigh fabht: Ag Cabhr\u00fa Linn Seolta\u00ed R\u00e9idh a Chinnti\u00fa<\/h2>\n<p>M\u00e1 thagann t\u00fa trasna ar aon lochtanna teicni\u00fala n\u00f3 fabhtanna le linn do thurais cluich\u00edochta, cuir in i\u00fal d\u00fainn iad. Cuid\u00edonn d\u2019airdeall linn seolta\u00ed gan uaim a chinnti\u00fa agus an t-ardchaighde\u00e1n c\u00e1il\u00edochta at\u00e1 RocketPlay Casino tiomanta do sheachadadh a chothabh\u00e1il.<\/p>\n<p>D\u00e9an teagmh\u00e1il le RocketPlay Casino inniu &#8211; do gheata chuig taca\u00edocht gan s\u00e1r\u00fa agus eisp\u00e9ireas cearrbhachais ardaithe.<\/p>\n","protected":false},"excerpt":{"rendered":"<p>Tabhair faoi thuras de sheirbh\u00eds n\u00edos fearr do chustaim\u00e9ir\u00ed le RocketPlay Casino, \u00e1it a bhfuil do sh\u00e1stacht mar thosa\u00edocht againn. T\u00e1 \u00e1r leathanach D\u00e9an Teagmh\u00e1il Linn deartha go c\u00faramach chun rochtain \u00e9asca ar ch\u00fanamh a shol\u00e1thar duit, ag cinnti\u00fa go mbeidh do thaith\u00ed cluich\u00edochta le RocketPlay f\u00f3s iontach. Ceangail L\u00e1ithreach: Taca\u00edocht Comhr\u00e1 Beo Tuigeann RocketPlay&#8230;<\/p>\n","protected":false},"author":1,"featured_media":0,"parent":0,"menu_order":0,"comment_status":"closed","ping_status":"closed","template":"","meta":{"_acf_changed":false,"_kad_post_transparent":"default","_kad_post_title":"default","_kad_post_layout":"default","_kad_post_sidebar_id":"","_kad_post_content_style":"default","_kad_post_vertical_padding":"default","_kad_post_feature":"","_kad_post_feature_position":"","_kad_post_header":false,"_kad_post_footer":false,"footnotes":""},"class_list":["post-4353","page","type-page","status-publish","hentry"],"acf":[],"rttpg_featured_image_url":null,"rttpg_author":{"display_name":"John","author_link":"https:\/\/rocketplay-new.com\/ga\/author\/pemvas95n89x\/"},"rttpg_comment":0,"rttpg_category":null,"rttpg_excerpt":"Tabhair faoi thuras de sheirbh\u00eds n\u00edos fearr do chustaim\u00e9ir\u00ed le RocketPlay Casino, \u00e1it a bhfuil do sh\u00e1stacht mar thosa\u00edocht againn. T\u00e1 \u00e1r leathanach D\u00e9an Teagmh\u00e1il Linn deartha go c\u00faramach chun rochtain \u00e9asca ar ch\u00fanamh a shol\u00e1thar duit, ag cinnti\u00fa go mbeidh do thaith\u00ed cluich\u00edochta le RocketPlay f\u00f3s iontach. Ceangail L\u00e1ithreach: Taca\u00edocht Comhr\u00e1 Beo Tuigeann RocketPlay...","_links":{"self":[{"href":"https:\/\/rocketplay-new.com\/ga\/wp-json\/wp\/v2\/pages\/4353","targetHints":{"allow":["GET"]}}],"collection":[{"href":"https:\/\/rocketplay-new.com\/ga\/wp-json\/wp\/v2\/pages"}],"about":[{"href":"https:\/\/rocketplay-new.com\/ga\/wp-json\/wp\/v2\/types\/page"}],"author":[{"embeddable":true,"href":"https:\/\/rocketplay-new.com\/ga\/wp-json\/wp\/v2\/users\/1"}],"replies":[{"embeddable":true,"href":"https:\/\/rocketplay-new.com\/ga\/wp-json\/wp\/v2\/comments?post=4353"}],"version-history":[{"count":1,"href":"https:\/\/rocketplay-new.com\/ga\/wp-json\/wp\/v2\/pages\/4353\/revisions"}],"predecessor-version":[{"id":4354,"href":"https:\/\/rocketplay-new.com\/ga\/wp-json\/wp\/v2\/pages\/4353\/revisions\/4354"}],"wp:attachment":[{"href":"https:\/\/rocketplay-new.com\/ga\/wp-json\/wp\/v2\/media?parent=4353"}],"curies":[{"name":"wp","href":"https:\/\/api.w.org\/{rel}","templated":true}]}}