{"id":4323,"date":"2024-01-19T14:22:19","date_gmt":"2024-01-19T11:22:19","guid":{"rendered":"https:\/\/rocketplay-new.com\/bonus-policy\/"},"modified":"2024-01-19T21:49:08","modified_gmt":"2024-01-19T18:49:08","slug":"bonus-policy","status":"publish","type":"page","link":"https:\/\/rocketplay-new.com\/ga\/bonus-policy\/","title":{"rendered":"Beartas B\u00f3nas"},"content":{"rendered":"<p>I ndomhan dinimici\u00fail na gceasa\u00edneonna ar l\u00edne, tagann RocketPlay Casino chun cinn mar ard\u00e1n den scoth a mheallann imreoir\u00ed le sraith cluich\u00ed spreag\u00fala ach a thairgeann Beartas B\u00f3nais mealltach freisin. Arda\u00edonn an beartas seo an t-eisp\u00e9ireas cearrbhachais, ag tabhairt luach breise d\u2019imreoir\u00ed agus deiseanna chun bua a fh\u00e1il. D\u00e9anaimis ini\u00fachadh ar shonra\u00ed Pholasa\u00ed B\u00f3nas RocketPlay Casino, ag fiosr\u00fa na b\u00f3nais agus na harduithe c\u00e9ime \u00e9ags\u00fala at\u00e1 ag fanacht le himreoir\u00ed ar an turas cearrbhachais cosma\u00ed seo.<\/p>\n<h2>F\u00e1ilte go R\u00e9altra RocketPlay: An B\u00f3nas Cl\u00e1raigh<\/h2>\n<p>Cuirfear t\u00fas le d\u2019eachtra RocketPlay le f\u00e1ilte neamha\u00ed i bhfoirm B\u00f3nas Cl\u00e1raigh. Mar imreoir nua, cuirfear f\u00e1ilte romhat le do thaisce tosaigh, ag cur do chist\u00ed cearrbhachais ar airde nua. Feidhm\u00edonn an b\u00f3nas seo mar eochairph\u00e1ip\u00e9ir le haghaidh taisc\u00e9ala\u00edochta, rud a ligeann duit na huisc\u00ed a th\u00e1st\u00e1il agus an raon leathan cluich\u00ed a thairgeann RocketPlay Casino a fh\u00e1il amach. Mar sin f\u00e9in, t\u00e1 s\u00e9 riachtanach athbhreithni\u00fa c\u00faramach a dh\u00e9anamh ar na t\u00e9arma\u00ed agus na coinn\u00edollacha a bhaineann leis an mB\u00f3nas Cl\u00e1raigh chun an leas is fearr a bhaint as an deis chosma\u00ed seo.<\/p>\n<h2>An Spraoi a Bhros\u00fa: B\u00f3nais Taisce<\/h2>\n<p>Creideann RocketPlay Casino an sult a choinne\u00e1il beo, fi\u00fa tar \u00e9is an ch\u00e9ad phl\u00e9asc. Mar sin, is f\u00e9idir le himreoir\u00ed taitneamh a bhaint as B\u00f3nais Taisce a chuireann breosla roic\u00e9ad lena n-iarrachta\u00ed cearrbhachais. Is minic a bh\u00edonn na b\u00f3nais seo strucht\u00fartha chun c\u00e9atad\u00e1n de do thaisc\u00ed a mheaitse\u00e1il, rud a fh\u00e1gann go bhfuil do chumhacht imeartha n\u00edos faide n\u00e1 an gn\u00e1thn\u00f3s. Cinnt\u00edonn arduithe c\u00e9ime rialta go mb\u00edonn deiseanna lean\u00fanacha ag imreoir\u00ed na b\u00f3nais seo a \u00e9ileamh, ag sol\u00e1thar spleodar agus luach saothair lean\u00fanach.<\/p>\n<h2>Ag Nasclean\u00faint an R\u00e9altra B\u00f3nais: Cl\u00e1ir D\u00edlseachta<\/h2>\n<p>Is m\u00f3r ag RocketPlay Casino d\u00edlseacht a chuid imreoir\u00ed agus t\u00e1 Cl\u00e1r D\u00edlseachta nu\u00e1lach curtha le ch\u00e9ile aige chun luach saothair a thabhairt d\u00f3ibh si\u00fad a leanann ar aghaidh ag ini\u00fachadh fairsinge cosma\u00ed a chruinne cluich\u00edochta. Agus t\u00fa ag fithisi\u00fa na r\u00edleanna agus na t\u00e1bla\u00ed, carnfaidh t\u00fa point\u00ed d\u00edlseachta ar f\u00e9idir iad a mhalart\u00fa le haghaidh luach saothair iontacha. Is f\u00e9idir leo seo b\u00f3nais bhreise, spins saor in aisce, n\u00f3 rochtain eisiach \u00f3c\u00e1id \u200b\u200bVIP a \u00e1ireamh. Is \u00e9 an Cl\u00e1r D\u00edlseachta bealach RocketPlay chun bu\u00edochas a ghabh\u00e1il as do dh\u00edlseacht chosmach lean\u00fanach.<\/p>\n<h2>Starburst of Surprises: B\u00f3nais spins saor in aisce<\/h2>\n<p>Sa r\u00e9altra RocketPlay, tagann iontas i mB\u00f3nais Spins Saor in Aisce, \u00e1it ar f\u00e9idir le himreoir\u00ed dul ar thurais chosma\u00ed iontacha gan a gcuid cist\u00ed cearrbhachais a laghd\u00fa. Cib\u00e9 an bhfuil baint aige le cluich\u00ed ar leith n\u00f3 m\u00e1 chuirtear ar f\u00e1il iad mar chuid de chur chun cinn, spreagfaidh b\u00f3nais spin saor in aisce do thaith\u00ed cluich\u00edochta. F\u00e9ach ar an leathanach prom\u00f3isin chun na deiseanna seo a thap\u00fa agus casadh ar bhuanna r\u00e9alteola\u00edocha.<\/p>\n<h2>Riachtanais Geallt\u00f3ireachta: Na Coinn\u00edollacha Cosma\u00ed a Loingseoireacht<\/h2>\n<p>C\u00e9 go l\u00e9ir\u00edonn RocketPlay Casino b\u00f3nais chosma\u00ed d\u2019imreoir\u00ed, t\u00e1 s\u00e9 riachtanach na coinn\u00edollacha cosmacha ar a dtugtar ceanglais geallchur a threor\u00fa. Leagann na ceanglais seo amach an l\u00edon uaireanta a chaithfidh t\u00fa a imirt tr\u00ed do chist\u00ed b\u00f3nais sula mbeidh t\u00fa inch\u00e1ilithe chun do chuid buaite a tharraingt siar. Tr\u00ed na coinn\u00edollacha seo a thuiscint agus a chomhl\u00edonadh, is f\u00e9idir le himreoir\u00ed turas r\u00e9idh a chinnti\u00fa tr\u00edd an r\u00e9altra RocketPlay, ag casadh b\u00f3nais i luach saothair inl\u00e1imhsithe.<\/p>\n<h2>C\u00f3id Seolta agus C\u00f3id B\u00f3nais: Cnagadh na Cipire Cosma\u00ed<\/h2>\n<p>Fosta\u00edonn RocketPlay Casino c\u00f3ras seifti\u00fail de Ch\u00f3id B\u00f3nais agus C\u00f3id Seolta chun b\u00f3nais agus tionscnaimh eisiacha a dh\u00edghlas\u00e1il. Monat\u00f3ireacht a dh\u00e9anamh ar bheala\u00ed cumars\u00e1ide, lena n-\u00e1ir\u00edtear nuachtlitreacha agus na me\u00e1in sh\u00f3isialta, chun na c\u00f3id seo a fh\u00e1il agus chun do thaith\u00ed cluich\u00edochta a fheabhs\u00fa. Is f\u00e9idir C\u00f3id B\u00f3nais a chur isteach le linn an phr\u00f3isis taisce, agus f\u00e9adfaidh C\u00f3id Seoladh b\u00f3nais iontasacha n\u00f3 prom\u00f3isin ama teoranta a nochtadh. Fan ar an airdeall; b&#8217;fh\u00e9idir go gclisfidh t\u00fa ar an siffr chosma\u00ed le haghaidh luach saothair neamhghn\u00e1ch.<\/p>\n<h2>VIP R\u00e9altn\u00e9al: Ard\u00fa go St\u00e1das R\u00e9altrach Mionlach<\/h2>\n<p>Do na himreoir\u00ed is tiomnaithe at\u00e1 ag lorg taith\u00ed cluich\u00edochta mionlach, cuireann RocketPlay Casino cl\u00e1r eisiach VIP ar a dtugtar an R\u00e9altn\u00e9al VIP ar f\u00e1il. Tr\u00ed chuireadh amh\u00e1in, sol\u00e1thra\u00edonn an cl\u00e1r seo bunt\u00e1ist\u00ed pearsantaithe d\u2019imreoir\u00ed VIP, b\u00f3nais fheabhsaithe, aistarraingt\u00ed n\u00edos tap\u00fala, agus rochtain ar imeachta\u00ed VIP amh\u00e1in. T\u00e9igh suas go dt\u00ed an R\u00e9altn\u00e9al VIP, agus beidh t\u00fa f\u00e9in i gcuideachta na n-ard-roll\u00f3ir\u00ed Cosma\u00ed, ag baint taitnimh as eisp\u00e9ireas cluich\u00edochta at\u00e1 lasmuigh den saol seo.<\/p>\n<h2>Bearta Sl\u00e1nd\u00e1la R\u00e9iti\u00fala: Cothrom na F\u00e9inne agus Cearrbhachas Freagrach<\/h2>\n<p>T\u00e1 RocketPlay Casino tiomanta do chothrom na f\u00e9inne a chinnti\u00fa agus cearrbhachas freagrach a chur chun cinn i r\u00e9imse leathan na gcearrbhachas ar l\u00edne. T\u00e1 an Beartas B\u00f3nais deartha chun siamsa\u00edocht a thabhairt agus sl\u00e1ine an eisp\u00e9iris chearrbhachais a choinne\u00e1il. T\u00e1 bearta sl\u00e1nd\u00e1la d\u00e9ine i bhfeidhm chun m\u00ed-\u00fas\u00e1id b\u00f3nais a chosc agus chun p\u00e1irc imeartha chothrom a chruth\u00fa do gach imreoir. Spreagann RocketPlay cleachtais chearrbhachais fhreagracha, le huirlis\u00ed agus acmhainn\u00ed ar f\u00e1il chun timpeallacht shl\u00e1inti\u00fail cearrbhachais a chur chun cinn.<\/p>\n<h2>Soar to New Heights le B\u00f3nais Casino RocketPlay<\/h2>\n<p>Is l\u00e9iri\u00fa \u00e9 Beartas B\u00f3nais RocketPlay Casino ar a thiomantas chun taith\u00ed cluich\u00edochta thar an ngn\u00e1th a shol\u00e1thar d\u2019imreoir\u00ed. \u00d3n n\u00f3im\u00e9ad a chl\u00e1ra\u00edonn t\u00fa agus a fhaigheann t\u00fa f\u00e1ilte neamha\u00ed roimh na luach saothair lean\u00fanacha tr\u00ed chl\u00e1ir d\u00edlseachta agus b\u00f3nais taisce, cinnt\u00edonn RocketPlay Casino go bhfuil turas gach imreoir l\u00edonta le spleodar agus iontas cosma\u00ed. Agus t\u00fa ag dul tr\u00edd an R\u00e9altra B\u00f3nas, cuimhnigh clo\u00ed leis na ceanglais geallchur agus b\u00ed ag faire le haghaidh C\u00f3id B\u00f3nas agus C\u00f3id Seoladh a d&#8217;fh\u00e9adfadh luach saothair eisiach a dh\u00edghlas\u00e1il. Cib\u00e9 an taisc\u00e9ala\u00ed \u00f3c\u00e1ideach n\u00f3 ball den R\u00e9altn\u00e9al VIP t\u00fa, tugann RocketPlay Casino cuireadh duit ard\u00fa go hard ar airde nua agus taitneamh a bhaint as sult gan teorainn a chruinne cluich\u00edochta cosma\u00ed.<\/p>\n","protected":false},"excerpt":{"rendered":"<p>I ndomhan dinimici\u00fail na gceasa\u00edneonna ar l\u00edne, tagann RocketPlay Casino chun cinn mar ard\u00e1n den scoth a mheallann imreoir\u00ed le sraith cluich\u00ed spreag\u00fala ach a thairgeann Beartas B\u00f3nais mealltach freisin. Arda\u00edonn an beartas seo an t-eisp\u00e9ireas cearrbhachais, ag tabhairt luach breise d\u2019imreoir\u00ed agus deiseanna chun bua a fh\u00e1il. D\u00e9anaimis ini\u00fachadh ar shonra\u00ed Pholasa\u00ed B\u00f3nas RocketPlay&#8230;<\/p>\n","protected":false},"author":1,"featured_media":0,"parent":0,"menu_order":0,"comment_status":"closed","ping_status":"closed","template":"","meta":{"_acf_changed":false,"_kad_post_transparent":"default","_kad_post_title":"default","_kad_post_layout":"default","_kad_post_sidebar_id":"","_kad_post_content_style":"default","_kad_post_vertical_padding":"default","_kad_post_feature":"","_kad_post_feature_position":"","_kad_post_header":false,"_kad_post_footer":false,"footnotes":""},"class_list":["post-4323","page","type-page","status-publish","hentry"],"acf":[],"rttpg_featured_image_url":null,"rttpg_author":{"display_name":"John","author_link":"https:\/\/rocketplay-new.com\/ga\/author\/pemvas95n89x\/"},"rttpg_comment":0,"rttpg_category":null,"rttpg_excerpt":"I ndomhan dinimici\u00fail na gceasa\u00edneonna ar l\u00edne, tagann RocketPlay Casino chun cinn mar ard\u00e1n den scoth a mheallann imreoir\u00ed le sraith cluich\u00ed spreag\u00fala ach a thairgeann Beartas B\u00f3nais mealltach freisin. Arda\u00edonn an beartas seo an t-eisp\u00e9ireas cearrbhachais, ag tabhairt luach breise d\u2019imreoir\u00ed agus deiseanna chun bua a fh\u00e1il. D\u00e9anaimis ini\u00fachadh ar shonra\u00ed Pholasa\u00ed B\u00f3nas RocketPlay...","_links":{"self":[{"href":"https:\/\/rocketplay-new.com\/ga\/wp-json\/wp\/v2\/pages\/4323","targetHints":{"allow":["GET"]}}],"collection":[{"href":"https:\/\/rocketplay-new.com\/ga\/wp-json\/wp\/v2\/pages"}],"about":[{"href":"https:\/\/rocketplay-new.com\/ga\/wp-json\/wp\/v2\/types\/page"}],"author":[{"embeddable":true,"href":"https:\/\/rocketplay-new.com\/ga\/wp-json\/wp\/v2\/users\/1"}],"replies":[{"embeddable":true,"href":"https:\/\/rocketplay-new.com\/ga\/wp-json\/wp\/v2\/comments?post=4323"}],"version-history":[{"count":1,"href":"https:\/\/rocketplay-new.com\/ga\/wp-json\/wp\/v2\/pages\/4323\/revisions"}],"predecessor-version":[{"id":4324,"href":"https:\/\/rocketplay-new.com\/ga\/wp-json\/wp\/v2\/pages\/4323\/revisions\/4324"}],"wp:attachment":[{"href":"https:\/\/rocketplay-new.com\/ga\/wp-json\/wp\/v2\/media?parent=4323"}],"curies":[{"name":"wp","href":"https:\/\/api.w.org\/{rel}","templated":true}]}}