{"id":4295,"date":"2024-01-19T14:17:15","date_gmt":"2024-01-19T11:17:15","guid":{"rendered":"https:\/\/rocketplay-new.com\/aml-policy\/"},"modified":"2024-01-19T21:31:46","modified_gmt":"2024-01-19T18:31:46","slug":"aml-policy","status":"publish","type":"page","link":"https:\/\/rocketplay-new.com\/ga\/aml-policy\/","title":{"rendered":"Beartas AML"},"content":{"rendered":"<p>I r\u00e9imse dinimici\u00fail na gceasa\u00edneonna ar l\u00edne, t\u00e1 sl\u00e1nd\u00e1il agus tr\u00e9dhearcacht mar bhunchlocha d\u2019eisp\u00e9ireas cearrbhachais iontaofa. Aithn\u00edonn RocketPlay Casino an f\u00edorth\u00e1bhacht a bhaineann lena chuid imreoir\u00ed a chosaint agus le sl\u00e1ine a ard\u00e1in a sheasamh. T\u00e1 s\u00e9 r\u00edth\u00e1bhachtach don ghealltanas seo beartas l\u00e1idir Frithsci\u00faradh Airgid (AML) a chur i bhfeidhm. T\u00e1 an beartas seo ar aon dul le ceanglais dhl\u00edthi\u00fala agus t\u00e9ann s\u00e9 thar am chun timpeallacht chearrbhachais at\u00e1 sl\u00e1n agus cothrom a chruth\u00fa do gach rannph\u00e1irt\u00ed.<\/p>\n<h2>R\u00e9amhr\u00e1 ar Bheartas AML RocketPlay Casino<\/h2>\n<p>Cuireann RocketPlay Casino pr\u00e9imh ar ionracas agus ar chothrom na f\u00e9inne, agus t\u00e1 a bheartas AML ina bheart in aghaidh gn\u00edomha\u00edochta\u00ed aindleathacha airgeadais. T\u00e1 an beartas AML deartha chun aon iarrachta\u00ed ar sci\u00faradh airgid a bhrath agus a chosc, ag cinnti\u00fa nach bhfuil an t-ard\u00e1n sl\u00e1naithe ag \u00e9ag\u00f3ir airgeadais.<\/p>\n<h2>Comhl\u00edonadh Caighde\u00e1in Rial\u00e1la<\/h2>\n<p>Chun a thiomantas don sl\u00e1ine a neart\u00fa, clo\u00edonn RocketPlay Casino go docht leis na caighde\u00e1in agus na ceanglais rial\u00e1la \u00e1bhartha go l\u00e9ir. D\u00e9antar an beartas AML a nuashonr\u00fa go rialta chun a ail\u00edni\u00fa leis na creata\u00ed dl\u00ed is d\u00e9ana\u00ed, rud a l\u00e9ir\u00edonn tiomantas an cheasa\u00edneo chun fanacht chun tosaigh ar an gcuar i dt\u00edrdhreach na rialach\u00e1n cearrbhachais ar l\u00edne at\u00e1 ag athr\u00fa de sh\u00edor.<\/p>\n<h2>Aithnigh do N\u00f3sanna Imeachta do Chustaim\u00e9ir\u00ed (KYC)<\/h2>\n<p>Fosta\u00edonn RocketPlay Casino n\u00f3sanna imeachta KYC d\u00e9ine mar chuid l\u00e1rnach d\u00e1 chreat AML. Sula bhf\u00e9adfaidh imreoir dul i ngleic go hioml\u00e1n leis an eisp\u00e9ireas cearrbhachais, caithfidh s\u00e9 dul faoi phr\u00f3iseas f\u00edoraithe cr\u00edochn\u00fail. Is \u00e9ard at\u00e1 i gceist leis an bpr\u00f3iseas seo n\u00e1 doicim\u00e9id aitheantais, cruth\u00fanas seolta, agus faisn\u00e9is \u00e1bhartha eile a chur isteach, ag cinnti\u00fa go nd\u00e9antar c\u00e9annacht gach imreora a fh\u00edor\u00fa le leibh\u00e9al ard cinnteachta.<\/p>\n<h2>Faireach\u00e1n agus Tuairisci\u00fa Idirbheart<\/h2>\n<p>Cuims\u00edonn beartas AML an cheasa\u00edneo monat\u00f3ireacht airdeallach ar gach idirbheart airgeadais ar an ard\u00e1n. \u00das\u00e1idtear ard-halgartaim agus anail\u00eds\u00edocht chun patr\u00fain agus aimhrialtachta\u00ed a shainaithint a d\u2019fh\u00e9adfadh gn\u00edomha\u00edochta\u00ed sci\u00faradh airgid f\u00e9ideartha a l\u00e9iri\u00fa. D\u00e9antar aon idirbhearta amhrasacha a thuairisci\u00fa go pras do na h\u00fadar\u00e1is \u00e1bhartha, rud a l\u00e9ir\u00edonn tiomantas RocketPlay Casino do chomhoibri\u00fa le comhlachta\u00ed rial\u00e1la chun coireacht airgeadais a chomhrac.<\/p>\n<h2>Cur Chuige Riosca-Bhunaithe<\/h2>\n<p>Glacann RocketPlay Casino cur chuige riosca-bhunaithe i leith AML, ag oiri\u00fan\u00fa a bhearta coisctheacha don leibh\u00e9al riosca a bhaineann le gach imreoir agus idirbheart. Ligeann an strait\u00e9is nua seo don cheasa\u00edneonna acmhainn\u00ed a leithdh\u00e1ileadh go h\u00e9ifeachtach, ag d\u00edri\u00fa n\u00edos m\u00f3 ar ghn\u00edomha\u00edochta\u00ed a mbaineann riosca n\u00edos airde leo agus ag an am c\u00e9anna eisp\u00e9ireas sruthl\u00ednithe a chinnti\u00fa do na himreoir\u00ed a mbaineann riosca \u00edseal leo.<\/p>\n<h2>Traen\u00e1il agus Feasacht Foirne<\/h2>\n<p>Braitheann \u00e9ifeachtacht aon bheartais AML ar chomhfhaireachas na foirne ar fad. Infheist\u00edonn RocketPlay Casino i gcl\u00e1ir oili\u00fana cuimsitheacha chun a chinnti\u00fa go bhfuil a fhoireann eolach ar riosca\u00ed sci\u00faradh airgid f\u00e9ideartha a aithint agus freagairt a thabhairt d\u00f3ibh. Cotha\u00edonn feachtais lean\u00fanacha oideachais agus feasachta cult\u00far comhl\u00edonta agus d\u00fathrachta ar fud na heagra\u00edochta.<\/p>\n<h2>D\u00edcheall Dlite Feabhsaithe do Chustaim\u00e9ir\u00ed Ard-riosca<\/h2>\n<p>Ag aithint go bhf\u00e9adfadh custaim\u00e9ir\u00ed sonracha a bheith i mbaol n\u00edos airde a bheith p\u00e1irteach i ngn\u00edomha\u00edochta\u00ed sci\u00faradh airgid, cuireann RocketPlay Casino bearta d\u00edchill chu\u00ed feabhsaithe i bhfeidhm do dhaoine aonair den s\u00f3rt sin. \u00c1ir\u00edtear leis sin grinnscr\u00fad\u00fa breise ar a n-idirbhearta airgeadais, foinse a gcist\u00ed, agus facht\u00f3ir\u00ed \u00e1bhartha eile. Tr\u00ed stuama a chleachtadh agus \u00e9 ag d\u00e9ile\u00e1il le custaim\u00e9ir\u00ed ardriosca, cosna\u00edonn an ceasa\u00edneo a chreat AML.<\/p>\n<h2>Comhoibri\u00fa le Forfheidhmi\u00fa an Dl\u00ed<\/h2>\n<p>Coinn\u00edonn RocketPlay Casino l\u00ednte cumars\u00e1ide oscailte le gn\u00edomhaireachta\u00ed forfheidhmithe dl\u00ed, ag roinnt faisn\u00e9ise faoi ghn\u00edomha\u00edochta\u00ed sci\u00faradh airgid f\u00e9ideartha de r\u00e9ir mar is g\u00e1. N\u00ed hamh\u00e1in go nearta\u00edonn an cur chuige comhoibr\u00edoch seo iarrachta\u00ed AML an cheasa\u00edneo ach cuireann s\u00e9 le hiarrachta\u00ed n\u00edos leithne an tionscail chearrbhachais agus na gcomhlachta\u00ed rial\u00e1la chun coireacht airgeadais a chomhrac.<\/p>\n<h2>Tr\u00e9dhearcacht agus Cumars\u00e1id le Rannph\u00e1irtithe<\/h2>\n<p>T\u00e1 cumars\u00e1id thr\u00e9dhearcach bun\u00fasach chun muin\u00edn a choth\u00fa idir an ceasa\u00edneo agus a chuid imreoir\u00ed. Cinnt\u00edonn RocketPlay Casino go bhfuil imreoir\u00ed ar an eolas faoi na bearta AML at\u00e1 i bhfeidhm, rud a chotha\u00edonn muin\u00edn as cothroime agus as sl\u00e1nd\u00e1il na timpeallachta cearrbhachais. \u00c1ir\u00edtear le cumars\u00e1id shoil\u00e9ir freisin treoirl\u00ednte maidir le cearrbhachas freagrach agus na hiarmhairt\u00ed a bhaineann le gabh\u00e1il do ghn\u00edomha\u00edochta\u00ed airgeadais toirmiscthe.<\/p>\n<h2>Feabhs\u00fa Lean\u00fanach agus Oiri\u00fan\u00fa<\/h2>\n<p>Sa t\u00edrdhreach at\u00e1 ag s\u00edorathr\u00fa maidir le cearrbhachas ar l\u00edne agus rialach\u00e1in airgeadais, t\u00e1 RocketPlay Casino f\u00f3s tiomanta d&#8217;fheabhs\u00fa lean\u00fanach. D\u00e9antar athbhreithni\u00fa rialta ar an mbeartas AML, agus d\u00e9anann an ceasa\u00edneo a strait\u00e9is\u00ed a oiri\u00fan\u00fa go h\u00e9ifeachtach chun aghaidh a thabhairt ar bhagairt\u00ed agus ar dh\u00fashl\u00e1in at\u00e1 ag teacht chun cinn. Cinnt\u00edonn an cur chuige r\u00e9amhghn\u00edomhach seo go bhfanann RocketPlay Casino ar th\u00fas cadhna\u00edochta i gcomhl\u00edonadh AML, ag sol\u00e1thar eisp\u00e9ireas cearrbhachais sl\u00e1n agus taitneamhach do na himreoir\u00ed.<\/p>\n<p>Is l\u00e9iri\u00fa \u00e9 polasa\u00ed AML RocketPlay Casino ar a thiomantas gan staonadh do thimpeallacht chearrbhachais at\u00e1 sl\u00e1n agus cothrom. Buaileann agus s\u00e1ra\u00edonn an ceasa\u00edneo caighde\u00e1in rial\u00e1la tr\u00ed theicneola\u00edocht cheannr\u00f3da\u00edoch a chomhcheangal le cur chuige cuimsitheach agus oiri\u00fanaitheach i leith AML. De r\u00e9ir mar a thumfaidh imreoir\u00ed iad f\u00e9in i sult an chearrbhachais ar RocketPlay Casino, is f\u00e9idir leo \u00e9 sin a dh\u00e9anamh le muin\u00edn go gcosna\u00edonn beartas AML l\u00e1idir agus r\u00e9amhghn\u00edomhach a gcuid idirbheart airgeadais.<\/p>\n","protected":false},"excerpt":{"rendered":"<p>I r\u00e9imse dinimici\u00fail na gceasa\u00edneonna ar l\u00edne, t\u00e1 sl\u00e1nd\u00e1il agus tr\u00e9dhearcacht mar bhunchlocha d\u2019eisp\u00e9ireas cearrbhachais iontaofa. Aithn\u00edonn RocketPlay Casino an f\u00edorth\u00e1bhacht a bhaineann lena chuid imreoir\u00ed a chosaint agus le sl\u00e1ine a ard\u00e1in a sheasamh. T\u00e1 s\u00e9 r\u00edth\u00e1bhachtach don ghealltanas seo beartas l\u00e1idir Frithsci\u00faradh Airgid (AML) a chur i bhfeidhm. T\u00e1 an beartas seo ar&#8230;<\/p>\n","protected":false},"author":1,"featured_media":0,"parent":0,"menu_order":0,"comment_status":"closed","ping_status":"closed","template":"","meta":{"_acf_changed":false,"_kad_post_transparent":"default","_kad_post_title":"default","_kad_post_layout":"default","_kad_post_sidebar_id":"","_kad_post_content_style":"default","_kad_post_vertical_padding":"default","_kad_post_feature":"","_kad_post_feature_position":"","_kad_post_header":false,"_kad_post_footer":false,"footnotes":""},"class_list":["post-4295","page","type-page","status-publish","hentry"],"acf":[],"rttpg_featured_image_url":null,"rttpg_author":{"display_name":"John","author_link":"https:\/\/rocketplay-new.com\/ga\/author\/pemvas95n89x\/"},"rttpg_comment":0,"rttpg_category":null,"rttpg_excerpt":"I r\u00e9imse dinimici\u00fail na gceasa\u00edneonna ar l\u00edne, t\u00e1 sl\u00e1nd\u00e1il agus tr\u00e9dhearcacht mar bhunchlocha d\u2019eisp\u00e9ireas cearrbhachais iontaofa. Aithn\u00edonn RocketPlay Casino an f\u00edorth\u00e1bhacht a bhaineann lena chuid imreoir\u00ed a chosaint agus le sl\u00e1ine a ard\u00e1in a sheasamh. T\u00e1 s\u00e9 r\u00edth\u00e1bhachtach don ghealltanas seo beartas l\u00e1idir Frithsci\u00faradh Airgid (AML) a chur i bhfeidhm. T\u00e1 an beartas seo ar...","_links":{"self":[{"href":"https:\/\/rocketplay-new.com\/ga\/wp-json\/wp\/v2\/pages\/4295","targetHints":{"allow":["GET"]}}],"collection":[{"href":"https:\/\/rocketplay-new.com\/ga\/wp-json\/wp\/v2\/pages"}],"about":[{"href":"https:\/\/rocketplay-new.com\/ga\/wp-json\/wp\/v2\/types\/page"}],"author":[{"embeddable":true,"href":"https:\/\/rocketplay-new.com\/ga\/wp-json\/wp\/v2\/users\/1"}],"replies":[{"embeddable":true,"href":"https:\/\/rocketplay-new.com\/ga\/wp-json\/wp\/v2\/comments?post=4295"}],"version-history":[{"count":2,"href":"https:\/\/rocketplay-new.com\/ga\/wp-json\/wp\/v2\/pages\/4295\/revisions"}],"predecessor-version":[{"id":4297,"href":"https:\/\/rocketplay-new.com\/ga\/wp-json\/wp\/v2\/pages\/4295\/revisions\/4297"}],"wp:attachment":[{"href":"https:\/\/rocketplay-new.com\/ga\/wp-json\/wp\/v2\/media?parent=4295"}],"curies":[{"name":"wp","href":"https:\/\/api.w.org\/{rel}","templated":true}]}}