{"id":4267,"date":"2024-01-19T11:44:56","date_gmt":"2024-01-19T08:44:56","guid":{"rendered":"https:\/\/rocketplay-new.com\/about-us\/"},"modified":"2025-11-17T18:01:16","modified_gmt":"2025-11-17T15:01:16","slug":"about-us","status":"publish","type":"page","link":"https:\/\/rocketplay-new.com\/ga\/about-us\/","title":{"rendered":"F\u00fainn"},"content":{"rendered":"<p><span data-preserver-spaces=\"true\">F\u00e1ilte go RocketPlay Casino, \u00e1it a sroicheann sult an chearrbhachais airde nua. D\u00e9an ini\u00fachadh ar chruinne siamsa\u00edochta, nu\u00e1la\u00edochta agus spleodar gan s\u00e1r\u00fa. Faigh amach c\u00e9n f\u00e1th gurb \u00e9 RocketPlay Casino an ceann scr\u00edbe deiridh d\u2019imreoir\u00ed at\u00e1 ag lorg taith\u00ed cluich\u00edochta neamhghn\u00e1ch.<\/span><\/p>\n<h2>\u00c1r Misean: S\u00e1rmhaitheas Cearrbhachais a Ath-shainmh\u00edni\u00fa<\/h2>\n<p>Ag RocketPlay Casino, t\u00e1 \u00e1r misean soil\u00e9ir: s\u00e1rmhaitheas cearrbhachais a ath-shainmh\u00edni\u00fa. D\u00e9anaimid \u00e1r nd\u00edcheall timpeallacht dhinimici\u00fail tumtha a chruth\u00fa inar f\u00e9idir le himreoir\u00ed \u00e9al\u00fa \u00f3n r\u00e9altacht agus tabhairt faoi eachtra\u00ed spleodracha. Cuireann \u00e1r dtiomantas do nu\u00e1la\u00edocht, cothroime agus cearrbhachas freagrach as sinn sa tionscal ceasa\u00edneo ar l\u00edne.<\/p>\n<h2>Roghn\u00fa Cearrbhachais Gan S\u00e1r<\/h2>\n<p>T\u00e1 rogha leathan agus \u00e9ags\u00fail de chluich\u00ed ag RocketPlay Casino chun freastal ar roghanna gach imreoir. \u00d3 chluich\u00ed boird clasaiceacha go sliot\u00e1in cheannr\u00f3da\u00edocha, t\u00e1 \u00e1r bpunann coime\u00e1dta chun eisp\u00e9ireas cearrbhachais gan s\u00e1r\u00fa a shol\u00e1thar. I gcomhph\u00e1irt\u00edocht le pr\u00edomhfhorbr\u00f3ir\u00ed cluich\u00ed, d\u00e9anaimid deimhin de go mb\u00edonn \u00e1r mbaili\u00fach\u00e1n cothrom le d\u00e1ta i gc\u00f3na\u00ed leis na heisi\u00faint\u00ed is d\u00e9ana\u00ed, rud a chinnt\u00edonn sruth lean\u00fanach spleodar d\u00e1r n-imreoir\u00ed.<\/p>\n<h2>Teicneola\u00edocht Ceannr\u00f3da\u00edoch<\/h2>\n<p>Ag cro\u00edl\u00e1r RocketPlay Casino t\u00e1 teicneola\u00edocht cheannr\u00f3da\u00edoch a thugann cumhacht d\u00e1r n-ard\u00e1n. D\u00e9anaimid giar\u00e1il bogearra\u00ed den scoth chun gameplay gan uaim, grafaic\u00ed buailte agus comh\u00e9adan \u00fas\u00e1ideora iomasach a sheachadadh. Cinnt\u00edonn \u00e1r dtiomantas do nu\u00e1la\u00edocht teicneola\u00edochta gur f\u00e9idir le himreoir\u00ed taitneamh a bhaint as a gcuid cluich\u00ed is fearr leo thar fheist\u00ed \u00e9ags\u00fala gan cur isteach ar ch\u00e1il\u00edocht.<\/p>\n<h2>C\u00f3ir Imirt agus Sl\u00e1nd\u00e1il<\/h2>\n<p>T\u00e1 sl\u00e1ine agus sl\u00e1nd\u00e1il r\u00edth\u00e1bhachtach ag RocketPlay Casino. Oibr\u00edmid tiomanta do chothrom na f\u00e9inne, ag baint \u00fas\u00e1ide as ginead\u00f3ir\u00ed uimhir randamacha deimhnithe chun a chinnti\u00fa go bhfuil gach toradh gan choinne. Cosna\u00edonn \u00e1r n-ard\u00e1n sl\u00e1n agus criptithe do chuid faisn\u00e9ise pearsanta, rud a ligeann duit d\u00edri\u00fa ar na ruda\u00ed is t\u00e1bhachta\u00ed &#8211; taitneamh a bhaint as sult an chluiche.<\/p>\n<h2>Lua\u00edochta\u00ed RocketPlay: Ardaigh Do Bhuaigh<\/h2>\n<p>Is \u00e9 RocketPlay Rewards \u00e1r mbealach chun meas a l\u00e9iri\u00fa d\u00e1r n-imreoir\u00ed d\u00edlse. Le cl\u00e1r d\u00edlseachta srathach, is f\u00e9idir le himreoir\u00ed b\u00f3nais eisiacha, tionscnaimh phearsantaithe agus luach saothair spreag\u00fala eile a dh\u00edghlas\u00e1il. D\u00e1 mh\u00e9ad a imr\u00edonn t\u00fa, is amhlaidh is airde a dhreapann t\u00fa, agus is amhlaidh is luxurious a \u00e9ir\u00edonn an luach saothair. N\u00ed ceann scr\u00edbe amh\u00e1in \u00e9 RocketPlay Casino; is turas \u00e9 at\u00e1 l\u00e1n le bunt\u00e1ist\u00ed agus pribhl\u00e9id\u00ed.<\/p>\n<h2>Eisp\u00e9ireas Immersive Casino Casino<\/h2>\n<p>Is \u00e9 \u00e1r gceasa\u00edneo beo an freagra d\u00f3ibh si\u00fad at\u00e1 ag iarraidh sult a bhaint as ceasa\u00edneo br\u00edce agus moirt\u00e9al \u00f3 chompord a dtithe. D\u00e9an idirghn\u00edomh\u00fa le d\u00e9ile\u00e1laithe gairmi\u00fala, t\u00fa f\u00e9in a thumadh in ambiance f\u00edorcheasa\u00edneo, agus bain sult as cluich\u00ed mar blackjack, roulette, agus baccarat i bhf\u00edor-am. Tugann RocketPlay Casino an t-eisp\u00e9ireas bar\u00e1nt\u00fala ceasa\u00edneo chuig do sc\u00e1ile\u00e1n.<\/p>\n<h2>Abhc\u00f3ideacht Chearrbhachais Fhreagrach<\/h2>\n<p>T\u00e1 RocketPlay Casino tiomanta do chleachtais cearrbhachais freagracha a chur chun cinn. Tuigimid an t\u00e1bhacht a bhaineann le cearrbhachas mar chine\u00e1l siamsa\u00edochta agus caitheamh aimsire. Tr\u00ed uirlis\u00ed cos\u00fail le roghanna f\u00e9in-eisiaimh, teorainneacha taisce, agus acmhainn\u00ed cearrbhachais iontaofa, tugaimid cumhacht d\u00e1r n-imreoir\u00ed smacht a choinne\u00e1il ar a gcuid n\u00f3sanna cearrbhachais. T\u00e1 s\u00e9 mar aidhm againn a chinnti\u00fa go bhfanann RocketPlay ina fhoinse \u00e1thais agus siamsa\u00edochta.<\/p>\n<h2>Taca\u00edocht do Chustaim\u00e9ir\u00ed 24\/7<\/h2>\n<p>Ag RocketPlay Casino, is \u00e9 do sh\u00e1stacht \u00e1r dtosa\u00edocht. T\u00e1 \u00e1r bhfoireann tiomnaithe taca\u00edochta do chustaim\u00e9ir\u00ed ar f\u00e1il 24\/7 chun cabhr\u00fa leat le haon cheist n\u00f3 imn\u00ed. Cib\u00e9 an bhfuil ceist agat faoi chluiche, m\u00e1 t\u00e1 cabhair uait le hidirbheart, n\u00f3 m\u00e1 t\u00e1 aiseolas uait, t\u00e1 \u00e1r bhfoireann r\u00e9idh chun c\u00fanamh pras agus cabhrach a shol\u00e1thar. T\u00e1 do thaith\u00ed cluich\u00edochta i l\u00e1mha s\u00e1bh\u00e1ilte le RocketPlay Casino.<\/p>\n<h2>Pobal Domhanda, Teagmh\u00e1il \u00c1iti\u00fail<\/h2>\n<p>N\u00ed hamh\u00e1in gur ard\u00e1n cearrbhachais domhanda \u00e9 RocketPlay Casino; is pobal \u00e9. D\u00e9anaimid an \u00e9ags\u00falacht a cheili\u00faradh agus glacaimid le himreoir\u00ed \u00f3 ar fud an domhain. T\u00e1 \u00e1r n-ard\u00e1n ar f\u00e1il i dteangacha \u00e9ags\u00fala, agus t\u00e1 \u00e1r bhfoireann taca\u00edochta l\u00edofa i dteangacha \u00e9ags\u00fala chun a chinnti\u00fa go motha\u00edonn gach imreoir sa bhaile. Nascann RocketPlay Casino spleodar pobail cearrbhachais domhanda le teagmh\u00e1il \u00e1iti\u00fail a bhaineann go pearsanta le himreoir\u00ed.<\/p>\n<h2>N\u00ed Cr\u00edochna\u00edonn an Nu\u00e1il cho\u00edche<\/h2>\n<p>Agus muid ag breathn\u00fa ar an todhcha\u00ed, t\u00e1 RocketPlay Casino f\u00f3s tiomanta do theorainneacha na nu\u00e1la\u00edochta a bhr\u00fa. D\u00e9anaimid ini\u00fachadh lean\u00fanach ar theicneola\u00edochta\u00ed nua, coincheapa cluiche, agus gn\u00e9ithe chun \u00e1r n-ard\u00e1n a choinne\u00e1il ar th\u00fas cadhna\u00edochta sa tionscal ceasa\u00edneo ar l\u00edne. Le RocketPlay, n\u00ed hamh\u00e1in go bhfuil t\u00fa ag imirt cluich\u00ed an lae inniu; t\u00e1 t\u00fa ag breathn\u00fa ar thodhcha\u00ed an chearrbhachais ar l\u00edne.<\/p>\n<h2>B\u00ed p\u00e1irteach in Eachtra RocketPlay Inniu!<\/h2>\n<p>Tabhair faoi thuras spra\u00ed\u00fail le RocketPlay Casino agus faigh taith\u00ed ar chearrbhachas mar nach raibh riamh cheana. Cinnt\u00edonn \u00e1r dtiomantas do sh\u00e1rmhaitheas, cothroime, agus nu\u00e1la\u00edocht go bhfuil gach n\u00f3im\u00e9ad linn l\u00edonta le spleodar agus f\u00e9idearthacht. B\u00ed in\u00e1r bpobal de lucht cuardaigh sult, \u00e9ileamh do RocketPlay Rewards, agus lig do na cluich\u00ed tos\u00fa. Is \u00e9 RocketPlay Casino an \u00e1it nach dtiocfaidh deireadh leis an eachtra, agus n\u00edl aon teorainn leis an spleodar.<\/p>\n","protected":false},"excerpt":{"rendered":"<p>F\u00e1ilte go RocketPlay Casino, \u00e1it a sroicheann sult an chearrbhachais airde nua. D\u00e9an ini\u00fachadh ar chruinne siamsa\u00edochta, nu\u00e1la\u00edochta agus spleodar gan s\u00e1r\u00fa. Faigh amach c\u00e9n f\u00e1th gurb \u00e9 RocketPlay Casino an ceann scr\u00edbe deiridh d\u2019imreoir\u00ed at\u00e1 ag lorg taith\u00ed cluich\u00edochta neamhghn\u00e1ch. \u00c1r Misean: S\u00e1rmhaitheas Cearrbhachais a Ath-shainmh\u00edni\u00fa Ag RocketPlay Casino, t\u00e1 \u00e1r misean soil\u00e9ir: s\u00e1rmhaitheas&#8230;<\/p>\n","protected":false},"author":1,"featured_media":0,"parent":0,"menu_order":0,"comment_status":"closed","ping_status":"closed","template":"","meta":{"_acf_changed":false,"_kad_post_transparent":"default","_kad_post_title":"default","_kad_post_layout":"default","_kad_post_sidebar_id":"","_kad_post_content_style":"default","_kad_post_vertical_padding":"default","_kad_post_feature":"","_kad_post_feature_position":"","_kad_post_header":false,"_kad_post_footer":false,"footnotes":""},"class_list":["post-4267","page","type-page","status-publish","hentry"],"acf":[],"rttpg_featured_image_url":null,"rttpg_author":{"display_name":"John","author_link":"https:\/\/rocketplay-new.com\/ga\/author\/pemvas95n89x\/"},"rttpg_comment":0,"rttpg_category":null,"rttpg_excerpt":"F\u00e1ilte go RocketPlay Casino, \u00e1it a sroicheann sult an chearrbhachais airde nua. D\u00e9an ini\u00fachadh ar chruinne siamsa\u00edochta, nu\u00e1la\u00edochta agus spleodar gan s\u00e1r\u00fa. Faigh amach c\u00e9n f\u00e1th gurb \u00e9 RocketPlay Casino an ceann scr\u00edbe deiridh d\u2019imreoir\u00ed at\u00e1 ag lorg taith\u00ed cluich\u00edochta neamhghn\u00e1ch. \u00c1r Misean: S\u00e1rmhaitheas Cearrbhachais a Ath-shainmh\u00edni\u00fa Ag RocketPlay Casino, t\u00e1 \u00e1r misean soil\u00e9ir: s\u00e1rmhaitheas...","_links":{"self":[{"href":"https:\/\/rocketplay-new.com\/ga\/wp-json\/wp\/v2\/pages\/4267","targetHints":{"allow":["GET"]}}],"collection":[{"href":"https:\/\/rocketplay-new.com\/ga\/wp-json\/wp\/v2\/pages"}],"about":[{"href":"https:\/\/rocketplay-new.com\/ga\/wp-json\/wp\/v2\/types\/page"}],"author":[{"embeddable":true,"href":"https:\/\/rocketplay-new.com\/ga\/wp-json\/wp\/v2\/users\/1"}],"replies":[{"embeddable":true,"href":"https:\/\/rocketplay-new.com\/ga\/wp-json\/wp\/v2\/comments?post=4267"}],"version-history":[{"count":1,"href":"https:\/\/rocketplay-new.com\/ga\/wp-json\/wp\/v2\/pages\/4267\/revisions"}],"predecessor-version":[{"id":4268,"href":"https:\/\/rocketplay-new.com\/ga\/wp-json\/wp\/v2\/pages\/4267\/revisions\/4268"}],"wp:attachment":[{"href":"https:\/\/rocketplay-new.com\/ga\/wp-json\/wp\/v2\/media?parent=4267"}],"curies":[{"name":"wp","href":"https:\/\/api.w.org\/{rel}","templated":true}]}}