{"id":3984,"date":"2023-01-13T23:29:50","date_gmt":"2023-01-13T20:29:50","guid":{"rendered":"https:\/\/rocketplay-new.com\/sport-betting\/volleyball\/"},"modified":"2025-04-02T16:02:09","modified_gmt":"2025-04-02T13:02:09","slug":"volleyball","status":"publish","type":"page","link":"https:\/\/rocketplay-new.com\/ga\/sport\/volleyball\/","title":{"rendered":"Treoir geallt\u00f3ireachta do thosaitheoir\u00ed"},"content":{"rendered":"<p>Seo rang teagaisc ar odds geallt\u00f3ireachta eitpheile agus ar shainghn\u00e9ithe eile. D\u00e9an iarracht eolas n\u00edos cabhrach a fhoghlaim agus foghlaim conas airgead a dh\u00e9anamh as an sp\u00f3rt tr\u00e1. Tabharfaidh s\u00e9 seo deis duit p\u00e1irt a ghlacadh n\u00edos minice i gcom\u00f3rtais c\u00e1ili\u00fala, b\u00f3nais breise a fh\u00e1il agus an spraoi a mh\u00e9ad\u00fa go ginear\u00e1lta.<\/p>\n<p style=\"text-align: center;\"><span style=\"font-weight: 400;\"><div class=\"go-btn-container\"><div class=\"tosh-btn\"><a href=\"\/go-casino\/\" target=\"_blank\" rel=\"noopener\">IMIR ANOIS<\/a><\/div><\/div> <\/span><\/p>\n<h2>CONAS Geall a dh\u00e9anamh ar liathr\u00f3id eitpheile<\/h2>\n<p>Ar dt\u00fas, ba ch\u00f3ir duit staid\u00e9ar a dh\u00e9anamh ar an rann\u00e1n ar leideanna geallt\u00f3ireachta eitpheile agus foghlaim conas do bhuis\u00e9ad a bhainisti\u00fa i gceart. A bhu\u00edochas leis an gcumas do mhoth\u00fach\u00e1in agus acmhainn\u00ed a rial\u00fa, is f\u00e9idir leat na geallta go l\u00e9ir at\u00e1 ar f\u00e1il a \u00fas\u00e1id ar bhealach n\u00edos \u00e9ifeachta\u00ed. Mar sin f\u00e9in, n\u00ed f\u00e9idir ach le h\u00fas\u00e1ideoir\u00ed cl\u00e1raithe imirt ar airgead f\u00edor.<\/p>\n<p>Chun cuntas pearsanta a chruth\u00fa, roghnaigh cuideachta cearrbhachais oiri\u00fanach ar \u00e1r su\u00edomh Gr\u00e9as\u00e1in agus cuir t\u00fas le:<\/p>\n<ol>\n<li>Cuir isteach an fhaisn\u00e9is phearsanta go l\u00e9ir a bheidh uait amach anseo chun do chuntas a fh\u00edor\u00fa. D\u00e9anfar na sonra\u00ed a chros-seice\u00e1il, mar sin ba ch\u00f3ir duit a bheith c\u00faramach.<\/li>\n<li>Ansin, roghnaigh imeacht cluiche oiri\u00fanach agus d\u00e9an anail\u00eds ar na himreoir\u00ed agus na foirne. Seans go bhfaighidh t\u00fa laige i gcosaint an ch\u00e9ile comhraic agus seans iontach a fh\u00e1il maidir le do chumas tortha\u00ed an imeachta a thuar.<\/li>\n<li>Tar \u00e9is sin, bain \u00fas\u00e1id as an gc\u00f3ras uath\u00fail geall a th\u00f3g\u00e1il tr\u00edd an c\u00fap\u00f3n. N\u00e1 d\u00e9an dearmad c\u00e1rta creidmheasa n\u00f3 cryptocurrency a \u00fas\u00e1id chun do chuntas a mhaoini\u00fa.<\/li>\n<\/ol>\n<p>Le haghaidh geallt\u00f3ireachta eitpheile, is f\u00e9idir leat freisin iarracht a dh\u00e9anamh b\u00f3nas a fh\u00e1il \u00f3n gcuideachta chearrbhachais. Cabhr\u00f3idh s\u00e9 seo leat i bhfad n\u00edos \u00e9ifeachta\u00ed tos\u00fa ag baint \u00fas\u00e1ide as teicn\u00edc\u00ed \u00e9ags\u00fala \u00f3 na saineolaithe.<\/p>\n<p><img loading=\"lazy\" decoding=\"async\" class=\"aligncenter wp-image-4651\" src=\"https:\/\/rocketplay-new.com\/wp-content\/uploads\/2024\/02\/female-professional-volleyball-players-action-3d-stadium.jpg\" alt=\"Volleyball Betting\" width=\"800\" height=\"450\" srcset=\"https:\/\/rocketplay-new.com\/wp-content\/uploads\/2024\/02\/female-professional-volleyball-players-action-3d-stadium.jpg 1000w, https:\/\/rocketplay-new.com\/wp-content\/uploads\/2024\/02\/female-professional-volleyball-players-action-3d-stadium-300x169.jpg 300w, https:\/\/rocketplay-new.com\/wp-content\/uploads\/2024\/02\/female-professional-volleyball-players-action-3d-stadium-768x432.jpg 768w\" sizes=\"auto, (max-width: 800px) 100vw, 800px\" \/><\/p>\n<h2>CONAS A OIBR\u00cdONN Gealltanas Liathr\u00f3id Eitilte<\/h2>\n<p>Is \u00e9 an bealach is \u00e9asca le tuiscint a fh\u00e1il ar an mbealach is fearr le geallt\u00f3ireacht eitpheile ar l\u00edne n\u00e1 do thaith\u00ed a \u00fas\u00e1id, mar sin cl\u00e1raigh cuntas pearsanta agus d\u00e9an do ch\u00e9ad geall. Is f\u00e9idir leat an t-\u00edosmh\u00e9id at\u00e1 ar f\u00e1il a roghn\u00fa, rud a ligfidh duit f\u00e9idearthachta\u00ed \u00e9ags\u00fala an ch\u00f3rais a th\u00e1st\u00e1il. Go ginear\u00e1lta, t\u00e1 an loighic simpl\u00ed go leor.<\/p>\n<p>D\u00e9anann t\u00fa do chuid buille faoi thuairim i gcoinne thuar cuideachta cearrbhachais. Ag brath ar an odds nochta, t\u00e1 a odds ag gach toradh faoina nd\u00e9anfar do geall a iolr\u00fa. M\u00e1 bhuaigh t\u00fa, gheobhaidh t\u00fa do geall ar ais agus cuir do chuid buaite leis. Cialla\u00edonn caillteanas go dt\u00f3gann an Casino do chuid airgid. T\u00e1 an c\u00f3ras mac\u00e1nta agus tr\u00e9dhearcach go leor.<\/p>\n<h2>M\u00cdNI\u00da AR ODDS Eitpheile<\/h2>\n<p>Is minic a bh\u00edonn s\u00e9 d\u00fashl\u00e1nach d\u2019\u00fas\u00e1ideoir\u00ed cinneadh a dh\u00e9anamh c\u00e9 chomh d\u00edreach agus a chead\u00f3idh tionscnaimh geallt\u00f3ireachta eitpheile d\u00f3ibh airgead a thuilleamh. Tar \u00e9is an tsaoil, t\u00e1 an odds f\u00f3s, mar sin n\u00ed m\u00f3r duit a r\u00edomh gach geall de l\u00e1imh. R\u00edomhann an su\u00edomh do bhrab\u00fas agus ioncam ioml\u00e1n sa ch\u00fap\u00f3n go huathoibr\u00edoch. Mar shampla, geallt\u00f3ireachta $500 ar odds 1.5, is f\u00e9idir leat $750 a fh\u00e1il. Dh\u00e1 ch\u00e9ad caoga dollar a bheidh do bhrab\u00fas, agus beidh 500 ar ais chuig an gcuntas.<\/p>\n<p style=\"text-align: center;\"><span style=\"font-weight: 400;\"><div class=\"go-btn-container\"><div class=\"tosh-btn\"><a href=\"\/go-casino\/\" target=\"_blank\" rel=\"noopener\">IMIR ANOIS<\/a><\/div><\/div> <\/span><\/p>\n<h2>Geallta Eitpheile Coitianta<\/h2>\n<p>I measc na ngeallta is coitianta ba ch\u00f3ir go mbeadh bua rialta ceann de na foirne agus ioml\u00e1n na bpoint\u00ed. Ligeann na tortha\u00ed simpl\u00ed seo imreoir\u00ed a thuilleamh na c\u00e9adta m\u00edlte dollar in aghaidh an lae. Is minic go mb\u00edonn roghanna n\u00edos airde ag baint le tortha\u00ed n\u00edos casta, ach b\u00edonn an riosca n\u00edos airde. T\u00e1st\u00e1il roghanna geallt\u00f3ireachta \u00e9ags\u00fala.<\/p>\n<h2>NA TURAS\u00d3IREACHTA\u00cd Eitpheile is M\u00f3 R\u00d3ITIGH LE Geall<\/h2>\n<p>Is f\u00e9idir leat leas a bhaint as an strait\u00e9is geallt\u00f3ireachta eitpheile ag aon chom\u00f3rtas. Agus mar sin, is g\u00e1 eolas a bheith agat ar na com\u00f3rtais is teideal sa discipl\u00edn sp\u00f3irt:<\/p>\n<ul>\n<li>Cluich\u00ed Oilimpeacha;<\/li>\n<li>Craobhchom\u00f3rtais an Domhain;<\/li>\n<li>Liathr\u00f3id \u00d3rga.<\/li>\n<\/ul>\n<p>D\u00e9an iarracht f\u00e9achaint ar an gcraoladh n\u00edos fearr chun t\u00e9arma\u00ed agus rialacha an chluiche a thuiscint. Cabhr\u00f3idh s\u00e9 seo leat do chuid acmhainn\u00ed a bhainisti\u00fa ar bhealach n\u00edos \u00e9ifeachta\u00ed agus n\u00edos m\u00f3 airgid a thuilleamh. Beidh t\u00fa in ann teacht ar go leor tortha\u00ed freisin mar t\u00e1 suim ag cuideachta\u00ed cearrbhachais an l\u00edon uasta imreoir\u00ed a mhealladh chuig com\u00f3rtais den scoth.<\/p>\n<p><img loading=\"lazy\" decoding=\"async\" class=\"aligncenter wp-image-4660\" src=\"https:\/\/rocketplay-new.com\/wp-content\/uploads\/2024\/02\/girl-posing-with-volley-ball.jpg\" alt=\"Volleyball Betting 2\" width=\"800\" height=\"534\" srcset=\"https:\/\/rocketplay-new.com\/wp-content\/uploads\/2024\/02\/girl-posing-with-volley-ball.jpg 1000w, https:\/\/rocketplay-new.com\/wp-content\/uploads\/2024\/02\/girl-posing-with-volley-ball-300x200.jpg 300w, https:\/\/rocketplay-new.com\/wp-content\/uploads\/2024\/02\/girl-posing-with-volley-ball-768x513.jpg 768w\" sizes=\"auto, (max-width: 800px) 100vw, 800px\" \/><\/p>\n<h2>CC<\/h2>\n<p>Tosa\u00edonn an chuid is m\u00f3 de newbies ag cur ceisteanna ar na saineolaithe tar \u00e9is d\u00f3ibh a gc\u00e9ad geall a chl\u00e1r\u00fa agus a chur. Cuirimid cuid bheag cabhrach ar f\u00e1il duit ina bhfuil freagra\u00ed ar na ceisteanna is coitianta faoi dhiscipl\u00edn sp\u00f3irt.<\/p>\n<h3>C\u00c9 NA FEIST\u00cd IS F\u00c9IDIR LIOM Geall ANOIS?<\/h3>\n<p>Ligfidh geallt\u00f3ireacht eitpheile duit geall a dh\u00e9anamh \u00f3 aon fheiste. Ar dt\u00fas, braitheann s\u00e9 ar fad ar an su\u00edomh ceasa\u00edneo n\u00f3 geallt\u00f3ireachta a roghna\u00edonn t\u00fa. N\u00ed thairgeann roinnt cuideachta\u00ed ach leagan soghluaiste, agus ceada\u00edonn cuideachta\u00ed eile l\u00e1ithreach \u00fas\u00e1id a bhaint as aip ar leith \u00f3 na forbr\u00f3ir\u00ed. Is \u00e9 an rud is \u00e1isi\u00fala geallta a dh\u00e9anamh sa bhrabhs\u00e1la\u00ed ar an r\u00edomhaire, ach t\u00e1 rochtain ar r\u00edomhaire i gc\u00f3na\u00ed. Molaimid roghanna \u00e9ags\u00fala a thriail agus bunt\u00e1ist\u00ed agus m\u00edbhunt\u00e1ist\u00ed gach modha a fh\u00e1il.<\/p>\n<h3>CAD \u00c9 AN R\u00c1TA UASTA BUACHTA?<\/h3>\n<p>Is minice a thugtar na hodds is airde ar fhoireann a d\u2019fh\u00e9adfadh a bheith am\u00fa agus at\u00e1 ullmhaithe n\u00edos measa n\u00f3 a imr\u00edonn i l\u00e9ig eile. Sa ch\u00e1s seo, moltar aird a thabhairt ar l\u00edne geallta buaiteoir an chom\u00f3rtais ar fad. Roghnaigh an underdog is d\u00e9ana\u00ed agus iarracht a bhuachan ag teacht salach ar 50 n\u00f3 150. T\u00e1 n\u00edos l\u00fa risky geallta point\u00ed ioml\u00e1n. Sa ch\u00e1s seo, is f\u00e9idir le diall de 10 bpointe cur isteach ar an m\u00e9ad\u00fa ar odds go 3.<\/p>\n<h3>CONAS A THUISCINT C\u00c9 A BHFUIL GEAD ISTEACH I LEITH Eitpheile?<\/h3>\n<p>Is \u00e9 an ch\u00e9ad rud at\u00e1 le d\u00e9anamh n\u00e1 na su\u00edomhanna geallt\u00f3ireachta eitpheile is fearr ar l\u00edne a aimsi\u00fa chun breathn\u00fa n\u00edos fearr a fh\u00e1il ar na cluich\u00ed. Is g\u00e1 a l\u00e9amh go c\u00faramach faoi na rannph\u00e1irtithe, an com\u00f3rtas f\u00e9in, agus na staitistic\u00ed idir na opponents. D\u00e9an iarracht gach gn\u00e9 den chluiche a anail\u00edsi\u00fa go c\u00e1il\u00edocht\u00fail, agus beidh t\u00fa in ann teacht ar an gcluiche foirfe duit f\u00e9in. Moltar tos\u00fa le m\u00e9id beag.<\/p>\n","protected":false},"excerpt":{"rendered":"<p>Seo rang teagaisc ar odds geallt\u00f3ireachta eitpheile agus ar shainghn\u00e9ithe eile. D\u00e9an iarracht eolas n\u00edos cabhrach a fhoghlaim agus foghlaim conas airgead a dh\u00e9anamh as an sp\u00f3rt tr\u00e1. Tabharfaidh s\u00e9 seo deis duit p\u00e1irt a ghlacadh n\u00edos minice i gcom\u00f3rtais c\u00e1ili\u00fala, b\u00f3nais breise a fh\u00e1il agus an spraoi a mh\u00e9ad\u00fa go ginear\u00e1lta. CONAS Geall a&#8230;<\/p>\n","protected":false},"author":1,"featured_media":0,"parent":3705,"menu_order":0,"comment_status":"closed","ping_status":"closed","template":"","meta":{"_acf_changed":false,"_kad_post_transparent":"default","_kad_post_title":"default","_kad_post_layout":"default","_kad_post_sidebar_id":"","_kad_post_content_style":"default","_kad_post_vertical_padding":"default","_kad_post_feature":"","_kad_post_feature_position":"","_kad_post_header":false,"_kad_post_footer":false,"footnotes":""},"class_list":["post-3984","page","type-page","status-publish","hentry"],"acf":[],"rttpg_featured_image_url":null,"rttpg_author":{"display_name":"John","author_link":"https:\/\/rocketplay-new.com\/ga\/author\/pemvas95n89x\/"},"rttpg_comment":0,"rttpg_category":null,"rttpg_excerpt":"Seo rang teagaisc ar odds geallt\u00f3ireachta eitpheile agus ar shainghn\u00e9ithe eile. D\u00e9an iarracht eolas n\u00edos cabhrach a fhoghlaim agus foghlaim conas airgead a dh\u00e9anamh as an sp\u00f3rt tr\u00e1. Tabharfaidh s\u00e9 seo deis duit p\u00e1irt a ghlacadh n\u00edos minice i gcom\u00f3rtais c\u00e1ili\u00fala, b\u00f3nais breise a fh\u00e1il agus an spraoi a mh\u00e9ad\u00fa go ginear\u00e1lta. CONAS Geall a...","_links":{"self":[{"href":"https:\/\/rocketplay-new.com\/ga\/wp-json\/wp\/v2\/pages\/3984","targetHints":{"allow":["GET"]}}],"collection":[{"href":"https:\/\/rocketplay-new.com\/ga\/wp-json\/wp\/v2\/pages"}],"about":[{"href":"https:\/\/rocketplay-new.com\/ga\/wp-json\/wp\/v2\/types\/page"}],"author":[{"embeddable":true,"href":"https:\/\/rocketplay-new.com\/ga\/wp-json\/wp\/v2\/users\/1"}],"replies":[{"embeddable":true,"href":"https:\/\/rocketplay-new.com\/ga\/wp-json\/wp\/v2\/comments?post=3984"}],"version-history":[{"count":4,"href":"https:\/\/rocketplay-new.com\/ga\/wp-json\/wp\/v2\/pages\/3984\/revisions"}],"predecessor-version":[{"id":3985,"href":"https:\/\/rocketplay-new.com\/ga\/wp-json\/wp\/v2\/pages\/3984\/revisions\/3985"}],"up":[{"embeddable":true,"href":"https:\/\/rocketplay-new.com\/ga\/wp-json\/wp\/v2\/pages\/3705"}],"wp:attachment":[{"href":"https:\/\/rocketplay-new.com\/ga\/wp-json\/wp\/v2\/media?parent=3984"}],"curies":[{"name":"wp","href":"https:\/\/api.w.org\/{rel}","templated":true}]}}