{"id":3922,"date":"2023-01-13T21:01:16","date_gmt":"2023-01-13T18:01:16","guid":{"rendered":"https:\/\/rocketplay-new.com\/sport-betting\/horse-racing\/"},"modified":"2025-04-02T16:09:46","modified_gmt":"2025-04-02T13:09:46","slug":"horse-racing","status":"publish","type":"page","link":"https:\/\/rocketplay-new.com\/ga\/sport\/horse-racing\/","title":{"rendered":"R\u00e1sa\u00edocht capall athbhreithni\u00fa geallt\u00f3ireachta"},"content":{"rendered":"<p>Is f\u00e9idir leat na bunt\u00e1ist\u00ed is m\u00f3 a fheice\u00e1il i ngeallt\u00f3ireacht R\u00e1sa\u00edocht Capall m\u00e1 chuireann t\u00fa geallta beaga go rialta. Re\u00e1cht\u00e1iltear na r\u00e1sa\u00ed go minic, mar sin t\u00e1 t\u00fa cinnte go bhfaighidh t\u00fa rogha oiri\u00fanach duit f\u00e9in agus go mbainfidh t\u00fa taitneamh as an gcluiche. Is \u00e9 an rud is m\u00f3 n\u00e1 na rialacha go l\u00e9ir a l\u00e9amh, f\u00e9achaint ar roinnt craolta\u00ed ar l\u00edne roimh r\u00e9 agus ansin geallt\u00f3ireacht a thos\u00fa le heolas bun\u00fasach.<\/p>\n<p style=\"text-align: center;\"><span style=\"font-weight: 400;\">\u00a0<div class=\"go-btn-container\"><div class=\"tosh-btn\"><a href=\"\/go-casino\/\" target=\"_blank\" rel=\"noopener\">IMIR ANOIS<\/a><\/div><\/div> <\/span><\/p>\n<h2>CINE\u00c1LACHA Geallta R\u00c1SA\u00cdOCHTA NA gCAPALL<\/h2>\n<p>Go ginear\u00e1lta, is geall le buaiteoir an r\u00e1sa na cinn is m\u00f3 a bhfuil t\u00f3ir orthu i R\u00e1sa\u00edocht Capall na hAstr\u00e1ile. Sa ch\u00e1s seo, n\u00ed m\u00f3r duit athbhreithni\u00fa a dh\u00e9anamh go c\u00faramach ar an fhaisn\u00e9is go l\u00e9ir at\u00e1 ar f\u00e1il faoi na rannph\u00e1irtithe agus roghnaigh an ceann is fearr leat, r\u00e1thaithe a bhuachan. B\u00ed cinnte a mheas na paraim\u00e9adair riachtanacha go l\u00e9ir, agus n\u00e1 d\u00e9an dearmad nach bhfuil fi\u00fa na Favorites soil\u00e9ir uaireanta i an gi\u00famar a bhuachan.<\/p>\n<p>Ba ch\u00f3ir do thosaitheoir\u00ed geall a chur ar l\u00edon na bpoint\u00ed is f\u00e9idir a bhronnadh. Is f\u00e9idir geall a dh\u00e9anamh freisin ar an gcapall is moille, ach t\u00e1 roghanna geallt\u00f3ireachta den s\u00f3rt sin n\u00edos oiri\u00fana\u00ed do dhaoine gairmi\u00fala. N\u00e1 d\u00e9an iarracht ach an buaiteoir a thomhas, ach d\u00e9an f\u00edor-obair anail\u00edse.<\/p>\n<h2>CONAS DO CHAPALL BUAITEACHA A piocadh<\/h2>\n<p>I bhformh\u00f3r na gc\u00e1sanna, is f\u00e9idir le cearrbhachas gairmi\u00fala an geallt\u00f3ireacht R\u00e1sa\u00edocht Capall is fearr a roghn\u00fa mar phr\u00edomhchine\u00e1l ioncaim. T\u00e1 a fhios ag daoine den s\u00f3rt sin go bhfuil an chuid is m\u00f3 de marcaigh agus capaill in ann anail\u00eds a dh\u00e9anamh roimh r\u00e9 le fada a bhu\u00edochas le seirbh\u00eds\u00ed \u00e9ags\u00fala. Mar sin f\u00e9in, ba ch\u00f3ir do thosaitheoir\u00ed a mh\u00edni\u00fa freisin go fi\u00fa sa ch\u00e1s seo, t\u00e1 gach cine uath\u00fail agus is f\u00e9idir dul i gcomhr\u00e9ir le c\u00e1sanna \u00e9ags\u00fala.<\/p>\n<p><img loading=\"lazy\" decoding=\"async\" class=\"aligncenter wp-image-4691\" src=\"https:\/\/rocketplay-new.com\/wp-content\/uploads\/2024\/02\/generative-ai-horse-racing.jpg\" alt=\"Horse Racing betting\" width=\"800\" height=\"449\" srcset=\"https:\/\/rocketplay-new.com\/wp-content\/uploads\/2024\/02\/generative-ai-horse-racing.jpg 1000w, https:\/\/rocketplay-new.com\/wp-content\/uploads\/2024\/02\/generative-ai-horse-racing-300x168.jpg 300w, https:\/\/rocketplay-new.com\/wp-content\/uploads\/2024\/02\/generative-ai-horse-racing-768x431.jpg 768w\" sizes=\"auto, (max-width: 800px) 100vw, 800px\" \/><\/p>\n<p>Chun a bheith cinnte go mbuafaidh t\u00fa, ba cheart duit cl\u00e1r\u00fa ar dt\u00fas agus geall a chur:<\/p>\n<ol>\n<li>Cruthaigh cuntas pearsanta agus sonraigh do chuid faisn\u00e9ise pearsanta, a chabhr\u00f3idh leat pas a fh\u00e1il sa n\u00f3s imeachta f\u00edoraithe gan fadhbanna breise.<\/li>\n<li>B\u00ed cinnte do chuntas a mhaoini\u00fa ar aon bhealach \u00e1isi\u00fail. T\u00e1 Cryptocurrency ag \u00e9ir\u00ed n\u00edos coitianta le d\u00e9ana\u00ed mar go gcuirtear sochair aistrithe chun sochair go tapa, agus n\u00edl beagnach aon teorainneacha ar an m\u00e9id taisce.<\/li>\n<li>Ina dhiaidh sin, n\u00ed m\u00f3r duit tos\u00fa ag d\u00e9anamh anail\u00edse ar an gcluiche a bhfuil suim agat ann. Faigh pr\u00f3if\u00edl\u00ed do chuid comhraic l\u00e1ithreach agus tos\u00fa ag l\u00e9amh na faisn\u00e9ise staidrimh. Is f\u00e9idir a leith\u00e9id cabhr\u00fa leat a fheice\u00e1il ar an geallta dealraitheach ar na r\u00e1sa\u00ed.<\/li>\n<\/ol>\n<p>Molaimid freisin duit dul faoin n\u00f3s imeachta f\u00edoraithe, rud a mh\u00e9ada\u00edonn do sheans go bhfaighidh t\u00fa ardteorainneacha geallt\u00f3ireachta. A bhu\u00edochas leis seo, is f\u00e9idir leat n\u00edos m\u00f3 airgid a geall ag an am agus suim mh\u00f3r airgid a bhuachan. Chomh maith leis sin, oscl\u00f3far b\u00f3nais nua agus deiseanna airgeadais chun tarraingt siar \u00f3 do chuntas.<\/p>\n<h2>M\u00cdNITHE ODANNA R\u00c1SA\u00cdOCHTA NA gCAPALL<\/h2>\n<p>N\u00edl s\u00e9 deacair geallt\u00f3ireacht a dh\u00e9anamh ar R\u00e1sa\u00edocht Capall beo le corrlaigh mar n\u00ed g\u00e1 duit ach obair anail\u00edse a sheice\u00e1il leis na huimhreacha. M\u00e1 gheall t\u00fa $100 ar imeacht a bhfuil seans 1.8 ann, beidh $180 i do chuntas agat. Just a iolr\u00fa ar an m\u00e9id geall faoin uimhir odds, agus beidh t\u00fa a chinneadh l\u00e1ithreach an sc\u00f3r deiridh m\u00e1 t\u00e1 t\u00fa bua.<\/p>\n<p style=\"text-align: center;\"><span style=\"font-weight: 400;\">\u00a0<div class=\"go-btn-container\"><div class=\"tosh-btn\"><a href=\"\/go-casino\/\" target=\"_blank\" rel=\"noopener\">IMIR ANOIS<\/a><\/div><\/div> <\/span><\/p>\n<h2>TIPS AGUS STRAIT\u00c9IS<\/h2>\n<p>Is f\u00e9idir len\u00e1r saineolaithe geallt\u00f3ireachta a thairiscint ar leideanna R\u00e1sa\u00edocht Capall chun cabhr\u00fa le tosaitheoir\u00ed a gcaipiteal a thuiscint, gan an t-airgead go l\u00e9ir a chailleadh ag an am c\u00e9anna, agus an t-uasmh\u00e9id a thuilleamh sa chuntas. Ina measc, ba ch\u00f3ir d\u00fainn a lua:<\/p>\n<ul>\n<li>is g\u00e1 s\u00fail a choinne\u00e1il ar do bhuis\u00e9ad agus staitistic\u00ed a scr\u00edobh go c\u00faramach do na cluich\u00ed go l\u00e9ir a imr\u00edtear. Cabhr\u00f3idh s\u00e9 seo leat sa todhcha\u00ed anail\u00eds a dh\u00e9anamh ar do strait\u00e9is roghnaithe agus \u00ed a choigeart\u00fa sa treo ceart;<\/li>\n<li>is fearr do thoradh roghnaithe a sheice\u00e1il faoi dh\u00f3 agus an m\u00e9id geall a dh\u00e9anamh ar\u00eds agus ar\u00eds eile. Uaireanta is f\u00e9idir le fi\u00fa speisialt\u00f3ir\u00ed bot\u00fan f\u00e1nach a dh\u00e9anamh, rud a fh\u00e1gann go minic iarmhairt\u00ed marfach d&#8217;\u00fas\u00e1ideoir\u00ed;<\/li>\n<li>i bhformh\u00f3r na gc\u00e1sanna, is fearr dul chuig an leathanach prom\u00f3isin agus b\u00f3nais speisialta a fh\u00e1il. M\u00e9ad\u00f3idh s\u00e9 seo do sheans go n-\u00e9ireoidh leat agus ligfidh s\u00e9 duit n\u00edos m\u00f3 a thuilleamh saor in aisce.<\/li>\n<\/ul>\n<p>Bain triail as strait\u00e9is\u00ed agus tactics \u00e9ags\u00fala chun cinneadh a dh\u00e9anamh ar an gceann is fearr agus tos\u00fa ag tuilleamh go rialta.<\/p>\n<p><img loading=\"lazy\" decoding=\"async\" class=\"aligncenter wp-image-4700\" src=\"https:\/\/rocketplay-new.com\/wp-content\/uploads\/2024\/02\/equestrian-sport-young-girl-rides-horse-championship.jpg\" alt=\"Horse Racing betting 2\" width=\"800\" height=\"534\" srcset=\"https:\/\/rocketplay-new.com\/wp-content\/uploads\/2024\/02\/equestrian-sport-young-girl-rides-horse-championship.jpg 1000w, https:\/\/rocketplay-new.com\/wp-content\/uploads\/2024\/02\/equestrian-sport-young-girl-rides-horse-championship-300x200.jpg 300w, https:\/\/rocketplay-new.com\/wp-content\/uploads\/2024\/02\/equestrian-sport-young-girl-rides-horse-championship-768x512.jpg 768w\" sizes=\"auto, (max-width: 800px) 100vw, 800px\" \/><\/p>\n<h2>CC<\/h2>\n<p>Go h\u00e1irithe d\u00e1r l\u00e9itheoir\u00ed, t\u00e1 bunachar sonra\u00ed freagra\u00ed curtha le ch\u00e9ile againn \u00f3 shaineolaithe ar na ceisteanna is coitianta \u00f3 thosaitheoir\u00ed. A bhu\u00edochas leis seo, n\u00ed bheidh ort uaireanta a chaitheamh ag d\u00e9anamh staid\u00e9ir ar an bhfaisn\u00e9is ach is f\u00e9idir leat geallt\u00f3ireacht a thos\u00fa l\u00e1ithreach.<\/p>\n<h3>CAD \u00c9 AN M\u00c9ID Geallta \u00cdOSTA?<\/h3>\n<p>N\u00ed bheidh m\u00f3r\u00e1n iarrachta ag teast\u00e1il uait le geallt\u00f3ireacht R\u00e1sa\u00edocht Capall saor in aisce mar is minic a thugann an chuideachta chearrbhachais b\u00f3nas den s\u00f3rt sin do gach imreoir. D\u00e9an iarracht bronntanas a fh\u00e1il, agus beidh t\u00fa in ann geall a dh\u00e9anamh ar chor ar bith gan \u00fas\u00e1id a bhaint as aon airgead f\u00edor. Sa ch\u00e1s seo, cuirfear na buaite chun sochair do chuntas, rud a chialla\u00edonn go mbeidh geall den s\u00f3rt sin brab\u00fasach. Mar sin f\u00e9in, gan na b\u00f3nais a chur san \u00e1ireamh, is minic gurb \u00e9 an geall \u00edosta n\u00e1 ceann amh\u00e1in n\u00f3 c\u00faig dollar SAM.<\/p>\n<h3>C\u00c9N CINE\u00c1L Geall IS COITINNE?<\/h3>\n<p>Is geall \u00e9 seo ar bhuaiteoir an r\u00e1sa, a ligfidh duit do chuid buaite a fh\u00e1il go tapa agus go h\u00e9ifeachtach. Uaireanta ligeann an chuideachta duit roinnt buaiteoir\u00ed f\u00e9ideartha a roghn\u00fa ag an am c\u00e9anna, ach t\u00e1 na hodds beag\u00e1n n\u00edos \u00edsle.<\/p>\n<h3>AN F\u00c9IDIR LIOM Geall \u00d3 M&#8217;Fh\u00d3N?<\/h3>\n<p>Sea, is f\u00e9idir le gach imreoir at\u00e1 cl\u00e1raithe ar an su\u00edomh oifigi\u00fail an aip geallt\u00f3ireachta R\u00e1sa\u00edochta Capall a \u00fas\u00e1id. D\u00e9an iarracht fanacht ar l\u00edne an t-am ar fad agus fios a bheith agat go beacht cad at\u00e1 ag tarl\u00fa sa chluiche anois. Ag an am c\u00e9anna, caomhna\u00edtear an c\u00f3ras chun airgead a tharraingt siar agus b\u00f3nais a fh\u00e1il toisc gur f\u00e9idir le himreoir\u00ed dul i dteagmh\u00e1il le taca\u00edocht theicni\u00fail fi\u00fa. Bain triail as geall a chur i l\u00edne feithimh fhada n\u00f3 fad a bh\u00edonn t\u00fa amuigh ag spraoi.<\/p>\n","protected":false},"excerpt":{"rendered":"<p>Is f\u00e9idir leat na bunt\u00e1ist\u00ed is m\u00f3 a fheice\u00e1il i ngeallt\u00f3ireacht R\u00e1sa\u00edocht Capall m\u00e1 chuireann t\u00fa geallta beaga go rialta. Re\u00e1cht\u00e1iltear na r\u00e1sa\u00ed go minic, mar sin t\u00e1 t\u00fa cinnte go bhfaighidh t\u00fa rogha oiri\u00fanach duit f\u00e9in agus go mbainfidh t\u00fa taitneamh as an gcluiche. Is \u00e9 an rud is m\u00f3 n\u00e1 na rialacha go&#8230;<\/p>\n","protected":false},"author":1,"featured_media":0,"parent":3705,"menu_order":0,"comment_status":"closed","ping_status":"closed","template":"","meta":{"_acf_changed":false,"_kad_post_transparent":"default","_kad_post_title":"default","_kad_post_layout":"default","_kad_post_sidebar_id":"","_kad_post_content_style":"default","_kad_post_vertical_padding":"default","_kad_post_feature":"","_kad_post_feature_position":"","_kad_post_header":false,"_kad_post_footer":false,"footnotes":""},"class_list":["post-3922","page","type-page","status-publish","hentry"],"acf":[],"rttpg_featured_image_url":null,"rttpg_author":{"display_name":"John","author_link":"https:\/\/rocketplay-new.com\/ga\/author\/pemvas95n89x\/"},"rttpg_comment":0,"rttpg_category":null,"rttpg_excerpt":"Is f\u00e9idir leat na bunt\u00e1ist\u00ed is m\u00f3 a fheice\u00e1il i ngeallt\u00f3ireacht R\u00e1sa\u00edocht Capall m\u00e1 chuireann t\u00fa geallta beaga go rialta. Re\u00e1cht\u00e1iltear na r\u00e1sa\u00ed go minic, mar sin t\u00e1 t\u00fa cinnte go bhfaighidh t\u00fa rogha oiri\u00fanach duit f\u00e9in agus go mbainfidh t\u00fa taitneamh as an gcluiche. Is \u00e9 an rud is m\u00f3 n\u00e1 na rialacha go...","_links":{"self":[{"href":"https:\/\/rocketplay-new.com\/ga\/wp-json\/wp\/v2\/pages\/3922","targetHints":{"allow":["GET"]}}],"collection":[{"href":"https:\/\/rocketplay-new.com\/ga\/wp-json\/wp\/v2\/pages"}],"about":[{"href":"https:\/\/rocketplay-new.com\/ga\/wp-json\/wp\/v2\/types\/page"}],"author":[{"embeddable":true,"href":"https:\/\/rocketplay-new.com\/ga\/wp-json\/wp\/v2\/users\/1"}],"replies":[{"embeddable":true,"href":"https:\/\/rocketplay-new.com\/ga\/wp-json\/wp\/v2\/comments?post=3922"}],"version-history":[{"count":4,"href":"https:\/\/rocketplay-new.com\/ga\/wp-json\/wp\/v2\/pages\/3922\/revisions"}],"predecessor-version":[{"id":5676,"href":"https:\/\/rocketplay-new.com\/ga\/wp-json\/wp\/v2\/pages\/3922\/revisions\/5676"}],"up":[{"embeddable":true,"href":"https:\/\/rocketplay-new.com\/ga\/wp-json\/wp\/v2\/pages\/3705"}],"wp:attachment":[{"href":"https:\/\/rocketplay-new.com\/ga\/wp-json\/wp\/v2\/media?parent=3922"}],"curies":[{"name":"wp","href":"https:\/\/api.w.org\/{rel}","templated":true}]}}