{"id":3865,"date":"2023-01-13T19:04:27","date_gmt":"2023-01-13T16:04:27","guid":{"rendered":"https:\/\/rocketplay-new.com\/sport-betting\/tennis\/"},"modified":"2025-04-02T15:51:36","modified_gmt":"2025-04-02T12:51:36","slug":"tennis","status":"publish","type":"page","link":"https:\/\/rocketplay-new.com\/ga\/sport\/tennis\/","title":{"rendered":"Treoir maidir le Geallt\u00f3ireacht ar Lead\u00f3g"},"content":{"rendered":"<p>Bunt\u00e1iste riachtanach a bhaineann le geallt\u00f3ireacht lead\u00f3ige n\u00e1 go bhfuil go leor cluich\u00ed gairmi\u00fala agus amait\u00e9aracha \u00e1 n-imirt anois. A bhu\u00edochas leis seo, is f\u00e9idir le gach duine a gcuid airgid a chur isteach i mbuanna imreoir ar leith agus airgead a dh\u00e9anamh air. Is leor su\u00edomh oiri\u00fanach ar l\u00edne a aimsi\u00fa le haghaidh cearrbhachais agus geallt\u00f3ireachta, agus ansin c\u00fap\u00f3n a chruth\u00fa. In \u00e1r n-athbhreithni\u00fa, gheobhaidh t\u00fa eolas cabhrach agus foghlaim conas geallt\u00f3ireacht a dh\u00e9anamh.<\/p>\n<p style=\"text-align: center;\"><span style=\"font-weight: 400;\"><div class=\"go-btn-container\"><div class=\"tosh-btn\"><a href=\"\/go-casino\/\" target=\"_blank\" rel=\"noopener\">IMIR ANOIS<\/a><\/div><\/div><\/span><\/p>\n<h2>STRAIT\u00c9IS Geallta TENNIS<\/h2>\n<p>Strait\u00e9is suimi\u00fail do thosaitheoir\u00ed n\u00e1 an aip geallt\u00f3ireachta lead\u00f3ige a \u00fas\u00e1id, at\u00e1 saor in aisce do gach \u00fas\u00e1ideoir. Is bealach iontach \u00e9 seo chun rochtain rialta a fh\u00e1il ar gheallt\u00f3ireacht. Ag an am c\u00e9anna, is f\u00e9idir leat airgead a thuilleamh fi\u00fa ar si\u00fal n\u00f3 ag fanacht i l\u00edne.<\/p>\n<p>Chomh maith leis seo, t\u00e1 strait\u00e9is geallt\u00f3ireachta lead\u00f3ige ar leith a sheasann amach mar gheall ar a prionsabail bhun\u00fasacha an cluiche:<\/p>\n<ul>\n<li>ba cheart an buis\u00e9ad tosaigh a roinnt ina dheich\u00ed codanna \u00e9ags\u00fala, agus gan geall a chur ar n\u00edos m\u00f3 n\u00e1 ceann amh\u00e1in ag an am ar aon chluiche. Sa ch\u00e1s seo, teorann\u00f3idh t\u00fa n\u00ed hamh\u00e1in do chuid buaite ach freisin do chaillteanais. Mar sin n\u00ed bheidh aon chaillteanas ar an taisce ioml\u00e1n, a bhfuil bunt\u00e1iste suntasach;<\/li>\n<li>ba ch\u00f3ir duit foghlaim conas do mhoth\u00fach\u00e1in a rial\u00fa agus t\u00fa ag geallt\u00f3ireacht ionas nach nd\u00e9anann t\u00fa geall de thaisme a bheidh mar thoradh ar do thitim. Cailleann an chuid is m\u00f3 de na tosaitheoir\u00ed a gcuid airgid go beacht toisc go nd\u00e9anann siad iarracht an t-airgead caillte a fh\u00e1il ar ais go tapa;<\/li>\n<li>n\u00ed f\u00e9idir leat anail\u00eds\u00edocht \u00f3 dhaoine ar an idirl\u00edon a \u00fas\u00e1id mar an t-aon rogha ceart geallt\u00f3ireachta. Chomh maith leis sin, t\u00e1 an cur chuige sa timpeallacht geallt\u00f3ireachta ar a dtugtar leisci\u00fail, agus t\u00e1 s\u00e9 mar thoradh dosheachanta caillteanas. Ba ch\u00f3ir duit dul i ngleic le do chluiche go freagrach agus f\u00e9achaint i gc\u00f3na\u00ed ar an m\u00e9id geallt\u00f3ireachta. D\u00e9an anail\u00eds agus d\u00e9an staid\u00e9ar ar na las\u00e1in duit f\u00e9in ionas nach nd\u00e9anann t\u00fa bot\u00fan.<\/li>\n<\/ul>\n<p>Molaimid do gach n\u00fa\u00edosach \u00fas\u00e1id a bhaint as seirbh\u00eds\u00ed na su\u00edomhanna iontaofa sin amh\u00e1in a bhfuil taith\u00ed na mblianta acu. Is f\u00e9idir leat \u00e9 seo a fh\u00e1il ar \u00e1r dtairseach cearrbhachais sa rann\u00f3g athbhreithnithe, \u00e1it a bhfuil na roghanna is fearr at\u00e1 ar f\u00e1il bailithe ag saineolaithe. D\u00e9an iarracht do chluiche a thos\u00fa agus brab\u00fas m\u00f3r a fh\u00e1il go d\u00edreach \u00f3 do chuntas. Chomh maith leis sin, t\u00e9igh tr\u00edd an n\u00f3s imeachta f\u00edoraithe ionas nach mbeidh aon fhadhbanna ann le cist\u00ed a tharraingt siar sa todhcha\u00ed.<\/p>\n<p><img loading=\"lazy\" decoding=\"async\" class=\"aligncenter wp-image-4672\" src=\"https:\/\/rocketplay-new.com\/wp-content\/uploads\/2024\/02\/tennis-girl-professional-tennis-court.jpg\" alt=\"Tennis Betting\" width=\"800\" height=\"500\" srcset=\"https:\/\/rocketplay-new.com\/wp-content\/uploads\/2024\/02\/tennis-girl-professional-tennis-court.jpg 1000w, https:\/\/rocketplay-new.com\/wp-content\/uploads\/2024\/02\/tennis-girl-professional-tennis-court-300x188.jpg 300w, https:\/\/rocketplay-new.com\/wp-content\/uploads\/2024\/02\/tennis-girl-professional-tennis-court-768x480.jpg 768w\" sizes=\"auto, (max-width: 800px) 100vw, 800px\" \/><\/p>\n<h2>NA Geallta lead\u00f3ige is m\u00f3 t\u00f3ir<\/h2>\n<p>Is \u00e9 an \u00e1it is fearr do thosaitheoir\u00ed i ngeallt\u00f3ireacht lead\u00f3ige ar l\u00edne n\u00e1 geall n\u00edos simpl\u00ed. De ghn\u00e1th, is \u00e9 a bhuaigh l\u00fathchleasa\u00ed ar leith n\u00f3 p\u00e9ire de l\u00fathchleasaithe i gcluiche. F\u00e1gtar geallta n\u00edos casta ag gairmithe a riala\u00edonn a gcuid acmhainn\u00ed airgeadais agus a dh\u00e1ileann brab\u00fais go maith. Meastar go bhfuil geallta ioml\u00e1na n\u00edos casta toisc go bhfuil s\u00e9 i bhfad n\u00edos d\u00fashl\u00e1na\u00ed point\u00ed a r\u00edomh agus iad a thuar.<\/p>\n<p>Is f\u00e9idir leat roghanna geallt\u00f3ireachta \u00e9ags\u00fala a thriail i m\u00f3d taispe\u00e1na speisialta. Ligfidh s\u00e9 seo duit airgead breise a sheachaint agus triail a bhaint as gach rogha. Uaireanta n\u00ed fh\u00e9adfaidh an modh seo a bheith ar f\u00e1il, ach is \u00e9 seo an rogha is fearr m\u00e1s f\u00e9idir leat f\u00edor-airgead a thuilleamh go luath.<\/p>\n<p style=\"text-align: center;\"><span style=\"font-weight: 400;\"><div class=\"go-btn-container\"><div class=\"tosh-btn\"><a href=\"\/go-casino\/\" target=\"_blank\" rel=\"noopener\">IMIR ANOIS<\/a><\/div><\/div><\/span><\/p>\n<h2>M\u00cdNI\u00da ODDS TENNIS<\/h2>\n<p>Is \u00e9 an bealach is \u00e9asca chun na corrlaigh a mh\u00edni\u00fa n\u00e1 sampla\u00ed sonracha a thabhairt \u00f3 fh\u00edorgheallta. Bain triail as $200 geallt\u00f3ireachta ar thoradh le corrlaigh de 1.4. Sa ch\u00e1s seo, d\u00e9anfaidh t\u00fa brab\u00fas $80, agus beidh $280 i do chuntas. I gc\u00e1s $100 at\u00e1 i ngeall ar 1.7 contr\u00e1rtha, gheobhaidh t\u00fa $70 i nglanbhrab\u00fas. Anseo t\u00e1 s\u00e9 mar an gc\u00e9anna le hinfheist\u00edocht, ionas gur f\u00e9idir leat a dh\u00e9anamh amach m\u00e1 fhaigheann t\u00fa na su\u00edomhanna geallt\u00f3ireachta lead\u00f3ige is fearr.<\/p>\n<h2>CONCL\u00daID<\/h2>\n<p>Mar fhocal scoir, ba mhaith linn a r\u00e1 ar\u00eds gurb \u00e9 an bealach is fearr chun do chluiche a thos\u00fa n\u00e1 geallt\u00f3ireacht saor in aisce lead\u00f3ige a fh\u00e1il ar an su\u00edomh oifigi\u00fail cearrbhachais \u00f3n\u00e1r n-athbhreithnithe. D\u00e9an iarracht do ch\u00e9ad geall a dh\u00e9anamh agus suim mh\u00f3r airgid a bhuachan. Cabhr\u00f3idh s\u00e9 seo leat dul i dtaith\u00ed ar an gcomh\u00e9adan go tapa agus foghlaim conas do chuid acmhainn\u00ed a leithdh\u00e1ileadh i gceart. N\u00ed f\u00e9idir ach le cabhair \u00f3 gheallta f\u00edor a fhoghlaim conas geallta brab\u00fasacha a dh\u00e9anamh agus a bhuachan go rialta.<\/p>\n<p><img loading=\"lazy\" decoding=\"async\" class=\"aligncenter wp-image-4681\" src=\"https:\/\/rocketplay-new.com\/wp-content\/uploads\/2024\/02\/high-angle-tennis-racket-balls.jpg\" alt=\"Tennis Betting 2\" width=\"800\" height=\"534\" srcset=\"https:\/\/rocketplay-new.com\/wp-content\/uploads\/2024\/02\/high-angle-tennis-racket-balls.jpg 1000w, https:\/\/rocketplay-new.com\/wp-content\/uploads\/2024\/02\/high-angle-tennis-racket-balls-300x200.jpg 300w, https:\/\/rocketplay-new.com\/wp-content\/uploads\/2024\/02\/high-angle-tennis-racket-balls-768x512.jpg 768w\" sizes=\"auto, (max-width: 800px) 100vw, 800px\" \/><\/p>\n<h2>CC<\/h2>\n<p>Chomh maith le leideanna geallt\u00f3ireachta lead\u00f3ige, t\u00e1 treoir ghearr anseo do thosaitheoir\u00ed. Cabhr\u00f3idh na freagra\u00ed ar cheisteanna coitianta leat eolas n\u00edos fearr a fh\u00e1il ar gheallt\u00f3ireacht ghn\u00edomhach agus n\u00edos m\u00f3 airgid a thuilleamh.<\/p>\n<h3>CAD \u00c9 AN Geall is M\u00f3 R\u00d3ITE AR TENNIS?<\/h3>\n<p>Is minic a chuireann muid geall ar chraobh at\u00e1 in ann an cluiche a bhuachan agus clo\u00ed go muin\u00edneach lena strait\u00e9is. Sa dara h\u00e1it ag cur geallta ar na babhta\u00ed ioml\u00e1na agus point\u00ed, ar f\u00e9idir a anail\u00edsi\u00fa freisin. Is \u00e9 an rud is m\u00f3 n\u00e1 faisn\u00e9is iontaofa a bhaili\u00fa agus foghlaim roimh r\u00e9 faoi na gn\u00e9ithe den discipl\u00edn seo. Sa ch\u00e1s seo, t\u00e1 gach seans agat a bhuachan.<\/p>\n<h3>AN BHFUIL S\u00c9 D\u00daSHL\u00c1N A FHOGHLAIM CONAS GEAD ISTEACH I TENNIS?<\/h3>\n<p>N\u00ed hea, foghlaim\u00edonn imreoir\u00ed conas geall a dh\u00e9anamh laistigh de sheachtain amh\u00e1in. A bhu\u00ed le rialacha soil\u00e9ire an l\u00e1ithre\u00e1in chearrbhachais agus le craolta\u00ed mac\u00e1nta, b\u00edonn s\u00e9 \u00e9asca dul i ngleic leis. F\u00e9ach ar roinnt cluich\u00ed a choigeart\u00fa do strait\u00e9is\u00ed agus tactics, ansin tos\u00fa ag tuilleamh suimeanna m\u00f3ra. Is f\u00e9idir leat geallta \u00edosta dollar amh\u00e1in a dh\u00e9anamh freisin chun an c\u00f3ras a thuiscint n\u00edos fearr agus gan caipiteal a chailleadh.<\/p>\n<h3>C\u00c9N AOIS IS F\u00c9IDIR LIOM Geall?<\/h3>\n<p>Teorainn ar gheallt\u00f3ireacht lead\u00f3ige beo is ea an tromlach aoise sa t\u00edr ch\u00f3naithe. Mar sin, moltar duit dul i dtaith\u00ed ar\u00eds ar reachta\u00edocht do st\u00e1it n\u00f3 do th\u00edre. Cabhr\u00f3idh s\u00e9 seo leat gan do chuntas a chailleadh mar, le linn an phr\u00f3isis f\u00edoraithe, go bhfaighidh an riarach\u00e1n neamhr\u00e9iteach. Seinn go leor, agus t\u00e1 t\u00fa cinnte a bhuachan ag pointe \u00e9igin.<\/p>\n","protected":false},"excerpt":{"rendered":"<p>Bunt\u00e1iste riachtanach a bhaineann le geallt\u00f3ireacht lead\u00f3ige n\u00e1 go bhfuil go leor cluich\u00ed gairmi\u00fala agus amait\u00e9aracha \u00e1 n-imirt anois. A bhu\u00edochas leis seo, is f\u00e9idir le gach duine a gcuid airgid a chur isteach i mbuanna imreoir ar leith agus airgead a dh\u00e9anamh air. Is leor su\u00edomh oiri\u00fanach ar l\u00edne a aimsi\u00fa le haghaidh cearrbhachais&#8230;<\/p>\n","protected":false},"author":1,"featured_media":0,"parent":3705,"menu_order":0,"comment_status":"closed","ping_status":"closed","template":"","meta":{"_acf_changed":false,"_kad_post_transparent":"default","_kad_post_title":"default","_kad_post_layout":"default","_kad_post_sidebar_id":"","_kad_post_content_style":"default","_kad_post_vertical_padding":"default","_kad_post_feature":"","_kad_post_feature_position":"","_kad_post_header":false,"_kad_post_footer":false,"footnotes":""},"class_list":["post-3865","page","type-page","status-publish","hentry"],"acf":[],"rttpg_featured_image_url":null,"rttpg_author":{"display_name":"John","author_link":"https:\/\/rocketplay-new.com\/ga\/author\/pemvas95n89x\/"},"rttpg_comment":0,"rttpg_category":null,"rttpg_excerpt":"Bunt\u00e1iste riachtanach a bhaineann le geallt\u00f3ireacht lead\u00f3ige n\u00e1 go bhfuil go leor cluich\u00ed gairmi\u00fala agus amait\u00e9aracha \u00e1 n-imirt anois. A bhu\u00edochas leis seo, is f\u00e9idir le gach duine a gcuid airgid a chur isteach i mbuanna imreoir ar leith agus airgead a dh\u00e9anamh air. Is leor su\u00edomh oiri\u00fanach ar l\u00edne a aimsi\u00fa le haghaidh cearrbhachais...","_links":{"self":[{"href":"https:\/\/rocketplay-new.com\/ga\/wp-json\/wp\/v2\/pages\/3865","targetHints":{"allow":["GET"]}}],"collection":[{"href":"https:\/\/rocketplay-new.com\/ga\/wp-json\/wp\/v2\/pages"}],"about":[{"href":"https:\/\/rocketplay-new.com\/ga\/wp-json\/wp\/v2\/types\/page"}],"author":[{"embeddable":true,"href":"https:\/\/rocketplay-new.com\/ga\/wp-json\/wp\/v2\/users\/1"}],"replies":[{"embeddable":true,"href":"https:\/\/rocketplay-new.com\/ga\/wp-json\/wp\/v2\/comments?post=3865"}],"version-history":[{"count":4,"href":"https:\/\/rocketplay-new.com\/ga\/wp-json\/wp\/v2\/pages\/3865\/revisions"}],"predecessor-version":[{"id":3866,"href":"https:\/\/rocketplay-new.com\/ga\/wp-json\/wp\/v2\/pages\/3865\/revisions\/3866"}],"up":[{"embeddable":true,"href":"https:\/\/rocketplay-new.com\/ga\/wp-json\/wp\/v2\/pages\/3705"}],"wp:attachment":[{"href":"https:\/\/rocketplay-new.com\/ga\/wp-json\/wp\/v2\/media?parent=3865"}],"curies":[{"name":"wp","href":"https:\/\/api.w.org\/{rel}","templated":true}]}}