{"id":3812,"date":"2023-01-13T18:30:54","date_gmt":"2023-01-13T15:30:54","guid":{"rendered":"https:\/\/rocketplay-new.com\/sport-betting\/american-football\/"},"modified":"2025-11-25T23:25:12","modified_gmt":"2025-11-25T20:25:12","slug":"american-football","status":"publish","type":"page","link":"https:\/\/rocketplay-new.com\/ga\/sport\/american-football\/","title":{"rendered":"Conas Geallta a Dh\u00e9anamh ar Pheil Mheirice\u00e1nach"},"content":{"rendered":"<p>Meallann siamsa\u00edocht coitianta sna St\u00e1it Aontaithe lucht lean\u00fana sp\u00f3irt cearrbhachais. Is deis iontach \u00e9 geallt\u00f3ireacht ar Pheil Mheirice\u00e1nach chun tortha\u00ed \u00e9ags\u00fala a \u00fas\u00e1id go tapa agus go h\u00e9ifeachtach chun bua a fh\u00e1il. Tabharfaidh l\u00edon m\u00f3r cluich\u00ed agus dinimic ard deis do thosaitheoir\u00ed fi\u00fa na rialacha a thuiscint agus tos\u00fa ag tuilleamh go tapa. In \u00e1r n-athbhreithni\u00fa, t\u00e1 an fhaisn\u00e9is is cabhrach bailithe againn maidir le geallt\u00f3ireacht ar Peil Mheirice\u00e1nach.<\/p>\n<p style=\"text-align: center;\"><span style=\"font-weight: 400;\">\u00a0<div class=\"go-btn-container\"><div class=\"tosh-btn\"><a href=\"\/go-casino\/\" target=\"_blank\" rel=\"noopener\">IMIR ANOIS<\/a><\/div><\/div><\/span><\/p>\n<h2>M\u00cdNI\u00da AR ODANNA PEILE MEIRICE\u00c1<\/h2>\n<p>I bhformh\u00f3r na gc\u00e1sanna, t\u00e1 su\u00edmh geallt\u00f3ireachta Peile Mheirice\u00e1 d\u00fashl\u00e1nach a roghn\u00fa toisc go bhfuil go leor iomaitheoir\u00ed ar an margadh agus cheaters. Is f\u00e9idir leat su\u00edomhanna geallt\u00f3ireachta iontaofa r\u00e1thaithe a fh\u00e1il in\u00e1r n-athbhreithnithe mar go nd\u00e9anaimid t\u00e1st\u00e1il mhionsonraithe ar ghn\u00e9ithe uile cuideachta\u00ed cearrbhachais. Ba cheart duit dul i ngleic go freagrach freisin le do chuid geallta, ag d\u00e9anamh staid\u00e9ir ar an l\u00edne geallt\u00f3ireachta forioml\u00e1n ar an l\u00e1ithre\u00e1n.<\/p>\n<p>D\u00e1 mh\u00e9ad tortha\u00ed f\u00e9ideartha a thairgfear, is amhlaidh is cuimsith\u00ed a mheastar an l\u00edne geall f\u00e9ideartha. D\u00e9an iarracht teacht ar na roghanna foirfe agus c\u00fapla dosaen dollar n\u00edos m\u00f3 a thuilleamh. Seo deis duit m\u00e9id m\u00f3r airgid a thuilleamh. Is f\u00e9idir leat triail a bhaint as roghanna \u00e9ags\u00fala freisin.<\/p>\n<p>Is fearr f\u00e9achaint ar gheallt\u00f3ireacht ar bhuaiteoir an chluiche ar an bpointe boise. Is cine\u00e1l geall clasaiceach \u00e9 seo a mheallfaidh an chuid is m\u00f3 de na himreoir\u00ed. Is \u00e9 an bealach is \u00e9asca chun toradh an chluiche a thomhas anseo.<\/p>\n<p>I bhfoireann Peile Mheirice\u00e1 geallt\u00f3ireachta, is f\u00e9idir leat aird a thabhairt freisin ar thortha\u00ed breise \u00e9ags\u00fala. Mar shampla, is rogha iontach \u00e9 an t-ioml\u00e1n chun do chothroma\u00edocht a mh\u00e9ad\u00fa ar\u00eds agus ar\u00eds eile i ngeall amh\u00e1in. Ina theannta sin, is f\u00e9idir leis na leaganacha d&#8217;ioml\u00e1n den s\u00f3rt sin a bheith difri\u00fail, rud a chialla\u00edonn nach mbainfidh aon duine do sheans airgead a thuilleamh go m\u00f3r l\u00e1ithreach<\/p>\n<p><img loading=\"lazy\" decoding=\"async\" class=\"aligncenter wp-image-4739\" src=\"https:\/\/rocketplay-new.com\/wp-content\/uploads\/2024\/02\/american-football-player-professional-stadium.jpg\" alt=\"American Football \" width=\"800\" height=\"400\" srcset=\"https:\/\/rocketplay-new.com\/wp-content\/uploads\/2024\/02\/american-football-player-professional-stadium.jpg 1000w, https:\/\/rocketplay-new.com\/wp-content\/uploads\/2024\/02\/american-football-player-professional-stadium-300x150.jpg 300w, https:\/\/rocketplay-new.com\/wp-content\/uploads\/2024\/02\/american-football-player-professional-stadium-768x384.jpg 768w\" sizes=\"auto, (max-width: 800px) 100vw, 800px\" \/><\/p>\n<h2>CINE\u00c1LACHA Geallta PEILE MEIRICE\u00c1<\/h2>\n<p>Moltar aird a thabhairt ar bh\u00f3nais geallt\u00f3ireachta Peile Mheirice\u00e1 ionas nach gcaillfidh t\u00fa pota m\u00f3r ar do chuntas. Is f\u00e9idir leat na coinn\u00edollacha cruinne a fh\u00e1il amach d\u00edreach tar \u00e9is duit cuntas pearsanta a chl\u00e1r\u00fa. L\u00e9igh na rialacha go c\u00faramach agus faigh tuilleadh eolais faoin gcomhlacht cearrbhachais. Tar \u00e9is sin, is f\u00e9idir leat tos\u00fa ag tuilleamh go gn\u00edomhach.<\/p>\n<p>Is f\u00e9idir linn a mholadh freisin go bhfaighidh t\u00fa na bronntanais seo a leanas i Peil Mheirice\u00e1nach:<\/p>\n<ul>\n<li>ais\u00edoca\u00edocht mh\u00e9adaithe \u00f3 gach caillteanas a bhu\u00edochas leis an s\u00ednti\u00fas don chl\u00e1r VIP;<\/li>\n<li>an deis do thaisce a mh\u00e9ad\u00fa tr\u00ed bh\u00f3nas breise a ghlacadh \u00f3n riarach\u00e1n;<\/li>\n<li>an deis geall saor a fh\u00e1il agus gan caipiteal a chailleadh i gc\u00e1s caillteanais.<\/li>\n<\/ul>\n<p>Is f\u00e9idir leis seo cabhr\u00fa leat do choigilteas a mh\u00e9ad\u00fa agus c\u00fais\u00edn airgeadais sh\u00e1bh\u00e1ilte a chruth\u00fa.<\/p>\n<p style=\"text-align: center;\"><span style=\"font-weight: 400;\">\u00a0<div class=\"go-btn-container\"><div class=\"tosh-btn\"><a href=\"\/go-casino\/\" target=\"_blank\" rel=\"noopener\">IMIR ANOIS<\/a><\/div><\/div><\/span><\/p>\n<h2>STRAIT\u00c9IS\u00cd Geallt\u00f3ireacht PEILE MEIRICE\u00c1<\/h2>\n<p>I measc na strait\u00e9is\u00ed is fearr agus geallt\u00f3ireachta Peile Mheirice\u00e1 is fearr ar l\u00edne t\u00e1 cuid de na cinn is c\u00e1ili\u00fala. Is g\u00e1 molta\u00ed na saineolaithe a lean\u00faint go c\u00faramach chun a bheith cinnte airgead a thuilleamh agus nach gcaillfidh t\u00fa do chaipiteal ar fad:<\/p>\n<ul>\n<li>d\u00e9an iarracht m\u00e9id ioml\u00e1n do bhainc a roinnt ina 20-30 cuid agus geall nach m\u00f3 n\u00e1 3% de do chaipiteal ag an am. Ar an mbealach seo, n\u00ed chaillfidh t\u00fa go l\u00e9ir ag an am c\u00e9anna, rud a chialla\u00edonn go mbeidh t\u00fa ag m\u00e1istreacht de r\u00e9ir a ch\u00e9ile ar eala\u00edn an chearrbhachais;<\/li>\n<li>ba ch\u00f3ir duit dul i ngleic leis an ngeallt\u00f3ireacht ar bhealach discipl\u00ednithe, mar sin n\u00edl aon fhadhbanna ann le linn na dtarraingt\u00ed. N\u00edor ch\u00f3ir duit geall a dh\u00e9anamh ar gach rud ar mhoth\u00fach\u00e1n n\u00f3 m\u00e1s mian leat a bhuachan ar ais mar beidh s\u00e9 seo mar thoradh ar chaillteanais t\u00fa;<\/li>\n<li>n\u00ed m\u00f3r d&#8217;imreoir\u00ed staid\u00e9ar a dh\u00e9anamh go c\u00faramach ar rialacha na n-ard\u00fa c\u00e9ime agus na mb\u00f3nais chun gn\u00e1th gaiste na gcoinn\u00edollacha m\u00edthuigthe a sheachaint.<\/li>\n<\/ul>\n<p>Bain \u00fas\u00e1id as na molta\u00ed go l\u00e9ir, agus is f\u00e9idir leat a bhuachan.<\/p>\n<p><img loading=\"lazy\" decoding=\"async\" class=\"aligncenter wp-image-4749\" src=\"https:\/\/rocketplay-new.com\/wp-content\/uploads\/2024\/02\/american-football-american-football-player-professional-sport-stadium.jpg\" alt=\"American Football 2\" width=\"800\" height=\"462\" srcset=\"https:\/\/rocketplay-new.com\/wp-content\/uploads\/2024\/02\/american-football-american-football-player-professional-sport-stadium.jpg 1000w, https:\/\/rocketplay-new.com\/wp-content\/uploads\/2024\/02\/american-football-american-football-player-professional-sport-stadium-300x173.jpg 300w, https:\/\/rocketplay-new.com\/wp-content\/uploads\/2024\/02\/american-football-american-football-player-professional-sport-stadium-768x443.jpg 768w\" sizes=\"auto, (max-width: 800px) 100vw, 800px\" \/><\/p>\n<h2>CONCL\u00daID<\/h2>\n<p>Go hachomair, ba ch\u00f3ir do gach duine iarracht geallt\u00f3ireacht a dh\u00e9anamh ar Peil Mheirice\u00e1nach. Is discipl\u00edn sp\u00f3irt dinimici\u00fail \u00e9 seo, a thaitneoidh go leor daoine mar gheall ar na b\u00f3nais spreag\u00fala agus an l\u00edne geallt\u00f3ireachta leathan. Is f\u00e9idir leat triail a bhaint as na bunt\u00e1ist\u00ed go l\u00e9ir anois ar an su\u00edomh oifigi\u00fail cearrbhachais.<\/p>\n<h2>CC<\/h2>\n<p>Chomh maith le leideanna geallt\u00f3ireachta Peil Mheirice\u00e1nach, t\u00e1 freagra\u00ed curtha le ch\u00e9ile againn ar na ceisteanna tosaitheoir\u00ed is coitianta duit. L\u00e9igh an t-eolas cabhrach agus t\u00fas a imirt go gn\u00edomhach a bhuachan agus a thuilleamh go leor airgid breise. Is f\u00e9idir leat tos\u00fa anois ar an l\u00e1ithre\u00e1n gr\u00e9as\u00e1in oifigi\u00fail Casino.<\/p>\n<h3>CAD \u00c9 AN STRAIT\u00c9IS BHUAITEACHA?<\/h3>\n<p>I bhformh\u00f3r na gc\u00e1sanna, ba cheart duit a bheith ag brath ar odds geallt\u00f3ireachta Peile Mheirice\u00e1 chun do seansanna ratha a mheas i gceart. N\u00edos minice n\u00e1 a mhalairt, t\u00e1 na foirne r\u00e9idh chun toradh maith a thaispe\u00e1int, mar sin ba ch\u00f3ir duit anail\u00eds a dh\u00e9anamh ar an gcluiche at\u00e1 le teacht go freagrach. D\u00e9an iarracht n\u00edos m\u00f3 deiseanna cearrbhachais a \u00fas\u00e1id chun airgead a dh\u00e9anamh agus do strait\u00e9is a fhorbairt. Is f\u00e9idir le modh taispe\u00e1na cabhr\u00fa leat m\u00e1 t\u00e1 s\u00e9 ar f\u00e1il faoi l\u00e1thair sa chluiche.<\/p>\n<h3>CAD IAD AN FHOIREANN IS FEARR A GHEARR A CHUR ISTEACH?<\/h3>\n<p>T\u00e1 an chuid is m\u00f3 de phioc geallt\u00f3ireachta Peile Mheirice\u00e1 bunaithe ar anail\u00eds\u00ed an d\u00e1 fhoireann. Is g\u00e1 staid\u00e9ar a dh\u00e9anamh ar an achrann san am at\u00e1 caite idir na heagra\u00edochta\u00ed agus na l\u00fathchleasaithe a bheidh ag feidhmi\u00fa sa ch\u00e9ad chluiche eile. Uaireanta b\u00edonn na himreoir\u00ed r\u00e9idh le se\u00f3 iontach a thairiscint duit, rud at\u00e1 deacair a thuar. Seachas sin, is f\u00e9idir leat an ceann is fearr leat a chinneadh ag an am c\u00e9anna agus ansin f\u00e9achaint ar na buaiteoga lean\u00fanacha.<\/p>\n","protected":false},"excerpt":{"rendered":"<p>Meallann siamsa\u00edocht coitianta sna St\u00e1it Aontaithe lucht lean\u00fana sp\u00f3irt cearrbhachais. Is deis iontach \u00e9 geallt\u00f3ireacht ar Pheil Mheirice\u00e1nach chun tortha\u00ed \u00e9ags\u00fala a \u00fas\u00e1id go tapa agus go h\u00e9ifeachtach chun bua a fh\u00e1il. Tabharfaidh l\u00edon m\u00f3r cluich\u00ed agus dinimic ard deis do thosaitheoir\u00ed fi\u00fa na rialacha a thuiscint agus tos\u00fa ag tuilleamh go tapa. In \u00e1r&#8230;<\/p>\n","protected":false},"author":1,"featured_media":0,"parent":3705,"menu_order":0,"comment_status":"closed","ping_status":"closed","template":"","meta":{"_acf_changed":false,"_kad_post_transparent":"default","_kad_post_title":"default","_kad_post_layout":"default","_kad_post_sidebar_id":"","_kad_post_content_style":"default","_kad_post_vertical_padding":"default","_kad_post_feature":"","_kad_post_feature_position":"","_kad_post_header":false,"_kad_post_footer":false,"footnotes":""},"class_list":["post-3812","page","type-page","status-publish","hentry"],"acf":[],"rttpg_featured_image_url":null,"rttpg_author":{"display_name":"John","author_link":"https:\/\/rocketplay-new.com\/ga\/author\/pemvas95n89x\/"},"rttpg_comment":0,"rttpg_category":null,"rttpg_excerpt":"Meallann siamsa\u00edocht coitianta sna St\u00e1it Aontaithe lucht lean\u00fana sp\u00f3irt cearrbhachais. Is deis iontach \u00e9 geallt\u00f3ireacht ar Pheil Mheirice\u00e1nach chun tortha\u00ed \u00e9ags\u00fala a \u00fas\u00e1id go tapa agus go h\u00e9ifeachtach chun bua a fh\u00e1il. Tabharfaidh l\u00edon m\u00f3r cluich\u00ed agus dinimic ard deis do thosaitheoir\u00ed fi\u00fa na rialacha a thuiscint agus tos\u00fa ag tuilleamh go tapa. In \u00e1r...","_links":{"self":[{"href":"https:\/\/rocketplay-new.com\/ga\/wp-json\/wp\/v2\/pages\/3812","targetHints":{"allow":["GET"]}}],"collection":[{"href":"https:\/\/rocketplay-new.com\/ga\/wp-json\/wp\/v2\/pages"}],"about":[{"href":"https:\/\/rocketplay-new.com\/ga\/wp-json\/wp\/v2\/types\/page"}],"author":[{"embeddable":true,"href":"https:\/\/rocketplay-new.com\/ga\/wp-json\/wp\/v2\/users\/1"}],"replies":[{"embeddable":true,"href":"https:\/\/rocketplay-new.com\/ga\/wp-json\/wp\/v2\/comments?post=3812"}],"version-history":[{"count":4,"href":"https:\/\/rocketplay-new.com\/ga\/wp-json\/wp\/v2\/pages\/3812\/revisions"}],"predecessor-version":[{"id":5685,"href":"https:\/\/rocketplay-new.com\/ga\/wp-json\/wp\/v2\/pages\/3812\/revisions\/5685"}],"up":[{"embeddable":true,"href":"https:\/\/rocketplay-new.com\/ga\/wp-json\/wp\/v2\/pages\/3705"}],"wp:attachment":[{"href":"https:\/\/rocketplay-new.com\/ga\/wp-json\/wp\/v2\/media?parent=3812"}],"curies":[{"name":"wp","href":"https:\/\/api.w.org\/{rel}","templated":true}]}}