{"id":3759,"date":"2023-01-13T17:47:51","date_gmt":"2023-01-13T14:47:51","guid":{"rendered":"https:\/\/rocketplay-new.com\/sport-betting\/hockey\/"},"modified":"2025-04-02T18:02:35","modified_gmt":"2025-04-02T15:02:35","slug":"hockey","status":"publish","type":"page","link":"https:\/\/rocketplay-new.com\/ga\/sport\/hockey\/","title":{"rendered":"Conas Geall ar Haca"},"content":{"rendered":"<p>Is \u00e9 an d\u00fashl\u00e1n is d\u00fashl\u00e1na\u00ed do thosaitheoir\u00ed na l\u00ednte ceart geallt\u00f3ireachta Haca a roghn\u00fa. D\u00e9an iarracht tr\u00e9ithe discipl\u00edn sp\u00f3irt a thuiscint agus an fhoirmle foirfe do rath a fh\u00e1il. D\u00edr\u00edonn \u00e1r bhforbhreathn\u00fa gairid ar strait\u00e9is\u00ed, tactics, agus bunt\u00e1ist\u00ed geallt\u00f3ireachta haca. Tosaigh ag tuilleamh n\u00edos m\u00f3 airgid \u00f3 geallt\u00f3ireachta anois.<\/p>\n<p style=\"text-align: center;\"><span style=\"font-weight: 400;\"><div class=\"go-btn-container\"><div class=\"tosh-btn\"><a href=\"\/go-casino\/\" target=\"_blank\" rel=\"noopener\">IMIR ANOIS<\/a><\/div><\/div> <\/span><\/p>\n<h2>Gealltanas L\u00cdNE Haca haca<\/h2>\n<p>I bhformh\u00f3r na gc\u00e1sanna, t\u00e1 suim ag tosaitheoir\u00ed i ngeallt\u00f3ireacht Haca saor in aisce mar is bealach iontach \u00e9 chun bunghn\u00e9ithe geallt\u00f3ireachta a thuiscint agus tos\u00fa ag tuilleamh airgid go tapa. D\u00e1ileann an riarach\u00e1n b\u00f3nais den s\u00f3rt sin go neamhsple\u00e1ch ar gach duine a thagann isteach ar leathanach prom\u00f3isin ar leith, mar sin moltar iarracht a dh\u00e9anamh tairiscint den s\u00f3rt sin a fh\u00e1il faoi l\u00e1thair. Is deis \u00e9 freisin geallt\u00f3ireacht a dh\u00e9anamh agus strait\u00e9is\u00ed \u00e9ags\u00fala a th\u00e1st\u00e1il gan do bhuis\u00e9ad a chaitheamh air.<\/p>\n<p>Mar sin f\u00e9in, t\u00e1 na roghanna geallt\u00f3ireachta is coitianta f\u00f3s:<\/p>\n<ul>\n<li>bua foirne. Is g\u00e1 breathn\u00fa go c\u00faramach ar chruinnithe na bhfoirne roimhe seo agus ar thortha\u00ed na gcluich\u00ed a bh\u00ed acu le d\u00e9ana\u00ed. Chomh maith leis sin, aird ar leith a thabhairt ar ionaid, a tharla\u00edonn go minic agus tionchar suntasach ar an toradh deiridh an chluiche;<\/li>\n<li>pucks sc\u00f3r ioml\u00e1n. Rogha geallt\u00f3ireachta coitianta d\u00f3ibh si\u00fad ar mhaith leo m\u00e9id maith a thuilleamh ar a gcuntas go tapa. Is \u00e9asca pucks den s\u00f3rt sin a roinnt i dtr\u00ed thr\u00e9imhse; mar sin, is f\u00e9idir leat oiread agus tr\u00ed huaire a bhuachan in aon chluiche amh\u00e1in. T\u00e1 an anail\u00eds casta go leor, ach ligfidh s\u00e9 duit brab\u00fas den scoth a dh\u00e9anamh;<\/li>\n<li>shots cont\u00fairteacha ioml\u00e1n. Is \u00ed an phr\u00edomhghn\u00e9 den chine\u00e1l seo geall n\u00e1 nach nd\u00e9anann ach daoine gairmi\u00fala iarracht imirt \u00f3 chiceanna cont\u00fairteacha. Is f\u00e9idir a leith\u00e9id de chluiche a tharl\u00fa go leor, agus chun staid\u00e9ar a dh\u00e9anamh ar an gceist seo, is leor breathn\u00fa ar na staitistic\u00ed ar bhuanna agus imreoir\u00ed na foirne. Anail\u00eds dhomhain agus t\u00e1 an t-airgead i do ph\u00f3ca.<\/li>\n<\/ul>\n<p>Is f\u00e9idir leat do id\u00e9alach a fh\u00e1il m\u00e1 \u00fas\u00e1ideann t\u00fa ceann de na su\u00edomhanna ceasa\u00edneo at\u00e1 againn<\/p>\n<p>cur s\u00edos. D\u00e9an iarracht staid\u00e9ar a dh\u00e9anamh ar a ngn\u00e9ithe in\u00e1r n-athbhreithnithe mar go nd\u00e9anaimid t\u00e1st\u00e1il cr\u00edochn\u00fail ar gach acmhainn cearrbhachais. A bhu\u00edochas leis seo, is f\u00e9idir leat do thaith\u00ed, airgead, agus an cumas chun anail\u00eds a dh\u00e9anamh ar chluich\u00ed amach anseo a fh\u00e1il.<\/p>\n<p><img loading=\"lazy\" decoding=\"async\" class=\"aligncenter wp-image-4710\" src=\"https:\/\/rocketplay-new.com\/wp-content\/uploads\/2024\/02\/hockey-players.jpg\" alt=\"Hockey betting \" width=\"800\" height=\"400\" srcset=\"https:\/\/rocketplay-new.com\/wp-content\/uploads\/2024\/02\/hockey-players.jpg 1000w, https:\/\/rocketplay-new.com\/wp-content\/uploads\/2024\/02\/hockey-players-300x150.jpg 300w, https:\/\/rocketplay-new.com\/wp-content\/uploads\/2024\/02\/hockey-players-768x384.jpg 768w\" sizes=\"auto, (max-width: 800px) 100vw, 800px\" \/><\/p>\n<h2>Geallt\u00f3ireacht Haca BEO<\/h2>\n<p>B\u00edonn an-t\u00f3ir ar Haca geallt\u00f3ireachta beo freisin mar is deis iontach \u00e9 chun duaischiste m\u00f3r a fh\u00e1il agus eolas ar thoradh an chluiche cheana f\u00e9in. T\u00e1 s\u00e9 go leor chun t\u00fas a imirt agus f\u00e9achaint ar an craoladh, agus ansin ag am ar leith, cuir do geall. Is \u00e9 an rud is m\u00f3 n\u00e1 nerves cruach a bheith chomh m\u00f3r agus is f\u00e9idir mar is f\u00e9idir leis an staid ar an bp\u00e1irc a athr\u00fa gach c\u00fapla n\u00f3im\u00e9ad. T\u00e1 s\u00e9 chomh deacair agus is f\u00e9idir, ach ba ch\u00f3ir duit a fhoghlaim chun do mhoth\u00fach\u00e1in a rial\u00fa, agus ansin t\u00e1 gach seans agat a bhuachan.<\/p>\n<p style=\"text-align: center;\"><span style=\"font-weight: 400;\"><div class=\"go-btn-container\"><div class=\"tosh-btn\"><a href=\"\/go-casino\/\" target=\"_blank\" rel=\"noopener\">IMIR ANOIS<\/a><\/div><\/div> <\/span><\/p>\n<h2>CINE\u00c1LACHA GEALLTA<\/h2>\n<p>T\u00e1 an-t\u00f3ir ar gheallt\u00f3ireacht ar bhua toisc go gcaitheann leideanna geallt\u00f3ireachta beo Haca Oighir \u00e9. Braitheann formh\u00f3r na strait\u00e9is\u00ed ar an mbuaiteoir toisc go bhfuil s\u00e9 n\u00edos \u00e9asca an toradh deiridh a thuar. Is f\u00e9idir linn a mholadh go leanf\u00e1 treoirl\u00edne shimpl\u00ed:<\/p>\n<ol>\n<li>T\u00e9igh go dt\u00ed pr\u00edomhleathanach an l\u00e1ithre\u00e1in chearrbhachais ar l\u00edne agus roghnaigh cluiche oiri\u00fanach.<\/li>\n<li>Tar \u00e9is sin, d\u00e9an geall le haghaidh aon mh\u00e9id agus f\u00e9achaint ar an gcluiche.<\/li>\n<li>Roghnaigh roinnt tortha\u00ed agus d\u00e9an anail\u00eds ar na cinn a thugann n\u00edos m\u00f3 airgid.<\/li>\n<\/ol>\n<p>Ligeann an cur chuige seo duit go leor treoracha a th\u00e1st\u00e1il agus an ceann is fearr a roghn\u00fa. Seachas sin, beidh s\u00e9 n\u00edos deacra tortha\u00ed maithe a fh\u00e1il.<\/p>\n<h2>T\u00c9ARMA\u00cd Geallta Haca<\/h2>\n<p>Ar dt\u00fas, moltar staid\u00e9ar a dh\u00e9anamh ar thairiscint\u00ed geallt\u00f3ireachta saor in aisce Haca agus gn\u00e9ithe uile na geallt\u00f3ireachta nua-aimseartha. T\u00e1 rialacha agus rialach\u00e1in an cheasa\u00edneo riachtanach mar mura leanann t\u00fa iad, is f\u00e9idir bac a chur ort. Ba cheart duit na point\u00ed cont\u00fairte agus conas a imr\u00edtear na point\u00ed pion\u00f3is a fhoghlaim freisin.<\/p>\n<p>Cabhr\u00f3idh s\u00e9 seo go l\u00e9ir leat a chur in oiri\u00faint n\u00edos tap\u00fala do leideanna geallt\u00f3ireachta Haca agus tos\u00fa ag baint sult as na bunt\u00e1ist\u00ed uile a bhaineann le cearrbhachas. D\u00e9an iarracht do bhrab\u00fais a mh\u00e9ad\u00fa, agus beidh t\u00fa s\u00e1sta leis an toradh.<\/p>\n<p><img loading=\"lazy\" decoding=\"async\" class=\"aligncenter wp-image-4729\" src=\"https:\/\/rocketplay-new.com\/wp-content\/uploads\/2024\/02\/professional-hockey-player-skating-ice-isolated-white.jpg\" alt=\"Hockey betting 2\" width=\"800\" height=\"437\" srcset=\"https:\/\/rocketplay-new.com\/wp-content\/uploads\/2024\/02\/professional-hockey-player-skating-ice-isolated-white.jpg 1000w, https:\/\/rocketplay-new.com\/wp-content\/uploads\/2024\/02\/professional-hockey-player-skating-ice-isolated-white-300x164.jpg 300w, https:\/\/rocketplay-new.com\/wp-content\/uploads\/2024\/02\/professional-hockey-player-skating-ice-isolated-white-768x419.jpg 768w\" sizes=\"auto, (max-width: 800px) 100vw, 800px\" \/><\/p>\n<h2>CC<\/h2>\n<p>Is d\u00f3cha go rachaidh tosaitheoir\u00ed i ngleic go tapa le gn\u00e9ithe riachtanacha an chluiche. Mar sin t\u00e1 s\u00e9 molta chun t\u00fas a l\u00e9amh an t-eolas luachmhar \u00f3n\u00e1r saineolaithe. T\u00e1 na freagra\u00ed ar na ceisteanna is coitianta bailithe againn duit.<\/p>\n<h3>AN BHFUIL S\u00c9 D\u00daSHL\u00c1N A FHOGHLAIM CONAS Geall a dh\u00e9anamh ar Haca?<\/h3>\n<p>A bhu\u00ed le hoscailteacht geallt\u00f3ireachta Haca, is f\u00e9idir leat foghlaim conas buachan sa ch\u00e9ad seachtain s\u00fagartha. Is leor rud \u00e9igin nua a thriail agus spraoi a bheith agat ar an su\u00edomh oifigi\u00fail. Breathnaigh ar an rann\u00e1n b\u00f3nais agus prom\u00f3isin chun lua\u00edochta\u00ed breise a fh\u00e1il. Cabhr\u00f3idh s\u00e9 seo leat f\u00edor-airgead a thuilleamh n\u00edos tap\u00fala agus n\u00edos \u00e9ifeachta\u00ed.<\/p>\n<h3>CAD \u00c9 AN GEAD \u00cdOSTA AR HACA?<\/h3>\n<p>De ghn\u00e1th socra\u00edtear an teorainn ag brath ar an gcom\u00f3rtas agus ar do chothroma\u00edocht. Bain triail as geallchur dollar amh\u00e1in mar is \u00e9 sin an m\u00e9id geall clasaiceach do chom\u00f3rtas rialta. Mar sin f\u00e9in, uaireanta f\u00e9adfaidh an ceasa\u00edneo ligean duit an m\u00e9id a shocr\u00fa ag c\u00fapla cent. Mar sin f\u00e9in, t\u00e1 geallta beaga den s\u00f3rt sin cabhrach freisin toisc go gceada\u00edonn siad duit geallt\u00f3ireacht Haca ar l\u00edne a thuiscint \u00f3n taobh istigh gan m\u00f3r\u00e1n caipitil a chailleadh.<\/p>\n<h3>C\u00c9N CINE\u00c1L Geall IS BRAB\u00daSACH?<\/h3>\n<p>Is fearr roghanna geallt\u00f3ireachta \u00e9ags\u00fala a \u00fas\u00e1id le linn an chluiche. T\u00e1 cuid acu n\u00edos oiri\u00fana\u00ed do chluich\u00ed rialta, agus t\u00e1 cuid eile oiri\u00fanach le linn craolta\u00ed beo. D\u00e9an iarracht a fh\u00e1il amach conas dul i dtaith\u00ed ar chine\u00e1l ar leith de chluiche agus a dh\u00e9anamh ar na geallta is f\u00e9idir a thabhairt ar an brab\u00fas uasta i dtr\u00e9imhse ama r\u00e9as\u00fanta gearr. C\u00e9 gurb \u00e9 an rogha is fearr, dar len\u00e1r saineolaithe, geall a dh\u00e9anamh ar l\u00edon na gc\u00fail a sc\u00f3r\u00e1iltear sa chluiche.<\/p>\n","protected":false},"excerpt":{"rendered":"<p>Is \u00e9 an d\u00fashl\u00e1n is d\u00fashl\u00e1na\u00ed do thosaitheoir\u00ed na l\u00ednte ceart geallt\u00f3ireachta Haca a roghn\u00fa. D\u00e9an iarracht tr\u00e9ithe discipl\u00edn sp\u00f3irt a thuiscint agus an fhoirmle foirfe do rath a fh\u00e1il. D\u00edr\u00edonn \u00e1r bhforbhreathn\u00fa gairid ar strait\u00e9is\u00ed, tactics, agus bunt\u00e1ist\u00ed geallt\u00f3ireachta haca. Tosaigh ag tuilleamh n\u00edos m\u00f3 airgid \u00f3 geallt\u00f3ireachta anois. Gealltanas L\u00cdNE Haca haca I&#8230;<\/p>\n","protected":false},"author":1,"featured_media":0,"parent":3705,"menu_order":0,"comment_status":"closed","ping_status":"closed","template":"","meta":{"_acf_changed":false,"_kad_post_transparent":"default","_kad_post_title":"default","_kad_post_layout":"default","_kad_post_sidebar_id":"","_kad_post_content_style":"default","_kad_post_vertical_padding":"default","_kad_post_feature":"","_kad_post_feature_position":"","_kad_post_header":false,"_kad_post_footer":false,"footnotes":""},"class_list":["post-3759","page","type-page","status-publish","hentry"],"acf":[],"rttpg_featured_image_url":null,"rttpg_author":{"display_name":"John","author_link":"https:\/\/rocketplay-new.com\/ga\/author\/pemvas95n89x\/"},"rttpg_comment":0,"rttpg_category":null,"rttpg_excerpt":"Is \u00e9 an d\u00fashl\u00e1n is d\u00fashl\u00e1na\u00ed do thosaitheoir\u00ed na l\u00ednte ceart geallt\u00f3ireachta Haca a roghn\u00fa. D\u00e9an iarracht tr\u00e9ithe discipl\u00edn sp\u00f3irt a thuiscint agus an fhoirmle foirfe do rath a fh\u00e1il. D\u00edr\u00edonn \u00e1r bhforbhreathn\u00fa gairid ar strait\u00e9is\u00ed, tactics, agus bunt\u00e1ist\u00ed geallt\u00f3ireachta haca. Tosaigh ag tuilleamh n\u00edos m\u00f3 airgid \u00f3 geallt\u00f3ireachta anois. Gealltanas L\u00cdNE Haca haca I...","_links":{"self":[{"href":"https:\/\/rocketplay-new.com\/ga\/wp-json\/wp\/v2\/pages\/3759","targetHints":{"allow":["GET"]}}],"collection":[{"href":"https:\/\/rocketplay-new.com\/ga\/wp-json\/wp\/v2\/pages"}],"about":[{"href":"https:\/\/rocketplay-new.com\/ga\/wp-json\/wp\/v2\/types\/page"}],"author":[{"embeddable":true,"href":"https:\/\/rocketplay-new.com\/ga\/wp-json\/wp\/v2\/users\/1"}],"replies":[{"embeddable":true,"href":"https:\/\/rocketplay-new.com\/ga\/wp-json\/wp\/v2\/comments?post=3759"}],"version-history":[{"count":4,"href":"https:\/\/rocketplay-new.com\/ga\/wp-json\/wp\/v2\/pages\/3759\/revisions"}],"predecessor-version":[{"id":5694,"href":"https:\/\/rocketplay-new.com\/ga\/wp-json\/wp\/v2\/pages\/3759\/revisions\/5694"}],"up":[{"embeddable":true,"href":"https:\/\/rocketplay-new.com\/ga\/wp-json\/wp\/v2\/pages\/3705"}],"wp:attachment":[{"href":"https:\/\/rocketplay-new.com\/ga\/wp-json\/wp\/v2\/media?parent=3759"}],"curies":[{"name":"wp","href":"https:\/\/api.w.org\/{rel}","templated":true}]}}