{"id":3705,"date":"2023-01-13T15:58:26","date_gmt":"2023-01-13T12:58:26","guid":{"rendered":"https:\/\/rocketplay-new.com\/a-beginner-s-guide-to-sport-betting\/"},"modified":"2026-04-01T00:30:47","modified_gmt":"2026-03-31T21:30:47","slug":"sport","status":"publish","type":"page","link":"https:\/\/rocketplay-new.com\/ga\/sport\/","title":{"rendered":"Leabhar geallt\u00f3ireachta sp\u00f3irt do thosaitheoir\u00ed"},"content":{"rendered":"<p>Den chuid is m\u00f3, meallann geallt\u00f3ireacht sp\u00f3irt \u00fas\u00e1ideoir\u00ed ar fud an domhain chun c\u00fapla c\u00e9ad dollar a dh\u00e9anamh go tapa agus go spraoi. Go h\u00e1irithe d&#8217;\u00fas\u00e1ideoir\u00ed den s\u00f3rt sin, d&#8217;oscail go leor casinos an fh\u00e9idearthacht geallt\u00f3ireacht a dh\u00e9anamh ar imeachta\u00ed sp\u00f3irt agus cibearsp\u00f3irt. Faoi l\u00e1thair, cuirimid deis uath\u00fail ar f\u00e1il chun beag\u00e1n oili\u00fana a ghlacadh agus n\u00edos m\u00f3 uaireanta a thuilleamh as geallt\u00f3ireacht.<\/p>\n<h2>R\u00c9AMHR\u00c1 GAIRM AR AN CHOIN A BHFUIL Gealltanas ag obair<\/h2>\n<p>Is bealach \u00e9 geallt\u00f3ireacht chun toradh \u00e1irithe ar chluiche a thuar agus m\u00e9id \u00e1irithe airgid a fh\u00e1il d\u00f3. D\u00e1 l\u00fa intuartha an toradh, is amhlaidh is m\u00f3 is f\u00e9idir leat a thuilleamh ag aon am amh\u00e1in. Agus \u00e9 sin \u00e1 dh\u00e9anamh agat, t\u00e1 t\u00fa ag geallt\u00f3ireacht leis an su\u00edomh cearrbhachais, a bhfuil a thuairim curtha in i\u00fal ag teacht salach ar a ch\u00e9ile. D\u00e9an iarracht leas a bhaint as an eolas seo chun n\u00edos m\u00f3 airgid a dh\u00e9anamh.<\/p>\n<p>I bhformh\u00f3r na gc\u00e1sanna, moltar do thosaitheoir\u00ed aip geallt\u00f3ireachta sp\u00f3irt a \u00fas\u00e1id ar a bhf\u00f3in cliste. Is bealach \u00e1isi\u00fail soghluaiste \u00e9 airgead a fh\u00e1il, f\u00e9achaint ar chraolta\u00ed agus fi\u00fa airgead buaite a tharraingt siar ar do ch\u00e1rta. N\u00edl le d\u00e9anamh ach aip ar leith a \u00edosl\u00f3d\u00e1il \u00f3n bhfoireann forbartha n\u00f3 \u00fas\u00e1id a bhaint as an leagan soghluaiste, ar f\u00e9idir le gach duine \u00e9 a \u00fas\u00e1id.<\/p>\n<p><img loading=\"lazy\" decoding=\"async\" class=\"aligncenter wp-image-4759\" src=\"https:\/\/rocketplay-new.com\/wp-content\/uploads\/2024\/02\/top-view-sports-gambling-money.jpg\" alt=\"sport betting\" width=\"800\" height=\"534\" srcset=\"https:\/\/rocketplay-new.com\/wp-content\/uploads\/2024\/02\/top-view-sports-gambling-money.jpg 1000w, https:\/\/rocketplay-new.com\/wp-content\/uploads\/2024\/02\/top-view-sports-gambling-money-300x200.jpg 300w, https:\/\/rocketplay-new.com\/wp-content\/uploads\/2024\/02\/top-view-sports-gambling-money-768x512.jpg 768w\" sizes=\"auto, (max-width: 800px) 100vw, 800px\" \/><\/p>\n<p>Chun tionchar geallt\u00f3ireachta a fheice\u00e1il, is f\u00e9idir leis an odds a bheith go hioml\u00e1n difri\u00fail. Mar shampla, d\u2019fh\u00e9adfadh geallt\u00f3ireacht $1,000 in aghaidh 1.6 $600 breise a thuilleamh isteach i do phota. Fuaimeann s\u00e9 go maith agus n\u00edl s\u00e9 deacair mar cialla\u00edonn s\u00e9 ceannaireacht shoil\u00e9ir fhoireann amh\u00e1in. Rud eile n\u00e1 go mb\u2019fh\u00e9idir nach n-imeoidh an cluiche mar a bh\u00ed beartaithe. Is \u00e9 seo go beacht cad is g\u00e1 duit a thuar chun an smaoineamh ceart a fh\u00e1il ar an gcluiche.<\/p>\n<h2>TREOIR Geallta SP\u00d3IRT, GLOSSARY, TERMS<\/h2>\n<p>I bhformh\u00f3r na gc\u00e1sanna, is f\u00e9idir leis an geallt\u00f3ireacht sp\u00f3irt is fearr leas a bhaint as na h\u00fas\u00e1ideoir\u00ed sin a rinne an n\u00f3s imeachta cl\u00e1r\u00fach\u00e1in ar an l\u00e1ithre\u00e1n cearrbhachais. D\u00e9an iarracht cuntas pearsanta a chruth\u00fa:<\/p>\n<ol>\n<li>Cl\u00e1raigh ar an su\u00edomh, at\u00e1 liostaithe in\u00e1r n-athbhreithnithe. Ar an mbealach sin, n\u00ed bheidh t\u00fa ag titim le haghaidh chaimil\u00e9ir\u00ed agus is f\u00e9idir leat suim mh\u00f3r a bhuachan gan fadhbanna. Sonraigh ach f\u00edor-shonra\u00ed pearsanta ionas nach mbeidh aon fhadhbanna ann airgead a aistarraingt chuig do chuntas sa todhcha\u00ed.<\/li>\n<li>Ina dhiaidh sin, bain \u00fas\u00e1id as ceann de na c\u00f3rais \u00edoca\u00edochta at\u00e1 molta chun an t-airgead a thaisceadh agus a chur isteach i do chuntas. B\u00ed cinnte an c\u00f3ras at\u00e1 beartaithe agat a \u00fas\u00e1id le haghaidh aistarraingt. Sa ch\u00e1s seo, n\u00ed bheidh aon fadhbanna agat an t-airgead a chur isteach i do chuntas.<\/li>\n<li>Roghnaigh cluiche bunaithe ar do bhuis\u00e9ad, na com\u00f3rtais is fearr leat, an m\u00e9id faisn\u00e9ise le haghaidh anail\u00edse, agus go leor facht\u00f3ir\u00ed eile. Is fearr geall beag agus buachan n\u00e1 geall a chur ar fad agus an pota a chailleadh.<\/li>\n<\/ol>\n<p>B\u00ed cinnte do chuntas a fh\u00edor\u00fa. Cabhr\u00f3idh s\u00e9 seo leis an riarach\u00e1n a dhearbh\u00fa do cheart chun bheith ina n-\u00fain\u00e9ir ar chuntas, d\u2019aois mar thromlach, agus do chumas chun an cluiche a imirt. Beidh t\u00fa in ann a fh\u00e1il freisin m\u00e9ad\u00fa ar na teorainneacha geall uasta agus gan aghaidh a thabhairt ar fhadhbanna a tharraingt siar. Baineann an n\u00f3s imeachta le haistri\u00fa doicim\u00e9ad pearsanta, ach t\u00e1 na sonra\u00ed go l\u00e9ir criptithe agus n\u00ed nochtar do thr\u00ed\u00fa p\u00e1irtithe.<\/p>\n<p>I mbarr geallt\u00f3ireachta sp\u00f3irt, ba ch\u00f3ir duit a bheith ar an eolas freisin ar choincheapa mar odds, an c\u00fap\u00f3n, agus ioml\u00e1n. Mar shampla, is \u00e9 an t-ioml\u00e1n n\u00e1 l\u00edon na bpoint\u00ed a sc\u00f3r\u00e1iltear sa chluiche. Cialla\u00edonn breis agus 26.5 san ioml\u00e1n go mbeidh an bua agat m\u00e1 fhaigheann foireann 27 pointe. Ag an am c\u00e9anna, caillfidh t\u00fa 26 pointe n\u00f3 n\u00edos l\u00fa. N\u00edl s\u00e9 seo ar fad r\u00f3-chasta, mar sin beidh t\u00fa in ann a dh\u00e9anamh amach an Meicnic cluiche.<\/p>\n<p style=\"text-align: center;\"><span style=\"font-weight: 400;\">\u00a0<div class=\"go-btn-container\"><div class=\"tosh-btn\"><a href=\"\/go-casino\/\" target=\"_blank\" rel=\"noopener\">IMIR ANOIS<\/a><\/div><\/div><\/span><\/p>\n<h2>BUNSCILEANNA Geallt\u00f3ireacht<\/h2>\n<p>Nuair a chrutha\u00edonn t\u00fa tuartha geallt\u00f3ireachta sp\u00f3irt, caithfidh t\u00fa a thuiscint gur f\u00e9idir le c\u00e1il\u00edochta\u00ed \u00e1irithe de do chuid f\u00e9in cabhr\u00fa leat an bua a fh\u00e1il. Ina measc seo t\u00e1 meon anail\u00edseach, ina nd\u00e9anann t\u00fa anail\u00eds ar fhacht\u00f3ir\u00ed \u00e9ags\u00fala agus ina bpr\u00f3ise\u00e1lann t\u00fa m\u00e9id m\u00f3r faisn\u00e9ise. Is g\u00e1 a bheith aireach agus na hathruithe ar ph\u00e1irc na himeartha a lean\u00faint. D&#8217;fh\u00e9adfadh faisn\u00e9is \u00e9ags\u00fala a bheith san \u00e1ireamh ar an Idirl\u00edon mar ch\u00fais leis an geall a athr\u00fa roimh an gcluiche.<\/p>\n<p>Ach sa bhreis air seo, ba cheart go mbeadh leibh\u00e9al \u00e1irithe d\u00edchill agus foighne agat. Is \u00e9 an smacht an bonn chun brab\u00fas lean\u00fanach a fh\u00e1il agus brab\u00fas a fh\u00e1il ar do chuntas. M\u00e1 t\u00e1 strait\u00e9is ar leith roghnaithe agat, ba cheart duit \u00e9 a lean\u00faint go dt\u00ed an deireadh. Caithfidh t\u00fa caitheamh le do chluiche go freagrach agus an leas is fearr a bhaint as do chuid airgeadais. Bain triail as, agus beidh t\u00fa a bheith cinnte rath a fh\u00e1il.<\/p>\n<p><img loading=\"lazy\" decoding=\"async\" class=\"aligncenter wp-image-4768\" src=\"https:\/\/rocketplay-new.com\/wp-content\/uploads\/2024\/02\/young-hispanic-man-supporting-soccer-match-using-smartphone-sitting-by-christmas-decor-home.jpg\" alt=\"sport betting 2\" width=\"800\" height=\"534\" srcset=\"https:\/\/rocketplay-new.com\/wp-content\/uploads\/2024\/02\/young-hispanic-man-supporting-soccer-match-using-smartphone-sitting-by-christmas-decor-home.jpg 1000w, https:\/\/rocketplay-new.com\/wp-content\/uploads\/2024\/02\/young-hispanic-man-supporting-soccer-match-using-smartphone-sitting-by-christmas-decor-home-300x200.jpg 300w, https:\/\/rocketplay-new.com\/wp-content\/uploads\/2024\/02\/young-hispanic-man-supporting-soccer-match-using-smartphone-sitting-by-christmas-decor-home-768x512.jpg 768w\" sizes=\"auto, (max-width: 800px) 100vw, 800px\" \/><\/p>\n<h2>STRAIT\u00c9IS\u00cd Geallta SP\u00d3IRT<\/h2>\n<p>T\u00e1 roinnt leideanna geallt\u00f3ireachta sp\u00f3irt \u00f3 na saineolaithe, a r\u00e1tha\u00edtear cabhr\u00fa leat airgead a bhuachan agus a fh\u00e1il:<\/p>\n<ul>\n<li>roinn do bhuis\u00e9ad i go leor codanna ionas nach gcaillfidh t\u00fa do chuid airgid go l\u00e9ir ag an am c\u00e9anna;<\/li>\n<li>aird a thabhairt ar na b\u00f3nais \u00f3n gcuideachta chearrbhachais, ar f\u00e9idir leo ioncam suntasach a thabhairt duit agus t\u00fa a spreagadh;<\/li>\n<li>is fi\u00fa teagmh\u00e1il a dh\u00e9anamh le taca\u00edocht theicni\u00fail mura dtuigeann t\u00fa rud \u00e9igin. Is fearr fanacht le freagra \u00f3 speisialt\u00f3ir n\u00e1 cuntas bactha a bheith agat n\u00edos d\u00e9ana\u00ed.<\/li>\n<\/ul>\n<p>D\u00e9an iarracht do strait\u00e9is agus tactics a fhorbairt bunaithe ar thaith\u00ed agus anail\u00eds. Cabhr\u00f3idh s\u00e9 seo leat an smacht sp\u00f3irt a thuiscint go m\u00f3r agus n\u00edos m\u00f3 a thuilleamh ar\u00eds agus ar\u00eds eile. Just a d\u00e9an iarracht \u00e9, agus beidh t\u00fa s\u00e1sta le do chuid tortha\u00ed iontacha.<\/p>\n<p style=\"text-align: center;\"><span style=\"font-weight: 400;\">\u00a0<div class=\"go-btn-container\"><div class=\"tosh-btn\"><a href=\"\/go-casino\/\" target=\"_blank\" rel=\"noopener\">IMIR ANOIS<\/a><\/div><\/div><\/span><\/p>\n<h2>CC<\/h2>\n<p>Maidir len\u00e1r l\u00e9itheoir\u00ed, t\u00e1 liosta beag de cheisteanna coitianta \u00f3 thosaitheoir\u00ed curtha le ch\u00e9ile againn, nach bhfuil na freagra\u00ed orthu \u00e9asca a fh\u00e1il. L\u00e9igh an t-eolas cabhrach le do thoil agus bain leas as na deiseanna go l\u00e9ir chun suim mh\u00f3r a bhuachan.<\/p>\n<h3>CONAS AN STRAIT\u00c9IS IS FEARR DO GHEALLADH AR SP\u00d3IRT A ROGHN\u00da?<\/h3>\n<p>Ar dt\u00fas n\u00ed m\u00f3r duit su\u00edomh geallt\u00f3ireachta sp\u00f3irt oiri\u00fanach a fh\u00e1il a chomhl\u00edonfaidh gach caighde\u00e1n c\u00e1il\u00edochta nua-aimseartha. I measc \u00e1r n-athbhreithnithe, faightear casinos den s\u00f3rt sin an t-am ar fad, mar sin molaimid an chuid a l\u00e9amh go c\u00faramach le leideanna \u00f3 na saineolaithe. D\u00e9an iarracht teacht ar an gcothroma\u00edocht iontach idir an m\u00e9id geall amh\u00e1in agus an odds. Tabharfaidh s\u00e9 seo deis duit a chailleadh n\u00edos l\u00fa agus a thuilleamh n\u00edos m\u00f3.<\/p>\n<h3>CONAS IS F\u00c9IDIR LIOM Geall?<\/h3>\n<p>N\u00ed f\u00e9idir ach le h\u00fas\u00e1ideoir\u00ed f\u00e1sta at\u00e1 os cionn 18 mbliana d\u2019aois su\u00edomhanna cearrbhachais a \u00fas\u00e1id. F\u00e9adfaidh an tairseach iontr\u00e1la \u00edosta seo a bheith \u00e9ags\u00fail ag brath ar do th\u00edr n\u00f3 ar do st\u00e1t. Molaimid staid\u00e9ar a dh\u00e9anamh go mion ar staitistic\u00ed do do r\u00e9igi\u00fan agus na sonra\u00ed a fh\u00e1il ionas nach gcuirfear bac ar do chuntas go tobann amach anseo.<\/p>\n<h3>CAD IAD NA SCIL IS RIACHTANACH SA GHEALLT\u00da?<\/h3>\n<p>\u00c9il\u00edonn geallt\u00f3ireacht sp\u00f3irt na hAstr\u00e1ile go leor ama agus an cumas anail\u00eds a dh\u00e9anamh ar shonra\u00ed ollmh\u00f3ra. Tabharfaidh s\u00e9 seo deis duit toradh na gcluich\u00ed ar leith a thuar agus an buaiteoir a chinneadh roimh r\u00e9. Tapaigh an deis b\u00f3nais \u00e9ags\u00fala a \u00fas\u00e1id agus l\u00e9igh gach eolas cabhrach. Cabhr\u00f3idh s\u00e9 seo leat suim mh\u00f3r airgid a thuilleamh n\u00edos tap\u00fala.<\/p>\n","protected":false},"excerpt":{"rendered":"<p>Den chuid is m\u00f3, meallann geallt\u00f3ireacht sp\u00f3irt \u00fas\u00e1ideoir\u00ed ar fud an domhain chun c\u00fapla c\u00e9ad dollar a dh\u00e9anamh go tapa agus go spraoi. Go h\u00e1irithe d&#8217;\u00fas\u00e1ideoir\u00ed den s\u00f3rt sin, d&#8217;oscail go leor casinos an fh\u00e9idearthacht geallt\u00f3ireacht a dh\u00e9anamh ar imeachta\u00ed sp\u00f3irt agus cibearsp\u00f3irt. Faoi l\u00e1thair, cuirimid deis uath\u00fail ar f\u00e1il chun beag\u00e1n oili\u00fana a ghlacadh&#8230;<\/p>\n","protected":false},"author":1,"featured_media":0,"parent":0,"menu_order":0,"comment_status":"closed","ping_status":"closed","template":"single-no-sidebar.php","meta":{"_acf_changed":false,"_kad_post_transparent":"default","_kad_post_title":"default","_kad_post_layout":"default","_kad_post_sidebar_id":"","_kad_post_content_style":"default","_kad_post_vertical_padding":"default","_kad_post_feature":"","_kad_post_feature_position":"","_kad_post_header":false,"_kad_post_footer":false,"footnotes":""},"class_list":["post-3705","page","type-page","status-publish","hentry"],"acf":[],"rttpg_featured_image_url":null,"rttpg_author":{"display_name":"John","author_link":"https:\/\/rocketplay-new.com\/ga\/author\/pemvas95n89x\/"},"rttpg_comment":0,"rttpg_category":null,"rttpg_excerpt":"Den chuid is m\u00f3, meallann geallt\u00f3ireacht sp\u00f3irt \u00fas\u00e1ideoir\u00ed ar fud an domhain chun c\u00fapla c\u00e9ad dollar a dh\u00e9anamh go tapa agus go spraoi. Go h\u00e1irithe d&#8217;\u00fas\u00e1ideoir\u00ed den s\u00f3rt sin, d&#8217;oscail go leor casinos an fh\u00e9idearthacht geallt\u00f3ireacht a dh\u00e9anamh ar imeachta\u00ed sp\u00f3irt agus cibearsp\u00f3irt. Faoi l\u00e1thair, cuirimid deis uath\u00fail ar f\u00e1il chun beag\u00e1n oili\u00fana a ghlacadh...","_links":{"self":[{"href":"https:\/\/rocketplay-new.com\/ga\/wp-json\/wp\/v2\/pages\/3705","targetHints":{"allow":["GET"]}}],"collection":[{"href":"https:\/\/rocketplay-new.com\/ga\/wp-json\/wp\/v2\/pages"}],"about":[{"href":"https:\/\/rocketplay-new.com\/ga\/wp-json\/wp\/v2\/types\/page"}],"author":[{"embeddable":true,"href":"https:\/\/rocketplay-new.com\/ga\/wp-json\/wp\/v2\/users\/1"}],"replies":[{"embeddable":true,"href":"https:\/\/rocketplay-new.com\/ga\/wp-json\/wp\/v2\/comments?post=3705"}],"version-history":[{"count":4,"href":"https:\/\/rocketplay-new.com\/ga\/wp-json\/wp\/v2\/pages\/3705\/revisions"}],"predecessor-version":[{"id":5648,"href":"https:\/\/rocketplay-new.com\/ga\/wp-json\/wp\/v2\/pages\/3705\/revisions\/5648"}],"wp:attachment":[{"href":"https:\/\/rocketplay-new.com\/ga\/wp-json\/wp\/v2\/media?parent=3705"}],"curies":[{"name":"wp","href":"https:\/\/api.w.org\/{rel}","templated":true}]}}